{"id":367719,"date":"2026-03-20T13:56:12","date_gmt":"2026-03-20T12:56:12","guid":{"rendered":"https:\/\/freakuence.nl\/product\/marantz-hd-amp1\/"},"modified":"2026-04-10T15:49:45","modified_gmt":"2026-04-10T13:49:45","slug":"marantz-hd-amp1","status":"publish","type":"product","link":"https:\/\/dev.freakuence.nl\/de\/produkt\/marantz-hd-amp1\/","title":{"rendered":"Marantz HD-AMP1"},"content":{"rendered":"<div class=\"product-specifications-list\">\n<div class=\"specification-item row-header\"><span class=\"spec-content\"><strong>Beschreibung Freakuence!<\/strong><\/span><\/div>\n<div class=\"specification-item row-even\"><span class=\"spec-content\">Wundersch\u00f6n schlanker Verst\u00e4rker. Verf\u00fcgt \u00fcber eine sehr stabile Stromversorgung, die die Tiefen sehr gut von den Mitten und H\u00f6hen trennt. Er klingt ger\u00e4umig und offen und bietet sehr wenig Verzerrung.  <\/span><\/div>\n<div class=\"specification-item row-odd\"><span class=\"spec-content\">Ladenpreis: 1199.00<\/span><\/div>\n<div class=\"specification-item row-header\"><span class=\"spec-content\"><strong>Details<\/strong><\/span><\/div>\n<div class=\"specification-item row-even\"><span class=\"spec-content\">Machen Sie sich keine Sorgen! Wir bieten eine sehr gute 12-monatige Garantie auf gebrauchte Produkte. <\/span><\/div>\n<div class=\"specification-item row-header\"><span class=\"spec-content\"><strong>Allgemeine Beschreibung<\/strong><\/span><\/div>\n<div class=\"specification-item row-even\"><span class=\"spec-content\">Der Marantz HD-AMP1 ist ein kompakter Vollverst\u00e4rker, der m\u00fchelos digitale und analoge Quellen zusammenf\u00fchrt. Mit seinen fortschrittlichen Technologien liefert der Marantz HD-AMP1 ein detailliertes und dynamisches Klangbild und erweckt Musik mit sattem Sound und pr\u00e4ziser Wiedergabe zum Leben. <\/p>\n<p>Ausgestattet mit dem hochwertigen ESS SABRE DAC und den Marantz eigenen HDAM-SA2 Modulen bietet der Marantz HD-AMP1 eine transparente und nat\u00fcrliche Audiowiedergabe. Der Verst\u00e4rker unterst\u00fctzt mehrere hochaufl\u00f6sende Audioformate, darunter DSD und PCM, was zu einem breiten Stereobild und feinen Details in jedem Titel f\u00fchrt. <\/p>\n<p>Dank der Kombination aus der Current-Feedback-Technologie von Marantz und einer stabilen Stromversorgung liefert der Marantz HD-AMP1 genug Leistung, um mehrere Lautsprecher zu betreiben und dabei die Klangqualit\u00e4t zu erhalten. Der diskrete DAC-Post-Filter und die doppelte Masterclock tragen zu einer pr\u00e4zisen Signalverarbeitung bei, was zu einem beeindruckenden H\u00f6rerlebnis f\u00fchrt. <\/p>\n<p>Sind Sie neugierig auf die Leistung des Marantz HD-AMP1? Vereinbaren Sie einen H\u00f6rtermin, um sich selbst von der Klangqualit\u00e4t zu \u00fcberzeugen, ihn mit anderen Verst\u00e4rkern zu vergleichen oder die Inzahlungnahme zu besprechen. <\/span><\/div>\n<div class=\"specification-item row-header\"><span class=\"spec-content\"><strong>Hintergrundinformationen<\/strong><\/span><\/div>\n<div class=\"specification-item row-even\"><span class=\"spec-content\">Der Marantz HD-AMP1 ist ein kompakter Vollverst\u00e4rker, der Leistung und Finesse vereint. Er wurde von dem erfahrenen Marantz Sound Masters Team, zu dem auch Ken Ishiwata geh\u00f6rt, entwickelt und liefert einen satten, detailreichen Klang. Das Geh\u00e4use ist robust und stilvoll, mit einer Seitenwand aus Holz und einer Frontblende aus Aluminium. Im Inneren befinden sich hochwertige Komponenten, die auf audiophile Leistung abgestimmt sind, wie die Marantz HDAM-SA2-Module. Das Design legt Wert auf einen kurzen Signalweg f\u00fcr minimale Verzerrungen.    <\/span><\/div>\n<div class=\"specification-item row-header\"><span class=\"spec-content\"><strong>Geschichte der Marke<\/strong><\/span><\/div>\n<div class=\"specification-item row-even\"><span class=\"spec-content\">Marantz wurde 1953 von Saul Bernard Marantz in New York gegr\u00fcndet. Er entwickelte zun\u00e4chst die Audio Consolette, einen Vorverst\u00e4rker, der auf die variablen Aufnahmeeigenschaften von Vinylplatten abgestimmt war.  Dieser innovative Ansatz sorgte f\u00fcr einen schnellen Erfolg, woraufhin Marantz eine Fabrik in Woodside, Queens, er\u00f6ffnete.  <\/p>\n<p>In den folgenden Jahren brachte die Marke mehrere ikonische Modelle heraus, wie den Mono-Vorverst\u00e4rker Model 1 im Jahr 1954 und den Vorverst\u00e4rker Model 7 im Jahr 1958. Sp\u00e4ter, in den 1980er Jahren, wagte das Unternehmen den Schritt in die digitale Welt und brachte neben dem TT1000 Plattenspieler auch den CD-63 heraus, einen der ersten popul\u00e4ren CD-Player. <\/span><\/div>\n<\/div>\n","protected":false},"excerpt":{"rendered":"<p>Beschreibung Freakuence! Wundersch\u00f6n schlanker Verst\u00e4rker. Verf\u00fcgt \u00fcber eine sehr stabile Stromversorgung, die die Tiefen sehr gut von den Mitten und H\u00f6hen trennt. Er klingt ger\u00e4umig und offen und bietet sehr wenig Verzerrung. Ladenpreis: 1199.00 Details Machen Sie sich keine Sorgen! Wir bieten eine sehr gute 12-monatige Garantie auf gebrauchte Produkte. Allgemeine Beschreibung Der Marantz HD-AMP1 [&hellip;]<\/p>\n","protected":false},"featured_media":391786,"template":"","meta":{"_acf_changed":false,"inline_featured_image":false},"product_brand":[],"product_cat":[774,744,532],"product_tag":[534],"class_list":{"0":"post-367719","1":"product","2":"type-product","3":"status-publish","4":"has-post-thumbnail","6":"product_cat-klasse-a-a-b-stereo-verstarker","7":"product_cat-stereo-verstarker","8":"product_cat-verstarker","9":"product_tag-benutzt","10":"pa_kleur-schwarz","12":"first","13":"instock","14":"sold-individually","15":"purchasable","16":"product-type-simple"},"acf":{"website":true,"show_on_homepage":false,"brand_title":"Marantz","product_type":"HD-AMP1","color":"Schwarz","subcolor":"","reserved_status":"0"},"yoast_head":"<!-- This site is optimized with the Yoast SEO plugin v25.9 - https:\/\/yoast.com\/wordpress\/plugins\/seo\/ -->\n<title>Marantz HD-AMP1 | Freakuence!<\/title>\n<meta name=\"description\" content=\"Marantz HD-AMP1: kompakter Verst\u00e4rker mit 2x70W, hochwertigem DAC und Retro-Design. \u2713 Neue &amp; gebrauchte HiFi-Ger\u00e4te \u2713 Kundenbewertung: 4.9 von 5 \u2713 Inzahlungnahme \u2713 H\u00f6rprobe\" \/>\n<meta name=\"robots\" content=\"noindex, follow, max-snippet:-1, max-image-preview:large, max-video-preview:-1\" \/>\n<meta property=\"og:locale\" content=\"de_DE\" \/>\n<meta property=\"og:type\" content=\"article\" \/>\n<meta property=\"og:title\" content=\"Marantz HD-AMP1 | Freakuence!\" \/>\n<meta property=\"og:description\" content=\"Marantz HD-AMP1: kompakter Verst\u00e4rker mit 2x70W, hochwertigem DAC und Retro-Design. \u2713 Neue &amp; gebrauchte HiFi-Ger\u00e4te \u2713 Kundenbewertung: 4.9 von 5 \u2713 Inzahlungnahme \u2713 H\u00f6rprobe\" \/>\n<meta property=\"og:url\" content=\"https:\/\/dev.freakuence.nl\/de\/produkt\/marantz-hd-amp1\/\" \/>\n<meta property=\"og:site_name\" content=\"Freakuence!\" \/>\n<meta property=\"article:modified_time\" content=\"2026-04-10T13:49:45+00:00\" \/>\n<meta property=\"og:image\" content=\"https:\/\/dev.freakuence.nl\/wp-content\/uploads\/2026\/04\/17740008650871-19263-IMG3560.jpg\" \/>\n\t<meta property=\"og:image:width\" content=\"1800\" \/>\n\t<meta property=\"og:image:height\" content=\"1200\" \/>\n\t<meta property=\"og:image:type\" content=\"image\/jpeg\" \/>\n<meta name=\"twitter:card\" content=\"summary_large_image\" \/>\n<script type=\"application\/ld+json\" class=\"yoast-schema-graph\">{\"@context\":\"https:\/\/schema.org\",\"@graph\":[{\"@type\":\"WebPage\",\"@id\":\"https:\/\/dev.freakuence.nl\/de\/produkt\/marantz-hd-amp1\/\",\"url\":\"https:\/\/dev.freakuence.nl\/de\/produkt\/marantz-hd-amp1\/\",\"name\":\"Marantz HD-AMP1 | Freakuence!\",\"isPartOf\":{\"@id\":\"https:\/\/dev.freakuence.nl\/de\/#website\"},\"primaryImageOfPage\":{\"@id\":\"https:\/\/dev.freakuence.nl\/de\/produkt\/marantz-hd-amp1\/#primaryimage\"},\"image\":{\"@id\":\"https:\/\/dev.freakuence.nl\/de\/produkt\/marantz-hd-amp1\/#primaryimage\"},\"thumbnailUrl\":\"https:\/\/dev.freakuence.nl\/wp-content\/uploads\/2026\/04\/17740008650871-19263-IMG3560.jpg\",\"datePublished\":\"2026-03-20T12:56:12+00:00\",\"dateModified\":\"2026-04-10T13:49:45+00:00\",\"description\":\"Marantz HD-AMP1: kompakter Verst\u00e4rker mit 2x70W, hochwertigem DAC und Retro-Design. \u2713 Neue & gebrauchte HiFi-Ger\u00e4te \u2713 Kundenbewertung: 4.9 von 5 \u2713 Inzahlungnahme \u2713 H\u00f6rprobe\",\"breadcrumb\":{\"@id\":\"https:\/\/dev.freakuence.nl\/de\/produkt\/marantz-hd-amp1\/#breadcrumb\"},\"inLanguage\":\"de\",\"potentialAction\":[{\"@type\":\"ReadAction\",\"target\":[\"https:\/\/dev.freakuence.nl\/de\/produkt\/marantz-hd-amp1\/\"]}]},{\"@type\":\"ImageObject\",\"inLanguage\":\"de\",\"@id\":\"https:\/\/dev.freakuence.nl\/de\/produkt\/marantz-hd-amp1\/#primaryimage\",\"url\":\"https:\/\/dev.freakuence.nl\/wp-content\/uploads\/2026\/04\/17740008650871-19263-IMG3560.jpg\",\"contentUrl\":\"https:\/\/dev.freakuence.nl\/wp-content\/uploads\/2026\/04\/17740008650871-19263-IMG3560.jpg\",\"width\":1800,\"height\":1200},{\"@type\":\"BreadcrumbList\",\"@id\":\"https:\/\/dev.freakuence.nl\/de\/produkt\/marantz-hd-amp1\/#breadcrumb\",\"itemListElement\":[{\"@type\":\"ListItem\",\"position\":1,\"name\":\"Startseite\",\"item\":\"https:\/\/dev.freakuence.nl\/de\/\"},{\"@type\":\"ListItem\",\"position\":2,\"name\":\"Produkte\",\"item\":\"https:\/\/dev.freakuence.nl\/de\/produkte\/\"},{\"@type\":\"ListItem\",\"position\":3,\"name\":\"Marantz HD-AMP1\"}]},{\"@type\":\"WebSite\",\"@id\":\"https:\/\/dev.freakuence.nl\/de\/#website\",\"url\":\"https:\/\/dev.freakuence.nl\/de\/\",\"name\":\"Freakuence!\",\"description\":\"Freakuence!\",\"publisher\":{\"@id\":\"https:\/\/dev.freakuence.nl\/de\/#organization\"},\"alternateName\":\"Freakuence\",\"potentialAction\":[{\"@type\":\"SearchAction\",\"target\":{\"@type\":\"EntryPoint\",\"urlTemplate\":\"https:\/\/dev.freakuence.nl\/de\/?s={search_term_string}\"},\"query-input\":{\"@type\":\"PropertyValueSpecification\",\"valueRequired\":true,\"valueName\":\"search_term_string\"}}],\"inLanguage\":\"de\"},{\"@type\":\"Organization\",\"@id\":\"https:\/\/dev.freakuence.nl\/de\/#organization\",\"name\":\"Freakuence!\",\"url\":\"https:\/\/dev.freakuence.nl\/de\/\",\"logo\":{\"@type\":\"ImageObject\",\"inLanguage\":\"de\",\"@id\":\"https:\/\/dev.freakuence.nl\/de\/#\/schema\/logo\/image\/\",\"url\":\"https:\/\/dev.freakuence.nl\/wp-content\/uploads\/2022\/05\/Brown_3_RGB_Freakuence-1.png\",\"contentUrl\":\"https:\/\/dev.freakuence.nl\/wp-content\/uploads\/2022\/05\/Brown_3_RGB_Freakuence-1.png\",\"width\":2560,\"height\":684,\"caption\":\"Freakuence!\"},\"image\":{\"@id\":\"https:\/\/dev.freakuence.nl\/de\/#\/schema\/logo\/image\/\"},\"sameAs\":[\"https:\/\/www.instagram.com\/freakuence_notorious_audio\/\"]}]}<\/script>\n<!-- \/ Yoast SEO plugin. -->","yoast_head_json":{"title":"Marantz HD-AMP1 | Freakuence!","description":"Marantz HD-AMP1: kompakter Verst\u00e4rker mit 2x70W, hochwertigem DAC und Retro-Design. \u2713 Neue & gebrauchte HiFi-Ger\u00e4te \u2713 Kundenbewertung: 4.9 von 5 \u2713 Inzahlungnahme \u2713 H\u00f6rprobe","robots":{"index":"noindex","follow":"follow","max-snippet":"max-snippet:-1","max-image-preview":"max-image-preview:large","max-video-preview":"max-video-preview:-1"},"og_locale":"de_DE","og_type":"article","og_title":"Marantz HD-AMP1 | Freakuence!","og_description":"Marantz HD-AMP1: kompakter Verst\u00e4rker mit 2x70W, hochwertigem DAC und Retro-Design. \u2713 Neue & gebrauchte HiFi-Ger\u00e4te \u2713 Kundenbewertung: 4.9 von 5 \u2713 Inzahlungnahme \u2713 H\u00f6rprobe","og_url":"https:\/\/dev.freakuence.nl\/de\/produkt\/marantz-hd-amp1\/","og_site_name":"Freakuence!","article_modified_time":"2026-04-10T13:49:45+00:00","og_image":[{"width":1800,"height":1200,"url":"https:\/\/dev.freakuence.nl\/wp-content\/uploads\/2026\/04\/17740008650871-19263-IMG3560.jpg","type":"image\/jpeg"}],"twitter_card":"summary_large_image","schema":{"@context":"https:\/\/schema.org","@graph":[{"@type":"WebPage","@id":"https:\/\/dev.freakuence.nl\/de\/produkt\/marantz-hd-amp1\/","url":"https:\/\/dev.freakuence.nl\/de\/produkt\/marantz-hd-amp1\/","name":"Marantz HD-AMP1 | Freakuence!","isPartOf":{"@id":"https:\/\/dev.freakuence.nl\/de\/#website"},"primaryImageOfPage":{"@id":"https:\/\/dev.freakuence.nl\/de\/produkt\/marantz-hd-amp1\/#primaryimage"},"image":{"@id":"https:\/\/dev.freakuence.nl\/de\/produkt\/marantz-hd-amp1\/#primaryimage"},"thumbnailUrl":"https:\/\/dev.freakuence.nl\/wp-content\/uploads\/2026\/04\/17740008650871-19263-IMG3560.jpg","datePublished":"2026-03-20T12:56:12+00:00","dateModified":"2026-04-10T13:49:45+00:00","description":"Marantz HD-AMP1: kompakter Verst\u00e4rker mit 2x70W, hochwertigem DAC und Retro-Design. \u2713 Neue & gebrauchte HiFi-Ger\u00e4te \u2713 Kundenbewertung: 4.9 von 5 \u2713 Inzahlungnahme \u2713 H\u00f6rprobe","breadcrumb":{"@id":"https:\/\/dev.freakuence.nl\/de\/produkt\/marantz-hd-amp1\/#breadcrumb"},"inLanguage":"de","potentialAction":[{"@type":"ReadAction","target":["https:\/\/dev.freakuence.nl\/de\/produkt\/marantz-hd-amp1\/"]}]},{"@type":"ImageObject","inLanguage":"de","@id":"https:\/\/dev.freakuence.nl\/de\/produkt\/marantz-hd-amp1\/#primaryimage","url":"https:\/\/dev.freakuence.nl\/wp-content\/uploads\/2026\/04\/17740008650871-19263-IMG3560.jpg","contentUrl":"https:\/\/dev.freakuence.nl\/wp-content\/uploads\/2026\/04\/17740008650871-19263-IMG3560.jpg","width":1800,"height":1200},{"@type":"BreadcrumbList","@id":"https:\/\/dev.freakuence.nl\/de\/produkt\/marantz-hd-amp1\/#breadcrumb","itemListElement":[{"@type":"ListItem","position":1,"name":"Startseite","item":"https:\/\/dev.freakuence.nl\/de\/"},{"@type":"ListItem","position":2,"name":"Produkte","item":"https:\/\/dev.freakuence.nl\/de\/produkte\/"},{"@type":"ListItem","position":3,"name":"Marantz HD-AMP1"}]},{"@type":"WebSite","@id":"https:\/\/dev.freakuence.nl\/de\/#website","url":"https:\/\/dev.freakuence.nl\/de\/","name":"Freakuence!","description":"Freakuence!","publisher":{"@id":"https:\/\/dev.freakuence.nl\/de\/#organization"},"alternateName":"Freakuence","potentialAction":[{"@type":"SearchAction","target":{"@type":"EntryPoint","urlTemplate":"https:\/\/dev.freakuence.nl\/de\/?s={search_term_string}"},"query-input":{"@type":"PropertyValueSpecification","valueRequired":true,"valueName":"search_term_string"}}],"inLanguage":"de"},{"@type":"Organization","@id":"https:\/\/dev.freakuence.nl\/de\/#organization","name":"Freakuence!","url":"https:\/\/dev.freakuence.nl\/de\/","logo":{"@type":"ImageObject","inLanguage":"de","@id":"https:\/\/dev.freakuence.nl\/de\/#\/schema\/logo\/image\/","url":"https:\/\/dev.freakuence.nl\/wp-content\/uploads\/2022\/05\/Brown_3_RGB_Freakuence-1.png","contentUrl":"https:\/\/dev.freakuence.nl\/wp-content\/uploads\/2022\/05\/Brown_3_RGB_Freakuence-1.png","width":2560,"height":684,"caption":"Freakuence!"},"image":{"@id":"https:\/\/dev.freakuence.nl\/de\/#\/schema\/logo\/image\/"},"sameAs":["https:\/\/www.instagram.com\/freakuence_notorious_audio\/"]}]}},"_links":{"self":[{"href":"https:\/\/dev.freakuence.nl\/de\/wp-json\/wp\/v2\/product\/367719","targetHints":{"allow":["GET"]}}],"collection":[{"href":"https:\/\/dev.freakuence.nl\/de\/wp-json\/wp\/v2\/product"}],"about":[{"href":"https:\/\/dev.freakuence.nl\/de\/wp-json\/wp\/v2\/types\/product"}],"wp:featuredmedia":[{"embeddable":true,"href":"https:\/\/dev.freakuence.nl\/de\/wp-json\/wp\/v2\/media\/391786"}],"wp:attachment":[{"href":"https:\/\/dev.freakuence.nl\/de\/wp-json\/wp\/v2\/media?parent=367719"}],"wp:term":[{"taxonomy":"product_brand","embeddable":true,"href":"https:\/\/dev.freakuence.nl\/de\/wp-json\/wp\/v2\/product_brand?post=367719"},{"taxonomy":"product_cat","embeddable":true,"href":"https:\/\/dev.freakuence.nl\/de\/wp-json\/wp\/v2\/product_cat?post=367719"},{"taxonomy":"product_tag","embeddable":true,"href":"https:\/\/dev.freakuence.nl\/de\/wp-json\/wp\/v2\/product_tag?post=367719"}],"curies":[{"name":"wp","href":"https:\/\/api.w.org\/{rel}","templated":true}]}}