{"id":369853,"date":"2026-03-26T10:35:47","date_gmt":"2026-03-26T09:35:47","guid":{"rendered":"https:\/\/freakuence.nl\/product\/nat-einzel-hps-version-3\/"},"modified":"2026-04-10T15:51:00","modified_gmt":"2026-04-10T13:51:00","slug":"nat-einzel-hps-version-3","status":"publish","type":"product","link":"https:\/\/dev.freakuence.nl\/de\/produkt\/nat-einzel-hps-version-3\/","title":{"rendered":"NAT Einzel-HPS Version 3"},"content":{"rendered":"<div class=\"product-specifications-list\">\n<div class=\"specification-item row-header\"><span class=\"spec-content\"><strong>Beschreibung Freakuence!<\/strong><\/span><\/div>\n<div class=\"specification-item row-even\"><span class=\"spec-content\">Gro\u00dfartige R\u00f6hrenbox! Die NAT Single HPS Version 3 liefert Kraft und damit eine Wiedergabe, die straff und schnell ist. Keine schwammigen Details, alles ist akkurat und rauschfrei, der Mitteltonbereich ist wie ein Haus. Bei h\u00f6heren Lautst\u00e4rken bleibt die Kontrolle ohne Sch\u00e4rfe erhalten.   <\/span><\/div>\n<div class=\"specification-item row-odd\"><span class=\"spec-content\">Ladenpreis: 10500.00<\/span><\/div>\n<div class=\"specification-item row-header\"><span class=\"spec-content\"><strong>Details<\/strong><\/span><\/div>\n<div class=\"specification-item row-even\"><span class=\"spec-content\">Mehrwertsteuer-Produkt. Unternehmer, Menschen au\u00dferhalb der EU, nutzen den Vorteil. <\/span><\/div>\n<div class=\"specification-item row-header\"><span class=\"spec-content\"><strong>Allgemeine Beschreibung<\/strong><\/span><\/div>\n<div class=\"specification-item row-even\"><span class=\"spec-content\">Der NAT Single HPS Version 3 ist ein integrierter R\u00f6hrenverst\u00e4rker, der in einer Single-Ended-Konfiguration ohne globale R\u00fcckkopplung und in reiner Class-A-Technik arbeitet. Mit einer Ausgangsleistung von 50 Watt pro Kanal liefert dieser Verst\u00e4rker eine reichhaltige und detaillierte Klangwiedergabe, ideal f\u00fcr den Betrieb von Lautsprechern mit einer stabilen Impedanz zwischen 4 und 16 Ohm.   <\/p>\n<p>Die Treiberstufe verwendet eine E88CC-R\u00f6hre, die f\u00fcr ihre geringe Verzerrung bekannt ist und nach milit\u00e4rischen Standards hergestellt wird. Die Ausgangsstufe ist mit einer direkt beheizten Triodenr\u00f6hre (D.H.T.) GM70 ausgestattet, die bis zu 125 Watt Leistung liefern kann.  Dieses Design sorgt f\u00fcr eine dynamische und pr\u00e4zise Klangwiedergabe mit einem breiten Frequenzbereich.  <\/p>\n<p>Der NAT Single HPS Version 3 verf\u00fcgt \u00fcber einen handgewickelten Breitband-Ausgangstransformator, der speziell f\u00fcr NAT entwickelt wurde und zu einer hervorragenden Klangqualit\u00e4t beitr\u00e4gt. Au\u00dferdem verf\u00fcgt der Verst\u00e4rker \u00fcber ein externes Netzteil, das dazu beitr\u00e4gt, unerw\u00fcnschte elektromagnetische St\u00f6rungen und Vibrationen zu minimieren.   <\/p>\n<p>Sind Sie neugierig auf die Leistung des NAT Single HPS Version 3? Vereinbaren Sie einen H\u00f6rtermin in unserem H\u00f6rraum, um diesen integrierten R\u00f6hrenverst\u00e4rker selbst zu erleben. <\/span><\/div>\n<div class=\"specification-item row-header\"><span class=\"spec-content\"><strong>Geschichte der Marke<\/strong><\/span><\/div>\n<div class=\"specification-item row-even\"><span class=\"spec-content\">NAT ist ein recht junges Unternehmen aus Serbien (in Kragujevac, um genau zu sein, von Dejan Nikic) und geh\u00f6rt nach eigenen Angaben zu den innovativsten Herstellern der Welt im Bereich der R\u00f6hren- und Hybrid-High-End-Verst\u00e4rker. NAT entwickelt und fertigt Vorverst\u00e4rker, Vollverst\u00e4rker und Leistungsverst\u00e4rker auf R\u00f6hrenbasis mit Triodenkonfiguration, kurzem Signalweg und Nullr\u00fcckkopplung als Hauptmerkmale. <\/span><\/div>\n<\/div>\n","protected":false},"excerpt":{"rendered":"<p>Beschreibung Freakuence! Gro\u00dfartige R\u00f6hrenbox! Die NAT Single HPS Version 3 liefert Kraft und damit eine Wiedergabe, die straff und schnell ist. Keine schwammigen Details, alles ist akkurat und rauschfrei, der Mitteltonbereich ist wie ein Haus. Bei h\u00f6heren Lautst\u00e4rken bleibt die Kontrolle ohne Sch\u00e4rfe erhalten. Ladenpreis: 10500.00 Details Mehrwertsteuer-Produkt. Unternehmer, Menschen au\u00dferhalb der EU, nutzen den [&hellip;]<\/p>\n","protected":false},"featured_media":395120,"template":"","meta":{"_acf_changed":false,"inline_featured_image":false},"product_brand":[],"product_cat":[557,744,532],"product_tag":[534],"class_list":{"0":"post-369853","1":"product","2":"type-product","3":"status-publish","4":"has-post-thumbnail","6":"product_cat-rohrenverstarker","7":"product_cat-stereo-verstarker","8":"product_cat-verstarker","9":"product_tag-benutzt","10":"pa_kleur-schwarz","12":"first","13":"instock","14":"sold-individually","15":"taxable","16":"shipping-taxable","17":"purchasable","18":"product-type-simple"},"acf":{"website":true,"show_on_homepage":false,"brand_title":"NAT","product_type":"Single HPS Version 3","color":"Schwarz","subcolor":"","reserved_status":"0"},"yoast_head":"<!-- This site is optimized with the Yoast SEO plugin v25.9 - https:\/\/yoast.com\/wordpress\/plugins\/seo\/ -->\n<title>NAT Einzel-HPS Version 3 | Freakuence!<\/title>\n<meta name=\"description\" content=\"NAT Single HPS Version 3: 50W Class A R\u00f6hrenverst\u00e4rker mit reinem Klang und hochwertigen Komponenten. \u2713 Neue &amp; gebrauchte HiFi-Ger\u00e4te \u2713 Kundenbewertung: 4.9 von 5 \u2713 Inzahlungnahme \u2713 H\u00f6rprobe\" \/>\n<meta name=\"robots\" content=\"noindex, follow, max-snippet:-1, max-image-preview:large, max-video-preview:-1\" \/>\n<meta property=\"og:locale\" content=\"de_DE\" \/>\n<meta property=\"og:type\" content=\"article\" \/>\n<meta property=\"og:title\" content=\"NAT Einzel-HPS Version 3 | Freakuence!\" \/>\n<meta property=\"og:description\" content=\"NAT Single HPS Version 3: 50W Class A R\u00f6hrenverst\u00e4rker mit reinem Klang und hochwertigen Komponenten. \u2713 Neue &amp; gebrauchte HiFi-Ger\u00e4te \u2713 Kundenbewertung: 4.9 von 5 \u2713 Inzahlungnahme \u2713 H\u00f6rprobe\" \/>\n<meta property=\"og:url\" content=\"https:\/\/dev.freakuence.nl\/de\/produkt\/nat-einzel-hps-version-3\/\" \/>\n<meta property=\"og:site_name\" content=\"Freakuence!\" \/>\n<meta property=\"article:modified_time\" content=\"2026-04-10T13:51:00+00:00\" \/>\n<meta property=\"og:image\" content=\"https:\/\/dev.freakuence.nl\/wp-content\/uploads\/2026\/04\/17745256646056-19315-IMG3407.jpg\" \/>\n\t<meta property=\"og:image:width\" content=\"1800\" \/>\n\t<meta property=\"og:image:height\" content=\"1200\" \/>\n\t<meta property=\"og:image:type\" content=\"image\/jpeg\" \/>\n<meta name=\"twitter:card\" content=\"summary_large_image\" \/>\n<script type=\"application\/ld+json\" class=\"yoast-schema-graph\">{\"@context\":\"https:\/\/schema.org\",\"@graph\":[{\"@type\":\"WebPage\",\"@id\":\"https:\/\/dev.freakuence.nl\/de\/produkt\/nat-einzel-hps-version-3\/\",\"url\":\"https:\/\/dev.freakuence.nl\/de\/produkt\/nat-einzel-hps-version-3\/\",\"name\":\"NAT Einzel-HPS Version 3 | Freakuence!\",\"isPartOf\":{\"@id\":\"https:\/\/dev.freakuence.nl\/de\/#website\"},\"primaryImageOfPage\":{\"@id\":\"https:\/\/dev.freakuence.nl\/de\/produkt\/nat-einzel-hps-version-3\/#primaryimage\"},\"image\":{\"@id\":\"https:\/\/dev.freakuence.nl\/de\/produkt\/nat-einzel-hps-version-3\/#primaryimage\"},\"thumbnailUrl\":\"https:\/\/dev.freakuence.nl\/wp-content\/uploads\/2026\/04\/17745256646056-19315-IMG3407.jpg\",\"datePublished\":\"2026-03-26T09:35:47+00:00\",\"dateModified\":\"2026-04-10T13:51:00+00:00\",\"description\":\"NAT Single HPS Version 3: 50W Class A R\u00f6hrenverst\u00e4rker mit reinem Klang und hochwertigen Komponenten. \u2713 Neue & gebrauchte HiFi-Ger\u00e4te \u2713 Kundenbewertung: 4.9 von 5 \u2713 Inzahlungnahme \u2713 H\u00f6rprobe\",\"breadcrumb\":{\"@id\":\"https:\/\/dev.freakuence.nl\/de\/produkt\/nat-einzel-hps-version-3\/#breadcrumb\"},\"inLanguage\":\"de\",\"potentialAction\":[{\"@type\":\"ReadAction\",\"target\":[\"https:\/\/dev.freakuence.nl\/de\/produkt\/nat-einzel-hps-version-3\/\"]}]},{\"@type\":\"ImageObject\",\"inLanguage\":\"de\",\"@id\":\"https:\/\/dev.freakuence.nl\/de\/produkt\/nat-einzel-hps-version-3\/#primaryimage\",\"url\":\"https:\/\/dev.freakuence.nl\/wp-content\/uploads\/2026\/04\/17745256646056-19315-IMG3407.jpg\",\"contentUrl\":\"https:\/\/dev.freakuence.nl\/wp-content\/uploads\/2026\/04\/17745256646056-19315-IMG3407.jpg\",\"width\":1800,\"height\":1200},{\"@type\":\"BreadcrumbList\",\"@id\":\"https:\/\/dev.freakuence.nl\/de\/produkt\/nat-einzel-hps-version-3\/#breadcrumb\",\"itemListElement\":[{\"@type\":\"ListItem\",\"position\":1,\"name\":\"Startseite\",\"item\":\"https:\/\/dev.freakuence.nl\/de\/\"},{\"@type\":\"ListItem\",\"position\":2,\"name\":\"Produkte\",\"item\":\"https:\/\/dev.freakuence.nl\/de\/produkte\/\"},{\"@type\":\"ListItem\",\"position\":3,\"name\":\"NAT Single HPS Version 3\"}]},{\"@type\":\"WebSite\",\"@id\":\"https:\/\/dev.freakuence.nl\/de\/#website\",\"url\":\"https:\/\/dev.freakuence.nl\/de\/\",\"name\":\"Freakuence!\",\"description\":\"Freakuence!\",\"publisher\":{\"@id\":\"https:\/\/dev.freakuence.nl\/de\/#organization\"},\"alternateName\":\"Freakuence\",\"potentialAction\":[{\"@type\":\"SearchAction\",\"target\":{\"@type\":\"EntryPoint\",\"urlTemplate\":\"https:\/\/dev.freakuence.nl\/de\/?s={search_term_string}\"},\"query-input\":{\"@type\":\"PropertyValueSpecification\",\"valueRequired\":true,\"valueName\":\"search_term_string\"}}],\"inLanguage\":\"de\"},{\"@type\":\"Organization\",\"@id\":\"https:\/\/dev.freakuence.nl\/de\/#organization\",\"name\":\"Freakuence!\",\"url\":\"https:\/\/dev.freakuence.nl\/de\/\",\"logo\":{\"@type\":\"ImageObject\",\"inLanguage\":\"de\",\"@id\":\"https:\/\/dev.freakuence.nl\/de\/#\/schema\/logo\/image\/\",\"url\":\"https:\/\/dev.freakuence.nl\/wp-content\/uploads\/2022\/05\/Brown_3_RGB_Freakuence-1.png\",\"contentUrl\":\"https:\/\/dev.freakuence.nl\/wp-content\/uploads\/2022\/05\/Brown_3_RGB_Freakuence-1.png\",\"width\":2560,\"height\":684,\"caption\":\"Freakuence!\"},\"image\":{\"@id\":\"https:\/\/dev.freakuence.nl\/de\/#\/schema\/logo\/image\/\"},\"sameAs\":[\"https:\/\/www.instagram.com\/freakuence_notorious_audio\/\"]}]}<\/script>\n<!-- \/ Yoast SEO plugin. -->","yoast_head_json":{"title":"NAT Einzel-HPS Version 3 | Freakuence!","description":"NAT Single HPS Version 3: 50W Class A R\u00f6hrenverst\u00e4rker mit reinem Klang und hochwertigen Komponenten. \u2713 Neue & gebrauchte HiFi-Ger\u00e4te \u2713 Kundenbewertung: 4.9 von 5 \u2713 Inzahlungnahme \u2713 H\u00f6rprobe","robots":{"index":"noindex","follow":"follow","max-snippet":"max-snippet:-1","max-image-preview":"max-image-preview:large","max-video-preview":"max-video-preview:-1"},"og_locale":"de_DE","og_type":"article","og_title":"NAT Einzel-HPS Version 3 | Freakuence!","og_description":"NAT Single HPS Version 3: 50W Class A R\u00f6hrenverst\u00e4rker mit reinem Klang und hochwertigen Komponenten. \u2713 Neue & gebrauchte HiFi-Ger\u00e4te \u2713 Kundenbewertung: 4.9 von 5 \u2713 Inzahlungnahme \u2713 H\u00f6rprobe","og_url":"https:\/\/dev.freakuence.nl\/de\/produkt\/nat-einzel-hps-version-3\/","og_site_name":"Freakuence!","article_modified_time":"2026-04-10T13:51:00+00:00","og_image":[{"width":1800,"height":1200,"url":"https:\/\/dev.freakuence.nl\/wp-content\/uploads\/2026\/04\/17745256646056-19315-IMG3407.jpg","type":"image\/jpeg"}],"twitter_card":"summary_large_image","schema":{"@context":"https:\/\/schema.org","@graph":[{"@type":"WebPage","@id":"https:\/\/dev.freakuence.nl\/de\/produkt\/nat-einzel-hps-version-3\/","url":"https:\/\/dev.freakuence.nl\/de\/produkt\/nat-einzel-hps-version-3\/","name":"NAT Einzel-HPS Version 3 | Freakuence!","isPartOf":{"@id":"https:\/\/dev.freakuence.nl\/de\/#website"},"primaryImageOfPage":{"@id":"https:\/\/dev.freakuence.nl\/de\/produkt\/nat-einzel-hps-version-3\/#primaryimage"},"image":{"@id":"https:\/\/dev.freakuence.nl\/de\/produkt\/nat-einzel-hps-version-3\/#primaryimage"},"thumbnailUrl":"https:\/\/dev.freakuence.nl\/wp-content\/uploads\/2026\/04\/17745256646056-19315-IMG3407.jpg","datePublished":"2026-03-26T09:35:47+00:00","dateModified":"2026-04-10T13:51:00+00:00","description":"NAT Single HPS Version 3: 50W Class A R\u00f6hrenverst\u00e4rker mit reinem Klang und hochwertigen Komponenten. \u2713 Neue & gebrauchte HiFi-Ger\u00e4te \u2713 Kundenbewertung: 4.9 von 5 \u2713 Inzahlungnahme \u2713 H\u00f6rprobe","breadcrumb":{"@id":"https:\/\/dev.freakuence.nl\/de\/produkt\/nat-einzel-hps-version-3\/#breadcrumb"},"inLanguage":"de","potentialAction":[{"@type":"ReadAction","target":["https:\/\/dev.freakuence.nl\/de\/produkt\/nat-einzel-hps-version-3\/"]}]},{"@type":"ImageObject","inLanguage":"de","@id":"https:\/\/dev.freakuence.nl\/de\/produkt\/nat-einzel-hps-version-3\/#primaryimage","url":"https:\/\/dev.freakuence.nl\/wp-content\/uploads\/2026\/04\/17745256646056-19315-IMG3407.jpg","contentUrl":"https:\/\/dev.freakuence.nl\/wp-content\/uploads\/2026\/04\/17745256646056-19315-IMG3407.jpg","width":1800,"height":1200},{"@type":"BreadcrumbList","@id":"https:\/\/dev.freakuence.nl\/de\/produkt\/nat-einzel-hps-version-3\/#breadcrumb","itemListElement":[{"@type":"ListItem","position":1,"name":"Startseite","item":"https:\/\/dev.freakuence.nl\/de\/"},{"@type":"ListItem","position":2,"name":"Produkte","item":"https:\/\/dev.freakuence.nl\/de\/produkte\/"},{"@type":"ListItem","position":3,"name":"NAT Single HPS Version 3"}]},{"@type":"WebSite","@id":"https:\/\/dev.freakuence.nl\/de\/#website","url":"https:\/\/dev.freakuence.nl\/de\/","name":"Freakuence!","description":"Freakuence!","publisher":{"@id":"https:\/\/dev.freakuence.nl\/de\/#organization"},"alternateName":"Freakuence","potentialAction":[{"@type":"SearchAction","target":{"@type":"EntryPoint","urlTemplate":"https:\/\/dev.freakuence.nl\/de\/?s={search_term_string}"},"query-input":{"@type":"PropertyValueSpecification","valueRequired":true,"valueName":"search_term_string"}}],"inLanguage":"de"},{"@type":"Organization","@id":"https:\/\/dev.freakuence.nl\/de\/#organization","name":"Freakuence!","url":"https:\/\/dev.freakuence.nl\/de\/","logo":{"@type":"ImageObject","inLanguage":"de","@id":"https:\/\/dev.freakuence.nl\/de\/#\/schema\/logo\/image\/","url":"https:\/\/dev.freakuence.nl\/wp-content\/uploads\/2022\/05\/Brown_3_RGB_Freakuence-1.png","contentUrl":"https:\/\/dev.freakuence.nl\/wp-content\/uploads\/2022\/05\/Brown_3_RGB_Freakuence-1.png","width":2560,"height":684,"caption":"Freakuence!"},"image":{"@id":"https:\/\/dev.freakuence.nl\/de\/#\/schema\/logo\/image\/"},"sameAs":["https:\/\/www.instagram.com\/freakuence_notorious_audio\/"]}]}},"_links":{"self":[{"href":"https:\/\/dev.freakuence.nl\/de\/wp-json\/wp\/v2\/product\/369853","targetHints":{"allow":["GET"]}}],"collection":[{"href":"https:\/\/dev.freakuence.nl\/de\/wp-json\/wp\/v2\/product"}],"about":[{"href":"https:\/\/dev.freakuence.nl\/de\/wp-json\/wp\/v2\/types\/product"}],"wp:featuredmedia":[{"embeddable":true,"href":"https:\/\/dev.freakuence.nl\/de\/wp-json\/wp\/v2\/media\/395120"}],"wp:attachment":[{"href":"https:\/\/dev.freakuence.nl\/de\/wp-json\/wp\/v2\/media?parent=369853"}],"wp:term":[{"taxonomy":"product_brand","embeddable":true,"href":"https:\/\/dev.freakuence.nl\/de\/wp-json\/wp\/v2\/product_brand?post=369853"},{"taxonomy":"product_cat","embeddable":true,"href":"https:\/\/dev.freakuence.nl\/de\/wp-json\/wp\/v2\/product_cat?post=369853"},{"taxonomy":"product_tag","embeddable":true,"href":"https:\/\/dev.freakuence.nl\/de\/wp-json\/wp\/v2\/product_tag?post=369853"}],"curies":[{"name":"wp","href":"https:\/\/api.w.org\/{rel}","templated":true}]}}