{"id":369946,"date":"2026-03-26T11:11:46","date_gmt":"2026-03-26T10:11:46","guid":{"rendered":"https:\/\/freakuence.nl\/product\/townshend-seismische-isolierung\/"},"modified":"2026-04-10T15:49:29","modified_gmt":"2026-04-10T13:49:29","slug":"townshend-seismische-isolierung","status":"publish","type":"product","link":"https:\/\/dev.freakuence.nl\/de\/produkt\/townshend-seismische-isolierung\/","title":{"rendered":"Townshend Seismische Isolierung"},"content":{"rendered":"<div class=\"product-specifications-list\">\n<div class=\"specification-item row-header\"><span class=\"spec-content\"><strong>Beschreibung Freakuence!<\/strong><\/span><\/div>\n<div class=\"specification-item row-even\"><span class=\"spec-content\">Teuer, aber Spitzenware!<\/span><\/div>\n<div class=\"specification-item row-header\"><span class=\"spec-content\"><strong>Allgemeine Beschreibung<\/strong><\/span><\/div>\n<div class=\"specification-item row-even\"><span class=\"spec-content\">Townshend Seismic Isolation ist ein fortschrittliches System, das Audioger\u00e4te effektiv von unerw\u00fcnschten Vibrationen isoliert. Mithilfe von Seismic Load Cells\u2122 werden Komponenten wie CD-Player, Plattenspieler, DACs und Verst\u00e4rker sowohl von strukturellen als auch von luftgetragenen Vibrationen entkoppelt. Das Ergebnis ist ein klareres Klangbild, ein verbesserter Ton und eine genauere Wiedergabe von Details.  <\/p>\n<p>Das Townshend Seismic Isolation System verbessert die Dynamik und das Stereobild Ihres Audiosystems. Durch die Unterbrechung der akustischen Kopplung zwischen den Ger\u00e4ten und der Oberfl\u00e4che werden Verzerrungen und Resonanzen minimiert. Dies f\u00fchrt zu einer strafferen Basswiedergabe und einem ger\u00e4umigeren Klangbild, wodurch die Musik nat\u00fcrlicher und intensiver klingt.  <\/p>\n<p>M\u00f6chten Sie selbst erleben, wie Townshend Seismic Isolation Ihr H\u00f6rerlebnis ver\u00e4ndern kann? Vereinbaren Sie einen Termin f\u00fcr eine H\u00f6rsitzung in unserem H\u00f6rraum oder kontaktieren Sie uns, um die M\u00f6glichkeiten zu besprechen. <\/span><\/div>\n<div class=\"specification-item row-header\"><span class=\"spec-content\"><strong>Hintergrundinformationen<\/strong><\/span><\/div>\n<div class=\"specification-item row-even\"><span class=\"spec-content\">Die Townshend Seismic Isolation Produkte wurden mit dem Ziel entwickelt, st\u00f6rende Vibrationen effektiv zu isolieren, was zu einer reineren Klangwiedergabe f\u00fchrt. Sie wurden von dem Ingenieur Max Townshend entwickelt und verwenden fortschrittliche Materialien wie spezielle Polymere. Die Entkopplungsplattformen und -f\u00fc\u00dfe reduzieren die mechanische Energie\u00fcbertragung zwischen Audiokomponenten und Oberfl\u00e4chen. Townshend Audio setzt hohe Standards f\u00fcr seine Produktionsmethoden und Materialien und arbeitet eng mit spezialisierten Lieferanten zusammen, um eine gleichbleibende Qualit\u00e4t zu gew\u00e4hrleisten. Das Geh\u00e4use ist diskret und robust, wobei sowohl auf \u00c4sthetik als auch auf Funktionalit\u00e4t geachtet wurde.    <\/span><\/div>\n<div class=\"specification-item row-header\"><span class=\"spec-content\"><strong>Geschichte der Marke<\/strong><\/span><\/div>\n<div class=\"specification-item row-even\"><span class=\"spec-content\">Townshend wurde von Max Townshend in Gro\u00dfbritannien gegr\u00fcndet. Die Marke brachte 1975 ihr erstes Produkt auf den Markt: den EEQ, einen Equalizer, mit dem akustische Probleme in R\u00e4umen ausgeglichen werden konnten. In den folgenden Jahren entwickelte das Unternehmen mehrere Produkte mit dem Schwerpunkt auf Signal\u00fcbertragung und Vibrationskontrolle. 1983 stellte Townshend den Plattenspieler Rock mit dem Excalibur-Tonarmdesign vor, gefolgt von verbesserten Versionen wie dem Rock 2 bis hin zum Rock 7. In den fr\u00fchen 2000er Jahren f\u00fchrte die Marke das Seismic Isolation System zur mechanischen Entkopplung von Ger\u00e4ten ein. Au\u00dferdem wurden passive Supertweeter eingef\u00fchrt, um den Frequenzbereich der Lautsprecher zu erweitern. Hinzu kamen Verbindungs- und Lautsprecherkabel mit patentierten Technologien wie Isolda und Fractal. Im Jahr 2015 wurde das Lautst\u00e4rkeregelungssystem Allegri eingef\u00fchrt, das auf einem passiven Transformator basiert. Seit ihrer Gr\u00fcndung ist die Marke weiterhin aktiv in der Entwicklung von Produkten, die sich auf Signal\u00fcbertragung und Vibrationsd\u00e4mpfung konzentrieren.        <\/span><\/div>\n<\/div>\n","protected":false},"excerpt":{"rendered":"<p>Beschreibung Freakuence! Teuer, aber Spitzenware! Allgemeine Beschreibung Townshend Seismic Isolation ist ein fortschrittliches System, das Audioger\u00e4te effektiv von unerw\u00fcnschten Vibrationen isoliert. Mithilfe von Seismic Load Cells\u2122 werden Komponenten wie CD-Player, Plattenspieler, DACs und Verst\u00e4rker sowohl von strukturellen als auch von luftgetragenen Vibrationen entkoppelt. Das Ergebnis ist ein klareres Klangbild, ein verbesserter Ton und eine genauere [&hellip;]<\/p>\n","protected":false},"featured_media":391812,"template":"","meta":{"_acf_changed":false,"inline_featured_image":false},"product_brand":[],"product_cat":[567],"product_tag":[534],"class_list":{"0":"post-369946","1":"product","2":"type-product","3":"status-publish","4":"has-post-thumbnail","6":"product_cat-zubehor","7":"product_tag-benutzt","8":"pa_kleur-schwarz","10":"first","11":"instock","12":"sold-individually","13":"purchasable","14":"product-type-simple"},"acf":{"website":true,"show_on_homepage":false,"brand_title":"Townshend","product_type":"Seismic Isolation","color":"Schwarz","subcolor":"","reserved_status":"0"},"yoast_head":"<!-- This site is optimized with the Yoast SEO plugin v25.9 - https:\/\/yoast.com\/wordpress\/plugins\/seo\/ -->\n<title>Townshend Seismische Isolierung | Freakuence!<\/title>\n<meta name=\"description\" content=\"Verbessern Sie Ihren Klang mit Townshend Seismic Isolation: klarere, tiefere B\u00e4sse und ein breiteres Stereobild. \u2713 Neue &amp; gebrauchte HiFi-Ger\u00e4te \u2713 Kundenbewertung: 4.9 von 5 \u2713 Inzahlungnahme \u2713 H\u00f6rprobe\" \/>\n<meta name=\"robots\" content=\"noindex, follow, max-snippet:-1, max-image-preview:large, max-video-preview:-1\" \/>\n<meta property=\"og:locale\" content=\"de_DE\" \/>\n<meta property=\"og:type\" content=\"article\" \/>\n<meta property=\"og:title\" content=\"Townshend Seismische Isolierung | Freakuence!\" \/>\n<meta property=\"og:description\" content=\"Verbessern Sie Ihren Klang mit Townshend Seismic Isolation: klarere, tiefere B\u00e4sse und ein breiteres Stereobild. \u2713 Neue &amp; gebrauchte HiFi-Ger\u00e4te \u2713 Kundenbewertung: 4.9 von 5 \u2713 Inzahlungnahme \u2713 H\u00f6rprobe\" \/>\n<meta property=\"og:url\" content=\"https:\/\/dev.freakuence.nl\/de\/produkt\/townshend-seismische-isolierung\/\" \/>\n<meta property=\"og:site_name\" content=\"Freakuence!\" \/>\n<meta property=\"article:modified_time\" content=\"2026-04-10T13:49:29+00:00\" \/>\n<meta property=\"og:image\" content=\"https:\/\/dev.freakuence.nl\/wp-content\/uploads\/2026\/04\/17740996073694-19272-IMG3785.jpg\" \/>\n\t<meta property=\"og:image:width\" content=\"1800\" \/>\n\t<meta property=\"og:image:height\" content=\"1200\" \/>\n\t<meta property=\"og:image:type\" content=\"image\/jpeg\" \/>\n<meta name=\"twitter:card\" content=\"summary_large_image\" \/>\n<script type=\"application\/ld+json\" class=\"yoast-schema-graph\">{\"@context\":\"https:\/\/schema.org\",\"@graph\":[{\"@type\":\"WebPage\",\"@id\":\"https:\/\/dev.freakuence.nl\/de\/produkt\/townshend-seismische-isolierung\/\",\"url\":\"https:\/\/dev.freakuence.nl\/de\/produkt\/townshend-seismische-isolierung\/\",\"name\":\"Townshend Seismische Isolierung | Freakuence!\",\"isPartOf\":{\"@id\":\"https:\/\/dev.freakuence.nl\/de\/#website\"},\"primaryImageOfPage\":{\"@id\":\"https:\/\/dev.freakuence.nl\/de\/produkt\/townshend-seismische-isolierung\/#primaryimage\"},\"image\":{\"@id\":\"https:\/\/dev.freakuence.nl\/de\/produkt\/townshend-seismische-isolierung\/#primaryimage\"},\"thumbnailUrl\":\"https:\/\/dev.freakuence.nl\/wp-content\/uploads\/2026\/04\/17740996073694-19272-IMG3785.jpg\",\"datePublished\":\"2026-03-26T10:11:46+00:00\",\"dateModified\":\"2026-04-10T13:49:29+00:00\",\"description\":\"Verbessern Sie Ihren Klang mit Townshend Seismic Isolation: klarere, tiefere B\u00e4sse und ein breiteres Stereobild. \u2713 Neue & gebrauchte HiFi-Ger\u00e4te \u2713 Kundenbewertung: 4.9 von 5 \u2713 Inzahlungnahme \u2713 H\u00f6rprobe\",\"breadcrumb\":{\"@id\":\"https:\/\/dev.freakuence.nl\/de\/produkt\/townshend-seismische-isolierung\/#breadcrumb\"},\"inLanguage\":\"de\",\"potentialAction\":[{\"@type\":\"ReadAction\",\"target\":[\"https:\/\/dev.freakuence.nl\/de\/produkt\/townshend-seismische-isolierung\/\"]}]},{\"@type\":\"ImageObject\",\"inLanguage\":\"de\",\"@id\":\"https:\/\/dev.freakuence.nl\/de\/produkt\/townshend-seismische-isolierung\/#primaryimage\",\"url\":\"https:\/\/dev.freakuence.nl\/wp-content\/uploads\/2026\/04\/17740996073694-19272-IMG3785.jpg\",\"contentUrl\":\"https:\/\/dev.freakuence.nl\/wp-content\/uploads\/2026\/04\/17740996073694-19272-IMG3785.jpg\",\"width\":1800,\"height\":1200},{\"@type\":\"BreadcrumbList\",\"@id\":\"https:\/\/dev.freakuence.nl\/de\/produkt\/townshend-seismische-isolierung\/#breadcrumb\",\"itemListElement\":[{\"@type\":\"ListItem\",\"position\":1,\"name\":\"Startseite\",\"item\":\"https:\/\/dev.freakuence.nl\/de\/\"},{\"@type\":\"ListItem\",\"position\":2,\"name\":\"Produkte\",\"item\":\"https:\/\/dev.freakuence.nl\/de\/produkte\/\"},{\"@type\":\"ListItem\",\"position\":3,\"name\":\"Townshend Seismic Isolation\"}]},{\"@type\":\"WebSite\",\"@id\":\"https:\/\/dev.freakuence.nl\/de\/#website\",\"url\":\"https:\/\/dev.freakuence.nl\/de\/\",\"name\":\"Freakuence!\",\"description\":\"Freakuence!\",\"publisher\":{\"@id\":\"https:\/\/dev.freakuence.nl\/de\/#organization\"},\"alternateName\":\"Freakuence\",\"potentialAction\":[{\"@type\":\"SearchAction\",\"target\":{\"@type\":\"EntryPoint\",\"urlTemplate\":\"https:\/\/dev.freakuence.nl\/de\/?s={search_term_string}\"},\"query-input\":{\"@type\":\"PropertyValueSpecification\",\"valueRequired\":true,\"valueName\":\"search_term_string\"}}],\"inLanguage\":\"de\"},{\"@type\":\"Organization\",\"@id\":\"https:\/\/dev.freakuence.nl\/de\/#organization\",\"name\":\"Freakuence!\",\"url\":\"https:\/\/dev.freakuence.nl\/de\/\",\"logo\":{\"@type\":\"ImageObject\",\"inLanguage\":\"de\",\"@id\":\"https:\/\/dev.freakuence.nl\/de\/#\/schema\/logo\/image\/\",\"url\":\"https:\/\/dev.freakuence.nl\/wp-content\/uploads\/2022\/05\/Brown_3_RGB_Freakuence-1.png\",\"contentUrl\":\"https:\/\/dev.freakuence.nl\/wp-content\/uploads\/2022\/05\/Brown_3_RGB_Freakuence-1.png\",\"width\":2560,\"height\":684,\"caption\":\"Freakuence!\"},\"image\":{\"@id\":\"https:\/\/dev.freakuence.nl\/de\/#\/schema\/logo\/image\/\"},\"sameAs\":[\"https:\/\/www.instagram.com\/freakuence_notorious_audio\/\"]}]}<\/script>\n<!-- \/ Yoast SEO plugin. -->","yoast_head_json":{"title":"Townshend Seismische Isolierung | Freakuence!","description":"Verbessern Sie Ihren Klang mit Townshend Seismic Isolation: klarere, tiefere B\u00e4sse und ein breiteres Stereobild. \u2713 Neue & gebrauchte HiFi-Ger\u00e4te \u2713 Kundenbewertung: 4.9 von 5 \u2713 Inzahlungnahme \u2713 H\u00f6rprobe","robots":{"index":"noindex","follow":"follow","max-snippet":"max-snippet:-1","max-image-preview":"max-image-preview:large","max-video-preview":"max-video-preview:-1"},"og_locale":"de_DE","og_type":"article","og_title":"Townshend Seismische Isolierung | Freakuence!","og_description":"Verbessern Sie Ihren Klang mit Townshend Seismic Isolation: klarere, tiefere B\u00e4sse und ein breiteres Stereobild. \u2713 Neue & gebrauchte HiFi-Ger\u00e4te \u2713 Kundenbewertung: 4.9 von 5 \u2713 Inzahlungnahme \u2713 H\u00f6rprobe","og_url":"https:\/\/dev.freakuence.nl\/de\/produkt\/townshend-seismische-isolierung\/","og_site_name":"Freakuence!","article_modified_time":"2026-04-10T13:49:29+00:00","og_image":[{"width":1800,"height":1200,"url":"https:\/\/dev.freakuence.nl\/wp-content\/uploads\/2026\/04\/17740996073694-19272-IMG3785.jpg","type":"image\/jpeg"}],"twitter_card":"summary_large_image","schema":{"@context":"https:\/\/schema.org","@graph":[{"@type":"WebPage","@id":"https:\/\/dev.freakuence.nl\/de\/produkt\/townshend-seismische-isolierung\/","url":"https:\/\/dev.freakuence.nl\/de\/produkt\/townshend-seismische-isolierung\/","name":"Townshend Seismische Isolierung | Freakuence!","isPartOf":{"@id":"https:\/\/dev.freakuence.nl\/de\/#website"},"primaryImageOfPage":{"@id":"https:\/\/dev.freakuence.nl\/de\/produkt\/townshend-seismische-isolierung\/#primaryimage"},"image":{"@id":"https:\/\/dev.freakuence.nl\/de\/produkt\/townshend-seismische-isolierung\/#primaryimage"},"thumbnailUrl":"https:\/\/dev.freakuence.nl\/wp-content\/uploads\/2026\/04\/17740996073694-19272-IMG3785.jpg","datePublished":"2026-03-26T10:11:46+00:00","dateModified":"2026-04-10T13:49:29+00:00","description":"Verbessern Sie Ihren Klang mit Townshend Seismic Isolation: klarere, tiefere B\u00e4sse und ein breiteres Stereobild. \u2713 Neue & gebrauchte HiFi-Ger\u00e4te \u2713 Kundenbewertung: 4.9 von 5 \u2713 Inzahlungnahme \u2713 H\u00f6rprobe","breadcrumb":{"@id":"https:\/\/dev.freakuence.nl\/de\/produkt\/townshend-seismische-isolierung\/#breadcrumb"},"inLanguage":"de","potentialAction":[{"@type":"ReadAction","target":["https:\/\/dev.freakuence.nl\/de\/produkt\/townshend-seismische-isolierung\/"]}]},{"@type":"ImageObject","inLanguage":"de","@id":"https:\/\/dev.freakuence.nl\/de\/produkt\/townshend-seismische-isolierung\/#primaryimage","url":"https:\/\/dev.freakuence.nl\/wp-content\/uploads\/2026\/04\/17740996073694-19272-IMG3785.jpg","contentUrl":"https:\/\/dev.freakuence.nl\/wp-content\/uploads\/2026\/04\/17740996073694-19272-IMG3785.jpg","width":1800,"height":1200},{"@type":"BreadcrumbList","@id":"https:\/\/dev.freakuence.nl\/de\/produkt\/townshend-seismische-isolierung\/#breadcrumb","itemListElement":[{"@type":"ListItem","position":1,"name":"Startseite","item":"https:\/\/dev.freakuence.nl\/de\/"},{"@type":"ListItem","position":2,"name":"Produkte","item":"https:\/\/dev.freakuence.nl\/de\/produkte\/"},{"@type":"ListItem","position":3,"name":"Townshend Seismic Isolation"}]},{"@type":"WebSite","@id":"https:\/\/dev.freakuence.nl\/de\/#website","url":"https:\/\/dev.freakuence.nl\/de\/","name":"Freakuence!","description":"Freakuence!","publisher":{"@id":"https:\/\/dev.freakuence.nl\/de\/#organization"},"alternateName":"Freakuence","potentialAction":[{"@type":"SearchAction","target":{"@type":"EntryPoint","urlTemplate":"https:\/\/dev.freakuence.nl\/de\/?s={search_term_string}"},"query-input":{"@type":"PropertyValueSpecification","valueRequired":true,"valueName":"search_term_string"}}],"inLanguage":"de"},{"@type":"Organization","@id":"https:\/\/dev.freakuence.nl\/de\/#organization","name":"Freakuence!","url":"https:\/\/dev.freakuence.nl\/de\/","logo":{"@type":"ImageObject","inLanguage":"de","@id":"https:\/\/dev.freakuence.nl\/de\/#\/schema\/logo\/image\/","url":"https:\/\/dev.freakuence.nl\/wp-content\/uploads\/2022\/05\/Brown_3_RGB_Freakuence-1.png","contentUrl":"https:\/\/dev.freakuence.nl\/wp-content\/uploads\/2022\/05\/Brown_3_RGB_Freakuence-1.png","width":2560,"height":684,"caption":"Freakuence!"},"image":{"@id":"https:\/\/dev.freakuence.nl\/de\/#\/schema\/logo\/image\/"},"sameAs":["https:\/\/www.instagram.com\/freakuence_notorious_audio\/"]}]}},"_links":{"self":[{"href":"https:\/\/dev.freakuence.nl\/de\/wp-json\/wp\/v2\/product\/369946","targetHints":{"allow":["GET"]}}],"collection":[{"href":"https:\/\/dev.freakuence.nl\/de\/wp-json\/wp\/v2\/product"}],"about":[{"href":"https:\/\/dev.freakuence.nl\/de\/wp-json\/wp\/v2\/types\/product"}],"wp:featuredmedia":[{"embeddable":true,"href":"https:\/\/dev.freakuence.nl\/de\/wp-json\/wp\/v2\/media\/391812"}],"wp:attachment":[{"href":"https:\/\/dev.freakuence.nl\/de\/wp-json\/wp\/v2\/media?parent=369946"}],"wp:term":[{"taxonomy":"product_brand","embeddable":true,"href":"https:\/\/dev.freakuence.nl\/de\/wp-json\/wp\/v2\/product_brand?post=369946"},{"taxonomy":"product_cat","embeddable":true,"href":"https:\/\/dev.freakuence.nl\/de\/wp-json\/wp\/v2\/product_cat?post=369946"},{"taxonomy":"product_tag","embeddable":true,"href":"https:\/\/dev.freakuence.nl\/de\/wp-json\/wp\/v2\/product_tag?post=369946"}],"curies":[{"name":"wp","href":"https:\/\/api.w.org\/{rel}","templated":true}]}}