{"id":372379,"date":"2026-03-28T18:13:41","date_gmt":"2026-03-28T17:13:41","guid":{"rendered":"https:\/\/freakuence.nl\/product\/hegel-wikinger\/"},"modified":"2026-03-28T18:13:41","modified_gmt":"2026-03-28T17:13:41","slug":"hegel-wikinger","status":"publish","type":"product","link":"https:\/\/dev.freakuence.nl\/de\/produkt\/hegel-wikinger\/","title":{"rendered":"Hegel-Wikinger"},"content":{"rendered":"<div class=\"product-specifications-list\">\n<div class=\"specification-item row-header\"><span class=\"spec-content\"><strong>Beschreibung Freakuence!<\/strong><\/span><\/div>\n<div class=\"specification-item row-even\"><span class=\"spec-content\">Hegels Viking ist ein CD-Player, der knackige Hits liefert. Die Dynamik ist k\u00f6stlich (manchmal erschreckend). Mit einem sch\u00f6nen Slot-in-Mechanismus und einem AKM 4493SEQ DAC-Chip liefert er eine klare, detaillierte Wiedergabe.  <\/span><\/div>\n<div class=\"specification-item row-odd\"><span class=\"spec-content\">Ladenpreis: 4995.00<\/span><\/div>\n<div class=\"specification-item row-header\"><span class=\"spec-content\"><strong>Details<\/strong><\/span><\/div>\n<div class=\"specification-item row-even\"><span class=\"spec-content\">Wir nehmen gerne neue Ger\u00e4te in Zahlung, um daraus etwas zu machen! Bitte teilen Sie uns mit, ob und was Sie zum Eintauschen haben. Ohne Inzahlungnahme, versteht sich. Wir liefern 100% neu in versiegelter Verpackung, aber wir dachten, es w\u00e4re nett, ein Foto von unserem Vorf\u00fchrmodell zu machen. Kommen Sie f\u00fcr eine Vorf\u00fchrung in einem unserer 5 H\u00f6rr\u00e4ume vorbei! Andere Versionen sind ebenfalls m\u00f6glich.     <\/span><\/div>\n<div class=\"specification-item row-odd\"><span class=\"spec-content\">Sie suchen ein anderes Modell aus der aktuellen Serie der Marke oder eine andere Farbe dieses Modells? Schicken Sie uns eine Nachricht mit Ihrem m\u00f6glichen Inzahlungnahme-Wunsch! Wir w\u00fcrden gerne etwas Sch\u00f6nes daraus machen.  <\/span><\/div>\n<div class=\"specification-item row-even\"><span class=\"spec-content\">Wir sind gerne bereit, damit zu handeln. Schicken Sie uns bitte alles, was Sie zur Verf\u00fcgung haben, wir werden gerne pr\u00fcfen, ob wir es in den Shop stellen k\u00f6nnen. <\/span><\/div>\n<div class=\"specification-item row-header\"><span class=\"spec-content\"><strong>Allgemeine Beschreibung<\/strong><\/span><\/div>\n<div class=\"specification-item row-even\"><span class=\"spec-content\">Dieses Ger\u00e4t ist f\u00fcr die Wiedergabe von Standard 12 cm Redbook CDs konzipiert. Es verf\u00fcgt sowohl \u00fcber symmetrische (XLR) als auch unsymmetrische (RCA) Analogausg\u00e4nge mit einer Ausgangsspannung von 2,5 V RMS. Au\u00dferdem gibt es einen digitalen BNC-Ausgang mit einer echten Impedanz von 75 Ohm. Der Frequenzbereich reicht von 0 Hz bis 22 kHz, mit einer Verzerrung von weniger als 0,0015%. Die Abmessungen sind 9,9 cm hoch, 43 cm breit und 30,5 cm tief, bei einem Gewicht von 7,3 kg.    <\/span><\/div>\n<div class=\"specification-item row-header\"><span class=\"spec-content\"><strong>Hintergrundinformationen<\/strong><\/span><\/div>\n<div class=\"specification-item row-even\"><span class=\"spec-content\">Der Viking von Hegel ist ein hochmoderner CD-Player, der den Standard der Klangpr\u00e4zision auf eine neue Ebene hebt. Der von Bent Holter entworfene Viking zielt auf maximale musikalische Reinheit ab und verwendet modernste Materialien wie hochwertiges Kupfer f\u00fcr die interne Verkabelung und sorgf\u00e4ltig ausgew\u00e4hlte Komponenten aus der ganzen Welt. Das robuste Aluminiumgeh\u00e4use reduziert Vibrationen und Resonanzen, die f\u00fcr die Klangqualit\u00e4t entscheidend sind.  <\/span><\/div>\n<div class=\"specification-item row-header\"><span class=\"spec-content\"><strong>Geschichte der Marke<\/strong><\/span><\/div>\n<div class=\"specification-item row-even\"><span class=\"spec-content\">Hegel wurde in den sp\u00e4ten 1980er Jahren von Bent Holter in Norwegen gegr\u00fcndet. Im Rahmen seiner Abschlussarbeit an der Technischen Universit\u00e4t Trondheim entwickelte er eine L\u00f6sung zur Reduzierung von Verzerrungen in Transistorverst\u00e4rkern. Dies f\u00fchrte zu der Technologie, die sp\u00e4ter als SoundEngine bekannt wurde. Im Jahr 1988 wurde der Name Hegel erstmals f\u00fcr einen Verst\u00e4rker verwendet. In den 1990er Jahren brachte das Unternehmen mehrere CD-Player und Verst\u00e4rker heraus. Im Jahr 1996 wurde der erste vollsymmetrische Verst\u00e4rker vorgestellt. Um 2004 begann die Marke mit der Entwicklung von DA-Wandlern. Sp\u00e4ter wurden die Produkte mit Netzwerkfunktionen ausgestattet, um die digitale Musikwiedergabe zu unterst\u00fctzen. Hegel vermarktet ausschlie\u00dflich seine eigene Elektronik und entwickelt sowohl das Schaltungsdesign als auch die notwendige Software selbst. Das Unternehmen betreibt den internationalen Vertrieb seiner Produkte von Norwegen aus.         <\/span><\/div>\n<\/div>\n","protected":false},"excerpt":{"rendered":"<p>Beschreibung Freakuence! Hegels Viking ist ein CD-Player, der knackige Hits liefert. Die Dynamik ist k\u00f6stlich (manchmal erschreckend). Mit einem sch\u00f6nen Slot-in-Mechanismus und einem AKM 4493SEQ DAC-Chip liefert er eine klare, detaillierte Wiedergabe. Ladenpreis: 4995.00 Details Wir nehmen gerne neue Ger\u00e4te in Zahlung, um daraus etwas zu machen! Bitte teilen Sie uns mit, ob und was [&hellip;]<\/p>\n","protected":false},"featured_media":372370,"template":"","meta":{"_acf_changed":false,"inline_featured_image":false},"product_brand":[],"product_cat":[554,690],"product_tag":[564],"class_list":{"0":"post-372379","1":"product","2":"type-product","3":"status-publish","4":"has-post-thumbnail","6":"product_cat-cd-spieler","7":"product_cat-quellen","8":"product_tag-neu","9":"pa_kleur-schwarz","11":"first","12":"onbackorder","13":"sold-individually","14":"purchasable","15":"product-type-variable"},"acf":{"website":true,"show_on_homepage":false,"brand_title":"Hegel","product_type":"Viking","color":"Schwarz","subcolor":"","reserved_status":"0"},"yoast_head":"<!-- This site is optimized with the Yoast SEO plugin v25.9 - https:\/\/yoast.com\/wordpress\/plugins\/seo\/ -->\n<title>Hegel-Wikinger | Freakuence!<\/title>\n<meta name=\"description\" content=\"Hegel Viking CD-Player: reine Klangwiedergabe, fortschrittliche Technologie, robustes Design. \u2713 Neue &amp; gebrauchte HiFi-Ger\u00e4te \u2713 Kundenbewertung: 4.9 von 5 \u2713 Inzahlungnahme \u2713 H\u00f6rprobe\" \/>\n<meta name=\"robots\" content=\"noindex, follow, max-snippet:-1, max-image-preview:large, max-video-preview:-1\" \/>\n<meta property=\"og:locale\" content=\"de_DE\" \/>\n<meta property=\"og:type\" content=\"article\" \/>\n<meta property=\"og:title\" content=\"Hegel-Wikinger | Freakuence!\" \/>\n<meta property=\"og:description\" content=\"Hegel Viking CD-Player: reine Klangwiedergabe, fortschrittliche Technologie, robustes Design. \u2713 Neue &amp; gebrauchte HiFi-Ger\u00e4te \u2713 Kundenbewertung: 4.9 von 5 \u2713 Inzahlungnahme \u2713 H\u00f6rprobe\" \/>\n<meta property=\"og:url\" content=\"https:\/\/dev.freakuence.nl\/de\/produkt\/hegel-wikinger\/\" \/>\n<meta property=\"og:site_name\" content=\"Freakuence!\" \/>\n<meta property=\"og:image\" content=\"https:\/\/dev.freakuence.nl\/wp-content\/uploads\/2026\/03\/17747165378596-1803.jpg\" \/>\n\t<meta property=\"og:image:width\" content=\"700\" \/>\n\t<meta property=\"og:image:height\" content=\"700\" \/>\n\t<meta property=\"og:image:type\" content=\"image\/jpeg\" \/>\n<meta name=\"twitter:card\" content=\"summary_large_image\" \/>\n<script type=\"application\/ld+json\" class=\"yoast-schema-graph\">{\"@context\":\"https:\/\/schema.org\",\"@graph\":[{\"@type\":\"WebPage\",\"@id\":\"https:\/\/dev.freakuence.nl\/de\/produkt\/hegel-wikinger\/\",\"url\":\"https:\/\/dev.freakuence.nl\/de\/produkt\/hegel-wikinger\/\",\"name\":\"Hegel-Wikinger | Freakuence!\",\"isPartOf\":{\"@id\":\"https:\/\/dev.freakuence.nl\/de\/#website\"},\"primaryImageOfPage\":{\"@id\":\"https:\/\/dev.freakuence.nl\/de\/produkt\/hegel-wikinger\/#primaryimage\"},\"image\":{\"@id\":\"https:\/\/dev.freakuence.nl\/de\/produkt\/hegel-wikinger\/#primaryimage\"},\"thumbnailUrl\":\"https:\/\/dev.freakuence.nl\/wp-content\/uploads\/2026\/03\/17747165378596-1803.jpg\",\"datePublished\":\"2026-03-28T17:13:41+00:00\",\"description\":\"Hegel Viking CD-Player: reine Klangwiedergabe, fortschrittliche Technologie, robustes Design. \u2713 Neue & gebrauchte HiFi-Ger\u00e4te \u2713 Kundenbewertung: 4.9 von 5 \u2713 Inzahlungnahme \u2713 H\u00f6rprobe\",\"breadcrumb\":{\"@id\":\"https:\/\/dev.freakuence.nl\/de\/produkt\/hegel-wikinger\/#breadcrumb\"},\"inLanguage\":\"de\",\"potentialAction\":[{\"@type\":\"ReadAction\",\"target\":[\"https:\/\/dev.freakuence.nl\/de\/produkt\/hegel-wikinger\/\"]}]},{\"@type\":\"ImageObject\",\"inLanguage\":\"de\",\"@id\":\"https:\/\/dev.freakuence.nl\/de\/produkt\/hegel-wikinger\/#primaryimage\",\"url\":\"https:\/\/dev.freakuence.nl\/wp-content\/uploads\/2026\/03\/17747165378596-1803.jpg\",\"contentUrl\":\"https:\/\/dev.freakuence.nl\/wp-content\/uploads\/2026\/03\/17747165378596-1803.jpg\",\"width\":700,\"height\":700},{\"@type\":\"BreadcrumbList\",\"@id\":\"https:\/\/dev.freakuence.nl\/de\/produkt\/hegel-wikinger\/#breadcrumb\",\"itemListElement\":[{\"@type\":\"ListItem\",\"position\":1,\"name\":\"Startseite\",\"item\":\"https:\/\/dev.freakuence.nl\/de\/\"},{\"@type\":\"ListItem\",\"position\":2,\"name\":\"Produkte\",\"item\":\"https:\/\/dev.freakuence.nl\/de\/produkte\/\"},{\"@type\":\"ListItem\",\"position\":3,\"name\":\"Hegel Viking\"}]},{\"@type\":\"WebSite\",\"@id\":\"https:\/\/dev.freakuence.nl\/de\/#website\",\"url\":\"https:\/\/dev.freakuence.nl\/de\/\",\"name\":\"Freakuence!\",\"description\":\"Freakuence!\",\"publisher\":{\"@id\":\"https:\/\/dev.freakuence.nl\/de\/#organization\"},\"alternateName\":\"Freakuence\",\"potentialAction\":[{\"@type\":\"SearchAction\",\"target\":{\"@type\":\"EntryPoint\",\"urlTemplate\":\"https:\/\/dev.freakuence.nl\/de\/?s={search_term_string}\"},\"query-input\":{\"@type\":\"PropertyValueSpecification\",\"valueRequired\":true,\"valueName\":\"search_term_string\"}}],\"inLanguage\":\"de\"},{\"@type\":\"Organization\",\"@id\":\"https:\/\/dev.freakuence.nl\/de\/#organization\",\"name\":\"Freakuence!\",\"url\":\"https:\/\/dev.freakuence.nl\/de\/\",\"logo\":{\"@type\":\"ImageObject\",\"inLanguage\":\"de\",\"@id\":\"https:\/\/dev.freakuence.nl\/de\/#\/schema\/logo\/image\/\",\"url\":\"https:\/\/dev.freakuence.nl\/wp-content\/uploads\/2022\/05\/Brown_3_RGB_Freakuence-1.png\",\"contentUrl\":\"https:\/\/dev.freakuence.nl\/wp-content\/uploads\/2022\/05\/Brown_3_RGB_Freakuence-1.png\",\"width\":2560,\"height\":684,\"caption\":\"Freakuence!\"},\"image\":{\"@id\":\"https:\/\/dev.freakuence.nl\/de\/#\/schema\/logo\/image\/\"},\"sameAs\":[\"https:\/\/www.instagram.com\/freakuence_notorious_audio\/\"]}]}<\/script>\n<!-- \/ Yoast SEO plugin. -->","yoast_head_json":{"title":"Hegel-Wikinger | Freakuence!","description":"Hegel Viking CD-Player: reine Klangwiedergabe, fortschrittliche Technologie, robustes Design. \u2713 Neue & gebrauchte HiFi-Ger\u00e4te \u2713 Kundenbewertung: 4.9 von 5 \u2713 Inzahlungnahme \u2713 H\u00f6rprobe","robots":{"index":"noindex","follow":"follow","max-snippet":"max-snippet:-1","max-image-preview":"max-image-preview:large","max-video-preview":"max-video-preview:-1"},"og_locale":"de_DE","og_type":"article","og_title":"Hegel-Wikinger | Freakuence!","og_description":"Hegel Viking CD-Player: reine Klangwiedergabe, fortschrittliche Technologie, robustes Design. \u2713 Neue & gebrauchte HiFi-Ger\u00e4te \u2713 Kundenbewertung: 4.9 von 5 \u2713 Inzahlungnahme \u2713 H\u00f6rprobe","og_url":"https:\/\/dev.freakuence.nl\/de\/produkt\/hegel-wikinger\/","og_site_name":"Freakuence!","og_image":[{"width":700,"height":700,"url":"https:\/\/dev.freakuence.nl\/wp-content\/uploads\/2026\/03\/17747165378596-1803.jpg","type":"image\/jpeg"}],"twitter_card":"summary_large_image","schema":{"@context":"https:\/\/schema.org","@graph":[{"@type":"WebPage","@id":"https:\/\/dev.freakuence.nl\/de\/produkt\/hegel-wikinger\/","url":"https:\/\/dev.freakuence.nl\/de\/produkt\/hegel-wikinger\/","name":"Hegel-Wikinger | Freakuence!","isPartOf":{"@id":"https:\/\/dev.freakuence.nl\/de\/#website"},"primaryImageOfPage":{"@id":"https:\/\/dev.freakuence.nl\/de\/produkt\/hegel-wikinger\/#primaryimage"},"image":{"@id":"https:\/\/dev.freakuence.nl\/de\/produkt\/hegel-wikinger\/#primaryimage"},"thumbnailUrl":"https:\/\/dev.freakuence.nl\/wp-content\/uploads\/2026\/03\/17747165378596-1803.jpg","datePublished":"2026-03-28T17:13:41+00:00","description":"Hegel Viking CD-Player: reine Klangwiedergabe, fortschrittliche Technologie, robustes Design. \u2713 Neue & gebrauchte HiFi-Ger\u00e4te \u2713 Kundenbewertung: 4.9 von 5 \u2713 Inzahlungnahme \u2713 H\u00f6rprobe","breadcrumb":{"@id":"https:\/\/dev.freakuence.nl\/de\/produkt\/hegel-wikinger\/#breadcrumb"},"inLanguage":"de","potentialAction":[{"@type":"ReadAction","target":["https:\/\/dev.freakuence.nl\/de\/produkt\/hegel-wikinger\/"]}]},{"@type":"ImageObject","inLanguage":"de","@id":"https:\/\/dev.freakuence.nl\/de\/produkt\/hegel-wikinger\/#primaryimage","url":"https:\/\/dev.freakuence.nl\/wp-content\/uploads\/2026\/03\/17747165378596-1803.jpg","contentUrl":"https:\/\/dev.freakuence.nl\/wp-content\/uploads\/2026\/03\/17747165378596-1803.jpg","width":700,"height":700},{"@type":"BreadcrumbList","@id":"https:\/\/dev.freakuence.nl\/de\/produkt\/hegel-wikinger\/#breadcrumb","itemListElement":[{"@type":"ListItem","position":1,"name":"Startseite","item":"https:\/\/dev.freakuence.nl\/de\/"},{"@type":"ListItem","position":2,"name":"Produkte","item":"https:\/\/dev.freakuence.nl\/de\/produkte\/"},{"@type":"ListItem","position":3,"name":"Hegel Viking"}]},{"@type":"WebSite","@id":"https:\/\/dev.freakuence.nl\/de\/#website","url":"https:\/\/dev.freakuence.nl\/de\/","name":"Freakuence!","description":"Freakuence!","publisher":{"@id":"https:\/\/dev.freakuence.nl\/de\/#organization"},"alternateName":"Freakuence","potentialAction":[{"@type":"SearchAction","target":{"@type":"EntryPoint","urlTemplate":"https:\/\/dev.freakuence.nl\/de\/?s={search_term_string}"},"query-input":{"@type":"PropertyValueSpecification","valueRequired":true,"valueName":"search_term_string"}}],"inLanguage":"de"},{"@type":"Organization","@id":"https:\/\/dev.freakuence.nl\/de\/#organization","name":"Freakuence!","url":"https:\/\/dev.freakuence.nl\/de\/","logo":{"@type":"ImageObject","inLanguage":"de","@id":"https:\/\/dev.freakuence.nl\/de\/#\/schema\/logo\/image\/","url":"https:\/\/dev.freakuence.nl\/wp-content\/uploads\/2022\/05\/Brown_3_RGB_Freakuence-1.png","contentUrl":"https:\/\/dev.freakuence.nl\/wp-content\/uploads\/2022\/05\/Brown_3_RGB_Freakuence-1.png","width":2560,"height":684,"caption":"Freakuence!"},"image":{"@id":"https:\/\/dev.freakuence.nl\/de\/#\/schema\/logo\/image\/"},"sameAs":["https:\/\/www.instagram.com\/freakuence_notorious_audio\/"]}]}},"_links":{"self":[{"href":"https:\/\/dev.freakuence.nl\/de\/wp-json\/wp\/v2\/product\/372379","targetHints":{"allow":["GET"]}}],"collection":[{"href":"https:\/\/dev.freakuence.nl\/de\/wp-json\/wp\/v2\/product"}],"about":[{"href":"https:\/\/dev.freakuence.nl\/de\/wp-json\/wp\/v2\/types\/product"}],"wp:featuredmedia":[{"embeddable":true,"href":"https:\/\/dev.freakuence.nl\/de\/wp-json\/wp\/v2\/media\/372370"}],"wp:attachment":[{"href":"https:\/\/dev.freakuence.nl\/de\/wp-json\/wp\/v2\/media?parent=372379"}],"wp:term":[{"taxonomy":"product_brand","embeddable":true,"href":"https:\/\/dev.freakuence.nl\/de\/wp-json\/wp\/v2\/product_brand?post=372379"},{"taxonomy":"product_cat","embeddable":true,"href":"https:\/\/dev.freakuence.nl\/de\/wp-json\/wp\/v2\/product_cat?post=372379"},{"taxonomy":"product_tag","embeddable":true,"href":"https:\/\/dev.freakuence.nl\/de\/wp-json\/wp\/v2\/product_tag?post=372379"}],"curies":[{"name":"wp","href":"https:\/\/api.w.org\/{rel}","templated":true}]}}