{"id":373312,"date":"2026-03-30T18:28:27","date_gmt":"2026-03-30T16:28:27","guid":{"rendered":"https:\/\/freakuence.nl\/product\/mond-ass\/"},"modified":"2026-04-10T15:47:32","modified_gmt":"2026-04-10T13:47:32","slug":"mond-ass","status":"publish","type":"product","link":"https:\/\/dev.freakuence.nl\/de\/produkt\/mond-ass\/","title":{"rendered":"Mond-Ass"},"content":{"rendered":"<div class=\"product-specifications-list\">\n<div class=\"specification-item row-header\"><span class=\"spec-content\"><strong>Beschreibung Freakuence!<\/strong><\/span><\/div>\n<div class=\"specification-item row-even\"><span class=\"spec-content\">Leckerer Kanadier. Der Moon Ace liefert eine dynamische und detaillierte Wiedergabe mit einer nat\u00fcrlichen Balance zwischen H\u00f6hen und Tiefen. Die B\u00e4sse sind straff und kontrolliert, ohne \u00fcberm\u00e4chtig zu sein, w\u00e4hrend die hohen Frequenzen klar und pr\u00e4zise bleiben. Die mittleren Frequenzen werden mit W\u00e4rme und Klarheit wiedergegeben, was sich viele hier im Laden ohnehin w\u00fcnschen.   <\/span><\/div>\n<div class=\"specification-item row-odd\"><span class=\"spec-content\">Ladenpreis: 4090.00<\/span><\/div>\n<div class=\"specification-item row-header\"><span class=\"spec-content\"><strong>Details<\/strong><\/span><\/div>\n<div class=\"specification-item row-even\"><span class=\"spec-content\">Inkl. MiND 2 Modul <\/span><\/div>\n<div class=\"specification-item row-odd\"><span class=\"spec-content\">Vom H\u00e4ndler oder Importeur als Vorf\u00fchrmodell genutzt. Nat\u00fcrlich hatten die Vorf\u00fchrmodelle keinen privaten Besitzer und werden mit voller Herstellergarantie geliefert. <\/span><\/div>\n<div class=\"specification-item row-header\"><span class=\"spec-content\"><strong>Allgemeine Beschreibung<\/strong><\/span><\/div>\n<div class=\"specification-item row-even\"><span class=\"spec-content\">Der Moon Ace ist ein All-in-One-Musiksystem, das einen Vollverst\u00e4rker, einen Netzwerkplayer und einen DAC kombiniert. Mit dem Moon Ace genie\u00dfen Sie ein reichhaltiges und detailliertes Klangbild, bei dem Dynamik und Stereobild nahtlos ineinander \u00fcbergehen. Dank des integrierten MiND 2-Moduls k\u00f6nnen Sie Ihre Lieblingsmusik ganz einfach \u00fcber Dienste wie Spotify Connect, TIDAL und Qobuz streamen. Dar\u00fcber hinaus verf\u00fcgt der Moon Ace \u00fcber verschiedene Anschlussm\u00f6glichkeiten, darunter analoge und digitale Eing\u00e4nge, einen Phono-Vorverst\u00e4rker f\u00fcr Ihren Plattenspieler und einen hochwertigen Kopfh\u00f6rerausgang. Mit einer Leistung von 50 Watt pro Kanal liefert der Moon Ace eine kraftvolle und pr\u00e4zise Wiedergabe Ihrer Musiksammlung. M\u00f6chten Sie den Moon Ace selbst erleben? Vereinbaren Sie eine H\u00f6rsitzung in unserem H\u00f6rraum oder kontaktieren Sie uns, um die Inzahlungnahme zu besprechen.      <\/span><\/div>\n<div class=\"specification-item row-header\"><span class=\"spec-content\"><strong>Hintergrundinformationen<\/strong><\/span><\/div>\n<div class=\"specification-item row-even\"><span class=\"spec-content\">Das Produkt Moon Ace von Simaudio ist ein innovatives All-in-One-Musikstreaming-Ger\u00e4t, bei dessen Entwicklung der Schwerpunkt auf hochwertiger Audioleistung lag. Das Designteam, das von prominenten Ingenieuren wie Dominique Poupart geleitet wird, legt gro\u00dfen Wert auf die Verwendung von erstklassigen Materialien wie Aluminium f\u00fcr das Geh\u00e4use und eine hochwertige interne Verkabelung. Die Produktionsmethoden sind fortschrittlich und verbinden traditionelle Handwerkskunst mit modernen Techniken. Die Materialien werden haupts\u00e4chlich vor Ort in Kanada bezogen, um die Qualit\u00e4t zu gew\u00e4hrleisten und den \u00f6kologischen Fu\u00dfabdruck zu reduzieren. Die Designphilosophie dreht sich um Einfachheit und Effizienz, was zu einem intuitiv bedienbaren Ger\u00e4t f\u00fchrt, ohne dass die Klangqualit\u00e4t darunter leidet.    <\/span><\/div>\n<div class=\"specification-item row-header\"><span class=\"spec-content\"><strong>Geschichte der Marke<\/strong><\/span><\/div>\n<div class=\"specification-item row-even\"><span class=\"spec-content\">Simaudio, gegr\u00fcndet 1980, ist ein kanadisches Unternehmen, das Audioger\u00e4te entwickelt und herstellt. Das Unternehmen hat seinen Sitz in Boucherville, Quebec, und stellt alle seine Produkte in Kanada her. Simaudio bietet eine 10-j\u00e4hrige Garantie auf seine Produkte. Im Jahr 2023 f\u00fchrte das Unternehmen die North Collection ein, eine Reihe von Audioger\u00e4ten, die das Ergebnis jahrelanger Forschung und Entwicklung in den Bereichen Audio, Elektronik, Materialien und Herstellungsverfahren sind.   <\/span><\/div>\n<\/div>\n","protected":false},"excerpt":{"rendered":"<p>Beschreibung Freakuence! Leckerer Kanadier. Der Moon Ace liefert eine dynamische und detaillierte Wiedergabe mit einer nat\u00fcrlichen Balance zwischen H\u00f6hen und Tiefen. Die B\u00e4sse sind straff und kontrolliert, ohne \u00fcberm\u00e4chtig zu sein, w\u00e4hrend die hohen Frequenzen klar und pr\u00e4zise bleiben. Die mittleren Frequenzen werden mit W\u00e4rme und Klarheit wiedergegeben, was sich viele hier im Laden ohnehin [&hellip;]<\/p>\n","protected":false},"featured_media":391468,"template":"","meta":{"_acf_changed":false,"inline_featured_image":false},"product_brand":[],"product_cat":[774,744,532],"product_tag":[555],"class_list":{"0":"post-373312","1":"product","2":"type-product","3":"status-publish","4":"has-post-thumbnail","6":"product_cat-klasse-a-a-b-stereo-verstarker","7":"product_cat-stereo-verstarker","8":"product_cat-verstarker","9":"product_tag-demo","10":"pa_kleur-schwarz","12":"first","13":"instock","14":"sold-individually","15":"purchasable","16":"product-type-simple"},"acf":{"website":true,"show_on_homepage":false,"brand_title":"Moon","product_type":"Ace","color":"Schwarz","subcolor":"","reserved_status":"0"},"yoast_head":"<!-- This site is optimized with the Yoast SEO plugin v25.9 - https:\/\/yoast.com\/wordpress\/plugins\/seo\/ -->\n<title>Mond-Ass | Freakuence!<\/title>\n<meta name=\"description\" content=\"Moon ACE: High-End All-in-One-Verst\u00e4rker mit MiND2-Streaming und DSD256-Unterst\u00fctzung. \u2713 Neue &amp; gebrauchte HiFi-Ger\u00e4te \u2713 Kundenbewertung: 4.9 von 5 \u2713 Inzahlungnahme \u2713 H\u00f6rprobe\" \/>\n<meta name=\"robots\" content=\"noindex, follow, max-snippet:-1, max-image-preview:large, max-video-preview:-1\" \/>\n<meta property=\"og:locale\" content=\"de_DE\" \/>\n<meta property=\"og:type\" content=\"article\" \/>\n<meta property=\"og:title\" content=\"Mond-Ass | Freakuence!\" \/>\n<meta property=\"og:description\" content=\"Moon ACE: High-End All-in-One-Verst\u00e4rker mit MiND2-Streaming und DSD256-Unterst\u00fctzung. \u2713 Neue &amp; gebrauchte HiFi-Ger\u00e4te \u2713 Kundenbewertung: 4.9 von 5 \u2713 Inzahlungnahme \u2713 H\u00f6rprobe\" \/>\n<meta property=\"og:url\" content=\"https:\/\/dev.freakuence.nl\/de\/produkt\/mond-ass\/\" \/>\n<meta property=\"og:site_name\" content=\"Freakuence!\" \/>\n<meta property=\"article:modified_time\" content=\"2026-04-10T13:47:32+00:00\" \/>\n<meta property=\"og:image\" content=\"https:\/\/dev.freakuence.nl\/wp-content\/uploads\/2026\/04\/17744270608421-19056-IMG4109.jpg\" \/>\n\t<meta property=\"og:image:width\" content=\"1800\" \/>\n\t<meta property=\"og:image:height\" content=\"1200\" \/>\n\t<meta property=\"og:image:type\" content=\"image\/jpeg\" \/>\n<meta name=\"twitter:card\" content=\"summary_large_image\" \/>\n<script type=\"application\/ld+json\" class=\"yoast-schema-graph\">{\"@context\":\"https:\/\/schema.org\",\"@graph\":[{\"@type\":\"WebPage\",\"@id\":\"https:\/\/dev.freakuence.nl\/de\/produkt\/mond-ass\/\",\"url\":\"https:\/\/dev.freakuence.nl\/de\/produkt\/mond-ass\/\",\"name\":\"Mond-Ass | Freakuence!\",\"isPartOf\":{\"@id\":\"https:\/\/dev.freakuence.nl\/de\/#website\"},\"primaryImageOfPage\":{\"@id\":\"https:\/\/dev.freakuence.nl\/de\/produkt\/mond-ass\/#primaryimage\"},\"image\":{\"@id\":\"https:\/\/dev.freakuence.nl\/de\/produkt\/mond-ass\/#primaryimage\"},\"thumbnailUrl\":\"https:\/\/dev.freakuence.nl\/wp-content\/uploads\/2026\/04\/17744270608421-19056-IMG4109.jpg\",\"datePublished\":\"2026-03-30T16:28:27+00:00\",\"dateModified\":\"2026-04-10T13:47:32+00:00\",\"description\":\"Moon ACE: High-End All-in-One-Verst\u00e4rker mit MiND2-Streaming und DSD256-Unterst\u00fctzung. \u2713 Neue & gebrauchte HiFi-Ger\u00e4te \u2713 Kundenbewertung: 4.9 von 5 \u2713 Inzahlungnahme \u2713 H\u00f6rprobe\",\"breadcrumb\":{\"@id\":\"https:\/\/dev.freakuence.nl\/de\/produkt\/mond-ass\/#breadcrumb\"},\"inLanguage\":\"de\",\"potentialAction\":[{\"@type\":\"ReadAction\",\"target\":[\"https:\/\/dev.freakuence.nl\/de\/produkt\/mond-ass\/\"]}]},{\"@type\":\"ImageObject\",\"inLanguage\":\"de\",\"@id\":\"https:\/\/dev.freakuence.nl\/de\/produkt\/mond-ass\/#primaryimage\",\"url\":\"https:\/\/dev.freakuence.nl\/wp-content\/uploads\/2026\/04\/17744270608421-19056-IMG4109.jpg\",\"contentUrl\":\"https:\/\/dev.freakuence.nl\/wp-content\/uploads\/2026\/04\/17744270608421-19056-IMG4109.jpg\",\"width\":1800,\"height\":1200},{\"@type\":\"BreadcrumbList\",\"@id\":\"https:\/\/dev.freakuence.nl\/de\/produkt\/mond-ass\/#breadcrumb\",\"itemListElement\":[{\"@type\":\"ListItem\",\"position\":1,\"name\":\"Startseite\",\"item\":\"https:\/\/dev.freakuence.nl\/de\/\"},{\"@type\":\"ListItem\",\"position\":2,\"name\":\"Produkte\",\"item\":\"https:\/\/dev.freakuence.nl\/de\/produkte\/\"},{\"@type\":\"ListItem\",\"position\":3,\"name\":\"Moon Ace\"}]},{\"@type\":\"WebSite\",\"@id\":\"https:\/\/dev.freakuence.nl\/de\/#website\",\"url\":\"https:\/\/dev.freakuence.nl\/de\/\",\"name\":\"Freakuence!\",\"description\":\"Freakuence!\",\"publisher\":{\"@id\":\"https:\/\/dev.freakuence.nl\/de\/#organization\"},\"alternateName\":\"Freakuence\",\"potentialAction\":[{\"@type\":\"SearchAction\",\"target\":{\"@type\":\"EntryPoint\",\"urlTemplate\":\"https:\/\/dev.freakuence.nl\/de\/?s={search_term_string}\"},\"query-input\":{\"@type\":\"PropertyValueSpecification\",\"valueRequired\":true,\"valueName\":\"search_term_string\"}}],\"inLanguage\":\"de\"},{\"@type\":\"Organization\",\"@id\":\"https:\/\/dev.freakuence.nl\/de\/#organization\",\"name\":\"Freakuence!\",\"url\":\"https:\/\/dev.freakuence.nl\/de\/\",\"logo\":{\"@type\":\"ImageObject\",\"inLanguage\":\"de\",\"@id\":\"https:\/\/dev.freakuence.nl\/de\/#\/schema\/logo\/image\/\",\"url\":\"https:\/\/dev.freakuence.nl\/wp-content\/uploads\/2022\/05\/Brown_3_RGB_Freakuence-1.png\",\"contentUrl\":\"https:\/\/dev.freakuence.nl\/wp-content\/uploads\/2022\/05\/Brown_3_RGB_Freakuence-1.png\",\"width\":2560,\"height\":684,\"caption\":\"Freakuence!\"},\"image\":{\"@id\":\"https:\/\/dev.freakuence.nl\/de\/#\/schema\/logo\/image\/\"},\"sameAs\":[\"https:\/\/www.instagram.com\/freakuence_notorious_audio\/\"]}]}<\/script>\n<!-- \/ Yoast SEO plugin. -->","yoast_head_json":{"title":"Mond-Ass | Freakuence!","description":"Moon ACE: High-End All-in-One-Verst\u00e4rker mit MiND2-Streaming und DSD256-Unterst\u00fctzung. \u2713 Neue & gebrauchte HiFi-Ger\u00e4te \u2713 Kundenbewertung: 4.9 von 5 \u2713 Inzahlungnahme \u2713 H\u00f6rprobe","robots":{"index":"noindex","follow":"follow","max-snippet":"max-snippet:-1","max-image-preview":"max-image-preview:large","max-video-preview":"max-video-preview:-1"},"og_locale":"de_DE","og_type":"article","og_title":"Mond-Ass | Freakuence!","og_description":"Moon ACE: High-End All-in-One-Verst\u00e4rker mit MiND2-Streaming und DSD256-Unterst\u00fctzung. \u2713 Neue & gebrauchte HiFi-Ger\u00e4te \u2713 Kundenbewertung: 4.9 von 5 \u2713 Inzahlungnahme \u2713 H\u00f6rprobe","og_url":"https:\/\/dev.freakuence.nl\/de\/produkt\/mond-ass\/","og_site_name":"Freakuence!","article_modified_time":"2026-04-10T13:47:32+00:00","og_image":[{"width":1800,"height":1200,"url":"https:\/\/dev.freakuence.nl\/wp-content\/uploads\/2026\/04\/17744270608421-19056-IMG4109.jpg","type":"image\/jpeg"}],"twitter_card":"summary_large_image","schema":{"@context":"https:\/\/schema.org","@graph":[{"@type":"WebPage","@id":"https:\/\/dev.freakuence.nl\/de\/produkt\/mond-ass\/","url":"https:\/\/dev.freakuence.nl\/de\/produkt\/mond-ass\/","name":"Mond-Ass | Freakuence!","isPartOf":{"@id":"https:\/\/dev.freakuence.nl\/de\/#website"},"primaryImageOfPage":{"@id":"https:\/\/dev.freakuence.nl\/de\/produkt\/mond-ass\/#primaryimage"},"image":{"@id":"https:\/\/dev.freakuence.nl\/de\/produkt\/mond-ass\/#primaryimage"},"thumbnailUrl":"https:\/\/dev.freakuence.nl\/wp-content\/uploads\/2026\/04\/17744270608421-19056-IMG4109.jpg","datePublished":"2026-03-30T16:28:27+00:00","dateModified":"2026-04-10T13:47:32+00:00","description":"Moon ACE: High-End All-in-One-Verst\u00e4rker mit MiND2-Streaming und DSD256-Unterst\u00fctzung. \u2713 Neue & gebrauchte HiFi-Ger\u00e4te \u2713 Kundenbewertung: 4.9 von 5 \u2713 Inzahlungnahme \u2713 H\u00f6rprobe","breadcrumb":{"@id":"https:\/\/dev.freakuence.nl\/de\/produkt\/mond-ass\/#breadcrumb"},"inLanguage":"de","potentialAction":[{"@type":"ReadAction","target":["https:\/\/dev.freakuence.nl\/de\/produkt\/mond-ass\/"]}]},{"@type":"ImageObject","inLanguage":"de","@id":"https:\/\/dev.freakuence.nl\/de\/produkt\/mond-ass\/#primaryimage","url":"https:\/\/dev.freakuence.nl\/wp-content\/uploads\/2026\/04\/17744270608421-19056-IMG4109.jpg","contentUrl":"https:\/\/dev.freakuence.nl\/wp-content\/uploads\/2026\/04\/17744270608421-19056-IMG4109.jpg","width":1800,"height":1200},{"@type":"BreadcrumbList","@id":"https:\/\/dev.freakuence.nl\/de\/produkt\/mond-ass\/#breadcrumb","itemListElement":[{"@type":"ListItem","position":1,"name":"Startseite","item":"https:\/\/dev.freakuence.nl\/de\/"},{"@type":"ListItem","position":2,"name":"Produkte","item":"https:\/\/dev.freakuence.nl\/de\/produkte\/"},{"@type":"ListItem","position":3,"name":"Moon Ace"}]},{"@type":"WebSite","@id":"https:\/\/dev.freakuence.nl\/de\/#website","url":"https:\/\/dev.freakuence.nl\/de\/","name":"Freakuence!","description":"Freakuence!","publisher":{"@id":"https:\/\/dev.freakuence.nl\/de\/#organization"},"alternateName":"Freakuence","potentialAction":[{"@type":"SearchAction","target":{"@type":"EntryPoint","urlTemplate":"https:\/\/dev.freakuence.nl\/de\/?s={search_term_string}"},"query-input":{"@type":"PropertyValueSpecification","valueRequired":true,"valueName":"search_term_string"}}],"inLanguage":"de"},{"@type":"Organization","@id":"https:\/\/dev.freakuence.nl\/de\/#organization","name":"Freakuence!","url":"https:\/\/dev.freakuence.nl\/de\/","logo":{"@type":"ImageObject","inLanguage":"de","@id":"https:\/\/dev.freakuence.nl\/de\/#\/schema\/logo\/image\/","url":"https:\/\/dev.freakuence.nl\/wp-content\/uploads\/2022\/05\/Brown_3_RGB_Freakuence-1.png","contentUrl":"https:\/\/dev.freakuence.nl\/wp-content\/uploads\/2022\/05\/Brown_3_RGB_Freakuence-1.png","width":2560,"height":684,"caption":"Freakuence!"},"image":{"@id":"https:\/\/dev.freakuence.nl\/de\/#\/schema\/logo\/image\/"},"sameAs":["https:\/\/www.instagram.com\/freakuence_notorious_audio\/"]}]}},"_links":{"self":[{"href":"https:\/\/dev.freakuence.nl\/de\/wp-json\/wp\/v2\/product\/373312","targetHints":{"allow":["GET"]}}],"collection":[{"href":"https:\/\/dev.freakuence.nl\/de\/wp-json\/wp\/v2\/product"}],"about":[{"href":"https:\/\/dev.freakuence.nl\/de\/wp-json\/wp\/v2\/types\/product"}],"wp:featuredmedia":[{"embeddable":true,"href":"https:\/\/dev.freakuence.nl\/de\/wp-json\/wp\/v2\/media\/391468"}],"wp:attachment":[{"href":"https:\/\/dev.freakuence.nl\/de\/wp-json\/wp\/v2\/media?parent=373312"}],"wp:term":[{"taxonomy":"product_brand","embeddable":true,"href":"https:\/\/dev.freakuence.nl\/de\/wp-json\/wp\/v2\/product_brand?post=373312"},{"taxonomy":"product_cat","embeddable":true,"href":"https:\/\/dev.freakuence.nl\/de\/wp-json\/wp\/v2\/product_cat?post=373312"},{"taxonomy":"product_tag","embeddable":true,"href":"https:\/\/dev.freakuence.nl\/de\/wp-json\/wp\/v2\/product_tag?post=373312"}],"curies":[{"name":"wp","href":"https:\/\/api.w.org\/{rel}","templated":true}]}}