{"id":373358,"date":"2026-03-30T18:45:29","date_gmt":"2026-03-30T16:45:29","guid":{"rendered":"https:\/\/freakuence.nl\/product\/lyngdorf-sda-2400-2\/"},"modified":"2026-04-10T15:47:29","modified_gmt":"2026-04-10T13:47:29","slug":"lyngdorf-sda-2400-2","status":"publish","type":"product","link":"https:\/\/dev.freakuence.nl\/de\/produkt\/lyngdorf-sda-2400-2\/","title":{"rendered":"Lyngdorf SDA-2400"},"content":{"rendered":"<div class=\"product-specifications-list\">\n<div class=\"specification-item row-header\"><span class=\"spec-content\"><strong>Beschreibung Freakuence!<\/strong><\/span><\/div>\n<div class=\"specification-item row-even\"><span class=\"spec-content\">Leistungsstarker 400-Watt-Verst\u00e4rker von Lyngdorf. Spielt kultiviert und kontrolliert. Ger\u00e4umiges Stereobild.  <\/span><\/div>\n<div class=\"specification-item row-odd\"><span class=\"spec-content\">Ladenpreis: 2999.00<\/span><\/div>\n<div class=\"specification-item row-header\"><span class=\"spec-content\"><strong>Details<\/strong><\/span><\/div>\n<div class=\"specification-item row-even\"><span class=\"spec-content\">Vom H\u00e4ndler oder Importeur als Vorf\u00fchrmodell genutzt. Nat\u00fcrlich hatten die Vorf\u00fchrmodelle keinen privaten Besitzer und werden mit voller Herstellergarantie geliefert. <\/span><\/div>\n<div class=\"specification-item row-header\"><span class=\"spec-content\"><strong>Allgemeine Beschreibung<\/strong><\/span><\/div>\n<div class=\"specification-item row-even\"><span class=\"spec-content\">Der Lyngdorf SDA-2400 ist ein vielseitiger Stereo-Leistungsverst\u00e4rker, der sowohl analoge als auch digitale Eing\u00e4nge bietet, so dass er sich leicht in eine Vielzahl von Audiosystemen integrieren l\u00e4sst. Durch die Kombination von optischen und koaxialen Digitaleing\u00e4ngen mit traditionellen symmetrischen und unsymmetrischen Analogeing\u00e4ngen kann dieser Verst\u00e4rker nahtlos an eine Vielzahl von Quellen angeschlossen werden, von Vorverst\u00e4rkern bis hin zu Media-Playern und Streaming-Ger\u00e4ten.   <\/p>\n<p>Eine praktische Funktion ist der automatische Standby-Modus: Wenn kein Signal erkannt wird, schaltet sich der Verst\u00e4rker aus, um Energie zu sparen. Sobald wieder ein Signal ankommt, schaltet er sich automatisch ein.  Bei Systemen mit einem 12-V-Trigger-Ausgang kann der SDA-2400 auch \u00fcber diesen Trigger gesteuert werden, was die Synchronisation mit anderen Ger\u00e4ten erm\u00f6glicht.  <\/p>\n<p>Lyngdorf ist bekannt f\u00fcr seine digitale Verst\u00e4rkertechnologie, und der SDA-2400 ist ein gutes Beispiel daf\u00fcr. Der Verst\u00e4rker verwendet Pulsweitenmodulation (PWM) mit einer patentierten Technologie zur Optimierung der Schaltgeschwindigkeit. Mit einer festen Schaltgeschwindigkeit von 390 kHz und minimaler R\u00fcckkopplungskontrolle sorgt dies f\u00fcr eine niedrige und lineare Verzerrung und damit f\u00fcr eine saubere und dynamische Klangwiedergabe.  <\/span><\/div>\n<div class=\"specification-item row-header\"><span class=\"spec-content\"><strong>Hintergrundinformationen<\/strong><\/span><\/div>\n<div class=\"specification-item row-even\"><span class=\"spec-content\">Der Lyngdorf SDA-2400 ist ein leistungsstarker digitaler Stereo-Endverst\u00e4rker, bei dessen Entwicklung der Schwerpunkt auf maximaler Signalintegrit\u00e4t und minimalem Rauschen lag. Das Design, das auf dem Know-how des Designers Peter Lyngdorf basiert, verwendet fortschrittliche Class-D-Technologie, sorgf\u00e4ltig ausgew\u00e4hlte Komponenten und extrem kurze Signalwege. Das solide Aluminiumgeh\u00e4use eliminiert Resonanzen und bietet elektrischen Schutz.  <\/span><\/div>\n<div class=\"specification-item row-header\"><span class=\"spec-content\"><strong>Geschichte der Marke<\/strong><\/span><\/div>\n<div class=\"specification-item row-even\"><span class=\"spec-content\">Lyngdorf wurde 2005 von Peter Lyngdorf in D\u00e4nemark gegr\u00fcndet. Die Marke ist Teil von SL Audio A\/S, mit Sitz in Skive. Peter Lyngdorf begann seine Aktivit\u00e4ten in der Audiowelt in den 1980er Jahren. Im Jahr 2005 brachte Lyngdorf den ersten vollst\u00e4ndig digitalen Verst\u00e4rker, den Lyngdorf TDAI-2200, auf den Markt. Die Marke entwickelte auch RoomPerfect, ein Raumkorrektursystem, das die Klangleistung \u00fcber Messungen an den Raum anpasst. Lyngdorf hat mehrere Produkte auf den Markt gebracht, darunter den MP-50 Surround-Prozessor, die TDAI-Verst\u00e4rkerserie und den CD-2 CD-Player. Die Produkte werden in D\u00e4nemark entworfen und entwickelt und verwenden digitale Signalverarbeitung. Lyngdorf widmet sich der Entwicklung von Klangl\u00f6sungen f\u00fcr den Einsatz in Systemen, die sowohl in privaten als auch in professionellen Umgebungen verwendet werden k\u00f6nnen.       <\/span><\/div>\n<\/div>\n","protected":false},"excerpt":{"rendered":"<p>Beschreibung Freakuence! Leistungsstarker 400-Watt-Verst\u00e4rker von Lyngdorf. Spielt kultiviert und kontrolliert. Ger\u00e4umiges Stereobild. Ladenpreis: 2999.00 Details Vom H\u00e4ndler oder Importeur als Vorf\u00fchrmodell genutzt. Nat\u00fcrlich hatten die Vorf\u00fchrmodelle keinen privaten Besitzer und werden mit voller Herstellergarantie geliefert. Allgemeine Beschreibung Der Lyngdorf SDA-2400 ist ein vielseitiger Stereo-Leistungsverst\u00e4rker, der sowohl analoge als auch digitale Eing\u00e4nge bietet, so dass er [&hellip;]<\/p>\n","protected":false},"featured_media":391458,"template":"","meta":{"_acf_changed":false,"inline_featured_image":false},"product_brand":[],"product_cat":[751,750,532],"product_tag":[555],"class_list":{"0":"post-373358","1":"product","2":"type-product","3":"status-publish","4":"has-post-thumbnail","6":"product_cat-klasse-d-verstarker","7":"product_cat-leistungsverstarker","8":"product_cat-verstarker","9":"product_tag-demo","10":"pa_kleur-schwarz","12":"first","13":"instock","14":"sold-individually","15":"purchasable","16":"product-type-simple"},"acf":{"website":true,"show_on_homepage":false,"brand_title":"Lyngdorf","product_type":"SDA-2400","color":"Schwarz","subcolor":"","reserved_status":"0"},"yoast_head":"<!-- This site is optimized with the Yoast SEO plugin v25.9 - https:\/\/yoast.com\/wordpress\/plugins\/seo\/ -->\n<title>Lyngdorf SDA-2400 | Freakuence!<\/title>\n<meta name=\"description\" content=\"Lyngdorf SDA-2400: leistungsstarker Stereo-Endverst\u00e4rker mit analogen und digitalen Eing\u00e4ngen. \u2713 Neue &amp; gebrauchte HiFi-Ger\u00e4te \u2713 Kundenbewertung: 4.9 von 5 \u2713 Inzahlungnahme \u2713 H\u00f6rprobe\" \/>\n<meta name=\"robots\" content=\"noindex, follow, max-snippet:-1, max-image-preview:large, max-video-preview:-1\" \/>\n<meta property=\"og:locale\" content=\"de_DE\" \/>\n<meta property=\"og:type\" content=\"article\" \/>\n<meta property=\"og:title\" content=\"Lyngdorf SDA-2400 | Freakuence!\" \/>\n<meta property=\"og:description\" content=\"Lyngdorf SDA-2400: leistungsstarker Stereo-Endverst\u00e4rker mit analogen und digitalen Eing\u00e4ngen. \u2713 Neue &amp; gebrauchte HiFi-Ger\u00e4te \u2713 Kundenbewertung: 4.9 von 5 \u2713 Inzahlungnahme \u2713 H\u00f6rprobe\" \/>\n<meta property=\"og:url\" content=\"https:\/\/dev.freakuence.nl\/de\/produkt\/lyngdorf-sda-2400-2\/\" \/>\n<meta property=\"og:site_name\" content=\"Freakuence!\" \/>\n<meta property=\"article:modified_time\" content=\"2026-04-10T13:47:29+00:00\" \/>\n<meta property=\"og:image\" content=\"https:\/\/dev.freakuence.nl\/wp-content\/uploads\/2026\/04\/17738417292653-19054-IMG3240-1.jpg\" \/>\n\t<meta property=\"og:image:width\" content=\"1800\" \/>\n\t<meta property=\"og:image:height\" content=\"1200\" \/>\n\t<meta property=\"og:image:type\" content=\"image\/jpeg\" \/>\n<meta name=\"twitter:card\" content=\"summary_large_image\" \/>\n<script type=\"application\/ld+json\" class=\"yoast-schema-graph\">{\"@context\":\"https:\/\/schema.org\",\"@graph\":[{\"@type\":\"WebPage\",\"@id\":\"https:\/\/dev.freakuence.nl\/de\/produkt\/lyngdorf-sda-2400-2\/\",\"url\":\"https:\/\/dev.freakuence.nl\/de\/produkt\/lyngdorf-sda-2400-2\/\",\"name\":\"Lyngdorf SDA-2400 | Freakuence!\",\"isPartOf\":{\"@id\":\"https:\/\/dev.freakuence.nl\/de\/#website\"},\"primaryImageOfPage\":{\"@id\":\"https:\/\/dev.freakuence.nl\/de\/produkt\/lyngdorf-sda-2400-2\/#primaryimage\"},\"image\":{\"@id\":\"https:\/\/dev.freakuence.nl\/de\/produkt\/lyngdorf-sda-2400-2\/#primaryimage\"},\"thumbnailUrl\":\"https:\/\/dev.freakuence.nl\/wp-content\/uploads\/2026\/04\/17738417292653-19054-IMG3240-1.jpg\",\"datePublished\":\"2026-03-30T16:45:29+00:00\",\"dateModified\":\"2026-04-10T13:47:29+00:00\",\"description\":\"Lyngdorf SDA-2400: leistungsstarker Stereo-Endverst\u00e4rker mit analogen und digitalen Eing\u00e4ngen. \u2713 Neue & gebrauchte HiFi-Ger\u00e4te \u2713 Kundenbewertung: 4.9 von 5 \u2713 Inzahlungnahme \u2713 H\u00f6rprobe\",\"breadcrumb\":{\"@id\":\"https:\/\/dev.freakuence.nl\/de\/produkt\/lyngdorf-sda-2400-2\/#breadcrumb\"},\"inLanguage\":\"de\",\"potentialAction\":[{\"@type\":\"ReadAction\",\"target\":[\"https:\/\/dev.freakuence.nl\/de\/produkt\/lyngdorf-sda-2400-2\/\"]}]},{\"@type\":\"ImageObject\",\"inLanguage\":\"de\",\"@id\":\"https:\/\/dev.freakuence.nl\/de\/produkt\/lyngdorf-sda-2400-2\/#primaryimage\",\"url\":\"https:\/\/dev.freakuence.nl\/wp-content\/uploads\/2026\/04\/17738417292653-19054-IMG3240-1.jpg\",\"contentUrl\":\"https:\/\/dev.freakuence.nl\/wp-content\/uploads\/2026\/04\/17738417292653-19054-IMG3240-1.jpg\",\"width\":1800,\"height\":1200},{\"@type\":\"BreadcrumbList\",\"@id\":\"https:\/\/dev.freakuence.nl\/de\/produkt\/lyngdorf-sda-2400-2\/#breadcrumb\",\"itemListElement\":[{\"@type\":\"ListItem\",\"position\":1,\"name\":\"Startseite\",\"item\":\"https:\/\/dev.freakuence.nl\/de\/\"},{\"@type\":\"ListItem\",\"position\":2,\"name\":\"Produkte\",\"item\":\"https:\/\/dev.freakuence.nl\/de\/produkte\/\"},{\"@type\":\"ListItem\",\"position\":3,\"name\":\"Lyngdorf SDA-2400\"}]},{\"@type\":\"WebSite\",\"@id\":\"https:\/\/dev.freakuence.nl\/de\/#website\",\"url\":\"https:\/\/dev.freakuence.nl\/de\/\",\"name\":\"Freakuence!\",\"description\":\"Freakuence!\",\"publisher\":{\"@id\":\"https:\/\/dev.freakuence.nl\/de\/#organization\"},\"alternateName\":\"Freakuence\",\"potentialAction\":[{\"@type\":\"SearchAction\",\"target\":{\"@type\":\"EntryPoint\",\"urlTemplate\":\"https:\/\/dev.freakuence.nl\/de\/?s={search_term_string}\"},\"query-input\":{\"@type\":\"PropertyValueSpecification\",\"valueRequired\":true,\"valueName\":\"search_term_string\"}}],\"inLanguage\":\"de\"},{\"@type\":\"Organization\",\"@id\":\"https:\/\/dev.freakuence.nl\/de\/#organization\",\"name\":\"Freakuence!\",\"url\":\"https:\/\/dev.freakuence.nl\/de\/\",\"logo\":{\"@type\":\"ImageObject\",\"inLanguage\":\"de\",\"@id\":\"https:\/\/dev.freakuence.nl\/de\/#\/schema\/logo\/image\/\",\"url\":\"https:\/\/dev.freakuence.nl\/wp-content\/uploads\/2022\/05\/Brown_3_RGB_Freakuence-1.png\",\"contentUrl\":\"https:\/\/dev.freakuence.nl\/wp-content\/uploads\/2022\/05\/Brown_3_RGB_Freakuence-1.png\",\"width\":2560,\"height\":684,\"caption\":\"Freakuence!\"},\"image\":{\"@id\":\"https:\/\/dev.freakuence.nl\/de\/#\/schema\/logo\/image\/\"},\"sameAs\":[\"https:\/\/www.instagram.com\/freakuence_notorious_audio\/\"]}]}<\/script>\n<!-- \/ Yoast SEO plugin. -->","yoast_head_json":{"title":"Lyngdorf SDA-2400 | Freakuence!","description":"Lyngdorf SDA-2400: leistungsstarker Stereo-Endverst\u00e4rker mit analogen und digitalen Eing\u00e4ngen. \u2713 Neue & gebrauchte HiFi-Ger\u00e4te \u2713 Kundenbewertung: 4.9 von 5 \u2713 Inzahlungnahme \u2713 H\u00f6rprobe","robots":{"index":"noindex","follow":"follow","max-snippet":"max-snippet:-1","max-image-preview":"max-image-preview:large","max-video-preview":"max-video-preview:-1"},"og_locale":"de_DE","og_type":"article","og_title":"Lyngdorf SDA-2400 | Freakuence!","og_description":"Lyngdorf SDA-2400: leistungsstarker Stereo-Endverst\u00e4rker mit analogen und digitalen Eing\u00e4ngen. \u2713 Neue & gebrauchte HiFi-Ger\u00e4te \u2713 Kundenbewertung: 4.9 von 5 \u2713 Inzahlungnahme \u2713 H\u00f6rprobe","og_url":"https:\/\/dev.freakuence.nl\/de\/produkt\/lyngdorf-sda-2400-2\/","og_site_name":"Freakuence!","article_modified_time":"2026-04-10T13:47:29+00:00","og_image":[{"width":1800,"height":1200,"url":"https:\/\/dev.freakuence.nl\/wp-content\/uploads\/2026\/04\/17738417292653-19054-IMG3240-1.jpg","type":"image\/jpeg"}],"twitter_card":"summary_large_image","schema":{"@context":"https:\/\/schema.org","@graph":[{"@type":"WebPage","@id":"https:\/\/dev.freakuence.nl\/de\/produkt\/lyngdorf-sda-2400-2\/","url":"https:\/\/dev.freakuence.nl\/de\/produkt\/lyngdorf-sda-2400-2\/","name":"Lyngdorf SDA-2400 | Freakuence!","isPartOf":{"@id":"https:\/\/dev.freakuence.nl\/de\/#website"},"primaryImageOfPage":{"@id":"https:\/\/dev.freakuence.nl\/de\/produkt\/lyngdorf-sda-2400-2\/#primaryimage"},"image":{"@id":"https:\/\/dev.freakuence.nl\/de\/produkt\/lyngdorf-sda-2400-2\/#primaryimage"},"thumbnailUrl":"https:\/\/dev.freakuence.nl\/wp-content\/uploads\/2026\/04\/17738417292653-19054-IMG3240-1.jpg","datePublished":"2026-03-30T16:45:29+00:00","dateModified":"2026-04-10T13:47:29+00:00","description":"Lyngdorf SDA-2400: leistungsstarker Stereo-Endverst\u00e4rker mit analogen und digitalen Eing\u00e4ngen. \u2713 Neue & gebrauchte HiFi-Ger\u00e4te \u2713 Kundenbewertung: 4.9 von 5 \u2713 Inzahlungnahme \u2713 H\u00f6rprobe","breadcrumb":{"@id":"https:\/\/dev.freakuence.nl\/de\/produkt\/lyngdorf-sda-2400-2\/#breadcrumb"},"inLanguage":"de","potentialAction":[{"@type":"ReadAction","target":["https:\/\/dev.freakuence.nl\/de\/produkt\/lyngdorf-sda-2400-2\/"]}]},{"@type":"ImageObject","inLanguage":"de","@id":"https:\/\/dev.freakuence.nl\/de\/produkt\/lyngdorf-sda-2400-2\/#primaryimage","url":"https:\/\/dev.freakuence.nl\/wp-content\/uploads\/2026\/04\/17738417292653-19054-IMG3240-1.jpg","contentUrl":"https:\/\/dev.freakuence.nl\/wp-content\/uploads\/2026\/04\/17738417292653-19054-IMG3240-1.jpg","width":1800,"height":1200},{"@type":"BreadcrumbList","@id":"https:\/\/dev.freakuence.nl\/de\/produkt\/lyngdorf-sda-2400-2\/#breadcrumb","itemListElement":[{"@type":"ListItem","position":1,"name":"Startseite","item":"https:\/\/dev.freakuence.nl\/de\/"},{"@type":"ListItem","position":2,"name":"Produkte","item":"https:\/\/dev.freakuence.nl\/de\/produkte\/"},{"@type":"ListItem","position":3,"name":"Lyngdorf SDA-2400"}]},{"@type":"WebSite","@id":"https:\/\/dev.freakuence.nl\/de\/#website","url":"https:\/\/dev.freakuence.nl\/de\/","name":"Freakuence!","description":"Freakuence!","publisher":{"@id":"https:\/\/dev.freakuence.nl\/de\/#organization"},"alternateName":"Freakuence","potentialAction":[{"@type":"SearchAction","target":{"@type":"EntryPoint","urlTemplate":"https:\/\/dev.freakuence.nl\/de\/?s={search_term_string}"},"query-input":{"@type":"PropertyValueSpecification","valueRequired":true,"valueName":"search_term_string"}}],"inLanguage":"de"},{"@type":"Organization","@id":"https:\/\/dev.freakuence.nl\/de\/#organization","name":"Freakuence!","url":"https:\/\/dev.freakuence.nl\/de\/","logo":{"@type":"ImageObject","inLanguage":"de","@id":"https:\/\/dev.freakuence.nl\/de\/#\/schema\/logo\/image\/","url":"https:\/\/dev.freakuence.nl\/wp-content\/uploads\/2022\/05\/Brown_3_RGB_Freakuence-1.png","contentUrl":"https:\/\/dev.freakuence.nl\/wp-content\/uploads\/2022\/05\/Brown_3_RGB_Freakuence-1.png","width":2560,"height":684,"caption":"Freakuence!"},"image":{"@id":"https:\/\/dev.freakuence.nl\/de\/#\/schema\/logo\/image\/"},"sameAs":["https:\/\/www.instagram.com\/freakuence_notorious_audio\/"]}]}},"_links":{"self":[{"href":"https:\/\/dev.freakuence.nl\/de\/wp-json\/wp\/v2\/product\/373358","targetHints":{"allow":["GET"]}}],"collection":[{"href":"https:\/\/dev.freakuence.nl\/de\/wp-json\/wp\/v2\/product"}],"about":[{"href":"https:\/\/dev.freakuence.nl\/de\/wp-json\/wp\/v2\/types\/product"}],"wp:featuredmedia":[{"embeddable":true,"href":"https:\/\/dev.freakuence.nl\/de\/wp-json\/wp\/v2\/media\/391458"}],"wp:attachment":[{"href":"https:\/\/dev.freakuence.nl\/de\/wp-json\/wp\/v2\/media?parent=373358"}],"wp:term":[{"taxonomy":"product_brand","embeddable":true,"href":"https:\/\/dev.freakuence.nl\/de\/wp-json\/wp\/v2\/product_brand?post=373358"},{"taxonomy":"product_cat","embeddable":true,"href":"https:\/\/dev.freakuence.nl\/de\/wp-json\/wp\/v2\/product_cat?post=373358"},{"taxonomy":"product_tag","embeddable":true,"href":"https:\/\/dev.freakuence.nl\/de\/wp-json\/wp\/v2\/product_tag?post=373358"}],"curies":[{"name":"wp","href":"https:\/\/api.w.org\/{rel}","templated":true}]}}