{"id":373681,"date":"2026-03-30T21:45:00","date_gmt":"2026-03-30T19:45:00","guid":{"rendered":"https:\/\/freakuence.nl\/product\/audioquest-erde-xlr-75cm\/"},"modified":"2026-04-10T16:04:43","modified_gmt":"2026-04-10T14:04:43","slug":"audioquest-erde-xlr-75cm","status":"publish","type":"product","link":"https:\/\/dev.freakuence.nl\/de\/produkt\/audioquest-erde-xlr-75cm\/","title":{"rendered":"AudioQuest Erde XLR 75cm"},"content":{"rendered":"<div class=\"product-specifications-list\">\n<div class=\"specification-item row-header\"><span class=\"spec-content\"><strong>Beschreibung Freakuence!<\/strong><\/span><\/div>\n<div class=\"specification-item row-even\"><span class=\"spec-content\">Die Erde. Ja, das stimmt. <\/span><\/div>\n<div class=\"specification-item row-header\"><span class=\"spec-content\"><strong>Details<\/strong><\/span><\/div>\n<div class=\"specification-item row-even\"><span class=\"spec-content\">Sie suchen ein anderes Modell aus der aktuellen Serie der Marke? Schicken Sie uns eine Nachricht!  Wir m\u00f6chten, dass es Spa\u00df macht.<\/span><\/div>\n<div class=\"specification-item row-header\"><span class=\"spec-content\"><strong>Allgemeine Beschreibung<\/strong><\/span><\/div>\n<div class=\"specification-item row-even\"><span class=\"spec-content\">Das AudioQuest Earth XLR 75cm ist ein hochwertiges symmetrisches Verbindungskabel, das die Klangb\u00fchne Ihres Audiosystems optimiert. Dank seiner fortschrittlichen Konstruktion und Materialien tr\u00e4gt dieses Kabel zu einer pr\u00e4zisen Musikwiedergabe mit verbesserter Dynamik und Detailtreue bei. <\/p>\n<p>Dank der Verwendung von Perfect-Surface Copper+ (PSC+) Leitern minimiert das AudioQuest Earth XLR 75cm Verzerrungen und Rauschen, was zu einem klaren und transparenten Stereobild f\u00fchrt. Die FEP Air-Tube Isolierung sorgt f\u00fcr eine stabile Signal\u00fcbertragung, w\u00e4hrend das Dielectric-Bias System (DBS) mit Hochfrequenzerfassung die Signalintegrit\u00e4t weiter verbessert. <\/p>\n<p>M\u00f6chten Sie selbst erleben, wie das AudioQuest Earth XLR 75cm das Klangbild Ihres Systems verbessern kann? Vereinbaren Sie eine H\u00f6rsitzung in unserem H\u00f6rraum oder kontaktieren Sie uns, um die Inzahlungnahme zu besprechen. <\/span><\/div>\n<div class=\"specification-item row-header\"><span class=\"spec-content\"><strong>Hintergrundinformationen<\/strong><\/span><\/div>\n<div class=\"specification-item row-even\"><span class=\"spec-content\">Bei der Entwicklung des AudioQuest Earth XLR wurde besonderer Wert auf Signalreinheit und Pr\u00e4zision gelegt. Das hochwertige Kupfer, PSC+ (Perfect-Surface Copper+), minimiert Verzerrungen und Signalverluste. Eine dreifach ausgewogene Geometrie und ein kohlenstoffbasiertes Rauschunterdr\u00fcckungssystem helfen, Rauschen zu eliminieren. Die dialektische Bias-System-Technologie stabilisiert die Isolierung und verbessert die Leistung weiter. Das Kabel ist pr\u00e4zise gefertigt und sorgf\u00e4ltig getestet, um h\u00f6chste Audioqualit\u00e4t zu gew\u00e4hrleisten. Es werden keine genauen Angaben zu den Designern oder Ingenieuren gemacht.     <\/span><\/div>\n<div class=\"specification-item row-header\"><span class=\"spec-content\"><strong>Geschichte der Marke<\/strong><\/span><\/div>\n<div class=\"specification-item row-even\"><span class=\"spec-content\">AudioQuest wurde 1980 von William E. Low in Kalifornien, USA, gegr\u00fcndet. Die Marke begann mit der manuellen Konfektionierung von Kabeln nach speziellen Designmethoden, die auf der Minimierung von Verzerrungen basieren. Seitdem hat AudioQuest eine Produktlinie entwickelt, die Interlink-Kabel, Lautsprecherkabel, Digital- und Netzwerkkabel, Netzprodukte und tragbares Zubeh\u00f6r umfasst. Das Unternehmen hat von Anfang an auf die Verwendung von gerichteten Kabeln und massiven Leitern gesetzt. Im Jahr 2012 stellte AudioQuest den DragonFly vor, einen USB-DAC. Die Produktentwicklung findet in den Vereinigten Staaten statt, w\u00e4hrend die Produktion teilweise in China und anderswo erfolgt. AudioQuest verfolgt eine Philosophie, bei der Materialauswahl, Geometrie und Verarbeitung einen direkten Einfluss auf die Leistung der Kabel haben.      <\/span><\/div>\n<\/div>\n","protected":false},"excerpt":{"rendered":"<p>Beschreibung Freakuence! Die Erde. Ja, das stimmt. Details Sie suchen ein anderes Modell aus der aktuellen Serie der Marke? Schicken Sie uns eine Nachricht! Wir m\u00f6chten, dass es Spa\u00df macht. Allgemeine Beschreibung Das AudioQuest Earth XLR 75cm ist ein hochwertiges symmetrisches Verbindungskabel, das die Klangb\u00fchne Ihres Audiosystems optimiert. Dank seiner fortschrittlichen Konstruktion und Materialien tr\u00e4gt [&hellip;]<\/p>\n","protected":false},"featured_media":396239,"template":"","meta":{"_acf_changed":false,"inline_featured_image":false},"product_brand":[],"product_cat":[345],"product_tag":[534],"class_list":{"0":"post-373681","1":"product","2":"type-product","3":"status-publish","4":"has-post-thumbnail","6":"product_cat-speakers","7":"product_tag-benutzt","8":"pa_kleur-schwarz","10":"first","11":"instock","12":"sold-individually","13":"purchasable","14":"product-type-simple"},"acf":{"website":true,"show_on_homepage":false,"brand_title":"AudioQuest","product_type":"Earth XLR 75cm","color":"Schwarz","subcolor":"","reserved_status":"0"},"_links":{"self":[{"href":"https:\/\/dev.freakuence.nl\/de\/wp-json\/wp\/v2\/product\/373681","targetHints":{"allow":["GET"]}}],"collection":[{"href":"https:\/\/dev.freakuence.nl\/de\/wp-json\/wp\/v2\/product"}],"about":[{"href":"https:\/\/dev.freakuence.nl\/de\/wp-json\/wp\/v2\/types\/product"}],"wp:featuredmedia":[{"embeddable":true,"href":"https:\/\/dev.freakuence.nl\/de\/wp-json\/wp\/v2\/media\/396239"}],"wp:attachment":[{"href":"https:\/\/dev.freakuence.nl\/de\/wp-json\/wp\/v2\/media?parent=373681"}],"wp:term":[{"taxonomy":"product_brand","embeddable":true,"href":"https:\/\/dev.freakuence.nl\/de\/wp-json\/wp\/v2\/product_brand?post=373681"},{"taxonomy":"product_cat","embeddable":true,"href":"https:\/\/dev.freakuence.nl\/de\/wp-json\/wp\/v2\/product_cat?post=373681"},{"taxonomy":"product_tag","embeddable":true,"href":"https:\/\/dev.freakuence.nl\/de\/wp-json\/wp\/v2\/product_tag?post=373681"}],"curies":[{"name":"wp","href":"https:\/\/api.w.org\/{rel}","templated":true}]}}