{"id":373918,"date":"2026-03-31T15:12:52","date_gmt":"2026-03-31T13:12:52","guid":{"rendered":"https:\/\/freakuence.nl\/product\/mcintosh-mc451\/"},"modified":"2026-04-10T15:48:28","modified_gmt":"2026-04-10T13:48:28","slug":"mcintosh-mc451","status":"publish","type":"product","link":"https:\/\/dev.freakuence.nl\/de\/produkt\/mcintosh-mc451\/","title":{"rendered":"McIntosh MC451"},"content":{"rendered":"<div class=\"product-specifications-list\">\n<div class=\"specification-item row-header\"><span class=\"spec-content\"><strong>Beschreibung Freakuence!<\/strong><\/span><\/div>\n<div class=\"specification-item row-even\"><span class=\"spec-content\">Was f\u00fcr eine Party! Das ist sicherlich bizarr. Diese hybriden Mono-Verst\u00e4rker kombinieren eine 150-Watt-R\u00f6hrensektion mit einer 300-Watt-Solid-State-Sektion, ideal f\u00fcr Bi-Amping. Die R\u00f6hren liefern eine sehr warme und nat\u00fcrliche Wiedergabe, w\u00e4hrend die Solid-State-Sektion straffe und kontrollierte B\u00e4sse liefert. Die interne Frequenzweiche erm\u00f6glicht eine nahtlose Integration zwischen beiden Sektionen, was zu einem ausgewogenen und dynamischen Klang f\u00fchrt.    <\/span><\/div>\n<div class=\"specification-item row-odd\"><span class=\"spec-content\">Ladenpreis: 40980.00<\/span><\/div>\n<div class=\"specification-item row-header\"><span class=\"spec-content\"><strong>Details<\/strong><\/span><\/div>\n<div class=\"specification-item row-even\"><span class=\"spec-content\">Zwei Monate alt.<\/span><\/div>\n<div class=\"specification-item row-odd\"><span class=\"spec-content\">Manchmal wollen Menschen etwas anderes, manchmal sehr schnell. Mochten sie diese Person nicht, werden wir dann gefragt&#8230;. nein, so funktioniert das nicht unbedingt. Manchmal steigen die Leute sofort um, weil ihnen die Leistung gef\u00e4llt. Oder es ergibt sich eine andere Gelegenheit hier im Gesch\u00e4ft, die zu einer Inzahlungnahme f\u00fchrt. Es kann auch sein, dass es nicht gut in das ganze Set passt. Nat\u00fcrlich kann es auch sein, dass jemand einfach nicht zufrieden ist.     <\/span><\/div>\n<div class=\"specification-item row-even\"><span class=\"spec-content\">Die Kappen sind nicht abgebildet, aber erh\u00e4ltlich.<\/span><\/div>\n<div class=\"specification-item row-odd\"><span class=\"spec-content\">Sie suchen ein anderes Modell aus der aktuellen Serie der Marke? Schicken Sie uns eine Nachricht!  Wir m\u00f6chten, dass es Spa\u00df macht.<\/span><\/div>\n<div class=\"specification-item row-header\"><span class=\"spec-content\"><strong>Allgemeine Beschreibung<\/strong><\/span><\/div>\n<div class=\"specification-item row-even\"><span class=\"spec-content\">Der McIntosh MC451 ist ein Dual-Mono-Verst\u00e4rker mit Hybrid Drive\u2122 Technologie, der einen R\u00f6hrenverst\u00e4rker und einen Halbleiterverst\u00e4rker in einem einzigen Geh\u00e4use kombiniert. Diese Konfiguration gew\u00e4hrleistet eine optimale Klangwiedergabe, wobei der R\u00f6hrenverst\u00e4rker die mittleren und hohen Frequenzen antreibt und der Halbleiterverst\u00e4rker die tiefen Frequenzen \u00fcbernimmt.   <\/p>\n<p>Mit einer Leistung von 150 Watt f\u00fcr den R\u00f6hrenverst\u00e4rker und 300 Watt f\u00fcr den Solid-State-Verst\u00e4rker liefert der McIntosh MC451 genug Power, um fast jeden Lautsprecher anzutreiben. Die integrierte Frequenzweiche erm\u00f6glicht eine pr\u00e4zise Abstimmung der Frequenzverteilung zwischen den beiden Verst\u00e4rkersektionen und sorgt so f\u00fcr eine dynamische und detaillierte Klangwiedergabe.   <\/p>\n<p>Der McIntosh MC451 verf\u00fcgt \u00fcber das DualView\u2122 Power Output Meter, das die Ausgangsleistung sowohl der R\u00f6hren- als auch der Solid-State-Sektion in Echtzeit anzeigt. Dar\u00fcber hinaus verf\u00fcgt der Verst\u00e4rker \u00fcber verschiedene McIntosh-Technologien wie Power Guard\u00ae, Sentry Monitor\u2122 und Solid Cinch\u2122-Lautsprecheranschl\u00fcsse, die zu einer zuverl\u00e4ssigen und hochwertigen Audiowiedergabe beitragen.   <\/p>\n<p>M\u00f6chten Sie den McIntosh MC451 selbst erleben? Vereinbaren Sie einen Termin f\u00fcr eine H\u00f6rsitzung, um die einzigartige Kombination aus R\u00f6hren- und Halbleiterverst\u00e4rker zu entdecken und die M\u00f6glichkeiten der Inzahlungnahme oder des Vergleichs mit anderen Verst\u00e4rkern zu besprechen. <\/span><\/div>\n<div class=\"specification-item row-header\"><span class=\"spec-content\"><strong>Hintergrundinformationen<\/strong><\/span><\/div>\n<div class=\"specification-item row-even\"><span class=\"spec-content\">Der McIntosh MC451 ist ein innovativer Leistungsverst\u00e4rker mit Hybridtechnologie, der vom renommierten McIntosh Ingenieurteam entwickelt wurde. Das Design kombiniert einen 150-W-R\u00f6hrenverst\u00e4rker mit einer 300-W-Solid-State-Ausgangsstufe und bietet so ein reichhaltiges Musikerlebnis. Das Geh\u00e4use ist aus hochwertigem Stahl mit einer kratzfesten, spiegelnden Oberfl\u00e4che gefertigt. Die interne Verkabelung wurde sorgf\u00e4ltig f\u00fcr eine optimale Signalintegrit\u00e4t konstruiert. McIntosh verwendet nur sorgf\u00e4ltig ausgew\u00e4hlte Materialien von zuverl\u00e4ssigen Lieferanten, um h\u00f6chste Verarbeitungsqualit\u00e4t und Haltbarkeit zu gew\u00e4hrleisten.    <\/span><\/div>\n<div class=\"specification-item row-header\"><span class=\"spec-content\"><strong>Geschichte der Marke<\/strong><\/span><\/div>\n<div class=\"specification-item row-even\"><span class=\"spec-content\">Das McIntosh Laboratory wurde 1949 von Frank H. McIntosh und Gordon Gow gegr\u00fcndet und hat seinen Sitz in Binghamton, New York. 1965 wurden McIntosh-Verst\u00e4rker bei der Rede zur Amtseinf\u00fchrung von Pr\u00e4sident Lyndon B. Johnson eingesetzt. 1969 sorgten zwanzig McIntosh MC3500 R\u00f6hrenverst\u00e4rker f\u00fcr den Sound beim Woodstock-Festival. 1974 verwendeten die Grateful Dead 48 McIntosh MC2300 Verst\u00e4rker f\u00fcr ihr &#8222;Wall of Sound&#8220;-System. 1990 wurde McIntosh von Clarion \u00fcbernommen, gefolgt von einer \u00dcbernahme durch D&amp;M Holdings im Jahr 2003. Im Jahr 2022 wurde das Unternehmen an eine private Beteiligungsgesellschaft verkauft. McIntosh ist bekannt f\u00fcr seine schwarzen Glasfronten und blauen VU-Meter.      <\/span><\/div>\n<\/div>\n","protected":false},"excerpt":{"rendered":"<p>Beschreibung Freakuence! Was f\u00fcr eine Party! Das ist sicherlich bizarr. Diese hybriden Mono-Verst\u00e4rker kombinieren eine 150-Watt-R\u00f6hrensektion mit einer 300-Watt-Solid-State-Sektion, ideal f\u00fcr Bi-Amping. Die R\u00f6hren liefern eine sehr warme und nat\u00fcrliche Wiedergabe, w\u00e4hrend die Solid-State-Sektion straffe und kontrollierte B\u00e4sse liefert. Die interne Frequenzweiche erm\u00f6glicht eine nahtlose Integration zwischen beiden Sektionen, was zu einem ausgewogenen und dynamischen [&hellip;]<\/p>\n","protected":false},"featured_media":391376,"template":"","meta":{"_acf_changed":false,"inline_featured_image":false},"product_brand":[],"product_cat":[755,750,532],"product_tag":[534],"class_list":{"0":"post-373918","1":"product","2":"type-product","3":"status-publish","4":"has-post-thumbnail","6":"product_cat-hybride-leistungsverstarker","7":"product_cat-leistungsverstarker","8":"product_cat-verstarker","9":"product_tag-benutzt","10":"pa_kleur-schwarz","12":"first","13":"instock","14":"sold-individually","15":"purchasable","16":"product-type-simple"},"acf":{"website":true,"show_on_homepage":false,"brand_title":"McIntosh","product_type":"MC451","color":"Schwarz","subcolor":"","reserved_status":"0"},"yoast_head":"<!-- This site is optimized with the Yoast SEO plugin v25.9 - https:\/\/yoast.com\/wordpress\/plugins\/seo\/ -->\n<title>McIntosh MC451 | Freakuence!<\/title>\n<meta name=\"description\" content=\"McIntosh MC451: 150W R\u00f6hren- und 300W Halbleiterverst\u00e4rker in einem f\u00fcr ultimatives Bi-Amping. \u2713 Neue &amp; gebrauchte HiFi-Ger\u00e4te \u2713 Kundenbewertung: 4.9 von 5 \u2713 Inzahlungnahme \u2713 H\u00f6rprobe\" \/>\n<meta name=\"robots\" content=\"noindex, follow, max-snippet:-1, max-image-preview:large, max-video-preview:-1\" \/>\n<meta property=\"og:locale\" content=\"de_DE\" \/>\n<meta property=\"og:type\" content=\"article\" \/>\n<meta property=\"og:title\" content=\"McIntosh MC451 | Freakuence!\" \/>\n<meta property=\"og:description\" content=\"McIntosh MC451: 150W R\u00f6hren- und 300W Halbleiterverst\u00e4rker in einem f\u00fcr ultimatives Bi-Amping. \u2713 Neue &amp; gebrauchte HiFi-Ger\u00e4te \u2713 Kundenbewertung: 4.9 von 5 \u2713 Inzahlungnahme \u2713 H\u00f6rprobe\" \/>\n<meta property=\"og:url\" content=\"https:\/\/dev.freakuence.nl\/de\/produkt\/mcintosh-mc451\/\" \/>\n<meta property=\"og:site_name\" content=\"Freakuence!\" \/>\n<meta property=\"article:modified_time\" content=\"2026-04-10T13:48:28+00:00\" \/>\n<meta property=\"og:image\" content=\"https:\/\/dev.freakuence.nl\/wp-content\/uploads\/2026\/04\/17749413004900-18999-IMG4436-11.jpg\" \/>\n\t<meta property=\"og:image:width\" content=\"1800\" \/>\n\t<meta property=\"og:image:height\" content=\"1200\" \/>\n\t<meta property=\"og:image:type\" content=\"image\/jpeg\" \/>\n<meta name=\"twitter:card\" content=\"summary_large_image\" \/>\n<script type=\"application\/ld+json\" class=\"yoast-schema-graph\">{\"@context\":\"https:\/\/schema.org\",\"@graph\":[{\"@type\":\"WebPage\",\"@id\":\"https:\/\/dev.freakuence.nl\/de\/produkt\/mcintosh-mc451\/\",\"url\":\"https:\/\/dev.freakuence.nl\/de\/produkt\/mcintosh-mc451\/\",\"name\":\"McIntosh MC451 | Freakuence!\",\"isPartOf\":{\"@id\":\"https:\/\/dev.freakuence.nl\/de\/#website\"},\"primaryImageOfPage\":{\"@id\":\"https:\/\/dev.freakuence.nl\/de\/produkt\/mcintosh-mc451\/#primaryimage\"},\"image\":{\"@id\":\"https:\/\/dev.freakuence.nl\/de\/produkt\/mcintosh-mc451\/#primaryimage\"},\"thumbnailUrl\":\"https:\/\/dev.freakuence.nl\/wp-content\/uploads\/2026\/04\/17749413004900-18999-IMG4436-11.jpg\",\"datePublished\":\"2026-03-31T13:12:52+00:00\",\"dateModified\":\"2026-04-10T13:48:28+00:00\",\"description\":\"McIntosh MC451: 150W R\u00f6hren- und 300W Halbleiterverst\u00e4rker in einem f\u00fcr ultimatives Bi-Amping. \u2713 Neue & gebrauchte HiFi-Ger\u00e4te \u2713 Kundenbewertung: 4.9 von 5 \u2713 Inzahlungnahme \u2713 H\u00f6rprobe\",\"breadcrumb\":{\"@id\":\"https:\/\/dev.freakuence.nl\/de\/produkt\/mcintosh-mc451\/#breadcrumb\"},\"inLanguage\":\"de\",\"potentialAction\":[{\"@type\":\"ReadAction\",\"target\":[\"https:\/\/dev.freakuence.nl\/de\/produkt\/mcintosh-mc451\/\"]}]},{\"@type\":\"ImageObject\",\"inLanguage\":\"de\",\"@id\":\"https:\/\/dev.freakuence.nl\/de\/produkt\/mcintosh-mc451\/#primaryimage\",\"url\":\"https:\/\/dev.freakuence.nl\/wp-content\/uploads\/2026\/04\/17749413004900-18999-IMG4436-11.jpg\",\"contentUrl\":\"https:\/\/dev.freakuence.nl\/wp-content\/uploads\/2026\/04\/17749413004900-18999-IMG4436-11.jpg\",\"width\":1800,\"height\":1200},{\"@type\":\"BreadcrumbList\",\"@id\":\"https:\/\/dev.freakuence.nl\/de\/produkt\/mcintosh-mc451\/#breadcrumb\",\"itemListElement\":[{\"@type\":\"ListItem\",\"position\":1,\"name\":\"Startseite\",\"item\":\"https:\/\/dev.freakuence.nl\/de\/\"},{\"@type\":\"ListItem\",\"position\":2,\"name\":\"Produkte\",\"item\":\"https:\/\/dev.freakuence.nl\/de\/produkte\/\"},{\"@type\":\"ListItem\",\"position\":3,\"name\":\"McIntosh MC451\"}]},{\"@type\":\"WebSite\",\"@id\":\"https:\/\/dev.freakuence.nl\/de\/#website\",\"url\":\"https:\/\/dev.freakuence.nl\/de\/\",\"name\":\"Freakuence!\",\"description\":\"Freakuence!\",\"publisher\":{\"@id\":\"https:\/\/dev.freakuence.nl\/de\/#organization\"},\"alternateName\":\"Freakuence\",\"potentialAction\":[{\"@type\":\"SearchAction\",\"target\":{\"@type\":\"EntryPoint\",\"urlTemplate\":\"https:\/\/dev.freakuence.nl\/de\/?s={search_term_string}\"},\"query-input\":{\"@type\":\"PropertyValueSpecification\",\"valueRequired\":true,\"valueName\":\"search_term_string\"}}],\"inLanguage\":\"de\"},{\"@type\":\"Organization\",\"@id\":\"https:\/\/dev.freakuence.nl\/de\/#organization\",\"name\":\"Freakuence!\",\"url\":\"https:\/\/dev.freakuence.nl\/de\/\",\"logo\":{\"@type\":\"ImageObject\",\"inLanguage\":\"de\",\"@id\":\"https:\/\/dev.freakuence.nl\/de\/#\/schema\/logo\/image\/\",\"url\":\"https:\/\/dev.freakuence.nl\/wp-content\/uploads\/2022\/05\/Brown_3_RGB_Freakuence-1.png\",\"contentUrl\":\"https:\/\/dev.freakuence.nl\/wp-content\/uploads\/2022\/05\/Brown_3_RGB_Freakuence-1.png\",\"width\":2560,\"height\":684,\"caption\":\"Freakuence!\"},\"image\":{\"@id\":\"https:\/\/dev.freakuence.nl\/de\/#\/schema\/logo\/image\/\"},\"sameAs\":[\"https:\/\/www.instagram.com\/freakuence_notorious_audio\/\"]}]}<\/script>\n<!-- \/ Yoast SEO plugin. -->","yoast_head_json":{"title":"McIntosh MC451 | Freakuence!","description":"McIntosh MC451: 150W R\u00f6hren- und 300W Halbleiterverst\u00e4rker in einem f\u00fcr ultimatives Bi-Amping. \u2713 Neue & gebrauchte HiFi-Ger\u00e4te \u2713 Kundenbewertung: 4.9 von 5 \u2713 Inzahlungnahme \u2713 H\u00f6rprobe","robots":{"index":"noindex","follow":"follow","max-snippet":"max-snippet:-1","max-image-preview":"max-image-preview:large","max-video-preview":"max-video-preview:-1"},"og_locale":"de_DE","og_type":"article","og_title":"McIntosh MC451 | Freakuence!","og_description":"McIntosh MC451: 150W R\u00f6hren- und 300W Halbleiterverst\u00e4rker in einem f\u00fcr ultimatives Bi-Amping. \u2713 Neue & gebrauchte HiFi-Ger\u00e4te \u2713 Kundenbewertung: 4.9 von 5 \u2713 Inzahlungnahme \u2713 H\u00f6rprobe","og_url":"https:\/\/dev.freakuence.nl\/de\/produkt\/mcintosh-mc451\/","og_site_name":"Freakuence!","article_modified_time":"2026-04-10T13:48:28+00:00","og_image":[{"width":1800,"height":1200,"url":"https:\/\/dev.freakuence.nl\/wp-content\/uploads\/2026\/04\/17749413004900-18999-IMG4436-11.jpg","type":"image\/jpeg"}],"twitter_card":"summary_large_image","schema":{"@context":"https:\/\/schema.org","@graph":[{"@type":"WebPage","@id":"https:\/\/dev.freakuence.nl\/de\/produkt\/mcintosh-mc451\/","url":"https:\/\/dev.freakuence.nl\/de\/produkt\/mcintosh-mc451\/","name":"McIntosh MC451 | Freakuence!","isPartOf":{"@id":"https:\/\/dev.freakuence.nl\/de\/#website"},"primaryImageOfPage":{"@id":"https:\/\/dev.freakuence.nl\/de\/produkt\/mcintosh-mc451\/#primaryimage"},"image":{"@id":"https:\/\/dev.freakuence.nl\/de\/produkt\/mcintosh-mc451\/#primaryimage"},"thumbnailUrl":"https:\/\/dev.freakuence.nl\/wp-content\/uploads\/2026\/04\/17749413004900-18999-IMG4436-11.jpg","datePublished":"2026-03-31T13:12:52+00:00","dateModified":"2026-04-10T13:48:28+00:00","description":"McIntosh MC451: 150W R\u00f6hren- und 300W Halbleiterverst\u00e4rker in einem f\u00fcr ultimatives Bi-Amping. \u2713 Neue & gebrauchte HiFi-Ger\u00e4te \u2713 Kundenbewertung: 4.9 von 5 \u2713 Inzahlungnahme \u2713 H\u00f6rprobe","breadcrumb":{"@id":"https:\/\/dev.freakuence.nl\/de\/produkt\/mcintosh-mc451\/#breadcrumb"},"inLanguage":"de","potentialAction":[{"@type":"ReadAction","target":["https:\/\/dev.freakuence.nl\/de\/produkt\/mcintosh-mc451\/"]}]},{"@type":"ImageObject","inLanguage":"de","@id":"https:\/\/dev.freakuence.nl\/de\/produkt\/mcintosh-mc451\/#primaryimage","url":"https:\/\/dev.freakuence.nl\/wp-content\/uploads\/2026\/04\/17749413004900-18999-IMG4436-11.jpg","contentUrl":"https:\/\/dev.freakuence.nl\/wp-content\/uploads\/2026\/04\/17749413004900-18999-IMG4436-11.jpg","width":1800,"height":1200},{"@type":"BreadcrumbList","@id":"https:\/\/dev.freakuence.nl\/de\/produkt\/mcintosh-mc451\/#breadcrumb","itemListElement":[{"@type":"ListItem","position":1,"name":"Startseite","item":"https:\/\/dev.freakuence.nl\/de\/"},{"@type":"ListItem","position":2,"name":"Produkte","item":"https:\/\/dev.freakuence.nl\/de\/produkte\/"},{"@type":"ListItem","position":3,"name":"McIntosh MC451"}]},{"@type":"WebSite","@id":"https:\/\/dev.freakuence.nl\/de\/#website","url":"https:\/\/dev.freakuence.nl\/de\/","name":"Freakuence!","description":"Freakuence!","publisher":{"@id":"https:\/\/dev.freakuence.nl\/de\/#organization"},"alternateName":"Freakuence","potentialAction":[{"@type":"SearchAction","target":{"@type":"EntryPoint","urlTemplate":"https:\/\/dev.freakuence.nl\/de\/?s={search_term_string}"},"query-input":{"@type":"PropertyValueSpecification","valueRequired":true,"valueName":"search_term_string"}}],"inLanguage":"de"},{"@type":"Organization","@id":"https:\/\/dev.freakuence.nl\/de\/#organization","name":"Freakuence!","url":"https:\/\/dev.freakuence.nl\/de\/","logo":{"@type":"ImageObject","inLanguage":"de","@id":"https:\/\/dev.freakuence.nl\/de\/#\/schema\/logo\/image\/","url":"https:\/\/dev.freakuence.nl\/wp-content\/uploads\/2022\/05\/Brown_3_RGB_Freakuence-1.png","contentUrl":"https:\/\/dev.freakuence.nl\/wp-content\/uploads\/2022\/05\/Brown_3_RGB_Freakuence-1.png","width":2560,"height":684,"caption":"Freakuence!"},"image":{"@id":"https:\/\/dev.freakuence.nl\/de\/#\/schema\/logo\/image\/"},"sameAs":["https:\/\/www.instagram.com\/freakuence_notorious_audio\/"]}]}},"_links":{"self":[{"href":"https:\/\/dev.freakuence.nl\/de\/wp-json\/wp\/v2\/product\/373918","targetHints":{"allow":["GET"]}}],"collection":[{"href":"https:\/\/dev.freakuence.nl\/de\/wp-json\/wp\/v2\/product"}],"about":[{"href":"https:\/\/dev.freakuence.nl\/de\/wp-json\/wp\/v2\/types\/product"}],"wp:featuredmedia":[{"embeddable":true,"href":"https:\/\/dev.freakuence.nl\/de\/wp-json\/wp\/v2\/media\/391376"}],"wp:attachment":[{"href":"https:\/\/dev.freakuence.nl\/de\/wp-json\/wp\/v2\/media?parent=373918"}],"wp:term":[{"taxonomy":"product_brand","embeddable":true,"href":"https:\/\/dev.freakuence.nl\/de\/wp-json\/wp\/v2\/product_brand?post=373918"},{"taxonomy":"product_cat","embeddable":true,"href":"https:\/\/dev.freakuence.nl\/de\/wp-json\/wp\/v2\/product_cat?post=373918"},{"taxonomy":"product_tag","embeddable":true,"href":"https:\/\/dev.freakuence.nl\/de\/wp-json\/wp\/v2\/product_tag?post=373918"}],"curies":[{"name":"wp","href":"https:\/\/api.w.org\/{rel}","templated":true}]}}