{"id":374793,"date":"2026-04-01T16:25:45","date_gmt":"2026-04-01T14:25:45","guid":{"rendered":"https:\/\/freakuence.nl\/product\/kef-r3-meta-3\/"},"modified":"2026-04-02T09:38:27","modified_gmt":"2026-04-02T07:38:27","slug":"kef-r3-meta-3","status":"publish","type":"product","link":"https:\/\/dev.freakuence.nl\/de\/produkt\/kef-r3-meta-3\/","title":{"rendered":"KEF R3 Meta"},"content":{"rendered":"<div class=\"product-specifications-list\">\n<div class=\"specification-item row-header\"><span class=\"spec-content\"><strong>Beschreibung Freakuence!<\/strong><\/span><\/div>\n<div class=\"specification-item row-even\"><span class=\"spec-content\">Hochbelastbare Monitore aus der feinen R-Linie von KEF. Sie spielen mit viel Tiefdruck und \u00dcberzeugung, mit einem korrekten und musikalischen Mitteltonbereich. Die R-Linie spielt mit erstaunlich wenig Verzerrung.  <\/span><\/div>\n<div class=\"specification-item row-odd\"><span class=\"spec-content\">Einzelhandelspreis: 2.400,00<\/span><\/div>\n<div class=\"specification-item row-header\"><span class=\"spec-content\"><strong>Details<\/strong><\/span><\/div>\n<div class=\"specification-item row-even\"><span class=\"spec-content\">Jung! Manchmal wollen die Leute etwas anderes, manchmal sehr schnell. Hat es Ihnen nicht gefallen, werden wir dann gefragt&#8230;. nein, so funktioniert das nicht unbedingt. Manche Leute steigen sofort um, weil ihnen die Leistung gef\u00e4llt. Oder es ergibt sich eine andere Gelegenheit hier im Gesch\u00e4ft, die zu einer Inzahlungnahme f\u00fchrt. Es kann auch sein, dass es nicht gut in das ganze Set passt. Nat\u00fcrlich kann es auch sein, dass jemand einfach nicht zufrieden ist.      <\/span><\/div>\n<div class=\"specification-item row-odd\"><span class=\"spec-content\">Da wir H\u00e4ndler dieser Marke sind, bieten wir Ihnen gerne die volle H\u00e4ndler-Garantie auf dieses Produkt an! Und warum? Wir sind zuversichtlich und diese Zusicherung macht es sicherlich angenehmer.  <\/span><\/div>\n<div class=\"specification-item row-even\"><span class=\"spec-content\">Wir haben noch mehr aus der gleichen Serie ausgestellt, siehe Fotos und\/oder andere Anzeigen.<\/span><\/div>\n<div class=\"specification-item row-odd\"><span class=\"spec-content\">Wir sind gerne bereit, damit zu handeln. Schicken Sie uns bitte alles, was Sie zur Verf\u00fcgung haben, wir werden gerne pr\u00fcfen, ob wir es in den Shop stellen k\u00f6nnen. <\/span><\/div>\n<div class=\"specification-item row-header\"><span class=\"spec-content\"><strong>Allgemeine Beschreibung<\/strong><\/span><\/div>\n<div class=\"specification-item row-even\"><span class=\"spec-content\">Der KEF R3 Meta ist ein Drei-Wege-Regallautsprecher, der durch seine Klangqualit\u00e4t und sein Design besticht. Mit der Uni-Q\u00ae Treiberanordnung der 12. Generation und der Metamaterial Absorption Technology (MAT\u2122) liefert dieser Lautsprecher einen klaren und nat\u00fcrlichen Klang. Der Hybrid-Tieft\u00f6ner aus Aluminium sorgt f\u00fcr straffe und kontrollierte B\u00e4sse. Dank des Uni-Q\u00ae-Designs wird der Klang gleichm\u00e4\u00dfig verteilt, was zu einem breiteren Sweet Spot f\u00fchrt. Der R3 Meta ist in verschiedenen Ausf\u00fchrungen erh\u00e4ltlich, darunter Hochglanzschwarz, Hochglanzwei\u00df, Walnuss und eine spezielle Indigo-Hochglanz-Edition. Mit seiner kompakten Gr\u00f6\u00dfe und Vielseitigkeit ist der R3 Meta sowohl f\u00fcr Musik- als auch f\u00fcr Heimkinoanwendungen geeignet.     <\/span><\/div>\n<div class=\"specification-item row-header\"><span class=\"spec-content\"><strong>Hintergrundinformationen<\/strong><\/span><\/div>\n<div class=\"specification-item row-even\"><span class=\"spec-content\">Der KEF R3 Meta wurde gem\u00e4\u00df der akustischen Philosophie von KEF entwickelt: klarer, pr\u00e4ziser Klang mit minimaler Verzerrung. Der Lautsprecher verf\u00fcgt \u00fcber die neueste Uni-Q-Treiberanordnung mit Metamaterial-Absorptionstechnologie (MAT), die unerw\u00fcnschte Resonanzen bis zu 99 % absorbiert. Das Geh\u00e4use ist mit Constrained Layer Damping f\u00fcr reduzierte Vibrationen verst\u00e4rkt. Entwickelt vom Akustik-Team von KEF unter der Leitung von Jack Oclee-Brown.   <\/span><\/div>\n<div class=\"specification-item row-header\"><span class=\"spec-content\"><strong>Geschichte der Marke<\/strong><\/span><\/div>\n<div class=\"specification-item row-even\"><span class=\"spec-content\">KEF wurde 1961 in Maidstone, Kent, vom ehemaligen BBC-Ringmaster Raymond Cooke gegr\u00fcndet. Der Name leitet sich von Kent Engineering &amp; Foundry ab, dem Ort, an dem sich der erste Firmensitz befand. In den Anfangsjahren entwickelte das Unternehmen Produkte aus synthetischen Materialien und mathematischen Modellen. 1973 f\u00fchrte KEF das Reference-Konzept ein, bei dem jedes Paar von Systemen elektronisch aufeinander abgestimmt wurde. In den 1980er Jahren setzte KEF digitale Technologien ein, um die Produktion zu optimieren. Im Jahr 1988 wurde das erste computergest\u00fctzte akustische Messsystem eingesetzt. Die Uni-Q-Treibertechnologie wurde 1988 eingef\u00fchrt und seitdem in mehreren Modellen eingesetzt. KEF hat mit externen Designern zusammengearbeitet, darunter Ross Lovegrove. Im Jahr 2011 wurde der Blade ver\u00f6ffentlicht, das erste Modell, das auf dem Single-Point-Source-Konzept basiert. KEF hat weltweit Niederlassungen, unter anderem in Hongkong, Deutschland, Frankreich, Japan und den USA. Der Hauptsitz und die Abteilung f\u00fcr akustische Forschung befinden sich in Maidstone.          <\/span><\/div>\n<\/div>\n","protected":false},"excerpt":{"rendered":"<p>Beschreibung Freakuence! Hochbelastbare Monitore aus der feinen R-Linie von KEF. Sie spielen mit viel Tiefdruck und \u00dcberzeugung, mit einem korrekten und musikalischen Mitteltonbereich. Die R-Linie spielt mit erstaunlich wenig Verzerrung. Einzelhandelspreis: 2.400,00 Details Jung! Manchmal wollen die Leute etwas anderes, manchmal sehr schnell. Hat es Ihnen nicht gefallen, werden wir dann gefragt&#8230;. nein, so funktioniert [&hellip;]<\/p>\n","protected":false},"featured_media":376244,"template":"","meta":{"_acf_changed":false,"inline_featured_image":false},"product_brand":[],"product_cat":[708,542],"product_tag":[534],"class_list":{"0":"post-374793","1":"product","2":"type-product","3":"status-publish","4":"has-post-thumbnail","6":"product_cat-bucherregal-lautsprecher","7":"product_cat-redner","8":"product_tag-benutzt","9":"pa_kleur-schwarz","11":"first","12":"instock","13":"sold-individually","14":"purchasable","15":"product-type-simple"},"acf":{"website":true,"show_on_homepage":false,"brand_title":"KEF","product_type":"R3 Meta","color":"Schwarz","subcolor":"","reserved_status":"0"},"yoast_head":"<!-- This site is optimized with the Yoast SEO plugin v25.9 - https:\/\/yoast.com\/wordpress\/plugins\/seo\/ -->\n<title>KEF R3 Meta | Freakuence!<\/title>\n<meta name=\"description\" content=\"KEF R3 Meta: Drei-Wege-Regallautsprecher mit Uni-Q\u00ae Treiber und MAT\u2122 f\u00fcr reinen Klang. \u2713 New &amp; Used HiFi \u2713 Kundenbewertung: 4.9 von 5 \u2713 H\u00f6rprobe buchen!\" \/>\n<meta name=\"robots\" content=\"noindex, follow, max-snippet:-1, max-image-preview:large, max-video-preview:-1\" \/>\n<meta property=\"og:locale\" content=\"de_DE\" \/>\n<meta property=\"og:type\" content=\"article\" \/>\n<meta property=\"og:title\" content=\"KEF R3 Meta | Freakuence!\" \/>\n<meta property=\"og:description\" content=\"KEF R3 Meta: Drei-Wege-Regallautsprecher mit Uni-Q\u00ae Treiber und MAT\u2122 f\u00fcr reinen Klang. \u2713 New &amp; Used HiFi \u2713 Kundenbewertung: 4.9 von 5 \u2713 H\u00f6rprobe buchen!\" \/>\n<meta property=\"og:url\" content=\"https:\/\/dev.freakuence.nl\/de\/produkt\/kef-r3-meta-3\/\" \/>\n<meta property=\"og:site_name\" content=\"Freakuence!\" \/>\n<meta property=\"article:modified_time\" content=\"2026-04-02T07:38:27+00:00\" \/>\n<meta property=\"og:image\" content=\"https:\/\/dev.freakuence.nl\/wp-content\/uploads\/2026\/04\/17750415652018-19008-IMG4398-1-683x1024.jpg\" \/>\n\t<meta property=\"og:image:width\" content=\"683\" \/>\n\t<meta property=\"og:image:height\" content=\"1024\" \/>\n\t<meta property=\"og:image:type\" content=\"image\/jpeg\" \/>\n<meta name=\"twitter:card\" content=\"summary_large_image\" \/>\n<script type=\"application\/ld+json\" class=\"yoast-schema-graph\">{\"@context\":\"https:\/\/schema.org\",\"@graph\":[{\"@type\":\"WebPage\",\"@id\":\"https:\/\/dev.freakuence.nl\/de\/produkt\/kef-r3-meta-3\/\",\"url\":\"https:\/\/dev.freakuence.nl\/de\/produkt\/kef-r3-meta-3\/\",\"name\":\"KEF R3 Meta | Freakuence!\",\"isPartOf\":{\"@id\":\"https:\/\/dev.freakuence.nl\/de\/#website\"},\"primaryImageOfPage\":{\"@id\":\"https:\/\/dev.freakuence.nl\/de\/produkt\/kef-r3-meta-3\/#primaryimage\"},\"image\":{\"@id\":\"https:\/\/dev.freakuence.nl\/de\/produkt\/kef-r3-meta-3\/#primaryimage\"},\"thumbnailUrl\":\"https:\/\/dev.freakuence.nl\/wp-content\/uploads\/2026\/04\/17750415652018-19008-IMG4398-1-scaled.jpg\",\"datePublished\":\"2026-04-01T14:25:45+00:00\",\"dateModified\":\"2026-04-02T07:38:27+00:00\",\"description\":\"KEF R3 Meta: Drei-Wege-Regallautsprecher mit Uni-Q\u00ae Treiber und MAT\u2122 f\u00fcr reinen Klang. \u2713 New & Used HiFi \u2713 Kundenbewertung: 4.9 von 5 \u2713 H\u00f6rprobe buchen!\",\"breadcrumb\":{\"@id\":\"https:\/\/dev.freakuence.nl\/de\/produkt\/kef-r3-meta-3\/#breadcrumb\"},\"inLanguage\":\"de\",\"potentialAction\":[{\"@type\":\"ReadAction\",\"target\":[\"https:\/\/dev.freakuence.nl\/de\/produkt\/kef-r3-meta-3\/\"]}]},{\"@type\":\"ImageObject\",\"inLanguage\":\"de\",\"@id\":\"https:\/\/dev.freakuence.nl\/de\/produkt\/kef-r3-meta-3\/#primaryimage\",\"url\":\"https:\/\/dev.freakuence.nl\/wp-content\/uploads\/2026\/04\/17750415652018-19008-IMG4398-1-scaled.jpg\",\"contentUrl\":\"https:\/\/dev.freakuence.nl\/wp-content\/uploads\/2026\/04\/17750415652018-19008-IMG4398-1-scaled.jpg\",\"width\":1707,\"height\":2560},{\"@type\":\"BreadcrumbList\",\"@id\":\"https:\/\/dev.freakuence.nl\/de\/produkt\/kef-r3-meta-3\/#breadcrumb\",\"itemListElement\":[{\"@type\":\"ListItem\",\"position\":1,\"name\":\"Startseite\",\"item\":\"https:\/\/dev.freakuence.nl\/de\/\"},{\"@type\":\"ListItem\",\"position\":2,\"name\":\"Produkte\",\"item\":\"https:\/\/dev.freakuence.nl\/de\/produkte\/\"},{\"@type\":\"ListItem\",\"position\":3,\"name\":\"KEF R3 Meta\"}]},{\"@type\":\"WebSite\",\"@id\":\"https:\/\/dev.freakuence.nl\/de\/#website\",\"url\":\"https:\/\/dev.freakuence.nl\/de\/\",\"name\":\"Freakuence!\",\"description\":\"Freakuence!\",\"publisher\":{\"@id\":\"https:\/\/dev.freakuence.nl\/de\/#organization\"},\"alternateName\":\"Freakuence\",\"potentialAction\":[{\"@type\":\"SearchAction\",\"target\":{\"@type\":\"EntryPoint\",\"urlTemplate\":\"https:\/\/dev.freakuence.nl\/de\/?s={search_term_string}\"},\"query-input\":{\"@type\":\"PropertyValueSpecification\",\"valueRequired\":true,\"valueName\":\"search_term_string\"}}],\"inLanguage\":\"de\"},{\"@type\":\"Organization\",\"@id\":\"https:\/\/dev.freakuence.nl\/de\/#organization\",\"name\":\"Freakuence!\",\"url\":\"https:\/\/dev.freakuence.nl\/de\/\",\"logo\":{\"@type\":\"ImageObject\",\"inLanguage\":\"de\",\"@id\":\"https:\/\/dev.freakuence.nl\/de\/#\/schema\/logo\/image\/\",\"url\":\"https:\/\/dev.freakuence.nl\/wp-content\/uploads\/2022\/05\/Brown_3_RGB_Freakuence-1.png\",\"contentUrl\":\"https:\/\/dev.freakuence.nl\/wp-content\/uploads\/2022\/05\/Brown_3_RGB_Freakuence-1.png\",\"width\":2560,\"height\":684,\"caption\":\"Freakuence!\"},\"image\":{\"@id\":\"https:\/\/dev.freakuence.nl\/de\/#\/schema\/logo\/image\/\"},\"sameAs\":[\"https:\/\/www.instagram.com\/freakuence_notorious_audio\/\"]}]}<\/script>\n<!-- \/ Yoast SEO plugin. -->","yoast_head_json":{"title":"KEF R3 Meta | Freakuence!","description":"KEF R3 Meta: Drei-Wege-Regallautsprecher mit Uni-Q\u00ae Treiber und MAT\u2122 f\u00fcr reinen Klang. \u2713 New & Used HiFi \u2713 Kundenbewertung: 4.9 von 5 \u2713 H\u00f6rprobe buchen!","robots":{"index":"noindex","follow":"follow","max-snippet":"max-snippet:-1","max-image-preview":"max-image-preview:large","max-video-preview":"max-video-preview:-1"},"og_locale":"de_DE","og_type":"article","og_title":"KEF R3 Meta | Freakuence!","og_description":"KEF R3 Meta: Drei-Wege-Regallautsprecher mit Uni-Q\u00ae Treiber und MAT\u2122 f\u00fcr reinen Klang. \u2713 New & Used HiFi \u2713 Kundenbewertung: 4.9 von 5 \u2713 H\u00f6rprobe buchen!","og_url":"https:\/\/dev.freakuence.nl\/de\/produkt\/kef-r3-meta-3\/","og_site_name":"Freakuence!","article_modified_time":"2026-04-02T07:38:27+00:00","og_image":[{"width":683,"height":1024,"url":"https:\/\/dev.freakuence.nl\/wp-content\/uploads\/2026\/04\/17750415652018-19008-IMG4398-1-683x1024.jpg","type":"image\/jpeg"}],"twitter_card":"summary_large_image","schema":{"@context":"https:\/\/schema.org","@graph":[{"@type":"WebPage","@id":"https:\/\/dev.freakuence.nl\/de\/produkt\/kef-r3-meta-3\/","url":"https:\/\/dev.freakuence.nl\/de\/produkt\/kef-r3-meta-3\/","name":"KEF R3 Meta | Freakuence!","isPartOf":{"@id":"https:\/\/dev.freakuence.nl\/de\/#website"},"primaryImageOfPage":{"@id":"https:\/\/dev.freakuence.nl\/de\/produkt\/kef-r3-meta-3\/#primaryimage"},"image":{"@id":"https:\/\/dev.freakuence.nl\/de\/produkt\/kef-r3-meta-3\/#primaryimage"},"thumbnailUrl":"https:\/\/dev.freakuence.nl\/wp-content\/uploads\/2026\/04\/17750415652018-19008-IMG4398-1-scaled.jpg","datePublished":"2026-04-01T14:25:45+00:00","dateModified":"2026-04-02T07:38:27+00:00","description":"KEF R3 Meta: Drei-Wege-Regallautsprecher mit Uni-Q\u00ae Treiber und MAT\u2122 f\u00fcr reinen Klang. \u2713 New & Used HiFi \u2713 Kundenbewertung: 4.9 von 5 \u2713 H\u00f6rprobe buchen!","breadcrumb":{"@id":"https:\/\/dev.freakuence.nl\/de\/produkt\/kef-r3-meta-3\/#breadcrumb"},"inLanguage":"de","potentialAction":[{"@type":"ReadAction","target":["https:\/\/dev.freakuence.nl\/de\/produkt\/kef-r3-meta-3\/"]}]},{"@type":"ImageObject","inLanguage":"de","@id":"https:\/\/dev.freakuence.nl\/de\/produkt\/kef-r3-meta-3\/#primaryimage","url":"https:\/\/dev.freakuence.nl\/wp-content\/uploads\/2026\/04\/17750415652018-19008-IMG4398-1-scaled.jpg","contentUrl":"https:\/\/dev.freakuence.nl\/wp-content\/uploads\/2026\/04\/17750415652018-19008-IMG4398-1-scaled.jpg","width":1707,"height":2560},{"@type":"BreadcrumbList","@id":"https:\/\/dev.freakuence.nl\/de\/produkt\/kef-r3-meta-3\/#breadcrumb","itemListElement":[{"@type":"ListItem","position":1,"name":"Startseite","item":"https:\/\/dev.freakuence.nl\/de\/"},{"@type":"ListItem","position":2,"name":"Produkte","item":"https:\/\/dev.freakuence.nl\/de\/produkte\/"},{"@type":"ListItem","position":3,"name":"KEF R3 Meta"}]},{"@type":"WebSite","@id":"https:\/\/dev.freakuence.nl\/de\/#website","url":"https:\/\/dev.freakuence.nl\/de\/","name":"Freakuence!","description":"Freakuence!","publisher":{"@id":"https:\/\/dev.freakuence.nl\/de\/#organization"},"alternateName":"Freakuence","potentialAction":[{"@type":"SearchAction","target":{"@type":"EntryPoint","urlTemplate":"https:\/\/dev.freakuence.nl\/de\/?s={search_term_string}"},"query-input":{"@type":"PropertyValueSpecification","valueRequired":true,"valueName":"search_term_string"}}],"inLanguage":"de"},{"@type":"Organization","@id":"https:\/\/dev.freakuence.nl\/de\/#organization","name":"Freakuence!","url":"https:\/\/dev.freakuence.nl\/de\/","logo":{"@type":"ImageObject","inLanguage":"de","@id":"https:\/\/dev.freakuence.nl\/de\/#\/schema\/logo\/image\/","url":"https:\/\/dev.freakuence.nl\/wp-content\/uploads\/2022\/05\/Brown_3_RGB_Freakuence-1.png","contentUrl":"https:\/\/dev.freakuence.nl\/wp-content\/uploads\/2022\/05\/Brown_3_RGB_Freakuence-1.png","width":2560,"height":684,"caption":"Freakuence!"},"image":{"@id":"https:\/\/dev.freakuence.nl\/de\/#\/schema\/logo\/image\/"},"sameAs":["https:\/\/www.instagram.com\/freakuence_notorious_audio\/"]}]}},"_links":{"self":[{"href":"https:\/\/dev.freakuence.nl\/de\/wp-json\/wp\/v2\/product\/374793","targetHints":{"allow":["GET"]}}],"collection":[{"href":"https:\/\/dev.freakuence.nl\/de\/wp-json\/wp\/v2\/product"}],"about":[{"href":"https:\/\/dev.freakuence.nl\/de\/wp-json\/wp\/v2\/types\/product"}],"wp:featuredmedia":[{"embeddable":true,"href":"https:\/\/dev.freakuence.nl\/de\/wp-json\/wp\/v2\/media\/376244"}],"wp:attachment":[{"href":"https:\/\/dev.freakuence.nl\/de\/wp-json\/wp\/v2\/media?parent=374793"}],"wp:term":[{"taxonomy":"product_brand","embeddable":true,"href":"https:\/\/dev.freakuence.nl\/de\/wp-json\/wp\/v2\/product_brand?post=374793"},{"taxonomy":"product_cat","embeddable":true,"href":"https:\/\/dev.freakuence.nl\/de\/wp-json\/wp\/v2\/product_cat?post=374793"},{"taxonomy":"product_tag","embeddable":true,"href":"https:\/\/dev.freakuence.nl\/de\/wp-json\/wp\/v2\/product_tag?post=374793"}],"curies":[{"name":"wp","href":"https:\/\/api.w.org\/{rel}","templated":true}]}}