{"id":375170,"date":"2026-04-01T20:08:42","date_gmt":"2026-04-01T18:08:42","guid":{"rendered":"https:\/\/freakuence.nl\/product\/audio-innovations-800-mk3\/"},"modified":"2026-04-10T16:04:46","modified_gmt":"2026-04-10T14:04:46","slug":"audio-innovations-800-mk3","status":"publish","type":"product","link":"https:\/\/dev.freakuence.nl\/de\/produkt\/audio-innovations-800-mk3\/","title":{"rendered":"Audio Innovations 800 MK3"},"content":{"rendered":"<div class=\"product-specifications-list\">\n<div class=\"specification-item row-header\"><span class=\"spec-content\"><strong>Beschreibung Freakuence!<\/strong><\/span><\/div>\n<div class=\"specification-item row-even\"><span class=\"spec-content\">Diese Audio Innovations 800 MK3 Endstufe ist ein echter Knaller. Ein R\u00f6hrenverst\u00e4rker, der Ihre Ohren mit einer warmen und nat\u00fcrlichen Wiedergabe verw\u00f6hnt. Instrumente und Stimmen werden klar und detailliert wiedergegeben, ohne jemals schrill zu werden.<\/span><\/div>\n<div class=\"specification-item row-header\"><span class=\"spec-content\"><strong>Details<\/strong><\/span><\/div>\n<div class=\"specification-item row-even\"><span class=\"spec-content\">Vor ein paar Jahren von unserem Techniker \u00fcberholt, jetzt wieder sch\u00f6n in der Werkstatt.<\/span><\/div>\n<div class=\"specification-item row-header\"><span class=\"spec-content\"><strong>Allgemeine Beschreibung<\/strong><\/span><\/div>\n<div class=\"specification-item row-even\"><span class=\"spec-content\">Der Audio Innovations 800 MK3 ist ein R\u00f6hrenverst\u00e4rker, der f\u00fcr seine warme und detaillierte Klangwiedergabe bekannt ist. Dieser Verst\u00e4rker verwendet EL34-R\u00f6hren in einer Class-A-Push-Pull-Konfiguration, die zu einem reichen und dynamischen Klangbild beitr\u00e4gt.   <\/p>\n<p>Mit einer Leistung von 25 Watt pro Kanal liefert der Audio Innovations 800 MK3 genug Power f\u00fcr ein \u00fcberzeugendes Stereobild und eine pr\u00e4zise Wiedergabe musikalischer Nuancen. Der Verst\u00e4rker ist f\u00fcr den Betrieb von externen Lautsprechern ausgelegt und wird mit 230-Volt-Netzstrom betrieben.   <\/p>\n<p>Sind Sie neugierig auf die Leistung des Audio Innovations 800 MK3? Vereinbaren Sie einen H\u00f6rtermin, um sich selbst von der Klangqualit\u00e4t zu \u00fcberzeugen, oder besprechen Sie die Inzahlungnahmeoptionen und den Vergleich mit anderen Verst\u00e4rkern. <\/span><\/div>\n<div class=\"specification-item row-header\"><span class=\"spec-content\"><strong>Hintergrundinformationen<\/strong><\/span><\/div>\n<div class=\"specification-item row-even\"><span class=\"spec-content\">Bei der Entwicklung des Audio Innovations 800 MK3 lag der Schwerpunkt auf klanglicher Reinheit und Musikalit\u00e4t. Im Inneren finden Sie sorgf\u00e4ltig ausgew\u00e4hlte R\u00f6hren und hochwertige Transformatoren. Die interne Verkabelung ist handgeflochten, um Interferenzen zu minimieren. Das Geh\u00e4use ist aus resonanzarmem Material gefertigt, das sorgf\u00e4ltig ausgew\u00e4hlt wurde, um akustische Verzerrungen zu vermeiden. Der Ingenieur Peter Qvortrup spielte bei der Entwicklung eine zentrale Rolle und achtete auf nachhaltige Produktionsmethoden. Die Materialien werden haupts\u00e4chlich aus der Region bezogen, um h\u00f6chste Qualit\u00e4t zu gew\u00e4hrleisten.     <\/span><\/div>\n<\/div>\n","protected":false},"excerpt":{"rendered":"<p>Beschreibung Freakuence! Diese Audio Innovations 800 MK3 Endstufe ist ein echter Knaller. Ein R\u00f6hrenverst\u00e4rker, der Ihre Ohren mit einer warmen und nat\u00fcrlichen Wiedergabe verw\u00f6hnt. Instrumente und Stimmen werden klar und detailliert wiedergegeben, ohne jemals schrill zu werden. Details Vor ein paar Jahren von unserem Techniker \u00fcberholt, jetzt wieder sch\u00f6n in der Werkstatt. Allgemeine Beschreibung Der [&hellip;]<\/p>\n","protected":false},"featured_media":396137,"template":"","meta":{"_acf_changed":false,"inline_featured_image":false},"product_brand":[],"product_cat":[557,744,532],"product_tag":[534],"class_list":{"0":"post-375170","1":"product","2":"type-product","3":"status-publish","4":"has-post-thumbnail","6":"product_cat-rohrenverstarker","7":"product_cat-stereo-verstarker","8":"product_cat-verstarker","9":"product_tag-benutzt","10":"pa_kleur-schwarz","12":"first","13":"instock","14":"sold-individually","15":"purchasable","16":"product-type-simple"},"acf":{"website":true,"show_on_homepage":false,"brand_title":"Audio Innovations","product_type":"800 MK3","color":"Schwarz","subcolor":"","reserved_status":"0"},"yoast_head":"<!-- This site is optimized with the Yoast SEO plugin v25.9 - https:\/\/yoast.com\/wordpress\/plugins\/seo\/ -->\n<title>Audio Innovations 800 MK3 | Freakuence!<\/title>\n<meta name=\"description\" content=\"Audio Innovations 800 MK3: 25W Class A R\u00f6hrenverst\u00e4rker mit EL34s f\u00fcr warme, satte Kl\u00e4nge. \u2713 Neue &amp; gebrauchte HiFi-Ger\u00e4te \u2713 Kundenbewertung: 4.9 von 5 \u2713 Inzahlungnahme \u2713 H\u00f6rprobe\" \/>\n<meta name=\"robots\" content=\"noindex, follow, max-snippet:-1, max-image-preview:large, max-video-preview:-1\" \/>\n<meta property=\"og:locale\" content=\"de_DE\" \/>\n<meta property=\"og:type\" content=\"article\" \/>\n<meta property=\"og:title\" content=\"Audio Innovations 800 MK3 | Freakuence!\" \/>\n<meta property=\"og:description\" content=\"Audio Innovations 800 MK3: 25W Class A R\u00f6hrenverst\u00e4rker mit EL34s f\u00fcr warme, satte Kl\u00e4nge. \u2713 Neue &amp; gebrauchte HiFi-Ger\u00e4te \u2713 Kundenbewertung: 4.9 von 5 \u2713 Inzahlungnahme \u2713 H\u00f6rprobe\" \/>\n<meta property=\"og:url\" content=\"https:\/\/dev.freakuence.nl\/de\/produkt\/audio-innovations-800-mk3\/\" \/>\n<meta property=\"og:site_name\" content=\"Freakuence!\" \/>\n<meta property=\"article:modified_time\" content=\"2026-04-10T14:04:46+00:00\" \/>\n<meta property=\"og:image\" content=\"https:\/\/dev.freakuence.nl\/wp-content\/uploads\/2026\/04\/17750603861502-19319-IMG5062-2.jpg\" \/>\n\t<meta property=\"og:image:width\" content=\"1800\" \/>\n\t<meta property=\"og:image:height\" content=\"1200\" \/>\n\t<meta property=\"og:image:type\" content=\"image\/jpeg\" \/>\n<meta name=\"twitter:card\" content=\"summary_large_image\" \/>\n<script type=\"application\/ld+json\" class=\"yoast-schema-graph\">{\"@context\":\"https:\/\/schema.org\",\"@graph\":[{\"@type\":\"WebPage\",\"@id\":\"https:\/\/dev.freakuence.nl\/de\/produkt\/audio-innovations-800-mk3\/\",\"url\":\"https:\/\/dev.freakuence.nl\/de\/produkt\/audio-innovations-800-mk3\/\",\"name\":\"Audio Innovations 800 MK3 | Freakuence!\",\"isPartOf\":{\"@id\":\"https:\/\/dev.freakuence.nl\/de\/#website\"},\"primaryImageOfPage\":{\"@id\":\"https:\/\/dev.freakuence.nl\/de\/produkt\/audio-innovations-800-mk3\/#primaryimage\"},\"image\":{\"@id\":\"https:\/\/dev.freakuence.nl\/de\/produkt\/audio-innovations-800-mk3\/#primaryimage\"},\"thumbnailUrl\":\"https:\/\/dev.freakuence.nl\/wp-content\/uploads\/2026\/04\/17750603861502-19319-IMG5062-2.jpg\",\"datePublished\":\"2026-04-01T18:08:42+00:00\",\"dateModified\":\"2026-04-10T14:04:46+00:00\",\"description\":\"Audio Innovations 800 MK3: 25W Class A R\u00f6hrenverst\u00e4rker mit EL34s f\u00fcr warme, satte Kl\u00e4nge. \u2713 Neue & gebrauchte HiFi-Ger\u00e4te \u2713 Kundenbewertung: 4.9 von 5 \u2713 Inzahlungnahme \u2713 H\u00f6rprobe\",\"breadcrumb\":{\"@id\":\"https:\/\/dev.freakuence.nl\/de\/produkt\/audio-innovations-800-mk3\/#breadcrumb\"},\"inLanguage\":\"de\",\"potentialAction\":[{\"@type\":\"ReadAction\",\"target\":[\"https:\/\/dev.freakuence.nl\/de\/produkt\/audio-innovations-800-mk3\/\"]}]},{\"@type\":\"ImageObject\",\"inLanguage\":\"de\",\"@id\":\"https:\/\/dev.freakuence.nl\/de\/produkt\/audio-innovations-800-mk3\/#primaryimage\",\"url\":\"https:\/\/dev.freakuence.nl\/wp-content\/uploads\/2026\/04\/17750603861502-19319-IMG5062-2.jpg\",\"contentUrl\":\"https:\/\/dev.freakuence.nl\/wp-content\/uploads\/2026\/04\/17750603861502-19319-IMG5062-2.jpg\",\"width\":1800,\"height\":1200},{\"@type\":\"BreadcrumbList\",\"@id\":\"https:\/\/dev.freakuence.nl\/de\/produkt\/audio-innovations-800-mk3\/#breadcrumb\",\"itemListElement\":[{\"@type\":\"ListItem\",\"position\":1,\"name\":\"Startseite\",\"item\":\"https:\/\/dev.freakuence.nl\/de\/\"},{\"@type\":\"ListItem\",\"position\":2,\"name\":\"Produkte\",\"item\":\"https:\/\/dev.freakuence.nl\/de\/produkte\/\"},{\"@type\":\"ListItem\",\"position\":3,\"name\":\"Audio Innovations 800 MK3\"}]},{\"@type\":\"WebSite\",\"@id\":\"https:\/\/dev.freakuence.nl\/de\/#website\",\"url\":\"https:\/\/dev.freakuence.nl\/de\/\",\"name\":\"Freakuence!\",\"description\":\"Freakuence!\",\"publisher\":{\"@id\":\"https:\/\/dev.freakuence.nl\/de\/#organization\"},\"alternateName\":\"Freakuence\",\"potentialAction\":[{\"@type\":\"SearchAction\",\"target\":{\"@type\":\"EntryPoint\",\"urlTemplate\":\"https:\/\/dev.freakuence.nl\/de\/?s={search_term_string}\"},\"query-input\":{\"@type\":\"PropertyValueSpecification\",\"valueRequired\":true,\"valueName\":\"search_term_string\"}}],\"inLanguage\":\"de\"},{\"@type\":\"Organization\",\"@id\":\"https:\/\/dev.freakuence.nl\/de\/#organization\",\"name\":\"Freakuence!\",\"url\":\"https:\/\/dev.freakuence.nl\/de\/\",\"logo\":{\"@type\":\"ImageObject\",\"inLanguage\":\"de\",\"@id\":\"https:\/\/dev.freakuence.nl\/de\/#\/schema\/logo\/image\/\",\"url\":\"https:\/\/dev.freakuence.nl\/wp-content\/uploads\/2022\/05\/Brown_3_RGB_Freakuence-1.png\",\"contentUrl\":\"https:\/\/dev.freakuence.nl\/wp-content\/uploads\/2022\/05\/Brown_3_RGB_Freakuence-1.png\",\"width\":2560,\"height\":684,\"caption\":\"Freakuence!\"},\"image\":{\"@id\":\"https:\/\/dev.freakuence.nl\/de\/#\/schema\/logo\/image\/\"},\"sameAs\":[\"https:\/\/www.instagram.com\/freakuence_notorious_audio\/\"]}]}<\/script>\n<!-- \/ Yoast SEO plugin. -->","yoast_head_json":{"title":"Audio Innovations 800 MK3 | Freakuence!","description":"Audio Innovations 800 MK3: 25W Class A R\u00f6hrenverst\u00e4rker mit EL34s f\u00fcr warme, satte Kl\u00e4nge. \u2713 Neue & gebrauchte HiFi-Ger\u00e4te \u2713 Kundenbewertung: 4.9 von 5 \u2713 Inzahlungnahme \u2713 H\u00f6rprobe","robots":{"index":"noindex","follow":"follow","max-snippet":"max-snippet:-1","max-image-preview":"max-image-preview:large","max-video-preview":"max-video-preview:-1"},"og_locale":"de_DE","og_type":"article","og_title":"Audio Innovations 800 MK3 | Freakuence!","og_description":"Audio Innovations 800 MK3: 25W Class A R\u00f6hrenverst\u00e4rker mit EL34s f\u00fcr warme, satte Kl\u00e4nge. \u2713 Neue & gebrauchte HiFi-Ger\u00e4te \u2713 Kundenbewertung: 4.9 von 5 \u2713 Inzahlungnahme \u2713 H\u00f6rprobe","og_url":"https:\/\/dev.freakuence.nl\/de\/produkt\/audio-innovations-800-mk3\/","og_site_name":"Freakuence!","article_modified_time":"2026-04-10T14:04:46+00:00","og_image":[{"width":1800,"height":1200,"url":"https:\/\/dev.freakuence.nl\/wp-content\/uploads\/2026\/04\/17750603861502-19319-IMG5062-2.jpg","type":"image\/jpeg"}],"twitter_card":"summary_large_image","schema":{"@context":"https:\/\/schema.org","@graph":[{"@type":"WebPage","@id":"https:\/\/dev.freakuence.nl\/de\/produkt\/audio-innovations-800-mk3\/","url":"https:\/\/dev.freakuence.nl\/de\/produkt\/audio-innovations-800-mk3\/","name":"Audio Innovations 800 MK3 | Freakuence!","isPartOf":{"@id":"https:\/\/dev.freakuence.nl\/de\/#website"},"primaryImageOfPage":{"@id":"https:\/\/dev.freakuence.nl\/de\/produkt\/audio-innovations-800-mk3\/#primaryimage"},"image":{"@id":"https:\/\/dev.freakuence.nl\/de\/produkt\/audio-innovations-800-mk3\/#primaryimage"},"thumbnailUrl":"https:\/\/dev.freakuence.nl\/wp-content\/uploads\/2026\/04\/17750603861502-19319-IMG5062-2.jpg","datePublished":"2026-04-01T18:08:42+00:00","dateModified":"2026-04-10T14:04:46+00:00","description":"Audio Innovations 800 MK3: 25W Class A R\u00f6hrenverst\u00e4rker mit EL34s f\u00fcr warme, satte Kl\u00e4nge. \u2713 Neue & gebrauchte HiFi-Ger\u00e4te \u2713 Kundenbewertung: 4.9 von 5 \u2713 Inzahlungnahme \u2713 H\u00f6rprobe","breadcrumb":{"@id":"https:\/\/dev.freakuence.nl\/de\/produkt\/audio-innovations-800-mk3\/#breadcrumb"},"inLanguage":"de","potentialAction":[{"@type":"ReadAction","target":["https:\/\/dev.freakuence.nl\/de\/produkt\/audio-innovations-800-mk3\/"]}]},{"@type":"ImageObject","inLanguage":"de","@id":"https:\/\/dev.freakuence.nl\/de\/produkt\/audio-innovations-800-mk3\/#primaryimage","url":"https:\/\/dev.freakuence.nl\/wp-content\/uploads\/2026\/04\/17750603861502-19319-IMG5062-2.jpg","contentUrl":"https:\/\/dev.freakuence.nl\/wp-content\/uploads\/2026\/04\/17750603861502-19319-IMG5062-2.jpg","width":1800,"height":1200},{"@type":"BreadcrumbList","@id":"https:\/\/dev.freakuence.nl\/de\/produkt\/audio-innovations-800-mk3\/#breadcrumb","itemListElement":[{"@type":"ListItem","position":1,"name":"Startseite","item":"https:\/\/dev.freakuence.nl\/de\/"},{"@type":"ListItem","position":2,"name":"Produkte","item":"https:\/\/dev.freakuence.nl\/de\/produkte\/"},{"@type":"ListItem","position":3,"name":"Audio Innovations 800 MK3"}]},{"@type":"WebSite","@id":"https:\/\/dev.freakuence.nl\/de\/#website","url":"https:\/\/dev.freakuence.nl\/de\/","name":"Freakuence!","description":"Freakuence!","publisher":{"@id":"https:\/\/dev.freakuence.nl\/de\/#organization"},"alternateName":"Freakuence","potentialAction":[{"@type":"SearchAction","target":{"@type":"EntryPoint","urlTemplate":"https:\/\/dev.freakuence.nl\/de\/?s={search_term_string}"},"query-input":{"@type":"PropertyValueSpecification","valueRequired":true,"valueName":"search_term_string"}}],"inLanguage":"de"},{"@type":"Organization","@id":"https:\/\/dev.freakuence.nl\/de\/#organization","name":"Freakuence!","url":"https:\/\/dev.freakuence.nl\/de\/","logo":{"@type":"ImageObject","inLanguage":"de","@id":"https:\/\/dev.freakuence.nl\/de\/#\/schema\/logo\/image\/","url":"https:\/\/dev.freakuence.nl\/wp-content\/uploads\/2022\/05\/Brown_3_RGB_Freakuence-1.png","contentUrl":"https:\/\/dev.freakuence.nl\/wp-content\/uploads\/2022\/05\/Brown_3_RGB_Freakuence-1.png","width":2560,"height":684,"caption":"Freakuence!"},"image":{"@id":"https:\/\/dev.freakuence.nl\/de\/#\/schema\/logo\/image\/"},"sameAs":["https:\/\/www.instagram.com\/freakuence_notorious_audio\/"]}]}},"_links":{"self":[{"href":"https:\/\/dev.freakuence.nl\/de\/wp-json\/wp\/v2\/product\/375170","targetHints":{"allow":["GET"]}}],"collection":[{"href":"https:\/\/dev.freakuence.nl\/de\/wp-json\/wp\/v2\/product"}],"about":[{"href":"https:\/\/dev.freakuence.nl\/de\/wp-json\/wp\/v2\/types\/product"}],"wp:featuredmedia":[{"embeddable":true,"href":"https:\/\/dev.freakuence.nl\/de\/wp-json\/wp\/v2\/media\/396137"}],"wp:attachment":[{"href":"https:\/\/dev.freakuence.nl\/de\/wp-json\/wp\/v2\/media?parent=375170"}],"wp:term":[{"taxonomy":"product_brand","embeddable":true,"href":"https:\/\/dev.freakuence.nl\/de\/wp-json\/wp\/v2\/product_brand?post=375170"},{"taxonomy":"product_cat","embeddable":true,"href":"https:\/\/dev.freakuence.nl\/de\/wp-json\/wp\/v2\/product_cat?post=375170"},{"taxonomy":"product_tag","embeddable":true,"href":"https:\/\/dev.freakuence.nl\/de\/wp-json\/wp\/v2\/product_tag?post=375170"}],"curies":[{"name":"wp","href":"https:\/\/api.w.org\/{rel}","templated":true}]}}