{"id":375206,"date":"2026-04-01T20:33:49","date_gmt":"2026-04-01T18:33:49","guid":{"rendered":"https:\/\/freakuence.nl\/product\/musical-fidelity-nu-vista-300-vorverstaerker\/"},"modified":"2026-04-10T15:47:01","modified_gmt":"2026-04-10T13:47:01","slug":"musical-fidelity-nu-vista-300-vorverstaerker","status":"publish","type":"product","link":"https:\/\/dev.freakuence.nl\/de\/produkt\/musical-fidelity-nu-vista-300-vorverstaerker\/","title":{"rendered":"Musical Fidelity Nu-Vista 300 Vorverst\u00e4rker"},"content":{"rendered":"<div class=\"product-specifications-list\">\n<div class=\"specification-item row-header\"><span class=\"spec-content\"><strong>Beschreibung Freakuence!<\/strong><\/span><\/div>\n<div class=\"specification-item row-even\"><span class=\"spec-content\">Wir tauchen ein in die Welt des Musical Fidelity Nu-Vista 300 Vorverst\u00e4rkers. Er gibt dem Signal eine sch\u00f6ne, sanfte Verst\u00e4rkung mit auf den Weg. Das Ergebnis ist eine sch\u00f6ne, organische und immersive Wiedergabe.  <\/span><\/div>\n<div class=\"specification-item row-header\"><span class=\"spec-content\"><strong>Allgemeine Beschreibung<\/strong><\/span><\/div>\n<div class=\"specification-item row-even\"><span class=\"spec-content\">Der Musical Fidelity Nu-Vista 300 Pre Amplifier ist ein hochwertiger Vorverst\u00e4rker, der eine entscheidende Rolle in Ihrem Audiosystem spielt. Dieser Vorverst\u00e4rker verwendet 6CW4 Nuvistor Triodenr\u00f6hren, die f\u00fcr ein klares und detailliertes Klangbild sorgen.   <\/p>\n<p>Mit einem vollst\u00e4ndig symmetrischen, diskreten Class-A-Design und einem separaten Netzteil bietet der Musical Fidelity Nu-Vista 300 Vorverst\u00e4rker eine pr\u00e4zise Klangwiedergabe und einen gro\u00dfen Dynamikbereich. Der Vorverst\u00e4rker ist so konzipiert, dass er perfekt mit dem Nu-Vista 300 Endverst\u00e4rker zusammenarbeitet, was zu einem koh\u00e4renten und beeindruckenden Stereobild f\u00fchrt.   <\/p>\n<p>M\u00f6chten Sie sich selbst von der Leistung des Musical Fidelity Nu-Vista 300 Vorverst\u00e4rkers \u00fcberzeugen? Vereinbaren Sie einen H\u00f6rtermin, um die Klangqualit\u00e4t zu beurteilen, diesen Vorverst\u00e4rker mit anderen Modellen zu vergleichen oder die Inzahlungnahme zu besprechen. <\/span><\/div>\n<div class=\"specification-item row-header\"><span class=\"spec-content\"><strong>Hintergrundinformationen<\/strong><\/span><\/div>\n<div class=\"specification-item row-even\"><span class=\"spec-content\">Der Musical Fidelity Nu-Vista 300 Vorverst\u00e4rker wurde mit viel Liebe zum Detail und Pr\u00e4zision in der Audiowiedergabe entwickelt. An der Entwicklung waren Ingenieure beteiligt, die nach der besten Klangqualit\u00e4t streben, allen voran Tony Michaelson. Der Verst\u00e4rker verwendet Nuvistor-R\u00f6hren, die f\u00fcr ihre Zuverl\u00e4ssigkeit und minimale Mikrophonie bekannt sind. Die Komponenten und Materialien wurden sorgf\u00e4ltig ausgew\u00e4hlt, um optimale Leistung und Haltbarkeit zu gew\u00e4hrleisten. Das Geh\u00e4use ist robust und \u00e4sthetisch ansprechend, oft aus hochwertigem Aluminium gefertigt, das sowohl St\u00e4rke als auch fortschrittliche W\u00e4rmeableitung gew\u00e4hrleistet. Die interne Verkabelung ist von hoher Qualit\u00e4t und tr\u00e4gt zu einem klaren und nat\u00fcrlichen Klang bei. Dieser Verst\u00e4rker wird nach strengen Qualit\u00e4tsstandards hergestellt, die eine hervorragende Audioleistung gew\u00e4hrleisten.      <\/span><\/div>\n<div class=\"specification-item row-header\"><span class=\"spec-content\"><strong>Geschichte der Marke<\/strong><\/span><\/div>\n<div class=\"specification-item row-even\"><span class=\"spec-content\">Musical Fidelity wurde in den fr\u00fchen 1980er Jahren gegr\u00fcndet und stellte 1982 sein erstes Produkt, den Vorverst\u00e4rker, vor. Im Jahr 1984 brachten sie den A1 Vollverst\u00e4rker auf den Markt, der in der Audiobranche viel Lob erhielt. Im Laufe der Jahre brachte das Unternehmen mehrere wichtige Produkte auf den Markt, darunter den Digilog, den ersten High-End-DAC im Jahr 1987, und den inzwischen ikonischen Nu-Vista Vorverst\u00e4rker im Jahr 1997. Ihre Produkte sind daf\u00fcr bekannt, dass sie sowohl moderne Technologien als auch traditionelle Designs verwenden, wie zum Beispiel die Kombination von R\u00f6hren und Transistoren in bestimmten Ger\u00e4ten.   <\/span><\/div>\n<\/div>\n","protected":false},"excerpt":{"rendered":"<p>Beschreibung Freakuence! Wir tauchen ein in die Welt des Musical Fidelity Nu-Vista 300 Vorverst\u00e4rkers. Er gibt dem Signal eine sch\u00f6ne, sanfte Verst\u00e4rkung mit auf den Weg. Das Ergebnis ist eine sch\u00f6ne, organische und immersive Wiedergabe. Allgemeine Beschreibung Der Musical Fidelity Nu-Vista 300 Pre Amplifier ist ein hochwertiger Vorverst\u00e4rker, der eine entscheidende Rolle in Ihrem Audiosystem [&hellip;]<\/p>\n","protected":false},"featured_media":391617,"template":"","meta":{"_acf_changed":false,"inline_featured_image":false},"product_brand":[],"product_cat":[762,532,761],"product_tag":[534],"class_list":{"0":"post-375206","1":"product","2":"type-product","3":"status-publish","4":"has-post-thumbnail","6":"product_cat-hybride-vorverstarker","7":"product_cat-verstarker","8":"product_cat-vorverstarker","9":"product_tag-benutzt","10":"pa_kleur-silber","12":"first","13":"instock","14":"sold-individually","15":"purchasable","16":"product-type-simple"},"acf":{"website":true,"show_on_homepage":false,"brand_title":"Musical Fidelity","product_type":"Nu-Vista 300 Pre Amplifier","color":"Silber","subcolor":"","reserved_status":"0"},"yoast_head":"<!-- This site is optimized with the Yoast SEO plugin v25.9 - https:\/\/yoast.com\/wordpress\/plugins\/seo\/ -->\n<title>Musical Fidelity Nu-Vista 300 Vorverst\u00e4rker | Freakuence!<\/title>\n<meta name=\"description\" content=\"Entdecken Sie den Musical Fidelity Nu-Vista 300 f\u00fcr unvergleichliche Klangqualit\u00e4t mit Nuvistor-R\u00f6hren. \u2713 Neue &amp; gebrauchte HiFi-Ger\u00e4te \u2713 Kundenbewertung: 4.9 von 5 \u2713 Inzahlungnahme \u2713 H\u00f6rprobe\" \/>\n<meta name=\"robots\" content=\"noindex, follow, max-snippet:-1, max-image-preview:large, max-video-preview:-1\" \/>\n<meta property=\"og:locale\" content=\"de_DE\" \/>\n<meta property=\"og:type\" content=\"article\" \/>\n<meta property=\"og:title\" content=\"Musical Fidelity Nu-Vista 300 Vorverst\u00e4rker | Freakuence!\" \/>\n<meta property=\"og:description\" content=\"Entdecken Sie den Musical Fidelity Nu-Vista 300 f\u00fcr unvergleichliche Klangqualit\u00e4t mit Nuvistor-R\u00f6hren. \u2713 Neue &amp; gebrauchte HiFi-Ger\u00e4te \u2713 Kundenbewertung: 4.9 von 5 \u2713 Inzahlungnahme \u2713 H\u00f6rprobe\" \/>\n<meta property=\"og:url\" content=\"https:\/\/dev.freakuence.nl\/de\/produkt\/musical-fidelity-nu-vista-300-vorverstaerker\/\" \/>\n<meta property=\"og:site_name\" content=\"Freakuence!\" \/>\n<meta property=\"article:modified_time\" content=\"2026-04-10T13:47:01+00:00\" \/>\n<meta property=\"og:image\" content=\"https:\/\/dev.freakuence.nl\/wp-content\/uploads\/2026\/04\/17750617810189-19140-IMG5099-4.jpg\" \/>\n\t<meta property=\"og:image:width\" content=\"1800\" \/>\n\t<meta property=\"og:image:height\" content=\"1200\" \/>\n\t<meta property=\"og:image:type\" content=\"image\/jpeg\" \/>\n<meta name=\"twitter:card\" content=\"summary_large_image\" \/>\n<script type=\"application\/ld+json\" class=\"yoast-schema-graph\">{\"@context\":\"https:\/\/schema.org\",\"@graph\":[{\"@type\":\"WebPage\",\"@id\":\"https:\/\/dev.freakuence.nl\/de\/produkt\/musical-fidelity-nu-vista-300-vorverstaerker\/\",\"url\":\"https:\/\/dev.freakuence.nl\/de\/produkt\/musical-fidelity-nu-vista-300-vorverstaerker\/\",\"name\":\"Musical Fidelity Nu-Vista 300 Vorverst\u00e4rker | Freakuence!\",\"isPartOf\":{\"@id\":\"https:\/\/dev.freakuence.nl\/de\/#website\"},\"primaryImageOfPage\":{\"@id\":\"https:\/\/dev.freakuence.nl\/de\/produkt\/musical-fidelity-nu-vista-300-vorverstaerker\/#primaryimage\"},\"image\":{\"@id\":\"https:\/\/dev.freakuence.nl\/de\/produkt\/musical-fidelity-nu-vista-300-vorverstaerker\/#primaryimage\"},\"thumbnailUrl\":\"https:\/\/dev.freakuence.nl\/wp-content\/uploads\/2026\/04\/17750617810189-19140-IMG5099-4.jpg\",\"datePublished\":\"2026-04-01T18:33:49+00:00\",\"dateModified\":\"2026-04-10T13:47:01+00:00\",\"description\":\"Entdecken Sie den Musical Fidelity Nu-Vista 300 f\u00fcr unvergleichliche Klangqualit\u00e4t mit Nuvistor-R\u00f6hren. \u2713 Neue & gebrauchte HiFi-Ger\u00e4te \u2713 Kundenbewertung: 4.9 von 5 \u2713 Inzahlungnahme \u2713 H\u00f6rprobe\",\"breadcrumb\":{\"@id\":\"https:\/\/dev.freakuence.nl\/de\/produkt\/musical-fidelity-nu-vista-300-vorverstaerker\/#breadcrumb\"},\"inLanguage\":\"de\",\"potentialAction\":[{\"@type\":\"ReadAction\",\"target\":[\"https:\/\/dev.freakuence.nl\/de\/produkt\/musical-fidelity-nu-vista-300-vorverstaerker\/\"]}]},{\"@type\":\"ImageObject\",\"inLanguage\":\"de\",\"@id\":\"https:\/\/dev.freakuence.nl\/de\/produkt\/musical-fidelity-nu-vista-300-vorverstaerker\/#primaryimage\",\"url\":\"https:\/\/dev.freakuence.nl\/wp-content\/uploads\/2026\/04\/17750617810189-19140-IMG5099-4.jpg\",\"contentUrl\":\"https:\/\/dev.freakuence.nl\/wp-content\/uploads\/2026\/04\/17750617810189-19140-IMG5099-4.jpg\",\"width\":1800,\"height\":1200},{\"@type\":\"BreadcrumbList\",\"@id\":\"https:\/\/dev.freakuence.nl\/de\/produkt\/musical-fidelity-nu-vista-300-vorverstaerker\/#breadcrumb\",\"itemListElement\":[{\"@type\":\"ListItem\",\"position\":1,\"name\":\"Startseite\",\"item\":\"https:\/\/dev.freakuence.nl\/de\/\"},{\"@type\":\"ListItem\",\"position\":2,\"name\":\"Produkte\",\"item\":\"https:\/\/dev.freakuence.nl\/de\/produkte\/\"},{\"@type\":\"ListItem\",\"position\":3,\"name\":\"Musical Fidelity Nu-Vista 300 Pre Amplifier\"}]},{\"@type\":\"WebSite\",\"@id\":\"https:\/\/dev.freakuence.nl\/de\/#website\",\"url\":\"https:\/\/dev.freakuence.nl\/de\/\",\"name\":\"Freakuence!\",\"description\":\"Freakuence!\",\"publisher\":{\"@id\":\"https:\/\/dev.freakuence.nl\/de\/#organization\"},\"alternateName\":\"Freakuence\",\"potentialAction\":[{\"@type\":\"SearchAction\",\"target\":{\"@type\":\"EntryPoint\",\"urlTemplate\":\"https:\/\/dev.freakuence.nl\/de\/?s={search_term_string}\"},\"query-input\":{\"@type\":\"PropertyValueSpecification\",\"valueRequired\":true,\"valueName\":\"search_term_string\"}}],\"inLanguage\":\"de\"},{\"@type\":\"Organization\",\"@id\":\"https:\/\/dev.freakuence.nl\/de\/#organization\",\"name\":\"Freakuence!\",\"url\":\"https:\/\/dev.freakuence.nl\/de\/\",\"logo\":{\"@type\":\"ImageObject\",\"inLanguage\":\"de\",\"@id\":\"https:\/\/dev.freakuence.nl\/de\/#\/schema\/logo\/image\/\",\"url\":\"https:\/\/dev.freakuence.nl\/wp-content\/uploads\/2022\/05\/Brown_3_RGB_Freakuence-1.png\",\"contentUrl\":\"https:\/\/dev.freakuence.nl\/wp-content\/uploads\/2022\/05\/Brown_3_RGB_Freakuence-1.png\",\"width\":2560,\"height\":684,\"caption\":\"Freakuence!\"},\"image\":{\"@id\":\"https:\/\/dev.freakuence.nl\/de\/#\/schema\/logo\/image\/\"},\"sameAs\":[\"https:\/\/www.instagram.com\/freakuence_notorious_audio\/\"]}]}<\/script>\n<!-- \/ Yoast SEO plugin. -->","yoast_head_json":{"title":"Musical Fidelity Nu-Vista 300 Vorverst\u00e4rker | Freakuence!","description":"Entdecken Sie den Musical Fidelity Nu-Vista 300 f\u00fcr unvergleichliche Klangqualit\u00e4t mit Nuvistor-R\u00f6hren. \u2713 Neue & gebrauchte HiFi-Ger\u00e4te \u2713 Kundenbewertung: 4.9 von 5 \u2713 Inzahlungnahme \u2713 H\u00f6rprobe","robots":{"index":"noindex","follow":"follow","max-snippet":"max-snippet:-1","max-image-preview":"max-image-preview:large","max-video-preview":"max-video-preview:-1"},"og_locale":"de_DE","og_type":"article","og_title":"Musical Fidelity Nu-Vista 300 Vorverst\u00e4rker | Freakuence!","og_description":"Entdecken Sie den Musical Fidelity Nu-Vista 300 f\u00fcr unvergleichliche Klangqualit\u00e4t mit Nuvistor-R\u00f6hren. \u2713 Neue & gebrauchte HiFi-Ger\u00e4te \u2713 Kundenbewertung: 4.9 von 5 \u2713 Inzahlungnahme \u2713 H\u00f6rprobe","og_url":"https:\/\/dev.freakuence.nl\/de\/produkt\/musical-fidelity-nu-vista-300-vorverstaerker\/","og_site_name":"Freakuence!","article_modified_time":"2026-04-10T13:47:01+00:00","og_image":[{"width":1800,"height":1200,"url":"https:\/\/dev.freakuence.nl\/wp-content\/uploads\/2026\/04\/17750617810189-19140-IMG5099-4.jpg","type":"image\/jpeg"}],"twitter_card":"summary_large_image","schema":{"@context":"https:\/\/schema.org","@graph":[{"@type":"WebPage","@id":"https:\/\/dev.freakuence.nl\/de\/produkt\/musical-fidelity-nu-vista-300-vorverstaerker\/","url":"https:\/\/dev.freakuence.nl\/de\/produkt\/musical-fidelity-nu-vista-300-vorverstaerker\/","name":"Musical Fidelity Nu-Vista 300 Vorverst\u00e4rker | Freakuence!","isPartOf":{"@id":"https:\/\/dev.freakuence.nl\/de\/#website"},"primaryImageOfPage":{"@id":"https:\/\/dev.freakuence.nl\/de\/produkt\/musical-fidelity-nu-vista-300-vorverstaerker\/#primaryimage"},"image":{"@id":"https:\/\/dev.freakuence.nl\/de\/produkt\/musical-fidelity-nu-vista-300-vorverstaerker\/#primaryimage"},"thumbnailUrl":"https:\/\/dev.freakuence.nl\/wp-content\/uploads\/2026\/04\/17750617810189-19140-IMG5099-4.jpg","datePublished":"2026-04-01T18:33:49+00:00","dateModified":"2026-04-10T13:47:01+00:00","description":"Entdecken Sie den Musical Fidelity Nu-Vista 300 f\u00fcr unvergleichliche Klangqualit\u00e4t mit Nuvistor-R\u00f6hren. \u2713 Neue & gebrauchte HiFi-Ger\u00e4te \u2713 Kundenbewertung: 4.9 von 5 \u2713 Inzahlungnahme \u2713 H\u00f6rprobe","breadcrumb":{"@id":"https:\/\/dev.freakuence.nl\/de\/produkt\/musical-fidelity-nu-vista-300-vorverstaerker\/#breadcrumb"},"inLanguage":"de","potentialAction":[{"@type":"ReadAction","target":["https:\/\/dev.freakuence.nl\/de\/produkt\/musical-fidelity-nu-vista-300-vorverstaerker\/"]}]},{"@type":"ImageObject","inLanguage":"de","@id":"https:\/\/dev.freakuence.nl\/de\/produkt\/musical-fidelity-nu-vista-300-vorverstaerker\/#primaryimage","url":"https:\/\/dev.freakuence.nl\/wp-content\/uploads\/2026\/04\/17750617810189-19140-IMG5099-4.jpg","contentUrl":"https:\/\/dev.freakuence.nl\/wp-content\/uploads\/2026\/04\/17750617810189-19140-IMG5099-4.jpg","width":1800,"height":1200},{"@type":"BreadcrumbList","@id":"https:\/\/dev.freakuence.nl\/de\/produkt\/musical-fidelity-nu-vista-300-vorverstaerker\/#breadcrumb","itemListElement":[{"@type":"ListItem","position":1,"name":"Startseite","item":"https:\/\/dev.freakuence.nl\/de\/"},{"@type":"ListItem","position":2,"name":"Produkte","item":"https:\/\/dev.freakuence.nl\/de\/produkte\/"},{"@type":"ListItem","position":3,"name":"Musical Fidelity Nu-Vista 300 Pre Amplifier"}]},{"@type":"WebSite","@id":"https:\/\/dev.freakuence.nl\/de\/#website","url":"https:\/\/dev.freakuence.nl\/de\/","name":"Freakuence!","description":"Freakuence!","publisher":{"@id":"https:\/\/dev.freakuence.nl\/de\/#organization"},"alternateName":"Freakuence","potentialAction":[{"@type":"SearchAction","target":{"@type":"EntryPoint","urlTemplate":"https:\/\/dev.freakuence.nl\/de\/?s={search_term_string}"},"query-input":{"@type":"PropertyValueSpecification","valueRequired":true,"valueName":"search_term_string"}}],"inLanguage":"de"},{"@type":"Organization","@id":"https:\/\/dev.freakuence.nl\/de\/#organization","name":"Freakuence!","url":"https:\/\/dev.freakuence.nl\/de\/","logo":{"@type":"ImageObject","inLanguage":"de","@id":"https:\/\/dev.freakuence.nl\/de\/#\/schema\/logo\/image\/","url":"https:\/\/dev.freakuence.nl\/wp-content\/uploads\/2022\/05\/Brown_3_RGB_Freakuence-1.png","contentUrl":"https:\/\/dev.freakuence.nl\/wp-content\/uploads\/2022\/05\/Brown_3_RGB_Freakuence-1.png","width":2560,"height":684,"caption":"Freakuence!"},"image":{"@id":"https:\/\/dev.freakuence.nl\/de\/#\/schema\/logo\/image\/"},"sameAs":["https:\/\/www.instagram.com\/freakuence_notorious_audio\/"]}]}},"_links":{"self":[{"href":"https:\/\/dev.freakuence.nl\/de\/wp-json\/wp\/v2\/product\/375206","targetHints":{"allow":["GET"]}}],"collection":[{"href":"https:\/\/dev.freakuence.nl\/de\/wp-json\/wp\/v2\/product"}],"about":[{"href":"https:\/\/dev.freakuence.nl\/de\/wp-json\/wp\/v2\/types\/product"}],"wp:featuredmedia":[{"embeddable":true,"href":"https:\/\/dev.freakuence.nl\/de\/wp-json\/wp\/v2\/media\/391617"}],"wp:attachment":[{"href":"https:\/\/dev.freakuence.nl\/de\/wp-json\/wp\/v2\/media?parent=375206"}],"wp:term":[{"taxonomy":"product_brand","embeddable":true,"href":"https:\/\/dev.freakuence.nl\/de\/wp-json\/wp\/v2\/product_brand?post=375206"},{"taxonomy":"product_cat","embeddable":true,"href":"https:\/\/dev.freakuence.nl\/de\/wp-json\/wp\/v2\/product_cat?post=375206"},{"taxonomy":"product_tag","embeddable":true,"href":"https:\/\/dev.freakuence.nl\/de\/wp-json\/wp\/v2\/product_tag?post=375206"}],"curies":[{"name":"wp","href":"https:\/\/api.w.org\/{rel}","templated":true}]}}