{"id":400629,"date":"2026-04-15T21:16:52","date_gmt":"2026-04-15T19:16:52","guid":{"rendered":"https:\/\/freakuence.nl\/product\/akkord-qutest-4\/"},"modified":"2026-04-16T12:25:46","modified_gmt":"2026-04-16T10:25:46","slug":"akkord-qutest-4","status":"publish","type":"product","link":"https:\/\/dev.freakuence.nl\/de\/produkt\/akkord-qutest-4\/","title":{"rendered":"Akkord Qutest"},"content":{"rendered":"<div class=\"product-specifications-list\">\n<div class=\"specification-item row-header\"><span class=\"spec-content\"><strong>Beschreibung Freakuence!<\/strong><\/span><\/div>\n<div class=\"specification-item row-even\"><span class=\"spec-content\">Ein echter Preis-\/Leistungsturbo! Wir stellen ihn gerne neben andere, teurere Dacs in unserem Gesch\u00e4ft. Dieses kompakte Ger\u00e4t tut genau das, was Sie von ihm erwarten. Sie schlie\u00dfen es an, und im Handumdrehen sind Sie in die Musik eingetaucht. Ja, ja, ein etwas extravagantes Aussehen mit einigen komplizierten Farblichtern, wir wissen. Passt in jede Schublade oder hinter ein Ger\u00e4t, falls gew\u00fcnscht. Liebhaber von transparenten und holografischen Displays, kommen Sie vorbei! Herzlich willkommen.       <\/span><\/div>\n<div class=\"specification-item row-odd\"><span class=\"spec-content\">Ladenpreis: 1499.00<\/span><\/div>\n<div class=\"specification-item row-header\"><span class=\"spec-content\"><strong>Details<\/strong><\/span><\/div>\n<div class=\"specification-item row-even\"><span class=\"spec-content\">Wir sind gerne bereit, damit zu handeln. Schicken Sie uns bitte alles, was Sie zur Verf\u00fcgung haben, wir werden gerne pr\u00fcfen, ob wir es in den Shop stellen k\u00f6nnen. <\/span><\/div>\n<div class=\"specification-item row-odd\"><span class=\"spec-content\">Machen Sie sich keine Sorgen! Wir bieten eine sehr gute 12-monatige Garantie auf gebrauchte Produkte. <\/span><\/div>\n<div class=\"specification-item row-header\"><span class=\"spec-content\"><strong>Allgemeine Beschreibung<\/strong><\/span><\/div>\n<div class=\"specification-item row-even\"><span class=\"spec-content\">Dieses kompakte Ger\u00e4t wurde entwickelt, um die Klangqualit\u00e4t Ihres Systems sofort zu verbessern. Es verf\u00fcgt \u00fcber eine Digital-Analog-Wandler-Architektur (DAC), die auf fortschrittlicher FPGA-Technologie basiert und eine pr\u00e4zise und detaillierte Audiowiedergabe gew\u00e4hrleistet. Mit galvanisch isolierten USB-B-, optischen und koaxialen Digitaleing\u00e4ngen bietet es vielseitige Anschlussm\u00f6glichkeiten f\u00fcr verschiedene digitale Quellen. Das Geh\u00e4use aus massivem, f\u00fcr die Luft- und Raumfahrt geeignetem Aluminium sch\u00fctzt die internen Komponenten und reduziert externe Vibrationen. Die benutzerfreundlichen Bedienelemente auf der Vorderseite erleichtern die Auswahl der gew\u00fcnschten Einstellungen. Die RCA-Ausg\u00e4nge erm\u00f6glichen den nahtlosen Anschluss an Verst\u00e4rker oder Kopfh\u00f6rerverst\u00e4rker. Au\u00dferdem k\u00f6nnen Sie die Ausgangsspannung zwischen 1, 2 und 3V RMS einstellen, je nach Bedarf. Dieses Ger\u00e4t unterst\u00fctzt hochaufl\u00f6sendes PCM bis zu 768kHz und native DSD-Wiedergabe bis zu DSD512 und ist damit f\u00fcr verschiedene Audioformate geeignet. Es wird \u00fcber einen 5V 2A Micro-USB-Anschluss mit Strom versorgt und ist mit verschiedenen Betriebssystemen kompatibel.        <\/span><\/div>\n<div class=\"specification-item row-header\"><span class=\"spec-content\"><strong>Hintergrundinformationen<\/strong><\/span><\/div>\n<div class=\"specification-item row-even\"><span class=\"spec-content\">Der Chord Qutest wurde von Rob Watts, dem ber\u00fchmten Digitaldesigner von Chord, entwickelt. Das Ger\u00e4t verwendet einen firmeneigenen FPGA-Chip anstelle von Standard-DAC-Chips und bietet so mehr Kontrolle \u00fcber die Signalverarbeitung. Das Aluminiumgeh\u00e4use ist f\u00fcr eine optimale Abschirmung aus massiven Bl\u00f6cken gefr\u00e4st. Chord stellt den Qutest vollst\u00e4ndig in England her, mit Pr\u00e4zision und Liebe zum Detail.   <\/span><\/div>\n<div class=\"specification-item row-header\"><span class=\"spec-content\"><strong>Geschichte der Marke<\/strong><\/span><\/div>\n<div class=\"specification-item row-even\"><span class=\"spec-content\">Die Marke wurde in den 1980er Jahren in Gro\u00dfbritannien gegr\u00fcndet und konzentriert sich auf Technologien, die urspr\u00fcnglich f\u00fcr die Luft- und Raumfahrtindustrie entwickelt wurden. Der Gr\u00fcnder, Rob Watts, ist ein Elektronikingenieur mit einem Hintergrund in fortgeschrittener digitaler Signalverarbeitung.  Sein Fachwissen auf diesem Gebiet f\u00fchrte zur Entwicklung einer Reihe von Produkten, bei denen die FPGA-Technologie (Field Programmable Gate Array) zum Einsatz kam, eine Technik, die damals vor allem in Spezialsektoren verwendet wurde.  <\/p>\n<p>Die Wahl dieser Technologie war in der Unterhaltungselektronik nicht \u00fcblich, erwies sich aber als entscheidend f\u00fcr die Leistung der nachfolgenden Produkte. Rob Watts arbeitete mit John Franks zusammen, der auf eine lange Erfahrung im technischen und produktionstechnischen Bereich des Unternehmens zur\u00fcckblicken kann. Gemeinsam legten sie den Grundstein f\u00fcr eine Reihe von Produkten, die f\u00fcr ihre technische Pr\u00e4zision und Zuverl\u00e4ssigkeit bekannt sind, ohne von ihrem urspr\u00fcnglichen Ziel abzuweichen, eine pr\u00e4zise digitale Signalverarbeitung zu liefern.  <\/span><\/div>\n<\/div>\n","protected":false},"excerpt":{"rendered":"<p>Beschreibung Freakuence! Ein echter Preis-\/Leistungsturbo! Wir stellen ihn gerne neben andere, teurere Dacs in unserem Gesch\u00e4ft. Dieses kompakte Ger\u00e4t tut genau das, was Sie von ihm erwarten. Sie schlie\u00dfen es an, und im Handumdrehen sind Sie in die Musik eingetaucht. Ja, ja, ein etwas extravagantes Aussehen mit einigen komplizierten Farblichtern, wir wissen. Passt in jede [&hellip;]<\/p>\n","protected":false},"featured_media":401828,"template":"","meta":{"_acf_changed":false,"inline_featured_image":false},"product_brand":[],"product_cat":[717,690],"product_tag":[534],"class_list":{"0":"post-400629","1":"product","2":"type-product","3":"status-publish","4":"has-post-thumbnail","6":"product_cat-dacs","7":"product_cat-quellen","8":"product_tag-benutzt","9":"pa_kleur-schwarz","11":"first","12":"instock","13":"sold-individually","14":"purchasable","15":"product-type-simple"},"acf":{"website":true,"show_on_homepage":false,"brand_title":"Chord","product_type":"Qutest","color":"Schwarz","subcolor":"","reserved_status":"0"},"yoast_head":"<!-- This site is optimized with the Yoast SEO plugin v25.9 - https:\/\/yoast.com\/wordpress\/plugins\/seo\/ -->\n<title>Akkord Qutest | Freakuence!<\/title>\n<meta name=\"description\" content=\"Entdecken Sie den Chord Qutest DAC: reine Klangqualit\u00e4t, fortschrittliche FPGA-Technologie und flexibel in der Anwendung. \u2713 Neue &amp; gebrauchte HiFi-Ger\u00e4te \u2713 Kundenbewertung: 4.9 von 5 \u2713 H\u00f6rprobe buchen!\" \/>\n<meta name=\"robots\" content=\"noindex, follow, max-snippet:-1, max-image-preview:large, max-video-preview:-1\" \/>\n<meta property=\"og:locale\" content=\"de_DE\" \/>\n<meta property=\"og:type\" content=\"article\" \/>\n<meta property=\"og:title\" content=\"Akkord Qutest | Freakuence!\" \/>\n<meta property=\"og:description\" content=\"Entdecken Sie den Chord Qutest DAC: reine Klangqualit\u00e4t, fortschrittliche FPGA-Technologie und flexibel in der Anwendung. \u2713 Neue &amp; gebrauchte HiFi-Ger\u00e4te \u2713 Kundenbewertung: 4.9 von 5 \u2713 H\u00f6rprobe buchen!\" \/>\n<meta property=\"og:url\" content=\"https:\/\/dev.freakuence.nl\/de\/produkt\/akkord-qutest-4\/\" \/>\n<meta property=\"og:site_name\" content=\"Freakuence!\" \/>\n<meta property=\"article:modified_time\" content=\"2026-04-16T10:25:46+00:00\" \/>\n<meta property=\"og:image\" content=\"https:\/\/dev.freakuence.nl\/wp-content\/uploads\/2026\/04\/17762822309430-19331-IMG5453-2.jpg\" \/>\n\t<meta property=\"og:image:width\" content=\"1800\" \/>\n\t<meta property=\"og:image:height\" content=\"1200\" \/>\n\t<meta property=\"og:image:type\" content=\"image\/jpeg\" \/>\n<meta name=\"twitter:card\" content=\"summary_large_image\" \/>\n<script type=\"application\/ld+json\" class=\"yoast-schema-graph\">{\"@context\":\"https:\/\/schema.org\",\"@graph\":[{\"@type\":\"WebPage\",\"@id\":\"https:\/\/dev.freakuence.nl\/de\/produkt\/akkord-qutest-4\/\",\"url\":\"https:\/\/dev.freakuence.nl\/de\/produkt\/akkord-qutest-4\/\",\"name\":\"Akkord Qutest | Freakuence!\",\"isPartOf\":{\"@id\":\"https:\/\/dev.freakuence.nl\/de\/#website\"},\"primaryImageOfPage\":{\"@id\":\"https:\/\/dev.freakuence.nl\/de\/produkt\/akkord-qutest-4\/#primaryimage\"},\"image\":{\"@id\":\"https:\/\/dev.freakuence.nl\/de\/produkt\/akkord-qutest-4\/#primaryimage\"},\"thumbnailUrl\":\"https:\/\/dev.freakuence.nl\/wp-content\/uploads\/2026\/04\/17762822309430-19331-IMG5453-2.jpg\",\"datePublished\":\"2026-04-15T19:16:52+00:00\",\"dateModified\":\"2026-04-16T10:25:46+00:00\",\"description\":\"Entdecken Sie den Chord Qutest DAC: reine Klangqualit\u00e4t, fortschrittliche FPGA-Technologie und flexibel in der Anwendung. \u2713 Neue & gebrauchte HiFi-Ger\u00e4te \u2713 Kundenbewertung: 4.9 von 5 \u2713 H\u00f6rprobe buchen!\",\"breadcrumb\":{\"@id\":\"https:\/\/dev.freakuence.nl\/de\/produkt\/akkord-qutest-4\/#breadcrumb\"},\"inLanguage\":\"de\",\"potentialAction\":[{\"@type\":\"ReadAction\",\"target\":[\"https:\/\/dev.freakuence.nl\/de\/produkt\/akkord-qutest-4\/\"]}]},{\"@type\":\"ImageObject\",\"inLanguage\":\"de\",\"@id\":\"https:\/\/dev.freakuence.nl\/de\/produkt\/akkord-qutest-4\/#primaryimage\",\"url\":\"https:\/\/dev.freakuence.nl\/wp-content\/uploads\/2026\/04\/17762822309430-19331-IMG5453-2.jpg\",\"contentUrl\":\"https:\/\/dev.freakuence.nl\/wp-content\/uploads\/2026\/04\/17762822309430-19331-IMG5453-2.jpg\",\"width\":1800,\"height\":1200},{\"@type\":\"BreadcrumbList\",\"@id\":\"https:\/\/dev.freakuence.nl\/de\/produkt\/akkord-qutest-4\/#breadcrumb\",\"itemListElement\":[{\"@type\":\"ListItem\",\"position\":1,\"name\":\"Startseite\",\"item\":\"https:\/\/dev.freakuence.nl\/de\/\"},{\"@type\":\"ListItem\",\"position\":2,\"name\":\"Produkte\",\"item\":\"https:\/\/dev.freakuence.nl\/de\/produkte\/\"},{\"@type\":\"ListItem\",\"position\":3,\"name\":\"Akkord Qutest\"}]},{\"@type\":\"WebSite\",\"@id\":\"https:\/\/dev.freakuence.nl\/de\/#website\",\"url\":\"https:\/\/dev.freakuence.nl\/de\/\",\"name\":\"Freakuence!\",\"description\":\"Freakuence!\",\"publisher\":{\"@id\":\"https:\/\/dev.freakuence.nl\/de\/#organization\"},\"alternateName\":\"Freakuence\",\"potentialAction\":[{\"@type\":\"SearchAction\",\"target\":{\"@type\":\"EntryPoint\",\"urlTemplate\":\"https:\/\/dev.freakuence.nl\/de\/?s={search_term_string}\"},\"query-input\":{\"@type\":\"PropertyValueSpecification\",\"valueRequired\":true,\"valueName\":\"search_term_string\"}}],\"inLanguage\":\"de\"},{\"@type\":\"Organization\",\"@id\":\"https:\/\/dev.freakuence.nl\/de\/#organization\",\"name\":\"Freakuence!\",\"url\":\"https:\/\/dev.freakuence.nl\/de\/\",\"logo\":{\"@type\":\"ImageObject\",\"inLanguage\":\"de\",\"@id\":\"https:\/\/dev.freakuence.nl\/de\/#\/schema\/logo\/image\/\",\"url\":\"https:\/\/dev.freakuence.nl\/wp-content\/uploads\/2022\/05\/Brown_3_RGB_Freakuence-1.png\",\"contentUrl\":\"https:\/\/dev.freakuence.nl\/wp-content\/uploads\/2022\/05\/Brown_3_RGB_Freakuence-1.png\",\"width\":2560,\"height\":684,\"caption\":\"Freakuence!\"},\"image\":{\"@id\":\"https:\/\/dev.freakuence.nl\/de\/#\/schema\/logo\/image\/\"},\"sameAs\":[\"https:\/\/www.instagram.com\/freakuence_notorious_audio\/\"]}]}<\/script>\n<!-- \/ Yoast SEO plugin. -->","yoast_head_json":{"title":"Akkord Qutest | Freakuence!","description":"Entdecken Sie den Chord Qutest DAC: reine Klangqualit\u00e4t, fortschrittliche FPGA-Technologie und flexibel in der Anwendung. \u2713 Neue & gebrauchte HiFi-Ger\u00e4te \u2713 Kundenbewertung: 4.9 von 5 \u2713 H\u00f6rprobe buchen!","robots":{"index":"noindex","follow":"follow","max-snippet":"max-snippet:-1","max-image-preview":"max-image-preview:large","max-video-preview":"max-video-preview:-1"},"og_locale":"de_DE","og_type":"article","og_title":"Akkord Qutest | Freakuence!","og_description":"Entdecken Sie den Chord Qutest DAC: reine Klangqualit\u00e4t, fortschrittliche FPGA-Technologie und flexibel in der Anwendung. \u2713 Neue & gebrauchte HiFi-Ger\u00e4te \u2713 Kundenbewertung: 4.9 von 5 \u2713 H\u00f6rprobe buchen!","og_url":"https:\/\/dev.freakuence.nl\/de\/produkt\/akkord-qutest-4\/","og_site_name":"Freakuence!","article_modified_time":"2026-04-16T10:25:46+00:00","og_image":[{"width":1800,"height":1200,"url":"https:\/\/dev.freakuence.nl\/wp-content\/uploads\/2026\/04\/17762822309430-19331-IMG5453-2.jpg","type":"image\/jpeg"}],"twitter_card":"summary_large_image","schema":{"@context":"https:\/\/schema.org","@graph":[{"@type":"WebPage","@id":"https:\/\/dev.freakuence.nl\/de\/produkt\/akkord-qutest-4\/","url":"https:\/\/dev.freakuence.nl\/de\/produkt\/akkord-qutest-4\/","name":"Akkord Qutest | Freakuence!","isPartOf":{"@id":"https:\/\/dev.freakuence.nl\/de\/#website"},"primaryImageOfPage":{"@id":"https:\/\/dev.freakuence.nl\/de\/produkt\/akkord-qutest-4\/#primaryimage"},"image":{"@id":"https:\/\/dev.freakuence.nl\/de\/produkt\/akkord-qutest-4\/#primaryimage"},"thumbnailUrl":"https:\/\/dev.freakuence.nl\/wp-content\/uploads\/2026\/04\/17762822309430-19331-IMG5453-2.jpg","datePublished":"2026-04-15T19:16:52+00:00","dateModified":"2026-04-16T10:25:46+00:00","description":"Entdecken Sie den Chord Qutest DAC: reine Klangqualit\u00e4t, fortschrittliche FPGA-Technologie und flexibel in der Anwendung. \u2713 Neue & gebrauchte HiFi-Ger\u00e4te \u2713 Kundenbewertung: 4.9 von 5 \u2713 H\u00f6rprobe buchen!","breadcrumb":{"@id":"https:\/\/dev.freakuence.nl\/de\/produkt\/akkord-qutest-4\/#breadcrumb"},"inLanguage":"de","potentialAction":[{"@type":"ReadAction","target":["https:\/\/dev.freakuence.nl\/de\/produkt\/akkord-qutest-4\/"]}]},{"@type":"ImageObject","inLanguage":"de","@id":"https:\/\/dev.freakuence.nl\/de\/produkt\/akkord-qutest-4\/#primaryimage","url":"https:\/\/dev.freakuence.nl\/wp-content\/uploads\/2026\/04\/17762822309430-19331-IMG5453-2.jpg","contentUrl":"https:\/\/dev.freakuence.nl\/wp-content\/uploads\/2026\/04\/17762822309430-19331-IMG5453-2.jpg","width":1800,"height":1200},{"@type":"BreadcrumbList","@id":"https:\/\/dev.freakuence.nl\/de\/produkt\/akkord-qutest-4\/#breadcrumb","itemListElement":[{"@type":"ListItem","position":1,"name":"Startseite","item":"https:\/\/dev.freakuence.nl\/de\/"},{"@type":"ListItem","position":2,"name":"Produkte","item":"https:\/\/dev.freakuence.nl\/de\/produkte\/"},{"@type":"ListItem","position":3,"name":"Akkord Qutest"}]},{"@type":"WebSite","@id":"https:\/\/dev.freakuence.nl\/de\/#website","url":"https:\/\/dev.freakuence.nl\/de\/","name":"Freakuence!","description":"Freakuence!","publisher":{"@id":"https:\/\/dev.freakuence.nl\/de\/#organization"},"alternateName":"Freakuence","potentialAction":[{"@type":"SearchAction","target":{"@type":"EntryPoint","urlTemplate":"https:\/\/dev.freakuence.nl\/de\/?s={search_term_string}"},"query-input":{"@type":"PropertyValueSpecification","valueRequired":true,"valueName":"search_term_string"}}],"inLanguage":"de"},{"@type":"Organization","@id":"https:\/\/dev.freakuence.nl\/de\/#organization","name":"Freakuence!","url":"https:\/\/dev.freakuence.nl\/de\/","logo":{"@type":"ImageObject","inLanguage":"de","@id":"https:\/\/dev.freakuence.nl\/de\/#\/schema\/logo\/image\/","url":"https:\/\/dev.freakuence.nl\/wp-content\/uploads\/2022\/05\/Brown_3_RGB_Freakuence-1.png","contentUrl":"https:\/\/dev.freakuence.nl\/wp-content\/uploads\/2022\/05\/Brown_3_RGB_Freakuence-1.png","width":2560,"height":684,"caption":"Freakuence!"},"image":{"@id":"https:\/\/dev.freakuence.nl\/de\/#\/schema\/logo\/image\/"},"sameAs":["https:\/\/www.instagram.com\/freakuence_notorious_audio\/"]}]}},"_links":{"self":[{"href":"https:\/\/dev.freakuence.nl\/de\/wp-json\/wp\/v2\/product\/400629","targetHints":{"allow":["GET"]}}],"collection":[{"href":"https:\/\/dev.freakuence.nl\/de\/wp-json\/wp\/v2\/product"}],"about":[{"href":"https:\/\/dev.freakuence.nl\/de\/wp-json\/wp\/v2\/types\/product"}],"wp:featuredmedia":[{"embeddable":true,"href":"https:\/\/dev.freakuence.nl\/de\/wp-json\/wp\/v2\/media\/401828"}],"wp:attachment":[{"href":"https:\/\/dev.freakuence.nl\/de\/wp-json\/wp\/v2\/media?parent=400629"}],"wp:term":[{"taxonomy":"product_brand","embeddable":true,"href":"https:\/\/dev.freakuence.nl\/de\/wp-json\/wp\/v2\/product_brand?post=400629"},{"taxonomy":"product_cat","embeddable":true,"href":"https:\/\/dev.freakuence.nl\/de\/wp-json\/wp\/v2\/product_cat?post=400629"},{"taxonomy":"product_tag","embeddable":true,"href":"https:\/\/dev.freakuence.nl\/de\/wp-json\/wp\/v2\/product_tag?post=400629"}],"curies":[{"name":"wp","href":"https:\/\/api.w.org\/{rel}","templated":true}]}}