{"id":402599,"date":"2026-04-16T12:45:39","date_gmt":"2026-04-16T10:45:39","guid":{"rendered":"https:\/\/freakuence.nl\/product\/cambridge-audio-alva-duo\/"},"modified":"2026-04-16T12:45:39","modified_gmt":"2026-04-16T10:45:39","slug":"cambridge-audio-alva-duo","status":"publish","type":"product","link":"https:\/\/dev.freakuence.nl\/de\/produkt\/cambridge-audio-alva-duo\/","title":{"rendered":"Cambridge Audio Alva Duo"},"content":{"rendered":"<div class=\"product-specifications-list\">\n<div class=\"specification-item row-header\"><span class=\"spec-content\"><strong>Geschichte der Marke<\/strong><\/span><\/div>\n<div class=\"specification-item row-even\"><span class=\"spec-content\">Cambridge Audio wurde 1968 in Cambridge, England, gegr\u00fcndet. Im selben Jahr stellte das Unternehmen sein erstes Produkt vor, den P40, einen Vollverst\u00e4rker mit Ringkerntransformator. In den 1970er und 1980er Jahren folgten Produkte wie der Verst\u00e4rker P50 und der FM-Tuner T55. Im Jahr 1995 zog das Unternehmen nach London um. Im Jahr 1999 wurde das Azur-Entwicklungsprogramm ins Leben gerufen. Ab 2003 wurden Modelle der Azur-Serie produziert, darunter der 640A und der 640C. Im Jahr 2010 f\u00fchrte das Unternehmen die StreamMagic-Plattform ein. Im Jahr 2014 wurde die CX-Serie eingef\u00fchrt. Im Jahr 2016 erschien die Edge-Serie, benannt nach dem Mitbegr\u00fcnder Professor Gordon Edge. Im Jahr 2021 wurde eine v\u00f6llig neue EVO-Serie eingef\u00fchrt.         <\/span><\/div>\n<\/div>\n","protected":false},"excerpt":{"rendered":"<p>Geschichte der Marke Cambridge Audio wurde 1968 in Cambridge, England, gegr\u00fcndet. Im selben Jahr stellte das Unternehmen sein erstes Produkt vor, den P40, einen Vollverst\u00e4rker mit Ringkerntransformator. In den 1970er und 1980er Jahren folgten Produkte wie der Verst\u00e4rker P50 und der FM-Tuner T55. Im Jahr 1995 zog das Unternehmen nach London um. Im Jahr 1999 [&hellip;]<\/p>\n","protected":false},"featured_media":402602,"template":"","meta":{"_acf_changed":false,"inline_featured_image":false},"product_brand":[],"product_cat":[345],"product_tag":[],"class_list":{"0":"post-402599","1":"product","2":"type-product","3":"status-publish","4":"has-post-thumbnail","6":"product_cat-speakers","8":"first","9":"onbackorder","10":"sold-individually","11":"taxable","12":"shipping-taxable","13":"purchasable","14":"product-type-variable"},"acf":{"website":true,"show_on_homepage":false,"brand_title":"Cambridge Audio","product_type":"Alva Duo","color":"Grau","subcolor":"","reserved_status":"0"},"yoast_head":"<!-- This site is optimized with the Yoast SEO plugin v25.9 - https:\/\/yoast.com\/wordpress\/plugins\/seo\/ -->\n<title>Cambridge Audio Alva Duo | Freakuence!<\/title>\n<meta name=\"robots\" content=\"noindex, follow, max-snippet:-1, max-image-preview:large, max-video-preview:-1\" \/>\n<meta property=\"og:locale\" content=\"de_DE\" \/>\n<meta property=\"og:type\" content=\"article\" \/>\n<meta property=\"og:title\" content=\"Cambridge Audio Alva Duo | Freakuence!\" \/>\n<meta property=\"og:description\" content=\"Geschichte der Marke Cambridge Audio wurde 1968 in Cambridge, England, gegr\u00fcndet. Im selben Jahr stellte das Unternehmen sein erstes Produkt vor, den P40, einen Vollverst\u00e4rker mit Ringkerntransformator. In den 1970er und 1980er Jahren folgten Produkte wie der Verst\u00e4rker P50 und der FM-Tuner T55. Im Jahr 1995 zog das Unternehmen nach London um. Im Jahr 1999 [&hellip;]\" \/>\n<meta property=\"og:url\" content=\"https:\/\/dev.freakuence.nl\/de\/produkt\/cambridge-audio-alva-duo\/\" \/>\n<meta property=\"og:site_name\" content=\"Freakuence!\" \/>\n<meta property=\"og:image\" content=\"https:\/\/dev.freakuence.nl\/wp-content\/uploads\/2026\/04\/17760796205835-3278.jpg\" \/>\n\t<meta property=\"og:image:width\" content=\"1200\" \/>\n\t<meta property=\"og:image:height\" content=\"1200\" \/>\n\t<meta property=\"og:image:type\" content=\"image\/jpeg\" \/>\n<meta name=\"twitter:card\" content=\"summary_large_image\" \/>\n<script type=\"application\/ld+json\" class=\"yoast-schema-graph\">{\"@context\":\"https:\/\/schema.org\",\"@graph\":[{\"@type\":\"WebPage\",\"@id\":\"https:\/\/dev.freakuence.nl\/de\/produkt\/cambridge-audio-alva-duo\/\",\"url\":\"https:\/\/dev.freakuence.nl\/de\/produkt\/cambridge-audio-alva-duo\/\",\"name\":\"Cambridge Audio Alva Duo | Freakuence!\",\"isPartOf\":{\"@id\":\"https:\/\/dev.freakuence.nl\/de\/#website\"},\"primaryImageOfPage\":{\"@id\":\"https:\/\/dev.freakuence.nl\/de\/produkt\/cambridge-audio-alva-duo\/#primaryimage\"},\"image\":{\"@id\":\"https:\/\/dev.freakuence.nl\/de\/produkt\/cambridge-audio-alva-duo\/#primaryimage\"},\"thumbnailUrl\":\"https:\/\/dev.freakuence.nl\/wp-content\/uploads\/2026\/04\/17760796205835-3278.jpg\",\"datePublished\":\"2026-04-16T10:45:39+00:00\",\"breadcrumb\":{\"@id\":\"https:\/\/dev.freakuence.nl\/de\/produkt\/cambridge-audio-alva-duo\/#breadcrumb\"},\"inLanguage\":\"de\",\"potentialAction\":[{\"@type\":\"ReadAction\",\"target\":[\"https:\/\/dev.freakuence.nl\/de\/produkt\/cambridge-audio-alva-duo\/\"]}]},{\"@type\":\"ImageObject\",\"inLanguage\":\"de\",\"@id\":\"https:\/\/dev.freakuence.nl\/de\/produkt\/cambridge-audio-alva-duo\/#primaryimage\",\"url\":\"https:\/\/dev.freakuence.nl\/wp-content\/uploads\/2026\/04\/17760796205835-3278.jpg\",\"contentUrl\":\"https:\/\/dev.freakuence.nl\/wp-content\/uploads\/2026\/04\/17760796205835-3278.jpg\",\"width\":1200,\"height\":1200},{\"@type\":\"BreadcrumbList\",\"@id\":\"https:\/\/dev.freakuence.nl\/de\/produkt\/cambridge-audio-alva-duo\/#breadcrumb\",\"itemListElement\":[{\"@type\":\"ListItem\",\"position\":1,\"name\":\"Startseite\",\"item\":\"https:\/\/dev.freakuence.nl\/de\/\"},{\"@type\":\"ListItem\",\"position\":2,\"name\":\"Produkte\",\"item\":\"https:\/\/dev.freakuence.nl\/de\/produkte\/\"},{\"@type\":\"ListItem\",\"position\":3,\"name\":\"Cambridge Audio Alva Duo\"}]},{\"@type\":\"WebSite\",\"@id\":\"https:\/\/dev.freakuence.nl\/de\/#website\",\"url\":\"https:\/\/dev.freakuence.nl\/de\/\",\"name\":\"Freakuence!\",\"description\":\"Freakuence!\",\"publisher\":{\"@id\":\"https:\/\/dev.freakuence.nl\/de\/#organization\"},\"alternateName\":\"Freakuence\",\"potentialAction\":[{\"@type\":\"SearchAction\",\"target\":{\"@type\":\"EntryPoint\",\"urlTemplate\":\"https:\/\/dev.freakuence.nl\/de\/?s={search_term_string}\"},\"query-input\":{\"@type\":\"PropertyValueSpecification\",\"valueRequired\":true,\"valueName\":\"search_term_string\"}}],\"inLanguage\":\"de\"},{\"@type\":\"Organization\",\"@id\":\"https:\/\/dev.freakuence.nl\/de\/#organization\",\"name\":\"Freakuence!\",\"url\":\"https:\/\/dev.freakuence.nl\/de\/\",\"logo\":{\"@type\":\"ImageObject\",\"inLanguage\":\"de\",\"@id\":\"https:\/\/dev.freakuence.nl\/de\/#\/schema\/logo\/image\/\",\"url\":\"https:\/\/dev.freakuence.nl\/wp-content\/uploads\/2022\/05\/Brown_3_RGB_Freakuence-1.png\",\"contentUrl\":\"https:\/\/dev.freakuence.nl\/wp-content\/uploads\/2022\/05\/Brown_3_RGB_Freakuence-1.png\",\"width\":2560,\"height\":684,\"caption\":\"Freakuence!\"},\"image\":{\"@id\":\"https:\/\/dev.freakuence.nl\/de\/#\/schema\/logo\/image\/\"},\"sameAs\":[\"https:\/\/www.instagram.com\/freakuence_notorious_audio\/\"]}]}<\/script>\n<!-- \/ Yoast SEO plugin. -->","yoast_head_json":{"title":"Cambridge Audio Alva Duo | Freakuence!","robots":{"index":"noindex","follow":"follow","max-snippet":"max-snippet:-1","max-image-preview":"max-image-preview:large","max-video-preview":"max-video-preview:-1"},"og_locale":"de_DE","og_type":"article","og_title":"Cambridge Audio Alva Duo | Freakuence!","og_description":"Geschichte der Marke Cambridge Audio wurde 1968 in Cambridge, England, gegr\u00fcndet. Im selben Jahr stellte das Unternehmen sein erstes Produkt vor, den P40, einen Vollverst\u00e4rker mit Ringkerntransformator. In den 1970er und 1980er Jahren folgten Produkte wie der Verst\u00e4rker P50 und der FM-Tuner T55. Im Jahr 1995 zog das Unternehmen nach London um. Im Jahr 1999 [&hellip;]","og_url":"https:\/\/dev.freakuence.nl\/de\/produkt\/cambridge-audio-alva-duo\/","og_site_name":"Freakuence!","og_image":[{"width":1200,"height":1200,"url":"https:\/\/dev.freakuence.nl\/wp-content\/uploads\/2026\/04\/17760796205835-3278.jpg","type":"image\/jpeg"}],"twitter_card":"summary_large_image","schema":{"@context":"https:\/\/schema.org","@graph":[{"@type":"WebPage","@id":"https:\/\/dev.freakuence.nl\/de\/produkt\/cambridge-audio-alva-duo\/","url":"https:\/\/dev.freakuence.nl\/de\/produkt\/cambridge-audio-alva-duo\/","name":"Cambridge Audio Alva Duo | Freakuence!","isPartOf":{"@id":"https:\/\/dev.freakuence.nl\/de\/#website"},"primaryImageOfPage":{"@id":"https:\/\/dev.freakuence.nl\/de\/produkt\/cambridge-audio-alva-duo\/#primaryimage"},"image":{"@id":"https:\/\/dev.freakuence.nl\/de\/produkt\/cambridge-audio-alva-duo\/#primaryimage"},"thumbnailUrl":"https:\/\/dev.freakuence.nl\/wp-content\/uploads\/2026\/04\/17760796205835-3278.jpg","datePublished":"2026-04-16T10:45:39+00:00","breadcrumb":{"@id":"https:\/\/dev.freakuence.nl\/de\/produkt\/cambridge-audio-alva-duo\/#breadcrumb"},"inLanguage":"de","potentialAction":[{"@type":"ReadAction","target":["https:\/\/dev.freakuence.nl\/de\/produkt\/cambridge-audio-alva-duo\/"]}]},{"@type":"ImageObject","inLanguage":"de","@id":"https:\/\/dev.freakuence.nl\/de\/produkt\/cambridge-audio-alva-duo\/#primaryimage","url":"https:\/\/dev.freakuence.nl\/wp-content\/uploads\/2026\/04\/17760796205835-3278.jpg","contentUrl":"https:\/\/dev.freakuence.nl\/wp-content\/uploads\/2026\/04\/17760796205835-3278.jpg","width":1200,"height":1200},{"@type":"BreadcrumbList","@id":"https:\/\/dev.freakuence.nl\/de\/produkt\/cambridge-audio-alva-duo\/#breadcrumb","itemListElement":[{"@type":"ListItem","position":1,"name":"Startseite","item":"https:\/\/dev.freakuence.nl\/de\/"},{"@type":"ListItem","position":2,"name":"Produkte","item":"https:\/\/dev.freakuence.nl\/de\/produkte\/"},{"@type":"ListItem","position":3,"name":"Cambridge Audio Alva Duo"}]},{"@type":"WebSite","@id":"https:\/\/dev.freakuence.nl\/de\/#website","url":"https:\/\/dev.freakuence.nl\/de\/","name":"Freakuence!","description":"Freakuence!","publisher":{"@id":"https:\/\/dev.freakuence.nl\/de\/#organization"},"alternateName":"Freakuence","potentialAction":[{"@type":"SearchAction","target":{"@type":"EntryPoint","urlTemplate":"https:\/\/dev.freakuence.nl\/de\/?s={search_term_string}"},"query-input":{"@type":"PropertyValueSpecification","valueRequired":true,"valueName":"search_term_string"}}],"inLanguage":"de"},{"@type":"Organization","@id":"https:\/\/dev.freakuence.nl\/de\/#organization","name":"Freakuence!","url":"https:\/\/dev.freakuence.nl\/de\/","logo":{"@type":"ImageObject","inLanguage":"de","@id":"https:\/\/dev.freakuence.nl\/de\/#\/schema\/logo\/image\/","url":"https:\/\/dev.freakuence.nl\/wp-content\/uploads\/2022\/05\/Brown_3_RGB_Freakuence-1.png","contentUrl":"https:\/\/dev.freakuence.nl\/wp-content\/uploads\/2022\/05\/Brown_3_RGB_Freakuence-1.png","width":2560,"height":684,"caption":"Freakuence!"},"image":{"@id":"https:\/\/dev.freakuence.nl\/de\/#\/schema\/logo\/image\/"},"sameAs":["https:\/\/www.instagram.com\/freakuence_notorious_audio\/"]}]}},"_links":{"self":[{"href":"https:\/\/dev.freakuence.nl\/de\/wp-json\/wp\/v2\/product\/402599","targetHints":{"allow":["GET"]}}],"collection":[{"href":"https:\/\/dev.freakuence.nl\/de\/wp-json\/wp\/v2\/product"}],"about":[{"href":"https:\/\/dev.freakuence.nl\/de\/wp-json\/wp\/v2\/types\/product"}],"wp:featuredmedia":[{"embeddable":true,"href":"https:\/\/dev.freakuence.nl\/de\/wp-json\/wp\/v2\/media\/402602"}],"wp:attachment":[{"href":"https:\/\/dev.freakuence.nl\/de\/wp-json\/wp\/v2\/media?parent=402599"}],"wp:term":[{"taxonomy":"product_brand","embeddable":true,"href":"https:\/\/dev.freakuence.nl\/de\/wp-json\/wp\/v2\/product_brand?post=402599"},{"taxonomy":"product_cat","embeddable":true,"href":"https:\/\/dev.freakuence.nl\/de\/wp-json\/wp\/v2\/product_cat?post=402599"},{"taxonomy":"product_tag","embeddable":true,"href":"https:\/\/dev.freakuence.nl\/de\/wp-json\/wp\/v2\/product_tag?post=402599"}],"curies":[{"name":"wp","href":"https:\/\/api.w.org\/{rel}","templated":true}]}}