{"id":402954,"date":"2026-04-16T15:25:00","date_gmt":"2026-04-16T13:25:00","guid":{"rendered":"https:\/\/freakuence.nl\/product\/cardas-neutral-ref-ic-1-5m-xlr-xlr\/"},"modified":"2026-04-16T15:25:00","modified_gmt":"2026-04-16T13:25:00","slug":"cardas-neutral-ref-ic-1-5m-xlr-xlr","status":"publish","type":"product","link":"https:\/\/dev.freakuence.nl\/de\/produkt\/cardas-neutral-ref-ic-1-5m-xlr-xlr\/","title":{"rendered":"Cardas Neutral ref.ic.1.5m xlr\/xlr"},"content":{"rendered":"<div class=\"product-specifications-list\">\n<div class=\"specification-item row-header\"><span class=\"spec-content\"><strong>Beschreibung Freakuence!<\/strong><\/span><\/div>\n<div class=\"specification-item row-even\"><span class=\"spec-content\">Kabel! Ja, in der Tat.<\/span><\/div>\n<div class=\"specification-item row-header\"><span class=\"spec-content\"><strong>Details<\/strong><\/span><\/div>\n<div class=\"specification-item row-even\"><span class=\"spec-content\">Vom H\u00e4ndler oder Importeur als Vorf\u00fchrmodell genutzt. Nat\u00fcrlich hatten die Vorf\u00fchrmodelle keinen privaten Besitzer und werden mit voller Herstellergarantie geliefert. <\/span><\/div>\n<div class=\"specification-item row-header\"><span class=\"spec-content\"><strong>Allgemeine Beschreibung<\/strong><\/span><\/div>\n<div class=\"specification-item row-even\"><span class=\"spec-content\">Das Cardas CARDAS NEUTRAL REF.IC.1.5M XLR\/XLR ist ein hochwertiges symmetrisches Verbindungskabel, das f\u00fcr eine neutrale und transparente Signal\u00fcbertragung sorgt. Mit einer L\u00e4nge von 1,5 Metern und XLR-Steckern an beiden Enden bietet dieses Kabel eine zuverl\u00e4ssige Verbindung zwischen Audioger\u00e4ten und sorgt f\u00fcr ein pr\u00e4zises und detailliertes Klangbild. <\/p>\n<p>Dank der fortschrittlichen Konstruktion des Cardas CARDAS NEUTRAL REF.IC.1.5M XLR\/XLR werden Dynamik und Detailwiedergabe optimiert, was zu einem klaren und ausgewogenen Klangbild f\u00fchrt. Das Kabel minimiert Signalverluste und St\u00f6rungen und gibt die Originalaufnahme so originalgetreu wie m\u00f6glich wieder. <\/p>\n<p>Das Cardas CARDAS NEUTRAL REF.IC.1.5M XLR\/XLR ist eine ausgezeichnete Wahl f\u00fcr alle, die eine pr\u00e4zise und unverzerrte Musikwiedergabe anstreben. Vereinbaren Sie einen Termin f\u00fcr eine H\u00f6rsitzung, um sich selbst von der Leistung dieses Verbindungskabels zu \u00fcberzeugen, oder kontaktieren Sie uns, um die Inzahlungnahme zu besprechen. <\/span><\/div>\n<div class=\"specification-item row-header\"><span class=\"spec-content\"><strong>Hintergrundinformationen<\/strong><\/span><\/div>\n<div class=\"specification-item row-even\"><span class=\"spec-content\">Cardas Audio ist bekannt f\u00fcr seine hochwertigen Audiokabel, wie das Cardas Neutral Reference IC 1.5M XLR\/XLR. Entworfen von George Cardas, der f\u00fcr seine Philosophie der &#8222;Golden Ratio&#8220;-Verkabelung bekannt ist, minimieren diese Kabel Resonanzen und Interferenzen f\u00fcr einen klaren Klang. Die Kupferdr\u00e4hte bestehen aus reinem Kupfer und haben eine spezielle Litzenstruktur, die eine hervorragende Signalintegrit\u00e4t gew\u00e4hrleistet. Alle Materialien werden haupts\u00e4chlich in den USA hergestellt, mit viel Liebe zum Detail im Design- und Herstellungsprozess. Das Ergebnis sind Kabel mit un\u00fcbertroffener Haltbarkeit und Leistung.    <\/span><\/div>\n<div class=\"specification-item row-header\"><span class=\"spec-content\"><strong>Geschichte der Marke<\/strong><\/span><\/div>\n<div class=\"specification-item row-even\"><span class=\"spec-content\">Cardas wurde 1987 von George Cardas gegr\u00fcndet, der sich auf die Entwicklung von Hochleistungskabeln konzentrierte. Der Kern der Philosophie der Marke liegt in der Anwendung des Goldenen Schnitts, eines mathematischen Verh\u00e4ltnisses, das harmonische Resonanzen in ihren Produkten minimiert. Die Verwendung spezieller Legierungen und einzigartiger Konstruktionsprinzipien, wie der patentierten Crossfield-Technologie, kennzeichnen die Produktentwicklung. Cardas arbeitet mit verschiedenen Herstellern und Handwerkern zusammen, um seine Produkte in den Vereinigten Staaten von Hand zu fertigen. Der Ruf der Marke beruht auf ihrem Engagement f\u00fcr technische Pr\u00e4zision und Handwerkskunst. Im Laufe der Jahre hat Cardas verschiedene Techniken und Materialien eingef\u00fchrt, darunter die patentierte Constant Q-stranding und die Golden Ratio Tuning. Ihre Produkte sind f\u00fcr ihre Langlebigkeit bekannt und werden in Nischenm\u00e4rkten gesch\u00e4tzt. Cardas zeichnet sich weiterhin durch seinen Fokus auf technische Exzellenz und Liebe zum Detail aus.       <\/span><\/div>\n<\/div>\n","protected":false},"excerpt":{"rendered":"<p>Beschreibung Freakuence! Kabel! Ja, in der Tat. Details Vom H\u00e4ndler oder Importeur als Vorf\u00fchrmodell genutzt. Nat\u00fcrlich hatten die Vorf\u00fchrmodelle keinen privaten Besitzer und werden mit voller Herstellergarantie geliefert. Allgemeine Beschreibung Das Cardas CARDAS NEUTRAL REF.IC.1.5M XLR\/XLR ist ein hochwertiges symmetrisches Verbindungskabel, das f\u00fcr eine neutrale und transparente Signal\u00fcbertragung sorgt. Mit einer L\u00e4nge von 1,5 Metern [&hellip;]<\/p>\n","protected":false},"featured_media":402946,"template":"","meta":{"_acf_changed":false,"inline_featured_image":false},"product_brand":[],"product_cat":[345],"product_tag":[555],"class_list":{"0":"post-402954","1":"product","2":"type-product","3":"status-publish","4":"has-post-thumbnail","6":"product_cat-speakers","7":"product_tag-demo","8":"pa_kleur-beige","10":"first","11":"instock","12":"sold-individually","13":"taxable","14":"shipping-taxable","15":"purchasable","16":"product-type-simple"},"acf":{"website":true,"show_on_homepage":false,"brand_title":"Cardas","product_type":"Neutral ref.ic.1.5m xlr\/xlr","color":"Beige","subcolor":"","reserved_status":"0"},"yoast_head":"<!-- This site is optimized with the Yoast SEO plugin v25.9 - https:\/\/yoast.com\/wordpress\/plugins\/seo\/ -->\n<title>Cardas Neutral ref.ic.1.5m xlr\/xlr | Freakuence!<\/title>\n<meta name=\"description\" content=\"Cardas Neutral Reference XLR-Kabel 1,5m f\u00fcr eine unverf\u00e4lschte, ausgewogene Klangwiedergabe. \u2713 Neue &amp; gebrauchte HiFi-Ger\u00e4te \u2713 Kundenbewertung: 4.9 von 5 \u2713 Inzahlungnahme \u2713 H\u00f6rprobe\" \/>\n<meta name=\"robots\" content=\"noindex, follow, max-snippet:-1, max-image-preview:large, max-video-preview:-1\" \/>\n<meta property=\"og:locale\" content=\"de_DE\" \/>\n<meta property=\"og:type\" content=\"article\" \/>\n<meta property=\"og:title\" content=\"Cardas Neutral ref.ic.1.5m xlr\/xlr | Freakuence!\" \/>\n<meta property=\"og:description\" content=\"Cardas Neutral Reference XLR-Kabel 1,5m f\u00fcr eine unverf\u00e4lschte, ausgewogene Klangwiedergabe. \u2713 Neue &amp; gebrauchte HiFi-Ger\u00e4te \u2713 Kundenbewertung: 4.9 von 5 \u2713 Inzahlungnahme \u2713 H\u00f6rprobe\" \/>\n<meta property=\"og:url\" content=\"https:\/\/dev.freakuence.nl\/de\/produkt\/cardas-neutral-ref-ic-1-5m-xlr-xlr\/\" \/>\n<meta property=\"og:site_name\" content=\"Freakuence!\" \/>\n<meta property=\"og:image\" content=\"https:\/\/dev.freakuence.nl\/wp-content\/uploads\/2026\/04\/17759183571181-16999-IMG5538.jpg\" \/>\n\t<meta property=\"og:image:width\" content=\"1800\" \/>\n\t<meta property=\"og:image:height\" content=\"1200\" \/>\n\t<meta property=\"og:image:type\" content=\"image\/jpeg\" \/>\n<meta name=\"twitter:card\" content=\"summary_large_image\" \/>\n<script type=\"application\/ld+json\" class=\"yoast-schema-graph\">{\"@context\":\"https:\/\/schema.org\",\"@graph\":[{\"@type\":\"WebPage\",\"@id\":\"https:\/\/dev.freakuence.nl\/de\/produkt\/cardas-neutral-ref-ic-1-5m-xlr-xlr\/\",\"url\":\"https:\/\/dev.freakuence.nl\/de\/produkt\/cardas-neutral-ref-ic-1-5m-xlr-xlr\/\",\"name\":\"Cardas Neutral ref.ic.1.5m xlr\/xlr | Freakuence!\",\"isPartOf\":{\"@id\":\"https:\/\/dev.freakuence.nl\/de\/#website\"},\"primaryImageOfPage\":{\"@id\":\"https:\/\/dev.freakuence.nl\/de\/produkt\/cardas-neutral-ref-ic-1-5m-xlr-xlr\/#primaryimage\"},\"image\":{\"@id\":\"https:\/\/dev.freakuence.nl\/de\/produkt\/cardas-neutral-ref-ic-1-5m-xlr-xlr\/#primaryimage\"},\"thumbnailUrl\":\"https:\/\/dev.freakuence.nl\/wp-content\/uploads\/2026\/04\/17759183571181-16999-IMG5538.jpg\",\"datePublished\":\"2026-04-16T13:25:00+00:00\",\"description\":\"Cardas Neutral Reference XLR-Kabel 1,5m f\u00fcr eine unverf\u00e4lschte, ausgewogene Klangwiedergabe. \u2713 Neue & gebrauchte HiFi-Ger\u00e4te \u2713 Kundenbewertung: 4.9 von 5 \u2713 Inzahlungnahme \u2713 H\u00f6rprobe\",\"breadcrumb\":{\"@id\":\"https:\/\/dev.freakuence.nl\/de\/produkt\/cardas-neutral-ref-ic-1-5m-xlr-xlr\/#breadcrumb\"},\"inLanguage\":\"de\",\"potentialAction\":[{\"@type\":\"ReadAction\",\"target\":[\"https:\/\/dev.freakuence.nl\/de\/produkt\/cardas-neutral-ref-ic-1-5m-xlr-xlr\/\"]}]},{\"@type\":\"ImageObject\",\"inLanguage\":\"de\",\"@id\":\"https:\/\/dev.freakuence.nl\/de\/produkt\/cardas-neutral-ref-ic-1-5m-xlr-xlr\/#primaryimage\",\"url\":\"https:\/\/dev.freakuence.nl\/wp-content\/uploads\/2026\/04\/17759183571181-16999-IMG5538.jpg\",\"contentUrl\":\"https:\/\/dev.freakuence.nl\/wp-content\/uploads\/2026\/04\/17759183571181-16999-IMG5538.jpg\",\"width\":1800,\"height\":1200},{\"@type\":\"BreadcrumbList\",\"@id\":\"https:\/\/dev.freakuence.nl\/de\/produkt\/cardas-neutral-ref-ic-1-5m-xlr-xlr\/#breadcrumb\",\"itemListElement\":[{\"@type\":\"ListItem\",\"position\":1,\"name\":\"Startseite\",\"item\":\"https:\/\/dev.freakuence.nl\/de\/\"},{\"@type\":\"ListItem\",\"position\":2,\"name\":\"Produkte\",\"item\":\"https:\/\/dev.freakuence.nl\/de\/produkte\/\"},{\"@type\":\"ListItem\",\"position\":3,\"name\":\"Cardas Neutral ref.ic.1.5m xlr\/xlr\"}]},{\"@type\":\"WebSite\",\"@id\":\"https:\/\/dev.freakuence.nl\/de\/#website\",\"url\":\"https:\/\/dev.freakuence.nl\/de\/\",\"name\":\"Freakuence!\",\"description\":\"Freakuence!\",\"publisher\":{\"@id\":\"https:\/\/dev.freakuence.nl\/de\/#organization\"},\"alternateName\":\"Freakuence\",\"potentialAction\":[{\"@type\":\"SearchAction\",\"target\":{\"@type\":\"EntryPoint\",\"urlTemplate\":\"https:\/\/dev.freakuence.nl\/de\/?s={search_term_string}\"},\"query-input\":{\"@type\":\"PropertyValueSpecification\",\"valueRequired\":true,\"valueName\":\"search_term_string\"}}],\"inLanguage\":\"de\"},{\"@type\":\"Organization\",\"@id\":\"https:\/\/dev.freakuence.nl\/de\/#organization\",\"name\":\"Freakuence!\",\"url\":\"https:\/\/dev.freakuence.nl\/de\/\",\"logo\":{\"@type\":\"ImageObject\",\"inLanguage\":\"de\",\"@id\":\"https:\/\/dev.freakuence.nl\/de\/#\/schema\/logo\/image\/\",\"url\":\"https:\/\/dev.freakuence.nl\/wp-content\/uploads\/2022\/05\/Brown_3_RGB_Freakuence-1.png\",\"contentUrl\":\"https:\/\/dev.freakuence.nl\/wp-content\/uploads\/2022\/05\/Brown_3_RGB_Freakuence-1.png\",\"width\":2560,\"height\":684,\"caption\":\"Freakuence!\"},\"image\":{\"@id\":\"https:\/\/dev.freakuence.nl\/de\/#\/schema\/logo\/image\/\"},\"sameAs\":[\"https:\/\/www.instagram.com\/freakuence_notorious_audio\/\"]}]}<\/script>\n<!-- \/ Yoast SEO plugin. -->","yoast_head_json":{"title":"Cardas Neutral ref.ic.1.5m xlr\/xlr | Freakuence!","description":"Cardas Neutral Reference XLR-Kabel 1,5m f\u00fcr eine unverf\u00e4lschte, ausgewogene Klangwiedergabe. \u2713 Neue & gebrauchte HiFi-Ger\u00e4te \u2713 Kundenbewertung: 4.9 von 5 \u2713 Inzahlungnahme \u2713 H\u00f6rprobe","robots":{"index":"noindex","follow":"follow","max-snippet":"max-snippet:-1","max-image-preview":"max-image-preview:large","max-video-preview":"max-video-preview:-1"},"og_locale":"de_DE","og_type":"article","og_title":"Cardas Neutral ref.ic.1.5m xlr\/xlr | Freakuence!","og_description":"Cardas Neutral Reference XLR-Kabel 1,5m f\u00fcr eine unverf\u00e4lschte, ausgewogene Klangwiedergabe. \u2713 Neue & gebrauchte HiFi-Ger\u00e4te \u2713 Kundenbewertung: 4.9 von 5 \u2713 Inzahlungnahme \u2713 H\u00f6rprobe","og_url":"https:\/\/dev.freakuence.nl\/de\/produkt\/cardas-neutral-ref-ic-1-5m-xlr-xlr\/","og_site_name":"Freakuence!","og_image":[{"width":1800,"height":1200,"url":"https:\/\/dev.freakuence.nl\/wp-content\/uploads\/2026\/04\/17759183571181-16999-IMG5538.jpg","type":"image\/jpeg"}],"twitter_card":"summary_large_image","schema":{"@context":"https:\/\/schema.org","@graph":[{"@type":"WebPage","@id":"https:\/\/dev.freakuence.nl\/de\/produkt\/cardas-neutral-ref-ic-1-5m-xlr-xlr\/","url":"https:\/\/dev.freakuence.nl\/de\/produkt\/cardas-neutral-ref-ic-1-5m-xlr-xlr\/","name":"Cardas Neutral ref.ic.1.5m xlr\/xlr | Freakuence!","isPartOf":{"@id":"https:\/\/dev.freakuence.nl\/de\/#website"},"primaryImageOfPage":{"@id":"https:\/\/dev.freakuence.nl\/de\/produkt\/cardas-neutral-ref-ic-1-5m-xlr-xlr\/#primaryimage"},"image":{"@id":"https:\/\/dev.freakuence.nl\/de\/produkt\/cardas-neutral-ref-ic-1-5m-xlr-xlr\/#primaryimage"},"thumbnailUrl":"https:\/\/dev.freakuence.nl\/wp-content\/uploads\/2026\/04\/17759183571181-16999-IMG5538.jpg","datePublished":"2026-04-16T13:25:00+00:00","description":"Cardas Neutral Reference XLR-Kabel 1,5m f\u00fcr eine unverf\u00e4lschte, ausgewogene Klangwiedergabe. \u2713 Neue & gebrauchte HiFi-Ger\u00e4te \u2713 Kundenbewertung: 4.9 von 5 \u2713 Inzahlungnahme \u2713 H\u00f6rprobe","breadcrumb":{"@id":"https:\/\/dev.freakuence.nl\/de\/produkt\/cardas-neutral-ref-ic-1-5m-xlr-xlr\/#breadcrumb"},"inLanguage":"de","potentialAction":[{"@type":"ReadAction","target":["https:\/\/dev.freakuence.nl\/de\/produkt\/cardas-neutral-ref-ic-1-5m-xlr-xlr\/"]}]},{"@type":"ImageObject","inLanguage":"de","@id":"https:\/\/dev.freakuence.nl\/de\/produkt\/cardas-neutral-ref-ic-1-5m-xlr-xlr\/#primaryimage","url":"https:\/\/dev.freakuence.nl\/wp-content\/uploads\/2026\/04\/17759183571181-16999-IMG5538.jpg","contentUrl":"https:\/\/dev.freakuence.nl\/wp-content\/uploads\/2026\/04\/17759183571181-16999-IMG5538.jpg","width":1800,"height":1200},{"@type":"BreadcrumbList","@id":"https:\/\/dev.freakuence.nl\/de\/produkt\/cardas-neutral-ref-ic-1-5m-xlr-xlr\/#breadcrumb","itemListElement":[{"@type":"ListItem","position":1,"name":"Startseite","item":"https:\/\/dev.freakuence.nl\/de\/"},{"@type":"ListItem","position":2,"name":"Produkte","item":"https:\/\/dev.freakuence.nl\/de\/produkte\/"},{"@type":"ListItem","position":3,"name":"Cardas Neutral ref.ic.1.5m xlr\/xlr"}]},{"@type":"WebSite","@id":"https:\/\/dev.freakuence.nl\/de\/#website","url":"https:\/\/dev.freakuence.nl\/de\/","name":"Freakuence!","description":"Freakuence!","publisher":{"@id":"https:\/\/dev.freakuence.nl\/de\/#organization"},"alternateName":"Freakuence","potentialAction":[{"@type":"SearchAction","target":{"@type":"EntryPoint","urlTemplate":"https:\/\/dev.freakuence.nl\/de\/?s={search_term_string}"},"query-input":{"@type":"PropertyValueSpecification","valueRequired":true,"valueName":"search_term_string"}}],"inLanguage":"de"},{"@type":"Organization","@id":"https:\/\/dev.freakuence.nl\/de\/#organization","name":"Freakuence!","url":"https:\/\/dev.freakuence.nl\/de\/","logo":{"@type":"ImageObject","inLanguage":"de","@id":"https:\/\/dev.freakuence.nl\/de\/#\/schema\/logo\/image\/","url":"https:\/\/dev.freakuence.nl\/wp-content\/uploads\/2022\/05\/Brown_3_RGB_Freakuence-1.png","contentUrl":"https:\/\/dev.freakuence.nl\/wp-content\/uploads\/2022\/05\/Brown_3_RGB_Freakuence-1.png","width":2560,"height":684,"caption":"Freakuence!"},"image":{"@id":"https:\/\/dev.freakuence.nl\/de\/#\/schema\/logo\/image\/"},"sameAs":["https:\/\/www.instagram.com\/freakuence_notorious_audio\/"]}]}},"_links":{"self":[{"href":"https:\/\/dev.freakuence.nl\/de\/wp-json\/wp\/v2\/product\/402954","targetHints":{"allow":["GET"]}}],"collection":[{"href":"https:\/\/dev.freakuence.nl\/de\/wp-json\/wp\/v2\/product"}],"about":[{"href":"https:\/\/dev.freakuence.nl\/de\/wp-json\/wp\/v2\/types\/product"}],"wp:featuredmedia":[{"embeddable":true,"href":"https:\/\/dev.freakuence.nl\/de\/wp-json\/wp\/v2\/media\/402946"}],"wp:attachment":[{"href":"https:\/\/dev.freakuence.nl\/de\/wp-json\/wp\/v2\/media?parent=402954"}],"wp:term":[{"taxonomy":"product_brand","embeddable":true,"href":"https:\/\/dev.freakuence.nl\/de\/wp-json\/wp\/v2\/product_brand?post=402954"},{"taxonomy":"product_cat","embeddable":true,"href":"https:\/\/dev.freakuence.nl\/de\/wp-json\/wp\/v2\/product_cat?post=402954"},{"taxonomy":"product_tag","embeddable":true,"href":"https:\/\/dev.freakuence.nl\/de\/wp-json\/wp\/v2\/product_tag?post=402954"}],"curies":[{"name":"wp","href":"https:\/\/api.w.org\/{rel}","templated":true}]}}