{"id":403151,"date":"2026-04-16T15:35:40","date_gmt":"2026-04-16T13:35:40","guid":{"rendered":"https:\/\/freakuence.nl\/product\/cardas-quadlink-ic-0-5m-xlr-xlr\/"},"modified":"2026-04-16T15:37:30","modified_gmt":"2026-04-16T13:37:30","slug":"cardas-quadlink-ic-0-5m-xlr-xlr","status":"publish","type":"product","link":"https:\/\/dev.freakuence.nl\/de\/produkt\/cardas-quadlink-ic-0-5m-xlr-xlr\/","title":{"rendered":"Cardas Quadlink ic 0.5m xlr\/xlr"},"content":{"rendered":"<div class=\"product-specifications-list\">\n<div class=\"specification-item row-header\"><span class=\"spec-content\"><strong>Beschreibung Freakuence!<\/strong><\/span><\/div>\n<div class=\"specification-item row-even\"><span class=\"spec-content\">Sie klingen trockener und sauberer als die Golden Cross, aber mit einem sch\u00f6nen Rhythmus und Lebendigkeit. Eine sch\u00f6ne Balance zwischen Geschwindigkeit und Detailreichtum auf der einen Seite und Sanftheit und Raffinesse auf der anderen. <\/span><\/div>\n<div class=\"specification-item row-header\"><span class=\"spec-content\"><strong>Details<\/strong><\/span><\/div>\n<div class=\"specification-item row-even\"><span class=\"spec-content\">Vom H\u00e4ndler oder Importeur als Vorf\u00fchrmodell genutzt. Nat\u00fcrlich hatten die Vorf\u00fchrmodelle keinen privaten Besitzer und werden mit voller Herstellergarantie geliefert. <\/span><\/div>\n<div class=\"specification-item row-header\"><span class=\"spec-content\"><strong>Allgemeine Beschreibung<\/strong><\/span><\/div>\n<div class=\"specification-item row-even\"><span class=\"spec-content\">Das Cardas Quadlink 5C 0.5M XLR\/XLR ist ein hochwertiges symmetrisches Verbindungskabel, das die Signal\u00fcbertragung zwischen Audioger\u00e4ten optimiert. Mit seiner fortschrittlichen Konstruktion und den sorgf\u00e4ltig ausgew\u00e4hlten Materialien bietet dieses Kabel eine pr\u00e4zise und detaillierte Klangbildwiedergabe. <\/p>\n<p>Dank der Anwendung der Geometrie des Goldenen Schnitts und der Verwendung von Litzen aus reinem Kupfer minimiert das Quadlink 5C den Signalverlust und die Verzerrung. Das Ergebnis ist ein klares und dynamisches Klangbild mit einer hervorragenden Balance zwischen hohen und niedrigen Frequenzen. Die doppelte Abschirmung sch\u00fctzt vor externen St\u00f6rungen und tr\u00e4gt so zu einem sauberen und st\u00f6rungsfreien Klangerlebnis bei.  <\/p>\n<p>Die Flexibilit\u00e4t und Langlebigkeit des Cardas Quadlink 5C machen es einfach, das Kabel in verschiedenen Setups zu verwenden, ohne Kompromisse bei der Leistung einzugehen. Die hochwertigen XLR-Anschl\u00fcsse sorgen f\u00fcr eine solide und zuverl\u00e4ssige Verbindung zwischen Ihren Audioger\u00e4ten. <\/p>\n<p>M\u00f6chten Sie selbst erleben, wie der Cardas Quadlink 5C 0.5M XLR\/XLR Ihr H\u00f6rerlebnis verbessern kann? Vereinbaren Sie eine H\u00f6rsitzung in unserem H\u00f6rraum oder kontaktieren Sie uns, um die Inzahlungnahme zu besprechen. <\/span><\/div>\n<div class=\"specification-item row-header\"><span class=\"spec-content\"><strong>Hintergrundinformationen<\/strong><\/span><\/div>\n<div class=\"specification-item row-even\"><span class=\"spec-content\">Das Cardas Quadlink IC 0.5M XLR\/XLR ist ein hochwertiges Audiokabel, das mit Cardas&#8216; bekannter Liebe zum Detail und zur Klangqualit\u00e4t entwickelt wurde. Das Kabel verwendet Litzendraht mit mehrlagig verdrillten Leitern, die f\u00fcr eine nat\u00fcrliche Klangbalance und Klarheit sorgen. Das Geh\u00e4use ist robust und langlebig und wurde so konzipiert, dass Interferenzen minimiert werden. Hergestellt in den USA, mit sorgf\u00e4ltig ausgew\u00e4hlten Materialien, die Langlebigkeit und Konsistenz gew\u00e4hrleisten.   <\/span><\/div>\n<div class=\"specification-item row-header\"><span class=\"spec-content\"><strong>Geschichte der Marke<\/strong><\/span><\/div>\n<div class=\"specification-item row-even\"><span class=\"spec-content\">Cardas wurde 1987 von George Cardas gegr\u00fcndet, der sich auf die Entwicklung von Hochleistungskabeln konzentrierte. Der Kern der Philosophie der Marke liegt in der Anwendung des Goldenen Schnitts, eines mathematischen Verh\u00e4ltnisses, das harmonische Resonanzen in ihren Produkten minimiert. Die Verwendung spezieller Legierungen und einzigartiger Konstruktionsprinzipien, wie der patentierten Crossfield-Technologie, kennzeichnen die Produktentwicklung. Cardas arbeitet mit verschiedenen Herstellern und Handwerkern zusammen, um seine Produkte in den Vereinigten Staaten von Hand zu fertigen. Der Ruf der Marke beruht auf ihrem Engagement f\u00fcr technische Pr\u00e4zision und Handwerkskunst. Im Laufe der Jahre hat Cardas verschiedene Techniken und Materialien eingef\u00fchrt, darunter die patentierte Constant Q-stranding und die Golden Ratio Tuning. Ihre Produkte sind f\u00fcr ihre Langlebigkeit bekannt und werden in Nischenm\u00e4rkten gesch\u00e4tzt. Cardas zeichnet sich weiterhin durch seinen Fokus auf technische Exzellenz und Liebe zum Detail aus.       <\/span><\/div>\n<\/div>\n","protected":false},"excerpt":{"rendered":"<p>Beschreibung Freakuence! Sie klingen trockener und sauberer als die Golden Cross, aber mit einem sch\u00f6nen Rhythmus und Lebendigkeit. Eine sch\u00f6ne Balance zwischen Geschwindigkeit und Detailreichtum auf der einen Seite und Sanftheit und Raffinesse auf der anderen. Details Vom H\u00e4ndler oder Importeur als Vorf\u00fchrmodell genutzt. Nat\u00fcrlich hatten die Vorf\u00fchrmodelle keinen privaten Besitzer und werden mit voller [&hellip;]<\/p>\n","protected":false},"featured_media":403141,"template":"","meta":{"_acf_changed":false,"inline_featured_image":false},"product_brand":[],"product_cat":[345],"product_tag":[555],"class_list":{"0":"post-403151","1":"product","2":"type-product","3":"status-publish","4":"has-post-thumbnail","6":"product_cat-speakers","7":"product_tag-demo","8":"pa_kleur-blau","10":"first","11":"instock","12":"sold-individually","13":"taxable","14":"shipping-taxable","15":"purchasable","16":"product-type-simple"},"acf":{"website":true,"show_on_homepage":false,"brand_title":"Cardas","product_type":"Quadlink ic 0.5m xlr\/xlr","color":"Blau","subcolor":"","reserved_status":"0"},"yoast_head":"<!-- This site is optimized with the Yoast SEO plugin v25.9 - https:\/\/yoast.com\/wordpress\/plugins\/seo\/ -->\n<title>Cardas Quadlink ic 0.5m xlr\/xlr | Freakuence!<\/title>\n<meta name=\"description\" content=\"Das Cardas Quadlink 5C XLR-Kabel 0,5m bietet eine neutrale, rhythmische und lebendige Klangwiedergabe. \u2713 Neue &amp; gebrauchte HiFi-Ger\u00e4te \u2713 Kundenbewertung: 4.9 von 5 \u2713 Inzahlungnahme \u2713 H\u00f6rprobe\" \/>\n<meta name=\"robots\" content=\"noindex, follow, max-snippet:-1, max-image-preview:large, max-video-preview:-1\" \/>\n<meta property=\"og:locale\" content=\"de_DE\" \/>\n<meta property=\"og:type\" content=\"article\" \/>\n<meta property=\"og:title\" content=\"Cardas Quadlink ic 0.5m xlr\/xlr | Freakuence!\" \/>\n<meta property=\"og:description\" content=\"Das Cardas Quadlink 5C XLR-Kabel 0,5m bietet eine neutrale, rhythmische und lebendige Klangwiedergabe. \u2713 Neue &amp; gebrauchte HiFi-Ger\u00e4te \u2713 Kundenbewertung: 4.9 von 5 \u2713 Inzahlungnahme \u2713 H\u00f6rprobe\" \/>\n<meta property=\"og:url\" content=\"https:\/\/dev.freakuence.nl\/de\/produkt\/cardas-quadlink-ic-0-5m-xlr-xlr\/\" \/>\n<meta property=\"og:site_name\" content=\"Freakuence!\" \/>\n<meta property=\"article:modified_time\" content=\"2026-04-16T13:37:30+00:00\" \/>\n<meta property=\"og:image\" content=\"https:\/\/dev.freakuence.nl\/wp-content\/uploads\/2026\/04\/17763465106642-16984-IMG5504.jpg\" \/>\n\t<meta property=\"og:image:width\" content=\"1800\" \/>\n\t<meta property=\"og:image:height\" content=\"1200\" \/>\n\t<meta property=\"og:image:type\" content=\"image\/jpeg\" \/>\n<meta name=\"twitter:card\" content=\"summary_large_image\" \/>\n<script type=\"application\/ld+json\" class=\"yoast-schema-graph\">{\"@context\":\"https:\/\/schema.org\",\"@graph\":[{\"@type\":\"WebPage\",\"@id\":\"https:\/\/dev.freakuence.nl\/de\/produkt\/cardas-quadlink-ic-0-5m-xlr-xlr\/\",\"url\":\"https:\/\/dev.freakuence.nl\/de\/produkt\/cardas-quadlink-ic-0-5m-xlr-xlr\/\",\"name\":\"Cardas Quadlink ic 0.5m xlr\/xlr | Freakuence!\",\"isPartOf\":{\"@id\":\"https:\/\/dev.freakuence.nl\/de\/#website\"},\"primaryImageOfPage\":{\"@id\":\"https:\/\/dev.freakuence.nl\/de\/produkt\/cardas-quadlink-ic-0-5m-xlr-xlr\/#primaryimage\"},\"image\":{\"@id\":\"https:\/\/dev.freakuence.nl\/de\/produkt\/cardas-quadlink-ic-0-5m-xlr-xlr\/#primaryimage\"},\"thumbnailUrl\":\"https:\/\/dev.freakuence.nl\/wp-content\/uploads\/2026\/04\/17763465106642-16984-IMG5504.jpg\",\"datePublished\":\"2026-04-16T13:35:40+00:00\",\"dateModified\":\"2026-04-16T13:37:30+00:00\",\"description\":\"Das Cardas Quadlink 5C XLR-Kabel 0,5m bietet eine neutrale, rhythmische und lebendige Klangwiedergabe. \u2713 Neue & gebrauchte HiFi-Ger\u00e4te \u2713 Kundenbewertung: 4.9 von 5 \u2713 Inzahlungnahme \u2713 H\u00f6rprobe\",\"breadcrumb\":{\"@id\":\"https:\/\/dev.freakuence.nl\/de\/produkt\/cardas-quadlink-ic-0-5m-xlr-xlr\/#breadcrumb\"},\"inLanguage\":\"de\",\"potentialAction\":[{\"@type\":\"ReadAction\",\"target\":[\"https:\/\/dev.freakuence.nl\/de\/produkt\/cardas-quadlink-ic-0-5m-xlr-xlr\/\"]}]},{\"@type\":\"ImageObject\",\"inLanguage\":\"de\",\"@id\":\"https:\/\/dev.freakuence.nl\/de\/produkt\/cardas-quadlink-ic-0-5m-xlr-xlr\/#primaryimage\",\"url\":\"https:\/\/dev.freakuence.nl\/wp-content\/uploads\/2026\/04\/17763465106642-16984-IMG5504.jpg\",\"contentUrl\":\"https:\/\/dev.freakuence.nl\/wp-content\/uploads\/2026\/04\/17763465106642-16984-IMG5504.jpg\",\"width\":1800,\"height\":1200},{\"@type\":\"BreadcrumbList\",\"@id\":\"https:\/\/dev.freakuence.nl\/de\/produkt\/cardas-quadlink-ic-0-5m-xlr-xlr\/#breadcrumb\",\"itemListElement\":[{\"@type\":\"ListItem\",\"position\":1,\"name\":\"Startseite\",\"item\":\"https:\/\/dev.freakuence.nl\/de\/\"},{\"@type\":\"ListItem\",\"position\":2,\"name\":\"Produkte\",\"item\":\"https:\/\/dev.freakuence.nl\/de\/produkte\/\"},{\"@type\":\"ListItem\",\"position\":3,\"name\":\"Cardas Quadlink ic 0.5m xlr\/xlr\"}]},{\"@type\":\"WebSite\",\"@id\":\"https:\/\/dev.freakuence.nl\/de\/#website\",\"url\":\"https:\/\/dev.freakuence.nl\/de\/\",\"name\":\"Freakuence!\",\"description\":\"Freakuence!\",\"publisher\":{\"@id\":\"https:\/\/dev.freakuence.nl\/de\/#organization\"},\"alternateName\":\"Freakuence\",\"potentialAction\":[{\"@type\":\"SearchAction\",\"target\":{\"@type\":\"EntryPoint\",\"urlTemplate\":\"https:\/\/dev.freakuence.nl\/de\/?s={search_term_string}\"},\"query-input\":{\"@type\":\"PropertyValueSpecification\",\"valueRequired\":true,\"valueName\":\"search_term_string\"}}],\"inLanguage\":\"de\"},{\"@type\":\"Organization\",\"@id\":\"https:\/\/dev.freakuence.nl\/de\/#organization\",\"name\":\"Freakuence!\",\"url\":\"https:\/\/dev.freakuence.nl\/de\/\",\"logo\":{\"@type\":\"ImageObject\",\"inLanguage\":\"de\",\"@id\":\"https:\/\/dev.freakuence.nl\/de\/#\/schema\/logo\/image\/\",\"url\":\"https:\/\/dev.freakuence.nl\/wp-content\/uploads\/2022\/05\/Brown_3_RGB_Freakuence-1.png\",\"contentUrl\":\"https:\/\/dev.freakuence.nl\/wp-content\/uploads\/2022\/05\/Brown_3_RGB_Freakuence-1.png\",\"width\":2560,\"height\":684,\"caption\":\"Freakuence!\"},\"image\":{\"@id\":\"https:\/\/dev.freakuence.nl\/de\/#\/schema\/logo\/image\/\"},\"sameAs\":[\"https:\/\/www.instagram.com\/freakuence_notorious_audio\/\"]}]}<\/script>\n<!-- \/ Yoast SEO plugin. -->","yoast_head_json":{"title":"Cardas Quadlink ic 0.5m xlr\/xlr | Freakuence!","description":"Das Cardas Quadlink 5C XLR-Kabel 0,5m bietet eine neutrale, rhythmische und lebendige Klangwiedergabe. \u2713 Neue & gebrauchte HiFi-Ger\u00e4te \u2713 Kundenbewertung: 4.9 von 5 \u2713 Inzahlungnahme \u2713 H\u00f6rprobe","robots":{"index":"noindex","follow":"follow","max-snippet":"max-snippet:-1","max-image-preview":"max-image-preview:large","max-video-preview":"max-video-preview:-1"},"og_locale":"de_DE","og_type":"article","og_title":"Cardas Quadlink ic 0.5m xlr\/xlr | Freakuence!","og_description":"Das Cardas Quadlink 5C XLR-Kabel 0,5m bietet eine neutrale, rhythmische und lebendige Klangwiedergabe. \u2713 Neue & gebrauchte HiFi-Ger\u00e4te \u2713 Kundenbewertung: 4.9 von 5 \u2713 Inzahlungnahme \u2713 H\u00f6rprobe","og_url":"https:\/\/dev.freakuence.nl\/de\/produkt\/cardas-quadlink-ic-0-5m-xlr-xlr\/","og_site_name":"Freakuence!","article_modified_time":"2026-04-16T13:37:30+00:00","og_image":[{"width":1800,"height":1200,"url":"https:\/\/dev.freakuence.nl\/wp-content\/uploads\/2026\/04\/17763465106642-16984-IMG5504.jpg","type":"image\/jpeg"}],"twitter_card":"summary_large_image","schema":{"@context":"https:\/\/schema.org","@graph":[{"@type":"WebPage","@id":"https:\/\/dev.freakuence.nl\/de\/produkt\/cardas-quadlink-ic-0-5m-xlr-xlr\/","url":"https:\/\/dev.freakuence.nl\/de\/produkt\/cardas-quadlink-ic-0-5m-xlr-xlr\/","name":"Cardas Quadlink ic 0.5m xlr\/xlr | Freakuence!","isPartOf":{"@id":"https:\/\/dev.freakuence.nl\/de\/#website"},"primaryImageOfPage":{"@id":"https:\/\/dev.freakuence.nl\/de\/produkt\/cardas-quadlink-ic-0-5m-xlr-xlr\/#primaryimage"},"image":{"@id":"https:\/\/dev.freakuence.nl\/de\/produkt\/cardas-quadlink-ic-0-5m-xlr-xlr\/#primaryimage"},"thumbnailUrl":"https:\/\/dev.freakuence.nl\/wp-content\/uploads\/2026\/04\/17763465106642-16984-IMG5504.jpg","datePublished":"2026-04-16T13:35:40+00:00","dateModified":"2026-04-16T13:37:30+00:00","description":"Das Cardas Quadlink 5C XLR-Kabel 0,5m bietet eine neutrale, rhythmische und lebendige Klangwiedergabe. \u2713 Neue & gebrauchte HiFi-Ger\u00e4te \u2713 Kundenbewertung: 4.9 von 5 \u2713 Inzahlungnahme \u2713 H\u00f6rprobe","breadcrumb":{"@id":"https:\/\/dev.freakuence.nl\/de\/produkt\/cardas-quadlink-ic-0-5m-xlr-xlr\/#breadcrumb"},"inLanguage":"de","potentialAction":[{"@type":"ReadAction","target":["https:\/\/dev.freakuence.nl\/de\/produkt\/cardas-quadlink-ic-0-5m-xlr-xlr\/"]}]},{"@type":"ImageObject","inLanguage":"de","@id":"https:\/\/dev.freakuence.nl\/de\/produkt\/cardas-quadlink-ic-0-5m-xlr-xlr\/#primaryimage","url":"https:\/\/dev.freakuence.nl\/wp-content\/uploads\/2026\/04\/17763465106642-16984-IMG5504.jpg","contentUrl":"https:\/\/dev.freakuence.nl\/wp-content\/uploads\/2026\/04\/17763465106642-16984-IMG5504.jpg","width":1800,"height":1200},{"@type":"BreadcrumbList","@id":"https:\/\/dev.freakuence.nl\/de\/produkt\/cardas-quadlink-ic-0-5m-xlr-xlr\/#breadcrumb","itemListElement":[{"@type":"ListItem","position":1,"name":"Startseite","item":"https:\/\/dev.freakuence.nl\/de\/"},{"@type":"ListItem","position":2,"name":"Produkte","item":"https:\/\/dev.freakuence.nl\/de\/produkte\/"},{"@type":"ListItem","position":3,"name":"Cardas Quadlink ic 0.5m xlr\/xlr"}]},{"@type":"WebSite","@id":"https:\/\/dev.freakuence.nl\/de\/#website","url":"https:\/\/dev.freakuence.nl\/de\/","name":"Freakuence!","description":"Freakuence!","publisher":{"@id":"https:\/\/dev.freakuence.nl\/de\/#organization"},"alternateName":"Freakuence","potentialAction":[{"@type":"SearchAction","target":{"@type":"EntryPoint","urlTemplate":"https:\/\/dev.freakuence.nl\/de\/?s={search_term_string}"},"query-input":{"@type":"PropertyValueSpecification","valueRequired":true,"valueName":"search_term_string"}}],"inLanguage":"de"},{"@type":"Organization","@id":"https:\/\/dev.freakuence.nl\/de\/#organization","name":"Freakuence!","url":"https:\/\/dev.freakuence.nl\/de\/","logo":{"@type":"ImageObject","inLanguage":"de","@id":"https:\/\/dev.freakuence.nl\/de\/#\/schema\/logo\/image\/","url":"https:\/\/dev.freakuence.nl\/wp-content\/uploads\/2022\/05\/Brown_3_RGB_Freakuence-1.png","contentUrl":"https:\/\/dev.freakuence.nl\/wp-content\/uploads\/2022\/05\/Brown_3_RGB_Freakuence-1.png","width":2560,"height":684,"caption":"Freakuence!"},"image":{"@id":"https:\/\/dev.freakuence.nl\/de\/#\/schema\/logo\/image\/"},"sameAs":["https:\/\/www.instagram.com\/freakuence_notorious_audio\/"]}]}},"_links":{"self":[{"href":"https:\/\/dev.freakuence.nl\/de\/wp-json\/wp\/v2\/product\/403151","targetHints":{"allow":["GET"]}}],"collection":[{"href":"https:\/\/dev.freakuence.nl\/de\/wp-json\/wp\/v2\/product"}],"about":[{"href":"https:\/\/dev.freakuence.nl\/de\/wp-json\/wp\/v2\/types\/product"}],"wp:featuredmedia":[{"embeddable":true,"href":"https:\/\/dev.freakuence.nl\/de\/wp-json\/wp\/v2\/media\/403141"}],"wp:attachment":[{"href":"https:\/\/dev.freakuence.nl\/de\/wp-json\/wp\/v2\/media?parent=403151"}],"wp:term":[{"taxonomy":"product_brand","embeddable":true,"href":"https:\/\/dev.freakuence.nl\/de\/wp-json\/wp\/v2\/product_brand?post=403151"},{"taxonomy":"product_cat","embeddable":true,"href":"https:\/\/dev.freakuence.nl\/de\/wp-json\/wp\/v2\/product_cat?post=403151"},{"taxonomy":"product_tag","embeddable":true,"href":"https:\/\/dev.freakuence.nl\/de\/wp-json\/wp\/v2\/product_tag?post=403151"}],"curies":[{"name":"wp","href":"https:\/\/api.w.org\/{rel}","templated":true}]}}