{"id":314463,"date":"2026-01-22T08:01:54","date_gmt":"2026-01-22T07:01:54","guid":{"rendered":"https:\/\/dev.freakuence.nl\/product\/atoll-in200-evo\/"},"modified":"2026-01-22T10:01:25","modified_gmt":"2026-01-22T09:01:25","slug":"atoll-in200-evo","status":"publish","type":"product","link":"https:\/\/dev.freakuence.nl\/en\/product\/atoll-in200-evo\/","title":{"rendered":"Atoll IN200 EVO"},"content":{"rendered":"<div class=\"product-specifications-list\">\n<div class=\"specification-item row-even\"><span class=\"spec-content\"><strong>Description Freakuence!<\/strong><\/span><\/div>\n<div class=\"specification-item row-odd\"><span class=\"spec-content\">This device is your best buddy. Everything sounds precise, jazz or rock. Warm-full, compelling. The world of pure harmonies. Absolutely recommended for the listener who does not go for the micro details but prefers listening without distractions.    <\/span><\/div>\n<div class=\"specification-item row-even\"><span class=\"spec-content\">Retail price: 1850.00<\/span><\/div>\n<div class=\"specification-item row-odd\"><span class=\"spec-content\"><strong>Details<\/strong><\/span><\/div>\n<div class=\"specification-item row-even\"><span class=\"spec-content\">DA100 DAC Module included<\/span><\/div>\n<div class=\"specification-item row-odd\"><span class=\"spec-content\"><strong>General description<\/strong><\/span><\/div>\n<div class=\"specification-item row-even\"><span class=\"spec-content\">The Atoll IN200 EVO offers a powerful amplifier experience with RMS power of 120 watts per channel at 8 ohms. Equipped with a dynamic dual-mono design and high-quality components, this integrated amplifier ensures optimal audio performance. Five line inputs are available for analog sources, with an option for a phono connection. The amplifier features a built-in preamp output, ideal for bi-amping. An optional DAC card allows integration of digital sources, while a Bluetooth module provides wireless connectivity. Construction is solid, with a three-millimeter-thick, black-lacquered aluminum faceplate that contributes to the enclosure&#8217;s durability.     <\/span><\/div>\n<div class=\"specification-item row-odd\"><span class=\"spec-content\"><strong>Background information<\/strong><\/span><\/div>\n<div class=\"specification-item row-even\"><span class=\"spec-content\">The Atoll ST200 Signature was designed in France by the regular Atoll development team, with an eye for maximum synergy between digital and analog technologies. The enclosure is made of brushed aluminum, while internally high-quality components are used, such as a Burr-Brown DAC and fully separate power supplies. Everything is focused on purity of signal and stability in streaming.  <\/span><\/div>\n<div class=\"specification-item row-odd\"><span class=\"spec-content\"><strong>Brand history<\/strong><\/span><\/div>\n<div class=\"specification-item row-even\"><span class=\"spec-content\">Atoll Electronique was founded in 1997 by brothers St\u00e9phane and Emmanuel Dubreuil in Br\u00e9cey, France. Their goal was to develop high-quality audio components accessible to a wide audience. St\u00e9phane and Emmanuel combine their technical expertise and passion for music to design and produce products manufactured in France. Atoll&#8217;s philosophy focuses on simplicity in design, use of quality components and a strong focus on manual assembly to ensure a high level of craftsmanship. Their approach reflects a commitment to precision and thoroughness in every aspect of the manufacturing process.    <\/span><\/div>\n<\/div>\n","protected":false},"excerpt":{"rendered":"<p>Description Freakuence! This device is your best buddy. Everything sounds precise, jazz or rock. Warm-full, compelling. The world of pure harmonies. Absolutely recommended for the listener who does not go for the micro details but prefers listening without distractions. Retail price: 1850.00 Details DA100 DAC Module included General description The Atoll IN200 EVO offers a [&hellip;]<\/p>\n","protected":false},"featured_media":0,"template":"","meta":{"_acf_changed":false,"inline_featured_image":false},"product_brand":[],"product_cat":[],"product_tag":[],"class_list":{"0":"post-314463","1":"product","2":"type-product","3":"status-publish","6":"first","7":"instock","8":"taxable","9":"shipping-taxable","10":"purchasable","11":"product-type-simple"},"acf":{"":""},"yoast_head":"<!-- This site is optimized with the Yoast SEO plugin v25.9 - https:\/\/yoast.com\/wordpress\/plugins\/seo\/ -->\n<title>Atoll IN200 EVO | Freakuence!<\/title>\n<meta name=\"robots\" content=\"noindex, follow, max-snippet:-1, max-image-preview:large, max-video-preview:-1\" \/>\n<meta property=\"og:locale\" content=\"en_US\" \/>\n<meta property=\"og:type\" content=\"article\" \/>\n<meta property=\"og:title\" content=\"Atoll IN200 EVO | Freakuence!\" \/>\n<meta property=\"og:description\" content=\"Description Freakuence! This device is your best buddy. Everything sounds precise, jazz or rock. Warm-full, compelling. The world of pure harmonies. Absolutely recommended for the listener who does not go for the micro details but prefers listening without distractions. Retail price: 1850.00 Details DA100 DAC Module included General description The Atoll IN200 EVO offers a [&hellip;]\" \/>\n<meta property=\"og:url\" content=\"https:\/\/dev.freakuence.nl\/en\/product\/atoll-in200-evo\/\" \/>\n<meta property=\"og:site_name\" content=\"Freakuence!\" \/>\n<meta property=\"article:modified_time\" content=\"2026-01-22T09:01:25+00:00\" \/>\n<meta name=\"twitter:card\" content=\"summary_large_image\" \/>\n<script type=\"application\/ld+json\" class=\"yoast-schema-graph\">{\"@context\":\"https:\/\/schema.org\",\"@graph\":[{\"@type\":\"WebPage\",\"@id\":\"https:\/\/dev.freakuence.nl\/en\/product\/atoll-in200-evo\/\",\"url\":\"https:\/\/dev.freakuence.nl\/en\/product\/atoll-in200-evo\/\",\"name\":\"Atoll IN200 EVO | Freakuence!\",\"isPartOf\":{\"@id\":\"https:\/\/dev.freakuence.nl\/en\/#website\"},\"datePublished\":\"2026-01-22T07:01:54+00:00\",\"dateModified\":\"2026-01-22T09:01:25+00:00\",\"breadcrumb\":{\"@id\":\"https:\/\/dev.freakuence.nl\/en\/product\/atoll-in200-evo\/#breadcrumb\"},\"inLanguage\":\"en-US\",\"potentialAction\":[{\"@type\":\"ReadAction\",\"target\":[\"https:\/\/dev.freakuence.nl\/en\/product\/atoll-in200-evo\/\"]}]},{\"@type\":\"BreadcrumbList\",\"@id\":\"https:\/\/dev.freakuence.nl\/en\/product\/atoll-in200-evo\/#breadcrumb\",\"itemListElement\":[{\"@type\":\"ListItem\",\"position\":1,\"name\":\"Home\",\"item\":\"https:\/\/dev.freakuence.nl\/en\/home-optimized-duplicate-295092\/\"},{\"@type\":\"ListItem\",\"position\":2,\"name\":\"Products\",\"item\":\"https:\/\/dev.freakuence.nl\/en\/products\/\"},{\"@type\":\"ListItem\",\"position\":3,\"name\":\"Atoll IN200 EVO\"}]},{\"@type\":\"WebSite\",\"@id\":\"https:\/\/dev.freakuence.nl\/en\/#website\",\"url\":\"https:\/\/dev.freakuence.nl\/en\/\",\"name\":\"Freakuence!\",\"description\":\"Freakuence!\",\"publisher\":{\"@id\":\"https:\/\/dev.freakuence.nl\/en\/#organization\"},\"alternateName\":\"Freakuence\",\"potentialAction\":[{\"@type\":\"SearchAction\",\"target\":{\"@type\":\"EntryPoint\",\"urlTemplate\":\"https:\/\/dev.freakuence.nl\/en\/?s={search_term_string}\"},\"query-input\":{\"@type\":\"PropertyValueSpecification\",\"valueRequired\":true,\"valueName\":\"search_term_string\"}}],\"inLanguage\":\"en-US\"},{\"@type\":\"Organization\",\"@id\":\"https:\/\/dev.freakuence.nl\/en\/#organization\",\"name\":\"Freakuence!\",\"url\":\"https:\/\/dev.freakuence.nl\/en\/\",\"logo\":{\"@type\":\"ImageObject\",\"inLanguage\":\"en-US\",\"@id\":\"https:\/\/dev.freakuence.nl\/en\/#\/schema\/logo\/image\/\",\"url\":\"https:\/\/dev.freakuence.nl\/wp-content\/uploads\/2022\/05\/Brown_3_RGB_Freakuence-1.png\",\"contentUrl\":\"https:\/\/dev.freakuence.nl\/wp-content\/uploads\/2022\/05\/Brown_3_RGB_Freakuence-1.png\",\"width\":2560,\"height\":684,\"caption\":\"Freakuence!\"},\"image\":{\"@id\":\"https:\/\/dev.freakuence.nl\/en\/#\/schema\/logo\/image\/\"}}]}<\/script>\n<!-- \/ Yoast SEO plugin. -->","yoast_head_json":{"title":"Atoll IN200 EVO | Freakuence!","robots":{"index":"noindex","follow":"follow","max-snippet":"max-snippet:-1","max-image-preview":"max-image-preview:large","max-video-preview":"max-video-preview:-1"},"og_locale":"en_US","og_type":"article","og_title":"Atoll IN200 EVO | Freakuence!","og_description":"Description Freakuence! This device is your best buddy. Everything sounds precise, jazz or rock. Warm-full, compelling. The world of pure harmonies. Absolutely recommended for the listener who does not go for the micro details but prefers listening without distractions. Retail price: 1850.00 Details DA100 DAC Module included General description The Atoll IN200 EVO offers a [&hellip;]","og_url":"https:\/\/dev.freakuence.nl\/en\/product\/atoll-in200-evo\/","og_site_name":"Freakuence!","article_modified_time":"2026-01-22T09:01:25+00:00","twitter_card":"summary_large_image","schema":{"@context":"https:\/\/schema.org","@graph":[{"@type":"WebPage","@id":"https:\/\/dev.freakuence.nl\/en\/product\/atoll-in200-evo\/","url":"https:\/\/dev.freakuence.nl\/en\/product\/atoll-in200-evo\/","name":"Atoll IN200 EVO | Freakuence!","isPartOf":{"@id":"https:\/\/dev.freakuence.nl\/en\/#website"},"datePublished":"2026-01-22T07:01:54+00:00","dateModified":"2026-01-22T09:01:25+00:00","breadcrumb":{"@id":"https:\/\/dev.freakuence.nl\/en\/product\/atoll-in200-evo\/#breadcrumb"},"inLanguage":"en-US","potentialAction":[{"@type":"ReadAction","target":["https:\/\/dev.freakuence.nl\/en\/product\/atoll-in200-evo\/"]}]},{"@type":"BreadcrumbList","@id":"https:\/\/dev.freakuence.nl\/en\/product\/atoll-in200-evo\/#breadcrumb","itemListElement":[{"@type":"ListItem","position":1,"name":"Home","item":"https:\/\/dev.freakuence.nl\/en\/home-optimized-duplicate-295092\/"},{"@type":"ListItem","position":2,"name":"Products","item":"https:\/\/dev.freakuence.nl\/en\/products\/"},{"@type":"ListItem","position":3,"name":"Atoll IN200 EVO"}]},{"@type":"WebSite","@id":"https:\/\/dev.freakuence.nl\/en\/#website","url":"https:\/\/dev.freakuence.nl\/en\/","name":"Freakuence!","description":"Freakuence!","publisher":{"@id":"https:\/\/dev.freakuence.nl\/en\/#organization"},"alternateName":"Freakuence","potentialAction":[{"@type":"SearchAction","target":{"@type":"EntryPoint","urlTemplate":"https:\/\/dev.freakuence.nl\/en\/?s={search_term_string}"},"query-input":{"@type":"PropertyValueSpecification","valueRequired":true,"valueName":"search_term_string"}}],"inLanguage":"en-US"},{"@type":"Organization","@id":"https:\/\/dev.freakuence.nl\/en\/#organization","name":"Freakuence!","url":"https:\/\/dev.freakuence.nl\/en\/","logo":{"@type":"ImageObject","inLanguage":"en-US","@id":"https:\/\/dev.freakuence.nl\/en\/#\/schema\/logo\/image\/","url":"https:\/\/dev.freakuence.nl\/wp-content\/uploads\/2022\/05\/Brown_3_RGB_Freakuence-1.png","contentUrl":"https:\/\/dev.freakuence.nl\/wp-content\/uploads\/2022\/05\/Brown_3_RGB_Freakuence-1.png","width":2560,"height":684,"caption":"Freakuence!"},"image":{"@id":"https:\/\/dev.freakuence.nl\/en\/#\/schema\/logo\/image\/"}}]}},"_links":{"self":[{"href":"https:\/\/dev.freakuence.nl\/en\/wp-json\/wp\/v2\/product\/314463","targetHints":{"allow":["GET"]}}],"collection":[{"href":"https:\/\/dev.freakuence.nl\/en\/wp-json\/wp\/v2\/product"}],"about":[{"href":"https:\/\/dev.freakuence.nl\/en\/wp-json\/wp\/v2\/types\/product"}],"version-history":[{"count":0,"href":"https:\/\/dev.freakuence.nl\/en\/wp-json\/wp\/v2\/product\/314463\/revisions"}],"wp:attachment":[{"href":"https:\/\/dev.freakuence.nl\/en\/wp-json\/wp\/v2\/media?parent=314463"}],"wp:term":[{"taxonomy":"product_brand","embeddable":true,"href":"https:\/\/dev.freakuence.nl\/en\/wp-json\/wp\/v2\/product_brand?post=314463"},{"taxonomy":"product_cat","embeddable":true,"href":"https:\/\/dev.freakuence.nl\/en\/wp-json\/wp\/v2\/product_cat?post=314463"},{"taxonomy":"product_tag","embeddable":true,"href":"https:\/\/dev.freakuence.nl\/en\/wp-json\/wp\/v2\/product_tag?post=314463"}],"curies":[{"name":"wp","href":"https:\/\/api.w.org\/{rel}","templated":true}]}}