{"id":316567,"date":"2023-02-10T12:38:40","date_gmt":"2023-02-10T11:38:40","guid":{"rendered":"https:\/\/freakuence.nl\/declaration-de-confidentialite\/"},"modified":"2026-04-16T11:49:07","modified_gmt":"2026-04-16T09:49:07","slug":"declaration-de-confidentialite","status":"publish","type":"page","link":"https:\/\/dev.freakuence.nl\/fr\/declaration-de-confidentialite\/","title":{"rendered":"D\u00e9claration de confidentialit\u00e9"},"content":{"rendered":"\t\t<div data-elementor-type=\"wp-page\" data-elementor-id=\"316567\" class=\"elementor elementor-316567 elementor-26181\" data-elementor-post-type=\"page\">\n\t\t\t\t<div class=\"elementor-element elementor-element-0a749c2 e-con-full e-flex e-con e-parent\" data-id=\"0a749c2\" data-element_type=\"container\" data-settings=\"{&quot;background_background&quot;:&quot;classic&quot;,&quot;sticky&quot;:&quot;top&quot;,&quot;sticky_on&quot;:[&quot;desktop&quot;,&quot;laptop&quot;,&quot;tablet&quot;,&quot;mobile_extra&quot;,&quot;mobile&quot;],&quot;sticky_offset&quot;:0,&quot;sticky_effects_offset&quot;:0,&quot;sticky_anchor_link_offset&quot;:0}\">\n\t\t<div class=\"elementor-element elementor-element-fb923f9 e-con-full e-flex e-con e-child\" data-id=\"fb923f9\" data-element_type=\"container\">\n\t\t\t\t<div class=\"elementor-element elementor-element-c5bd92e elementor-widget elementor-widget-spacer\" data-id=\"c5bd92e\" data-element_type=\"widget\" data-widget_type=\"spacer.default\">\n\t\t\t\t\t\t\t<div class=\"elementor-spacer\">\n\t\t\t<div class=\"elementor-spacer-inner\"><\/div>\n\t\t<\/div>\n\t\t\t\t\t\t<\/div>\n\t\t\t\t<\/div>\n\t\t<div class=\"elementor-element elementor-element-d1b68bc e-con-full e-flex e-con e-child\" data-id=\"d1b68bc\" data-element_type=\"container\" data-settings=\"{&quot;background_background&quot;:&quot;classic&quot;}\">\n\t\t\t\t<div class=\"elementor-element elementor-element-d22104d elementor-widget elementor-widget-spacer\" data-id=\"d22104d\" data-element_type=\"widget\" data-widget_type=\"spacer.default\">\n\t\t\t\t\t\t\t<div class=\"elementor-spacer\">\n\t\t\t<div class=\"elementor-spacer-inner\"><\/div>\n\t\t<\/div>\n\t\t\t\t\t\t<\/div>\n\t\t\t\t<\/div>\n\t\t\t\t<\/div>\n\t\t<div class=\"elementor-element elementor-element-502cc2ef e-flex e-con-boxed e-con e-parent\" data-id=\"502cc2ef\" data-element_type=\"container\">\n\t\t\t\t\t<div class=\"e-con-inner\">\n\t\t\t\t<div class=\"elementor-element elementor-element-1f33fea elementor-widget elementor-widget-heading\" data-id=\"1f33fea\" data-element_type=\"widget\" data-widget_type=\"heading.default\">\n\t\t\t\t\t<h1 class=\"elementor-heading-title elementor-size-default\">D\u00e9claration de confidentialit\u00e9<\/h1>\t\t\t\t<\/div>\n\t\t\t\t<div class=\"elementor-element elementor-element-27c0ba19 elementor-widget elementor-widget-text-editor\" data-id=\"27c0ba19\" data-element_type=\"widget\" data-widget_type=\"text-editor.default\">\n\t\t\t\t\t\t\t\t\t<p>Freakuence !, situ\u00e9 au Golf van Biskaje 4a-25 3446 CP Woerden, est responsable du traitement des donn\u00e9es \u00e0 caract\u00e8re personnel tel qu&rsquo;il est d\u00e9crit dans la pr\u00e9sente d\u00e9claration de confidentialit\u00e9.<\/p><p>Coordonn\u00e9es de la personne \u00e0 contacter :<\/p><p><a href=\"https:\/\/www.freakuence.nl\/\">https:\/\/www.freakuence.nl\/<\/a><\/p><p>Golfe de Gascogne 4a-25 3446 CP Woerden<\/p><p>+31629047633<\/p><p>Le d\u00e9l\u00e9gu\u00e9 \u00e0 la protection des donn\u00e9es de Freakuence ! peut \u00eatre contact\u00e9 \u00e0 l&rsquo;adresse suivante : info@freakuence.nl<\/p><h2 class=\"wp-block-heading\">Donn\u00e9es personnelles que nous traitons<\/h2><p>Freakuence ! traite vos donn\u00e9es personnelles parce que vous utilisez nos services et\/ou parce que vous nous fournissez vous-m\u00eame ces donn\u00e9es. Vous trouverez ci-dessous un aper\u00e7u des donn\u00e9es personnelles que nous traitons : <\/p><p>&#8211; Pr\u00e9nom et nom<\/p><p>&#8211; Coordonn\u00e9es<\/p><p>&#8211; Num\u00e9ro de t\u00e9l\u00e9phone<\/p><p>&#8211; Adresse \u00e9lectronique<\/p><p>&#8211; Adresse IP<\/p><p>&#8211; Autres donn\u00e9es \u00e0 caract\u00e8re personnel que vous fournissez activement, par exemple en cr\u00e9ant un profil sur ce site web, par correspondance ou par t\u00e9l\u00e9phone.<\/p><p>&#8211; D\u00e9tails de l&#8217;emplacement<\/p><p>&#8211; Donn\u00e9es relatives \u00e0 vos activit\u00e9s sur notre site web<\/p><p>&#8211; Donn\u00e9es relatives \u00e0 votre comportement de navigation sur diff\u00e9rents sites web (par exemple, parce que cette soci\u00e9t\u00e9 fait partie d&rsquo;un r\u00e9seau publicitaire).<\/p><p>&#8211; Liste des coordonn\u00e9es des clients via une application<\/p><p>&#8211; Navigateur Internet et type d&rsquo;appareil<\/p><h2 class=\"wp-block-heading\">Dans quel but et sur quelle base nous traitons les donn\u00e9es \u00e0 caract\u00e8re personnel<\/h2><p>Freakuence ! traite vos donn\u00e9es personnelles aux fins suivantes :<\/p><p>&#8211; Traitement de votre paiement<\/p><p>&#8211; Envoi de notre bulletin d&rsquo;information et\/ou d&rsquo;un d\u00e9pliant publicitaire<\/p><p>&#8211; vous appeler ou vous envoyer un courrier \u00e9lectronique si cela s&rsquo;av\u00e8re n\u00e9cessaire pour la prestation de nos services<\/p><p>&#8211; vous informer des modifications apport\u00e9es \u00e0 nos services et produits<\/p><p>&#8211; Vous permettre de cr\u00e9er un compte<\/p><p>&#8211; Pour vous fournir des biens et des services<\/p><p>&#8211; Freakuence ! analyse votre comportement sur le site Web afin de l&rsquo;am\u00e9liorer et d&rsquo;adapter l&rsquo;offre de produits et de services \u00e0 vos pr\u00e9f\u00e9rences.<\/p><p>&#8211; Freakuence ! traite \u00e9galement des donn\u00e9es \u00e0 caract\u00e8re personnel si nous sommes l\u00e9galement tenus de le faire, comme par exemple les donn\u00e9es n\u00e9cessaires \u00e0 notre d\u00e9claration d&rsquo;imp\u00f4ts.<\/p><h2 class=\"wp-block-heading\">Dur\u00e9e de conservation des donn\u00e9es personnelles<\/h2><p>Freakuence ! conserve vos donn\u00e9es personnelles pendant la dur\u00e9e strictement n\u00e9cessaire \u00e0 la r\u00e9alisation des objectifs pour lesquels vos donn\u00e9es ont \u00e9t\u00e9 collect\u00e9es. Nous utilisons une p\u00e9riode de conservation de 2 ans. <\/p><h2 class=\"wp-block-heading\">Partage de donn\u00e9es personnelles avec des tiers<\/h2><p>Freakuence ! ne fournit des informations qu&rsquo;\u00e0 des tiers et uniquement lorsque cela est n\u00e9cessaire pour l&rsquo;ex\u00e9cution de notre contrat avec vous ou pour se conformer \u00e0 une obligation l\u00e9gale.<\/p><h2 class=\"wp-block-heading\">Cookies, ou techniques similaires, que nous utilisons<\/h2><p>Freakuence ! utilise des cookies fonctionnels, analytiques et de suivi. Un cookie est un petit fichier texte qui est stock\u00e9 dans le navigateur de votre ordinateur, tablette ou smartphone lors de votre premi\u00e8re visite sur ce site web. Freakuence ! utilise des cookies dont la fonctionnalit\u00e9 est purement technique. Ils garantissent que le site web fonctionne correctement et que, par exemple, vos pr\u00e9f\u00e9rences sont m\u00e9moris\u00e9es. Ces cookies sont \u00e9galement utilis\u00e9s pour assurer le bon fonctionnement et l&rsquo;optimisation du site web. En outre, nous pla\u00e7ons des cookies qui suivent votre comportement de navigation afin de pouvoir vous proposer un contenu et des publicit\u00e9s sur mesure. Lors de votre premi\u00e8re visite sur notre site web, nous vous avons d\u00e9j\u00e0 inform\u00e9 de l&rsquo;existence de ces cookies et vous avons demand\u00e9 la permission de les placer. Vous pouvez refuser les cookies en param\u00e9trant votre navigateur Internet de mani\u00e8re \u00e0 ce qu&rsquo;il ne les stocke plus. Vous pouvez \u00e9galement supprimer toutes les informations pr\u00e9c\u00e9demment stock\u00e9es via les param\u00e8tres de votre navigateur. Vous trouverez des explications \u00e0 ce sujet \u00e0 l&rsquo;adresse suivante : https:\/\/veiliginternetten.nl\/themes\/situatie\/cookies-wat-zijn-het-en-wat-doe-ik-ermee\/         <\/p><p>Des cookies sont \u00e9galement install\u00e9s sur ce site par des tiers, notamment Google. Cookie : Googly Analytics Nom : _utma Fonction : cookie analytique mesurant le trafic sur le site Dur\u00e9e de conservation : 2 ans <\/p><h2 class=\"wp-block-heading\">Visualiser, modifier ou supprimer des donn\u00e9es<\/h2><p>Vous avez le droit de consulter, de corriger ou de supprimer vos donn\u00e9es personnelles. Vous pouvez le faire vous-m\u00eame via les param\u00e8tres personnels de votre compte. Vous avez \u00e9galement le droit de retirer votre \u00e9ventuel consentement au traitement des donn\u00e9es ou de vous opposer au traitement de vos donn\u00e9es personnelles par notre soci\u00e9t\u00e9 et vous avez le droit \u00e0 la portabilit\u00e9 des donn\u00e9es. Cela signifie que vous pouvez nous demander d&rsquo;envoyer les donn\u00e9es personnelles que nous avons sur vous dans un fichier informatique \u00e0 vous-m\u00eame ou \u00e0 une autre organisation que vous avez d\u00e9sign\u00e9e. Si vous souhaitez exercer votre droit d&rsquo;opposition et\/ou votre droit \u00e0 la portabilit\u00e9 des donn\u00e9es ou si vous avez d&rsquo;autres questions\/commentaires sur le traitement des donn\u00e9es, veuillez envoyer une demande d\u00e9taill\u00e9e \u00e0 info@freakuence.nl. Afin de nous assurer que la demande d&rsquo;inspection est bien faite par vous, nous vous demandons d&rsquo;envoyer une copie de votre preuve d&rsquo;identit\u00e9 avec la demande. Sur cette copie, noircissez votre photo de passeport, la MRZ (zone de lecture automatique, la bande de chiffres au bas du passeport), le num\u00e9ro de passeport et le num\u00e9ro de service du citoyen (BSN). Ceci afin de prot\u00e9ger votre vie priv\u00e9e. Freakuence ! r\u00e9pondra \u00e0 votre demande le plus rapidement possible, mais en tout \u00e9tat de cause dans un d\u00e9lai de quatre semaines. Freakuence ! souhaite \u00e9galement souligner que vous avez la possibilit\u00e9 d&rsquo;introduire une plainte aupr\u00e8s du r\u00e9gulateur national, l&rsquo;Autorit\u00e9 des donn\u00e9es personnelles. Vous pouvez le faire via le lien suivant : https:\/\/autoriteitpersoonsgegevens.nl\/nl\/contact-met-de-autoriteit-persoonsgegevens\/tip-ons          <\/p><h2 class=\"wp-block-heading\">Comment nous s\u00e9curisons les donn\u00e9es personnelles<\/h2><p>Freakuence prend au s\u00e9rieux la protection de vos donn\u00e9es et prend des mesures appropri\u00e9es pour les prot\u00e9ger contre l&rsquo;utilisation abusive, la perte, l&rsquo;acc\u00e8s non autoris\u00e9, la divulgation non d\u00e9sir\u00e9e et la modification non autoris\u00e9e. Si vous estimez que vos donn\u00e9es ne sont toujours pas s\u00e9curis\u00e9es ou qu&rsquo;il existe des indices d&rsquo;abus, veuillez contacter notre service client\u00e8le ou via info@freakuence.nl. <\/p>\t\t\t\t\t\t\t\t<\/div>\n\t\t\t\t\t<\/div>\n\t\t\t\t<\/div>\n\t\t\t\t<\/div>\n\t\t","protected":false},"excerpt":{"rendered":"<p>D\u00e9claration de confidentialit\u00e9 Freakuence !, situ\u00e9 au Golf van Biskaje 4a-25 3446 CP Woerden, est responsable du traitement des donn\u00e9es \u00e0 caract\u00e8re personnel tel qu&rsquo;il est d\u00e9crit dans la pr\u00e9sente d\u00e9claration de confidentialit\u00e9. Coordonn\u00e9es de la personne \u00e0 contacter : https:\/\/www.freakuence.nl\/ Golfe de Gascogne 4a-25 3446 CP Woerden +31629047633 Le d\u00e9l\u00e9gu\u00e9 \u00e0 la protection des [&hellip;]<\/p>\n","protected":false},"author":5,"featured_media":0,"parent":0,"menu_order":0,"comment_status":"closed","ping_status":"closed","template":"","meta":{"_acf_changed":false,"inline_featured_image":false,"footnotes":""},"class_list":["post-316567","page","type-page","status-publish","hentry"],"acf":[],"yoast_head":"<!-- This site is optimized with the Yoast SEO plugin v25.9 - https:\/\/yoast.com\/wordpress\/plugins\/seo\/ -->\n<title>D\u00e9claration de confidentialit\u00e9 - Freakuence !<\/title>\n<meta name=\"description\" content=\"Consultez la d\u00e9claration de confidentialit\u00e9 de Freakuence ! Lisez comment nous traitons les donn\u00e9es personnelles, les cookies et la protection de vos donn\u00e9es.\" \/>\n<meta name=\"robots\" content=\"noindex, follow, max-snippet:-1, max-image-preview:large, max-video-preview:-1\" \/>\n<meta property=\"og:locale\" content=\"fr_FR\" \/>\n<meta property=\"og:type\" content=\"article\" \/>\n<meta property=\"og:title\" content=\"D\u00e9claration de confidentialit\u00e9 - Freakuence !\" \/>\n<meta property=\"og:description\" content=\"Consultez la d\u00e9claration de confidentialit\u00e9 de Freakuence ! Lisez comment nous traitons les donn\u00e9es personnelles, les cookies et la protection de vos donn\u00e9es.\" \/>\n<meta property=\"og:url\" content=\"https:\/\/dev.freakuence.nl\/fr\/declaration-de-confidentialite\/\" \/>\n<meta property=\"og:site_name\" content=\"Freakuence!\" \/>\n<meta property=\"article:modified_time\" content=\"2026-04-16T09:49:07+00:00\" \/>\n<meta name=\"twitter:card\" content=\"summary_large_image\" \/>\n<script type=\"application\/ld+json\" class=\"yoast-schema-graph\">{\"@context\":\"https:\/\/schema.org\",\"@graph\":[{\"@type\":\"WebPage\",\"@id\":\"https:\/\/dev.freakuence.nl\/fr\/declaration-de-confidentialite\/\",\"url\":\"https:\/\/dev.freakuence.nl\/fr\/declaration-de-confidentialite\/\",\"name\":\"D\u00e9claration de confidentialit\u00e9 - Freakuence !\",\"isPartOf\":{\"@id\":\"https:\/\/dev.freakuence.nl\/fr\/#website\"},\"datePublished\":\"2023-02-10T11:38:40+00:00\",\"dateModified\":\"2026-04-16T09:49:07+00:00\",\"description\":\"Consultez la d\u00e9claration de confidentialit\u00e9 de Freakuence ! Lisez comment nous traitons les donn\u00e9es personnelles, les cookies et la protection de vos donn\u00e9es.\",\"breadcrumb\":{\"@id\":\"https:\/\/dev.freakuence.nl\/fr\/declaration-de-confidentialite\/#breadcrumb\"},\"inLanguage\":\"fr-FR\",\"potentialAction\":[{\"@type\":\"ReadAction\",\"target\":[\"https:\/\/dev.freakuence.nl\/fr\/declaration-de-confidentialite\/\"]}]},{\"@type\":\"BreadcrumbList\",\"@id\":\"https:\/\/dev.freakuence.nl\/fr\/declaration-de-confidentialite\/#breadcrumb\",\"itemListElement\":[{\"@type\":\"ListItem\",\"position\":1,\"name\":\"Accueil\",\"item\":\"https:\/\/dev.freakuence.nl\/fr\/\"},{\"@type\":\"ListItem\",\"position\":2,\"name\":\"D\u00e9claration de confidentialit\u00e9\"}]},{\"@type\":\"WebSite\",\"@id\":\"https:\/\/dev.freakuence.nl\/fr\/#website\",\"url\":\"https:\/\/dev.freakuence.nl\/fr\/\",\"name\":\"Freakuence!\",\"description\":\"Freakuence!\",\"publisher\":{\"@id\":\"https:\/\/dev.freakuence.nl\/fr\/#organization\"},\"alternateName\":\"Freakuence\",\"potentialAction\":[{\"@type\":\"SearchAction\",\"target\":{\"@type\":\"EntryPoint\",\"urlTemplate\":\"https:\/\/dev.freakuence.nl\/fr\/?s={search_term_string}\"},\"query-input\":{\"@type\":\"PropertyValueSpecification\",\"valueRequired\":true,\"valueName\":\"search_term_string\"}}],\"inLanguage\":\"fr-FR\"},{\"@type\":\"Organization\",\"@id\":\"https:\/\/dev.freakuence.nl\/fr\/#organization\",\"name\":\"Freakuence !\",\"url\":\"https:\/\/dev.freakuence.nl\/fr\/\",\"logo\":{\"@type\":\"ImageObject\",\"inLanguage\":\"fr-FR\",\"@id\":\"https:\/\/dev.freakuence.nl\/fr\/#\/schema\/logo\/image\/\",\"url\":\"https:\/\/dev.freakuence.nl\/wp-content\/uploads\/2022\/05\/Brown_3_RGB_Freakuence-1.png\",\"contentUrl\":\"https:\/\/dev.freakuence.nl\/wp-content\/uploads\/2022\/05\/Brown_3_RGB_Freakuence-1.png\",\"width\":2560,\"height\":684,\"caption\":\"Freakuence !\"},\"image\":{\"@id\":\"https:\/\/dev.freakuence.nl\/fr\/#\/schema\/logo\/image\/\"},\"sameAs\":[\"https:\/\/www.instagram.com\/freakuence_notorious_audio\/\"]}]}<\/script>\n<!-- \/ Yoast SEO plugin. -->","yoast_head_json":{"title":"D\u00e9claration de confidentialit\u00e9 - Freakuence !","description":"Consultez la d\u00e9claration de confidentialit\u00e9 de Freakuence ! Lisez comment nous traitons les donn\u00e9es personnelles, les cookies et la protection de vos donn\u00e9es.","robots":{"index":"noindex","follow":"follow","max-snippet":"max-snippet:-1","max-image-preview":"max-image-preview:large","max-video-preview":"max-video-preview:-1"},"og_locale":"fr_FR","og_type":"article","og_title":"D\u00e9claration de confidentialit\u00e9 - Freakuence !","og_description":"Consultez la d\u00e9claration de confidentialit\u00e9 de Freakuence ! Lisez comment nous traitons les donn\u00e9es personnelles, les cookies et la protection de vos donn\u00e9es.","og_url":"https:\/\/dev.freakuence.nl\/fr\/declaration-de-confidentialite\/","og_site_name":"Freakuence!","article_modified_time":"2026-04-16T09:49:07+00:00","twitter_card":"summary_large_image","schema":{"@context":"https:\/\/schema.org","@graph":[{"@type":"WebPage","@id":"https:\/\/dev.freakuence.nl\/fr\/declaration-de-confidentialite\/","url":"https:\/\/dev.freakuence.nl\/fr\/declaration-de-confidentialite\/","name":"D\u00e9claration de confidentialit\u00e9 - Freakuence !","isPartOf":{"@id":"https:\/\/dev.freakuence.nl\/fr\/#website"},"datePublished":"2023-02-10T11:38:40+00:00","dateModified":"2026-04-16T09:49:07+00:00","description":"Consultez la d\u00e9claration de confidentialit\u00e9 de Freakuence ! Lisez comment nous traitons les donn\u00e9es personnelles, les cookies et la protection de vos donn\u00e9es.","breadcrumb":{"@id":"https:\/\/dev.freakuence.nl\/fr\/declaration-de-confidentialite\/#breadcrumb"},"inLanguage":"fr-FR","potentialAction":[{"@type":"ReadAction","target":["https:\/\/dev.freakuence.nl\/fr\/declaration-de-confidentialite\/"]}]},{"@type":"BreadcrumbList","@id":"https:\/\/dev.freakuence.nl\/fr\/declaration-de-confidentialite\/#breadcrumb","itemListElement":[{"@type":"ListItem","position":1,"name":"Accueil","item":"https:\/\/dev.freakuence.nl\/fr\/"},{"@type":"ListItem","position":2,"name":"D\u00e9claration de confidentialit\u00e9"}]},{"@type":"WebSite","@id":"https:\/\/dev.freakuence.nl\/fr\/#website","url":"https:\/\/dev.freakuence.nl\/fr\/","name":"Freakuence!","description":"Freakuence!","publisher":{"@id":"https:\/\/dev.freakuence.nl\/fr\/#organization"},"alternateName":"Freakuence","potentialAction":[{"@type":"SearchAction","target":{"@type":"EntryPoint","urlTemplate":"https:\/\/dev.freakuence.nl\/fr\/?s={search_term_string}"},"query-input":{"@type":"PropertyValueSpecification","valueRequired":true,"valueName":"search_term_string"}}],"inLanguage":"fr-FR"},{"@type":"Organization","@id":"https:\/\/dev.freakuence.nl\/fr\/#organization","name":"Freakuence !","url":"https:\/\/dev.freakuence.nl\/fr\/","logo":{"@type":"ImageObject","inLanguage":"fr-FR","@id":"https:\/\/dev.freakuence.nl\/fr\/#\/schema\/logo\/image\/","url":"https:\/\/dev.freakuence.nl\/wp-content\/uploads\/2022\/05\/Brown_3_RGB_Freakuence-1.png","contentUrl":"https:\/\/dev.freakuence.nl\/wp-content\/uploads\/2022\/05\/Brown_3_RGB_Freakuence-1.png","width":2560,"height":684,"caption":"Freakuence !"},"image":{"@id":"https:\/\/dev.freakuence.nl\/fr\/#\/schema\/logo\/image\/"},"sameAs":["https:\/\/www.instagram.com\/freakuence_notorious_audio\/"]}]}},"_links":{"self":[{"href":"https:\/\/dev.freakuence.nl\/fr\/wp-json\/wp\/v2\/pages\/316567","targetHints":{"allow":["GET"]}}],"collection":[{"href":"https:\/\/dev.freakuence.nl\/fr\/wp-json\/wp\/v2\/pages"}],"about":[{"href":"https:\/\/dev.freakuence.nl\/fr\/wp-json\/wp\/v2\/types\/page"}],"author":[{"embeddable":true,"href":"https:\/\/dev.freakuence.nl\/fr\/wp-json\/wp\/v2\/users\/5"}],"replies":[{"embeddable":true,"href":"https:\/\/dev.freakuence.nl\/fr\/wp-json\/wp\/v2\/comments?post=316567"}],"version-history":[{"count":0,"href":"https:\/\/dev.freakuence.nl\/fr\/wp-json\/wp\/v2\/pages\/316567\/revisions"}],"wp:attachment":[{"href":"https:\/\/dev.freakuence.nl\/fr\/wp-json\/wp\/v2\/media?parent=316567"}],"curies":[{"name":"wp","href":"https:\/\/api.w.org\/{rel}","templated":true}]}}