{"id":316574,"date":"2023-10-10T11:14:15","date_gmt":"2023-10-10T09:14:15","guid":{"rendered":"https:\/\/freakuence.nl\/garantie\/"},"modified":"2026-04-16T11:38:25","modified_gmt":"2026-04-16T09:38:25","slug":"garantie","status":"publish","type":"page","link":"https:\/\/dev.freakuence.nl\/fr\/garantie\/","title":{"rendered":"Garantie"},"content":{"rendered":"\t\t<div data-elementor-type=\"wp-page\" data-elementor-id=\"316574\" class=\"elementor elementor-316574 elementor-29524\" data-elementor-post-type=\"page\">\n\t\t\t\t<div class=\"elementor-element elementor-element-eb88875 e-con-full e-flex e-con e-parent\" data-id=\"eb88875\" data-element_type=\"container\" data-settings=\"{&quot;background_background&quot;:&quot;classic&quot;,&quot;sticky&quot;:&quot;top&quot;,&quot;sticky_on&quot;:[&quot;desktop&quot;,&quot;laptop&quot;,&quot;tablet&quot;,&quot;mobile_extra&quot;,&quot;mobile&quot;],&quot;sticky_offset&quot;:0,&quot;sticky_effects_offset&quot;:0,&quot;sticky_anchor_link_offset&quot;:0}\">\n\t\t<div class=\"elementor-element elementor-element-56abe9e e-con-full e-flex e-con e-child\" data-id=\"56abe9e\" data-element_type=\"container\" data-settings=\"{&quot;background_background&quot;:&quot;classic&quot;}\">\n\t\t<div class=\"elementor-element elementor-element-028eb17 e-con-full e-flex e-con e-child\" data-id=\"028eb17\" data-element_type=\"container\">\n\t\t<div class=\"elementor-element elementor-element-1692cc8 e-con-full e-flex e-con e-child\" data-id=\"1692cc8\" data-element_type=\"container\" data-settings=\"{&quot;background_background&quot;:&quot;classic&quot;}\">\n\t\t\t\t<div class=\"elementor-element elementor-element-b69f6d4 elementor-widget elementor-widget-spacer\" data-id=\"b69f6d4\" data-element_type=\"widget\" data-widget_type=\"spacer.default\">\n\t\t\t\t\t\t\t<div class=\"elementor-spacer\">\n\t\t\t<div class=\"elementor-spacer-inner\"><\/div>\n\t\t<\/div>\n\t\t\t\t\t\t<\/div>\n\t\t\t\t<\/div>\n\t\t\t\t<\/div>\n\t\t<div class=\"elementor-element elementor-element-ba09823 e-con-full e-flex e-con e-child\" data-id=\"ba09823\" data-element_type=\"container\">\n\t\t\t\t<div class=\"elementor-element elementor-element-f9432bb elementor-absolute e-transform elementor-view-default elementor-widget elementor-widget-icon\" data-id=\"f9432bb\" data-element_type=\"widget\" data-settings=\"{&quot;_position&quot;:&quot;absolute&quot;,&quot;_transform_rotateZ_effect&quot;:{&quot;unit&quot;:&quot;px&quot;,&quot;size&quot;:90,&quot;sizes&quot;:[]},&quot;_transform_rotateZ_effect_laptop&quot;:{&quot;unit&quot;:&quot;deg&quot;,&quot;size&quot;:&quot;&quot;,&quot;sizes&quot;:[]},&quot;_transform_rotateZ_effect_tablet&quot;:{&quot;unit&quot;:&quot;deg&quot;,&quot;size&quot;:&quot;&quot;,&quot;sizes&quot;:[]},&quot;_transform_rotateZ_effect_mobile_extra&quot;:{&quot;unit&quot;:&quot;deg&quot;,&quot;size&quot;:&quot;&quot;,&quot;sizes&quot;:[]},&quot;_transform_rotateZ_effect_mobile&quot;:{&quot;unit&quot;:&quot;deg&quot;,&quot;size&quot;:&quot;&quot;,&quot;sizes&quot;:[]}}\" data-widget_type=\"icon.default\">\n\t\t\t\t\t\t\t<div class=\"elementor-icon-wrapper\">\n\t\t\t<div class=\"elementor-icon\">\n\t\t\t<svg xmlns=\"http:\/\/www.w3.org\/2000\/svg\" width=\"91\" height=\"91\" viewBox=\"0 0 91 91\" fill=\"none\"><g clip-path=\"url(#clip0_2930_2529)\"><path d=\"M77 88L44.5 55.5L55.5 44.5L88 77C90.1692 81.4845 89.8009 83.6471 86.5 87C83.4148 89.6065 81.3247 89.7899 77 88Z\" fill=\"#ED6C05\" stroke=\"#ED6C05\"><\/path><path d=\"M81.561 91.2992C78.762 91.2992 75.92 90.0622 73.763 87.9042L41.72 55.8612L55.862 41.7192L87.905 73.7612C92.212 78.0692 92.484 84.2932 88.536 88.2402L88.315 88.4612C86.459 90.3182 84.124 91.2992 81.561 91.2992ZM44.548 55.8612L75.176 86.4902C76.961 88.2752 79.288 89.2992 81.56 89.2992C83.581 89.2992 85.428 88.5202 86.9 87.0482L87.121 86.8272C90.313 83.6352 90.048 78.7352 86.49 75.1762L55.861 44.5482L44.548 55.8612Z\" fill=\"black\"><\/path><path d=\"M87.255 75.7549L60.255 48.7549C58.8612 50.7646 58.9295 51.7934 60.255 53.2549L82.255 75.2549C83.8996 76.7925 84.9592 76.964 87.255 75.7549Z\" fill=\"black\"><\/path><path d=\"M84.8479 78.2552C83.2599 78.2552 81.7849 77.5982 80.6939 76.5072L59.2359 55.0212C56.9859 52.7712 57.0249 49.0552 59.3239 46.7562L59.3949 46.6782L60.8139 48.0842L60.7409 48.1562C59.2449 49.6522 59.2049 52.1342 60.6509 53.5802L82.1089 75.0372C83.5969 76.5252 86.1159 76.5202 87.6089 75.0272L89.0229 76.4972C87.9279 77.5922 86.4499 78.2552 84.8589 78.2552C84.8559 78.2552 84.8519 78.2552 84.8479 78.2552Z\" fill=\"black\"><\/path><path d=\"M76.3679 89.095L74.9539 87.681C76.4599 86.174 76.4989 83.57 75.0369 82.107L53.5789 60.65C52.0829 59.155 49.7659 59.128 48.3039 60.59L48.0829 60.811L46.6689 59.397L46.8899 59.176C49.1449 56.921 52.7039 56.946 54.9939 59.236L76.4519 80.694C78.7059 82.948 78.6679 86.796 76.3679 89.095Z\" fill=\"black\"><\/path><path d=\"M75.7549 87.255L48.7549 60.255C50.6151 58.4396 52.1001 59.26 53.2549 60.255L75.2549 82.255C76.6861 83.8091 76.6839 85.0381 75.7549 87.255Z\" fill=\"black\"><\/path><path d=\"M43.1339 47.3759L9.8999 14.1419L14.1419 9.8999L47.3759 43.1339L43.1339 47.3759ZM12.7279 14.1419L43.1339 44.5479L44.5479 43.1339L14.1419 12.7279L12.7279 14.1419Z\" fill=\"black\"><\/path><path d=\"M14.2549 12.7549L12.7549 14.2549L43.2549 44.7549L44.7549 43.2549L14.2549 12.7549Z\" fill=\"white\" stroke=\"black\"><\/path><path d=\"M11.314 15.556L0 4.243L4.243 0L15.556 11.314L11.314 15.556ZM2.828 4.243L11.314 12.728L12.728 11.314L4.243 2.828L2.828 4.243Z\" fill=\"black\"><\/path><path d=\"M4.25488 2.75488L2.75488 4.25488L11.2549 12.7549L12.7549 11.2549L4.25488 2.75488Z\" fill=\"white\" stroke=\"white\"><\/path><path d=\"M41.716 57.437C40.91 57.437 40.155 57.126 39.591 56.562L35.356 52.326L52.327 35.355L56.562 39.59C57.735 40.764 57.732 42.677 56.555 43.854L43.855 56.554C43.286 57.123 42.526 57.437 41.716 57.437ZM38.184 52.326L41.005 55.147C41.381 55.524 42.062 55.519 42.441 55.14L55.14 42.441C55.531 42.05 55.534 41.392 55.147 41.005L52.326 38.184L38.184 52.326Z\" fill=\"black\"><\/path><path d=\"M52.2549 38.2549L38.2549 52.2549L41.2549 55.2549C41.6794 55.6449 41.8948 55.6042 42.2549 55.2549L55.2549 42.2549C55.5178 41.955 55.711 41.8237 55.2549 41.2549L52.2549 38.2549Z\" fill=\"white\" stroke=\"black\"><\/path><\/g><defs><clipPath id=\"clip0_2930_2529\"><rect width=\"91\" height=\"91\" fill=\"white\"><\/rect><\/clipPath><\/defs><\/svg>\t\t\t<\/div>\n\t\t<\/div>\n\t\t\t\t\t\t<\/div>\n\t\t\t\t<\/div>\n\t\t\t\t<\/div>\n\t\t\t\t<\/div>\n\t\t<div class=\"elementor-element elementor-element-8c48b16 e-flex e-con-boxed e-con e-parent\" data-id=\"8c48b16\" data-element_type=\"container\">\n\t\t\t\t\t<div class=\"e-con-inner\">\n\t\t\t\t<div class=\"elementor-element elementor-element-049f28d elementor-widget elementor-widget-heading\" data-id=\"049f28d\" data-element_type=\"widget\" data-widget_type=\"heading.default\">\n\t\t\t\t\t<h2 class=\"elementor-heading-title elementor-size-default\">Garantie<\/h2>\t\t\t\t<\/div>\n\t\t\t\t<div class=\"elementor-element elementor-element-510d2ce elementor-widget elementor-widget-text-editor\" data-id=\"510d2ce\" data-element_type=\"widget\" data-widget_type=\"text-editor.default\">\n\t\t\t\t\t\t\t\t\t<p>Un probl\u00e8me avec un produit ? Avant tout, contactez-nous car nous r\u00e9soudrons le probl\u00e8me ! <\/p><p>Conditions de garantie pour tous nos produits :<\/p><table class=\"table\"><tbody><tr><td>Nouveau :<\/td><td>Garantie compl\u00e8te du fabricant<\/td><\/tr><tr><td>D\u00e9monstration :<\/td><td>Garantie compl\u00e8te du fabricant<\/td><\/tr><tr><td>Utilis\u00e9 :<\/td><td>Garantie compl\u00e8te de 12 mois<\/td><\/tr><tr><td>Tubes :<\/td><td>1 mois de garantie sur les tubes fournis avec un amplificateur<\/td><\/tr><\/tbody><\/table><p><br>Pour les appareils audio d&rsquo;occasion, nous sommes heureux d&rsquo;offrir notre unique p\u00e9riode de garantie prolong\u00e9e de 12 mois. En cas de panne, nous sommes heureux de laisser notre propre technicien diagnostiquer et r\u00e9soudre le probl\u00e8me. Rob est un ing\u00e9nieur\/concepteur de produits hautement qualifi\u00e9. Nous lui avons demand\u00e9 de rejoindre notre \u00e9quipe afin que nous puissions vous offrir un service technique de qualit\u00e9 et de haut niveau. En outre, nous sommes en contact avec des importateurs et des fabricants du monde entier, ce qui nous permet de disposer facilement des informations et\/ou des pi\u00e8ces de rechange n\u00e9cessaires.    <\/p><p>Les dommages caus\u00e9s aux produits par une surcharge sont clairement identifiables et ne sont pas couverts par notre garantie. Si un tel incident se produit, veuillez le signaler discr\u00e8tement, c&rsquo;est d\u00e9j\u00e0 assez ennuyeux, nous sommes toujours heureux de r\u00e9fl\u00e9chir avec vous \u00e0 une solution ad\u00e9quate et appropri\u00e9e. Avant tout, l&rsquo;audio doit \u00eatre un plaisir.  <\/p><p><br>L&rsquo;\u00e9quipe des monstres !<\/p>\t\t\t\t\t\t\t\t<\/div>\n\t\t\t\t\t<\/div>\n\t\t\t\t<\/div>\n\t\t\t\t<\/div>\n\t\t","protected":false},"excerpt":{"rendered":"<p>Garantie Un probl\u00e8me avec un produit ? Avant tout, contactez-nous car nous r\u00e9soudrons le probl\u00e8me ! Conditions de garantie pour tous nos produits : Nouveau : Garantie compl\u00e8te du fabricant D\u00e9monstration : Garantie compl\u00e8te du fabricant Utilis\u00e9 : Garantie compl\u00e8te de 12 mois Tubes : 1 mois de garantie sur les tubes fournis avec un [&hellip;]<\/p>\n","protected":false},"author":5,"featured_media":0,"parent":0,"menu_order":0,"comment_status":"closed","ping_status":"closed","template":"","meta":{"_acf_changed":false,"inline_featured_image":false,"footnotes":""},"class_list":["post-316574","page","type-page","status-publish","hentry"],"acf":[],"yoast_head":"<!-- This site is optimized with the Yoast SEO plugin v25.9 - https:\/\/yoast.com\/wordpress\/plugins\/seo\/ -->\n<title>Garantie | Freakuence !<\/title>\n<meta name=\"description\" content=\"Tout sur la garantie chez Freakuence ! Des conditions claires, un service fiable et la s\u00e9curit\u00e9 pour chaque achat HiFi.\" \/>\n<meta name=\"robots\" content=\"noindex, follow, max-snippet:-1, max-image-preview:large, max-video-preview:-1\" \/>\n<meta property=\"og:locale\" content=\"fr_FR\" \/>\n<meta property=\"og:type\" content=\"article\" \/>\n<meta property=\"og:title\" content=\"Garantie | Freakuence !\" \/>\n<meta property=\"og:description\" content=\"Tout sur la garantie chez Freakuence ! Des conditions claires, un service fiable et la s\u00e9curit\u00e9 pour chaque achat HiFi.\" \/>\n<meta property=\"og:url\" content=\"https:\/\/dev.freakuence.nl\/fr\/garantie\/\" \/>\n<meta property=\"og:site_name\" content=\"Freakuence!\" \/>\n<meta property=\"article:modified_time\" content=\"2026-04-16T09:38:25+00:00\" \/>\n<meta name=\"twitter:card\" content=\"summary_large_image\" \/>\n<script type=\"application\/ld+json\" class=\"yoast-schema-graph\">{\"@context\":\"https:\/\/schema.org\",\"@graph\":[{\"@type\":\"WebPage\",\"@id\":\"https:\/\/dev.freakuence.nl\/fr\/garantie\/\",\"url\":\"https:\/\/dev.freakuence.nl\/fr\/garantie\/\",\"name\":\"Garantie | Freakuence !\",\"isPartOf\":{\"@id\":\"https:\/\/dev.freakuence.nl\/fr\/#website\"},\"datePublished\":\"2023-10-10T09:14:15+00:00\",\"dateModified\":\"2026-04-16T09:38:25+00:00\",\"description\":\"Tout sur la garantie chez Freakuence ! Des conditions claires, un service fiable et la s\u00e9curit\u00e9 pour chaque achat HiFi.\",\"breadcrumb\":{\"@id\":\"https:\/\/dev.freakuence.nl\/fr\/garantie\/#breadcrumb\"},\"inLanguage\":\"fr-FR\",\"potentialAction\":[{\"@type\":\"ReadAction\",\"target\":[\"https:\/\/dev.freakuence.nl\/fr\/garantie\/\"]}]},{\"@type\":\"BreadcrumbList\",\"@id\":\"https:\/\/dev.freakuence.nl\/fr\/garantie\/#breadcrumb\",\"itemListElement\":[{\"@type\":\"ListItem\",\"position\":1,\"name\":\"Accueil\",\"item\":\"https:\/\/dev.freakuence.nl\/fr\/\"},{\"@type\":\"ListItem\",\"position\":2,\"name\":\"Garantie\"}]},{\"@type\":\"WebSite\",\"@id\":\"https:\/\/dev.freakuence.nl\/fr\/#website\",\"url\":\"https:\/\/dev.freakuence.nl\/fr\/\",\"name\":\"Freakuence!\",\"description\":\"Freakuence!\",\"publisher\":{\"@id\":\"https:\/\/dev.freakuence.nl\/fr\/#organization\"},\"alternateName\":\"Freakuence\",\"potentialAction\":[{\"@type\":\"SearchAction\",\"target\":{\"@type\":\"EntryPoint\",\"urlTemplate\":\"https:\/\/dev.freakuence.nl\/fr\/?s={search_term_string}\"},\"query-input\":{\"@type\":\"PropertyValueSpecification\",\"valueRequired\":true,\"valueName\":\"search_term_string\"}}],\"inLanguage\":\"fr-FR\"},{\"@type\":\"Organization\",\"@id\":\"https:\/\/dev.freakuence.nl\/fr\/#organization\",\"name\":\"Freakuence !\",\"url\":\"https:\/\/dev.freakuence.nl\/fr\/\",\"logo\":{\"@type\":\"ImageObject\",\"inLanguage\":\"fr-FR\",\"@id\":\"https:\/\/dev.freakuence.nl\/fr\/#\/schema\/logo\/image\/\",\"url\":\"https:\/\/dev.freakuence.nl\/wp-content\/uploads\/2022\/05\/Brown_3_RGB_Freakuence-1.png\",\"contentUrl\":\"https:\/\/dev.freakuence.nl\/wp-content\/uploads\/2022\/05\/Brown_3_RGB_Freakuence-1.png\",\"width\":2560,\"height\":684,\"caption\":\"Freakuence !\"},\"image\":{\"@id\":\"https:\/\/dev.freakuence.nl\/fr\/#\/schema\/logo\/image\/\"},\"sameAs\":[\"https:\/\/www.instagram.com\/freakuence_notorious_audio\/\"]}]}<\/script>\n<!-- \/ Yoast SEO plugin. -->","yoast_head_json":{"title":"Garantie | Freakuence !","description":"Tout sur la garantie chez Freakuence ! Des conditions claires, un service fiable et la s\u00e9curit\u00e9 pour chaque achat HiFi.","robots":{"index":"noindex","follow":"follow","max-snippet":"max-snippet:-1","max-image-preview":"max-image-preview:large","max-video-preview":"max-video-preview:-1"},"og_locale":"fr_FR","og_type":"article","og_title":"Garantie | Freakuence !","og_description":"Tout sur la garantie chez Freakuence ! Des conditions claires, un service fiable et la s\u00e9curit\u00e9 pour chaque achat HiFi.","og_url":"https:\/\/dev.freakuence.nl\/fr\/garantie\/","og_site_name":"Freakuence!","article_modified_time":"2026-04-16T09:38:25+00:00","twitter_card":"summary_large_image","schema":{"@context":"https:\/\/schema.org","@graph":[{"@type":"WebPage","@id":"https:\/\/dev.freakuence.nl\/fr\/garantie\/","url":"https:\/\/dev.freakuence.nl\/fr\/garantie\/","name":"Garantie | Freakuence !","isPartOf":{"@id":"https:\/\/dev.freakuence.nl\/fr\/#website"},"datePublished":"2023-10-10T09:14:15+00:00","dateModified":"2026-04-16T09:38:25+00:00","description":"Tout sur la garantie chez Freakuence ! Des conditions claires, un service fiable et la s\u00e9curit\u00e9 pour chaque achat HiFi.","breadcrumb":{"@id":"https:\/\/dev.freakuence.nl\/fr\/garantie\/#breadcrumb"},"inLanguage":"fr-FR","potentialAction":[{"@type":"ReadAction","target":["https:\/\/dev.freakuence.nl\/fr\/garantie\/"]}]},{"@type":"BreadcrumbList","@id":"https:\/\/dev.freakuence.nl\/fr\/garantie\/#breadcrumb","itemListElement":[{"@type":"ListItem","position":1,"name":"Accueil","item":"https:\/\/dev.freakuence.nl\/fr\/"},{"@type":"ListItem","position":2,"name":"Garantie"}]},{"@type":"WebSite","@id":"https:\/\/dev.freakuence.nl\/fr\/#website","url":"https:\/\/dev.freakuence.nl\/fr\/","name":"Freakuence!","description":"Freakuence!","publisher":{"@id":"https:\/\/dev.freakuence.nl\/fr\/#organization"},"alternateName":"Freakuence","potentialAction":[{"@type":"SearchAction","target":{"@type":"EntryPoint","urlTemplate":"https:\/\/dev.freakuence.nl\/fr\/?s={search_term_string}"},"query-input":{"@type":"PropertyValueSpecification","valueRequired":true,"valueName":"search_term_string"}}],"inLanguage":"fr-FR"},{"@type":"Organization","@id":"https:\/\/dev.freakuence.nl\/fr\/#organization","name":"Freakuence !","url":"https:\/\/dev.freakuence.nl\/fr\/","logo":{"@type":"ImageObject","inLanguage":"fr-FR","@id":"https:\/\/dev.freakuence.nl\/fr\/#\/schema\/logo\/image\/","url":"https:\/\/dev.freakuence.nl\/wp-content\/uploads\/2022\/05\/Brown_3_RGB_Freakuence-1.png","contentUrl":"https:\/\/dev.freakuence.nl\/wp-content\/uploads\/2022\/05\/Brown_3_RGB_Freakuence-1.png","width":2560,"height":684,"caption":"Freakuence !"},"image":{"@id":"https:\/\/dev.freakuence.nl\/fr\/#\/schema\/logo\/image\/"},"sameAs":["https:\/\/www.instagram.com\/freakuence_notorious_audio\/"]}]}},"_links":{"self":[{"href":"https:\/\/dev.freakuence.nl\/fr\/wp-json\/wp\/v2\/pages\/316574","targetHints":{"allow":["GET"]}}],"collection":[{"href":"https:\/\/dev.freakuence.nl\/fr\/wp-json\/wp\/v2\/pages"}],"about":[{"href":"https:\/\/dev.freakuence.nl\/fr\/wp-json\/wp\/v2\/types\/page"}],"author":[{"embeddable":true,"href":"https:\/\/dev.freakuence.nl\/fr\/wp-json\/wp\/v2\/users\/5"}],"replies":[{"embeddable":true,"href":"https:\/\/dev.freakuence.nl\/fr\/wp-json\/wp\/v2\/comments?post=316574"}],"version-history":[{"count":0,"href":"https:\/\/dev.freakuence.nl\/fr\/wp-json\/wp\/v2\/pages\/316574\/revisions"}],"wp:attachment":[{"href":"https:\/\/dev.freakuence.nl\/fr\/wp-json\/wp\/v2\/media?parent=316574"}],"curies":[{"name":"wp","href":"https:\/\/api.w.org\/{rel}","templated":true}]}}