{"id":331478,"date":"2026-01-16T09:56:14","date_gmt":"2026-01-16T08:56:14","guid":{"rendered":"https:\/\/freakuence.nl\/politique-de-retour\/"},"modified":"2026-04-16T11:39:47","modified_gmt":"2026-04-16T09:39:47","slug":"politique-de-retour","status":"publish","type":"page","link":"https:\/\/dev.freakuence.nl\/fr\/politique-de-retour\/","title":{"rendered":"Politique de retour"},"content":{"rendered":"\t\t<div data-elementor-type=\"wp-page\" data-elementor-id=\"331478\" class=\"elementor elementor-331478 elementor-331088\" data-elementor-post-type=\"page\">\n\t\t\t\t<div class=\"elementor-element elementor-element-019fa27 e-flex e-con-boxed e-con e-parent\" data-id=\"019fa27\" data-element_type=\"container\" data-settings=\"{&quot;background_background&quot;:&quot;classic&quot;}\">\n\t\t\t\t\t<div class=\"e-con-inner\">\n\t\t\t\t<div class=\"elementor-element elementor-element-0ab136a elementor-widget elementor-widget-heading\" data-id=\"0ab136a\" data-element_type=\"widget\" data-widget_type=\"heading.default\">\n\t\t\t\t\t<h1 class=\"elementor-heading-title elementor-size-default\">Politique de retour<\/h1>\t\t\t\t<\/div>\n\t\t\t\t\t<\/div>\n\t\t\t\t<\/div>\n\t\t<div class=\"elementor-element elementor-element-1c53417 e-con-full e-flex e-con e-parent\" data-id=\"1c53417\" data-element_type=\"container\">\n\t\t\t\t<div class=\"elementor-element elementor-element-2af65d3 elementor-widget elementor-widget-spacer\" data-id=\"2af65d3\" data-element_type=\"widget\" data-widget_type=\"spacer.default\">\n\t\t\t\t\t\t\t<div class=\"elementor-spacer\">\n\t\t\t<div class=\"elementor-spacer-inner\"><\/div>\n\t\t<\/div>\n\t\t\t\t\t\t<\/div>\n\t\t\t\t<\/div>\n\t\t<div class=\"elementor-element elementor-element-f301c38 e-flex e-con-boxed e-con e-parent\" data-id=\"f301c38\" data-element_type=\"container\" data-settings=\"{&quot;background_background&quot;:&quot;classic&quot;}\">\n\t\t\t\t\t<div class=\"e-con-inner\">\n\t\t<div class=\"elementor-element elementor-element-2af1c18 e-con-full e-flex e-con e-child\" data-id=\"2af1c18\" data-element_type=\"container\" data-settings=\"{&quot;background_background&quot;:&quot;classic&quot;}\">\n\t\t\t\t<div class=\"elementor-element elementor-element-d25a9a1 elementor-widget elementor-widget-heading\" data-id=\"d25a9a1\" data-element_type=\"widget\" data-widget_type=\"heading.default\">\n\t\t\t\t\t<h2 class=\"elementor-heading-title elementor-size-default\">Retour<\/h2>\t\t\t\t<\/div>\n\t\t\t\t<div class=\"elementor-element elementor-element-974ae0d elementor-widget elementor-widget-text-editor\" data-id=\"974ae0d\" data-element_type=\"widget\" data-widget_type=\"text-editor.default\">\n\t\t\t\t\t\t\t\t\t<p><strong>Lors d&rsquo;un achat \u00e0 distance, vous disposez de 14 jours pour essayer les produits, ce que l&rsquo;on appelle la p\u00e9riode d&rsquo;essai.<\/strong><\/p><p>Pendant cette p\u00e9riode, vous pouvez consulter, \u00e9couter et revoir votre commande. Veuillez noter que les \u00e9quipements audio ont une p\u00e9riode d&rsquo;adaptation. N&rsquo;h\u00e9sitez pas \u00e0 poser des questions \u00e0 ce sujet. Vous pouvez \u00e9galement le faire avant de passer votre commande. Nous sommes heureux de r\u00e9fl\u00e9chir avec vous !<\/p><p>Si vous n&rsquo;\u00eates pas satisfait, vous pouvez renvoyer le produit sans probl\u00e8me.<\/p><p><strong>Comment retourner :<\/strong><\/p><ol><li>R\u00e9pondez \u00e0 l&rsquo;e-mail de confirmation de la commande, cela nous permettra de retrouver rapidement votre commande. Si vous ne trouvez pas cet e-mail, envoyez votre e-mail \u00e0 <strong><a href=\"mailto:members@freakuence.nl\">members@freakuence.nl<\/a><\/strong> <\/li><li>Veuillez indiquer votre num\u00e9ro de compte bancaire IBAN dans l&rsquo;e-mail.<\/li><li>Veuillez indiquer si vous souhaitez revenir et pourquoi.<\/li><li>Vous recevrez des instructions et l&rsquo;adresse de retour de notre part.Apr\u00e8s r\u00e9ception et v\u00e9rification du produit, nous vous rembourserons rapidement le prix d&rsquo;achat.<\/li><\/ol>\t\t\t\t\t\t\t\t<\/div>\n\t\t\t\t<\/div>\n\t\t\t\t\t<\/div>\n\t\t\t\t<\/div>\n\t\t\t\t<\/div>\n\t\t","protected":false},"excerpt":{"rendered":"<p>Retour Lors d&rsquo;un achat \u00e0 distance, vous disposez de 14 jours pour essayer les produits, ce que l&rsquo;on appelle la p\u00e9riode d&rsquo;essai. Pendant cette p\u00e9riode, vous pouvez consulter, \u00e9couter et revoir votre commande. Veuillez noter que les \u00e9quipements audio ont une p\u00e9riode d&rsquo;adaptation. N&rsquo;h\u00e9sitez pas \u00e0 poser des questions \u00e0 ce sujet. Vous pouvez \u00e9galement [&hellip;]<\/p>\n","protected":false},"author":5,"featured_media":0,"parent":0,"menu_order":0,"comment_status":"closed","ping_status":"closed","template":"","meta":{"_acf_changed":false,"inline_featured_image":false,"footnotes":""},"class_list":["post-331478","page","type-page","status-publish","hentry"],"acf":[],"yoast_head":"<!-- This site is optimized with the Yoast SEO plugin v25.9 - https:\/\/yoast.com\/wordpress\/plugins\/seo\/ -->\n<title>Politique de retour | Freakuence !<\/title>\n<meta name=\"description\" content=\"Consultez la politique de retour de Freakuence ! Des retours faciles et des conditions claires pour vos produits HiFi.\" \/>\n<meta name=\"robots\" content=\"noindex, follow, max-snippet:-1, max-image-preview:large, max-video-preview:-1\" \/>\n<meta property=\"og:locale\" content=\"fr_FR\" \/>\n<meta property=\"og:type\" content=\"article\" \/>\n<meta property=\"og:title\" content=\"Politique de retour | Freakuence !\" \/>\n<meta property=\"og:description\" content=\"Consultez la politique de retour de Freakuence ! Des retours faciles et des conditions claires pour vos produits HiFi.\" \/>\n<meta property=\"og:url\" content=\"https:\/\/dev.freakuence.nl\/fr\/politique-de-retour\/\" \/>\n<meta property=\"og:site_name\" content=\"Freakuence!\" \/>\n<meta property=\"article:modified_time\" content=\"2026-04-16T09:39:47+00:00\" \/>\n<meta name=\"twitter:card\" content=\"summary_large_image\" \/>\n<script type=\"application\/ld+json\" class=\"yoast-schema-graph\">{\"@context\":\"https:\/\/schema.org\",\"@graph\":[{\"@type\":\"WebPage\",\"@id\":\"https:\/\/dev.freakuence.nl\/fr\/politique-de-retour\/\",\"url\":\"https:\/\/dev.freakuence.nl\/fr\/politique-de-retour\/\",\"name\":\"Politique de retour | Freakuence !\",\"isPartOf\":{\"@id\":\"https:\/\/dev.freakuence.nl\/fr\/#website\"},\"datePublished\":\"2026-01-16T08:56:14+00:00\",\"dateModified\":\"2026-04-16T09:39:47+00:00\",\"description\":\"Consultez la politique de retour de Freakuence ! Des retours faciles et des conditions claires pour vos produits HiFi.\",\"breadcrumb\":{\"@id\":\"https:\/\/dev.freakuence.nl\/fr\/politique-de-retour\/#breadcrumb\"},\"inLanguage\":\"fr-FR\",\"potentialAction\":[{\"@type\":\"ReadAction\",\"target\":[\"https:\/\/dev.freakuence.nl\/fr\/politique-de-retour\/\"]}]},{\"@type\":\"BreadcrumbList\",\"@id\":\"https:\/\/dev.freakuence.nl\/fr\/politique-de-retour\/#breadcrumb\",\"itemListElement\":[{\"@type\":\"ListItem\",\"position\":1,\"name\":\"Accueil\",\"item\":\"https:\/\/dev.freakuence.nl\/fr\/\"},{\"@type\":\"ListItem\",\"position\":2,\"name\":\"Politique de retour\"}]},{\"@type\":\"WebSite\",\"@id\":\"https:\/\/dev.freakuence.nl\/fr\/#website\",\"url\":\"https:\/\/dev.freakuence.nl\/fr\/\",\"name\":\"Freakuence!\",\"description\":\"Freakuence!\",\"publisher\":{\"@id\":\"https:\/\/dev.freakuence.nl\/fr\/#organization\"},\"alternateName\":\"Freakuence\",\"potentialAction\":[{\"@type\":\"SearchAction\",\"target\":{\"@type\":\"EntryPoint\",\"urlTemplate\":\"https:\/\/dev.freakuence.nl\/fr\/?s={search_term_string}\"},\"query-input\":{\"@type\":\"PropertyValueSpecification\",\"valueRequired\":true,\"valueName\":\"search_term_string\"}}],\"inLanguage\":\"fr-FR\"},{\"@type\":\"Organization\",\"@id\":\"https:\/\/dev.freakuence.nl\/fr\/#organization\",\"name\":\"Freakuence !\",\"url\":\"https:\/\/dev.freakuence.nl\/fr\/\",\"logo\":{\"@type\":\"ImageObject\",\"inLanguage\":\"fr-FR\",\"@id\":\"https:\/\/dev.freakuence.nl\/fr\/#\/schema\/logo\/image\/\",\"url\":\"https:\/\/dev.freakuence.nl\/wp-content\/uploads\/2022\/05\/Brown_3_RGB_Freakuence-1.png\",\"contentUrl\":\"https:\/\/dev.freakuence.nl\/wp-content\/uploads\/2022\/05\/Brown_3_RGB_Freakuence-1.png\",\"width\":2560,\"height\":684,\"caption\":\"Freakuence !\"},\"image\":{\"@id\":\"https:\/\/dev.freakuence.nl\/fr\/#\/schema\/logo\/image\/\"},\"sameAs\":[\"https:\/\/www.instagram.com\/freakuence_notorious_audio\/\"]}]}<\/script>\n<!-- \/ Yoast SEO plugin. -->","yoast_head_json":{"title":"Politique de retour | Freakuence !","description":"Consultez la politique de retour de Freakuence ! Des retours faciles et des conditions claires pour vos produits HiFi.","robots":{"index":"noindex","follow":"follow","max-snippet":"max-snippet:-1","max-image-preview":"max-image-preview:large","max-video-preview":"max-video-preview:-1"},"og_locale":"fr_FR","og_type":"article","og_title":"Politique de retour | Freakuence !","og_description":"Consultez la politique de retour de Freakuence ! Des retours faciles et des conditions claires pour vos produits HiFi.","og_url":"https:\/\/dev.freakuence.nl\/fr\/politique-de-retour\/","og_site_name":"Freakuence!","article_modified_time":"2026-04-16T09:39:47+00:00","twitter_card":"summary_large_image","schema":{"@context":"https:\/\/schema.org","@graph":[{"@type":"WebPage","@id":"https:\/\/dev.freakuence.nl\/fr\/politique-de-retour\/","url":"https:\/\/dev.freakuence.nl\/fr\/politique-de-retour\/","name":"Politique de retour | Freakuence !","isPartOf":{"@id":"https:\/\/dev.freakuence.nl\/fr\/#website"},"datePublished":"2026-01-16T08:56:14+00:00","dateModified":"2026-04-16T09:39:47+00:00","description":"Consultez la politique de retour de Freakuence ! Des retours faciles et des conditions claires pour vos produits HiFi.","breadcrumb":{"@id":"https:\/\/dev.freakuence.nl\/fr\/politique-de-retour\/#breadcrumb"},"inLanguage":"fr-FR","potentialAction":[{"@type":"ReadAction","target":["https:\/\/dev.freakuence.nl\/fr\/politique-de-retour\/"]}]},{"@type":"BreadcrumbList","@id":"https:\/\/dev.freakuence.nl\/fr\/politique-de-retour\/#breadcrumb","itemListElement":[{"@type":"ListItem","position":1,"name":"Accueil","item":"https:\/\/dev.freakuence.nl\/fr\/"},{"@type":"ListItem","position":2,"name":"Politique de retour"}]},{"@type":"WebSite","@id":"https:\/\/dev.freakuence.nl\/fr\/#website","url":"https:\/\/dev.freakuence.nl\/fr\/","name":"Freakuence!","description":"Freakuence!","publisher":{"@id":"https:\/\/dev.freakuence.nl\/fr\/#organization"},"alternateName":"Freakuence","potentialAction":[{"@type":"SearchAction","target":{"@type":"EntryPoint","urlTemplate":"https:\/\/dev.freakuence.nl\/fr\/?s={search_term_string}"},"query-input":{"@type":"PropertyValueSpecification","valueRequired":true,"valueName":"search_term_string"}}],"inLanguage":"fr-FR"},{"@type":"Organization","@id":"https:\/\/dev.freakuence.nl\/fr\/#organization","name":"Freakuence !","url":"https:\/\/dev.freakuence.nl\/fr\/","logo":{"@type":"ImageObject","inLanguage":"fr-FR","@id":"https:\/\/dev.freakuence.nl\/fr\/#\/schema\/logo\/image\/","url":"https:\/\/dev.freakuence.nl\/wp-content\/uploads\/2022\/05\/Brown_3_RGB_Freakuence-1.png","contentUrl":"https:\/\/dev.freakuence.nl\/wp-content\/uploads\/2022\/05\/Brown_3_RGB_Freakuence-1.png","width":2560,"height":684,"caption":"Freakuence !"},"image":{"@id":"https:\/\/dev.freakuence.nl\/fr\/#\/schema\/logo\/image\/"},"sameAs":["https:\/\/www.instagram.com\/freakuence_notorious_audio\/"]}]}},"_links":{"self":[{"href":"https:\/\/dev.freakuence.nl\/fr\/wp-json\/wp\/v2\/pages\/331478","targetHints":{"allow":["GET"]}}],"collection":[{"href":"https:\/\/dev.freakuence.nl\/fr\/wp-json\/wp\/v2\/pages"}],"about":[{"href":"https:\/\/dev.freakuence.nl\/fr\/wp-json\/wp\/v2\/types\/page"}],"author":[{"embeddable":true,"href":"https:\/\/dev.freakuence.nl\/fr\/wp-json\/wp\/v2\/users\/5"}],"replies":[{"embeddable":true,"href":"https:\/\/dev.freakuence.nl\/fr\/wp-json\/wp\/v2\/comments?post=331478"}],"version-history":[{"count":0,"href":"https:\/\/dev.freakuence.nl\/fr\/wp-json\/wp\/v2\/pages\/331478\/revisions"}],"wp:attachment":[{"href":"https:\/\/dev.freakuence.nl\/fr\/wp-json\/wp\/v2\/media?parent=331478"}],"curies":[{"name":"wp","href":"https:\/\/api.w.org\/{rel}","templated":true}]}}