{"id":306856,"date":"2025-08-06T11:33:25","date_gmt":"2025-08-06T09:33:25","guid":{"rendered":"https:\/\/dev.freakuence.nl\/product\/note-dor-ph-5\/"},"modified":"2026-04-11T04:23:37","modified_gmt":"2026-04-11T02:23:37","slug":"note-dor-ph-5","status":"publish","type":"product","link":"https:\/\/dev.freakuence.nl\/fr\/produit\/note-dor-ph-5\/","title":{"rendered":"Note d&rsquo;or PH-5"},"content":{"rendered":"<div class=\"product-specifications-list\">\n<div class=\"specification-item row-even\"><span class=\"spec-content\"><strong>Description Freakuence !<\/strong><\/span><\/div>\n<div class=\"specification-item row-odd\"><span class=\"spec-content\"><\/p>\n<p>Apr\u00e8s avoir apport\u00e9 le PH10 \u00e0 la demande d&rsquo;un visiteur r\u00e9gulier, nous avons \u00e9t\u00e9 s\u00e9duits et l&rsquo;avons beaucoup utilis\u00e9. La cons\u00e9quence logique est donc l&rsquo;arriv\u00e9e de la PH5 dans l&rsquo;entreprise. Nous n&rsquo;avons pas ressenti le besoin de le r\u00e9\u00e9crire compl\u00e8tement, car celui du PH10 bat le PH5 tout aussi bien, sauf que le PH5 sonne un peu plus petit. Voici donc une fois de plus : comme c&rsquo;est souvent le cas avec les phonos, une bo\u00eete simple, un r\u00e9sultat surprenant. Une souris silencieuse, qui fait ressortir les moindres d\u00e9tails. Nous connaissons les amplificateurs Gold Note pour leur son st\u00e9rile, il faut aimer cela. C&rsquo;est la m\u00eame chose avec le phono, mais en ce qui nous concerne, cela lui permet de s&rsquo;int\u00e9grer tr\u00e8s bien dans de nombreux syst\u00e8mes, sans \u00ab\u00a0affecter\u00a0\u00bb le syst\u00e8me lui-m\u00eame.       Pour les g\u00e8nes qui ont mis de l&rsquo;ordre dans leur syst\u00e8me&#8230; un phono de premier ordre !<\/p>\n<p><\/span><\/div>\n<div class=\"specification-item row-even\"><span class=\"spec-content\"><strong>D\u00e9tails<\/strong><\/span><\/div>\n<div class=\"specification-item row-odd\"><span class=\"spec-content\">Prix de vente au d\u00e9tail : 890,00<\/span><\/div>\n<div class=\"specification-item row-even\"><span class=\"spec-content\"><strong>Histoire de la marque<\/strong><\/span><\/div>\n<div class=\"specification-item row-odd\"><span class=\"spec-content\"><\/p>\n<p>Gold Note est une soci\u00e9t\u00e9 italienne sp\u00e9cialis\u00e9e dans la fabrication d&rsquo;\u00e9quipements audio de haute qualit\u00e9. Bas\u00e9e \u00e0 Montespertoli, pr\u00e8s de Florence, l&rsquo;entreprise allie savoir-faire traditionnel et technologie moderne. Sa gamme de produits comprend des platines, des amplificateurs et des haut-parleurs. Gold Note s&rsquo;efforce de cr\u00e9er des produits \u00e0 la fois esth\u00e9tiques et fonctionnels, en pr\u00eatant attention aux d\u00e9tails et \u00e0 la qualit\u00e9. L&rsquo;entreprise s&rsquo;est forg\u00e9 une r\u00e9putation de fournisseur d&rsquo;\u00e9quipements fiables et durables.    <\/p>\n<p><\/span><\/div>\n<\/div>\n","protected":false},"excerpt":{"rendered":"<p>Description Freakuence ! Apr\u00e8s avoir apport\u00e9 le PH10 \u00e0 la demande d&rsquo;un visiteur r\u00e9gulier, nous avons \u00e9t\u00e9 s\u00e9duits et l&rsquo;avons beaucoup utilis\u00e9. La cons\u00e9quence logique est donc l&rsquo;arriv\u00e9e de la PH5 dans l&rsquo;entreprise. Nous n&rsquo;avons pas ressenti le besoin de le r\u00e9\u00e9crire compl\u00e8tement, car celui du PH10 bat le PH5 tout aussi bien, sauf que [&hellip;]<\/p>\n","protected":false},"featured_media":306873,"template":"","meta":{"_acf_changed":false,"inline_featured_image":false},"product_brand":[],"product_cat":[584,788],"product_tag":[575],"class_list":{"0":"post-306856","1":"product","2":"type-product","3":"status-publish","4":"has-post-thumbnail","6":"product_cat-amplificateurs-phono","7":"product_cat-tourne-disques","8":"product_tag-freakdemo","10":"first","11":"instock","12":"purchasable","13":"product-type-simple"},"acf":[],"yoast_head":"<!-- This site is optimized with the Yoast SEO plugin v25.9 - https:\/\/yoast.com\/wordpress\/plugins\/seo\/ -->\n<title>Note d&#039;or PH-5 | Freakuence!<\/title>\n<meta name=\"robots\" content=\"noindex, follow, max-snippet:-1, max-image-preview:large, max-video-preview:-1\" \/>\n<meta property=\"og:locale\" content=\"fr_FR\" \/>\n<meta property=\"og:type\" content=\"article\" \/>\n<meta property=\"og:title\" content=\"Note d&#039;or PH-5 | Freakuence!\" \/>\n<meta property=\"og:description\" content=\"Description Freakuence ! Apr\u00e8s avoir apport\u00e9 le PH10 \u00e0 la demande d&rsquo;un visiteur r\u00e9gulier, nous avons \u00e9t\u00e9 s\u00e9duits et l&rsquo;avons beaucoup utilis\u00e9. La cons\u00e9quence logique est donc l&rsquo;arriv\u00e9e de la PH5 dans l&rsquo;entreprise. Nous n&rsquo;avons pas ressenti le besoin de le r\u00e9\u00e9crire compl\u00e8tement, car celui du PH10 bat le PH5 tout aussi bien, sauf que [&hellip;]\" \/>\n<meta property=\"og:url\" content=\"https:\/\/dev.freakuence.nl\/fr\/produit\/note-dor-ph-5\/\" \/>\n<meta property=\"og:site_name\" content=\"Freakuence!\" \/>\n<meta property=\"article:modified_time\" content=\"2026-04-11T02:23:37+00:00\" \/>\n<meta property=\"og:image\" content=\"https:\/\/dev.freakuence.nl\/wp-content\/uploads\/2025\/09\/1754472718-IMG3841-scaled.jpg\" \/>\n\t<meta property=\"og:image:width\" content=\"1800\" \/>\n\t<meta property=\"og:image:height\" content=\"1200\" \/>\n\t<meta property=\"og:image:type\" content=\"image\/jpeg\" \/>\n<meta name=\"twitter:card\" content=\"summary_large_image\" \/>\n<script type=\"application\/ld+json\" class=\"yoast-schema-graph\">{\"@context\":\"https:\/\/schema.org\",\"@graph\":[{\"@type\":\"WebPage\",\"@id\":\"https:\/\/dev.freakuence.nl\/fr\/produit\/note-dor-ph-5\/\",\"url\":\"https:\/\/dev.freakuence.nl\/fr\/produit\/note-dor-ph-5\/\",\"name\":\"Note d'or PH-5 | Freakuence!\",\"isPartOf\":{\"@id\":\"https:\/\/dev.freakuence.nl\/fr\/#website\"},\"primaryImageOfPage\":{\"@id\":\"https:\/\/dev.freakuence.nl\/fr\/produit\/note-dor-ph-5\/#primaryimage\"},\"image\":{\"@id\":\"https:\/\/dev.freakuence.nl\/fr\/produit\/note-dor-ph-5\/#primaryimage\"},\"thumbnailUrl\":\"https:\/\/dev.freakuence.nl\/wp-content\/uploads\/2025\/09\/1754472718-IMG3841-scaled.jpg\",\"datePublished\":\"2025-08-06T09:33:25+00:00\",\"dateModified\":\"2026-04-11T02:23:37+00:00\",\"breadcrumb\":{\"@id\":\"https:\/\/dev.freakuence.nl\/fr\/produit\/note-dor-ph-5\/#breadcrumb\"},\"inLanguage\":\"fr-FR\",\"potentialAction\":[{\"@type\":\"ReadAction\",\"target\":[\"https:\/\/dev.freakuence.nl\/fr\/produit\/note-dor-ph-5\/\"]}]},{\"@type\":\"ImageObject\",\"inLanguage\":\"fr-FR\",\"@id\":\"https:\/\/dev.freakuence.nl\/fr\/produit\/note-dor-ph-5\/#primaryimage\",\"url\":\"https:\/\/dev.freakuence.nl\/wp-content\/uploads\/2025\/09\/1754472718-IMG3841-scaled.jpg\",\"contentUrl\":\"https:\/\/dev.freakuence.nl\/wp-content\/uploads\/2025\/09\/1754472718-IMG3841-scaled.jpg\",\"width\":1800,\"height\":1200},{\"@type\":\"BreadcrumbList\",\"@id\":\"https:\/\/dev.freakuence.nl\/fr\/produit\/note-dor-ph-5\/#breadcrumb\",\"itemListElement\":[{\"@type\":\"ListItem\",\"position\":1,\"name\":\"Accueil\",\"item\":\"https:\/\/dev.freakuence.nl\/fr\/\"},{\"@type\":\"ListItem\",\"position\":2,\"name\":\"Products\",\"item\":\"https:\/\/dev.freakuence.nl\/en\/products\/\"},{\"@type\":\"ListItem\",\"position\":3,\"name\":\"Note d&#8217;or PH-5\"}]},{\"@type\":\"WebSite\",\"@id\":\"https:\/\/dev.freakuence.nl\/fr\/#website\",\"url\":\"https:\/\/dev.freakuence.nl\/fr\/\",\"name\":\"Freakuence!\",\"description\":\"Freakuence!\",\"alternateName\":\"Freakuence\",\"potentialAction\":[{\"@type\":\"SearchAction\",\"target\":{\"@type\":\"EntryPoint\",\"urlTemplate\":\"https:\/\/dev.freakuence.nl\/fr\/?s={search_term_string}\"},\"query-input\":{\"@type\":\"PropertyValueSpecification\",\"valueRequired\":true,\"valueName\":\"search_term_string\"}}],\"inLanguage\":\"fr-FR\"}]}<\/script>\n<!-- \/ Yoast SEO plugin. -->","yoast_head_json":{"title":"Note d'or PH-5 | Freakuence!","robots":{"index":"noindex","follow":"follow","max-snippet":"max-snippet:-1","max-image-preview":"max-image-preview:large","max-video-preview":"max-video-preview:-1"},"og_locale":"fr_FR","og_type":"article","og_title":"Note d'or PH-5 | Freakuence!","og_description":"Description Freakuence ! Apr\u00e8s avoir apport\u00e9 le PH10 \u00e0 la demande d&rsquo;un visiteur r\u00e9gulier, nous avons \u00e9t\u00e9 s\u00e9duits et l&rsquo;avons beaucoup utilis\u00e9. La cons\u00e9quence logique est donc l&rsquo;arriv\u00e9e de la PH5 dans l&rsquo;entreprise. Nous n&rsquo;avons pas ressenti le besoin de le r\u00e9\u00e9crire compl\u00e8tement, car celui du PH10 bat le PH5 tout aussi bien, sauf que [&hellip;]","og_url":"https:\/\/dev.freakuence.nl\/fr\/produit\/note-dor-ph-5\/","og_site_name":"Freakuence!","article_modified_time":"2026-04-11T02:23:37+00:00","og_image":[{"width":1800,"height":1200,"url":"https:\/\/dev.freakuence.nl\/wp-content\/uploads\/2025\/09\/1754472718-IMG3841-scaled.jpg","type":"image\/jpeg"}],"twitter_card":"summary_large_image","schema":{"@context":"https:\/\/schema.org","@graph":[{"@type":"WebPage","@id":"https:\/\/dev.freakuence.nl\/fr\/produit\/note-dor-ph-5\/","url":"https:\/\/dev.freakuence.nl\/fr\/produit\/note-dor-ph-5\/","name":"Note d'or PH-5 | Freakuence!","isPartOf":{"@id":"https:\/\/dev.freakuence.nl\/fr\/#website"},"primaryImageOfPage":{"@id":"https:\/\/dev.freakuence.nl\/fr\/produit\/note-dor-ph-5\/#primaryimage"},"image":{"@id":"https:\/\/dev.freakuence.nl\/fr\/produit\/note-dor-ph-5\/#primaryimage"},"thumbnailUrl":"https:\/\/dev.freakuence.nl\/wp-content\/uploads\/2025\/09\/1754472718-IMG3841-scaled.jpg","datePublished":"2025-08-06T09:33:25+00:00","dateModified":"2026-04-11T02:23:37+00:00","breadcrumb":{"@id":"https:\/\/dev.freakuence.nl\/fr\/produit\/note-dor-ph-5\/#breadcrumb"},"inLanguage":"fr-FR","potentialAction":[{"@type":"ReadAction","target":["https:\/\/dev.freakuence.nl\/fr\/produit\/note-dor-ph-5\/"]}]},{"@type":"ImageObject","inLanguage":"fr-FR","@id":"https:\/\/dev.freakuence.nl\/fr\/produit\/note-dor-ph-5\/#primaryimage","url":"https:\/\/dev.freakuence.nl\/wp-content\/uploads\/2025\/09\/1754472718-IMG3841-scaled.jpg","contentUrl":"https:\/\/dev.freakuence.nl\/wp-content\/uploads\/2025\/09\/1754472718-IMG3841-scaled.jpg","width":1800,"height":1200},{"@type":"BreadcrumbList","@id":"https:\/\/dev.freakuence.nl\/fr\/produit\/note-dor-ph-5\/#breadcrumb","itemListElement":[{"@type":"ListItem","position":1,"name":"Accueil","item":"https:\/\/dev.freakuence.nl\/fr\/"},{"@type":"ListItem","position":2,"name":"Products","item":"https:\/\/dev.freakuence.nl\/en\/products\/"},{"@type":"ListItem","position":3,"name":"Note d&#8217;or PH-5"}]},{"@type":"WebSite","@id":"https:\/\/dev.freakuence.nl\/fr\/#website","url":"https:\/\/dev.freakuence.nl\/fr\/","name":"Freakuence!","description":"Freakuence!","alternateName":"Freakuence","potentialAction":[{"@type":"SearchAction","target":{"@type":"EntryPoint","urlTemplate":"https:\/\/dev.freakuence.nl\/fr\/?s={search_term_string}"},"query-input":{"@type":"PropertyValueSpecification","valueRequired":true,"valueName":"search_term_string"}}],"inLanguage":"fr-FR"}]}},"_links":{"self":[{"href":"https:\/\/dev.freakuence.nl\/fr\/wp-json\/wp\/v2\/product\/306856","targetHints":{"allow":["GET"]}}],"collection":[{"href":"https:\/\/dev.freakuence.nl\/fr\/wp-json\/wp\/v2\/product"}],"about":[{"href":"https:\/\/dev.freakuence.nl\/fr\/wp-json\/wp\/v2\/types\/product"}],"version-history":[{"count":1,"href":"https:\/\/dev.freakuence.nl\/fr\/wp-json\/wp\/v2\/product\/306856\/revisions"}],"predecessor-version":[{"id":318227,"href":"https:\/\/dev.freakuence.nl\/fr\/wp-json\/wp\/v2\/product\/306856\/revisions\/318227"}],"wp:featuredmedia":[{"embeddable":true,"href":"https:\/\/dev.freakuence.nl\/fr\/wp-json\/wp\/v2\/media\/306873"}],"wp:attachment":[{"href":"https:\/\/dev.freakuence.nl\/fr\/wp-json\/wp\/v2\/media?parent=306856"}],"wp:term":[{"taxonomy":"product_brand","embeddable":true,"href":"https:\/\/dev.freakuence.nl\/fr\/wp-json\/wp\/v2\/product_brand?post=306856"},{"taxonomy":"product_cat","embeddable":true,"href":"https:\/\/dev.freakuence.nl\/fr\/wp-json\/wp\/v2\/product_cat?post=306856"},{"taxonomy":"product_tag","embeddable":true,"href":"https:\/\/dev.freakuence.nl\/fr\/wp-json\/wp\/v2\/product_tag?post=306856"}],"curies":[{"name":"wp","href":"https:\/\/api.w.org\/{rel}","templated":true}]}}