{"id":307561,"date":"2025-12-30T19:04:16","date_gmt":"2025-12-30T18:04:16","guid":{"rendered":"https:\/\/dev.freakuence.nl\/product\/accuphase-dp-410\/"},"modified":"2025-12-30T19:04:16","modified_gmt":"2025-12-30T18:04:16","slug":"accuphase-dp-410","status":"publish","type":"product","link":"https:\/\/dev.freakuence.nl\/fr\/produit\/accuphase-dp-410\/","title":{"rendered":"Accuphase DP-410"},"content":{"rendered":"<div class=\"product-specifications-list\">\n<div class=\"specification-item row-even\"><span class=\"spec-content\"><strong>Description Freakuence !<\/strong><\/span><\/div>\n<div class=\"specification-item row-odd\"><span class=\"spec-content\">Lecteur de CD avec une belle lecture analogique (pas d&rsquo;ar\u00eates vives). La lecture se fait \u00e0 un niveau \u00e9lev\u00e9. Tout en douceur ! Comme le plateau, comme un couteau dans du beurre.   <\/span><\/div>\n<div class=\"specification-item row-even\"><span class=\"spec-content\"><strong>Informations g\u00e9n\u00e9rales<\/strong><\/span><\/div>\n<div class=\"specification-item row-odd\"><span class=\"spec-content\"><\/p>\n<p>L&rsquo;Accuphase E-480 est con\u00e7u \u00e0 partir de la philosophie d&rsquo;Accuphase, qui vise l&rsquo;expression et la pr\u00e9cision musicales ultimes. L&rsquo;amplificateur utilise une topologie MCS+ s\u00e9par\u00e9e avec la technologie Current Feedback pour une transmission optimale du signal. Des composants de haute qualit\u00e9 ont \u00e9t\u00e9 soigneusement s\u00e9lectionn\u00e9s, notamment des condensateurs sp\u00e9ciaux et un c\u00e2blage interne en cuivre pur. Le bo\u00eetier en aluminium massif amortit efficacement les vibrations. La production et le r\u00e9glage sont effectu\u00e9s manuellement \u00e0 Yokohama, au Japon. Le d\u00e9veloppement est supervis\u00e9 par des ing\u00e9nieurs Accuphase chevronn\u00e9s tels que Yamada et Nishio.     <\/p>\n<p><\/span><\/div>\n<\/div>\n","protected":false},"excerpt":{"rendered":"<p>Description Freakuence ! Lecteur de CD avec une belle lecture analogique (pas d&rsquo;ar\u00eates vives). La lecture se fait \u00e0 un niveau \u00e9lev\u00e9. Tout en douceur ! Comme le plateau, comme un couteau dans du beurre. Informations g\u00e9n\u00e9rales L&rsquo;Accuphase E-480 est con\u00e7u \u00e0 partir de la philosophie d&rsquo;Accuphase, qui vise l&rsquo;expression et la pr\u00e9cision musicales ultimes. [&hellip;]<\/p>\n","protected":false},"featured_media":0,"template":"","meta":{"_acf_changed":false,"inline_featured_image":false},"product_brand":[],"product_cat":[],"product_tag":[],"class_list":{"0":"post-307561","1":"product","2":"type-product","3":"status-publish","6":"first","7":"instock","8":"purchasable","9":"product-type-variable"},"acf":[],"yoast_head":"<!-- This site is optimized with the Yoast SEO plugin v25.9 - https:\/\/yoast.com\/wordpress\/plugins\/seo\/ -->\n<title>Accuphase DP-410 | Freakuence!<\/title>\n<meta name=\"robots\" content=\"noindex, follow, max-snippet:-1, max-image-preview:large, max-video-preview:-1\" \/>\n<meta property=\"og:locale\" content=\"fr_FR\" \/>\n<meta property=\"og:type\" content=\"article\" \/>\n<meta property=\"og:title\" content=\"Accuphase DP-410 | Freakuence!\" \/>\n<meta property=\"og:description\" content=\"Description Freakuence ! Lecteur de CD avec une belle lecture analogique (pas d&rsquo;ar\u00eates vives). La lecture se fait \u00e0 un niveau \u00e9lev\u00e9. Tout en douceur ! Comme le plateau, comme un couteau dans du beurre. Informations g\u00e9n\u00e9rales L&rsquo;Accuphase E-480 est con\u00e7u \u00e0 partir de la philosophie d&rsquo;Accuphase, qui vise l&rsquo;expression et la pr\u00e9cision musicales ultimes. [&hellip;]\" \/>\n<meta property=\"og:url\" content=\"https:\/\/dev.freakuence.nl\/fr\/produit\/accuphase-dp-410\/\" \/>\n<meta property=\"og:site_name\" content=\"Freakuence!\" \/>\n<meta name=\"twitter:card\" content=\"summary_large_image\" \/>\n<script type=\"application\/ld+json\" class=\"yoast-schema-graph\">{\"@context\":\"https:\/\/schema.org\",\"@graph\":[{\"@type\":\"WebPage\",\"@id\":\"https:\/\/dev.freakuence.nl\/fr\/produit\/accuphase-dp-410\/\",\"url\":\"https:\/\/dev.freakuence.nl\/fr\/produit\/accuphase-dp-410\/\",\"name\":\"Accuphase DP-410 | Freakuence!\",\"isPartOf\":{\"@id\":\"https:\/\/dev.freakuence.nl\/fr\/#website\"},\"datePublished\":\"2025-12-30T18:04:16+00:00\",\"breadcrumb\":{\"@id\":\"https:\/\/dev.freakuence.nl\/fr\/produit\/accuphase-dp-410\/#breadcrumb\"},\"inLanguage\":\"fr-FR\",\"potentialAction\":[{\"@type\":\"ReadAction\",\"target\":[\"https:\/\/dev.freakuence.nl\/fr\/produit\/accuphase-dp-410\/\"]}]},{\"@type\":\"BreadcrumbList\",\"@id\":\"https:\/\/dev.freakuence.nl\/fr\/produit\/accuphase-dp-410\/#breadcrumb\",\"itemListElement\":[{\"@type\":\"ListItem\",\"position\":1,\"name\":\"Accueil\",\"item\":\"https:\/\/dev.freakuence.nl\/fr\/\"},{\"@type\":\"ListItem\",\"position\":2,\"name\":\"Products\",\"item\":\"https:\/\/dev.freakuence.nl\/en\/products\/\"},{\"@type\":\"ListItem\",\"position\":3,\"name\":\"Accuphase DP-410\"}]},{\"@type\":\"WebSite\",\"@id\":\"https:\/\/dev.freakuence.nl\/fr\/#website\",\"url\":\"https:\/\/dev.freakuence.nl\/fr\/\",\"name\":\"Freakuence!\",\"description\":\"Freakuence!\",\"alternateName\":\"Freakuence\",\"potentialAction\":[{\"@type\":\"SearchAction\",\"target\":{\"@type\":\"EntryPoint\",\"urlTemplate\":\"https:\/\/dev.freakuence.nl\/fr\/?s={search_term_string}\"},\"query-input\":{\"@type\":\"PropertyValueSpecification\",\"valueRequired\":true,\"valueName\":\"search_term_string\"}}],\"inLanguage\":\"fr-FR\"}]}<\/script>\n<!-- \/ Yoast SEO plugin. -->","yoast_head_json":{"title":"Accuphase DP-410 | Freakuence!","robots":{"index":"noindex","follow":"follow","max-snippet":"max-snippet:-1","max-image-preview":"max-image-preview:large","max-video-preview":"max-video-preview:-1"},"og_locale":"fr_FR","og_type":"article","og_title":"Accuphase DP-410 | Freakuence!","og_description":"Description Freakuence ! Lecteur de CD avec une belle lecture analogique (pas d&rsquo;ar\u00eates vives). La lecture se fait \u00e0 un niveau \u00e9lev\u00e9. Tout en douceur ! Comme le plateau, comme un couteau dans du beurre. Informations g\u00e9n\u00e9rales L&rsquo;Accuphase E-480 est con\u00e7u \u00e0 partir de la philosophie d&rsquo;Accuphase, qui vise l&rsquo;expression et la pr\u00e9cision musicales ultimes. [&hellip;]","og_url":"https:\/\/dev.freakuence.nl\/fr\/produit\/accuphase-dp-410\/","og_site_name":"Freakuence!","twitter_card":"summary_large_image","schema":{"@context":"https:\/\/schema.org","@graph":[{"@type":"WebPage","@id":"https:\/\/dev.freakuence.nl\/fr\/produit\/accuphase-dp-410\/","url":"https:\/\/dev.freakuence.nl\/fr\/produit\/accuphase-dp-410\/","name":"Accuphase DP-410 | Freakuence!","isPartOf":{"@id":"https:\/\/dev.freakuence.nl\/fr\/#website"},"datePublished":"2025-12-30T18:04:16+00:00","breadcrumb":{"@id":"https:\/\/dev.freakuence.nl\/fr\/produit\/accuphase-dp-410\/#breadcrumb"},"inLanguage":"fr-FR","potentialAction":[{"@type":"ReadAction","target":["https:\/\/dev.freakuence.nl\/fr\/produit\/accuphase-dp-410\/"]}]},{"@type":"BreadcrumbList","@id":"https:\/\/dev.freakuence.nl\/fr\/produit\/accuphase-dp-410\/#breadcrumb","itemListElement":[{"@type":"ListItem","position":1,"name":"Accueil","item":"https:\/\/dev.freakuence.nl\/fr\/"},{"@type":"ListItem","position":2,"name":"Products","item":"https:\/\/dev.freakuence.nl\/en\/products\/"},{"@type":"ListItem","position":3,"name":"Accuphase DP-410"}]},{"@type":"WebSite","@id":"https:\/\/dev.freakuence.nl\/fr\/#website","url":"https:\/\/dev.freakuence.nl\/fr\/","name":"Freakuence!","description":"Freakuence!","alternateName":"Freakuence","potentialAction":[{"@type":"SearchAction","target":{"@type":"EntryPoint","urlTemplate":"https:\/\/dev.freakuence.nl\/fr\/?s={search_term_string}"},"query-input":{"@type":"PropertyValueSpecification","valueRequired":true,"valueName":"search_term_string"}}],"inLanguage":"fr-FR"}]}},"_links":{"self":[{"href":"https:\/\/dev.freakuence.nl\/fr\/wp-json\/wp\/v2\/product\/307561","targetHints":{"allow":["GET"]}}],"collection":[{"href":"https:\/\/dev.freakuence.nl\/fr\/wp-json\/wp\/v2\/product"}],"about":[{"href":"https:\/\/dev.freakuence.nl\/fr\/wp-json\/wp\/v2\/types\/product"}],"version-history":[{"count":0,"href":"https:\/\/dev.freakuence.nl\/fr\/wp-json\/wp\/v2\/product\/307561\/revisions"}],"wp:attachment":[{"href":"https:\/\/dev.freakuence.nl\/fr\/wp-json\/wp\/v2\/media?parent=307561"}],"wp:term":[{"taxonomy":"product_brand","embeddable":true,"href":"https:\/\/dev.freakuence.nl\/fr\/wp-json\/wp\/v2\/product_brand?post=307561"},{"taxonomy":"product_cat","embeddable":true,"href":"https:\/\/dev.freakuence.nl\/fr\/wp-json\/wp\/v2\/product_cat?post=307561"},{"taxonomy":"product_tag","embeddable":true,"href":"https:\/\/dev.freakuence.nl\/fr\/wp-json\/wp\/v2\/product_tag?post=307561"}],"curies":[{"name":"wp","href":"https:\/\/api.w.org\/{rel}","templated":true}]}}