{"id":307575,"date":"2025-08-06T11:50:51","date_gmt":"2025-08-06T09:50:51","guid":{"rendered":"https:\/\/dev.freakuence.nl\/product\/magnepan-mg-1-7i\/"},"modified":"2026-03-20T07:22:20","modified_gmt":"2026-03-20T06:22:20","slug":"magnepan-mg-1-7i","status":"publish","type":"product","link":"https:\/\/dev.freakuence.nl\/fr\/produit\/magnepan-mg-1-7i\/","title":{"rendered":"Magnepan MG-1.7i"},"content":{"rendered":"<div class=\"product-specifications-list\">\n<div class=\"specification-item row-even\"><span class=\"spec-content\"><strong>Description Freakuence !<\/strong><\/span><\/div>\n<div class=\"specification-item row-odd\"><span class=\"spec-content\"><\/p>\n<p>Oui ! C&rsquo;est ce que beaucoup veulent obtenir, et passent des ann\u00e9es \u00e0 chercher mais dans le mauvais coin. Avec les enceintes conventionnelles, il faut mettre la main \u00e0 la poche pour obtenir une sc\u00e8ne transparente de cette taille.  <\/p>\n<p><\/span><\/div>\n<div class=\"specification-item row-even\"><span class=\"spec-content\"><strong>D\u00e9tails<\/strong><\/span><\/div>\n<div class=\"specification-item row-odd\"><span class=\"spec-content\"><\/p>\n<p>Le prix inclut la TVA. Entrepreneurs, profitez-en. <\/p>\n<p><\/span><\/div>\n<div class=\"specification-item row-even\"><span class=\"spec-content\">Prix de vente au d\u00e9tail : 4450.00<\/span><\/div>\n<div class=\"specification-item row-odd\"><span class=\"spec-content\"><strong>Histoire de la marque<\/strong><\/span><\/div>\n<div class=\"specification-item row-even\"><span class=\"spec-content\"><\/p>\n<p>Magnepan a \u00e9t\u00e9 fond\u00e9e en 1969 par l&rsquo;ing\u00e9nieur Jim Winey \u00e0 White Bear Lake, dans le Minnesota, aux \u00c9tats-Unis. La soci\u00e9t\u00e9 est connue pour ses haut-parleurs Magneplanar, qui utilisent une conception magn\u00e9tostatique avec un haut-parleur plat mont\u00e9 dans un panneau. Cette conception utilise de minces fils ou feuilles conducteurs attach\u00e9s \u00e0 un film de Mylar, qui se trouve dans un champ magn\u00e9tique. Lorsqu&rsquo;un signal \u00e9lectrique est appliqu\u00e9, le film Mylar se d\u00e9place, ce qui produit un son \u00e9mis \u00e0 la fois \u00e0 l&rsquo;avant et \u00e0 l&rsquo;arri\u00e8re du panneau. Cette approche diff\u00e8re de celle des haut-parleurs conventionnels qui utilisent des haut-parleurs coniques dans une enceinte. Magnepan a d\u00e9velopp\u00e9 plusieurs mod\u00e8les, dont le MG-3.7i, connu pour ses caract\u00e9ristiques de conception sp\u00e9cifiques.     <\/p>\n<p><\/span><\/div>\n<\/div>\n","protected":false},"excerpt":{"rendered":"<p>Description Freakuence ! Oui ! C&rsquo;est ce que beaucoup veulent obtenir, et passent des ann\u00e9es \u00e0 chercher mais dans le mauvais coin. Avec les enceintes conventionnelles, il faut mettre la main \u00e0 la poche pour obtenir une sc\u00e8ne transparente de cette taille. D\u00e9tails Le prix inclut la TVA. Entrepreneurs, profitez-en. Prix de vente au d\u00e9tail [&hellip;]<\/p>\n","protected":false},"featured_media":307576,"template":"","meta":{"_acf_changed":false,"inline_featured_image":false},"product_brand":[],"product_cat":[551],"product_tag":[579],"class_list":{"0":"post-307575","1":"product","2":"type-product","3":"status-publish","4":"has-post-thumbnail","6":"product_cat-intervenants","7":"product_tag-nouveau","9":"first","10":"instock","11":"taxable","12":"shipping-taxable","13":"purchasable","14":"product-type-simple"},"acf":[],"yoast_head":"<!-- This site is optimized with the Yoast SEO plugin v25.9 - https:\/\/yoast.com\/wordpress\/plugins\/seo\/ -->\n<title>Magnepan MG-1.7i | Freakuence!<\/title>\n<meta name=\"robots\" content=\"noindex, follow, max-snippet:-1, max-image-preview:large, max-video-preview:-1\" \/>\n<meta property=\"og:locale\" content=\"fr_FR\" \/>\n<meta property=\"og:type\" content=\"article\" \/>\n<meta property=\"og:title\" content=\"Magnepan MG-1.7i | Freakuence!\" \/>\n<meta property=\"og:description\" content=\"Description Freakuence ! Oui ! C&rsquo;est ce que beaucoup veulent obtenir, et passent des ann\u00e9es \u00e0 chercher mais dans le mauvais coin. Avec les enceintes conventionnelles, il faut mettre la main \u00e0 la poche pour obtenir une sc\u00e8ne transparente de cette taille. D\u00e9tails Le prix inclut la TVA. Entrepreneurs, profitez-en. Prix de vente au d\u00e9tail [&hellip;]\" \/>\n<meta property=\"og:url\" content=\"https:\/\/dev.freakuence.nl\/fr\/produit\/magnepan-mg-1-7i\/\" \/>\n<meta property=\"og:site_name\" content=\"Freakuence!\" \/>\n<meta property=\"article:modified_time\" content=\"2026-03-20T06:22:20+00:00\" \/>\n<meta property=\"og:image\" content=\"https:\/\/dev.freakuence.nl\/wp-content\/uploads\/2025\/09\/1754129015-IMG4617-scaled.jpg\" \/>\n\t<meta property=\"og:image:width\" content=\"1200\" \/>\n\t<meta property=\"og:image:height\" content=\"1800\" \/>\n\t<meta property=\"og:image:type\" content=\"image\/jpeg\" \/>\n<meta name=\"twitter:card\" content=\"summary_large_image\" \/>\n<script type=\"application\/ld+json\" class=\"yoast-schema-graph\">{\"@context\":\"https:\/\/schema.org\",\"@graph\":[{\"@type\":\"WebPage\",\"@id\":\"https:\/\/dev.freakuence.nl\/fr\/produit\/magnepan-mg-1-7i\/\",\"url\":\"https:\/\/dev.freakuence.nl\/fr\/produit\/magnepan-mg-1-7i\/\",\"name\":\"Magnepan MG-1.7i | Freakuence!\",\"isPartOf\":{\"@id\":\"https:\/\/dev.freakuence.nl\/fr\/#website\"},\"primaryImageOfPage\":{\"@id\":\"https:\/\/dev.freakuence.nl\/fr\/produit\/magnepan-mg-1-7i\/#primaryimage\"},\"image\":{\"@id\":\"https:\/\/dev.freakuence.nl\/fr\/produit\/magnepan-mg-1-7i\/#primaryimage\"},\"thumbnailUrl\":\"https:\/\/dev.freakuence.nl\/wp-content\/uploads\/2025\/09\/1754129015-IMG4617-scaled.jpg\",\"datePublished\":\"2025-08-06T09:50:51+00:00\",\"dateModified\":\"2026-03-20T06:22:20+00:00\",\"breadcrumb\":{\"@id\":\"https:\/\/dev.freakuence.nl\/fr\/produit\/magnepan-mg-1-7i\/#breadcrumb\"},\"inLanguage\":\"fr-FR\",\"potentialAction\":[{\"@type\":\"ReadAction\",\"target\":[\"https:\/\/dev.freakuence.nl\/fr\/produit\/magnepan-mg-1-7i\/\"]}]},{\"@type\":\"ImageObject\",\"inLanguage\":\"fr-FR\",\"@id\":\"https:\/\/dev.freakuence.nl\/fr\/produit\/magnepan-mg-1-7i\/#primaryimage\",\"url\":\"https:\/\/dev.freakuence.nl\/wp-content\/uploads\/2025\/09\/1754129015-IMG4617-scaled.jpg\",\"contentUrl\":\"https:\/\/dev.freakuence.nl\/wp-content\/uploads\/2025\/09\/1754129015-IMG4617-scaled.jpg\",\"width\":1200,\"height\":1800},{\"@type\":\"BreadcrumbList\",\"@id\":\"https:\/\/dev.freakuence.nl\/fr\/produit\/magnepan-mg-1-7i\/#breadcrumb\",\"itemListElement\":[{\"@type\":\"ListItem\",\"position\":1,\"name\":\"Accueil\",\"item\":\"https:\/\/dev.freakuence.nl\/fr\/\"},{\"@type\":\"ListItem\",\"position\":2,\"name\":\"Products\",\"item\":\"https:\/\/dev.freakuence.nl\/en\/products\/\"},{\"@type\":\"ListItem\",\"position\":3,\"name\":\"Magnepan MG-1.7i\"}]},{\"@type\":\"WebSite\",\"@id\":\"https:\/\/dev.freakuence.nl\/fr\/#website\",\"url\":\"https:\/\/dev.freakuence.nl\/fr\/\",\"name\":\"Freakuence!\",\"description\":\"Freakuence!\",\"alternateName\":\"Freakuence\",\"potentialAction\":[{\"@type\":\"SearchAction\",\"target\":{\"@type\":\"EntryPoint\",\"urlTemplate\":\"https:\/\/dev.freakuence.nl\/fr\/?s={search_term_string}\"},\"query-input\":{\"@type\":\"PropertyValueSpecification\",\"valueRequired\":true,\"valueName\":\"search_term_string\"}}],\"inLanguage\":\"fr-FR\"}]}<\/script>\n<!-- \/ Yoast SEO plugin. -->","yoast_head_json":{"title":"Magnepan MG-1.7i | Freakuence!","robots":{"index":"noindex","follow":"follow","max-snippet":"max-snippet:-1","max-image-preview":"max-image-preview:large","max-video-preview":"max-video-preview:-1"},"og_locale":"fr_FR","og_type":"article","og_title":"Magnepan MG-1.7i | Freakuence!","og_description":"Description Freakuence ! Oui ! C&rsquo;est ce que beaucoup veulent obtenir, et passent des ann\u00e9es \u00e0 chercher mais dans le mauvais coin. Avec les enceintes conventionnelles, il faut mettre la main \u00e0 la poche pour obtenir une sc\u00e8ne transparente de cette taille. D\u00e9tails Le prix inclut la TVA. Entrepreneurs, profitez-en. Prix de vente au d\u00e9tail [&hellip;]","og_url":"https:\/\/dev.freakuence.nl\/fr\/produit\/magnepan-mg-1-7i\/","og_site_name":"Freakuence!","article_modified_time":"2026-03-20T06:22:20+00:00","og_image":[{"width":1200,"height":1800,"url":"https:\/\/dev.freakuence.nl\/wp-content\/uploads\/2025\/09\/1754129015-IMG4617-scaled.jpg","type":"image\/jpeg"}],"twitter_card":"summary_large_image","schema":{"@context":"https:\/\/schema.org","@graph":[{"@type":"WebPage","@id":"https:\/\/dev.freakuence.nl\/fr\/produit\/magnepan-mg-1-7i\/","url":"https:\/\/dev.freakuence.nl\/fr\/produit\/magnepan-mg-1-7i\/","name":"Magnepan MG-1.7i | Freakuence!","isPartOf":{"@id":"https:\/\/dev.freakuence.nl\/fr\/#website"},"primaryImageOfPage":{"@id":"https:\/\/dev.freakuence.nl\/fr\/produit\/magnepan-mg-1-7i\/#primaryimage"},"image":{"@id":"https:\/\/dev.freakuence.nl\/fr\/produit\/magnepan-mg-1-7i\/#primaryimage"},"thumbnailUrl":"https:\/\/dev.freakuence.nl\/wp-content\/uploads\/2025\/09\/1754129015-IMG4617-scaled.jpg","datePublished":"2025-08-06T09:50:51+00:00","dateModified":"2026-03-20T06:22:20+00:00","breadcrumb":{"@id":"https:\/\/dev.freakuence.nl\/fr\/produit\/magnepan-mg-1-7i\/#breadcrumb"},"inLanguage":"fr-FR","potentialAction":[{"@type":"ReadAction","target":["https:\/\/dev.freakuence.nl\/fr\/produit\/magnepan-mg-1-7i\/"]}]},{"@type":"ImageObject","inLanguage":"fr-FR","@id":"https:\/\/dev.freakuence.nl\/fr\/produit\/magnepan-mg-1-7i\/#primaryimage","url":"https:\/\/dev.freakuence.nl\/wp-content\/uploads\/2025\/09\/1754129015-IMG4617-scaled.jpg","contentUrl":"https:\/\/dev.freakuence.nl\/wp-content\/uploads\/2025\/09\/1754129015-IMG4617-scaled.jpg","width":1200,"height":1800},{"@type":"BreadcrumbList","@id":"https:\/\/dev.freakuence.nl\/fr\/produit\/magnepan-mg-1-7i\/#breadcrumb","itemListElement":[{"@type":"ListItem","position":1,"name":"Accueil","item":"https:\/\/dev.freakuence.nl\/fr\/"},{"@type":"ListItem","position":2,"name":"Products","item":"https:\/\/dev.freakuence.nl\/en\/products\/"},{"@type":"ListItem","position":3,"name":"Magnepan MG-1.7i"}]},{"@type":"WebSite","@id":"https:\/\/dev.freakuence.nl\/fr\/#website","url":"https:\/\/dev.freakuence.nl\/fr\/","name":"Freakuence!","description":"Freakuence!","alternateName":"Freakuence","potentialAction":[{"@type":"SearchAction","target":{"@type":"EntryPoint","urlTemplate":"https:\/\/dev.freakuence.nl\/fr\/?s={search_term_string}"},"query-input":{"@type":"PropertyValueSpecification","valueRequired":true,"valueName":"search_term_string"}}],"inLanguage":"fr-FR"}]}},"_links":{"self":[{"href":"https:\/\/dev.freakuence.nl\/fr\/wp-json\/wp\/v2\/product\/307575","targetHints":{"allow":["GET"]}}],"collection":[{"href":"https:\/\/dev.freakuence.nl\/fr\/wp-json\/wp\/v2\/product"}],"about":[{"href":"https:\/\/dev.freakuence.nl\/fr\/wp-json\/wp\/v2\/types\/product"}],"version-history":[{"count":0,"href":"https:\/\/dev.freakuence.nl\/fr\/wp-json\/wp\/v2\/product\/307575\/revisions"}],"wp:featuredmedia":[{"embeddable":true,"href":"https:\/\/dev.freakuence.nl\/fr\/wp-json\/wp\/v2\/media\/307576"}],"wp:attachment":[{"href":"https:\/\/dev.freakuence.nl\/fr\/wp-json\/wp\/v2\/media?parent=307575"}],"wp:term":[{"taxonomy":"product_brand","embeddable":true,"href":"https:\/\/dev.freakuence.nl\/fr\/wp-json\/wp\/v2\/product_brand?post=307575"},{"taxonomy":"product_cat","embeddable":true,"href":"https:\/\/dev.freakuence.nl\/fr\/wp-json\/wp\/v2\/product_cat?post=307575"},{"taxonomy":"product_tag","embeddable":true,"href":"https:\/\/dev.freakuence.nl\/fr\/wp-json\/wp\/v2\/product_tag?post=307575"}],"curies":[{"name":"wp","href":"https:\/\/api.w.org\/{rel}","templated":true}]}}