{"id":307682,"date":"2025-09-10T14:00:39","date_gmt":"2025-09-10T12:00:39","guid":{"rendered":"https:\/\/dev.freakuence.nl\/product\/leema-elements-ampli-de-puissance-stereo-monobloc\/"},"modified":"2026-04-11T04:08:25","modified_gmt":"2026-04-11T02:08:25","slug":"leema-elements-ampli-de-puissance-stereo-monobloc","status":"publish","type":"product","link":"https:\/\/dev.freakuence.nl\/fr\/produit\/leema-elements-ampli-de-puissance-stereo-monobloc\/","title":{"rendered":"Leema Elements Ampli de puissance st\u00e9r\u00e9o \/ monobloc"},"content":{"rendered":"<div class=\"product-specifications-list\">\n<div class=\"specification-item row-even\"><span class=\"spec-content\"><strong>Description Freakuence !<\/strong><\/span><\/div>\n<div class=\"specification-item row-odd\"><span class=\"spec-content\"><\/p>\n<p>Un petit \u00ab\u00a0paquet\u00a0\u00bb mais beaucoup de puissance ! Une sorte de Danoontje, donc. <\/p>\n<p><\/span><\/div>\n<div class=\"specification-item row-even\"><span class=\"spec-content\"><strong>D\u00e9tails<\/strong><\/span><\/div>\n<div class=\"specification-item row-odd\"><span class=\"spec-content\">Prix de vente au d\u00e9tail : 2000.00<\/span><\/div>\n<div class=\"specification-item row-even\"><span class=\"spec-content\"><strong>Histoire de la marque<\/strong><\/span><\/div>\n<div class=\"specification-item row-odd\"><span class=\"spec-content\"><\/p>\n<p>Leema Acoustics a \u00e9t\u00e9 fond\u00e9 en 1998 pour approfondir l&rsquo;int\u00e9r\u00eat fanatique de ses deux fondateurs, Lee Taylor et Mallory Nicholls, anciens ing\u00e9nieurs de la BBC, pour la reproduction audio. Leur premier projet visait \u00e0 repousser les limites de la conception des haut-parleurs, avec la volont\u00e9 de cr\u00e9er un haut-parleur miniature capable de surpasser un syst\u00e8me plusieurs fois plus grand. Les principes de conception et les mod\u00e8les math\u00e9matiques disponibles \u00e0 l&rsquo;\u00e9poque ne permettaient pas de cr\u00e9er le produit envisag\u00e9 par Lee et Mallory, qui ont donc entam\u00e9 quatre ann\u00e9es de travail intensif, aboutissant au Xen. Moniteur micro d&rsquo;une excellence technique et musicale in\u00e9gal\u00e9e, le Xen n&rsquo;\u00e9tait \u00e0 l&rsquo;origine disponible que pour le march\u00e9 audio professionnel. Les audiophiles \u00e9tant de plus en plus conscients de la qualit\u00e9 des produits Leema, le Xen s&rsquo;est r\u00e9pandu sur le march\u00e9 domestique. Apr\u00e8s le succ\u00e8s de leur premier produit, Mallory et Lee ont d\u00e9cid\u00e9 de concentrer leur expertise sur l&rsquo;\u00e9lectronique audio. Leur premier produit, l&rsquo;amplificateur int\u00e9gr\u00e9 Tucana, est sorti au d\u00e9but de l&rsquo;ann\u00e9e 2006 et a remport\u00e9 le prix Hi Fi News de l&rsquo;amplificateur de l&rsquo;ann\u00e9e plus tard dans l&rsquo;ann\u00e9e. Peu apr\u00e8s, le lecteur de CD Antila a \u00e9t\u00e9 lanc\u00e9 et a presque imm\u00e9diatement remport\u00e9 le prestigieux prix What Hi-Fi ? Sound &amp; Vision du meilleur lecteur de CD en 2007.        <\/p>\n<p><\/span><\/div>\n<\/div>\n","protected":false},"excerpt":{"rendered":"<p>Description Freakuence ! Un petit \u00ab\u00a0paquet\u00a0\u00bb mais beaucoup de puissance ! Une sorte de Danoontje, donc. D\u00e9tails Prix de vente au d\u00e9tail : 2000.00 Histoire de la marque Leema Acoustics a \u00e9t\u00e9 fond\u00e9 en 1998 pour approfondir l&rsquo;int\u00e9r\u00eat fanatique de ses deux fondateurs, Lee Taylor et Mallory Nicholls, anciens ing\u00e9nieurs de la BBC, pour la [&hellip;]<\/p>\n","protected":false},"featured_media":307683,"template":"","meta":{"_acf_changed":false,"inline_featured_image":false},"product_brand":[],"product_cat":[558,761,760],"product_tag":[554],"class_list":{"0":"post-307682","1":"product","2":"type-product","3":"status-publish","4":"has-post-thumbnail","6":"product_cat-amplificateurs","7":"product_cat-amplificateurs-de-puissance-de-classe-a-a-b","8":"product_cat-cables","9":"product_tag-used","11":"first","12":"instock","13":"purchasable","14":"product-type-simple"},"acf":[],"yoast_head":"<!-- This site is optimized with the Yoast SEO plugin v25.9 - https:\/\/yoast.com\/wordpress\/plugins\/seo\/ -->\n<title>Leema Elements Ampli de puissance st\u00e9r\u00e9o \/ monobloc | Freakuence!<\/title>\n<meta name=\"robots\" content=\"noindex, follow, max-snippet:-1, max-image-preview:large, max-video-preview:-1\" \/>\n<meta property=\"og:locale\" content=\"fr_FR\" \/>\n<meta property=\"og:type\" content=\"article\" \/>\n<meta property=\"og:title\" content=\"Leema Elements Ampli de puissance st\u00e9r\u00e9o \/ monobloc | Freakuence!\" \/>\n<meta property=\"og:description\" content=\"Description Freakuence ! Un petit \u00ab\u00a0paquet\u00a0\u00bb mais beaucoup de puissance ! Une sorte de Danoontje, donc. D\u00e9tails Prix de vente au d\u00e9tail : 2000.00 Histoire de la marque Leema Acoustics a \u00e9t\u00e9 fond\u00e9 en 1998 pour approfondir l&rsquo;int\u00e9r\u00eat fanatique de ses deux fondateurs, Lee Taylor et Mallory Nicholls, anciens ing\u00e9nieurs de la BBC, pour la [&hellip;]\" \/>\n<meta property=\"og:url\" content=\"https:\/\/dev.freakuence.nl\/fr\/produit\/leema-elements-ampli-de-puissance-stereo-monobloc\/\" \/>\n<meta property=\"og:site_name\" content=\"Freakuence!\" \/>\n<meta property=\"article:modified_time\" content=\"2026-04-11T02:08:25+00:00\" \/>\n<meta property=\"og:image\" content=\"https:\/\/dev.freakuence.nl\/wp-content\/uploads\/2025\/09\/1757505587-IMG9147-scaled.jpg\" \/>\n\t<meta property=\"og:image:width\" content=\"1800\" \/>\n\t<meta property=\"og:image:height\" content=\"1200\" \/>\n\t<meta property=\"og:image:type\" content=\"image\/jpeg\" \/>\n<meta name=\"twitter:card\" content=\"summary_large_image\" \/>\n<script type=\"application\/ld+json\" class=\"yoast-schema-graph\">{\"@context\":\"https:\/\/schema.org\",\"@graph\":[{\"@type\":\"WebPage\",\"@id\":\"https:\/\/dev.freakuence.nl\/fr\/produit\/leema-elements-ampli-de-puissance-stereo-monobloc\/\",\"url\":\"https:\/\/dev.freakuence.nl\/fr\/produit\/leema-elements-ampli-de-puissance-stereo-monobloc\/\",\"name\":\"Leema Elements Ampli de puissance st\u00e9r\u00e9o \/ monobloc | Freakuence!\",\"isPartOf\":{\"@id\":\"https:\/\/dev.freakuence.nl\/fr\/#website\"},\"primaryImageOfPage\":{\"@id\":\"https:\/\/dev.freakuence.nl\/fr\/produit\/leema-elements-ampli-de-puissance-stereo-monobloc\/#primaryimage\"},\"image\":{\"@id\":\"https:\/\/dev.freakuence.nl\/fr\/produit\/leema-elements-ampli-de-puissance-stereo-monobloc\/#primaryimage\"},\"thumbnailUrl\":\"https:\/\/dev.freakuence.nl\/wp-content\/uploads\/2025\/09\/1757505587-IMG9147-scaled.jpg\",\"datePublished\":\"2025-09-10T12:00:39+00:00\",\"dateModified\":\"2026-04-11T02:08:25+00:00\",\"breadcrumb\":{\"@id\":\"https:\/\/dev.freakuence.nl\/fr\/produit\/leema-elements-ampli-de-puissance-stereo-monobloc\/#breadcrumb\"},\"inLanguage\":\"fr-FR\",\"potentialAction\":[{\"@type\":\"ReadAction\",\"target\":[\"https:\/\/dev.freakuence.nl\/fr\/produit\/leema-elements-ampli-de-puissance-stereo-monobloc\/\"]}]},{\"@type\":\"ImageObject\",\"inLanguage\":\"fr-FR\",\"@id\":\"https:\/\/dev.freakuence.nl\/fr\/produit\/leema-elements-ampli-de-puissance-stereo-monobloc\/#primaryimage\",\"url\":\"https:\/\/dev.freakuence.nl\/wp-content\/uploads\/2025\/09\/1757505587-IMG9147-scaled.jpg\",\"contentUrl\":\"https:\/\/dev.freakuence.nl\/wp-content\/uploads\/2025\/09\/1757505587-IMG9147-scaled.jpg\",\"width\":1800,\"height\":1200},{\"@type\":\"BreadcrumbList\",\"@id\":\"https:\/\/dev.freakuence.nl\/fr\/produit\/leema-elements-ampli-de-puissance-stereo-monobloc\/#breadcrumb\",\"itemListElement\":[{\"@type\":\"ListItem\",\"position\":1,\"name\":\"Accueil\",\"item\":\"https:\/\/dev.freakuence.nl\/fr\/\"},{\"@type\":\"ListItem\",\"position\":2,\"name\":\"Products\",\"item\":\"https:\/\/dev.freakuence.nl\/en\/products\/\"},{\"@type\":\"ListItem\",\"position\":3,\"name\":\"Leema Elements Ampli de puissance st\u00e9r\u00e9o \/ monobloc\"}]},{\"@type\":\"WebSite\",\"@id\":\"https:\/\/dev.freakuence.nl\/fr\/#website\",\"url\":\"https:\/\/dev.freakuence.nl\/fr\/\",\"name\":\"Freakuence!\",\"description\":\"Freakuence!\",\"alternateName\":\"Freakuence\",\"potentialAction\":[{\"@type\":\"SearchAction\",\"target\":{\"@type\":\"EntryPoint\",\"urlTemplate\":\"https:\/\/dev.freakuence.nl\/fr\/?s={search_term_string}\"},\"query-input\":{\"@type\":\"PropertyValueSpecification\",\"valueRequired\":true,\"valueName\":\"search_term_string\"}}],\"inLanguage\":\"fr-FR\"}]}<\/script>\n<!-- \/ Yoast SEO plugin. -->","yoast_head_json":{"title":"Leema Elements Ampli de puissance st\u00e9r\u00e9o \/ monobloc | Freakuence!","robots":{"index":"noindex","follow":"follow","max-snippet":"max-snippet:-1","max-image-preview":"max-image-preview:large","max-video-preview":"max-video-preview:-1"},"og_locale":"fr_FR","og_type":"article","og_title":"Leema Elements Ampli de puissance st\u00e9r\u00e9o \/ monobloc | Freakuence!","og_description":"Description Freakuence ! Un petit \u00ab\u00a0paquet\u00a0\u00bb mais beaucoup de puissance ! Une sorte de Danoontje, donc. D\u00e9tails Prix de vente au d\u00e9tail : 2000.00 Histoire de la marque Leema Acoustics a \u00e9t\u00e9 fond\u00e9 en 1998 pour approfondir l&rsquo;int\u00e9r\u00eat fanatique de ses deux fondateurs, Lee Taylor et Mallory Nicholls, anciens ing\u00e9nieurs de la BBC, pour la [&hellip;]","og_url":"https:\/\/dev.freakuence.nl\/fr\/produit\/leema-elements-ampli-de-puissance-stereo-monobloc\/","og_site_name":"Freakuence!","article_modified_time":"2026-04-11T02:08:25+00:00","og_image":[{"width":1800,"height":1200,"url":"https:\/\/dev.freakuence.nl\/wp-content\/uploads\/2025\/09\/1757505587-IMG9147-scaled.jpg","type":"image\/jpeg"}],"twitter_card":"summary_large_image","schema":{"@context":"https:\/\/schema.org","@graph":[{"@type":"WebPage","@id":"https:\/\/dev.freakuence.nl\/fr\/produit\/leema-elements-ampli-de-puissance-stereo-monobloc\/","url":"https:\/\/dev.freakuence.nl\/fr\/produit\/leema-elements-ampli-de-puissance-stereo-monobloc\/","name":"Leema Elements Ampli de puissance st\u00e9r\u00e9o \/ monobloc | Freakuence!","isPartOf":{"@id":"https:\/\/dev.freakuence.nl\/fr\/#website"},"primaryImageOfPage":{"@id":"https:\/\/dev.freakuence.nl\/fr\/produit\/leema-elements-ampli-de-puissance-stereo-monobloc\/#primaryimage"},"image":{"@id":"https:\/\/dev.freakuence.nl\/fr\/produit\/leema-elements-ampli-de-puissance-stereo-monobloc\/#primaryimage"},"thumbnailUrl":"https:\/\/dev.freakuence.nl\/wp-content\/uploads\/2025\/09\/1757505587-IMG9147-scaled.jpg","datePublished":"2025-09-10T12:00:39+00:00","dateModified":"2026-04-11T02:08:25+00:00","breadcrumb":{"@id":"https:\/\/dev.freakuence.nl\/fr\/produit\/leema-elements-ampli-de-puissance-stereo-monobloc\/#breadcrumb"},"inLanguage":"fr-FR","potentialAction":[{"@type":"ReadAction","target":["https:\/\/dev.freakuence.nl\/fr\/produit\/leema-elements-ampli-de-puissance-stereo-monobloc\/"]}]},{"@type":"ImageObject","inLanguage":"fr-FR","@id":"https:\/\/dev.freakuence.nl\/fr\/produit\/leema-elements-ampli-de-puissance-stereo-monobloc\/#primaryimage","url":"https:\/\/dev.freakuence.nl\/wp-content\/uploads\/2025\/09\/1757505587-IMG9147-scaled.jpg","contentUrl":"https:\/\/dev.freakuence.nl\/wp-content\/uploads\/2025\/09\/1757505587-IMG9147-scaled.jpg","width":1800,"height":1200},{"@type":"BreadcrumbList","@id":"https:\/\/dev.freakuence.nl\/fr\/produit\/leema-elements-ampli-de-puissance-stereo-monobloc\/#breadcrumb","itemListElement":[{"@type":"ListItem","position":1,"name":"Accueil","item":"https:\/\/dev.freakuence.nl\/fr\/"},{"@type":"ListItem","position":2,"name":"Products","item":"https:\/\/dev.freakuence.nl\/en\/products\/"},{"@type":"ListItem","position":3,"name":"Leema Elements Ampli de puissance st\u00e9r\u00e9o \/ monobloc"}]},{"@type":"WebSite","@id":"https:\/\/dev.freakuence.nl\/fr\/#website","url":"https:\/\/dev.freakuence.nl\/fr\/","name":"Freakuence!","description":"Freakuence!","alternateName":"Freakuence","potentialAction":[{"@type":"SearchAction","target":{"@type":"EntryPoint","urlTemplate":"https:\/\/dev.freakuence.nl\/fr\/?s={search_term_string}"},"query-input":{"@type":"PropertyValueSpecification","valueRequired":true,"valueName":"search_term_string"}}],"inLanguage":"fr-FR"}]}},"_links":{"self":[{"href":"https:\/\/dev.freakuence.nl\/fr\/wp-json\/wp\/v2\/product\/307682","targetHints":{"allow":["GET"]}}],"collection":[{"href":"https:\/\/dev.freakuence.nl\/fr\/wp-json\/wp\/v2\/product"}],"about":[{"href":"https:\/\/dev.freakuence.nl\/fr\/wp-json\/wp\/v2\/types\/product"}],"version-history":[{"count":1,"href":"https:\/\/dev.freakuence.nl\/fr\/wp-json\/wp\/v2\/product\/307682\/revisions"}],"predecessor-version":[{"id":318146,"href":"https:\/\/dev.freakuence.nl\/fr\/wp-json\/wp\/v2\/product\/307682\/revisions\/318146"}],"wp:featuredmedia":[{"embeddable":true,"href":"https:\/\/dev.freakuence.nl\/fr\/wp-json\/wp\/v2\/media\/307683"}],"wp:attachment":[{"href":"https:\/\/dev.freakuence.nl\/fr\/wp-json\/wp\/v2\/media?parent=307682"}],"wp:term":[{"taxonomy":"product_brand","embeddable":true,"href":"https:\/\/dev.freakuence.nl\/fr\/wp-json\/wp\/v2\/product_brand?post=307682"},{"taxonomy":"product_cat","embeddable":true,"href":"https:\/\/dev.freakuence.nl\/fr\/wp-json\/wp\/v2\/product_cat?post=307682"},{"taxonomy":"product_tag","embeddable":true,"href":"https:\/\/dev.freakuence.nl\/fr\/wp-json\/wp\/v2\/product_tag?post=307682"}],"curies":[{"name":"wp","href":"https:\/\/api.w.org\/{rel}","templated":true}]}}