{"id":307737,"date":"2025-09-08T12:21:20","date_gmt":"2025-09-08T10:21:20","guid":{"rendered":"https:\/\/dev.freakuence.nl\/product\/lumin-t3\/"},"modified":"2026-03-20T07:21:43","modified_gmt":"2026-03-20T06:21:43","slug":"lumin-t3","status":"publish","type":"product","link":"https:\/\/dev.freakuence.nl\/fr\/produit\/lumin-t3\/","title":{"rendered":"LUMIN T3"},"content":{"rendered":"<div class=\"product-specifications-list\">\n<div class=\"specification-item row-even\"><span class=\"spec-content\"><strong>Description Freakuence !<\/strong><\/span><\/div>\n<div class=\"specification-item row-odd\"><span class=\"spec-content\"><\/p>\n<p>Dac de streaming puissant. Joue richement, sans les bords durs que l&rsquo;on conna\u00eet \u00e0 de nombreux dacs simples. Sens aigu du d\u00e9tail. Il donne la priorit\u00e9 aux voix et veut que tout soit entendu. Pas intrusif, mais tr\u00e8s clair.    <\/p>\n<p><\/span><\/div>\n<div class=\"specification-item row-even\"><span class=\"spec-content\"><strong>D\u00e9tails<\/strong><\/span><\/div>\n<div class=\"specification-item row-odd\"><span class=\"spec-content\"><\/p>\n<p>Le prix inclut la TVA. Entrepreneurs, profitez-en. <\/span><\/div>\n<div class=\"specification-item row-even\"><span class=\"spec-content\">C&rsquo;est votre chance d&rsquo;obtenir enfin du mat\u00e9riel de d\u00e9monstration du magasin le plus cool de la plan\u00e8te. Oui ! Il vaut donc en r\u00e9alit\u00e9 beaucoup plus que le prix du neuf, mais nous nous en garderons bien. Utilis\u00e9 uniquement pour des s\u00e9ances d&rsquo;\u00e9coute avec nos visiteurs, il n&rsquo;a donc pas eu de propri\u00e9taire priv\u00e9. Garantie compl\u00e8te.  <\/span><\/div>\n<div class=\"specification-item row-odd\"><span class=\"spec-content\">Dommages, voir les photos !<\/p>\n<p><\/span><\/div>\n<div class=\"specification-item row-even\"><span class=\"spec-content\">Prix de vente au d\u00e9tail : 5199.00<\/span><\/div>\n<div class=\"specification-item row-odd\"><span class=\"spec-content\"><strong>Description g\u00e9n\u00e9rale<\/strong><\/span><\/div>\n<div class=\"specification-item row-even\"><span class=\"spec-content\"><\/p>\n<p>Cet appareil offre une lecture audio tr\u00e8s d\u00e9taill\u00e9e, soutenue par un DAC ESS SABRE avec un d\u00e9codeur et un moteur de rendu MQA complets. Il prend en charge une vari\u00e9t\u00e9 de formats audio, y compris DSD512 et PCM jusqu&rsquo;\u00e0 384 kHz. Le contr\u00f4le du volume est construit \u00e0 partir d&rsquo;une architecture 32 bits, garantissant un contr\u00f4le pr\u00e9cis. En outre, il permet une connectivit\u00e9 r\u00e9seau via des connexions filaires et sans fil. La conception permet une int\u00e9gration transparente avec les syst\u00e8mes existants, y compris la compatibilit\u00e9 avec Roon et d&rsquo;autres plateformes. La mise en \u0153uvre des technologies de sur\u00e9chantillonnage et de sous-\u00e9chantillonnage offre une exp\u00e9rience d&rsquo;\u00e9coute flexible et raffin\u00e9e, id\u00e9ale pour ceux qui souhaitent exploiter un large \u00e9ventail de formats musicaux.     <\/p>\n<p><\/span><\/div>\n<div class=\"specification-item row-odd\"><span class=\"spec-content\"><strong>Informations g\u00e9n\u00e9rales<\/strong><\/span><\/div>\n<div class=\"specification-item row-even\"><span class=\"spec-content\"><\/p>\n<p>Le LUMIN A1 a \u00e9t\u00e9 con\u00e7u par l&rsquo;\u00e9quipe de LUMIN, bas\u00e9e \u00e0 Hong Kong, comme le premier produit de la marque. Le design allie performance audiophile et facilit\u00e9 d&rsquo;utilisation. Il a \u00e9t\u00e9 d\u00e9velopp\u00e9 par une \u00e9quipe exp\u00e9riment\u00e9e dans le domaine de l&rsquo;audio haut de gamme et des logiciels. Le bo\u00eetier est enti\u00e8rement fabriqu\u00e9 en aluminium massif, pour un blindage et un amortissement des vibrations optimaux. En interne, ils utilisent des DACs ESS SABRE de haute qualit\u00e9 et une alimentation lin\u00e9aire.   <\/p>\n<p><\/span><\/div>\n<div class=\"specification-item row-odd\"><span class=\"spec-content\"><strong>Histoire de la marque<\/strong><\/span><\/div>\n<div class=\"specification-item row-even\"><span class=\"spec-content\"><\/p>\n<p>En 2012, LUMIN a pr\u00e9sent\u00e9 le premier lecteur r\u00e9seau au monde capable de lire des fichiers DSD. Apr\u00e8s deux ans de d\u00e9veloppement et des centaines d&rsquo;heures d&rsquo;\u00e9coute critique, ce produit a \u00e9t\u00e9 lanc\u00e9 avec un seul message sur un forum. Depuis, LUMIN a \u00e9largi sa gamme \u00e0 neuf mod\u00e8les, dans des gammes de prix vari\u00e9es. Tous les produits sont ax\u00e9s sur la lecture naturelle de la musique, le d\u00e9veloppement continu de logiciels et une exp\u00e9rience de streaming transparente. Ces derni\u00e8res ann\u00e9es, LUMIN a ajout\u00e9 la prise en charge de services tels que Roon, MQA et Spotify. En outre, l&rsquo;entreprise a introduit des fonctionnalit\u00e9s telles que le Leedh Processing, une technologie de contr\u00f4le du volume num\u00e9rique. LUMIN d\u00e9veloppe le mat\u00e9riel, le micrologiciel et le logiciel en interne, ce qui permet une mise en \u0153uvre rapide des nouvelles fonctionnalit\u00e9s.      <\/p>\n<p><\/span><\/div>\n<\/div>\n","protected":false},"excerpt":{"rendered":"<p>Description Freakuence ! Dac de streaming puissant. Joue richement, sans les bords durs que l&rsquo;on conna\u00eet \u00e0 de nombreux dacs simples. Sens aigu du d\u00e9tail. Il donne la priorit\u00e9 aux voix et veut que tout soit entendu. Pas intrusif, mais tr\u00e8s clair. D\u00e9tails Le prix inclut la TVA. Entrepreneurs, profitez-en. C&rsquo;est votre chance d&rsquo;obtenir enfin [&hellip;]<\/p>\n","protected":false},"featured_media":307738,"template":"","meta":{"_acf_changed":false,"inline_featured_image":false},"product_brand":[],"product_cat":[595],"product_tag":[579],"class_list":{"0":"post-307737","1":"product","2":"type-product","3":"status-publish","4":"has-post-thumbnail","6":"product_cat-dac-et-streamers","7":"product_tag-nouveau","8":"pa_kleur-argent","10":"first","11":"instock","12":"taxable","13":"shipping-taxable","14":"purchasable","15":"product-type-simple"},"acf":[],"yoast_head":"<!-- This site is optimized with the Yoast SEO plugin v25.9 - https:\/\/yoast.com\/wordpress\/plugins\/seo\/ -->\n<title>LUMIN T3 | Freakuence!<\/title>\n<meta name=\"robots\" content=\"noindex, follow, max-snippet:-1, max-image-preview:large, max-video-preview:-1\" \/>\n<meta property=\"og:locale\" content=\"fr_FR\" \/>\n<meta property=\"og:type\" content=\"article\" \/>\n<meta property=\"og:title\" content=\"LUMIN T3 | Freakuence!\" \/>\n<meta property=\"og:description\" content=\"Description Freakuence ! Dac de streaming puissant. Joue richement, sans les bords durs que l&rsquo;on conna\u00eet \u00e0 de nombreux dacs simples. Sens aigu du d\u00e9tail. Il donne la priorit\u00e9 aux voix et veut que tout soit entendu. Pas intrusif, mais tr\u00e8s clair. D\u00e9tails Le prix inclut la TVA. Entrepreneurs, profitez-en. C&rsquo;est votre chance d&rsquo;obtenir enfin [&hellip;]\" \/>\n<meta property=\"og:url\" content=\"https:\/\/dev.freakuence.nl\/fr\/produit\/lumin-t3\/\" \/>\n<meta property=\"og:site_name\" content=\"Freakuence!\" \/>\n<meta property=\"article:modified_time\" content=\"2026-03-20T06:21:43+00:00\" \/>\n<meta property=\"og:image\" content=\"https:\/\/dev.freakuence.nl\/wp-content\/uploads\/2025\/09\/1757326837-Schermafbeelding2025-09-08121629.png\" \/>\n\t<meta property=\"og:image:width\" content=\"1455\" \/>\n\t<meta property=\"og:image:height\" content=\"893\" \/>\n\t<meta property=\"og:image:type\" content=\"image\/png\" \/>\n<meta name=\"twitter:card\" content=\"summary_large_image\" \/>\n<script type=\"application\/ld+json\" class=\"yoast-schema-graph\">{\"@context\":\"https:\/\/schema.org\",\"@graph\":[{\"@type\":\"WebPage\",\"@id\":\"https:\/\/dev.freakuence.nl\/fr\/produit\/lumin-t3\/\",\"url\":\"https:\/\/dev.freakuence.nl\/fr\/produit\/lumin-t3\/\",\"name\":\"LUMIN T3 | Freakuence!\",\"isPartOf\":{\"@id\":\"https:\/\/dev.freakuence.nl\/fr\/#website\"},\"primaryImageOfPage\":{\"@id\":\"https:\/\/dev.freakuence.nl\/fr\/produit\/lumin-t3\/#primaryimage\"},\"image\":{\"@id\":\"https:\/\/dev.freakuence.nl\/fr\/produit\/lumin-t3\/#primaryimage\"},\"thumbnailUrl\":\"https:\/\/dev.freakuence.nl\/wp-content\/uploads\/2025\/09\/1757326837-Schermafbeelding2025-09-08121629.png\",\"datePublished\":\"2025-09-08T10:21:20+00:00\",\"dateModified\":\"2026-03-20T06:21:43+00:00\",\"breadcrumb\":{\"@id\":\"https:\/\/dev.freakuence.nl\/fr\/produit\/lumin-t3\/#breadcrumb\"},\"inLanguage\":\"fr-FR\",\"potentialAction\":[{\"@type\":\"ReadAction\",\"target\":[\"https:\/\/dev.freakuence.nl\/fr\/produit\/lumin-t3\/\"]}]},{\"@type\":\"ImageObject\",\"inLanguage\":\"fr-FR\",\"@id\":\"https:\/\/dev.freakuence.nl\/fr\/produit\/lumin-t3\/#primaryimage\",\"url\":\"https:\/\/dev.freakuence.nl\/wp-content\/uploads\/2025\/09\/1757326837-Schermafbeelding2025-09-08121629.png\",\"contentUrl\":\"https:\/\/dev.freakuence.nl\/wp-content\/uploads\/2025\/09\/1757326837-Schermafbeelding2025-09-08121629.png\",\"width\":1455,\"height\":893},{\"@type\":\"BreadcrumbList\",\"@id\":\"https:\/\/dev.freakuence.nl\/fr\/produit\/lumin-t3\/#breadcrumb\",\"itemListElement\":[{\"@type\":\"ListItem\",\"position\":1,\"name\":\"Accueil\",\"item\":\"https:\/\/dev.freakuence.nl\/fr\/\"},{\"@type\":\"ListItem\",\"position\":2,\"name\":\"Products\",\"item\":\"https:\/\/dev.freakuence.nl\/en\/products\/\"},{\"@type\":\"ListItem\",\"position\":3,\"name\":\"LUMIN T3\"}]},{\"@type\":\"WebSite\",\"@id\":\"https:\/\/dev.freakuence.nl\/fr\/#website\",\"url\":\"https:\/\/dev.freakuence.nl\/fr\/\",\"name\":\"Freakuence!\",\"description\":\"Freakuence!\",\"alternateName\":\"Freakuence\",\"potentialAction\":[{\"@type\":\"SearchAction\",\"target\":{\"@type\":\"EntryPoint\",\"urlTemplate\":\"https:\/\/dev.freakuence.nl\/fr\/?s={search_term_string}\"},\"query-input\":{\"@type\":\"PropertyValueSpecification\",\"valueRequired\":true,\"valueName\":\"search_term_string\"}}],\"inLanguage\":\"fr-FR\"}]}<\/script>\n<!-- \/ Yoast SEO plugin. -->","yoast_head_json":{"title":"LUMIN T3 | Freakuence!","robots":{"index":"noindex","follow":"follow","max-snippet":"max-snippet:-1","max-image-preview":"max-image-preview:large","max-video-preview":"max-video-preview:-1"},"og_locale":"fr_FR","og_type":"article","og_title":"LUMIN T3 | Freakuence!","og_description":"Description Freakuence ! Dac de streaming puissant. Joue richement, sans les bords durs que l&rsquo;on conna\u00eet \u00e0 de nombreux dacs simples. Sens aigu du d\u00e9tail. Il donne la priorit\u00e9 aux voix et veut que tout soit entendu. Pas intrusif, mais tr\u00e8s clair. D\u00e9tails Le prix inclut la TVA. Entrepreneurs, profitez-en. C&rsquo;est votre chance d&rsquo;obtenir enfin [&hellip;]","og_url":"https:\/\/dev.freakuence.nl\/fr\/produit\/lumin-t3\/","og_site_name":"Freakuence!","article_modified_time":"2026-03-20T06:21:43+00:00","og_image":[{"width":1455,"height":893,"url":"https:\/\/dev.freakuence.nl\/wp-content\/uploads\/2025\/09\/1757326837-Schermafbeelding2025-09-08121629.png","type":"image\/png"}],"twitter_card":"summary_large_image","schema":{"@context":"https:\/\/schema.org","@graph":[{"@type":"WebPage","@id":"https:\/\/dev.freakuence.nl\/fr\/produit\/lumin-t3\/","url":"https:\/\/dev.freakuence.nl\/fr\/produit\/lumin-t3\/","name":"LUMIN T3 | Freakuence!","isPartOf":{"@id":"https:\/\/dev.freakuence.nl\/fr\/#website"},"primaryImageOfPage":{"@id":"https:\/\/dev.freakuence.nl\/fr\/produit\/lumin-t3\/#primaryimage"},"image":{"@id":"https:\/\/dev.freakuence.nl\/fr\/produit\/lumin-t3\/#primaryimage"},"thumbnailUrl":"https:\/\/dev.freakuence.nl\/wp-content\/uploads\/2025\/09\/1757326837-Schermafbeelding2025-09-08121629.png","datePublished":"2025-09-08T10:21:20+00:00","dateModified":"2026-03-20T06:21:43+00:00","breadcrumb":{"@id":"https:\/\/dev.freakuence.nl\/fr\/produit\/lumin-t3\/#breadcrumb"},"inLanguage":"fr-FR","potentialAction":[{"@type":"ReadAction","target":["https:\/\/dev.freakuence.nl\/fr\/produit\/lumin-t3\/"]}]},{"@type":"ImageObject","inLanguage":"fr-FR","@id":"https:\/\/dev.freakuence.nl\/fr\/produit\/lumin-t3\/#primaryimage","url":"https:\/\/dev.freakuence.nl\/wp-content\/uploads\/2025\/09\/1757326837-Schermafbeelding2025-09-08121629.png","contentUrl":"https:\/\/dev.freakuence.nl\/wp-content\/uploads\/2025\/09\/1757326837-Schermafbeelding2025-09-08121629.png","width":1455,"height":893},{"@type":"BreadcrumbList","@id":"https:\/\/dev.freakuence.nl\/fr\/produit\/lumin-t3\/#breadcrumb","itemListElement":[{"@type":"ListItem","position":1,"name":"Accueil","item":"https:\/\/dev.freakuence.nl\/fr\/"},{"@type":"ListItem","position":2,"name":"Products","item":"https:\/\/dev.freakuence.nl\/en\/products\/"},{"@type":"ListItem","position":3,"name":"LUMIN T3"}]},{"@type":"WebSite","@id":"https:\/\/dev.freakuence.nl\/fr\/#website","url":"https:\/\/dev.freakuence.nl\/fr\/","name":"Freakuence!","description":"Freakuence!","alternateName":"Freakuence","potentialAction":[{"@type":"SearchAction","target":{"@type":"EntryPoint","urlTemplate":"https:\/\/dev.freakuence.nl\/fr\/?s={search_term_string}"},"query-input":{"@type":"PropertyValueSpecification","valueRequired":true,"valueName":"search_term_string"}}],"inLanguage":"fr-FR"}]}},"_links":{"self":[{"href":"https:\/\/dev.freakuence.nl\/fr\/wp-json\/wp\/v2\/product\/307737","targetHints":{"allow":["GET"]}}],"collection":[{"href":"https:\/\/dev.freakuence.nl\/fr\/wp-json\/wp\/v2\/product"}],"about":[{"href":"https:\/\/dev.freakuence.nl\/fr\/wp-json\/wp\/v2\/types\/product"}],"version-history":[{"count":0,"href":"https:\/\/dev.freakuence.nl\/fr\/wp-json\/wp\/v2\/product\/307737\/revisions"}],"wp:featuredmedia":[{"embeddable":true,"href":"https:\/\/dev.freakuence.nl\/fr\/wp-json\/wp\/v2\/media\/307738"}],"wp:attachment":[{"href":"https:\/\/dev.freakuence.nl\/fr\/wp-json\/wp\/v2\/media?parent=307737"}],"wp:term":[{"taxonomy":"product_brand","embeddable":true,"href":"https:\/\/dev.freakuence.nl\/fr\/wp-json\/wp\/v2\/product_brand?post=307737"},{"taxonomy":"product_cat","embeddable":true,"href":"https:\/\/dev.freakuence.nl\/fr\/wp-json\/wp\/v2\/product_cat?post=307737"},{"taxonomy":"product_tag","embeddable":true,"href":"https:\/\/dev.freakuence.nl\/fr\/wp-json\/wp\/v2\/product_tag?post=307737"}],"curies":[{"name":"wp","href":"https:\/\/api.w.org\/{rel}","templated":true}]}}