{"id":307841,"date":"2025-09-08T12:33:43","date_gmt":"2025-09-08T10:33:43","guid":{"rendered":"https:\/\/dev.freakuence.nl\/product\/spendor-ds1\/"},"modified":"2026-03-20T07:23:05","modified_gmt":"2026-03-20T06:23:05","slug":"spendor-ds1","status":"publish","type":"product","link":"https:\/\/dev.freakuence.nl\/fr\/produit\/spendor-ds1\/","title":{"rendered":"Spendor DS1"},"content":{"rendered":"<div class=\"product-specifications-list\">\n<div class=\"specification-item row-even\"><span class=\"spec-content\"><strong>Description Freakuence !<\/strong><\/span><\/div>\n<div class=\"specification-item row-odd\"><span class=\"spec-content\"><\/p>\n<p>Des bascules plates pour le mur ou le plafond. Ils ne sont pas bon march\u00e9 avec leur nouveau prix de 4999,00 par jeu, mais ils sont tr\u00e8s bien con\u00e7us. Il est pratiquement impossible d&rsquo;obtenir le son d&rsquo;un grand baffle, mais la basse pression, l&rsquo;air et la pr\u00e9cision sont dignes d&rsquo;\u00e9loges.  <\/p>\n<p><\/span><\/div>\n<div class=\"specification-item row-even\"><span class=\"spec-content\"><strong>D\u00e9tails<\/strong><\/span><\/div>\n<div class=\"specification-item row-odd\"><span class=\"spec-content\"><\/p>\n<p>Il s&rsquo;agit de l&rsquo;ensemble de d\u00e9monstration de l&rsquo;ancien importateur ! Nous avons de nombreux sets Spendor en exposition provenant de cet importateur. Le prix inclut la TVA. Avec c\u00e2bles !   <\/p>\n<p><\/span><\/div>\n<div class=\"specification-item row-even\"><span class=\"spec-content\">Prix de vente au d\u00e9tail : 4999.00<\/span><\/div>\n<div class=\"specification-item row-odd\"><span class=\"spec-content\"><strong>Histoire de la marque<\/strong><\/span><\/div>\n<div class=\"specification-item row-even\"><span class=\"spec-content\"><\/p>\n<p>Spendor a \u00e9t\u00e9 fond\u00e9e \u00e0 la fin des ann\u00e9es 1960 par Spencer et Dorothy Hughes. Le nom est une contraction de leurs noms, \u00ab\u00a0Spen\u00a0\u00bb et \u00ab\u00a0Dor\u00a0\u00bb. Spencer travaillait auparavant comme ing\u00e9nieur du son \u00e0 la BBC, o\u00f9 il a d\u00e9velopp\u00e9 son premier haut-parleur, le BC1. Ce haut-parleur, utilis\u00e9 \u00e0 l&rsquo;origine dans les studios d&rsquo;enregistrement, est aujourd&rsquo;hui une ic\u00f4ne dans le monde de l&rsquo;audio. Spendor est connu pour sa production interne de haut-parleurs et d&rsquo;enceintes, ce qui lui permet de garder un contr\u00f4le total sur la qualit\u00e9 de la production. De nombreux mod\u00e8les, tels que la ligne Spendor Classic, sont bas\u00e9s sur des conceptions traditionnelles des ann\u00e9es 1970, mais ont \u00e9t\u00e9 optimis\u00e9s sur le plan technique.     <\/p>\n<p><\/span><\/div>\n<\/div>\n","protected":false},"excerpt":{"rendered":"<p>Description Freakuence ! Des bascules plates pour le mur ou le plafond. Ils ne sont pas bon march\u00e9 avec leur nouveau prix de 4999,00 par jeu, mais ils sont tr\u00e8s bien con\u00e7us. Il est pratiquement impossible d&rsquo;obtenir le son d&rsquo;un grand baffle, mais la basse pression, l&rsquo;air et la pr\u00e9cision sont dignes d&rsquo;\u00e9loges. D\u00e9tails Il [&hellip;]<\/p>\n","protected":false},"featured_media":307849,"template":"","meta":{"_acf_changed":false,"inline_featured_image":false},"product_brand":[],"product_cat":[551],"product_tag":[592],"class_list":{"0":"post-307841","1":"product","2":"type-product","3":"status-publish","4":"has-post-thumbnail","6":"product_cat-intervenants","7":"product_tag-demo","8":"pa_kleur-marron","10":"first","11":"instock","12":"taxable","13":"shipping-taxable","14":"purchasable","15":"product-type-simple"},"acf":[],"yoast_head":"<!-- This site is optimized with the Yoast SEO plugin v25.9 - https:\/\/yoast.com\/wordpress\/plugins\/seo\/ -->\n<title>Spendor DS1 | Freakuence!<\/title>\n<meta name=\"robots\" content=\"noindex, follow, max-snippet:-1, max-image-preview:large, max-video-preview:-1\" \/>\n<meta property=\"og:locale\" content=\"fr_FR\" \/>\n<meta property=\"og:type\" content=\"article\" \/>\n<meta property=\"og:title\" content=\"Spendor DS1 | Freakuence!\" \/>\n<meta property=\"og:description\" content=\"Description Freakuence ! Des bascules plates pour le mur ou le plafond. Ils ne sont pas bon march\u00e9 avec leur nouveau prix de 4999,00 par jeu, mais ils sont tr\u00e8s bien con\u00e7us. Il est pratiquement impossible d&rsquo;obtenir le son d&rsquo;un grand baffle, mais la basse pression, l&rsquo;air et la pr\u00e9cision sont dignes d&rsquo;\u00e9loges. D\u00e9tails Il [&hellip;]\" \/>\n<meta property=\"og:url\" content=\"https:\/\/dev.freakuence.nl\/fr\/produit\/spendor-ds1\/\" \/>\n<meta property=\"og:site_name\" content=\"Freakuence!\" \/>\n<meta property=\"article:modified_time\" content=\"2026-03-20T06:23:05+00:00\" \/>\n<meta property=\"og:image\" content=\"https:\/\/dev.freakuence.nl\/wp-content\/uploads\/2025\/09\/1757327570-IMG7982-scaled.jpg\" \/>\n\t<meta property=\"og:image:width\" content=\"1800\" \/>\n\t<meta property=\"og:image:height\" content=\"1200\" \/>\n\t<meta property=\"og:image:type\" content=\"image\/jpeg\" \/>\n<meta name=\"twitter:card\" content=\"summary_large_image\" \/>\n<script type=\"application\/ld+json\" class=\"yoast-schema-graph\">{\"@context\":\"https:\/\/schema.org\",\"@graph\":[{\"@type\":\"WebPage\",\"@id\":\"https:\/\/dev.freakuence.nl\/fr\/produit\/spendor-ds1\/\",\"url\":\"https:\/\/dev.freakuence.nl\/fr\/produit\/spendor-ds1\/\",\"name\":\"Spendor DS1 | Freakuence!\",\"isPartOf\":{\"@id\":\"https:\/\/dev.freakuence.nl\/fr\/#website\"},\"primaryImageOfPage\":{\"@id\":\"https:\/\/dev.freakuence.nl\/fr\/produit\/spendor-ds1\/#primaryimage\"},\"image\":{\"@id\":\"https:\/\/dev.freakuence.nl\/fr\/produit\/spendor-ds1\/#primaryimage\"},\"thumbnailUrl\":\"https:\/\/dev.freakuence.nl\/wp-content\/uploads\/2025\/09\/1757327570-IMG7982-scaled.jpg\",\"datePublished\":\"2025-09-08T10:33:43+00:00\",\"dateModified\":\"2026-03-20T06:23:05+00:00\",\"breadcrumb\":{\"@id\":\"https:\/\/dev.freakuence.nl\/fr\/produit\/spendor-ds1\/#breadcrumb\"},\"inLanguage\":\"fr-FR\",\"potentialAction\":[{\"@type\":\"ReadAction\",\"target\":[\"https:\/\/dev.freakuence.nl\/fr\/produit\/spendor-ds1\/\"]}]},{\"@type\":\"ImageObject\",\"inLanguage\":\"fr-FR\",\"@id\":\"https:\/\/dev.freakuence.nl\/fr\/produit\/spendor-ds1\/#primaryimage\",\"url\":\"https:\/\/dev.freakuence.nl\/wp-content\/uploads\/2025\/09\/1757327570-IMG7982-scaled.jpg\",\"contentUrl\":\"https:\/\/dev.freakuence.nl\/wp-content\/uploads\/2025\/09\/1757327570-IMG7982-scaled.jpg\",\"width\":1800,\"height\":1200},{\"@type\":\"BreadcrumbList\",\"@id\":\"https:\/\/dev.freakuence.nl\/fr\/produit\/spendor-ds1\/#breadcrumb\",\"itemListElement\":[{\"@type\":\"ListItem\",\"position\":1,\"name\":\"Accueil\",\"item\":\"https:\/\/dev.freakuence.nl\/fr\/\"},{\"@type\":\"ListItem\",\"position\":2,\"name\":\"Products\",\"item\":\"https:\/\/dev.freakuence.nl\/en\/products\/\"},{\"@type\":\"ListItem\",\"position\":3,\"name\":\"Spendor DS1\"}]},{\"@type\":\"WebSite\",\"@id\":\"https:\/\/dev.freakuence.nl\/fr\/#website\",\"url\":\"https:\/\/dev.freakuence.nl\/fr\/\",\"name\":\"Freakuence!\",\"description\":\"Freakuence!\",\"alternateName\":\"Freakuence\",\"potentialAction\":[{\"@type\":\"SearchAction\",\"target\":{\"@type\":\"EntryPoint\",\"urlTemplate\":\"https:\/\/dev.freakuence.nl\/fr\/?s={search_term_string}\"},\"query-input\":{\"@type\":\"PropertyValueSpecification\",\"valueRequired\":true,\"valueName\":\"search_term_string\"}}],\"inLanguage\":\"fr-FR\"}]}<\/script>\n<!-- \/ Yoast SEO plugin. -->","yoast_head_json":{"title":"Spendor DS1 | Freakuence!","robots":{"index":"noindex","follow":"follow","max-snippet":"max-snippet:-1","max-image-preview":"max-image-preview:large","max-video-preview":"max-video-preview:-1"},"og_locale":"fr_FR","og_type":"article","og_title":"Spendor DS1 | Freakuence!","og_description":"Description Freakuence ! Des bascules plates pour le mur ou le plafond. Ils ne sont pas bon march\u00e9 avec leur nouveau prix de 4999,00 par jeu, mais ils sont tr\u00e8s bien con\u00e7us. Il est pratiquement impossible d&rsquo;obtenir le son d&rsquo;un grand baffle, mais la basse pression, l&rsquo;air et la pr\u00e9cision sont dignes d&rsquo;\u00e9loges. D\u00e9tails Il [&hellip;]","og_url":"https:\/\/dev.freakuence.nl\/fr\/produit\/spendor-ds1\/","og_site_name":"Freakuence!","article_modified_time":"2026-03-20T06:23:05+00:00","og_image":[{"width":1800,"height":1200,"url":"https:\/\/dev.freakuence.nl\/wp-content\/uploads\/2025\/09\/1757327570-IMG7982-scaled.jpg","type":"image\/jpeg"}],"twitter_card":"summary_large_image","schema":{"@context":"https:\/\/schema.org","@graph":[{"@type":"WebPage","@id":"https:\/\/dev.freakuence.nl\/fr\/produit\/spendor-ds1\/","url":"https:\/\/dev.freakuence.nl\/fr\/produit\/spendor-ds1\/","name":"Spendor DS1 | Freakuence!","isPartOf":{"@id":"https:\/\/dev.freakuence.nl\/fr\/#website"},"primaryImageOfPage":{"@id":"https:\/\/dev.freakuence.nl\/fr\/produit\/spendor-ds1\/#primaryimage"},"image":{"@id":"https:\/\/dev.freakuence.nl\/fr\/produit\/spendor-ds1\/#primaryimage"},"thumbnailUrl":"https:\/\/dev.freakuence.nl\/wp-content\/uploads\/2025\/09\/1757327570-IMG7982-scaled.jpg","datePublished":"2025-09-08T10:33:43+00:00","dateModified":"2026-03-20T06:23:05+00:00","breadcrumb":{"@id":"https:\/\/dev.freakuence.nl\/fr\/produit\/spendor-ds1\/#breadcrumb"},"inLanguage":"fr-FR","potentialAction":[{"@type":"ReadAction","target":["https:\/\/dev.freakuence.nl\/fr\/produit\/spendor-ds1\/"]}]},{"@type":"ImageObject","inLanguage":"fr-FR","@id":"https:\/\/dev.freakuence.nl\/fr\/produit\/spendor-ds1\/#primaryimage","url":"https:\/\/dev.freakuence.nl\/wp-content\/uploads\/2025\/09\/1757327570-IMG7982-scaled.jpg","contentUrl":"https:\/\/dev.freakuence.nl\/wp-content\/uploads\/2025\/09\/1757327570-IMG7982-scaled.jpg","width":1800,"height":1200},{"@type":"BreadcrumbList","@id":"https:\/\/dev.freakuence.nl\/fr\/produit\/spendor-ds1\/#breadcrumb","itemListElement":[{"@type":"ListItem","position":1,"name":"Accueil","item":"https:\/\/dev.freakuence.nl\/fr\/"},{"@type":"ListItem","position":2,"name":"Products","item":"https:\/\/dev.freakuence.nl\/en\/products\/"},{"@type":"ListItem","position":3,"name":"Spendor DS1"}]},{"@type":"WebSite","@id":"https:\/\/dev.freakuence.nl\/fr\/#website","url":"https:\/\/dev.freakuence.nl\/fr\/","name":"Freakuence!","description":"Freakuence!","alternateName":"Freakuence","potentialAction":[{"@type":"SearchAction","target":{"@type":"EntryPoint","urlTemplate":"https:\/\/dev.freakuence.nl\/fr\/?s={search_term_string}"},"query-input":{"@type":"PropertyValueSpecification","valueRequired":true,"valueName":"search_term_string"}}],"inLanguage":"fr-FR"}]}},"_links":{"self":[{"href":"https:\/\/dev.freakuence.nl\/fr\/wp-json\/wp\/v2\/product\/307841","targetHints":{"allow":["GET"]}}],"collection":[{"href":"https:\/\/dev.freakuence.nl\/fr\/wp-json\/wp\/v2\/product"}],"about":[{"href":"https:\/\/dev.freakuence.nl\/fr\/wp-json\/wp\/v2\/types\/product"}],"version-history":[{"count":0,"href":"https:\/\/dev.freakuence.nl\/fr\/wp-json\/wp\/v2\/product\/307841\/revisions"}],"wp:featuredmedia":[{"embeddable":true,"href":"https:\/\/dev.freakuence.nl\/fr\/wp-json\/wp\/v2\/media\/307849"}],"wp:attachment":[{"href":"https:\/\/dev.freakuence.nl\/fr\/wp-json\/wp\/v2\/media?parent=307841"}],"wp:term":[{"taxonomy":"product_brand","embeddable":true,"href":"https:\/\/dev.freakuence.nl\/fr\/wp-json\/wp\/v2\/product_brand?post=307841"},{"taxonomy":"product_cat","embeddable":true,"href":"https:\/\/dev.freakuence.nl\/fr\/wp-json\/wp\/v2\/product_cat?post=307841"},{"taxonomy":"product_tag","embeddable":true,"href":"https:\/\/dev.freakuence.nl\/fr\/wp-json\/wp\/v2\/product_tag?post=307841"}],"curies":[{"name":"wp","href":"https:\/\/api.w.org\/{rel}","templated":true}]}}