{"id":307903,"date":"2025-08-06T11:00:36","date_gmt":"2025-08-06T09:00:36","guid":{"rendered":"https:\/\/dev.freakuence.nl\/product\/hegel-p30a\/"},"modified":"2026-03-20T07:22:41","modified_gmt":"2026-03-20T06:22:41","slug":"hegel-p30a","status":"publish","type":"product","link":"https:\/\/dev.freakuence.nl\/fr\/produit\/hegel-p30a\/","title":{"rendered":"Hegel P30A"},"content":{"rendered":"<div class=\"product-specifications-list\">\n<div class=\"specification-item row-even\"><span class=\"spec-content\"><strong>Description Freakuence !<\/strong><\/span><\/div>\n<div class=\"specification-item row-odd\"><span class=\"spec-content\"><\/p>\n<p>Pr\u00e9amplificateur puissant et clair. Belle s\u00e9paration, image claire. <\/p>\n<p><\/span><\/div>\n<div class=\"specification-item row-even\"><span class=\"spec-content\"><strong>D\u00e9tails<\/strong><\/span><\/div>\n<div class=\"specification-item row-odd\"><span class=\"spec-content\"><\/p>\n<p>Le prix inclut la TVA. Entrepreneurs, profitez-en. <\/p>\n<p><\/span><\/div>\n<div class=\"specification-item row-even\"><span class=\"spec-content\">Prix de vente : 7995.00<\/span><\/div>\n<div class=\"specification-item row-odd\"><span class=\"spec-content\"><strong>Description g\u00e9n\u00e9rale<\/strong><\/span><\/div>\n<div class=\"specification-item row-even\"><span class=\"spec-content\"><\/p>\n<p>Le pr\u00e9ampli est enti\u00e8rement \u00e9quilibr\u00e9, avec deux amplificateurs s\u00e9par\u00e9s, des commandes de volume et des modules SoundEngine par canal. Cette conception minimise la distorsion et garantit une transmission fid\u00e8le du signal. L&rsquo;appareil dispose de deux entr\u00e9es sym\u00e9triques (XLR) et de trois entr\u00e9es asym\u00e9triques (RCA), ainsi que d&rsquo;une entr\u00e9e Home Theatre \u00e0 niveau fixe pour l&rsquo;int\u00e9gration dans un syst\u00e8me de home cin\u00e9ma. En sortie, vous disposez d&rsquo;une sortie sym\u00e9trique (XLR) et de deux sorties asym\u00e9triques (RCA) variables, qui peuvent \u00eatre utilis\u00e9es simultan\u00e9ment. L&rsquo;une des sorties asym\u00e9triques peut \u00eatre d\u00e9finie comme sortie fixe. Avec un rapport signal\/bruit de plus de 130 dB et une distorsion inf\u00e9rieure \u00e0 0,005%, l&rsquo;appareil offre un traitement des signaux propre et pr\u00e9cis. Il utilise la technologie brevet\u00e9e SoundEngine de Hegel, qui surveille activement le signal musical et corrige la distorsion d&rsquo;intermodulation gr\u00e2ce \u00e0 une conception de type feedforward.      <\/p>\n<p><\/span><\/div>\n<div class=\"specification-item row-odd\"><span class=\"spec-content\"><strong>Histoire de la marque<\/strong><\/span><\/div>\n<div class=\"specification-item row-even\"><span class=\"spec-content\"><\/p>\n<p>Hegel a \u00e9t\u00e9 fond\u00e9e en Norv\u00e8ge \u00e0 la fin des ann\u00e9es 1980 par Bent Holter. Dans le cadre de son projet de fin d&rsquo;\u00e9tudes \u00e0 l&rsquo;universit\u00e9 de technologie de Trondheim, il a mis au point une solution pour r\u00e9duire la distorsion dans les amplificateurs \u00e0 transistors. C&rsquo;est ainsi qu&rsquo;est n\u00e9e la technologie qui sera plus tard connue sous le nom de SoundEngine. En 1988, le nom Hegel a \u00e9t\u00e9 utilis\u00e9 pour la premi\u00e8re fois pour un amplificateur. Dans les ann\u00e9es 1990, l&rsquo;entreprise a lanc\u00e9 plusieurs lecteurs de CD et amplificateurs. En 1996, le premier amplificateur enti\u00e8rement sym\u00e9trique a \u00e9t\u00e9 introduit. Vers 2004, la marque a commenc\u00e9 \u00e0 d\u00e9velopper des convertisseurs DA. Plus tard, les produits ont \u00e9t\u00e9 \u00e9quip\u00e9s de capacit\u00e9s de mise en r\u00e9seau pour prendre en charge la lecture de musique num\u00e9rique. Hegel commercialise exclusivement ses propres produits \u00e9lectroniques, en d\u00e9veloppant elle-m\u00eame la conception des circuits et les logiciels n\u00e9cessaires. L&rsquo;entreprise assure la distribution internationale de ses produits depuis la Norv\u00e8ge.         <\/p>\n<p><\/span><\/div>\n<\/div>\n","protected":false},"excerpt":{"rendered":"<p>Description Freakuence ! Pr\u00e9amplificateur puissant et clair. Belle s\u00e9paration, image claire. D\u00e9tails Le prix inclut la TVA. Entrepreneurs, profitez-en. Prix de vente : 7995.00 Description g\u00e9n\u00e9rale Le pr\u00e9ampli est enti\u00e8rement \u00e9quilibr\u00e9, avec deux amplificateurs s\u00e9par\u00e9s, des commandes de volume et des modules SoundEngine par canal. Cette conception minimise la distorsion et garantit une transmission fid\u00e8le [&hellip;]<\/p>\n","protected":false},"featured_media":307904,"template":"","meta":{"_acf_changed":false,"inline_featured_image":false},"product_brand":[],"product_cat":[558],"product_tag":[575],"class_list":{"0":"post-307903","1":"product","2":"type-product","3":"status-publish","4":"has-post-thumbnail","6":"product_cat-amplificateurs","7":"product_tag-freakdemo","9":"first","10":"instock","11":"purchasable","12":"product-type-simple"},"acf":[],"yoast_head":"<!-- This site is optimized with the Yoast SEO plugin v25.9 - https:\/\/yoast.com\/wordpress\/plugins\/seo\/ -->\n<title>Hegel P30A | Freakuence!<\/title>\n<meta name=\"robots\" content=\"noindex, follow, max-snippet:-1, max-image-preview:large, max-video-preview:-1\" \/>\n<meta property=\"og:locale\" content=\"fr_FR\" \/>\n<meta property=\"og:type\" content=\"article\" \/>\n<meta property=\"og:title\" content=\"Hegel P30A | Freakuence!\" \/>\n<meta property=\"og:description\" content=\"Description Freakuence ! Pr\u00e9amplificateur puissant et clair. Belle s\u00e9paration, image claire. D\u00e9tails Le prix inclut la TVA. Entrepreneurs, profitez-en. Prix de vente : 7995.00 Description g\u00e9n\u00e9rale Le pr\u00e9ampli est enti\u00e8rement \u00e9quilibr\u00e9, avec deux amplificateurs s\u00e9par\u00e9s, des commandes de volume et des modules SoundEngine par canal. Cette conception minimise la distorsion et garantit une transmission fid\u00e8le [&hellip;]\" \/>\n<meta property=\"og:url\" content=\"https:\/\/dev.freakuence.nl\/fr\/produit\/hegel-p30a\/\" \/>\n<meta property=\"og:site_name\" content=\"Freakuence!\" \/>\n<meta property=\"article:modified_time\" content=\"2026-03-20T06:22:41+00:00\" \/>\n<meta property=\"og:image\" content=\"https:\/\/dev.freakuence.nl\/wp-content\/uploads\/2025\/09\/1754318844-IMG7384-scaled.jpg\" \/>\n\t<meta property=\"og:image:width\" content=\"1800\" \/>\n\t<meta property=\"og:image:height\" content=\"1200\" \/>\n\t<meta property=\"og:image:type\" content=\"image\/jpeg\" \/>\n<meta name=\"twitter:card\" content=\"summary_large_image\" \/>\n<script type=\"application\/ld+json\" class=\"yoast-schema-graph\">{\"@context\":\"https:\/\/schema.org\",\"@graph\":[{\"@type\":\"WebPage\",\"@id\":\"https:\/\/dev.freakuence.nl\/fr\/produit\/hegel-p30a\/\",\"url\":\"https:\/\/dev.freakuence.nl\/fr\/produit\/hegel-p30a\/\",\"name\":\"Hegel P30A | Freakuence!\",\"isPartOf\":{\"@id\":\"https:\/\/dev.freakuence.nl\/fr\/#website\"},\"primaryImageOfPage\":{\"@id\":\"https:\/\/dev.freakuence.nl\/fr\/produit\/hegel-p30a\/#primaryimage\"},\"image\":{\"@id\":\"https:\/\/dev.freakuence.nl\/fr\/produit\/hegel-p30a\/#primaryimage\"},\"thumbnailUrl\":\"https:\/\/dev.freakuence.nl\/wp-content\/uploads\/2025\/09\/1754318844-IMG7384-scaled.jpg\",\"datePublished\":\"2025-08-06T09:00:36+00:00\",\"dateModified\":\"2026-03-20T06:22:41+00:00\",\"breadcrumb\":{\"@id\":\"https:\/\/dev.freakuence.nl\/fr\/produit\/hegel-p30a\/#breadcrumb\"},\"inLanguage\":\"fr-FR\",\"potentialAction\":[{\"@type\":\"ReadAction\",\"target\":[\"https:\/\/dev.freakuence.nl\/fr\/produit\/hegel-p30a\/\"]}]},{\"@type\":\"ImageObject\",\"inLanguage\":\"fr-FR\",\"@id\":\"https:\/\/dev.freakuence.nl\/fr\/produit\/hegel-p30a\/#primaryimage\",\"url\":\"https:\/\/dev.freakuence.nl\/wp-content\/uploads\/2025\/09\/1754318844-IMG7384-scaled.jpg\",\"contentUrl\":\"https:\/\/dev.freakuence.nl\/wp-content\/uploads\/2025\/09\/1754318844-IMG7384-scaled.jpg\",\"width\":1800,\"height\":1200},{\"@type\":\"BreadcrumbList\",\"@id\":\"https:\/\/dev.freakuence.nl\/fr\/produit\/hegel-p30a\/#breadcrumb\",\"itemListElement\":[{\"@type\":\"ListItem\",\"position\":1,\"name\":\"Accueil\",\"item\":\"https:\/\/dev.freakuence.nl\/fr\/\"},{\"@type\":\"ListItem\",\"position\":2,\"name\":\"Products\",\"item\":\"https:\/\/dev.freakuence.nl\/en\/products\/\"},{\"@type\":\"ListItem\",\"position\":3,\"name\":\"Hegel P30A\"}]},{\"@type\":\"WebSite\",\"@id\":\"https:\/\/dev.freakuence.nl\/fr\/#website\",\"url\":\"https:\/\/dev.freakuence.nl\/fr\/\",\"name\":\"Freakuence!\",\"description\":\"Freakuence!\",\"alternateName\":\"Freakuence\",\"potentialAction\":[{\"@type\":\"SearchAction\",\"target\":{\"@type\":\"EntryPoint\",\"urlTemplate\":\"https:\/\/dev.freakuence.nl\/fr\/?s={search_term_string}\"},\"query-input\":{\"@type\":\"PropertyValueSpecification\",\"valueRequired\":true,\"valueName\":\"search_term_string\"}}],\"inLanguage\":\"fr-FR\"}]}<\/script>\n<!-- \/ Yoast SEO plugin. -->","yoast_head_json":{"title":"Hegel P30A | Freakuence!","robots":{"index":"noindex","follow":"follow","max-snippet":"max-snippet:-1","max-image-preview":"max-image-preview:large","max-video-preview":"max-video-preview:-1"},"og_locale":"fr_FR","og_type":"article","og_title":"Hegel P30A | Freakuence!","og_description":"Description Freakuence ! Pr\u00e9amplificateur puissant et clair. Belle s\u00e9paration, image claire. D\u00e9tails Le prix inclut la TVA. Entrepreneurs, profitez-en. Prix de vente : 7995.00 Description g\u00e9n\u00e9rale Le pr\u00e9ampli est enti\u00e8rement \u00e9quilibr\u00e9, avec deux amplificateurs s\u00e9par\u00e9s, des commandes de volume et des modules SoundEngine par canal. Cette conception minimise la distorsion et garantit une transmission fid\u00e8le [&hellip;]","og_url":"https:\/\/dev.freakuence.nl\/fr\/produit\/hegel-p30a\/","og_site_name":"Freakuence!","article_modified_time":"2026-03-20T06:22:41+00:00","og_image":[{"width":1800,"height":1200,"url":"https:\/\/dev.freakuence.nl\/wp-content\/uploads\/2025\/09\/1754318844-IMG7384-scaled.jpg","type":"image\/jpeg"}],"twitter_card":"summary_large_image","schema":{"@context":"https:\/\/schema.org","@graph":[{"@type":"WebPage","@id":"https:\/\/dev.freakuence.nl\/fr\/produit\/hegel-p30a\/","url":"https:\/\/dev.freakuence.nl\/fr\/produit\/hegel-p30a\/","name":"Hegel P30A | Freakuence!","isPartOf":{"@id":"https:\/\/dev.freakuence.nl\/fr\/#website"},"primaryImageOfPage":{"@id":"https:\/\/dev.freakuence.nl\/fr\/produit\/hegel-p30a\/#primaryimage"},"image":{"@id":"https:\/\/dev.freakuence.nl\/fr\/produit\/hegel-p30a\/#primaryimage"},"thumbnailUrl":"https:\/\/dev.freakuence.nl\/wp-content\/uploads\/2025\/09\/1754318844-IMG7384-scaled.jpg","datePublished":"2025-08-06T09:00:36+00:00","dateModified":"2026-03-20T06:22:41+00:00","breadcrumb":{"@id":"https:\/\/dev.freakuence.nl\/fr\/produit\/hegel-p30a\/#breadcrumb"},"inLanguage":"fr-FR","potentialAction":[{"@type":"ReadAction","target":["https:\/\/dev.freakuence.nl\/fr\/produit\/hegel-p30a\/"]}]},{"@type":"ImageObject","inLanguage":"fr-FR","@id":"https:\/\/dev.freakuence.nl\/fr\/produit\/hegel-p30a\/#primaryimage","url":"https:\/\/dev.freakuence.nl\/wp-content\/uploads\/2025\/09\/1754318844-IMG7384-scaled.jpg","contentUrl":"https:\/\/dev.freakuence.nl\/wp-content\/uploads\/2025\/09\/1754318844-IMG7384-scaled.jpg","width":1800,"height":1200},{"@type":"BreadcrumbList","@id":"https:\/\/dev.freakuence.nl\/fr\/produit\/hegel-p30a\/#breadcrumb","itemListElement":[{"@type":"ListItem","position":1,"name":"Accueil","item":"https:\/\/dev.freakuence.nl\/fr\/"},{"@type":"ListItem","position":2,"name":"Products","item":"https:\/\/dev.freakuence.nl\/en\/products\/"},{"@type":"ListItem","position":3,"name":"Hegel P30A"}]},{"@type":"WebSite","@id":"https:\/\/dev.freakuence.nl\/fr\/#website","url":"https:\/\/dev.freakuence.nl\/fr\/","name":"Freakuence!","description":"Freakuence!","alternateName":"Freakuence","potentialAction":[{"@type":"SearchAction","target":{"@type":"EntryPoint","urlTemplate":"https:\/\/dev.freakuence.nl\/fr\/?s={search_term_string}"},"query-input":{"@type":"PropertyValueSpecification","valueRequired":true,"valueName":"search_term_string"}}],"inLanguage":"fr-FR"}]}},"_links":{"self":[{"href":"https:\/\/dev.freakuence.nl\/fr\/wp-json\/wp\/v2\/product\/307903","targetHints":{"allow":["GET"]}}],"collection":[{"href":"https:\/\/dev.freakuence.nl\/fr\/wp-json\/wp\/v2\/product"}],"about":[{"href":"https:\/\/dev.freakuence.nl\/fr\/wp-json\/wp\/v2\/types\/product"}],"version-history":[{"count":0,"href":"https:\/\/dev.freakuence.nl\/fr\/wp-json\/wp\/v2\/product\/307903\/revisions"}],"wp:featuredmedia":[{"embeddable":true,"href":"https:\/\/dev.freakuence.nl\/fr\/wp-json\/wp\/v2\/media\/307904"}],"wp:attachment":[{"href":"https:\/\/dev.freakuence.nl\/fr\/wp-json\/wp\/v2\/media?parent=307903"}],"wp:term":[{"taxonomy":"product_brand","embeddable":true,"href":"https:\/\/dev.freakuence.nl\/fr\/wp-json\/wp\/v2\/product_brand?post=307903"},{"taxonomy":"product_cat","embeddable":true,"href":"https:\/\/dev.freakuence.nl\/fr\/wp-json\/wp\/v2\/product_cat?post=307903"},{"taxonomy":"product_tag","embeddable":true,"href":"https:\/\/dev.freakuence.nl\/fr\/wp-json\/wp\/v2\/product_tag?post=307903"}],"curies":[{"name":"wp","href":"https:\/\/api.w.org\/{rel}","templated":true}]}}