{"id":308468,"date":"2025-08-06T12:33:08","date_gmt":"2025-08-06T10:33:08","guid":{"rendered":"https:\/\/dev.freakuence.nl\/product\/bel-canto-seti40\/"},"modified":"2026-04-11T04:09:22","modified_gmt":"2026-04-11T02:09:22","slug":"bel-canto-seti40","status":"publish","type":"product","link":"https:\/\/dev.freakuence.nl\/fr\/produit\/bel-canto-seti40\/","title":{"rendered":"Bel Canto SETi40"},"content":{"rendered":"<div class=\"product-specifications-list\">\n<div class=\"specification-item row-even\"><span class=\"spec-content\"><strong>Description Freakuence !<\/strong><\/span><\/div>\n<div class=\"specification-item row-odd\"><span class=\"spec-content\"><\/p>\n<p>Une sortie propre (\u00ab\u00a0tube airy\u00a0\u00bb) et \u00e9quilibr\u00e9e avec un excellent contr\u00f4le des basses fr\u00e9quences et une grande pr\u00e9cision dans les m\u00e9diums. Les distorsions dans les hautes fr\u00e9quences restent minimes. <\/p>\n<p><\/span><\/div>\n<div class=\"specification-item row-even\"><span class=\"spec-content\"><strong>D\u00e9tails<\/strong><\/span><\/div>\n<div class=\"specification-item row-odd\"><span class=\"spec-content\"><\/p>\n<p>Avec des tubes neufs.<\/p>\n<p><\/span><\/div>\n<div class=\"specification-item row-even\"><span class=\"spec-content\"><strong>Histoire de la marque<\/strong><\/span><\/div>\n<div class=\"specification-item row-odd\"><span class=\"spec-content\"><\/p>\n<p>Bel Canto a \u00e9t\u00e9 fond\u00e9 en 1991 par John Stronczer \u00e0 Minneapolis, dans le Minnesota. L&rsquo;entreprise est sp\u00e9cialis\u00e9e dans le d\u00e9veloppement de syst\u00e8mes \u00e9lectroniques de haute qualit\u00e9, ax\u00e9s sur la pr\u00e9cision et la fiabilit\u00e9. Tous les produits sont con\u00e7us et fabriqu\u00e9s dans les installations de Minneapolis, \u00e0 l&rsquo;aide de technologies de pointe et de mat\u00e9riaux de haute qualit\u00e9. Au fil des ans, Bel Canto s&rsquo;est attach\u00e9 \u00e0 perfectionner les techniques num\u00e9riques et analogiques afin d&rsquo;obtenir des r\u00e9sultats sonores optimaux.   <\/p>\n<p><\/span><\/div>\n<\/div>\n","protected":false},"excerpt":{"rendered":"<p>Description Freakuence ! Une sortie propre (\u00ab\u00a0tube airy\u00a0\u00bb) et \u00e9quilibr\u00e9e avec un excellent contr\u00f4le des basses fr\u00e9quences et une grande pr\u00e9cision dans les m\u00e9diums. Les distorsions dans les hautes fr\u00e9quences restent minimes. D\u00e9tails Avec des tubes neufs. Histoire de la marque Bel Canto a \u00e9t\u00e9 fond\u00e9 en 1991 par John Stronczer \u00e0 Minneapolis, dans le [&hellip;]<\/p>\n","protected":false},"featured_media":308469,"template":"","meta":{"_acf_changed":false,"inline_featured_image":false},"product_brand":[],"product_cat":[558,583,719],"product_tag":[554],"class_list":{"0":"post-308468","1":"product","2":"type-product","3":"status-publish","4":"has-post-thumbnail","6":"product_cat-amplificateurs","7":"product_cat-amplificateurs-a-tubes","8":"product_cat-cables-et-connecteurs","9":"product_tag-used","10":"pa_kleur-marron","12":"first","13":"instock","14":"purchasable","15":"product-type-simple"},"acf":[],"yoast_head":"<!-- This site is optimized with the Yoast SEO plugin v25.9 - https:\/\/yoast.com\/wordpress\/plugins\/seo\/ -->\n<title>Bel Canto SETi40 | Freakuence!<\/title>\n<meta name=\"robots\" content=\"noindex, follow, max-snippet:-1, max-image-preview:large, max-video-preview:-1\" \/>\n<meta property=\"og:locale\" content=\"fr_FR\" \/>\n<meta property=\"og:type\" content=\"article\" \/>\n<meta property=\"og:title\" content=\"Bel Canto SETi40 | Freakuence!\" \/>\n<meta property=\"og:description\" content=\"Description Freakuence ! Une sortie propre (\u00ab\u00a0tube airy\u00a0\u00bb) et \u00e9quilibr\u00e9e avec un excellent contr\u00f4le des basses fr\u00e9quences et une grande pr\u00e9cision dans les m\u00e9diums. Les distorsions dans les hautes fr\u00e9quences restent minimes. D\u00e9tails Avec des tubes neufs. Histoire de la marque Bel Canto a \u00e9t\u00e9 fond\u00e9 en 1991 par John Stronczer \u00e0 Minneapolis, dans le [&hellip;]\" \/>\n<meta property=\"og:url\" content=\"https:\/\/dev.freakuence.nl\/fr\/produit\/bel-canto-seti40\/\" \/>\n<meta property=\"og:site_name\" content=\"Freakuence!\" \/>\n<meta property=\"article:modified_time\" content=\"2026-04-11T02:09:22+00:00\" \/>\n<meta property=\"og:image\" content=\"https:\/\/dev.freakuence.nl\/wp-content\/uploads\/2025\/09\/1754307669-IMG7080-scaled.jpg\" \/>\n\t<meta property=\"og:image:width\" content=\"1800\" \/>\n\t<meta property=\"og:image:height\" content=\"1200\" \/>\n\t<meta property=\"og:image:type\" content=\"image\/jpeg\" \/>\n<meta name=\"twitter:card\" content=\"summary_large_image\" \/>\n<script type=\"application\/ld+json\" class=\"yoast-schema-graph\">{\"@context\":\"https:\/\/schema.org\",\"@graph\":[{\"@type\":\"WebPage\",\"@id\":\"https:\/\/dev.freakuence.nl\/fr\/produit\/bel-canto-seti40\/\",\"url\":\"https:\/\/dev.freakuence.nl\/fr\/produit\/bel-canto-seti40\/\",\"name\":\"Bel Canto SETi40 | Freakuence!\",\"isPartOf\":{\"@id\":\"https:\/\/dev.freakuence.nl\/fr\/#website\"},\"primaryImageOfPage\":{\"@id\":\"https:\/\/dev.freakuence.nl\/fr\/produit\/bel-canto-seti40\/#primaryimage\"},\"image\":{\"@id\":\"https:\/\/dev.freakuence.nl\/fr\/produit\/bel-canto-seti40\/#primaryimage\"},\"thumbnailUrl\":\"https:\/\/dev.freakuence.nl\/wp-content\/uploads\/2025\/09\/1754307669-IMG7080-scaled.jpg\",\"datePublished\":\"2025-08-06T10:33:08+00:00\",\"dateModified\":\"2026-04-11T02:09:22+00:00\",\"breadcrumb\":{\"@id\":\"https:\/\/dev.freakuence.nl\/fr\/produit\/bel-canto-seti40\/#breadcrumb\"},\"inLanguage\":\"fr-FR\",\"potentialAction\":[{\"@type\":\"ReadAction\",\"target\":[\"https:\/\/dev.freakuence.nl\/fr\/produit\/bel-canto-seti40\/\"]}]},{\"@type\":\"ImageObject\",\"inLanguage\":\"fr-FR\",\"@id\":\"https:\/\/dev.freakuence.nl\/fr\/produit\/bel-canto-seti40\/#primaryimage\",\"url\":\"https:\/\/dev.freakuence.nl\/wp-content\/uploads\/2025\/09\/1754307669-IMG7080-scaled.jpg\",\"contentUrl\":\"https:\/\/dev.freakuence.nl\/wp-content\/uploads\/2025\/09\/1754307669-IMG7080-scaled.jpg\",\"width\":1800,\"height\":1200},{\"@type\":\"BreadcrumbList\",\"@id\":\"https:\/\/dev.freakuence.nl\/fr\/produit\/bel-canto-seti40\/#breadcrumb\",\"itemListElement\":[{\"@type\":\"ListItem\",\"position\":1,\"name\":\"Accueil\",\"item\":\"https:\/\/dev.freakuence.nl\/fr\/\"},{\"@type\":\"ListItem\",\"position\":2,\"name\":\"Products\",\"item\":\"https:\/\/dev.freakuence.nl\/en\/products\/\"},{\"@type\":\"ListItem\",\"position\":3,\"name\":\"Bel Canto SETi40\"}]},{\"@type\":\"WebSite\",\"@id\":\"https:\/\/dev.freakuence.nl\/fr\/#website\",\"url\":\"https:\/\/dev.freakuence.nl\/fr\/\",\"name\":\"Freakuence!\",\"description\":\"Freakuence!\",\"alternateName\":\"Freakuence\",\"potentialAction\":[{\"@type\":\"SearchAction\",\"target\":{\"@type\":\"EntryPoint\",\"urlTemplate\":\"https:\/\/dev.freakuence.nl\/fr\/?s={search_term_string}\"},\"query-input\":{\"@type\":\"PropertyValueSpecification\",\"valueRequired\":true,\"valueName\":\"search_term_string\"}}],\"inLanguage\":\"fr-FR\"}]}<\/script>\n<!-- \/ Yoast SEO plugin. -->","yoast_head_json":{"title":"Bel Canto SETi40 | Freakuence!","robots":{"index":"noindex","follow":"follow","max-snippet":"max-snippet:-1","max-image-preview":"max-image-preview:large","max-video-preview":"max-video-preview:-1"},"og_locale":"fr_FR","og_type":"article","og_title":"Bel Canto SETi40 | Freakuence!","og_description":"Description Freakuence ! Une sortie propre (\u00ab\u00a0tube airy\u00a0\u00bb) et \u00e9quilibr\u00e9e avec un excellent contr\u00f4le des basses fr\u00e9quences et une grande pr\u00e9cision dans les m\u00e9diums. Les distorsions dans les hautes fr\u00e9quences restent minimes. D\u00e9tails Avec des tubes neufs. Histoire de la marque Bel Canto a \u00e9t\u00e9 fond\u00e9 en 1991 par John Stronczer \u00e0 Minneapolis, dans le [&hellip;]","og_url":"https:\/\/dev.freakuence.nl\/fr\/produit\/bel-canto-seti40\/","og_site_name":"Freakuence!","article_modified_time":"2026-04-11T02:09:22+00:00","og_image":[{"width":1800,"height":1200,"url":"https:\/\/dev.freakuence.nl\/wp-content\/uploads\/2025\/09\/1754307669-IMG7080-scaled.jpg","type":"image\/jpeg"}],"twitter_card":"summary_large_image","schema":{"@context":"https:\/\/schema.org","@graph":[{"@type":"WebPage","@id":"https:\/\/dev.freakuence.nl\/fr\/produit\/bel-canto-seti40\/","url":"https:\/\/dev.freakuence.nl\/fr\/produit\/bel-canto-seti40\/","name":"Bel Canto SETi40 | Freakuence!","isPartOf":{"@id":"https:\/\/dev.freakuence.nl\/fr\/#website"},"primaryImageOfPage":{"@id":"https:\/\/dev.freakuence.nl\/fr\/produit\/bel-canto-seti40\/#primaryimage"},"image":{"@id":"https:\/\/dev.freakuence.nl\/fr\/produit\/bel-canto-seti40\/#primaryimage"},"thumbnailUrl":"https:\/\/dev.freakuence.nl\/wp-content\/uploads\/2025\/09\/1754307669-IMG7080-scaled.jpg","datePublished":"2025-08-06T10:33:08+00:00","dateModified":"2026-04-11T02:09:22+00:00","breadcrumb":{"@id":"https:\/\/dev.freakuence.nl\/fr\/produit\/bel-canto-seti40\/#breadcrumb"},"inLanguage":"fr-FR","potentialAction":[{"@type":"ReadAction","target":["https:\/\/dev.freakuence.nl\/fr\/produit\/bel-canto-seti40\/"]}]},{"@type":"ImageObject","inLanguage":"fr-FR","@id":"https:\/\/dev.freakuence.nl\/fr\/produit\/bel-canto-seti40\/#primaryimage","url":"https:\/\/dev.freakuence.nl\/wp-content\/uploads\/2025\/09\/1754307669-IMG7080-scaled.jpg","contentUrl":"https:\/\/dev.freakuence.nl\/wp-content\/uploads\/2025\/09\/1754307669-IMG7080-scaled.jpg","width":1800,"height":1200},{"@type":"BreadcrumbList","@id":"https:\/\/dev.freakuence.nl\/fr\/produit\/bel-canto-seti40\/#breadcrumb","itemListElement":[{"@type":"ListItem","position":1,"name":"Accueil","item":"https:\/\/dev.freakuence.nl\/fr\/"},{"@type":"ListItem","position":2,"name":"Products","item":"https:\/\/dev.freakuence.nl\/en\/products\/"},{"@type":"ListItem","position":3,"name":"Bel Canto SETi40"}]},{"@type":"WebSite","@id":"https:\/\/dev.freakuence.nl\/fr\/#website","url":"https:\/\/dev.freakuence.nl\/fr\/","name":"Freakuence!","description":"Freakuence!","alternateName":"Freakuence","potentialAction":[{"@type":"SearchAction","target":{"@type":"EntryPoint","urlTemplate":"https:\/\/dev.freakuence.nl\/fr\/?s={search_term_string}"},"query-input":{"@type":"PropertyValueSpecification","valueRequired":true,"valueName":"search_term_string"}}],"inLanguage":"fr-FR"}]}},"_links":{"self":[{"href":"https:\/\/dev.freakuence.nl\/fr\/wp-json\/wp\/v2\/product\/308468","targetHints":{"allow":["GET"]}}],"collection":[{"href":"https:\/\/dev.freakuence.nl\/fr\/wp-json\/wp\/v2\/product"}],"about":[{"href":"https:\/\/dev.freakuence.nl\/fr\/wp-json\/wp\/v2\/types\/product"}],"version-history":[{"count":1,"href":"https:\/\/dev.freakuence.nl\/fr\/wp-json\/wp\/v2\/product\/308468\/revisions"}],"predecessor-version":[{"id":318164,"href":"https:\/\/dev.freakuence.nl\/fr\/wp-json\/wp\/v2\/product\/308468\/revisions\/318164"}],"wp:featuredmedia":[{"embeddable":true,"href":"https:\/\/dev.freakuence.nl\/fr\/wp-json\/wp\/v2\/media\/308469"}],"wp:attachment":[{"href":"https:\/\/dev.freakuence.nl\/fr\/wp-json\/wp\/v2\/media?parent=308468"}],"wp:term":[{"taxonomy":"product_brand","embeddable":true,"href":"https:\/\/dev.freakuence.nl\/fr\/wp-json\/wp\/v2\/product_brand?post=308468"},{"taxonomy":"product_cat","embeddable":true,"href":"https:\/\/dev.freakuence.nl\/fr\/wp-json\/wp\/v2\/product_cat?post=308468"},{"taxonomy":"product_tag","embeddable":true,"href":"https:\/\/dev.freakuence.nl\/fr\/wp-json\/wp\/v2\/product_tag?post=308468"}],"curies":[{"name":"wp","href":"https:\/\/api.w.org\/{rel}","templated":true}]}}