{"id":308525,"date":"2025-08-06T12:13:44","date_gmt":"2025-08-06T10:13:44","guid":{"rendered":"https:\/\/dev.freakuence.nl\/product\/monitor-audio-gold-500-6g\/"},"modified":"2026-03-20T07:24:49","modified_gmt":"2026-03-20T06:24:49","slug":"monitor-audio-gold-500-6g","status":"publish","type":"product","link":"https:\/\/dev.freakuence.nl\/fr\/produit\/monitor-audio-gold-500-6g\/","title":{"rendered":"Monitor Audio Gold 500 6G"},"content":{"rendered":"<div class=\"product-specifications-list\">\n<div class=\"specification-item row-even\"><span class=\"spec-content\"><strong>Description Freakuence !<\/strong><\/span><\/div>\n<div class=\"specification-item row-odd\"><span class=\"spec-content\"><\/p>\n<p>Cette sixi\u00e8me g\u00e9n\u00e9ration d&rsquo;enceintes Gold de Monitor Audio (6G) est dot\u00e9e de crossovers et d&rsquo;un c\u00e2blage interne consid\u00e9rablement am\u00e9lior\u00e9s, ce qui leur permet de jouer avec plus de pr\u00e9cision que leurs pr\u00e9d\u00e9cesseurs, que nous avons appr\u00e9ci\u00e9s dans notre magasin pendant des ann\u00e9es. Monitor Audio joue proprement, avec un grand soutien dans les basses fr\u00e9quences, de sorte qu&rsquo;il ne sonnera jamais froid. <\/p>\n<p><\/span><\/div>\n<div class=\"specification-item row-even\"><span class=\"spec-content\"><strong>D\u00e9tails<\/strong><\/span><\/div>\n<div class=\"specification-item row-odd\"><span class=\"spec-content\">Prix de vente au d\u00e9tail : 6500.00<\/span><\/div>\n<div class=\"specification-item row-even\"><span class=\"spec-content\"><strong>Description g\u00e9n\u00e9rale<\/strong><\/span><\/div>\n<div class=\"specification-item row-odd\"><span class=\"spec-content\"><\/p>\n<p>Cette enceinte a une configuration \u00e0 trois voix et est \u00e9quip\u00e9e d&rsquo;un tweeter MPD III, d&rsquo;un haut-parleur de m\u00e9dium de 3 pouces et de deux woofers de 8 pouces. La gamme de fr\u00e9quences s&rsquo;\u00e9tend de 25 Hz \u00e0 60 kHz dans une configuration de salon. La sensibilit\u00e9 est de 88,5 dB et l&rsquo;imp\u00e9dance est de 4 ohms. Ce mod\u00e8le est con\u00e7u pour des amplificateurs d&rsquo;une puissance comprise entre 130 et 600 watts. La conception des basses fr\u00e9quences utilise un port HiVe II accord\u00e9 \u00e0 33 Hz. Le bo\u00eetier est con\u00e7u avec des renforts internes pour des performances optimales. Les dimensions de chaque enceinte sont de 1155 x 383 x 475 mm, et le poids par enceinte est de 26,5 kg. Les fr\u00e9quences de passage des graves aux m\u00e9diums sont \u00e0 700 Hz, et des m\u00e9diums aux aigus \u00e0 2,6 kHz.       <\/p>\n<p><\/span><\/div>\n<div class=\"specification-item row-even\"><span class=\"spec-content\"><strong>Histoire de la marque<\/strong><\/span><\/div>\n<div class=\"specification-item row-odd\"><span class=\"spec-content\"><\/p>\n<p>Monitor Audio a \u00e9t\u00e9 fond\u00e9e en 1972 par Mo Iqbal dans une petite usine \u00e0 Teversham, pr\u00e8s de Cambridge, en Angleterre. Le premier haut-parleur produit par la soci\u00e9t\u00e9 fut le MA1, assembl\u00e9 \u00e0 la main par Iqbal et une petite \u00e9quipe d&rsquo;ing\u00e9nieurs. Au fil des ans, l&rsquo;entreprise a franchi plusieurs \u00e9tapes importantes, notamment l&rsquo;introduction de la s\u00e9rie Platinum en 2007. En 2016, Monitor Audio a \u00e9largi son portefeuille en acqu\u00e9rant Roksan, un fabricant d&rsquo;\u00e9quipements audio.   <\/p>\n<p><\/span><\/div>\n<\/div>\n","protected":false},"excerpt":{"rendered":"<p>Description Freakuence ! Cette sixi\u00e8me g\u00e9n\u00e9ration d&rsquo;enceintes Gold de Monitor Audio (6G) est dot\u00e9e de crossovers et d&rsquo;un c\u00e2blage interne consid\u00e9rablement am\u00e9lior\u00e9s, ce qui leur permet de jouer avec plus de pr\u00e9cision que leurs pr\u00e9d\u00e9cesseurs, que nous avons appr\u00e9ci\u00e9s dans notre magasin pendant des ann\u00e9es. Monitor Audio joue proprement, avec un grand soutien dans les [&hellip;]<\/p>\n","protected":false},"featured_media":308526,"template":"","meta":{"_acf_changed":false,"inline_featured_image":false},"product_brand":[],"product_cat":[551],"product_tag":[575],"class_list":{"0":"post-308525","1":"product","2":"type-product","3":"status-publish","4":"has-post-thumbnail","6":"product_cat-intervenants","7":"product_tag-freakdemo","8":"pa_kleur-noir","10":"first","11":"instock","12":"taxable","13":"shipping-taxable","14":"purchasable","15":"product-type-simple"},"acf":[],"yoast_head":"<!-- This site is optimized with the Yoast SEO plugin v25.9 - https:\/\/yoast.com\/wordpress\/plugins\/seo\/ -->\n<title>Monitor Audio Gold 500 6G | Freakuence!<\/title>\n<meta name=\"robots\" content=\"noindex, follow, max-snippet:-1, max-image-preview:large, max-video-preview:-1\" \/>\n<meta property=\"og:locale\" content=\"fr_FR\" \/>\n<meta property=\"og:type\" content=\"article\" \/>\n<meta property=\"og:title\" content=\"Monitor Audio Gold 500 6G | Freakuence!\" \/>\n<meta property=\"og:description\" content=\"Description Freakuence ! Cette sixi\u00e8me g\u00e9n\u00e9ration d&rsquo;enceintes Gold de Monitor Audio (6G) est dot\u00e9e de crossovers et d&rsquo;un c\u00e2blage interne consid\u00e9rablement am\u00e9lior\u00e9s, ce qui leur permet de jouer avec plus de pr\u00e9cision que leurs pr\u00e9d\u00e9cesseurs, que nous avons appr\u00e9ci\u00e9s dans notre magasin pendant des ann\u00e9es. Monitor Audio joue proprement, avec un grand soutien dans les [&hellip;]\" \/>\n<meta property=\"og:url\" content=\"https:\/\/dev.freakuence.nl\/fr\/produit\/monitor-audio-gold-500-6g\/\" \/>\n<meta property=\"og:site_name\" content=\"Freakuence!\" \/>\n<meta property=\"article:modified_time\" content=\"2026-03-20T06:24:49+00:00\" \/>\n<meta property=\"og:image\" content=\"https:\/\/dev.freakuence.nl\/wp-content\/uploads\/2025\/09\/1754299428-IMG7883-scaled.jpg\" \/>\n\t<meta property=\"og:image:width\" content=\"1200\" \/>\n\t<meta property=\"og:image:height\" content=\"1800\" \/>\n\t<meta property=\"og:image:type\" content=\"image\/jpeg\" \/>\n<meta name=\"twitter:card\" content=\"summary_large_image\" \/>\n<script type=\"application\/ld+json\" class=\"yoast-schema-graph\">{\"@context\":\"https:\/\/schema.org\",\"@graph\":[{\"@type\":\"WebPage\",\"@id\":\"https:\/\/dev.freakuence.nl\/fr\/produit\/monitor-audio-gold-500-6g\/\",\"url\":\"https:\/\/dev.freakuence.nl\/fr\/produit\/monitor-audio-gold-500-6g\/\",\"name\":\"Monitor Audio Gold 500 6G | Freakuence!\",\"isPartOf\":{\"@id\":\"https:\/\/dev.freakuence.nl\/fr\/#website\"},\"primaryImageOfPage\":{\"@id\":\"https:\/\/dev.freakuence.nl\/fr\/produit\/monitor-audio-gold-500-6g\/#primaryimage\"},\"image\":{\"@id\":\"https:\/\/dev.freakuence.nl\/fr\/produit\/monitor-audio-gold-500-6g\/#primaryimage\"},\"thumbnailUrl\":\"https:\/\/dev.freakuence.nl\/wp-content\/uploads\/2025\/09\/1754299428-IMG7883-scaled.jpg\",\"datePublished\":\"2025-08-06T10:13:44+00:00\",\"dateModified\":\"2026-03-20T06:24:49+00:00\",\"breadcrumb\":{\"@id\":\"https:\/\/dev.freakuence.nl\/fr\/produit\/monitor-audio-gold-500-6g\/#breadcrumb\"},\"inLanguage\":\"fr-FR\",\"potentialAction\":[{\"@type\":\"ReadAction\",\"target\":[\"https:\/\/dev.freakuence.nl\/fr\/produit\/monitor-audio-gold-500-6g\/\"]}]},{\"@type\":\"ImageObject\",\"inLanguage\":\"fr-FR\",\"@id\":\"https:\/\/dev.freakuence.nl\/fr\/produit\/monitor-audio-gold-500-6g\/#primaryimage\",\"url\":\"https:\/\/dev.freakuence.nl\/wp-content\/uploads\/2025\/09\/1754299428-IMG7883-scaled.jpg\",\"contentUrl\":\"https:\/\/dev.freakuence.nl\/wp-content\/uploads\/2025\/09\/1754299428-IMG7883-scaled.jpg\",\"width\":1200,\"height\":1800},{\"@type\":\"BreadcrumbList\",\"@id\":\"https:\/\/dev.freakuence.nl\/fr\/produit\/monitor-audio-gold-500-6g\/#breadcrumb\",\"itemListElement\":[{\"@type\":\"ListItem\",\"position\":1,\"name\":\"Accueil\",\"item\":\"https:\/\/dev.freakuence.nl\/fr\/\"},{\"@type\":\"ListItem\",\"position\":2,\"name\":\"Products\",\"item\":\"https:\/\/dev.freakuence.nl\/en\/products\/\"},{\"@type\":\"ListItem\",\"position\":3,\"name\":\"Monitor Audio Gold 500 6G\"}]},{\"@type\":\"WebSite\",\"@id\":\"https:\/\/dev.freakuence.nl\/fr\/#website\",\"url\":\"https:\/\/dev.freakuence.nl\/fr\/\",\"name\":\"Freakuence!\",\"description\":\"Freakuence!\",\"alternateName\":\"Freakuence\",\"potentialAction\":[{\"@type\":\"SearchAction\",\"target\":{\"@type\":\"EntryPoint\",\"urlTemplate\":\"https:\/\/dev.freakuence.nl\/fr\/?s={search_term_string}\"},\"query-input\":{\"@type\":\"PropertyValueSpecification\",\"valueRequired\":true,\"valueName\":\"search_term_string\"}}],\"inLanguage\":\"fr-FR\"}]}<\/script>\n<!-- \/ Yoast SEO plugin. -->","yoast_head_json":{"title":"Monitor Audio Gold 500 6G | Freakuence!","robots":{"index":"noindex","follow":"follow","max-snippet":"max-snippet:-1","max-image-preview":"max-image-preview:large","max-video-preview":"max-video-preview:-1"},"og_locale":"fr_FR","og_type":"article","og_title":"Monitor Audio Gold 500 6G | Freakuence!","og_description":"Description Freakuence ! Cette sixi\u00e8me g\u00e9n\u00e9ration d&rsquo;enceintes Gold de Monitor Audio (6G) est dot\u00e9e de crossovers et d&rsquo;un c\u00e2blage interne consid\u00e9rablement am\u00e9lior\u00e9s, ce qui leur permet de jouer avec plus de pr\u00e9cision que leurs pr\u00e9d\u00e9cesseurs, que nous avons appr\u00e9ci\u00e9s dans notre magasin pendant des ann\u00e9es. Monitor Audio joue proprement, avec un grand soutien dans les [&hellip;]","og_url":"https:\/\/dev.freakuence.nl\/fr\/produit\/monitor-audio-gold-500-6g\/","og_site_name":"Freakuence!","article_modified_time":"2026-03-20T06:24:49+00:00","og_image":[{"width":1200,"height":1800,"url":"https:\/\/dev.freakuence.nl\/wp-content\/uploads\/2025\/09\/1754299428-IMG7883-scaled.jpg","type":"image\/jpeg"}],"twitter_card":"summary_large_image","schema":{"@context":"https:\/\/schema.org","@graph":[{"@type":"WebPage","@id":"https:\/\/dev.freakuence.nl\/fr\/produit\/monitor-audio-gold-500-6g\/","url":"https:\/\/dev.freakuence.nl\/fr\/produit\/monitor-audio-gold-500-6g\/","name":"Monitor Audio Gold 500 6G | Freakuence!","isPartOf":{"@id":"https:\/\/dev.freakuence.nl\/fr\/#website"},"primaryImageOfPage":{"@id":"https:\/\/dev.freakuence.nl\/fr\/produit\/monitor-audio-gold-500-6g\/#primaryimage"},"image":{"@id":"https:\/\/dev.freakuence.nl\/fr\/produit\/monitor-audio-gold-500-6g\/#primaryimage"},"thumbnailUrl":"https:\/\/dev.freakuence.nl\/wp-content\/uploads\/2025\/09\/1754299428-IMG7883-scaled.jpg","datePublished":"2025-08-06T10:13:44+00:00","dateModified":"2026-03-20T06:24:49+00:00","breadcrumb":{"@id":"https:\/\/dev.freakuence.nl\/fr\/produit\/monitor-audio-gold-500-6g\/#breadcrumb"},"inLanguage":"fr-FR","potentialAction":[{"@type":"ReadAction","target":["https:\/\/dev.freakuence.nl\/fr\/produit\/monitor-audio-gold-500-6g\/"]}]},{"@type":"ImageObject","inLanguage":"fr-FR","@id":"https:\/\/dev.freakuence.nl\/fr\/produit\/monitor-audio-gold-500-6g\/#primaryimage","url":"https:\/\/dev.freakuence.nl\/wp-content\/uploads\/2025\/09\/1754299428-IMG7883-scaled.jpg","contentUrl":"https:\/\/dev.freakuence.nl\/wp-content\/uploads\/2025\/09\/1754299428-IMG7883-scaled.jpg","width":1200,"height":1800},{"@type":"BreadcrumbList","@id":"https:\/\/dev.freakuence.nl\/fr\/produit\/monitor-audio-gold-500-6g\/#breadcrumb","itemListElement":[{"@type":"ListItem","position":1,"name":"Accueil","item":"https:\/\/dev.freakuence.nl\/fr\/"},{"@type":"ListItem","position":2,"name":"Products","item":"https:\/\/dev.freakuence.nl\/en\/products\/"},{"@type":"ListItem","position":3,"name":"Monitor Audio Gold 500 6G"}]},{"@type":"WebSite","@id":"https:\/\/dev.freakuence.nl\/fr\/#website","url":"https:\/\/dev.freakuence.nl\/fr\/","name":"Freakuence!","description":"Freakuence!","alternateName":"Freakuence","potentialAction":[{"@type":"SearchAction","target":{"@type":"EntryPoint","urlTemplate":"https:\/\/dev.freakuence.nl\/fr\/?s={search_term_string}"},"query-input":{"@type":"PropertyValueSpecification","valueRequired":true,"valueName":"search_term_string"}}],"inLanguage":"fr-FR"}]}},"_links":{"self":[{"href":"https:\/\/dev.freakuence.nl\/fr\/wp-json\/wp\/v2\/product\/308525","targetHints":{"allow":["GET"]}}],"collection":[{"href":"https:\/\/dev.freakuence.nl\/fr\/wp-json\/wp\/v2\/product"}],"about":[{"href":"https:\/\/dev.freakuence.nl\/fr\/wp-json\/wp\/v2\/types\/product"}],"version-history":[{"count":0,"href":"https:\/\/dev.freakuence.nl\/fr\/wp-json\/wp\/v2\/product\/308525\/revisions"}],"wp:featuredmedia":[{"embeddable":true,"href":"https:\/\/dev.freakuence.nl\/fr\/wp-json\/wp\/v2\/media\/308526"}],"wp:attachment":[{"href":"https:\/\/dev.freakuence.nl\/fr\/wp-json\/wp\/v2\/media?parent=308525"}],"wp:term":[{"taxonomy":"product_brand","embeddable":true,"href":"https:\/\/dev.freakuence.nl\/fr\/wp-json\/wp\/v2\/product_brand?post=308525"},{"taxonomy":"product_cat","embeddable":true,"href":"https:\/\/dev.freakuence.nl\/fr\/wp-json\/wp\/v2\/product_cat?post=308525"},{"taxonomy":"product_tag","embeddable":true,"href":"https:\/\/dev.freakuence.nl\/fr\/wp-json\/wp\/v2\/product_tag?post=308525"}],"curies":[{"name":"wp","href":"https:\/\/api.w.org\/{rel}","templated":true}]}}