{"id":308577,"date":"2025-09-12T11:16:05","date_gmt":"2025-09-12T09:16:05","guid":{"rendered":"https:\/\/dev.freakuence.nl\/product\/linn-akurate-ds-1\/"},"modified":"2026-04-11T04:10:41","modified_gmt":"2026-04-11T02:10:41","slug":"linn-akurate-ds-1","status":"publish","type":"product","link":"https:\/\/dev.freakuence.nl\/fr\/produit\/linn-akurate-ds-1\/","title":{"rendered":"Linn Akurate DS\/1"},"content":{"rendered":"<div class=\"product-specifications-list\">\n<div class=\"specification-item row-even\"><span class=\"spec-content\"><strong>Description Freakuence !<\/strong><\/span><\/div>\n<div class=\"specification-item row-odd\"><span class=\"spec-content\"><\/p>\n<p>Fantastique streamer de Linn. Avec l&rsquo;application qui l&rsquo;accompagne, il est tr\u00e8s facile \u00e0 contr\u00f4ler. Le dac qu&rsquo;il contient est d&rsquo;une grande classe et cr\u00e9e une tr\u00e8s belle sc\u00e8ne devant vous ! Un monde de micro-d\u00e9tails. Qu&rsquo;est-ce que c&rsquo;est exactement ? Eh bien, ce sont des d\u00e9tails dans les d\u00e9tails ! D\u00e9licieux.      <\/p>\n<p><\/span><\/div>\n<div class=\"specification-item row-even\"><span class=\"spec-content\"><strong>D\u00e9tails<\/strong><\/span><\/div>\n<div class=\"specification-item row-odd\"><span class=\"spec-content\"><\/p>\n<p>Rayures sur le bord sup\u00e9rieur.<\/p>\n<p><\/span><\/div>\n<div class=\"specification-item row-even\"><span class=\"spec-content\">Prix de vente au d\u00e9tail : 5500.00<\/span><\/div>\n<div class=\"specification-item row-odd\"><span class=\"spec-content\"><strong>Informations g\u00e9n\u00e9rales<\/strong><\/span><\/div>\n<div class=\"specification-item row-even\"><span class=\"spec-content\"><\/p>\n<p>Le Linn Akurate DS\/0 est con\u00e7u selon la philosophie de Linn, qui consiste \u00e0 minimiser la perte de signal. Le streamer int\u00e8gre une horloge de pr\u00e9cision et des composants DAC soigneusement s\u00e9lectionn\u00e9s pour une synchronisation et une reproduction des d\u00e9tails optimales. Toutes les connexions internes critiques sont courtes et directes pour minimiser les interf\u00e9rences.  <\/p>\n<p><\/span><\/div>\n<div class=\"specification-item row-odd\"><span class=\"spec-content\"><strong>Histoire de la marque<\/strong><\/span><\/div>\n<div class=\"specification-item row-even\"><span class=\"spec-content\"><\/p>\n<p>Linn a \u00e9t\u00e9 fond\u00e9e en 1973 par Ivor Tiefenbrun. Elle a commenc\u00e9 par la production de la Sondek LP12, une platine qui a \u00e9t\u00e9 continuellement am\u00e9lior\u00e9e au cours des ann\u00e9es suivantes. L&rsquo;une des premi\u00e8res innovations a \u00e9t\u00e9 l&rsquo;introduction d&rsquo;une alimentation externe, le Valhalla, et d&rsquo;autres d\u00e9veloppements importants ont suivi plus tard, comme l&rsquo;introduction du syst\u00e8me d&rsquo;alimentation Lingo en 1990. En 1986, Linn a lanc\u00e9 la cartouche Troika, qui offrait une meilleure reproduction du signal. Dans les ann\u00e9es 1990, Linn a \u00e9largi son offre avec des produits num\u00e9riques, tels que le lecteur de CD Karik\/Numerik, et a lanc\u00e9 le syst\u00e8me multiroom Knekt en 1994. Linn fabrique presque tout en interne. D\u00e9couvrez leur machine de fabrication de circuits imprim\u00e9s en ligne !      <\/p>\n<p><\/span><\/div>\n<\/div>\n","protected":false},"excerpt":{"rendered":"<p>Description Freakuence ! Fantastique streamer de Linn. Avec l&rsquo;application qui l&rsquo;accompagne, il est tr\u00e8s facile \u00e0 contr\u00f4ler. Le dac qu&rsquo;il contient est d&rsquo;une grande classe et cr\u00e9e une tr\u00e8s belle sc\u00e8ne devant vous ! Un monde de micro-d\u00e9tails. Qu&rsquo;est-ce que c&rsquo;est exactement ? Eh bien, ce sont des d\u00e9tails dans les d\u00e9tails ! D\u00e9licieux. D\u00e9tails [&hellip;]<\/p>\n","protected":false},"featured_media":308582,"template":"","meta":{"_acf_changed":false,"inline_featured_image":false},"product_brand":[],"product_cat":[770],"product_tag":[554],"class_list":{"0":"post-308577","1":"product","2":"type-product","3":"status-publish","4":"has-post-thumbnail","6":"product_cat-reguliere-voorversterkers-2","7":"product_tag-used","9":"first","10":"instock","11":"purchasable","12":"product-type-simple"},"acf":[],"yoast_head":"<!-- This site is optimized with the Yoast SEO plugin v25.9 - https:\/\/yoast.com\/wordpress\/plugins\/seo\/ -->\n<title>Linn Akurate DS\/1 | Freakuence!<\/title>\n<meta name=\"robots\" content=\"noindex, follow, max-snippet:-1, max-image-preview:large, max-video-preview:-1\" \/>\n<meta property=\"og:locale\" content=\"fr_FR\" \/>\n<meta property=\"og:type\" content=\"article\" \/>\n<meta property=\"og:title\" content=\"Linn Akurate DS\/1 | Freakuence!\" \/>\n<meta property=\"og:description\" content=\"Description Freakuence ! Fantastique streamer de Linn. Avec l&rsquo;application qui l&rsquo;accompagne, il est tr\u00e8s facile \u00e0 contr\u00f4ler. Le dac qu&rsquo;il contient est d&rsquo;une grande classe et cr\u00e9e une tr\u00e8s belle sc\u00e8ne devant vous ! Un monde de micro-d\u00e9tails. Qu&rsquo;est-ce que c&rsquo;est exactement ? Eh bien, ce sont des d\u00e9tails dans les d\u00e9tails ! D\u00e9licieux. D\u00e9tails [&hellip;]\" \/>\n<meta property=\"og:url\" content=\"https:\/\/dev.freakuence.nl\/fr\/produit\/linn-akurate-ds-1\/\" \/>\n<meta property=\"og:site_name\" content=\"Freakuence!\" \/>\n<meta property=\"article:modified_time\" content=\"2026-04-11T02:10:41+00:00\" \/>\n<meta property=\"og:image\" content=\"https:\/\/dev.freakuence.nl\/wp-content\/uploads\/2025\/09\/1757668505-IMG8485-scaled.jpg\" \/>\n\t<meta property=\"og:image:width\" content=\"1800\" \/>\n\t<meta property=\"og:image:height\" content=\"1200\" \/>\n\t<meta property=\"og:image:type\" content=\"image\/jpeg\" \/>\n<meta name=\"twitter:card\" content=\"summary_large_image\" \/>\n<script type=\"application\/ld+json\" class=\"yoast-schema-graph\">{\"@context\":\"https:\/\/schema.org\",\"@graph\":[{\"@type\":\"WebPage\",\"@id\":\"https:\/\/dev.freakuence.nl\/fr\/produit\/linn-akurate-ds-1\/\",\"url\":\"https:\/\/dev.freakuence.nl\/fr\/produit\/linn-akurate-ds-1\/\",\"name\":\"Linn Akurate DS\/1 | Freakuence!\",\"isPartOf\":{\"@id\":\"https:\/\/dev.freakuence.nl\/fr\/#website\"},\"primaryImageOfPage\":{\"@id\":\"https:\/\/dev.freakuence.nl\/fr\/produit\/linn-akurate-ds-1\/#primaryimage\"},\"image\":{\"@id\":\"https:\/\/dev.freakuence.nl\/fr\/produit\/linn-akurate-ds-1\/#primaryimage\"},\"thumbnailUrl\":\"https:\/\/dev.freakuence.nl\/wp-content\/uploads\/2025\/09\/1757668505-IMG8485-scaled.jpg\",\"datePublished\":\"2025-09-12T09:16:05+00:00\",\"dateModified\":\"2026-04-11T02:10:41+00:00\",\"breadcrumb\":{\"@id\":\"https:\/\/dev.freakuence.nl\/fr\/produit\/linn-akurate-ds-1\/#breadcrumb\"},\"inLanguage\":\"fr-FR\",\"potentialAction\":[{\"@type\":\"ReadAction\",\"target\":[\"https:\/\/dev.freakuence.nl\/fr\/produit\/linn-akurate-ds-1\/\"]}]},{\"@type\":\"ImageObject\",\"inLanguage\":\"fr-FR\",\"@id\":\"https:\/\/dev.freakuence.nl\/fr\/produit\/linn-akurate-ds-1\/#primaryimage\",\"url\":\"https:\/\/dev.freakuence.nl\/wp-content\/uploads\/2025\/09\/1757668505-IMG8485-scaled.jpg\",\"contentUrl\":\"https:\/\/dev.freakuence.nl\/wp-content\/uploads\/2025\/09\/1757668505-IMG8485-scaled.jpg\",\"width\":1800,\"height\":1200},{\"@type\":\"BreadcrumbList\",\"@id\":\"https:\/\/dev.freakuence.nl\/fr\/produit\/linn-akurate-ds-1\/#breadcrumb\",\"itemListElement\":[{\"@type\":\"ListItem\",\"position\":1,\"name\":\"Accueil\",\"item\":\"https:\/\/dev.freakuence.nl\/fr\/\"},{\"@type\":\"ListItem\",\"position\":2,\"name\":\"Products\",\"item\":\"https:\/\/dev.freakuence.nl\/en\/products\/\"},{\"@type\":\"ListItem\",\"position\":3,\"name\":\"Linn Akurate DS\/1\"}]},{\"@type\":\"WebSite\",\"@id\":\"https:\/\/dev.freakuence.nl\/fr\/#website\",\"url\":\"https:\/\/dev.freakuence.nl\/fr\/\",\"name\":\"Freakuence!\",\"description\":\"Freakuence!\",\"alternateName\":\"Freakuence\",\"potentialAction\":[{\"@type\":\"SearchAction\",\"target\":{\"@type\":\"EntryPoint\",\"urlTemplate\":\"https:\/\/dev.freakuence.nl\/fr\/?s={search_term_string}\"},\"query-input\":{\"@type\":\"PropertyValueSpecification\",\"valueRequired\":true,\"valueName\":\"search_term_string\"}}],\"inLanguage\":\"fr-FR\"}]}<\/script>\n<!-- \/ Yoast SEO plugin. -->","yoast_head_json":{"title":"Linn Akurate DS\/1 | Freakuence!","robots":{"index":"noindex","follow":"follow","max-snippet":"max-snippet:-1","max-image-preview":"max-image-preview:large","max-video-preview":"max-video-preview:-1"},"og_locale":"fr_FR","og_type":"article","og_title":"Linn Akurate DS\/1 | Freakuence!","og_description":"Description Freakuence ! Fantastique streamer de Linn. Avec l&rsquo;application qui l&rsquo;accompagne, il est tr\u00e8s facile \u00e0 contr\u00f4ler. Le dac qu&rsquo;il contient est d&rsquo;une grande classe et cr\u00e9e une tr\u00e8s belle sc\u00e8ne devant vous ! Un monde de micro-d\u00e9tails. Qu&rsquo;est-ce que c&rsquo;est exactement ? Eh bien, ce sont des d\u00e9tails dans les d\u00e9tails ! D\u00e9licieux. D\u00e9tails [&hellip;]","og_url":"https:\/\/dev.freakuence.nl\/fr\/produit\/linn-akurate-ds-1\/","og_site_name":"Freakuence!","article_modified_time":"2026-04-11T02:10:41+00:00","og_image":[{"width":1800,"height":1200,"url":"https:\/\/dev.freakuence.nl\/wp-content\/uploads\/2025\/09\/1757668505-IMG8485-scaled.jpg","type":"image\/jpeg"}],"twitter_card":"summary_large_image","schema":{"@context":"https:\/\/schema.org","@graph":[{"@type":"WebPage","@id":"https:\/\/dev.freakuence.nl\/fr\/produit\/linn-akurate-ds-1\/","url":"https:\/\/dev.freakuence.nl\/fr\/produit\/linn-akurate-ds-1\/","name":"Linn Akurate DS\/1 | Freakuence!","isPartOf":{"@id":"https:\/\/dev.freakuence.nl\/fr\/#website"},"primaryImageOfPage":{"@id":"https:\/\/dev.freakuence.nl\/fr\/produit\/linn-akurate-ds-1\/#primaryimage"},"image":{"@id":"https:\/\/dev.freakuence.nl\/fr\/produit\/linn-akurate-ds-1\/#primaryimage"},"thumbnailUrl":"https:\/\/dev.freakuence.nl\/wp-content\/uploads\/2025\/09\/1757668505-IMG8485-scaled.jpg","datePublished":"2025-09-12T09:16:05+00:00","dateModified":"2026-04-11T02:10:41+00:00","breadcrumb":{"@id":"https:\/\/dev.freakuence.nl\/fr\/produit\/linn-akurate-ds-1\/#breadcrumb"},"inLanguage":"fr-FR","potentialAction":[{"@type":"ReadAction","target":["https:\/\/dev.freakuence.nl\/fr\/produit\/linn-akurate-ds-1\/"]}]},{"@type":"ImageObject","inLanguage":"fr-FR","@id":"https:\/\/dev.freakuence.nl\/fr\/produit\/linn-akurate-ds-1\/#primaryimage","url":"https:\/\/dev.freakuence.nl\/wp-content\/uploads\/2025\/09\/1757668505-IMG8485-scaled.jpg","contentUrl":"https:\/\/dev.freakuence.nl\/wp-content\/uploads\/2025\/09\/1757668505-IMG8485-scaled.jpg","width":1800,"height":1200},{"@type":"BreadcrumbList","@id":"https:\/\/dev.freakuence.nl\/fr\/produit\/linn-akurate-ds-1\/#breadcrumb","itemListElement":[{"@type":"ListItem","position":1,"name":"Accueil","item":"https:\/\/dev.freakuence.nl\/fr\/"},{"@type":"ListItem","position":2,"name":"Products","item":"https:\/\/dev.freakuence.nl\/en\/products\/"},{"@type":"ListItem","position":3,"name":"Linn Akurate DS\/1"}]},{"@type":"WebSite","@id":"https:\/\/dev.freakuence.nl\/fr\/#website","url":"https:\/\/dev.freakuence.nl\/fr\/","name":"Freakuence!","description":"Freakuence!","alternateName":"Freakuence","potentialAction":[{"@type":"SearchAction","target":{"@type":"EntryPoint","urlTemplate":"https:\/\/dev.freakuence.nl\/fr\/?s={search_term_string}"},"query-input":{"@type":"PropertyValueSpecification","valueRequired":true,"valueName":"search_term_string"}}],"inLanguage":"fr-FR"}]}},"_links":{"self":[{"href":"https:\/\/dev.freakuence.nl\/fr\/wp-json\/wp\/v2\/product\/308577","targetHints":{"allow":["GET"]}}],"collection":[{"href":"https:\/\/dev.freakuence.nl\/fr\/wp-json\/wp\/v2\/product"}],"about":[{"href":"https:\/\/dev.freakuence.nl\/fr\/wp-json\/wp\/v2\/types\/product"}],"version-history":[{"count":1,"href":"https:\/\/dev.freakuence.nl\/fr\/wp-json\/wp\/v2\/product\/308577\/revisions"}],"predecessor-version":[{"id":318178,"href":"https:\/\/dev.freakuence.nl\/fr\/wp-json\/wp\/v2\/product\/308577\/revisions\/318178"}],"wp:featuredmedia":[{"embeddable":true,"href":"https:\/\/dev.freakuence.nl\/fr\/wp-json\/wp\/v2\/media\/308582"}],"wp:attachment":[{"href":"https:\/\/dev.freakuence.nl\/fr\/wp-json\/wp\/v2\/media?parent=308577"}],"wp:term":[{"taxonomy":"product_brand","embeddable":true,"href":"https:\/\/dev.freakuence.nl\/fr\/wp-json\/wp\/v2\/product_brand?post=308577"},{"taxonomy":"product_cat","embeddable":true,"href":"https:\/\/dev.freakuence.nl\/fr\/wp-json\/wp\/v2\/product_cat?post=308577"},{"taxonomy":"product_tag","embeddable":true,"href":"https:\/\/dev.freakuence.nl\/fr\/wp-json\/wp\/v2\/product_tag?post=308577"}],"curies":[{"name":"wp","href":"https:\/\/api.w.org\/{rel}","templated":true}]}}