{"id":308659,"date":"2025-08-06T12:38:02","date_gmt":"2025-08-06T10:38:02","guid":{"rendered":"https:\/\/dev.freakuence.nl\/product\/monitor-audio-gold-50-6g\/"},"modified":"2026-04-11T04:10:32","modified_gmt":"2026-04-11T02:10:32","slug":"monitor-audio-gold-50-6g","status":"publish","type":"product","link":"https:\/\/dev.freakuence.nl\/fr\/produit\/monitor-audio-gold-50-6g\/","title":{"rendered":"Monitor Audio Gold 50 6G"},"content":{"rendered":"<div class=\"product-specifications-list\">\n<div class=\"specification-item row-even\"><span class=\"spec-content\"><strong>Description Freakuence !<\/strong><\/span><\/div>\n<div class=\"specification-item row-odd\"><span class=\"spec-content\"><\/p>\n<p>Des moniteurs robustes et d&rsquo;une grande qualit\u00e9 de finition. Pour les amateurs de basses fr\u00e9quences. Les m\u00e9diums sont nets, neutres et corrects. neutres et corrects. Le tweeter \u00e0 ruban rayonne dans la pi\u00e8ce et offre une exp\u00e9rience acoustique claire. Avec le bon amplificateur, vous les ferez sonner bien plus fort que vous ne l&rsquo;auriez imagin\u00e9.     N&rsquo;h\u00e9sitez pas \u00e0 demander des conseils !<\/p>\n<p><\/span><\/div>\n<div class=\"specification-item row-even\"><span class=\"spec-content\"><strong>D\u00e9tails<\/strong><\/span><\/div>\n<div class=\"specification-item row-odd\"><span class=\"spec-content\">Prix de vente au d\u00e9tail : 2000.00<\/span><\/div>\n<div class=\"specification-item row-even\"><span class=\"spec-content\"><strong>Description g\u00e9n\u00e9rale<\/strong><\/span><\/div>\n<div class=\"specification-item row-odd\"><span class=\"spec-content\"><\/p>\n<p>Cette enceinte compacte de biblioth\u00e8que est con\u00e7ue pour une reproduction musicale pr\u00e9cise et d\u00e9taill\u00e9e. Dot\u00e9e d&rsquo;un haut-parleur de grave-m\u00e9dium de 6 pouces avec technologie HDT C-CAMus et du tout dernier transducteur d&rsquo;aigu MPD III, elle offre une large gamme de fr\u00e9quences allant de 55 Hz \u00e0 60 kHz. Le caisson est dot\u00e9 de la technologie de port HiVe II pour une meilleure r\u00e9ponse dans les graves et utilise la technologie des boulons traversants pour une plus grande stabilit\u00e9. Avec une sensibilit\u00e9 de 85 dB et une imp\u00e9dance nominale de 4 ohms, il convient aux amplificateurs d&rsquo;une puissance comprise entre 130 et 300 watts. Il mesure 320 mm de haut, 185 mm de large et 303 mm de profondeur, pour un poids de 8,5 kg. Il est disponible dans des finitions telles que le placage de bois de Macassar, le noir brillant et le blanc satin\u00e9.     <\/p>\n<p><\/span><\/div>\n<div class=\"specification-item row-even\"><span class=\"spec-content\"><strong>Histoire de la marque<\/strong><\/span><\/div>\n<div class=\"specification-item row-odd\"><span class=\"spec-content\"><\/p>\n<p>Monitor Audio a \u00e9t\u00e9 fond\u00e9e en 1972 par Mo Iqbal dans une petite usine \u00e0 Teversham, pr\u00e8s de Cambridge, en Angleterre. Le premier haut-parleur produit par la soci\u00e9t\u00e9 fut le MA1, assembl\u00e9 \u00e0 la main par Iqbal et une petite \u00e9quipe d&rsquo;ing\u00e9nieurs. Au fil des ans, l&rsquo;entreprise a franchi plusieurs \u00e9tapes importantes, notamment l&rsquo;introduction de la s\u00e9rie Platinum en 2007. En 2016, Monitor Audio a \u00e9largi son portefeuille en acqu\u00e9rant Roksan, un fabricant d&rsquo;\u00e9quipements audio.   <\/p>\n<p><\/span><\/div>\n<\/div>\n","protected":false},"excerpt":{"rendered":"<p>Description Freakuence ! Des moniteurs robustes et d&rsquo;une grande qualit\u00e9 de finition. Pour les amateurs de basses fr\u00e9quences. Les m\u00e9diums sont nets, neutres et corrects. neutres et corrects. Le tweeter \u00e0 ruban rayonne dans la pi\u00e8ce et offre une exp\u00e9rience acoustique claire. Avec le bon amplificateur, vous les ferez sonner bien plus fort que vous [&hellip;]<\/p>\n","protected":false},"featured_media":308660,"template":"","meta":{"_acf_changed":false,"inline_featured_image":false},"product_brand":[],"product_cat":[777,551],"product_tag":[575],"class_list":{"0":"post-308659","1":"product","2":"type-product","3":"status-publish","4":"has-post-thumbnail","6":"product_cat-enceintes-de-bibliotheque","7":"product_cat-intervenants","8":"product_tag-freakdemo","9":"pa_kleur-blanc","11":"first","12":"instock","13":"taxable","14":"shipping-taxable","15":"purchasable","16":"product-type-simple"},"acf":[],"yoast_head":"<!-- This site is optimized with the Yoast SEO plugin v25.9 - https:\/\/yoast.com\/wordpress\/plugins\/seo\/ -->\n<title>Monitor Audio Gold 50 6G | Freakuence!<\/title>\n<meta name=\"robots\" content=\"noindex, follow, max-snippet:-1, max-image-preview:large, max-video-preview:-1\" \/>\n<meta property=\"og:locale\" content=\"fr_FR\" \/>\n<meta property=\"og:type\" content=\"article\" \/>\n<meta property=\"og:title\" content=\"Monitor Audio Gold 50 6G | Freakuence!\" \/>\n<meta property=\"og:description\" content=\"Description Freakuence ! Des moniteurs robustes et d&rsquo;une grande qualit\u00e9 de finition. Pour les amateurs de basses fr\u00e9quences. Les m\u00e9diums sont nets, neutres et corrects. neutres et corrects. Le tweeter \u00e0 ruban rayonne dans la pi\u00e8ce et offre une exp\u00e9rience acoustique claire. Avec le bon amplificateur, vous les ferez sonner bien plus fort que vous [&hellip;]\" \/>\n<meta property=\"og:url\" content=\"https:\/\/dev.freakuence.nl\/fr\/produit\/monitor-audio-gold-50-6g\/\" \/>\n<meta property=\"og:site_name\" content=\"Freakuence!\" \/>\n<meta property=\"article:modified_time\" content=\"2026-04-11T02:10:32+00:00\" \/>\n<meta property=\"og:image\" content=\"https:\/\/dev.freakuence.nl\/wp-content\/uploads\/2025\/09\/1754318069-IMG9016-scaled.jpg\" \/>\n\t<meta property=\"og:image:width\" content=\"1200\" \/>\n\t<meta property=\"og:image:height\" content=\"1800\" \/>\n\t<meta property=\"og:image:type\" content=\"image\/jpeg\" \/>\n<meta name=\"twitter:card\" content=\"summary_large_image\" \/>\n<script type=\"application\/ld+json\" class=\"yoast-schema-graph\">{\"@context\":\"https:\/\/schema.org\",\"@graph\":[{\"@type\":\"WebPage\",\"@id\":\"https:\/\/dev.freakuence.nl\/fr\/produit\/monitor-audio-gold-50-6g\/\",\"url\":\"https:\/\/dev.freakuence.nl\/fr\/produit\/monitor-audio-gold-50-6g\/\",\"name\":\"Monitor Audio Gold 50 6G | Freakuence!\",\"isPartOf\":{\"@id\":\"https:\/\/dev.freakuence.nl\/fr\/#website\"},\"primaryImageOfPage\":{\"@id\":\"https:\/\/dev.freakuence.nl\/fr\/produit\/monitor-audio-gold-50-6g\/#primaryimage\"},\"image\":{\"@id\":\"https:\/\/dev.freakuence.nl\/fr\/produit\/monitor-audio-gold-50-6g\/#primaryimage\"},\"thumbnailUrl\":\"https:\/\/dev.freakuence.nl\/wp-content\/uploads\/2025\/09\/1754318069-IMG9016-scaled.jpg\",\"datePublished\":\"2025-08-06T10:38:02+00:00\",\"dateModified\":\"2026-04-11T02:10:32+00:00\",\"breadcrumb\":{\"@id\":\"https:\/\/dev.freakuence.nl\/fr\/produit\/monitor-audio-gold-50-6g\/#breadcrumb\"},\"inLanguage\":\"fr-FR\",\"potentialAction\":[{\"@type\":\"ReadAction\",\"target\":[\"https:\/\/dev.freakuence.nl\/fr\/produit\/monitor-audio-gold-50-6g\/\"]}]},{\"@type\":\"ImageObject\",\"inLanguage\":\"fr-FR\",\"@id\":\"https:\/\/dev.freakuence.nl\/fr\/produit\/monitor-audio-gold-50-6g\/#primaryimage\",\"url\":\"https:\/\/dev.freakuence.nl\/wp-content\/uploads\/2025\/09\/1754318069-IMG9016-scaled.jpg\",\"contentUrl\":\"https:\/\/dev.freakuence.nl\/wp-content\/uploads\/2025\/09\/1754318069-IMG9016-scaled.jpg\",\"width\":1200,\"height\":1800},{\"@type\":\"BreadcrumbList\",\"@id\":\"https:\/\/dev.freakuence.nl\/fr\/produit\/monitor-audio-gold-50-6g\/#breadcrumb\",\"itemListElement\":[{\"@type\":\"ListItem\",\"position\":1,\"name\":\"Accueil\",\"item\":\"https:\/\/dev.freakuence.nl\/fr\/\"},{\"@type\":\"ListItem\",\"position\":2,\"name\":\"Products\",\"item\":\"https:\/\/dev.freakuence.nl\/en\/products\/\"},{\"@type\":\"ListItem\",\"position\":3,\"name\":\"Monitor Audio Gold 50 6G\"}]},{\"@type\":\"WebSite\",\"@id\":\"https:\/\/dev.freakuence.nl\/fr\/#website\",\"url\":\"https:\/\/dev.freakuence.nl\/fr\/\",\"name\":\"Freakuence!\",\"description\":\"Freakuence!\",\"alternateName\":\"Freakuence\",\"potentialAction\":[{\"@type\":\"SearchAction\",\"target\":{\"@type\":\"EntryPoint\",\"urlTemplate\":\"https:\/\/dev.freakuence.nl\/fr\/?s={search_term_string}\"},\"query-input\":{\"@type\":\"PropertyValueSpecification\",\"valueRequired\":true,\"valueName\":\"search_term_string\"}}],\"inLanguage\":\"fr-FR\"}]}<\/script>\n<!-- \/ Yoast SEO plugin. -->","yoast_head_json":{"title":"Monitor Audio Gold 50 6G | Freakuence!","robots":{"index":"noindex","follow":"follow","max-snippet":"max-snippet:-1","max-image-preview":"max-image-preview:large","max-video-preview":"max-video-preview:-1"},"og_locale":"fr_FR","og_type":"article","og_title":"Monitor Audio Gold 50 6G | Freakuence!","og_description":"Description Freakuence ! Des moniteurs robustes et d&rsquo;une grande qualit\u00e9 de finition. Pour les amateurs de basses fr\u00e9quences. Les m\u00e9diums sont nets, neutres et corrects. neutres et corrects. Le tweeter \u00e0 ruban rayonne dans la pi\u00e8ce et offre une exp\u00e9rience acoustique claire. Avec le bon amplificateur, vous les ferez sonner bien plus fort que vous [&hellip;]","og_url":"https:\/\/dev.freakuence.nl\/fr\/produit\/monitor-audio-gold-50-6g\/","og_site_name":"Freakuence!","article_modified_time":"2026-04-11T02:10:32+00:00","og_image":[{"width":1200,"height":1800,"url":"https:\/\/dev.freakuence.nl\/wp-content\/uploads\/2025\/09\/1754318069-IMG9016-scaled.jpg","type":"image\/jpeg"}],"twitter_card":"summary_large_image","schema":{"@context":"https:\/\/schema.org","@graph":[{"@type":"WebPage","@id":"https:\/\/dev.freakuence.nl\/fr\/produit\/monitor-audio-gold-50-6g\/","url":"https:\/\/dev.freakuence.nl\/fr\/produit\/monitor-audio-gold-50-6g\/","name":"Monitor Audio Gold 50 6G | Freakuence!","isPartOf":{"@id":"https:\/\/dev.freakuence.nl\/fr\/#website"},"primaryImageOfPage":{"@id":"https:\/\/dev.freakuence.nl\/fr\/produit\/monitor-audio-gold-50-6g\/#primaryimage"},"image":{"@id":"https:\/\/dev.freakuence.nl\/fr\/produit\/monitor-audio-gold-50-6g\/#primaryimage"},"thumbnailUrl":"https:\/\/dev.freakuence.nl\/wp-content\/uploads\/2025\/09\/1754318069-IMG9016-scaled.jpg","datePublished":"2025-08-06T10:38:02+00:00","dateModified":"2026-04-11T02:10:32+00:00","breadcrumb":{"@id":"https:\/\/dev.freakuence.nl\/fr\/produit\/monitor-audio-gold-50-6g\/#breadcrumb"},"inLanguage":"fr-FR","potentialAction":[{"@type":"ReadAction","target":["https:\/\/dev.freakuence.nl\/fr\/produit\/monitor-audio-gold-50-6g\/"]}]},{"@type":"ImageObject","inLanguage":"fr-FR","@id":"https:\/\/dev.freakuence.nl\/fr\/produit\/monitor-audio-gold-50-6g\/#primaryimage","url":"https:\/\/dev.freakuence.nl\/wp-content\/uploads\/2025\/09\/1754318069-IMG9016-scaled.jpg","contentUrl":"https:\/\/dev.freakuence.nl\/wp-content\/uploads\/2025\/09\/1754318069-IMG9016-scaled.jpg","width":1200,"height":1800},{"@type":"BreadcrumbList","@id":"https:\/\/dev.freakuence.nl\/fr\/produit\/monitor-audio-gold-50-6g\/#breadcrumb","itemListElement":[{"@type":"ListItem","position":1,"name":"Accueil","item":"https:\/\/dev.freakuence.nl\/fr\/"},{"@type":"ListItem","position":2,"name":"Products","item":"https:\/\/dev.freakuence.nl\/en\/products\/"},{"@type":"ListItem","position":3,"name":"Monitor Audio Gold 50 6G"}]},{"@type":"WebSite","@id":"https:\/\/dev.freakuence.nl\/fr\/#website","url":"https:\/\/dev.freakuence.nl\/fr\/","name":"Freakuence!","description":"Freakuence!","alternateName":"Freakuence","potentialAction":[{"@type":"SearchAction","target":{"@type":"EntryPoint","urlTemplate":"https:\/\/dev.freakuence.nl\/fr\/?s={search_term_string}"},"query-input":{"@type":"PropertyValueSpecification","valueRequired":true,"valueName":"search_term_string"}}],"inLanguage":"fr-FR"}]}},"_links":{"self":[{"href":"https:\/\/dev.freakuence.nl\/fr\/wp-json\/wp\/v2\/product\/308659","targetHints":{"allow":["GET"]}}],"collection":[{"href":"https:\/\/dev.freakuence.nl\/fr\/wp-json\/wp\/v2\/product"}],"about":[{"href":"https:\/\/dev.freakuence.nl\/fr\/wp-json\/wp\/v2\/types\/product"}],"version-history":[{"count":1,"href":"https:\/\/dev.freakuence.nl\/fr\/wp-json\/wp\/v2\/product\/308659\/revisions"}],"predecessor-version":[{"id":318172,"href":"https:\/\/dev.freakuence.nl\/fr\/wp-json\/wp\/v2\/product\/308659\/revisions\/318172"}],"wp:featuredmedia":[{"embeddable":true,"href":"https:\/\/dev.freakuence.nl\/fr\/wp-json\/wp\/v2\/media\/308660"}],"wp:attachment":[{"href":"https:\/\/dev.freakuence.nl\/fr\/wp-json\/wp\/v2\/media?parent=308659"}],"wp:term":[{"taxonomy":"product_brand","embeddable":true,"href":"https:\/\/dev.freakuence.nl\/fr\/wp-json\/wp\/v2\/product_brand?post=308659"},{"taxonomy":"product_cat","embeddable":true,"href":"https:\/\/dev.freakuence.nl\/fr\/wp-json\/wp\/v2\/product_cat?post=308659"},{"taxonomy":"product_tag","embeddable":true,"href":"https:\/\/dev.freakuence.nl\/fr\/wp-json\/wp\/v2\/product_tag?post=308659"}],"curies":[{"name":"wp","href":"https:\/\/api.w.org\/{rel}","templated":true}]}}