{"id":308677,"date":"2025-08-06T12:35:03","date_gmt":"2025-08-06T10:35:03","guid":{"rendered":"https:\/\/dev.freakuence.nl\/product\/nad-m12\/"},"modified":"2026-04-17T04:01:56","modified_gmt":"2026-04-17T02:01:56","slug":"nad-m12","status":"publish","type":"product","link":"https:\/\/dev.freakuence.nl\/fr\/produit\/nad-m12\/","title":{"rendered":"NAD M12"},"content":{"rendered":"<div class=\"product-specifications-list\">\n<div class=\"specification-item row-even\"><span class=\"spec-content\"><strong>Description Freakuence !<\/strong><\/span><\/div>\n<div class=\"specification-item row-odd\"><span class=\"spec-content\"><\/p>\n<p>Merveilleux appareil ! Pr\u00e9amplificateur tr\u00e8s \u00e9pais de la meilleure ligne de NAD. Un appareil extr\u00eamement rapide et s\u00fbr. Une large gamme de fr\u00e9quences. Le DAC est dot\u00e9 d&rsquo;une haute r\u00e9solution. Les options de connectivit\u00e9 sont \u00e9tendues, avec un support pour les sources num\u00e9riques et analogiques. Les fonctions multiroom sont bien int\u00e9gr\u00e9es.       Allez-y !<\/p>\n<p><\/span><\/div>\n<div class=\"specification-item row-even\"><span class=\"spec-content\"><strong>D\u00e9tails<\/strong><\/span><\/div>\n<div class=\"specification-item row-odd\"><span class=\"spec-content\"><\/p>\n<p>Plusieurs modules !<\/p>\n<p><\/span><\/div>\n<div class=\"specification-item row-even\"><span class=\"spec-content\">Prix de vente au d\u00e9tail : 4199.00<\/span><\/div>\n<div class=\"specification-item row-odd\"><span class=\"spec-content\"><strong>Description g\u00e9n\u00e9rale<\/strong><\/span><\/div>\n<div class=\"specification-item row-even\"><span class=\"spec-content\"><\/p>\n<p>Cet amplificateur streamer num\u00e9rique offre une connectivit\u00e9 polyvalente avec la prise en charge de divers services de streaming et formats audio num\u00e9riques. Le convertisseur num\u00e9rique-analogique int\u00e9gr\u00e9 garantit une haute r\u00e9solution lors de la lecture de musique, contribuant ainsi \u00e0 une reproduction sonore pr\u00e9cise. Une interface conviviale permet de basculer facilement entre diff\u00e9rentes sources, y compris le Bluetooth et le streaming r\u00e9seau. L&rsquo;amplificateur dispose de plusieurs entr\u00e9es analogiques et num\u00e9riques, ce qui permet de connecter diff\u00e9rents appareils. En outre, l&rsquo;appareil prend en charge l&rsquo;audio multi-pi\u00e8ces, ce qui permet d&rsquo;\u00e9couter de la musique simultan\u00e9ment dans diff\u00e9rentes pi\u00e8ces. Ses dimensions compactes facilitent l&rsquo;int\u00e9gration de l&rsquo;amplificateur dans diff\u00e9rentes configurations.     <\/p>\n<p><\/span><\/div>\n<div class=\"specification-item row-odd\"><span class=\"spec-content\"><strong>Histoire de la marque<\/strong><\/span><\/div>\n<div class=\"specification-item row-even\"><span class=\"spec-content\"><\/p>\n<p>NAD trouve ses origines dans un petit atelier, o\u00f9 elle a commenc\u00e9 \u00e0 produire des amplificateurs dans les ann\u00e9es 1970. Dans les ann\u00e9es 1980, elle a lanc\u00e9 une gamme de produits embl\u00e9matiques qui sont consid\u00e9r\u00e9s comme des r\u00e9f\u00e9rences. Elle d\u00e9tient plusieurs brevets sur des technologies innovantes dans le monde de l&rsquo;audio et a collabor\u00e9 avec des ing\u00e9nieurs et des designers de renom pour cr\u00e9er des produits au design unique. Reconnue dans le monde entier, la marque compte des utilisateurs fid\u00e8les qui appr\u00e9cient sa qualit\u00e9 et son savoir-faire.   <\/p>\n<p><\/span><\/div>\n<\/div>\n","protected":false},"excerpt":{"rendered":"<p>Description Freakuence ! Merveilleux appareil ! Pr\u00e9amplificateur tr\u00e8s \u00e9pais de la meilleure ligne de NAD. Un appareil extr\u00eamement rapide et s\u00fbr. Une large gamme de fr\u00e9quences. Le DAC est dot\u00e9 d&rsquo;une haute r\u00e9solution. Les options de connectivit\u00e9 sont \u00e9tendues, avec un support pour les sources num\u00e9riques et analogiques. Les fonctions multiroom sont bien int\u00e9gr\u00e9es. Allez-y [&hellip;]<\/p>\n","protected":false},"featured_media":308681,"template":"","meta":{"_acf_changed":false,"inline_featured_image":false},"product_brand":[],"product_cat":[558],"product_tag":[554],"class_list":{"0":"post-308677","1":"product","2":"type-product","3":"status-publish","4":"has-post-thumbnail","6":"product_cat-amplificateurs","7":"product_tag-used","8":"pa_kleur-noir","10":"first","11":"instock","12":"purchasable","13":"product-type-simple"},"acf":[],"yoast_head":"<!-- This site is optimized with the Yoast SEO plugin v25.9 - https:\/\/yoast.com\/wordpress\/plugins\/seo\/ -->\n<title>NAD M12 | Freakuence!<\/title>\n<meta name=\"robots\" content=\"noindex, follow, max-snippet:-1, max-image-preview:large, max-video-preview:-1\" \/>\n<meta property=\"og:locale\" content=\"fr_FR\" \/>\n<meta property=\"og:type\" content=\"article\" \/>\n<meta property=\"og:title\" content=\"NAD M12 | Freakuence!\" \/>\n<meta property=\"og:description\" content=\"Description Freakuence ! Merveilleux appareil ! Pr\u00e9amplificateur tr\u00e8s \u00e9pais de la meilleure ligne de NAD. Un appareil extr\u00eamement rapide et s\u00fbr. Une large gamme de fr\u00e9quences. Le DAC est dot\u00e9 d&rsquo;une haute r\u00e9solution. Les options de connectivit\u00e9 sont \u00e9tendues, avec un support pour les sources num\u00e9riques et analogiques. Les fonctions multiroom sont bien int\u00e9gr\u00e9es. Allez-y [&hellip;]\" \/>\n<meta property=\"og:url\" content=\"https:\/\/dev.freakuence.nl\/fr\/produit\/nad-m12\/\" \/>\n<meta property=\"og:site_name\" content=\"Freakuence!\" \/>\n<meta property=\"article:modified_time\" content=\"2026-04-17T02:01:56+00:00\" \/>\n<meta property=\"og:image\" content=\"https:\/\/dev.freakuence.nl\/wp-content\/uploads\/2025\/09\/1754317460-IMG9099-scaled.jpg\" \/>\n\t<meta property=\"og:image:width\" content=\"1800\" \/>\n\t<meta property=\"og:image:height\" content=\"1200\" \/>\n\t<meta property=\"og:image:type\" content=\"image\/jpeg\" \/>\n<meta name=\"twitter:card\" content=\"summary_large_image\" \/>\n<script type=\"application\/ld+json\" class=\"yoast-schema-graph\">{\"@context\":\"https:\/\/schema.org\",\"@graph\":[{\"@type\":\"WebPage\",\"@id\":\"https:\/\/dev.freakuence.nl\/fr\/produit\/nad-m12\/\",\"url\":\"https:\/\/dev.freakuence.nl\/fr\/produit\/nad-m12\/\",\"name\":\"NAD M12 | Freakuence!\",\"isPartOf\":{\"@id\":\"https:\/\/dev.freakuence.nl\/fr\/#website\"},\"primaryImageOfPage\":{\"@id\":\"https:\/\/dev.freakuence.nl\/fr\/produit\/nad-m12\/#primaryimage\"},\"image\":{\"@id\":\"https:\/\/dev.freakuence.nl\/fr\/produit\/nad-m12\/#primaryimage\"},\"thumbnailUrl\":\"https:\/\/dev.freakuence.nl\/wp-content\/uploads\/2025\/09\/1754317460-IMG9099-scaled.jpg\",\"datePublished\":\"2025-08-06T10:35:03+00:00\",\"dateModified\":\"2026-04-17T02:01:56+00:00\",\"breadcrumb\":{\"@id\":\"https:\/\/dev.freakuence.nl\/fr\/produit\/nad-m12\/#breadcrumb\"},\"inLanguage\":\"fr-FR\",\"potentialAction\":[{\"@type\":\"ReadAction\",\"target\":[\"https:\/\/dev.freakuence.nl\/fr\/produit\/nad-m12\/\"]}]},{\"@type\":\"ImageObject\",\"inLanguage\":\"fr-FR\",\"@id\":\"https:\/\/dev.freakuence.nl\/fr\/produit\/nad-m12\/#primaryimage\",\"url\":\"https:\/\/dev.freakuence.nl\/wp-content\/uploads\/2025\/09\/1754317460-IMG9099-scaled.jpg\",\"contentUrl\":\"https:\/\/dev.freakuence.nl\/wp-content\/uploads\/2025\/09\/1754317460-IMG9099-scaled.jpg\",\"width\":1800,\"height\":1200},{\"@type\":\"BreadcrumbList\",\"@id\":\"https:\/\/dev.freakuence.nl\/fr\/produit\/nad-m12\/#breadcrumb\",\"itemListElement\":[{\"@type\":\"ListItem\",\"position\":1,\"name\":\"Accueil\",\"item\":\"https:\/\/dev.freakuence.nl\/fr\/\"},{\"@type\":\"ListItem\",\"position\":2,\"name\":\"Products\",\"item\":\"https:\/\/dev.freakuence.nl\/en\/products\/\"},{\"@type\":\"ListItem\",\"position\":3,\"name\":\"NAD M12\"}]},{\"@type\":\"WebSite\",\"@id\":\"https:\/\/dev.freakuence.nl\/fr\/#website\",\"url\":\"https:\/\/dev.freakuence.nl\/fr\/\",\"name\":\"Freakuence!\",\"description\":\"Freakuence!\",\"alternateName\":\"Freakuence\",\"potentialAction\":[{\"@type\":\"SearchAction\",\"target\":{\"@type\":\"EntryPoint\",\"urlTemplate\":\"https:\/\/dev.freakuence.nl\/fr\/?s={search_term_string}\"},\"query-input\":{\"@type\":\"PropertyValueSpecification\",\"valueRequired\":true,\"valueName\":\"search_term_string\"}}],\"inLanguage\":\"fr-FR\"}]}<\/script>\n<!-- \/ Yoast SEO plugin. -->","yoast_head_json":{"title":"NAD M12 | Freakuence!","robots":{"index":"noindex","follow":"follow","max-snippet":"max-snippet:-1","max-image-preview":"max-image-preview:large","max-video-preview":"max-video-preview:-1"},"og_locale":"fr_FR","og_type":"article","og_title":"NAD M12 | Freakuence!","og_description":"Description Freakuence ! Merveilleux appareil ! Pr\u00e9amplificateur tr\u00e8s \u00e9pais de la meilleure ligne de NAD. Un appareil extr\u00eamement rapide et s\u00fbr. Une large gamme de fr\u00e9quences. Le DAC est dot\u00e9 d&rsquo;une haute r\u00e9solution. Les options de connectivit\u00e9 sont \u00e9tendues, avec un support pour les sources num\u00e9riques et analogiques. Les fonctions multiroom sont bien int\u00e9gr\u00e9es. Allez-y [&hellip;]","og_url":"https:\/\/dev.freakuence.nl\/fr\/produit\/nad-m12\/","og_site_name":"Freakuence!","article_modified_time":"2026-04-17T02:01:56+00:00","og_image":[{"width":1800,"height":1200,"url":"https:\/\/dev.freakuence.nl\/wp-content\/uploads\/2025\/09\/1754317460-IMG9099-scaled.jpg","type":"image\/jpeg"}],"twitter_card":"summary_large_image","schema":{"@context":"https:\/\/schema.org","@graph":[{"@type":"WebPage","@id":"https:\/\/dev.freakuence.nl\/fr\/produit\/nad-m12\/","url":"https:\/\/dev.freakuence.nl\/fr\/produit\/nad-m12\/","name":"NAD M12 | Freakuence!","isPartOf":{"@id":"https:\/\/dev.freakuence.nl\/fr\/#website"},"primaryImageOfPage":{"@id":"https:\/\/dev.freakuence.nl\/fr\/produit\/nad-m12\/#primaryimage"},"image":{"@id":"https:\/\/dev.freakuence.nl\/fr\/produit\/nad-m12\/#primaryimage"},"thumbnailUrl":"https:\/\/dev.freakuence.nl\/wp-content\/uploads\/2025\/09\/1754317460-IMG9099-scaled.jpg","datePublished":"2025-08-06T10:35:03+00:00","dateModified":"2026-04-17T02:01:56+00:00","breadcrumb":{"@id":"https:\/\/dev.freakuence.nl\/fr\/produit\/nad-m12\/#breadcrumb"},"inLanguage":"fr-FR","potentialAction":[{"@type":"ReadAction","target":["https:\/\/dev.freakuence.nl\/fr\/produit\/nad-m12\/"]}]},{"@type":"ImageObject","inLanguage":"fr-FR","@id":"https:\/\/dev.freakuence.nl\/fr\/produit\/nad-m12\/#primaryimage","url":"https:\/\/dev.freakuence.nl\/wp-content\/uploads\/2025\/09\/1754317460-IMG9099-scaled.jpg","contentUrl":"https:\/\/dev.freakuence.nl\/wp-content\/uploads\/2025\/09\/1754317460-IMG9099-scaled.jpg","width":1800,"height":1200},{"@type":"BreadcrumbList","@id":"https:\/\/dev.freakuence.nl\/fr\/produit\/nad-m12\/#breadcrumb","itemListElement":[{"@type":"ListItem","position":1,"name":"Accueil","item":"https:\/\/dev.freakuence.nl\/fr\/"},{"@type":"ListItem","position":2,"name":"Products","item":"https:\/\/dev.freakuence.nl\/en\/products\/"},{"@type":"ListItem","position":3,"name":"NAD M12"}]},{"@type":"WebSite","@id":"https:\/\/dev.freakuence.nl\/fr\/#website","url":"https:\/\/dev.freakuence.nl\/fr\/","name":"Freakuence!","description":"Freakuence!","alternateName":"Freakuence","potentialAction":[{"@type":"SearchAction","target":{"@type":"EntryPoint","urlTemplate":"https:\/\/dev.freakuence.nl\/fr\/?s={search_term_string}"},"query-input":{"@type":"PropertyValueSpecification","valueRequired":true,"valueName":"search_term_string"}}],"inLanguage":"fr-FR"}]}},"_links":{"self":[{"href":"https:\/\/dev.freakuence.nl\/fr\/wp-json\/wp\/v2\/product\/308677","targetHints":{"allow":["GET"]}}],"collection":[{"href":"https:\/\/dev.freakuence.nl\/fr\/wp-json\/wp\/v2\/product"}],"about":[{"href":"https:\/\/dev.freakuence.nl\/fr\/wp-json\/wp\/v2\/types\/product"}],"version-history":[{"count":1,"href":"https:\/\/dev.freakuence.nl\/fr\/wp-json\/wp\/v2\/product\/308677\/revisions"}],"predecessor-version":[{"id":317951,"href":"https:\/\/dev.freakuence.nl\/fr\/wp-json\/wp\/v2\/product\/308677\/revisions\/317951"}],"wp:featuredmedia":[{"embeddable":true,"href":"https:\/\/dev.freakuence.nl\/fr\/wp-json\/wp\/v2\/media\/308681"}],"wp:attachment":[{"href":"https:\/\/dev.freakuence.nl\/fr\/wp-json\/wp\/v2\/media?parent=308677"}],"wp:term":[{"taxonomy":"product_brand","embeddable":true,"href":"https:\/\/dev.freakuence.nl\/fr\/wp-json\/wp\/v2\/product_brand?post=308677"},{"taxonomy":"product_cat","embeddable":true,"href":"https:\/\/dev.freakuence.nl\/fr\/wp-json\/wp\/v2\/product_cat?post=308677"},{"taxonomy":"product_tag","embeddable":true,"href":"https:\/\/dev.freakuence.nl\/fr\/wp-json\/wp\/v2\/product_tag?post=308677"}],"curies":[{"name":"wp","href":"https:\/\/api.w.org\/{rel}","templated":true}]}}