{"id":309084,"date":"2025-09-08T12:51:26","date_gmt":"2025-09-08T10:51:26","guid":{"rendered":"https:\/\/dev.freakuence.nl\/product\/kef-r5-meta\/"},"modified":"2026-03-20T07:26:12","modified_gmt":"2026-03-20T06:26:12","slug":"kef-r5-meta","status":"publish","type":"product","link":"https:\/\/dev.freakuence.nl\/fr\/produit\/kef-r5-meta\/","title":{"rendered":"KEF R5 meta"},"content":{"rendered":"<div class=\"product-specifications-list\">\n<div class=\"specification-item row-even\"><span class=\"spec-content\"><strong>Description Freakuence !<\/strong><\/span><\/div>\n<div class=\"specification-item row-odd\"><span class=\"spec-content\"><\/p>\n<p>Les m\u00e9diums et les aigus sont clairement restitu\u00e9s, sans se dominer l&rsquo;un l&rsquo;autre. La conception est r\u00e9gl\u00e9e pour le raffinement, avec des d\u00e9tails qui ressortent bien. Les voix sont calmes et au premier plan. Une f\u00eate (de temps en temps) est \u00e9galement bien r\u00e9ussie.   <\/p>\n<p><\/span><\/div>\n<div class=\"specification-item row-even\"><span class=\"spec-content\"><strong>D\u00e9tails<\/strong><\/span><\/div>\n<div class=\"specification-item row-odd\"><span class=\"spec-content\"><\/p>\n<p>D\u00e9monstration de l&rsquo;importateur. Les mod\u00e8les d&rsquo;exposition n&rsquo;ont pratiquement pas d&rsquo;heures de fonctionnement, voire pas du tout (tous les produits ne peuvent pas \u00eatre allum\u00e9s en m\u00eame temps sur un stand d&rsquo;exposition). Ils sont sortis de leur bo\u00eete, expos\u00e9s et souvent envoy\u00e9s directement \u00e0 notre magasin. Avec toute la garantie officielle du fabricant !  <\/span><\/div>\n<div class=\"specification-item row-even\"><span class=\"spec-content\">Le mat\u00e9riau des unit\u00e9s est moins courant, c&rsquo;est pourquoi les gens ont tendance \u00e0 les sentir (des gens bizarres, ces passionn\u00e9s d&rsquo;audio), ce qui se traduit par des bosses fr\u00e9quentes dans les unit\u00e9s, comme c&rsquo;est le cas ici (voir les photos). Jouez parfaitement ! <\/span><\/div>\n<div class=\"specification-item row-odd\"><span class=\"spec-content\">Produit TVA. Les entrepreneurs, les personnes en dehors de l&rsquo;UE, en profitent. <\/span><\/div>\n<div class=\"specification-item row-even\"><span class=\"spec-content\">Autres couleurs possibles ! Nous sommes revendeurs, n&rsquo;h\u00e9sitez pas \u00e0 nous envoyer un message. \u00c9ventuellement avec votre demande de reprise.  <\/p>\n<p><\/span><\/div>\n<div class=\"specification-item row-odd\"><span class=\"spec-content\">Prix de vente au d\u00e9tail : 3500,00<\/span><\/div>\n<div class=\"specification-item row-even\"><span class=\"spec-content\"><strong>Description g\u00e9n\u00e9rale<\/strong><\/span><\/div>\n<div class=\"specification-item row-odd\"><span class=\"spec-content\"><\/p>\n<p>Cette enceinte fine et \u00e9l\u00e9gante est compacte mais offre un son tr\u00e8s d\u00e9taill\u00e9 et des basses profondes et nettes. Elle est \u00e9quip\u00e9e du syst\u00e8me de haut-parleurs Uni-Q de 12e g\u00e9n\u00e9ration avec technologie d&rsquo;absorption par m\u00e9tamat\u00e9riaux (MAT) et de deux haut-parleurs de basses hybrides en aluminium de 13 cm. La MAT absorbe 99 % des bruits ind\u00e9sirables pour un son pur et naturel. Les haut-parleurs de basses hybrides en aluminium \u00e0 excursion \u00e9tendue offrent des basses serr\u00e9es, profondes et contr\u00f4l\u00e9es. Le syst\u00e8me Uni-Q de 12e g\u00e9n\u00e9ration agit comme une source ponctuelle unique pour augmenter la zone d&rsquo;\u00e9coute et diffuser le son plus uniform\u00e9ment. L&rsquo;enceinte peut \u00eatre utilis\u00e9e comme paire st\u00e9r\u00e9o ou comme enceinte surround au sein d&rsquo;un syst\u00e8me de home cin\u00e9ma de la s\u00e9rie R. Les panneaux avant en microfibre sp\u00e9ciale comportent 1801 trous d\u00e9coup\u00e9s avec pr\u00e9cision pour chaque haut-parleur, ce qui garantit des performances m\u00eame lorsque les haut-parleurs sont recouverts.      <\/p>\n<p><\/span><\/div>\n<div class=\"specification-item row-even\"><span class=\"spec-content\"><strong>Informations g\u00e9n\u00e9rales<\/strong><\/span><\/div>\n<div class=\"specification-item row-odd\"><span class=\"spec-content\"><\/p>\n<p>Le KEF R3 Meta est con\u00e7u selon la philosophie acoustique de KEF : un son clair et pr\u00e9cis avec une distorsion minimale. Le haut-parleur est \u00e9quip\u00e9 du tout dernier ensemble de haut-parleurs Uni-Q avec la technologie d&rsquo;absorption par m\u00e9tamat\u00e9riaux (MAT), qui absorbe les r\u00e9sonances ind\u00e9sirables jusqu&rsquo;\u00e0 99 %. Le coffret est renforc\u00e9 par la technologie Constrained Layer Damping pour r\u00e9duire les vibrations. D\u00e9velopp\u00e9 par l&rsquo;\u00e9quipe acoustique de KEF dirig\u00e9e par Jack Oclee-Brown.   <\/p>\n<p><\/span><\/div>\n<div class=\"specification-item row-even\"><span class=\"spec-content\"><strong>Histoire de la marque<\/strong><\/span><\/div>\n<div class=\"specification-item row-odd\"><span class=\"spec-content\"><\/p>\n<p>KEF a \u00e9t\u00e9 fond\u00e9e en 1961 par Raymond Cooke \u00e0 Maidstone, dans le Kent, au Royaume-Uni. Le nom d\u00e9rive de Kent Engineering &amp; Foundry, o\u00f9 l&rsquo;atelier d&rsquo;origine \u00e9tait situ\u00e9 sur le site de l&rsquo;usine de construction m\u00e9tallique de Kent Engineering. Raymond Cooke \u00e9tait un ancien ing\u00e9nieur du son de la BBC. D\u00e8s le d\u00e9but, la soci\u00e9t\u00e9 a utilis\u00e9 des mat\u00e9riaux synth\u00e9tiques et effectu\u00e9 des mesures dans des conditions contr\u00f4l\u00e9es. En 1973, un laboratoire acoustique sp\u00e9cial est ouvert pour les d\u00e9veloppements techniques. En 1988, KEF a mis au point le haut-parleur Uni-Q, dans lequel les haut-parleurs d&rsquo;aigus et de m\u00e9diums sont plac\u00e9s ensemble dans un m\u00eame axe. Depuis 2005, le si\u00e8ge de l&rsquo;entreprise est situ\u00e9 dans l&rsquo;East Sussex, au Royaume-Uni. Au fil des ans, la marque s&rsquo;est concentr\u00e9e sur la construction de haut-parleurs, y compris des mod\u00e8les sur pied, des mod\u00e8les de biblioth\u00e8que et des haut-parleurs encastr\u00e9s, ainsi que des produits de lecture portables.       <\/p>\n<p><\/span><\/div>\n<\/div>\n","protected":false},"excerpt":{"rendered":"<p>Description Freakuence ! Les m\u00e9diums et les aigus sont clairement restitu\u00e9s, sans se dominer l&rsquo;un l&rsquo;autre. La conception est r\u00e9gl\u00e9e pour le raffinement, avec des d\u00e9tails qui ressortent bien. Les voix sont calmes et au premier plan. Une f\u00eate (de temps en temps) est \u00e9galement bien r\u00e9ussie. D\u00e9tails D\u00e9monstration de l&rsquo;importateur. Les mod\u00e8les d&rsquo;exposition n&rsquo;ont [&hellip;]<\/p>\n","protected":false},"featured_media":309086,"template":"","meta":{"_acf_changed":false,"inline_featured_image":false},"product_brand":[],"product_cat":[551],"product_tag":[592],"class_list":{"0":"post-309084","1":"product","2":"type-product","3":"status-publish","4":"has-post-thumbnail","6":"product_cat-intervenants","7":"product_tag-demo","8":"pa_kleur-blanc","10":"first","11":"instock","12":"purchasable","13":"product-type-simple"},"acf":[],"yoast_head":"<!-- This site is optimized with the Yoast SEO plugin v25.9 - https:\/\/yoast.com\/wordpress\/plugins\/seo\/ -->\n<title>KEF R5 meta | Freakuence!<\/title>\n<meta name=\"robots\" content=\"noindex, follow, max-snippet:-1, max-image-preview:large, max-video-preview:-1\" \/>\n<meta property=\"og:locale\" content=\"fr_FR\" \/>\n<meta property=\"og:type\" content=\"article\" \/>\n<meta property=\"og:title\" content=\"KEF R5 meta | Freakuence!\" \/>\n<meta property=\"og:description\" content=\"Description Freakuence ! Les m\u00e9diums et les aigus sont clairement restitu\u00e9s, sans se dominer l&rsquo;un l&rsquo;autre. La conception est r\u00e9gl\u00e9e pour le raffinement, avec des d\u00e9tails qui ressortent bien. Les voix sont calmes et au premier plan. Une f\u00eate (de temps en temps) est \u00e9galement bien r\u00e9ussie. D\u00e9tails D\u00e9monstration de l&rsquo;importateur. Les mod\u00e8les d&rsquo;exposition n&rsquo;ont [&hellip;]\" \/>\n<meta property=\"og:url\" content=\"https:\/\/dev.freakuence.nl\/fr\/produit\/kef-r5-meta\/\" \/>\n<meta property=\"og:site_name\" content=\"Freakuence!\" \/>\n<meta property=\"article:modified_time\" content=\"2026-03-20T06:26:12+00:00\" \/>\n<meta property=\"og:image\" content=\"https:\/\/dev.freakuence.nl\/wp-content\/uploads\/2025\/09\/1757328644-Schermafbeelding2025-09-08124512.png\" \/>\n\t<meta property=\"og:image:width\" content=\"982\" \/>\n\t<meta property=\"og:image:height\" content=\"1411\" \/>\n\t<meta property=\"og:image:type\" content=\"image\/png\" \/>\n<meta name=\"twitter:card\" content=\"summary_large_image\" \/>\n<script type=\"application\/ld+json\" class=\"yoast-schema-graph\">{\"@context\":\"https:\/\/schema.org\",\"@graph\":[{\"@type\":\"WebPage\",\"@id\":\"https:\/\/dev.freakuence.nl\/fr\/produit\/kef-r5-meta\/\",\"url\":\"https:\/\/dev.freakuence.nl\/fr\/produit\/kef-r5-meta\/\",\"name\":\"KEF R5 meta | Freakuence!\",\"isPartOf\":{\"@id\":\"https:\/\/dev.freakuence.nl\/fr\/#website\"},\"primaryImageOfPage\":{\"@id\":\"https:\/\/dev.freakuence.nl\/fr\/produit\/kef-r5-meta\/#primaryimage\"},\"image\":{\"@id\":\"https:\/\/dev.freakuence.nl\/fr\/produit\/kef-r5-meta\/#primaryimage\"},\"thumbnailUrl\":\"https:\/\/dev.freakuence.nl\/wp-content\/uploads\/2025\/09\/1757328644-Schermafbeelding2025-09-08124512.png\",\"datePublished\":\"2025-09-08T10:51:26+00:00\",\"dateModified\":\"2026-03-20T06:26:12+00:00\",\"breadcrumb\":{\"@id\":\"https:\/\/dev.freakuence.nl\/fr\/produit\/kef-r5-meta\/#breadcrumb\"},\"inLanguage\":\"fr-FR\",\"potentialAction\":[{\"@type\":\"ReadAction\",\"target\":[\"https:\/\/dev.freakuence.nl\/fr\/produit\/kef-r5-meta\/\"]}]},{\"@type\":\"ImageObject\",\"inLanguage\":\"fr-FR\",\"@id\":\"https:\/\/dev.freakuence.nl\/fr\/produit\/kef-r5-meta\/#primaryimage\",\"url\":\"https:\/\/dev.freakuence.nl\/wp-content\/uploads\/2025\/09\/1757328644-Schermafbeelding2025-09-08124512.png\",\"contentUrl\":\"https:\/\/dev.freakuence.nl\/wp-content\/uploads\/2025\/09\/1757328644-Schermafbeelding2025-09-08124512.png\",\"width\":982,\"height\":1411},{\"@type\":\"BreadcrumbList\",\"@id\":\"https:\/\/dev.freakuence.nl\/fr\/produit\/kef-r5-meta\/#breadcrumb\",\"itemListElement\":[{\"@type\":\"ListItem\",\"position\":1,\"name\":\"Accueil\",\"item\":\"https:\/\/dev.freakuence.nl\/fr\/\"},{\"@type\":\"ListItem\",\"position\":2,\"name\":\"Products\",\"item\":\"https:\/\/dev.freakuence.nl\/en\/products\/\"},{\"@type\":\"ListItem\",\"position\":3,\"name\":\"KEF R5 meta\"}]},{\"@type\":\"WebSite\",\"@id\":\"https:\/\/dev.freakuence.nl\/fr\/#website\",\"url\":\"https:\/\/dev.freakuence.nl\/fr\/\",\"name\":\"Freakuence!\",\"description\":\"Freakuence!\",\"alternateName\":\"Freakuence\",\"potentialAction\":[{\"@type\":\"SearchAction\",\"target\":{\"@type\":\"EntryPoint\",\"urlTemplate\":\"https:\/\/dev.freakuence.nl\/fr\/?s={search_term_string}\"},\"query-input\":{\"@type\":\"PropertyValueSpecification\",\"valueRequired\":true,\"valueName\":\"search_term_string\"}}],\"inLanguage\":\"fr-FR\"}]}<\/script>\n<!-- \/ Yoast SEO plugin. -->","yoast_head_json":{"title":"KEF R5 meta | Freakuence!","robots":{"index":"noindex","follow":"follow","max-snippet":"max-snippet:-1","max-image-preview":"max-image-preview:large","max-video-preview":"max-video-preview:-1"},"og_locale":"fr_FR","og_type":"article","og_title":"KEF R5 meta | Freakuence!","og_description":"Description Freakuence ! Les m\u00e9diums et les aigus sont clairement restitu\u00e9s, sans se dominer l&rsquo;un l&rsquo;autre. La conception est r\u00e9gl\u00e9e pour le raffinement, avec des d\u00e9tails qui ressortent bien. Les voix sont calmes et au premier plan. Une f\u00eate (de temps en temps) est \u00e9galement bien r\u00e9ussie. D\u00e9tails D\u00e9monstration de l&rsquo;importateur. Les mod\u00e8les d&rsquo;exposition n&rsquo;ont [&hellip;]","og_url":"https:\/\/dev.freakuence.nl\/fr\/produit\/kef-r5-meta\/","og_site_name":"Freakuence!","article_modified_time":"2026-03-20T06:26:12+00:00","og_image":[{"width":982,"height":1411,"url":"https:\/\/dev.freakuence.nl\/wp-content\/uploads\/2025\/09\/1757328644-Schermafbeelding2025-09-08124512.png","type":"image\/png"}],"twitter_card":"summary_large_image","schema":{"@context":"https:\/\/schema.org","@graph":[{"@type":"WebPage","@id":"https:\/\/dev.freakuence.nl\/fr\/produit\/kef-r5-meta\/","url":"https:\/\/dev.freakuence.nl\/fr\/produit\/kef-r5-meta\/","name":"KEF R5 meta | Freakuence!","isPartOf":{"@id":"https:\/\/dev.freakuence.nl\/fr\/#website"},"primaryImageOfPage":{"@id":"https:\/\/dev.freakuence.nl\/fr\/produit\/kef-r5-meta\/#primaryimage"},"image":{"@id":"https:\/\/dev.freakuence.nl\/fr\/produit\/kef-r5-meta\/#primaryimage"},"thumbnailUrl":"https:\/\/dev.freakuence.nl\/wp-content\/uploads\/2025\/09\/1757328644-Schermafbeelding2025-09-08124512.png","datePublished":"2025-09-08T10:51:26+00:00","dateModified":"2026-03-20T06:26:12+00:00","breadcrumb":{"@id":"https:\/\/dev.freakuence.nl\/fr\/produit\/kef-r5-meta\/#breadcrumb"},"inLanguage":"fr-FR","potentialAction":[{"@type":"ReadAction","target":["https:\/\/dev.freakuence.nl\/fr\/produit\/kef-r5-meta\/"]}]},{"@type":"ImageObject","inLanguage":"fr-FR","@id":"https:\/\/dev.freakuence.nl\/fr\/produit\/kef-r5-meta\/#primaryimage","url":"https:\/\/dev.freakuence.nl\/wp-content\/uploads\/2025\/09\/1757328644-Schermafbeelding2025-09-08124512.png","contentUrl":"https:\/\/dev.freakuence.nl\/wp-content\/uploads\/2025\/09\/1757328644-Schermafbeelding2025-09-08124512.png","width":982,"height":1411},{"@type":"BreadcrumbList","@id":"https:\/\/dev.freakuence.nl\/fr\/produit\/kef-r5-meta\/#breadcrumb","itemListElement":[{"@type":"ListItem","position":1,"name":"Accueil","item":"https:\/\/dev.freakuence.nl\/fr\/"},{"@type":"ListItem","position":2,"name":"Products","item":"https:\/\/dev.freakuence.nl\/en\/products\/"},{"@type":"ListItem","position":3,"name":"KEF R5 meta"}]},{"@type":"WebSite","@id":"https:\/\/dev.freakuence.nl\/fr\/#website","url":"https:\/\/dev.freakuence.nl\/fr\/","name":"Freakuence!","description":"Freakuence!","alternateName":"Freakuence","potentialAction":[{"@type":"SearchAction","target":{"@type":"EntryPoint","urlTemplate":"https:\/\/dev.freakuence.nl\/fr\/?s={search_term_string}"},"query-input":{"@type":"PropertyValueSpecification","valueRequired":true,"valueName":"search_term_string"}}],"inLanguage":"fr-FR"}]}},"_links":{"self":[{"href":"https:\/\/dev.freakuence.nl\/fr\/wp-json\/wp\/v2\/product\/309084","targetHints":{"allow":["GET"]}}],"collection":[{"href":"https:\/\/dev.freakuence.nl\/fr\/wp-json\/wp\/v2\/product"}],"about":[{"href":"https:\/\/dev.freakuence.nl\/fr\/wp-json\/wp\/v2\/types\/product"}],"version-history":[{"count":0,"href":"https:\/\/dev.freakuence.nl\/fr\/wp-json\/wp\/v2\/product\/309084\/revisions"}],"wp:featuredmedia":[{"embeddable":true,"href":"https:\/\/dev.freakuence.nl\/fr\/wp-json\/wp\/v2\/media\/309086"}],"wp:attachment":[{"href":"https:\/\/dev.freakuence.nl\/fr\/wp-json\/wp\/v2\/media?parent=309084"}],"wp:term":[{"taxonomy":"product_brand","embeddable":true,"href":"https:\/\/dev.freakuence.nl\/fr\/wp-json\/wp\/v2\/product_brand?post=309084"},{"taxonomy":"product_cat","embeddable":true,"href":"https:\/\/dev.freakuence.nl\/fr\/wp-json\/wp\/v2\/product_cat?post=309084"},{"taxonomy":"product_tag","embeddable":true,"href":"https:\/\/dev.freakuence.nl\/fr\/wp-json\/wp\/v2\/product_tag?post=309084"}],"curies":[{"name":"wp","href":"https:\/\/api.w.org\/{rel}","templated":true}]}}