{"id":309415,"date":"2025-09-12T11:35:07","date_gmt":"2025-09-12T09:35:07","guid":{"rendered":"https:\/\/dev.freakuence.nl\/product\/obelisque-de-heed\/"},"modified":"2026-04-11T04:10:24","modified_gmt":"2026-04-11T02:10:24","slug":"obelisque-de-heed","status":"publish","type":"product","link":"https:\/\/dev.freakuence.nl\/fr\/produit\/obelisque-de-heed\/","title":{"rendered":"Ob\u00e9lisque de Heed"},"content":{"rendered":"<div class=\"product-specifications-list\">\n<div class=\"specification-item row-even\"><span class=\"spec-content\"><strong>Description Freakuence !<\/strong><\/span><\/div>\n<div class=\"specification-item row-odd\"><span class=\"spec-content\"><\/p>\n<p>Le Heed Obelisk vous offre une lecture chaleureuse. Naturelle. Il pilote \u00e9tonnamment bien les enceintes \u00e0 faible sensibilit\u00e9. Pas de stress !   <\/p>\n<p><\/span><\/div>\n<div class=\"specification-item row-even\"><span class=\"spec-content\"><strong>D\u00e9tails<\/strong><\/span><\/div>\n<div class=\"specification-item row-odd\"><span class=\"spec-content\">Prix de vente au d\u00e9tail : 1290.00<\/span><\/div>\n<div class=\"specification-item row-even\"><span class=\"spec-content\"><strong>Histoire de la marque<\/strong><\/span><\/div>\n<div class=\"specification-item row-odd\"><span class=\"spec-content\"><\/p>\n<p>Heed Audio est une soci\u00e9t\u00e9 hongroise qui con\u00e7oit et fabrique du mat\u00e9riel audio de haute qualit\u00e9. L&rsquo;entreprise a redonn\u00e9 vie au Ion Obelisk, un amplificateur compact des ann\u00e9es 1980, en modernisant son design et ses composants internes. En outre, Heed Audio a d\u00e9velopp\u00e9 l&rsquo;amplificateur int\u00e9gr\u00e9 Elixir, qui combine quatre fonctions principales : un pr\u00e9amplificateur avec une sortie d\u00e9di\u00e9e, un puissant amplificateur de puissance, un pr\u00e9amplificateur phono pour cartouches MM et un amplificateur de casque de haute qualit\u00e9. L&rsquo;entreprise utilise la technologie Transcap, une technologie d&rsquo;amplificateur \u00e0 couplage non direct qui utilise un condensateur de sortie pour assurer une alimentation rapide et pr\u00e9cise des haut-parleurs. Heed Audio fabrique son mat\u00e9riel \u00e0 la main en Europe et pr\u00eate attention \u00e0 chaque d\u00e9tail, de la soudure des circuits imprim\u00e9s au r\u00e9glage fin du bouton de volume.    <\/p>\n<p><\/span><\/div>\n<\/div>\n","protected":false},"excerpt":{"rendered":"<p>Description Freakuence ! Le Heed Obelisk vous offre une lecture chaleureuse. Naturelle. Il pilote \u00e9tonnamment bien les enceintes \u00e0 faible sensibilit\u00e9. Pas de stress ! D\u00e9tails Prix de vente au d\u00e9tail : 1290.00 Histoire de la marque Heed Audio est une soci\u00e9t\u00e9 hongroise qui con\u00e7oit et fabrique du mat\u00e9riel audio de haute qualit\u00e9. L&rsquo;entreprise a [&hellip;]<\/p>\n","protected":false},"featured_media":309416,"template":"","meta":{"_acf_changed":false,"inline_featured_image":false},"product_brand":[],"product_cat":[558,719,766],"product_tag":[554],"class_list":{"0":"post-309415","1":"product","2":"type-product","3":"status-publish","4":"has-post-thumbnail","6":"product_cat-amplificateurs","7":"product_cat-cables-et-connecteurs","8":"product_cat-classe-a-amplificateurs-stereo-a-b","9":"product_tag-used","10":"pa_kleur-noir","12":"first","13":"instock","14":"purchasable","15":"product-type-simple"},"acf":[],"yoast_head":"<!-- This site is optimized with the Yoast SEO plugin v25.9 - https:\/\/yoast.com\/wordpress\/plugins\/seo\/ -->\n<title>Ob\u00e9lisque de Heed | Freakuence!<\/title>\n<meta name=\"robots\" content=\"noindex, follow, max-snippet:-1, max-image-preview:large, max-video-preview:-1\" \/>\n<meta property=\"og:locale\" content=\"fr_FR\" \/>\n<meta property=\"og:type\" content=\"article\" \/>\n<meta property=\"og:title\" content=\"Ob\u00e9lisque de Heed | Freakuence!\" \/>\n<meta property=\"og:description\" content=\"Description Freakuence ! Le Heed Obelisk vous offre une lecture chaleureuse. Naturelle. Il pilote \u00e9tonnamment bien les enceintes \u00e0 faible sensibilit\u00e9. Pas de stress ! D\u00e9tails Prix de vente au d\u00e9tail : 1290.00 Histoire de la marque Heed Audio est une soci\u00e9t\u00e9 hongroise qui con\u00e7oit et fabrique du mat\u00e9riel audio de haute qualit\u00e9. L&rsquo;entreprise a [&hellip;]\" \/>\n<meta property=\"og:url\" content=\"https:\/\/dev.freakuence.nl\/fr\/produit\/obelisque-de-heed\/\" \/>\n<meta property=\"og:site_name\" content=\"Freakuence!\" \/>\n<meta property=\"article:modified_time\" content=\"2026-04-11T02:10:24+00:00\" \/>\n<meta property=\"og:image\" content=\"https:\/\/dev.freakuence.nl\/wp-content\/uploads\/2025\/09\/1757669632-IMG2054-1-scaled.jpg\" \/>\n\t<meta property=\"og:image:width\" content=\"1800\" \/>\n\t<meta property=\"og:image:height\" content=\"1200\" \/>\n\t<meta property=\"og:image:type\" content=\"image\/jpeg\" \/>\n<meta name=\"twitter:card\" content=\"summary_large_image\" \/>\n<script type=\"application\/ld+json\" class=\"yoast-schema-graph\">{\"@context\":\"https:\/\/schema.org\",\"@graph\":[{\"@type\":\"WebPage\",\"@id\":\"https:\/\/dev.freakuence.nl\/fr\/produit\/obelisque-de-heed\/\",\"url\":\"https:\/\/dev.freakuence.nl\/fr\/produit\/obelisque-de-heed\/\",\"name\":\"Ob\u00e9lisque de Heed | Freakuence!\",\"isPartOf\":{\"@id\":\"https:\/\/dev.freakuence.nl\/fr\/#website\"},\"primaryImageOfPage\":{\"@id\":\"https:\/\/dev.freakuence.nl\/fr\/produit\/obelisque-de-heed\/#primaryimage\"},\"image\":{\"@id\":\"https:\/\/dev.freakuence.nl\/fr\/produit\/obelisque-de-heed\/#primaryimage\"},\"thumbnailUrl\":\"https:\/\/dev.freakuence.nl\/wp-content\/uploads\/2025\/09\/1757669632-IMG2054-1-scaled.jpg\",\"datePublished\":\"2025-09-12T09:35:07+00:00\",\"dateModified\":\"2026-04-11T02:10:24+00:00\",\"breadcrumb\":{\"@id\":\"https:\/\/dev.freakuence.nl\/fr\/produit\/obelisque-de-heed\/#breadcrumb\"},\"inLanguage\":\"fr-FR\",\"potentialAction\":[{\"@type\":\"ReadAction\",\"target\":[\"https:\/\/dev.freakuence.nl\/fr\/produit\/obelisque-de-heed\/\"]}]},{\"@type\":\"ImageObject\",\"inLanguage\":\"fr-FR\",\"@id\":\"https:\/\/dev.freakuence.nl\/fr\/produit\/obelisque-de-heed\/#primaryimage\",\"url\":\"https:\/\/dev.freakuence.nl\/wp-content\/uploads\/2025\/09\/1757669632-IMG2054-1-scaled.jpg\",\"contentUrl\":\"https:\/\/dev.freakuence.nl\/wp-content\/uploads\/2025\/09\/1757669632-IMG2054-1-scaled.jpg\",\"width\":1800,\"height\":1200},{\"@type\":\"BreadcrumbList\",\"@id\":\"https:\/\/dev.freakuence.nl\/fr\/produit\/obelisque-de-heed\/#breadcrumb\",\"itemListElement\":[{\"@type\":\"ListItem\",\"position\":1,\"name\":\"Accueil\",\"item\":\"https:\/\/dev.freakuence.nl\/fr\/\"},{\"@type\":\"ListItem\",\"position\":2,\"name\":\"Products\",\"item\":\"https:\/\/dev.freakuence.nl\/en\/products\/\"},{\"@type\":\"ListItem\",\"position\":3,\"name\":\"Ob\u00e9lisque de Heed\"}]},{\"@type\":\"WebSite\",\"@id\":\"https:\/\/dev.freakuence.nl\/fr\/#website\",\"url\":\"https:\/\/dev.freakuence.nl\/fr\/\",\"name\":\"Freakuence!\",\"description\":\"Freakuence!\",\"alternateName\":\"Freakuence\",\"potentialAction\":[{\"@type\":\"SearchAction\",\"target\":{\"@type\":\"EntryPoint\",\"urlTemplate\":\"https:\/\/dev.freakuence.nl\/fr\/?s={search_term_string}\"},\"query-input\":{\"@type\":\"PropertyValueSpecification\",\"valueRequired\":true,\"valueName\":\"search_term_string\"}}],\"inLanguage\":\"fr-FR\"}]}<\/script>\n<!-- \/ Yoast SEO plugin. -->","yoast_head_json":{"title":"Ob\u00e9lisque de Heed | Freakuence!","robots":{"index":"noindex","follow":"follow","max-snippet":"max-snippet:-1","max-image-preview":"max-image-preview:large","max-video-preview":"max-video-preview:-1"},"og_locale":"fr_FR","og_type":"article","og_title":"Ob\u00e9lisque de Heed | Freakuence!","og_description":"Description Freakuence ! Le Heed Obelisk vous offre une lecture chaleureuse. Naturelle. Il pilote \u00e9tonnamment bien les enceintes \u00e0 faible sensibilit\u00e9. Pas de stress ! D\u00e9tails Prix de vente au d\u00e9tail : 1290.00 Histoire de la marque Heed Audio est une soci\u00e9t\u00e9 hongroise qui con\u00e7oit et fabrique du mat\u00e9riel audio de haute qualit\u00e9. L&rsquo;entreprise a [&hellip;]","og_url":"https:\/\/dev.freakuence.nl\/fr\/produit\/obelisque-de-heed\/","og_site_name":"Freakuence!","article_modified_time":"2026-04-11T02:10:24+00:00","og_image":[{"width":1800,"height":1200,"url":"https:\/\/dev.freakuence.nl\/wp-content\/uploads\/2025\/09\/1757669632-IMG2054-1-scaled.jpg","type":"image\/jpeg"}],"twitter_card":"summary_large_image","schema":{"@context":"https:\/\/schema.org","@graph":[{"@type":"WebPage","@id":"https:\/\/dev.freakuence.nl\/fr\/produit\/obelisque-de-heed\/","url":"https:\/\/dev.freakuence.nl\/fr\/produit\/obelisque-de-heed\/","name":"Ob\u00e9lisque de Heed | Freakuence!","isPartOf":{"@id":"https:\/\/dev.freakuence.nl\/fr\/#website"},"primaryImageOfPage":{"@id":"https:\/\/dev.freakuence.nl\/fr\/produit\/obelisque-de-heed\/#primaryimage"},"image":{"@id":"https:\/\/dev.freakuence.nl\/fr\/produit\/obelisque-de-heed\/#primaryimage"},"thumbnailUrl":"https:\/\/dev.freakuence.nl\/wp-content\/uploads\/2025\/09\/1757669632-IMG2054-1-scaled.jpg","datePublished":"2025-09-12T09:35:07+00:00","dateModified":"2026-04-11T02:10:24+00:00","breadcrumb":{"@id":"https:\/\/dev.freakuence.nl\/fr\/produit\/obelisque-de-heed\/#breadcrumb"},"inLanguage":"fr-FR","potentialAction":[{"@type":"ReadAction","target":["https:\/\/dev.freakuence.nl\/fr\/produit\/obelisque-de-heed\/"]}]},{"@type":"ImageObject","inLanguage":"fr-FR","@id":"https:\/\/dev.freakuence.nl\/fr\/produit\/obelisque-de-heed\/#primaryimage","url":"https:\/\/dev.freakuence.nl\/wp-content\/uploads\/2025\/09\/1757669632-IMG2054-1-scaled.jpg","contentUrl":"https:\/\/dev.freakuence.nl\/wp-content\/uploads\/2025\/09\/1757669632-IMG2054-1-scaled.jpg","width":1800,"height":1200},{"@type":"BreadcrumbList","@id":"https:\/\/dev.freakuence.nl\/fr\/produit\/obelisque-de-heed\/#breadcrumb","itemListElement":[{"@type":"ListItem","position":1,"name":"Accueil","item":"https:\/\/dev.freakuence.nl\/fr\/"},{"@type":"ListItem","position":2,"name":"Products","item":"https:\/\/dev.freakuence.nl\/en\/products\/"},{"@type":"ListItem","position":3,"name":"Ob\u00e9lisque de Heed"}]},{"@type":"WebSite","@id":"https:\/\/dev.freakuence.nl\/fr\/#website","url":"https:\/\/dev.freakuence.nl\/fr\/","name":"Freakuence!","description":"Freakuence!","alternateName":"Freakuence","potentialAction":[{"@type":"SearchAction","target":{"@type":"EntryPoint","urlTemplate":"https:\/\/dev.freakuence.nl\/fr\/?s={search_term_string}"},"query-input":{"@type":"PropertyValueSpecification","valueRequired":true,"valueName":"search_term_string"}}],"inLanguage":"fr-FR"}]}},"_links":{"self":[{"href":"https:\/\/dev.freakuence.nl\/fr\/wp-json\/wp\/v2\/product\/309415","targetHints":{"allow":["GET"]}}],"collection":[{"href":"https:\/\/dev.freakuence.nl\/fr\/wp-json\/wp\/v2\/product"}],"about":[{"href":"https:\/\/dev.freakuence.nl\/fr\/wp-json\/wp\/v2\/types\/product"}],"version-history":[{"count":1,"href":"https:\/\/dev.freakuence.nl\/fr\/wp-json\/wp\/v2\/product\/309415\/revisions"}],"predecessor-version":[{"id":318167,"href":"https:\/\/dev.freakuence.nl\/fr\/wp-json\/wp\/v2\/product\/309415\/revisions\/318167"}],"wp:featuredmedia":[{"embeddable":true,"href":"https:\/\/dev.freakuence.nl\/fr\/wp-json\/wp\/v2\/media\/309416"}],"wp:attachment":[{"href":"https:\/\/dev.freakuence.nl\/fr\/wp-json\/wp\/v2\/media?parent=309415"}],"wp:term":[{"taxonomy":"product_brand","embeddable":true,"href":"https:\/\/dev.freakuence.nl\/fr\/wp-json\/wp\/v2\/product_brand?post=309415"},{"taxonomy":"product_cat","embeddable":true,"href":"https:\/\/dev.freakuence.nl\/fr\/wp-json\/wp\/v2\/product_cat?post=309415"},{"taxonomy":"product_tag","embeddable":true,"href":"https:\/\/dev.freakuence.nl\/fr\/wp-json\/wp\/v2\/product_tag?post=309415"}],"curies":[{"name":"wp","href":"https:\/\/api.w.org\/{rel}","templated":true}]}}