{"id":309578,"date":"2025-08-06T11:48:24","date_gmt":"2025-08-06T09:48:24","guid":{"rendered":"https:\/\/dev.freakuence.nl\/product\/hifi-rose-ra280\/"},"modified":"2026-01-06T08:41:59","modified_gmt":"2026-01-06T07:41:59","slug":"hifi-rose-ra280","status":"publish","type":"product","link":"https:\/\/dev.freakuence.nl\/fr\/produit\/hifi-rose-ra280\/","title":{"rendered":"Hifi Rose RA280"},"content":{"rendered":"<p><strong>Description Freakuence !<\/strong><\/p>\n<p>C&rsquo;est tout de m\u00eame un peu fou ! Bien s\u00fbr, tout le monde n&rsquo;aurait pas le droit ou l&rsquo;envie de l&rsquo;installer chez soi, mais pour l&rsquo;amateur d&rsquo;audio moyen, il y a de quoi \u00eatre s\u00e9duit. Prenez-le au pied de la lettre ! Car les gens, qu&rsquo;ils soient beaux ou non, sont automatiquement attir\u00e9s par cet appareil dans le magasin. Comment sonne-t-il ? Tr\u00e8s puissant, contr\u00f4le parfait des basses fr\u00e9quences. Tr\u00e8s propre au milieu, mais pas extr\u00eamement fin, comme la classe D peut l&rsquo;\u00eatre. Venez avec nous !       <\/p>\n<p><strong>Prix de vente au d\u00e9tail :<\/strong> 3 299,00<\/p>\n<p><strong>Description g\u00e9n\u00e9rale<\/strong><\/p>\n<p>Le HiFi Rose RA280 utilise la technologie GaN FET dans une configuration de classe D, ce qui permet une amplification efficace et puissante. La vitesse de commutation de 800 kHz et l&rsquo;utilisation de FET au carbure de silicium dans l&rsquo;alimentation contribuent \u00e0 un traitement pr\u00e9cis du signal. Avec une puissance de 250 watts par canal sous 4 et 8 ohms, l&rsquo;appareil offre une capacit\u00e9 suffisante pour une grande vari\u00e9t\u00e9 d&rsquo;enceintes. La commande de tonalit\u00e9, avec un r\u00e9glage de \u00b115 dB \u00e0 100 Hz et 10 kHz, permet aux utilisateurs d&rsquo;ajuster la r\u00e9ponse en fr\u00e9quence \u00e0 leur convenance. Le facteur d&rsquo;amortissement de plus de 250 et les faibles taux de distorsion garantissent une lecture contr\u00f4l\u00e9e et propre. La r\u00e9ponse en fr\u00e9quence varie en fonction de la charge, avec une pointe \u00e0 +18 dB \u00e0 48 kHz sans charge et une r\u00e9ponse plate \u00e0 \u00b10,1 dB de 20 Hz \u00e0 20 kHz sous 8 ohms.     <\/p>\n<p><strong>Description g\u00e9n\u00e9rale<\/strong><\/p>\n<p>Nous sommes un revendeur officiel et pouvons fournir tous les autres produits et versions. Nous pouvons \u00e9galement apporter des produits d&rsquo;autres fabricants dans notre magasin.  N&rsquo;h\u00e9sitez pas \u00e0 demander ! Nous \u00e9changeons des v\u00e9hicules neufs et d&rsquo;occasion. <\/p>\n","protected":false},"excerpt":{"rendered":"<p>Description Freakuence ! C&rsquo;est tout de m\u00eame un peu fou ! Bien s\u00fbr, tout le monde n&rsquo;aurait pas le droit ou l&rsquo;envie de l&rsquo;installer chez soi, mais pour l&rsquo;amateur d&rsquo;audio moyen, il y a de quoi \u00eatre s\u00e9duit. Prenez-le au pied de la lettre ! Car les gens, qu&rsquo;ils soient beaux ou non, sont automatiquement [&hellip;]<\/p>\n","protected":false},"featured_media":309592,"template":"","meta":{"_acf_changed":false,"inline_featured_image":false},"product_brand":[],"product_cat":[558],"product_tag":[579],"class_list":{"0":"post-309578","1":"product","2":"type-product","3":"status-publish","4":"has-post-thumbnail","6":"product_cat-amplificateurs","7":"product_tag-nouveau","8":"pa_kleur-argent","10":"first","11":"instock","12":"sold-individually","13":"purchasable","14":"product-type-simple"},"acf":[],"yoast_head":"<!-- This site is optimized with the Yoast SEO plugin v25.9 - https:\/\/yoast.com\/wordpress\/plugins\/seo\/ -->\n<title>Hifi Rose RA280 | Freakuence!<\/title>\n<meta name=\"robots\" content=\"noindex, follow, max-snippet:-1, max-image-preview:large, max-video-preview:-1\" \/>\n<meta property=\"og:locale\" content=\"fr_FR\" \/>\n<meta property=\"og:type\" content=\"article\" \/>\n<meta property=\"og:title\" content=\"Hifi Rose RA280 | Freakuence!\" \/>\n<meta property=\"og:description\" content=\"Description Freakuence ! C&rsquo;est tout de m\u00eame un peu fou ! Bien s\u00fbr, tout le monde n&rsquo;aurait pas le droit ou l&rsquo;envie de l&rsquo;installer chez soi, mais pour l&rsquo;amateur d&rsquo;audio moyen, il y a de quoi \u00eatre s\u00e9duit. Prenez-le au pied de la lettre ! Car les gens, qu&rsquo;ils soient beaux ou non, sont automatiquement [&hellip;]\" \/>\n<meta property=\"og:url\" content=\"https:\/\/dev.freakuence.nl\/fr\/produit\/hifi-rose-ra280\/\" \/>\n<meta property=\"og:site_name\" content=\"Freakuence!\" \/>\n<meta property=\"article:modified_time\" content=\"2026-01-06T07:41:59+00:00\" \/>\n<meta property=\"og:image\" content=\"https:\/\/dev.freakuence.nl\/wp-content\/uploads\/2025\/09\/1754056652-IMG5113-scaled.jpg\" \/>\n\t<meta property=\"og:image:width\" content=\"1800\" \/>\n\t<meta property=\"og:image:height\" content=\"1200\" \/>\n\t<meta property=\"og:image:type\" content=\"image\/jpeg\" \/>\n<meta name=\"twitter:card\" content=\"summary_large_image\" \/>\n<script type=\"application\/ld+json\" class=\"yoast-schema-graph\">{\"@context\":\"https:\/\/schema.org\",\"@graph\":[{\"@type\":\"WebPage\",\"@id\":\"https:\/\/dev.freakuence.nl\/fr\/produit\/hifi-rose-ra280\/\",\"url\":\"https:\/\/dev.freakuence.nl\/fr\/produit\/hifi-rose-ra280\/\",\"name\":\"Hifi Rose RA280 | Freakuence!\",\"isPartOf\":{\"@id\":\"https:\/\/dev.freakuence.nl\/fr\/#website\"},\"primaryImageOfPage\":{\"@id\":\"https:\/\/dev.freakuence.nl\/fr\/produit\/hifi-rose-ra280\/#primaryimage\"},\"image\":{\"@id\":\"https:\/\/dev.freakuence.nl\/fr\/produit\/hifi-rose-ra280\/#primaryimage\"},\"thumbnailUrl\":\"https:\/\/dev.freakuence.nl\/wp-content\/uploads\/2025\/09\/1754056652-IMG5113-scaled.jpg\",\"datePublished\":\"2025-08-06T09:48:24+00:00\",\"dateModified\":\"2026-01-06T07:41:59+00:00\",\"breadcrumb\":{\"@id\":\"https:\/\/dev.freakuence.nl\/fr\/produit\/hifi-rose-ra280\/#breadcrumb\"},\"inLanguage\":\"fr-FR\",\"potentialAction\":[{\"@type\":\"ReadAction\",\"target\":[\"https:\/\/dev.freakuence.nl\/fr\/produit\/hifi-rose-ra280\/\"]}]},{\"@type\":\"ImageObject\",\"inLanguage\":\"fr-FR\",\"@id\":\"https:\/\/dev.freakuence.nl\/fr\/produit\/hifi-rose-ra280\/#primaryimage\",\"url\":\"https:\/\/dev.freakuence.nl\/wp-content\/uploads\/2025\/09\/1754056652-IMG5113-scaled.jpg\",\"contentUrl\":\"https:\/\/dev.freakuence.nl\/wp-content\/uploads\/2025\/09\/1754056652-IMG5113-scaled.jpg\",\"width\":1800,\"height\":1200},{\"@type\":\"BreadcrumbList\",\"@id\":\"https:\/\/dev.freakuence.nl\/fr\/produit\/hifi-rose-ra280\/#breadcrumb\",\"itemListElement\":[{\"@type\":\"ListItem\",\"position\":1,\"name\":\"Accueil\",\"item\":\"https:\/\/dev.freakuence.nl\/fr\/\"},{\"@type\":\"ListItem\",\"position\":2,\"name\":\"Products\",\"item\":\"https:\/\/dev.freakuence.nl\/en\/products\/\"},{\"@type\":\"ListItem\",\"position\":3,\"name\":\"Hifi Rose RA280\"}]},{\"@type\":\"WebSite\",\"@id\":\"https:\/\/dev.freakuence.nl\/fr\/#website\",\"url\":\"https:\/\/dev.freakuence.nl\/fr\/\",\"name\":\"Freakuence!\",\"description\":\"Freakuence!\",\"alternateName\":\"Freakuence\",\"potentialAction\":[{\"@type\":\"SearchAction\",\"target\":{\"@type\":\"EntryPoint\",\"urlTemplate\":\"https:\/\/dev.freakuence.nl\/fr\/?s={search_term_string}\"},\"query-input\":{\"@type\":\"PropertyValueSpecification\",\"valueRequired\":true,\"valueName\":\"search_term_string\"}}],\"inLanguage\":\"fr-FR\"}]}<\/script>\n<!-- \/ Yoast SEO plugin. -->","yoast_head_json":{"title":"Hifi Rose RA280 | Freakuence!","robots":{"index":"noindex","follow":"follow","max-snippet":"max-snippet:-1","max-image-preview":"max-image-preview:large","max-video-preview":"max-video-preview:-1"},"og_locale":"fr_FR","og_type":"article","og_title":"Hifi Rose RA280 | Freakuence!","og_description":"Description Freakuence ! C&rsquo;est tout de m\u00eame un peu fou ! Bien s\u00fbr, tout le monde n&rsquo;aurait pas le droit ou l&rsquo;envie de l&rsquo;installer chez soi, mais pour l&rsquo;amateur d&rsquo;audio moyen, il y a de quoi \u00eatre s\u00e9duit. Prenez-le au pied de la lettre ! Car les gens, qu&rsquo;ils soient beaux ou non, sont automatiquement [&hellip;]","og_url":"https:\/\/dev.freakuence.nl\/fr\/produit\/hifi-rose-ra280\/","og_site_name":"Freakuence!","article_modified_time":"2026-01-06T07:41:59+00:00","og_image":[{"width":1800,"height":1200,"url":"https:\/\/dev.freakuence.nl\/wp-content\/uploads\/2025\/09\/1754056652-IMG5113-scaled.jpg","type":"image\/jpeg"}],"twitter_card":"summary_large_image","schema":{"@context":"https:\/\/schema.org","@graph":[{"@type":"WebPage","@id":"https:\/\/dev.freakuence.nl\/fr\/produit\/hifi-rose-ra280\/","url":"https:\/\/dev.freakuence.nl\/fr\/produit\/hifi-rose-ra280\/","name":"Hifi Rose RA280 | Freakuence!","isPartOf":{"@id":"https:\/\/dev.freakuence.nl\/fr\/#website"},"primaryImageOfPage":{"@id":"https:\/\/dev.freakuence.nl\/fr\/produit\/hifi-rose-ra280\/#primaryimage"},"image":{"@id":"https:\/\/dev.freakuence.nl\/fr\/produit\/hifi-rose-ra280\/#primaryimage"},"thumbnailUrl":"https:\/\/dev.freakuence.nl\/wp-content\/uploads\/2025\/09\/1754056652-IMG5113-scaled.jpg","datePublished":"2025-08-06T09:48:24+00:00","dateModified":"2026-01-06T07:41:59+00:00","breadcrumb":{"@id":"https:\/\/dev.freakuence.nl\/fr\/produit\/hifi-rose-ra280\/#breadcrumb"},"inLanguage":"fr-FR","potentialAction":[{"@type":"ReadAction","target":["https:\/\/dev.freakuence.nl\/fr\/produit\/hifi-rose-ra280\/"]}]},{"@type":"ImageObject","inLanguage":"fr-FR","@id":"https:\/\/dev.freakuence.nl\/fr\/produit\/hifi-rose-ra280\/#primaryimage","url":"https:\/\/dev.freakuence.nl\/wp-content\/uploads\/2025\/09\/1754056652-IMG5113-scaled.jpg","contentUrl":"https:\/\/dev.freakuence.nl\/wp-content\/uploads\/2025\/09\/1754056652-IMG5113-scaled.jpg","width":1800,"height":1200},{"@type":"BreadcrumbList","@id":"https:\/\/dev.freakuence.nl\/fr\/produit\/hifi-rose-ra280\/#breadcrumb","itemListElement":[{"@type":"ListItem","position":1,"name":"Accueil","item":"https:\/\/dev.freakuence.nl\/fr\/"},{"@type":"ListItem","position":2,"name":"Products","item":"https:\/\/dev.freakuence.nl\/en\/products\/"},{"@type":"ListItem","position":3,"name":"Hifi Rose RA280"}]},{"@type":"WebSite","@id":"https:\/\/dev.freakuence.nl\/fr\/#website","url":"https:\/\/dev.freakuence.nl\/fr\/","name":"Freakuence!","description":"Freakuence!","alternateName":"Freakuence","potentialAction":[{"@type":"SearchAction","target":{"@type":"EntryPoint","urlTemplate":"https:\/\/dev.freakuence.nl\/fr\/?s={search_term_string}"},"query-input":{"@type":"PropertyValueSpecification","valueRequired":true,"valueName":"search_term_string"}}],"inLanguage":"fr-FR"}]}},"_links":{"self":[{"href":"https:\/\/dev.freakuence.nl\/fr\/wp-json\/wp\/v2\/product\/309578","targetHints":{"allow":["GET"]}}],"collection":[{"href":"https:\/\/dev.freakuence.nl\/fr\/wp-json\/wp\/v2\/product"}],"about":[{"href":"https:\/\/dev.freakuence.nl\/fr\/wp-json\/wp\/v2\/types\/product"}],"version-history":[{"count":0,"href":"https:\/\/dev.freakuence.nl\/fr\/wp-json\/wp\/v2\/product\/309578\/revisions"}],"wp:featuredmedia":[{"embeddable":true,"href":"https:\/\/dev.freakuence.nl\/fr\/wp-json\/wp\/v2\/media\/309592"}],"wp:attachment":[{"href":"https:\/\/dev.freakuence.nl\/fr\/wp-json\/wp\/v2\/media?parent=309578"}],"wp:term":[{"taxonomy":"product_brand","embeddable":true,"href":"https:\/\/dev.freakuence.nl\/fr\/wp-json\/wp\/v2\/product_brand?post=309578"},{"taxonomy":"product_cat","embeddable":true,"href":"https:\/\/dev.freakuence.nl\/fr\/wp-json\/wp\/v2\/product_cat?post=309578"},{"taxonomy":"product_tag","embeddable":true,"href":"https:\/\/dev.freakuence.nl\/fr\/wp-json\/wp\/v2\/product_tag?post=309578"}],"curies":[{"name":"wp","href":"https:\/\/api.w.org\/{rel}","templated":true}]}}