{"id":309724,"date":"2025-09-25T04:29:29","date_gmt":"2025-09-25T02:29:29","guid":{"rendered":"https:\/\/dev.freakuence.nl\/product\/bryston-bdp-1\/"},"modified":"2026-01-06T08:42:42","modified_gmt":"2026-01-06T07:42:42","slug":"bryston-bdp-1","status":"publish","type":"product","link":"https:\/\/dev.freakuence.nl\/fr\/produit\/bryston-bdp-1\/","title":{"rendered":"Bryston BDP-1"},"content":{"rendered":"<div class=\"product-specifications-list\">\n<div class=\"specification-item row-even\"><span class=\"spec-content\"><strong>Description Freakuence !<\/strong><\/span><\/div>\n<div class=\"specification-item row-odd\"><span class=\"spec-content\"><\/p>\n<p>Un streamer s\u00e9rieux. C&rsquo;est certain. Beaucoup d&rsquo;informations, peu de bruit. Nous nous ferons un plaisir de vous en faire la d\u00e9monstration !   <\/p>\n<p><\/span><\/div>\n<div class=\"specification-item row-even\"><span class=\"spec-content\"><strong>D\u00e9tails<\/strong><\/span><\/div>\n<div class=\"specification-item row-odd\"><span class=\"spec-content\"><\/p>\n<p>Dommages, voir les photos !<\/p>\n<p><\/span><\/div>\n<div class=\"specification-item row-even\"><span class=\"spec-content\">Prix de vente au d\u00e9tail : 1350.00<\/span><\/div>\n<div class=\"specification-item row-odd\"><span class=\"spec-content\"><strong>Informations g\u00e9n\u00e9rales<\/strong><\/span><\/div>\n<div class=\"specification-item row-even\"><span class=\"spec-content\"><\/p>\n<p>Le Bryston 4B\u00b3 a \u00e9t\u00e9 con\u00e7u comme un amplificateur de r\u00e9f\u00e9rence par l&rsquo;\u00e9quipe interne d&rsquo;ing\u00e9nieurs au Canada. L&rsquo;accent a \u00e9t\u00e9 mis sur une transparence maximale et une faible distorsion. La s\u00e9rie Cubed utilise le circuit Salomie brevet\u00e9 de Bryston, nomm\u00e9 d&rsquo;apr\u00e8s le concepteur Dan F. Salomie, pour une clart\u00e9 et une vitesse sup\u00e9rieures. Le ch\u00e2ssis et les composants internes sont fabriqu\u00e9s avec des mat\u00e9riaux de haute qualit\u00e9 ; les transistors sont s\u00e9lectionn\u00e9s sur mesure pour une correspondance parfaite.   <\/p>\n<p><\/span><\/div>\n<div class=\"specification-item row-odd\"><span class=\"spec-content\"><strong>Histoire de la marque<\/strong><\/span><\/div>\n<div class=\"specification-item row-even\"><span class=\"spec-content\"><\/p>\n<p>Bryston est l\u00e0 pour les g\u00e8nes qui exigent un son pur et st\u00e9rile. Grant Avenue Studio, fond\u00e9 en 1976 par les fr\u00e8res Lanois (dont Daniel Lanois, laur\u00e9at d&rsquo;un Grammy Award) et Bob Doidge, est un studio d&rsquo;enregistrement et de mixage situ\u00e9 \u00e0 Hamilton (Ontario), au Canada, qui offre \u00e9galement des services de masterisation et de transfert de bandes. Les pi\u00e8ces sanctifi\u00e9es de la majestueuse maison \u00e9douardienne du d\u00e9but des ann\u00e9es 1900, situ\u00e9e sur Grant Avenue, ont accueilli d&rsquo;innombrables l\u00e9gendes de l&rsquo;enregistrement, telles que Gordon Lightfoot, Bruce Cockburn, Ian Thomas, U2, Johnny Cash, Los Lobos et bien d&rsquo;autres encore. Bob Doidge est devenu l&rsquo;unique propri\u00e9taire du studio en 1985 et consid\u00e8re Hamilton comme un joyau culturel, au sud-ouest de Toronto, sur les rives du lac Ontario. Au-dessus de la table de mixage de la salle principale de Grant Avenue est suspendue une paire de moniteurs de r\u00e9f\u00e9rence de studio JBL 4350, un haut-parleur \u00e0 4 voies capable de fournir des niveaux de d\u00e9tail et de sortie extraordinaires. Les moniteurs principaux sont aliment\u00e9s par une paire d&rsquo;amplificateurs Bryston 4B, dont le 41e 4B jamais produit par Bryston. IMAGE AMP ICI Construit et install\u00e9 \u00e0 la fin des ann\u00e9es 1970, cet amplificateur 4B a fonctionn\u00e9 presque sans interruption depuis sa fabrication il y a 40 ans, illustrant l&rsquo;engagement de Bryston pour une ing\u00e9nierie sup\u00e9rieure et une qualit\u00e9 de production. Grant Avenue utilise \u00e9galement trois amplificateurs 2B : l&rsquo;un d&rsquo;eux alimente les moniteurs de proximit\u00e9, tandis que les deux autres 2B alimentent les files d&rsquo;attente de casques du studio, qui peuvent sans effort alimenter dix casques ou plus simultan\u00e9ment. Depuis plus de 40 ans que Grant Avenue accueille tant d&rsquo;artistes et de sessions embl\u00e9matiques, leur \u00e9curie d&rsquo;appareils \u00e9lectroniques Bryston, fonctionnant presque sans interruption, n&rsquo;a eu besoin que d&rsquo;une seule r\u00e9paration. Pour un studio d&rsquo;enregistrement, un amplificateur doit offrir d&rsquo;excellentes performances et \u00eatre intrins\u00e8quement fiable, explique le directeur Bob Doidge. \u00ab\u00a0Lorsque nous avons achet\u00e9 le premier 4B \u00e0 la fin des ann\u00e9es 1970, nos recherches ont montr\u00e9 que ces amplificateurs nous donneraient la puret\u00e9 de son que nous voulions pour notre studio. Apr\u00e8s quatre d\u00e9cennies avec Bryston, je ne peux pas imaginer quelque chose de mieux. La particularit\u00e9 de ce fabricant est qu&rsquo;il offre une garantie de 20 ans sur ses amplificateurs !            <\/p>\n<p><\/span><\/div>\n<\/div>\n","protected":false},"excerpt":{"rendered":"<p>Description Freakuence ! Un streamer s\u00e9rieux. C&rsquo;est certain. Beaucoup d&rsquo;informations, peu de bruit. Nous nous ferons un plaisir de vous en faire la d\u00e9monstration ! D\u00e9tails Dommages, voir les photos ! Prix de vente au d\u00e9tail : 1350.00 Informations g\u00e9n\u00e9rales Le Bryston 4B\u00b3 a \u00e9t\u00e9 con\u00e7u comme un amplificateur de r\u00e9f\u00e9rence par l&rsquo;\u00e9quipe interne d&rsquo;ing\u00e9nieurs [&hellip;]<\/p>\n","protected":false},"featured_media":0,"template":"","meta":{"_acf_changed":false,"inline_featured_image":false},"product_brand":[],"product_cat":[595],"product_tag":[554],"class_list":{"0":"post-309724","1":"product","2":"type-product","3":"status-publish","5":"product_cat-dac-et-streamers","6":"product_tag-used","7":"pa_kleur-noir","9":"first","10":"instock","11":"purchasable","12":"product-type-simple"},"acf":[],"yoast_head":"<!-- This site is optimized with the Yoast SEO plugin v25.9 - https:\/\/yoast.com\/wordpress\/plugins\/seo\/ -->\n<title>Bryston BDP-1 | Freakuence!<\/title>\n<meta name=\"robots\" content=\"noindex, follow, max-snippet:-1, max-image-preview:large, max-video-preview:-1\" \/>\n<meta property=\"og:locale\" content=\"fr_FR\" \/>\n<meta property=\"og:type\" content=\"article\" \/>\n<meta property=\"og:title\" content=\"Bryston BDP-1 | Freakuence!\" \/>\n<meta property=\"og:description\" content=\"Description Freakuence ! Un streamer s\u00e9rieux. C&rsquo;est certain. Beaucoup d&rsquo;informations, peu de bruit. Nous nous ferons un plaisir de vous en faire la d\u00e9monstration ! D\u00e9tails Dommages, voir les photos ! Prix de vente au d\u00e9tail : 1350.00 Informations g\u00e9n\u00e9rales Le Bryston 4B\u00b3 a \u00e9t\u00e9 con\u00e7u comme un amplificateur de r\u00e9f\u00e9rence par l&rsquo;\u00e9quipe interne d&rsquo;ing\u00e9nieurs [&hellip;]\" \/>\n<meta property=\"og:url\" content=\"https:\/\/dev.freakuence.nl\/fr\/produit\/bryston-bdp-1\/\" \/>\n<meta property=\"og:site_name\" content=\"Freakuence!\" \/>\n<meta property=\"article:modified_time\" content=\"2026-01-06T07:42:42+00:00\" \/>\n<meta name=\"twitter:card\" content=\"summary_large_image\" \/>\n<script type=\"application\/ld+json\" class=\"yoast-schema-graph\">{\"@context\":\"https:\/\/schema.org\",\"@graph\":[{\"@type\":\"WebPage\",\"@id\":\"https:\/\/dev.freakuence.nl\/fr\/produit\/bryston-bdp-1\/\",\"url\":\"https:\/\/dev.freakuence.nl\/fr\/produit\/bryston-bdp-1\/\",\"name\":\"Bryston BDP-1 | Freakuence!\",\"isPartOf\":{\"@id\":\"https:\/\/dev.freakuence.nl\/fr\/#website\"},\"datePublished\":\"2025-09-25T02:29:29+00:00\",\"dateModified\":\"2026-01-06T07:42:42+00:00\",\"breadcrumb\":{\"@id\":\"https:\/\/dev.freakuence.nl\/fr\/produit\/bryston-bdp-1\/#breadcrumb\"},\"inLanguage\":\"fr-FR\",\"potentialAction\":[{\"@type\":\"ReadAction\",\"target\":[\"https:\/\/dev.freakuence.nl\/fr\/produit\/bryston-bdp-1\/\"]}]},{\"@type\":\"BreadcrumbList\",\"@id\":\"https:\/\/dev.freakuence.nl\/fr\/produit\/bryston-bdp-1\/#breadcrumb\",\"itemListElement\":[{\"@type\":\"ListItem\",\"position\":1,\"name\":\"Accueil\",\"item\":\"https:\/\/dev.freakuence.nl\/fr\/\"},{\"@type\":\"ListItem\",\"position\":2,\"name\":\"Products\",\"item\":\"https:\/\/dev.freakuence.nl\/en\/products\/\"},{\"@type\":\"ListItem\",\"position\":3,\"name\":\"Bryston BDP-1\"}]},{\"@type\":\"WebSite\",\"@id\":\"https:\/\/dev.freakuence.nl\/fr\/#website\",\"url\":\"https:\/\/dev.freakuence.nl\/fr\/\",\"name\":\"Freakuence!\",\"description\":\"Freakuence!\",\"alternateName\":\"Freakuence\",\"potentialAction\":[{\"@type\":\"SearchAction\",\"target\":{\"@type\":\"EntryPoint\",\"urlTemplate\":\"https:\/\/dev.freakuence.nl\/fr\/?s={search_term_string}\"},\"query-input\":{\"@type\":\"PropertyValueSpecification\",\"valueRequired\":true,\"valueName\":\"search_term_string\"}}],\"inLanguage\":\"fr-FR\"}]}<\/script>\n<!-- \/ Yoast SEO plugin. -->","yoast_head_json":{"title":"Bryston BDP-1 | Freakuence!","robots":{"index":"noindex","follow":"follow","max-snippet":"max-snippet:-1","max-image-preview":"max-image-preview:large","max-video-preview":"max-video-preview:-1"},"og_locale":"fr_FR","og_type":"article","og_title":"Bryston BDP-1 | Freakuence!","og_description":"Description Freakuence ! Un streamer s\u00e9rieux. C&rsquo;est certain. Beaucoup d&rsquo;informations, peu de bruit. Nous nous ferons un plaisir de vous en faire la d\u00e9monstration ! D\u00e9tails Dommages, voir les photos ! Prix de vente au d\u00e9tail : 1350.00 Informations g\u00e9n\u00e9rales Le Bryston 4B\u00b3 a \u00e9t\u00e9 con\u00e7u comme un amplificateur de r\u00e9f\u00e9rence par l&rsquo;\u00e9quipe interne d&rsquo;ing\u00e9nieurs [&hellip;]","og_url":"https:\/\/dev.freakuence.nl\/fr\/produit\/bryston-bdp-1\/","og_site_name":"Freakuence!","article_modified_time":"2026-01-06T07:42:42+00:00","twitter_card":"summary_large_image","schema":{"@context":"https:\/\/schema.org","@graph":[{"@type":"WebPage","@id":"https:\/\/dev.freakuence.nl\/fr\/produit\/bryston-bdp-1\/","url":"https:\/\/dev.freakuence.nl\/fr\/produit\/bryston-bdp-1\/","name":"Bryston BDP-1 | Freakuence!","isPartOf":{"@id":"https:\/\/dev.freakuence.nl\/fr\/#website"},"datePublished":"2025-09-25T02:29:29+00:00","dateModified":"2026-01-06T07:42:42+00:00","breadcrumb":{"@id":"https:\/\/dev.freakuence.nl\/fr\/produit\/bryston-bdp-1\/#breadcrumb"},"inLanguage":"fr-FR","potentialAction":[{"@type":"ReadAction","target":["https:\/\/dev.freakuence.nl\/fr\/produit\/bryston-bdp-1\/"]}]},{"@type":"BreadcrumbList","@id":"https:\/\/dev.freakuence.nl\/fr\/produit\/bryston-bdp-1\/#breadcrumb","itemListElement":[{"@type":"ListItem","position":1,"name":"Accueil","item":"https:\/\/dev.freakuence.nl\/fr\/"},{"@type":"ListItem","position":2,"name":"Products","item":"https:\/\/dev.freakuence.nl\/en\/products\/"},{"@type":"ListItem","position":3,"name":"Bryston BDP-1"}]},{"@type":"WebSite","@id":"https:\/\/dev.freakuence.nl\/fr\/#website","url":"https:\/\/dev.freakuence.nl\/fr\/","name":"Freakuence!","description":"Freakuence!","alternateName":"Freakuence","potentialAction":[{"@type":"SearchAction","target":{"@type":"EntryPoint","urlTemplate":"https:\/\/dev.freakuence.nl\/fr\/?s={search_term_string}"},"query-input":{"@type":"PropertyValueSpecification","valueRequired":true,"valueName":"search_term_string"}}],"inLanguage":"fr-FR"}]}},"_links":{"self":[{"href":"https:\/\/dev.freakuence.nl\/fr\/wp-json\/wp\/v2\/product\/309724","targetHints":{"allow":["GET"]}}],"collection":[{"href":"https:\/\/dev.freakuence.nl\/fr\/wp-json\/wp\/v2\/product"}],"about":[{"href":"https:\/\/dev.freakuence.nl\/fr\/wp-json\/wp\/v2\/types\/product"}],"version-history":[{"count":0,"href":"https:\/\/dev.freakuence.nl\/fr\/wp-json\/wp\/v2\/product\/309724\/revisions"}],"wp:attachment":[{"href":"https:\/\/dev.freakuence.nl\/fr\/wp-json\/wp\/v2\/media?parent=309724"}],"wp:term":[{"taxonomy":"product_brand","embeddable":true,"href":"https:\/\/dev.freakuence.nl\/fr\/wp-json\/wp\/v2\/product_brand?post=309724"},{"taxonomy":"product_cat","embeddable":true,"href":"https:\/\/dev.freakuence.nl\/fr\/wp-json\/wp\/v2\/product_cat?post=309724"},{"taxonomy":"product_tag","embeddable":true,"href":"https:\/\/dev.freakuence.nl\/fr\/wp-json\/wp\/v2\/product_tag?post=309724"}],"curies":[{"name":"wp","href":"https:\/\/api.w.org\/{rel}","templated":true}]}}