{"id":309737,"date":"2025-08-06T12:31:18","date_gmt":"2025-08-06T10:31:18","guid":{"rendered":"https:\/\/dev.freakuence.nl\/product\/lumin-d3\/"},"modified":"2026-04-11T04:23:36","modified_gmt":"2026-04-11T02:23:36","slug":"lumin-d3","status":"publish","type":"product","link":"https:\/\/dev.freakuence.nl\/fr\/produit\/lumin-d3\/","title":{"rendered":"LUMIN D3"},"content":{"rendered":"<div class=\"product-specifications-list\">\n<div class=\"specification-item row-even\"><span class=\"spec-content\"><strong>Description Freakuence !<\/strong><\/span><\/div>\n<div class=\"specification-item row-odd\"><span class=\"spec-content\"><\/p>\n<p>Frais, ouvert, avec beaucoup d&rsquo;adh\u00e9rence en dessous. Pas d&rsquo;armoire encombrante, mais un design fin aux lignes douces et un affichage subtil qui en dit juste assez. Bo\u00eetier en aluminium, au choix en noir ou en argent &#8211; \u00e9l\u00e9gant et fonctionnel, sans tomber dans l&rsquo;exc\u00e8s. Pas de boutons, utilisez l&rsquo;application !   <\/p>\n<p><\/span><\/div>\n<div class=\"specification-item row-even\"><span class=\"spec-content\"><strong>D\u00e9tails<\/strong><\/span><\/div>\n<div class=\"specification-item row-odd\"><span class=\"spec-content\"><\/p>\n<p>Il date d&rsquo;ao\u00fbt 2024 et a \u00e9t\u00e9 fourni par nous en tant que revendeur.<\/span><\/div>\n<div class=\"specification-item row-even\"><span class=\"spec-content\">Autres couleurs possibles ! Nous sommes revendeurs, n&rsquo;h\u00e9sitez pas \u00e0 nous envoyer un message. \u00c9ventuellement avec votre demande de reprise.  <\/p>\n<p><\/span><\/div>\n<div class=\"specification-item row-odd\"><span class=\"spec-content\">Prix de vente au d\u00e9tail : 2699.00<\/span><\/div>\n<div class=\"specification-item row-even\"><span class=\"spec-content\"><strong>Description g\u00e9n\u00e9rale<\/strong><\/span><\/div>\n<div class=\"specification-item row-odd\"><span class=\"spec-content\"><\/p>\n<p>Le bo\u00eetier est enti\u00e8rement en aluminium et con\u00e7u pour un blindage optimal. En interne, un convertisseur N\/A ES9028PRO assure le traitement du DSD256 et du PCM jusqu&rsquo;\u00e0 384 kHz. Des sorties XLR et RCA sont pr\u00e9sentes, avec des niveaux de sortie de 6Vrms et 3Vrms respectivement. La prise en charge des services de streaming tels que TIDAL, Qobuz et Spotify Connect est int\u00e9gr\u00e9e, tout comme la compatibilit\u00e9 avec AirPlay 2 et Roon. La connectivit\u00e9 r\u00e9seau est assur\u00e9e par un port Ethernet gigabit. Le contr\u00f4le s&rsquo;effectue via une application disponible pour iOS, Android et macOS.     <\/p>\n<p><\/span><\/div>\n<div class=\"specification-item row-even\"><span class=\"spec-content\"><strong>Informations g\u00e9n\u00e9rales<\/strong><\/span><\/div>\n<div class=\"specification-item row-odd\"><span class=\"spec-content\"><\/p>\n<p>Le LUMIN A1 a \u00e9t\u00e9 con\u00e7u par l&rsquo;\u00e9quipe de LUMIN, bas\u00e9e \u00e0 Hong Kong, comme le premier produit de la marque. Le design allie performance audiophile et facilit\u00e9 d&rsquo;utilisation. Il a \u00e9t\u00e9 d\u00e9velopp\u00e9 par une \u00e9quipe exp\u00e9riment\u00e9e dans le domaine de l&rsquo;audio haut de gamme et des logiciels. Le bo\u00eetier est enti\u00e8rement fabriqu\u00e9 en aluminium massif, pour un blindage et un amortissement des vibrations optimaux. En interne, ils utilisent des DACs ESS SABRE de haute qualit\u00e9 et une alimentation lin\u00e9aire.   <\/p>\n<p><\/span><\/div>\n<div class=\"specification-item row-even\"><span class=\"spec-content\"><strong>Histoire de la marque<\/strong><\/span><\/div>\n<div class=\"specification-item row-odd\"><span class=\"spec-content\"><\/p>\n<p>En 2012, LUMIN a pr\u00e9sent\u00e9 le premier lecteur r\u00e9seau au monde capable de lire des fichiers DSD. Apr\u00e8s deux ans de d\u00e9veloppement et des centaines d&rsquo;heures d&rsquo;\u00e9coute critique, ce produit a \u00e9t\u00e9 lanc\u00e9 avec un seul message sur un forum. Depuis, LUMIN a \u00e9largi sa gamme \u00e0 neuf mod\u00e8les, dans des gammes de prix vari\u00e9es. Tous les produits sont ax\u00e9s sur la lecture naturelle de la musique, le d\u00e9veloppement continu de logiciels et une exp\u00e9rience de streaming transparente. Ces derni\u00e8res ann\u00e9es, LUMIN a ajout\u00e9 la prise en charge de services tels que Roon, MQA et Spotify. En outre, l&rsquo;entreprise a introduit des fonctionnalit\u00e9s telles que le Leedh Processing, une technologie de contr\u00f4le du volume num\u00e9rique. LUMIN d\u00e9veloppe le mat\u00e9riel, le micrologiciel et le logiciel en interne, ce qui permet une mise en \u0153uvre rapide des nouvelles fonctionnalit\u00e9s.      <\/p>\n<p><\/span><\/div>\n<\/div>\n","protected":false},"excerpt":{"rendered":"<p>Description Freakuence ! Frais, ouvert, avec beaucoup d&rsquo;adh\u00e9rence en dessous. Pas d&rsquo;armoire encombrante, mais un design fin aux lignes douces et un affichage subtil qui en dit juste assez. Bo\u00eetier en aluminium, au choix en noir ou en argent &#8211; \u00e9l\u00e9gant et fonctionnel, sans tomber dans l&rsquo;exc\u00e8s. Pas de boutons, utilisez l&rsquo;application ! D\u00e9tails Il [&hellip;]<\/p>\n","protected":false},"featured_media":309738,"template":"","meta":{"_acf_changed":false,"inline_featured_image":false},"product_brand":[],"product_cat":[561],"product_tag":[554],"class_list":{"0":"post-309737","1":"product","2":"type-product","3":"status-publish","4":"has-post-thumbnail","6":"product_cat-audio","7":"product_tag-used","8":"pa_kleur-argent","10":"first","11":"instock","12":"purchasable","13":"product-type-simple"},"acf":[],"yoast_head":"<!-- This site is optimized with the Yoast SEO plugin v25.9 - https:\/\/yoast.com\/wordpress\/plugins\/seo\/ -->\n<title>LUMIN D3 | Freakuence!<\/title>\n<meta name=\"robots\" content=\"noindex, follow, max-snippet:-1, max-image-preview:large, max-video-preview:-1\" \/>\n<meta property=\"og:locale\" content=\"fr_FR\" \/>\n<meta property=\"og:type\" content=\"article\" \/>\n<meta property=\"og:title\" content=\"LUMIN D3 | Freakuence!\" \/>\n<meta property=\"og:description\" content=\"Description Freakuence ! Frais, ouvert, avec beaucoup d&rsquo;adh\u00e9rence en dessous. Pas d&rsquo;armoire encombrante, mais un design fin aux lignes douces et un affichage subtil qui en dit juste assez. Bo\u00eetier en aluminium, au choix en noir ou en argent &#8211; \u00e9l\u00e9gant et fonctionnel, sans tomber dans l&rsquo;exc\u00e8s. Pas de boutons, utilisez l&rsquo;application ! D\u00e9tails Il [&hellip;]\" \/>\n<meta property=\"og:url\" content=\"https:\/\/dev.freakuence.nl\/fr\/produit\/lumin-d3\/\" \/>\n<meta property=\"og:site_name\" content=\"Freakuence!\" \/>\n<meta property=\"article:modified_time\" content=\"2026-04-11T02:23:36+00:00\" \/>\n<meta property=\"og:image\" content=\"https:\/\/dev.freakuence.nl\/wp-content\/uploads\/2025\/09\/1754476234-IMG5984-scaled.jpg\" \/>\n\t<meta property=\"og:image:width\" content=\"1800\" \/>\n\t<meta property=\"og:image:height\" content=\"1200\" \/>\n\t<meta property=\"og:image:type\" content=\"image\/jpeg\" \/>\n<meta name=\"twitter:card\" content=\"summary_large_image\" \/>\n<script type=\"application\/ld+json\" class=\"yoast-schema-graph\">{\"@context\":\"https:\/\/schema.org\",\"@graph\":[{\"@type\":\"WebPage\",\"@id\":\"https:\/\/dev.freakuence.nl\/fr\/produit\/lumin-d3\/\",\"url\":\"https:\/\/dev.freakuence.nl\/fr\/produit\/lumin-d3\/\",\"name\":\"LUMIN D3 | Freakuence!\",\"isPartOf\":{\"@id\":\"https:\/\/dev.freakuence.nl\/fr\/#website\"},\"primaryImageOfPage\":{\"@id\":\"https:\/\/dev.freakuence.nl\/fr\/produit\/lumin-d3\/#primaryimage\"},\"image\":{\"@id\":\"https:\/\/dev.freakuence.nl\/fr\/produit\/lumin-d3\/#primaryimage\"},\"thumbnailUrl\":\"https:\/\/dev.freakuence.nl\/wp-content\/uploads\/2025\/09\/1754476234-IMG5984-scaled.jpg\",\"datePublished\":\"2025-08-06T10:31:18+00:00\",\"dateModified\":\"2026-04-11T02:23:36+00:00\",\"breadcrumb\":{\"@id\":\"https:\/\/dev.freakuence.nl\/fr\/produit\/lumin-d3\/#breadcrumb\"},\"inLanguage\":\"fr-FR\",\"potentialAction\":[{\"@type\":\"ReadAction\",\"target\":[\"https:\/\/dev.freakuence.nl\/fr\/produit\/lumin-d3\/\"]}]},{\"@type\":\"ImageObject\",\"inLanguage\":\"fr-FR\",\"@id\":\"https:\/\/dev.freakuence.nl\/fr\/produit\/lumin-d3\/#primaryimage\",\"url\":\"https:\/\/dev.freakuence.nl\/wp-content\/uploads\/2025\/09\/1754476234-IMG5984-scaled.jpg\",\"contentUrl\":\"https:\/\/dev.freakuence.nl\/wp-content\/uploads\/2025\/09\/1754476234-IMG5984-scaled.jpg\",\"width\":1800,\"height\":1200},{\"@type\":\"BreadcrumbList\",\"@id\":\"https:\/\/dev.freakuence.nl\/fr\/produit\/lumin-d3\/#breadcrumb\",\"itemListElement\":[{\"@type\":\"ListItem\",\"position\":1,\"name\":\"Accueil\",\"item\":\"https:\/\/dev.freakuence.nl\/fr\/\"},{\"@type\":\"ListItem\",\"position\":2,\"name\":\"Products\",\"item\":\"https:\/\/dev.freakuence.nl\/en\/products\/\"},{\"@type\":\"ListItem\",\"position\":3,\"name\":\"LUMIN D3\"}]},{\"@type\":\"WebSite\",\"@id\":\"https:\/\/dev.freakuence.nl\/fr\/#website\",\"url\":\"https:\/\/dev.freakuence.nl\/fr\/\",\"name\":\"Freakuence!\",\"description\":\"Freakuence!\",\"alternateName\":\"Freakuence\",\"potentialAction\":[{\"@type\":\"SearchAction\",\"target\":{\"@type\":\"EntryPoint\",\"urlTemplate\":\"https:\/\/dev.freakuence.nl\/fr\/?s={search_term_string}\"},\"query-input\":{\"@type\":\"PropertyValueSpecification\",\"valueRequired\":true,\"valueName\":\"search_term_string\"}}],\"inLanguage\":\"fr-FR\"}]}<\/script>\n<!-- \/ Yoast SEO plugin. -->","yoast_head_json":{"title":"LUMIN D3 | Freakuence!","robots":{"index":"noindex","follow":"follow","max-snippet":"max-snippet:-1","max-image-preview":"max-image-preview:large","max-video-preview":"max-video-preview:-1"},"og_locale":"fr_FR","og_type":"article","og_title":"LUMIN D3 | Freakuence!","og_description":"Description Freakuence ! Frais, ouvert, avec beaucoup d&rsquo;adh\u00e9rence en dessous. Pas d&rsquo;armoire encombrante, mais un design fin aux lignes douces et un affichage subtil qui en dit juste assez. Bo\u00eetier en aluminium, au choix en noir ou en argent &#8211; \u00e9l\u00e9gant et fonctionnel, sans tomber dans l&rsquo;exc\u00e8s. Pas de boutons, utilisez l&rsquo;application ! D\u00e9tails Il [&hellip;]","og_url":"https:\/\/dev.freakuence.nl\/fr\/produit\/lumin-d3\/","og_site_name":"Freakuence!","article_modified_time":"2026-04-11T02:23:36+00:00","og_image":[{"width":1800,"height":1200,"url":"https:\/\/dev.freakuence.nl\/wp-content\/uploads\/2025\/09\/1754476234-IMG5984-scaled.jpg","type":"image\/jpeg"}],"twitter_card":"summary_large_image","schema":{"@context":"https:\/\/schema.org","@graph":[{"@type":"WebPage","@id":"https:\/\/dev.freakuence.nl\/fr\/produit\/lumin-d3\/","url":"https:\/\/dev.freakuence.nl\/fr\/produit\/lumin-d3\/","name":"LUMIN D3 | Freakuence!","isPartOf":{"@id":"https:\/\/dev.freakuence.nl\/fr\/#website"},"primaryImageOfPage":{"@id":"https:\/\/dev.freakuence.nl\/fr\/produit\/lumin-d3\/#primaryimage"},"image":{"@id":"https:\/\/dev.freakuence.nl\/fr\/produit\/lumin-d3\/#primaryimage"},"thumbnailUrl":"https:\/\/dev.freakuence.nl\/wp-content\/uploads\/2025\/09\/1754476234-IMG5984-scaled.jpg","datePublished":"2025-08-06T10:31:18+00:00","dateModified":"2026-04-11T02:23:36+00:00","breadcrumb":{"@id":"https:\/\/dev.freakuence.nl\/fr\/produit\/lumin-d3\/#breadcrumb"},"inLanguage":"fr-FR","potentialAction":[{"@type":"ReadAction","target":["https:\/\/dev.freakuence.nl\/fr\/produit\/lumin-d3\/"]}]},{"@type":"ImageObject","inLanguage":"fr-FR","@id":"https:\/\/dev.freakuence.nl\/fr\/produit\/lumin-d3\/#primaryimage","url":"https:\/\/dev.freakuence.nl\/wp-content\/uploads\/2025\/09\/1754476234-IMG5984-scaled.jpg","contentUrl":"https:\/\/dev.freakuence.nl\/wp-content\/uploads\/2025\/09\/1754476234-IMG5984-scaled.jpg","width":1800,"height":1200},{"@type":"BreadcrumbList","@id":"https:\/\/dev.freakuence.nl\/fr\/produit\/lumin-d3\/#breadcrumb","itemListElement":[{"@type":"ListItem","position":1,"name":"Accueil","item":"https:\/\/dev.freakuence.nl\/fr\/"},{"@type":"ListItem","position":2,"name":"Products","item":"https:\/\/dev.freakuence.nl\/en\/products\/"},{"@type":"ListItem","position":3,"name":"LUMIN D3"}]},{"@type":"WebSite","@id":"https:\/\/dev.freakuence.nl\/fr\/#website","url":"https:\/\/dev.freakuence.nl\/fr\/","name":"Freakuence!","description":"Freakuence!","alternateName":"Freakuence","potentialAction":[{"@type":"SearchAction","target":{"@type":"EntryPoint","urlTemplate":"https:\/\/dev.freakuence.nl\/fr\/?s={search_term_string}"},"query-input":{"@type":"PropertyValueSpecification","valueRequired":true,"valueName":"search_term_string"}}],"inLanguage":"fr-FR"}]}},"_links":{"self":[{"href":"https:\/\/dev.freakuence.nl\/fr\/wp-json\/wp\/v2\/product\/309737","targetHints":{"allow":["GET"]}}],"collection":[{"href":"https:\/\/dev.freakuence.nl\/fr\/wp-json\/wp\/v2\/product"}],"about":[{"href":"https:\/\/dev.freakuence.nl\/fr\/wp-json\/wp\/v2\/types\/product"}],"version-history":[{"count":1,"href":"https:\/\/dev.freakuence.nl\/fr\/wp-json\/wp\/v2\/product\/309737\/revisions"}],"predecessor-version":[{"id":318224,"href":"https:\/\/dev.freakuence.nl\/fr\/wp-json\/wp\/v2\/product\/309737\/revisions\/318224"}],"wp:featuredmedia":[{"embeddable":true,"href":"https:\/\/dev.freakuence.nl\/fr\/wp-json\/wp\/v2\/media\/309738"}],"wp:attachment":[{"href":"https:\/\/dev.freakuence.nl\/fr\/wp-json\/wp\/v2\/media?parent=309737"}],"wp:term":[{"taxonomy":"product_brand","embeddable":true,"href":"https:\/\/dev.freakuence.nl\/fr\/wp-json\/wp\/v2\/product_brand?post=309737"},{"taxonomy":"product_cat","embeddable":true,"href":"https:\/\/dev.freakuence.nl\/fr\/wp-json\/wp\/v2\/product_cat?post=309737"},{"taxonomy":"product_tag","embeddable":true,"href":"https:\/\/dev.freakuence.nl\/fr\/wp-json\/wp\/v2\/product_tag?post=309737"}],"curies":[{"name":"wp","href":"https:\/\/api.w.org\/{rel}","templated":true}]}}