{"id":309978,"date":"2025-08-06T16:47:37","date_gmt":"2025-08-06T14:47:37","guid":{"rendered":"https:\/\/dev.freakuence.nl\/product\/cambridge-audio-exa100\/"},"modified":"2026-04-11T04:23:24","modified_gmt":"2026-04-11T02:23:24","slug":"cambridge-audio-exa100","status":"publish","type":"product","link":"https:\/\/dev.freakuence.nl\/fr\/produit\/cambridge-audio-exa100\/","title":{"rendered":"Cambridge Audio EXA100"},"content":{"rendered":"<div class=\"product-specifications-list\">\n<div class=\"specification-item row-even\"><span class=\"spec-content\"><strong>Description Freakuence !<\/strong><\/span><\/div>\n<div class=\"specification-item row-odd\"><span class=\"spec-content\"><\/p>\n<p>Toujours un look \u00e9l\u00e9gant et moderne. Les caract\u00e9ristiques sonores, comme les petits pr\u00e9d\u00e9cesseurs de cette s\u00e9rie, sont remarquablement transparentes et propres, mais maintenant plus avec une finition chaude dans les m\u00e9diums qui rend les voix clairement plus agr\u00e9ables. Les nuances claires et la large gamme permettent de reconna\u00eetre clairement l&rsquo;acoustique de l&rsquo;enregistrement. \u00c9quip\u00e9 d&rsquo;un transformateur d\u00e9cent !   <\/p>\n<p><\/span><\/div>\n<div class=\"specification-item row-even\"><span class=\"spec-content\"><strong>D\u00e9tails<\/strong><\/span><\/div>\n<div class=\"specification-item row-odd\"><span class=\"spec-content\"><\/p>\n<p>Nous le livrons 100% neuf dans son emballage scell\u00e9, mais nous avons pens\u00e9 qu&rsquo;il serait bon de jeter un coup d&rsquo;\u0153il \u00e0 notre mod\u00e8le de d\u00e9monstration. Venez faire une d\u00e9monstration dans l&rsquo;une de nos 5 salles d&rsquo;\u00e9coute ! D&rsquo;autres versions sont \u00e9galement possibles. Nous sommes heureux d&rsquo;\u00e9changer du mat\u00e9riel neuf pour en faire quelque chose de beau ! N&rsquo;oubliez pas de nous faire savoir ce que vous avez \u00e0 \u00e9changer, le cas \u00e9ch\u00e9ant.    <\/span><\/div>\n<div class=\"specification-item row-even\"><span class=\"spec-content\">Produit TVA. Les entrepreneurs, les personnes en dehors de l&rsquo;UE, en profitent. <\/span><\/div>\n<div class=\"specification-item row-odd\"><span class=\"spec-content\">Nous en avons d&rsquo;autres de la m\u00eame gamme en exposition, voir les photos et\/ou les autres annonces.<\/p>\n<p><\/span><\/div>\n<div class=\"specification-item row-even\"><span class=\"spec-content\">Prix de vente au d\u00e9tail : 2199.00<\/span><\/div>\n<div class=\"specification-item row-odd\"><span class=\"spec-content\"><strong>Description g\u00e9n\u00e9rale<\/strong><\/span><\/div>\n<div class=\"specification-item row-even\"><span class=\"spec-content\"><\/p>\n<p>Cet amplificateur offre un son puissant avec une sortie maximale de 100 watts par canal. Dot\u00e9 d&rsquo;une technologie avanc\u00e9e, il offre une exp\u00e9rience musicale nette et dynamique. La conception utilise des composants de haute qualit\u00e9, notamment un puissant transformateur toro\u00efdal, ce qui permet d&rsquo;obtenir une distorsion minimale et une r\u00e9ponse en fr\u00e9quence pr\u00e9cise. L&rsquo;amplificateur est \u00e9quip\u00e9 de plusieurs options de connexion, y compris des entr\u00e9es sym\u00e9triques et asym\u00e9triques, ce qui facilite son int\u00e9gration dans diff\u00e9rents syst\u00e8mes audio. Il est \u00e9galement dot\u00e9 d&rsquo;un convertisseur num\u00e9rique-analogique int\u00e9gr\u00e9, qui prend directement en charge les sources num\u00e9riques et permet une conversion pr\u00e9cise des signaux num\u00e9riques en signaux analogiques. Son bo\u00eetier robuste et ses commandes simples contribuent \u00e0 une exp\u00e9rience conviviale. De taille compacte, il s&rsquo;int\u00e8gre dans diverses configurations et offre une performance sonore impressionnante qui am\u00e9liore consid\u00e9rablement l&rsquo;exp\u00e9rience d&rsquo;\u00e9coute. Il convient donc aussi bien aux m\u00e9lomanes qu&rsquo;aux professionnels de l&rsquo;audio.       <\/p>\n<p><\/span><\/div>\n<\/div>\n","protected":false},"excerpt":{"rendered":"<p>Description Freakuence ! Toujours un look \u00e9l\u00e9gant et moderne. Les caract\u00e9ristiques sonores, comme les petits pr\u00e9d\u00e9cesseurs de cette s\u00e9rie, sont remarquablement transparentes et propres, mais maintenant plus avec une finition chaude dans les m\u00e9diums qui rend les voix clairement plus agr\u00e9ables. Les nuances claires et la large gamme permettent de reconna\u00eetre clairement l&rsquo;acoustique de l&rsquo;enregistrement. [&hellip;]<\/p>\n","protected":false},"featured_media":309980,"template":"","meta":{"_acf_changed":false,"inline_featured_image":false},"product_brand":[],"product_cat":[558,719,766],"product_tag":[575],"class_list":{"0":"post-309978","1":"product","2":"type-product","3":"status-publish","4":"has-post-thumbnail","6":"product_cat-amplificateurs","7":"product_cat-cables-et-connecteurs","8":"product_cat-classe-a-amplificateurs-stereo-a-b","9":"product_tag-freakdemo","10":"pa_kleur-gris","12":"first","13":"instock","14":"taxable","15":"shipping-taxable","16":"purchasable","17":"product-type-simple"},"acf":[],"yoast_head":"<!-- This site is optimized with the Yoast SEO plugin v25.9 - https:\/\/yoast.com\/wordpress\/plugins\/seo\/ -->\n<title>Cambridge Audio EXA100 | Freakuence!<\/title>\n<meta name=\"robots\" content=\"noindex, follow, max-snippet:-1, max-image-preview:large, max-video-preview:-1\" \/>\n<meta property=\"og:locale\" content=\"fr_FR\" \/>\n<meta property=\"og:type\" content=\"article\" \/>\n<meta property=\"og:title\" content=\"Cambridge Audio EXA100 | Freakuence!\" \/>\n<meta property=\"og:description\" content=\"Description Freakuence ! Toujours un look \u00e9l\u00e9gant et moderne. Les caract\u00e9ristiques sonores, comme les petits pr\u00e9d\u00e9cesseurs de cette s\u00e9rie, sont remarquablement transparentes et propres, mais maintenant plus avec une finition chaude dans les m\u00e9diums qui rend les voix clairement plus agr\u00e9ables. Les nuances claires et la large gamme permettent de reconna\u00eetre clairement l&rsquo;acoustique de l&rsquo;enregistrement. [&hellip;]\" \/>\n<meta property=\"og:url\" content=\"https:\/\/dev.freakuence.nl\/fr\/produit\/cambridge-audio-exa100\/\" \/>\n<meta property=\"og:site_name\" content=\"Freakuence!\" \/>\n<meta property=\"article:modified_time\" content=\"2026-04-11T02:23:24+00:00\" \/>\n<meta property=\"og:image\" content=\"https:\/\/dev.freakuence.nl\/wp-content\/uploads\/2025\/09\/1754491600-IMG5376-scaled.jpg\" \/>\n\t<meta property=\"og:image:width\" content=\"1800\" \/>\n\t<meta property=\"og:image:height\" content=\"1200\" \/>\n\t<meta property=\"og:image:type\" content=\"image\/jpeg\" \/>\n<meta name=\"twitter:card\" content=\"summary_large_image\" \/>\n<script type=\"application\/ld+json\" class=\"yoast-schema-graph\">{\"@context\":\"https:\/\/schema.org\",\"@graph\":[{\"@type\":\"WebPage\",\"@id\":\"https:\/\/dev.freakuence.nl\/fr\/produit\/cambridge-audio-exa100\/\",\"url\":\"https:\/\/dev.freakuence.nl\/fr\/produit\/cambridge-audio-exa100\/\",\"name\":\"Cambridge Audio EXA100 | Freakuence!\",\"isPartOf\":{\"@id\":\"https:\/\/dev.freakuence.nl\/fr\/#website\"},\"primaryImageOfPage\":{\"@id\":\"https:\/\/dev.freakuence.nl\/fr\/produit\/cambridge-audio-exa100\/#primaryimage\"},\"image\":{\"@id\":\"https:\/\/dev.freakuence.nl\/fr\/produit\/cambridge-audio-exa100\/#primaryimage\"},\"thumbnailUrl\":\"https:\/\/dev.freakuence.nl\/wp-content\/uploads\/2025\/09\/1754491600-IMG5376-scaled.jpg\",\"datePublished\":\"2025-08-06T14:47:37+00:00\",\"dateModified\":\"2026-04-11T02:23:24+00:00\",\"breadcrumb\":{\"@id\":\"https:\/\/dev.freakuence.nl\/fr\/produit\/cambridge-audio-exa100\/#breadcrumb\"},\"inLanguage\":\"fr-FR\",\"potentialAction\":[{\"@type\":\"ReadAction\",\"target\":[\"https:\/\/dev.freakuence.nl\/fr\/produit\/cambridge-audio-exa100\/\"]}]},{\"@type\":\"ImageObject\",\"inLanguage\":\"fr-FR\",\"@id\":\"https:\/\/dev.freakuence.nl\/fr\/produit\/cambridge-audio-exa100\/#primaryimage\",\"url\":\"https:\/\/dev.freakuence.nl\/wp-content\/uploads\/2025\/09\/1754491600-IMG5376-scaled.jpg\",\"contentUrl\":\"https:\/\/dev.freakuence.nl\/wp-content\/uploads\/2025\/09\/1754491600-IMG5376-scaled.jpg\",\"width\":1800,\"height\":1200},{\"@type\":\"BreadcrumbList\",\"@id\":\"https:\/\/dev.freakuence.nl\/fr\/produit\/cambridge-audio-exa100\/#breadcrumb\",\"itemListElement\":[{\"@type\":\"ListItem\",\"position\":1,\"name\":\"Accueil\",\"item\":\"https:\/\/dev.freakuence.nl\/fr\/\"},{\"@type\":\"ListItem\",\"position\":2,\"name\":\"Products\",\"item\":\"https:\/\/dev.freakuence.nl\/en\/products\/\"},{\"@type\":\"ListItem\",\"position\":3,\"name\":\"Cambridge Audio EXA100\"}]},{\"@type\":\"WebSite\",\"@id\":\"https:\/\/dev.freakuence.nl\/fr\/#website\",\"url\":\"https:\/\/dev.freakuence.nl\/fr\/\",\"name\":\"Freakuence!\",\"description\":\"Freakuence!\",\"alternateName\":\"Freakuence\",\"potentialAction\":[{\"@type\":\"SearchAction\",\"target\":{\"@type\":\"EntryPoint\",\"urlTemplate\":\"https:\/\/dev.freakuence.nl\/fr\/?s={search_term_string}\"},\"query-input\":{\"@type\":\"PropertyValueSpecification\",\"valueRequired\":true,\"valueName\":\"search_term_string\"}}],\"inLanguage\":\"fr-FR\"}]}<\/script>\n<!-- \/ Yoast SEO plugin. -->","yoast_head_json":{"title":"Cambridge Audio EXA100 | Freakuence!","robots":{"index":"noindex","follow":"follow","max-snippet":"max-snippet:-1","max-image-preview":"max-image-preview:large","max-video-preview":"max-video-preview:-1"},"og_locale":"fr_FR","og_type":"article","og_title":"Cambridge Audio EXA100 | Freakuence!","og_description":"Description Freakuence ! Toujours un look \u00e9l\u00e9gant et moderne. Les caract\u00e9ristiques sonores, comme les petits pr\u00e9d\u00e9cesseurs de cette s\u00e9rie, sont remarquablement transparentes et propres, mais maintenant plus avec une finition chaude dans les m\u00e9diums qui rend les voix clairement plus agr\u00e9ables. Les nuances claires et la large gamme permettent de reconna\u00eetre clairement l&rsquo;acoustique de l&rsquo;enregistrement. [&hellip;]","og_url":"https:\/\/dev.freakuence.nl\/fr\/produit\/cambridge-audio-exa100\/","og_site_name":"Freakuence!","article_modified_time":"2026-04-11T02:23:24+00:00","og_image":[{"width":1800,"height":1200,"url":"https:\/\/dev.freakuence.nl\/wp-content\/uploads\/2025\/09\/1754491600-IMG5376-scaled.jpg","type":"image\/jpeg"}],"twitter_card":"summary_large_image","schema":{"@context":"https:\/\/schema.org","@graph":[{"@type":"WebPage","@id":"https:\/\/dev.freakuence.nl\/fr\/produit\/cambridge-audio-exa100\/","url":"https:\/\/dev.freakuence.nl\/fr\/produit\/cambridge-audio-exa100\/","name":"Cambridge Audio EXA100 | Freakuence!","isPartOf":{"@id":"https:\/\/dev.freakuence.nl\/fr\/#website"},"primaryImageOfPage":{"@id":"https:\/\/dev.freakuence.nl\/fr\/produit\/cambridge-audio-exa100\/#primaryimage"},"image":{"@id":"https:\/\/dev.freakuence.nl\/fr\/produit\/cambridge-audio-exa100\/#primaryimage"},"thumbnailUrl":"https:\/\/dev.freakuence.nl\/wp-content\/uploads\/2025\/09\/1754491600-IMG5376-scaled.jpg","datePublished":"2025-08-06T14:47:37+00:00","dateModified":"2026-04-11T02:23:24+00:00","breadcrumb":{"@id":"https:\/\/dev.freakuence.nl\/fr\/produit\/cambridge-audio-exa100\/#breadcrumb"},"inLanguage":"fr-FR","potentialAction":[{"@type":"ReadAction","target":["https:\/\/dev.freakuence.nl\/fr\/produit\/cambridge-audio-exa100\/"]}]},{"@type":"ImageObject","inLanguage":"fr-FR","@id":"https:\/\/dev.freakuence.nl\/fr\/produit\/cambridge-audio-exa100\/#primaryimage","url":"https:\/\/dev.freakuence.nl\/wp-content\/uploads\/2025\/09\/1754491600-IMG5376-scaled.jpg","contentUrl":"https:\/\/dev.freakuence.nl\/wp-content\/uploads\/2025\/09\/1754491600-IMG5376-scaled.jpg","width":1800,"height":1200},{"@type":"BreadcrumbList","@id":"https:\/\/dev.freakuence.nl\/fr\/produit\/cambridge-audio-exa100\/#breadcrumb","itemListElement":[{"@type":"ListItem","position":1,"name":"Accueil","item":"https:\/\/dev.freakuence.nl\/fr\/"},{"@type":"ListItem","position":2,"name":"Products","item":"https:\/\/dev.freakuence.nl\/en\/products\/"},{"@type":"ListItem","position":3,"name":"Cambridge Audio EXA100"}]},{"@type":"WebSite","@id":"https:\/\/dev.freakuence.nl\/fr\/#website","url":"https:\/\/dev.freakuence.nl\/fr\/","name":"Freakuence!","description":"Freakuence!","alternateName":"Freakuence","potentialAction":[{"@type":"SearchAction","target":{"@type":"EntryPoint","urlTemplate":"https:\/\/dev.freakuence.nl\/fr\/?s={search_term_string}"},"query-input":{"@type":"PropertyValueSpecification","valueRequired":true,"valueName":"search_term_string"}}],"inLanguage":"fr-FR"}]}},"_links":{"self":[{"href":"https:\/\/dev.freakuence.nl\/fr\/wp-json\/wp\/v2\/product\/309978","targetHints":{"allow":["GET"]}}],"collection":[{"href":"https:\/\/dev.freakuence.nl\/fr\/wp-json\/wp\/v2\/product"}],"about":[{"href":"https:\/\/dev.freakuence.nl\/fr\/wp-json\/wp\/v2\/types\/product"}],"version-history":[{"count":1,"href":"https:\/\/dev.freakuence.nl\/fr\/wp-json\/wp\/v2\/product\/309978\/revisions"}],"predecessor-version":[{"id":318213,"href":"https:\/\/dev.freakuence.nl\/fr\/wp-json\/wp\/v2\/product\/309978\/revisions\/318213"}],"wp:featuredmedia":[{"embeddable":true,"href":"https:\/\/dev.freakuence.nl\/fr\/wp-json\/wp\/v2\/media\/309980"}],"wp:attachment":[{"href":"https:\/\/dev.freakuence.nl\/fr\/wp-json\/wp\/v2\/media?parent=309978"}],"wp:term":[{"taxonomy":"product_brand","embeddable":true,"href":"https:\/\/dev.freakuence.nl\/fr\/wp-json\/wp\/v2\/product_brand?post=309978"},{"taxonomy":"product_cat","embeddable":true,"href":"https:\/\/dev.freakuence.nl\/fr\/wp-json\/wp\/v2\/product_cat?post=309978"},{"taxonomy":"product_tag","embeddable":true,"href":"https:\/\/dev.freakuence.nl\/fr\/wp-json\/wp\/v2\/product_tag?post=309978"}],"curies":[{"name":"wp","href":"https:\/\/api.w.org\/{rel}","templated":true}]}}