{"id":310126,"date":"2025-08-18T12:11:06","date_gmt":"2025-08-18T10:11:06","guid":{"rendered":"https:\/\/dev.freakuence.nl\/product\/mcintosh-mcd85\/"},"modified":"2026-03-20T07:28:54","modified_gmt":"2026-03-20T06:28:54","slug":"mcintosh-mcd85","status":"publish","type":"product","link":"https:\/\/dev.freakuence.nl\/fr\/produit\/mcintosh-mcd85\/","title":{"rendered":"McIntosh MCD85"},"content":{"rendered":"<div class=\"product-specifications-list\">\n<div class=\"specification-item row-even\"><span class=\"spec-content\"><strong>Description Freakuence !<\/strong><\/span><\/div>\n<div class=\"specification-item row-odd\"><span class=\"spec-content\"><\/p>\n<p>Un haut-parleur \u00e9pais avec un dac accessible ! L&rsquo;\u00e9l\u00e9ment sp\u00e9cial permet d&rsquo;obtenir un son chaud et d\u00e9taill\u00e9. La lecture est claire et pleine de nuances.  <\/p>\n<p><\/span><\/div>\n<div class=\"specification-item row-even\"><span class=\"spec-content\"><strong>D\u00e9tails<\/strong><\/span><\/div>\n<div class=\"specification-item row-odd\"><span class=\"spec-content\"><\/p>\n<p>Vous cherchez un autre mod\u00e8le de la s\u00e9rie actuelle de la marque ? Envoyez-nous un message !  Nous aimons en faire quelque chose d&rsquo;amusant.<\/span><\/div>\n<div class=\"specification-item row-even\"><span class=\"spec-content\">Nous en avons d&rsquo;autres de la m\u00eame gamme en exposition, voir les photos et\/ou les autres annonces.<\/p>\n<p><\/span><\/div>\n<div class=\"specification-item row-odd\"><span class=\"spec-content\">Prix de vente au d\u00e9tail : 7490.00<\/span><\/div>\n<div class=\"specification-item row-even\"><span class=\"spec-content\"><strong>Description g\u00e9n\u00e9rale<\/strong><\/span><\/div>\n<div class=\"specification-item row-odd\"><span class=\"spec-content\"><\/p>\n<p>Cet appareil est capable de reproduire le son \u00e0 partir de diverses sources num\u00e9riques. Il prend en charge diff\u00e9rents formats, notamment SACD et CD, et offre en option des r\u00e9glages personnalis\u00e9s via les entr\u00e9es num\u00e9riques disponibles. L&rsquo;appareil est dot\u00e9 d&rsquo;un m\u00e9canisme exclusif permettant un \u00e9quilibrage pr\u00e9cis de la rotation des disques, ce qui garantit un fonctionnement stable. Il offre des sorties sym\u00e9triques et asym\u00e9triques pour des options de connexion flexibles, et dispose d&rsquo;entr\u00e9es num\u00e9riques coaxiales et optiques. Le design combine une technologie avanc\u00e9e avec une attention particuli\u00e8re \u00e0 la qualit\u00e9 du son, avec une disposition des composants sp\u00e9cialement d\u00e9velopp\u00e9e et soigneusement r\u00e9gl\u00e9e pour des performances maximales.    <\/p>\n<p><\/span><\/div>\n<div class=\"specification-item row-even\"><span class=\"spec-content\"><strong>Histoire de la marque<\/strong><\/span><\/div>\n<div class=\"specification-item row-odd\"><span class=\"spec-content\"><\/p>\n<p>Le laboratoire McIntosh, fond\u00e9 en 1949 par Frank H. McIntosh et Gordon Gow, est bas\u00e9 \u00e0 Binghamton, dans l&rsquo;\u00c9tat de New York. En 1965, des amplificateurs McIntosh ont \u00e9t\u00e9 utilis\u00e9s lors du discours d&rsquo;investiture du pr\u00e9sident Lyndon B. Johnson. En 1969, vingt amplificateurs \u00e0 tubes McIntosh MC3500 ont assur\u00e9 la sonorisation du festival de Woodstock. En 1974, le groupe Grateful Dead a utilis\u00e9 48 amplificateurs McIntosh MC2300 pour son syst\u00e8me \u00ab\u00a0Wall of Sound\u00a0\u00bb. En 1990, McIntosh a \u00e9t\u00e9 rachet\u00e9 par Clarion, puis par D&amp;M Holdings en 2003. En 2022, l&rsquo;entreprise a \u00e9t\u00e9 vendue \u00e0 une soci\u00e9t\u00e9 de capital-investissement. McIntosh est connu pour ses panneaux avant en verre noir et ses VU-m\u00e8tres bleus.      <\/p>\n<p><\/span><\/div>\n<\/div>\n","protected":false},"excerpt":{"rendered":"<p>Description Freakuence ! Un haut-parleur \u00e9pais avec un dac accessible ! L&rsquo;\u00e9l\u00e9ment sp\u00e9cial permet d&rsquo;obtenir un son chaud et d\u00e9taill\u00e9. La lecture est claire et pleine de nuances. D\u00e9tails Vous cherchez un autre mod\u00e8le de la s\u00e9rie actuelle de la marque ? Envoyez-nous un message ! Nous aimons en faire quelque chose d&rsquo;amusant. Nous en [&hellip;]<\/p>\n","protected":false},"featured_media":310144,"template":"","meta":{"_acf_changed":false,"inline_featured_image":false},"product_brand":[],"product_cat":[591],"product_tag":[554],"class_list":{"0":"post-310126","1":"product","2":"type-product","3":"status-publish","4":"has-post-thumbnail","6":"product_cat-lecteurs-de-cd","7":"product_tag-used","8":"pa_kleur-noir","10":"first","11":"instock","12":"purchasable","13":"product-type-simple"},"acf":[],"yoast_head":"<!-- This site is optimized with the Yoast SEO plugin v25.9 - https:\/\/yoast.com\/wordpress\/plugins\/seo\/ -->\n<title>McIntosh MCD85 | Freakuence!<\/title>\n<meta name=\"robots\" content=\"noindex, follow, max-snippet:-1, max-image-preview:large, max-video-preview:-1\" \/>\n<meta property=\"og:locale\" content=\"fr_FR\" \/>\n<meta property=\"og:type\" content=\"article\" \/>\n<meta property=\"og:title\" content=\"McIntosh MCD85 | Freakuence!\" \/>\n<meta property=\"og:description\" content=\"Description Freakuence ! Un haut-parleur \u00e9pais avec un dac accessible ! L&rsquo;\u00e9l\u00e9ment sp\u00e9cial permet d&rsquo;obtenir un son chaud et d\u00e9taill\u00e9. La lecture est claire et pleine de nuances. D\u00e9tails Vous cherchez un autre mod\u00e8le de la s\u00e9rie actuelle de la marque ? Envoyez-nous un message ! Nous aimons en faire quelque chose d&rsquo;amusant. Nous en [&hellip;]\" \/>\n<meta property=\"og:url\" content=\"https:\/\/dev.freakuence.nl\/fr\/produit\/mcintosh-mcd85\/\" \/>\n<meta property=\"og:site_name\" content=\"Freakuence!\" \/>\n<meta property=\"article:modified_time\" content=\"2026-03-20T06:28:54+00:00\" \/>\n<meta property=\"og:image\" content=\"https:\/\/dev.freakuence.nl\/wp-content\/uploads\/2025\/09\/1754050654-IMG7409-scaled.jpg\" \/>\n\t<meta property=\"og:image:width\" content=\"1800\" \/>\n\t<meta property=\"og:image:height\" content=\"1200\" \/>\n\t<meta property=\"og:image:type\" content=\"image\/jpeg\" \/>\n<meta name=\"twitter:card\" content=\"summary_large_image\" \/>\n<script type=\"application\/ld+json\" class=\"yoast-schema-graph\">{\"@context\":\"https:\/\/schema.org\",\"@graph\":[{\"@type\":\"WebPage\",\"@id\":\"https:\/\/dev.freakuence.nl\/fr\/produit\/mcintosh-mcd85\/\",\"url\":\"https:\/\/dev.freakuence.nl\/fr\/produit\/mcintosh-mcd85\/\",\"name\":\"McIntosh MCD85 | Freakuence!\",\"isPartOf\":{\"@id\":\"https:\/\/dev.freakuence.nl\/fr\/#website\"},\"primaryImageOfPage\":{\"@id\":\"https:\/\/dev.freakuence.nl\/fr\/produit\/mcintosh-mcd85\/#primaryimage\"},\"image\":{\"@id\":\"https:\/\/dev.freakuence.nl\/fr\/produit\/mcintosh-mcd85\/#primaryimage\"},\"thumbnailUrl\":\"https:\/\/dev.freakuence.nl\/wp-content\/uploads\/2025\/09\/1754050654-IMG7409-scaled.jpg\",\"datePublished\":\"2025-08-18T10:11:06+00:00\",\"dateModified\":\"2026-03-20T06:28:54+00:00\",\"breadcrumb\":{\"@id\":\"https:\/\/dev.freakuence.nl\/fr\/produit\/mcintosh-mcd85\/#breadcrumb\"},\"inLanguage\":\"fr-FR\",\"potentialAction\":[{\"@type\":\"ReadAction\",\"target\":[\"https:\/\/dev.freakuence.nl\/fr\/produit\/mcintosh-mcd85\/\"]}]},{\"@type\":\"ImageObject\",\"inLanguage\":\"fr-FR\",\"@id\":\"https:\/\/dev.freakuence.nl\/fr\/produit\/mcintosh-mcd85\/#primaryimage\",\"url\":\"https:\/\/dev.freakuence.nl\/wp-content\/uploads\/2025\/09\/1754050654-IMG7409-scaled.jpg\",\"contentUrl\":\"https:\/\/dev.freakuence.nl\/wp-content\/uploads\/2025\/09\/1754050654-IMG7409-scaled.jpg\",\"width\":1800,\"height\":1200},{\"@type\":\"BreadcrumbList\",\"@id\":\"https:\/\/dev.freakuence.nl\/fr\/produit\/mcintosh-mcd85\/#breadcrumb\",\"itemListElement\":[{\"@type\":\"ListItem\",\"position\":1,\"name\":\"Accueil\",\"item\":\"https:\/\/dev.freakuence.nl\/fr\/\"},{\"@type\":\"ListItem\",\"position\":2,\"name\":\"Products\",\"item\":\"https:\/\/dev.freakuence.nl\/en\/products\/\"},{\"@type\":\"ListItem\",\"position\":3,\"name\":\"McIntosh MCD85\"}]},{\"@type\":\"WebSite\",\"@id\":\"https:\/\/dev.freakuence.nl\/fr\/#website\",\"url\":\"https:\/\/dev.freakuence.nl\/fr\/\",\"name\":\"Freakuence!\",\"description\":\"Freakuence!\",\"alternateName\":\"Freakuence\",\"potentialAction\":[{\"@type\":\"SearchAction\",\"target\":{\"@type\":\"EntryPoint\",\"urlTemplate\":\"https:\/\/dev.freakuence.nl\/fr\/?s={search_term_string}\"},\"query-input\":{\"@type\":\"PropertyValueSpecification\",\"valueRequired\":true,\"valueName\":\"search_term_string\"}}],\"inLanguage\":\"fr-FR\"}]}<\/script>\n<!-- \/ Yoast SEO plugin. -->","yoast_head_json":{"title":"McIntosh MCD85 | Freakuence!","robots":{"index":"noindex","follow":"follow","max-snippet":"max-snippet:-1","max-image-preview":"max-image-preview:large","max-video-preview":"max-video-preview:-1"},"og_locale":"fr_FR","og_type":"article","og_title":"McIntosh MCD85 | Freakuence!","og_description":"Description Freakuence ! Un haut-parleur \u00e9pais avec un dac accessible ! L&rsquo;\u00e9l\u00e9ment sp\u00e9cial permet d&rsquo;obtenir un son chaud et d\u00e9taill\u00e9. La lecture est claire et pleine de nuances. D\u00e9tails Vous cherchez un autre mod\u00e8le de la s\u00e9rie actuelle de la marque ? Envoyez-nous un message ! Nous aimons en faire quelque chose d&rsquo;amusant. Nous en [&hellip;]","og_url":"https:\/\/dev.freakuence.nl\/fr\/produit\/mcintosh-mcd85\/","og_site_name":"Freakuence!","article_modified_time":"2026-03-20T06:28:54+00:00","og_image":[{"width":1800,"height":1200,"url":"https:\/\/dev.freakuence.nl\/wp-content\/uploads\/2025\/09\/1754050654-IMG7409-scaled.jpg","type":"image\/jpeg"}],"twitter_card":"summary_large_image","schema":{"@context":"https:\/\/schema.org","@graph":[{"@type":"WebPage","@id":"https:\/\/dev.freakuence.nl\/fr\/produit\/mcintosh-mcd85\/","url":"https:\/\/dev.freakuence.nl\/fr\/produit\/mcintosh-mcd85\/","name":"McIntosh MCD85 | Freakuence!","isPartOf":{"@id":"https:\/\/dev.freakuence.nl\/fr\/#website"},"primaryImageOfPage":{"@id":"https:\/\/dev.freakuence.nl\/fr\/produit\/mcintosh-mcd85\/#primaryimage"},"image":{"@id":"https:\/\/dev.freakuence.nl\/fr\/produit\/mcintosh-mcd85\/#primaryimage"},"thumbnailUrl":"https:\/\/dev.freakuence.nl\/wp-content\/uploads\/2025\/09\/1754050654-IMG7409-scaled.jpg","datePublished":"2025-08-18T10:11:06+00:00","dateModified":"2026-03-20T06:28:54+00:00","breadcrumb":{"@id":"https:\/\/dev.freakuence.nl\/fr\/produit\/mcintosh-mcd85\/#breadcrumb"},"inLanguage":"fr-FR","potentialAction":[{"@type":"ReadAction","target":["https:\/\/dev.freakuence.nl\/fr\/produit\/mcintosh-mcd85\/"]}]},{"@type":"ImageObject","inLanguage":"fr-FR","@id":"https:\/\/dev.freakuence.nl\/fr\/produit\/mcintosh-mcd85\/#primaryimage","url":"https:\/\/dev.freakuence.nl\/wp-content\/uploads\/2025\/09\/1754050654-IMG7409-scaled.jpg","contentUrl":"https:\/\/dev.freakuence.nl\/wp-content\/uploads\/2025\/09\/1754050654-IMG7409-scaled.jpg","width":1800,"height":1200},{"@type":"BreadcrumbList","@id":"https:\/\/dev.freakuence.nl\/fr\/produit\/mcintosh-mcd85\/#breadcrumb","itemListElement":[{"@type":"ListItem","position":1,"name":"Accueil","item":"https:\/\/dev.freakuence.nl\/fr\/"},{"@type":"ListItem","position":2,"name":"Products","item":"https:\/\/dev.freakuence.nl\/en\/products\/"},{"@type":"ListItem","position":3,"name":"McIntosh MCD85"}]},{"@type":"WebSite","@id":"https:\/\/dev.freakuence.nl\/fr\/#website","url":"https:\/\/dev.freakuence.nl\/fr\/","name":"Freakuence!","description":"Freakuence!","alternateName":"Freakuence","potentialAction":[{"@type":"SearchAction","target":{"@type":"EntryPoint","urlTemplate":"https:\/\/dev.freakuence.nl\/fr\/?s={search_term_string}"},"query-input":{"@type":"PropertyValueSpecification","valueRequired":true,"valueName":"search_term_string"}}],"inLanguage":"fr-FR"}]}},"_links":{"self":[{"href":"https:\/\/dev.freakuence.nl\/fr\/wp-json\/wp\/v2\/product\/310126","targetHints":{"allow":["GET"]}}],"collection":[{"href":"https:\/\/dev.freakuence.nl\/fr\/wp-json\/wp\/v2\/product"}],"about":[{"href":"https:\/\/dev.freakuence.nl\/fr\/wp-json\/wp\/v2\/types\/product"}],"version-history":[{"count":0,"href":"https:\/\/dev.freakuence.nl\/fr\/wp-json\/wp\/v2\/product\/310126\/revisions"}],"wp:featuredmedia":[{"embeddable":true,"href":"https:\/\/dev.freakuence.nl\/fr\/wp-json\/wp\/v2\/media\/310144"}],"wp:attachment":[{"href":"https:\/\/dev.freakuence.nl\/fr\/wp-json\/wp\/v2\/media?parent=310126"}],"wp:term":[{"taxonomy":"product_brand","embeddable":true,"href":"https:\/\/dev.freakuence.nl\/fr\/wp-json\/wp\/v2\/product_brand?post=310126"},{"taxonomy":"product_cat","embeddable":true,"href":"https:\/\/dev.freakuence.nl\/fr\/wp-json\/wp\/v2\/product_cat?post=310126"},{"taxonomy":"product_tag","embeddable":true,"href":"https:\/\/dev.freakuence.nl\/fr\/wp-json\/wp\/v2\/product_tag?post=310126"}],"curies":[{"name":"wp","href":"https:\/\/api.w.org\/{rel}","templated":true}]}}