{"id":310182,"date":"2025-08-06T13:32:35","date_gmt":"2025-08-06T11:32:35","guid":{"rendered":"https:\/\/dev.freakuence.nl\/product\/arcam-sa45\/"},"modified":"2026-03-20T07:28:59","modified_gmt":"2026-03-20T06:28:59","slug":"arcam-sa45","status":"publish","type":"product","link":"https:\/\/dev.freakuence.nl\/fr\/produit\/arcam-sa45\/","title":{"rendered":"Arcam SA45"},"content":{"rendered":"<div class=\"product-specifications-list\">\n<div class=\"specification-item row-even\"><span class=\"spec-content\"><strong>Description Freakuence !<\/strong><\/span><\/div>\n<div class=\"specification-item row-odd\"><span class=\"spec-content\"><\/p>\n<p>Amplificateur pr\u00e9cis et puissant avec une touche chaleureuse. Avec l&rsquo;amplification en classe G, c&rsquo;est toujours la f\u00eate. \u00c0 faible volume, il joue en classe A, puis continue en classe AB. \u00c9quip\u00e9 d&rsquo;un dac s\u00e9rieux et d&rsquo;un syst\u00e8me de streaming.   <\/p>\n<p><\/span><\/div>\n<div class=\"specification-item row-even\"><span class=\"spec-content\"><strong>D\u00e9tails<\/strong><\/span><\/div>\n<div class=\"specification-item row-odd\"><span class=\"spec-content\"><\/p>\n<p>Vous cherchez un autre mod\u00e8le de la s\u00e9rie actuelle de la marque ? Envoyez-nous un message !  Nous sommes heureux de pouvoir en faire commerce. N&rsquo;h\u00e9sitez pas \u00e0 nous envoyer ce que vous avez de disponible, nous serons heureux d&rsquo;\u00e9valuer si nous pouvons le mettre en vente. <\/span><\/div>\n<div class=\"specification-item row-even\"><span class=\"spec-content\">Nous le livrons 100% neuf dans son emballage scell\u00e9, mais nous avons pens\u00e9 qu&rsquo;il serait bon de jeter un coup d&rsquo;\u0153il \u00e0 notre mod\u00e8le de d\u00e9monstration. Venez faire une d\u00e9monstration dans l&rsquo;une de nos 5 salles d&rsquo;\u00e9coute ! D&rsquo;autres versions sont \u00e9galement possibles. Nous sommes heureux d&rsquo;\u00e9changer du mat\u00e9riel neuf pour en faire quelque chose de beau ! N&rsquo;oubliez pas de nous faire savoir ce que vous avez \u00e0 \u00e9changer, le cas \u00e9ch\u00e9ant.    <\/span><\/div>\n<div class=\"specification-item row-odd\"><span class=\"spec-content\">Produit TVA. Les entrepreneurs, les personnes en dehors de l&rsquo;UE, en profitent. <\/p>\n<p><\/span><\/div>\n<div class=\"specification-item row-even\"><span class=\"spec-content\">Prix de vente au d\u00e9tail : 4999.00<\/span><\/div>\n<div class=\"specification-item row-odd\"><span class=\"spec-content\"><strong>Description g\u00e9n\u00e9rale<\/strong><\/span><\/div>\n<div class=\"specification-item row-even\"><span class=\"spec-content\"><\/p>\n<p>Ce syst\u00e8me d\u00e9livre une puissance de 2x 180W \u00e0 8\u03a9 et 2x 300W \u00e0 4\u03a9, avec une distorsion harmonique de 0,002% \u00e0 80% de la puissance. Il dispose de trois entr\u00e9es RCA, d&rsquo;une entr\u00e9e XLR et d&rsquo;entr\u00e9es phono MM et MC. Les entr\u00e9es num\u00e9riques comprennent des connexions HDMI eARC, deux coaxiales et deux optiques. Les formats de streaming pris en charge sont FLAC, WAV, AAC et DSD jusqu&rsquo;\u00e0 256. La connectivit\u00e9 sans fil est assur\u00e9e par Wi-Fi et Bluetooth 5.4. Le syst\u00e8me prend en charge Apple AirPlay, Google Cast, Spotify Connect et Tidal Connect. Un \u00e9cran haute r\u00e9solution de 8,8 pouces affiche les pochettes d&rsquo;album et les m\u00e9tadonn\u00e9es. En option, vous disposez de deux sorties subwoofer et de la fonction Dirac Live Room Correction. Dimensions : 432 x 390 x 140 mm ; poids : 17 kg.        <\/p>\n<p><\/span><\/div>\n<div class=\"specification-item row-odd\"><span class=\"spec-content\"><strong>Informations g\u00e9n\u00e9rales<\/strong><\/span><\/div>\n<div class=\"specification-item row-even\"><span class=\"spec-content\"><\/p>\n<p>L&rsquo;Arcam ST60 a \u00e9t\u00e9 con\u00e7u comme un DAC de streaming haut de gamme pour le m\u00e9lomane moderne. L&rsquo;\u00e9quipe de conception s&rsquo;est efforc\u00e9e d&rsquo;obtenir une qualit\u00e9 audio maximale et une grande facilit\u00e9 d&rsquo;utilisation. Les sections analogiques et num\u00e9riques sont enti\u00e8rement s\u00e9par\u00e9es en interne pour minimiser le bruit. Le ST60 utilise un DAC ESS Sabre, un bo\u00eetier en aluminium de haute qualit\u00e9 et des sorties XLR sym\u00e9triques. Con\u00e7u au Royaume-Uni pour compl\u00e9ter la s\u00e9rie HDA d&rsquo;Arcam.    <\/p>\n<p><\/span><\/div>\n<div class=\"specification-item row-odd\"><span class=\"spec-content\"><strong>Histoire de la marque<\/strong><\/span><\/div>\n<div class=\"specification-item row-even\"><span class=\"spec-content\"><\/p>\n<p>Arcam a \u00e9t\u00e9 fond\u00e9e en 1976 \u00e0 Cambridge, au Royaume-Uni. Le premier produit lanc\u00e9 par la soci\u00e9t\u00e9 a \u00e9t\u00e9 l&rsquo;A60, un amplificateur int\u00e9gr\u00e9 qui a acquis un statut d&rsquo;ic\u00f4ne et s&rsquo;est vendu \u00e0 plus de 30 000 exemplaires. Arcam a \u00e9largi sa gamme en 1986 avec le premier lecteur de CD enti\u00e8rement con\u00e7u et fabriqu\u00e9 au Royaume-Uni. En 1988, Arcam a lanc\u00e9 la Black Box, l&rsquo;un des premiers convertisseurs num\u00e9riques-analogiques (DAC) autonomes pour la lecture de CD. Dans les ann\u00e9es 1990, Arcam a lanc\u00e9 le Xeta 1, le premier amplificateur AV pour audiophiles, et a d\u00e9velopp\u00e9 le premier tuner DAB au monde pour un usage domestique en 1999.    <\/p>\n<p><\/span><\/div>\n<\/div>\n","protected":false},"excerpt":{"rendered":"<p>Description Freakuence ! Amplificateur pr\u00e9cis et puissant avec une touche chaleureuse. Avec l&rsquo;amplification en classe G, c&rsquo;est toujours la f\u00eate. \u00c0 faible volume, il joue en classe A, puis continue en classe AB. \u00c9quip\u00e9 d&rsquo;un dac s\u00e9rieux et d&rsquo;un syst\u00e8me de streaming. D\u00e9tails Vous cherchez un autre mod\u00e8le de la s\u00e9rie actuelle de la marque [&hellip;]<\/p>\n","protected":false},"featured_media":310183,"template":"","meta":{"_acf_changed":false,"inline_featured_image":false},"product_brand":[],"product_cat":[558],"product_tag":[575],"class_list":{"0":"post-310182","1":"product","2":"type-product","3":"status-publish","4":"has-post-thumbnail","6":"product_cat-amplificateurs","7":"product_tag-freakdemo","8":"pa_kleur-noir","10":"first","11":"instock","12":"taxable","13":"shipping-taxable","14":"purchasable","15":"product-type-simple"},"acf":[],"yoast_head":"<!-- This site is optimized with the Yoast SEO plugin v25.9 - https:\/\/yoast.com\/wordpress\/plugins\/seo\/ -->\n<title>Arcam SA45 | Freakuence!<\/title>\n<meta name=\"robots\" content=\"noindex, follow, max-snippet:-1, max-image-preview:large, max-video-preview:-1\" \/>\n<meta property=\"og:locale\" content=\"fr_FR\" \/>\n<meta property=\"og:type\" content=\"article\" \/>\n<meta property=\"og:title\" content=\"Arcam SA45 | Freakuence!\" \/>\n<meta property=\"og:description\" content=\"Description Freakuence ! Amplificateur pr\u00e9cis et puissant avec une touche chaleureuse. Avec l&rsquo;amplification en classe G, c&rsquo;est toujours la f\u00eate. \u00c0 faible volume, il joue en classe A, puis continue en classe AB. \u00c9quip\u00e9 d&rsquo;un dac s\u00e9rieux et d&rsquo;un syst\u00e8me de streaming. D\u00e9tails Vous cherchez un autre mod\u00e8le de la s\u00e9rie actuelle de la marque [&hellip;]\" \/>\n<meta property=\"og:url\" content=\"https:\/\/dev.freakuence.nl\/fr\/produit\/arcam-sa45\/\" \/>\n<meta property=\"og:site_name\" content=\"Freakuence!\" \/>\n<meta property=\"article:modified_time\" content=\"2026-03-20T06:28:59+00:00\" \/>\n<meta property=\"og:image\" content=\"https:\/\/dev.freakuence.nl\/wp-content\/uploads\/2025\/09\/1754479899-IMG6662-scaled.jpg\" \/>\n\t<meta property=\"og:image:width\" content=\"1800\" \/>\n\t<meta property=\"og:image:height\" content=\"1200\" \/>\n\t<meta property=\"og:image:type\" content=\"image\/jpeg\" \/>\n<meta name=\"twitter:card\" content=\"summary_large_image\" \/>\n<script type=\"application\/ld+json\" class=\"yoast-schema-graph\">{\"@context\":\"https:\/\/schema.org\",\"@graph\":[{\"@type\":\"WebPage\",\"@id\":\"https:\/\/dev.freakuence.nl\/fr\/produit\/arcam-sa45\/\",\"url\":\"https:\/\/dev.freakuence.nl\/fr\/produit\/arcam-sa45\/\",\"name\":\"Arcam SA45 | Freakuence!\",\"isPartOf\":{\"@id\":\"https:\/\/dev.freakuence.nl\/fr\/#website\"},\"primaryImageOfPage\":{\"@id\":\"https:\/\/dev.freakuence.nl\/fr\/produit\/arcam-sa45\/#primaryimage\"},\"image\":{\"@id\":\"https:\/\/dev.freakuence.nl\/fr\/produit\/arcam-sa45\/#primaryimage\"},\"thumbnailUrl\":\"https:\/\/dev.freakuence.nl\/wp-content\/uploads\/2025\/09\/1754479899-IMG6662-scaled.jpg\",\"datePublished\":\"2025-08-06T11:32:35+00:00\",\"dateModified\":\"2026-03-20T06:28:59+00:00\",\"breadcrumb\":{\"@id\":\"https:\/\/dev.freakuence.nl\/fr\/produit\/arcam-sa45\/#breadcrumb\"},\"inLanguage\":\"fr-FR\",\"potentialAction\":[{\"@type\":\"ReadAction\",\"target\":[\"https:\/\/dev.freakuence.nl\/fr\/produit\/arcam-sa45\/\"]}]},{\"@type\":\"ImageObject\",\"inLanguage\":\"fr-FR\",\"@id\":\"https:\/\/dev.freakuence.nl\/fr\/produit\/arcam-sa45\/#primaryimage\",\"url\":\"https:\/\/dev.freakuence.nl\/wp-content\/uploads\/2025\/09\/1754479899-IMG6662-scaled.jpg\",\"contentUrl\":\"https:\/\/dev.freakuence.nl\/wp-content\/uploads\/2025\/09\/1754479899-IMG6662-scaled.jpg\",\"width\":1800,\"height\":1200},{\"@type\":\"BreadcrumbList\",\"@id\":\"https:\/\/dev.freakuence.nl\/fr\/produit\/arcam-sa45\/#breadcrumb\",\"itemListElement\":[{\"@type\":\"ListItem\",\"position\":1,\"name\":\"Accueil\",\"item\":\"https:\/\/dev.freakuence.nl\/fr\/\"},{\"@type\":\"ListItem\",\"position\":2,\"name\":\"Products\",\"item\":\"https:\/\/dev.freakuence.nl\/en\/products\/\"},{\"@type\":\"ListItem\",\"position\":3,\"name\":\"Arcam SA45\"}]},{\"@type\":\"WebSite\",\"@id\":\"https:\/\/dev.freakuence.nl\/fr\/#website\",\"url\":\"https:\/\/dev.freakuence.nl\/fr\/\",\"name\":\"Freakuence!\",\"description\":\"Freakuence!\",\"alternateName\":\"Freakuence\",\"potentialAction\":[{\"@type\":\"SearchAction\",\"target\":{\"@type\":\"EntryPoint\",\"urlTemplate\":\"https:\/\/dev.freakuence.nl\/fr\/?s={search_term_string}\"},\"query-input\":{\"@type\":\"PropertyValueSpecification\",\"valueRequired\":true,\"valueName\":\"search_term_string\"}}],\"inLanguage\":\"fr-FR\"}]}<\/script>\n<!-- \/ Yoast SEO plugin. -->","yoast_head_json":{"title":"Arcam SA45 | Freakuence!","robots":{"index":"noindex","follow":"follow","max-snippet":"max-snippet:-1","max-image-preview":"max-image-preview:large","max-video-preview":"max-video-preview:-1"},"og_locale":"fr_FR","og_type":"article","og_title":"Arcam SA45 | Freakuence!","og_description":"Description Freakuence ! Amplificateur pr\u00e9cis et puissant avec une touche chaleureuse. Avec l&rsquo;amplification en classe G, c&rsquo;est toujours la f\u00eate. \u00c0 faible volume, il joue en classe A, puis continue en classe AB. \u00c9quip\u00e9 d&rsquo;un dac s\u00e9rieux et d&rsquo;un syst\u00e8me de streaming. D\u00e9tails Vous cherchez un autre mod\u00e8le de la s\u00e9rie actuelle de la marque [&hellip;]","og_url":"https:\/\/dev.freakuence.nl\/fr\/produit\/arcam-sa45\/","og_site_name":"Freakuence!","article_modified_time":"2026-03-20T06:28:59+00:00","og_image":[{"width":1800,"height":1200,"url":"https:\/\/dev.freakuence.nl\/wp-content\/uploads\/2025\/09\/1754479899-IMG6662-scaled.jpg","type":"image\/jpeg"}],"twitter_card":"summary_large_image","schema":{"@context":"https:\/\/schema.org","@graph":[{"@type":"WebPage","@id":"https:\/\/dev.freakuence.nl\/fr\/produit\/arcam-sa45\/","url":"https:\/\/dev.freakuence.nl\/fr\/produit\/arcam-sa45\/","name":"Arcam SA45 | Freakuence!","isPartOf":{"@id":"https:\/\/dev.freakuence.nl\/fr\/#website"},"primaryImageOfPage":{"@id":"https:\/\/dev.freakuence.nl\/fr\/produit\/arcam-sa45\/#primaryimage"},"image":{"@id":"https:\/\/dev.freakuence.nl\/fr\/produit\/arcam-sa45\/#primaryimage"},"thumbnailUrl":"https:\/\/dev.freakuence.nl\/wp-content\/uploads\/2025\/09\/1754479899-IMG6662-scaled.jpg","datePublished":"2025-08-06T11:32:35+00:00","dateModified":"2026-03-20T06:28:59+00:00","breadcrumb":{"@id":"https:\/\/dev.freakuence.nl\/fr\/produit\/arcam-sa45\/#breadcrumb"},"inLanguage":"fr-FR","potentialAction":[{"@type":"ReadAction","target":["https:\/\/dev.freakuence.nl\/fr\/produit\/arcam-sa45\/"]}]},{"@type":"ImageObject","inLanguage":"fr-FR","@id":"https:\/\/dev.freakuence.nl\/fr\/produit\/arcam-sa45\/#primaryimage","url":"https:\/\/dev.freakuence.nl\/wp-content\/uploads\/2025\/09\/1754479899-IMG6662-scaled.jpg","contentUrl":"https:\/\/dev.freakuence.nl\/wp-content\/uploads\/2025\/09\/1754479899-IMG6662-scaled.jpg","width":1800,"height":1200},{"@type":"BreadcrumbList","@id":"https:\/\/dev.freakuence.nl\/fr\/produit\/arcam-sa45\/#breadcrumb","itemListElement":[{"@type":"ListItem","position":1,"name":"Accueil","item":"https:\/\/dev.freakuence.nl\/fr\/"},{"@type":"ListItem","position":2,"name":"Products","item":"https:\/\/dev.freakuence.nl\/en\/products\/"},{"@type":"ListItem","position":3,"name":"Arcam SA45"}]},{"@type":"WebSite","@id":"https:\/\/dev.freakuence.nl\/fr\/#website","url":"https:\/\/dev.freakuence.nl\/fr\/","name":"Freakuence!","description":"Freakuence!","alternateName":"Freakuence","potentialAction":[{"@type":"SearchAction","target":{"@type":"EntryPoint","urlTemplate":"https:\/\/dev.freakuence.nl\/fr\/?s={search_term_string}"},"query-input":{"@type":"PropertyValueSpecification","valueRequired":true,"valueName":"search_term_string"}}],"inLanguage":"fr-FR"}]}},"_links":{"self":[{"href":"https:\/\/dev.freakuence.nl\/fr\/wp-json\/wp\/v2\/product\/310182","targetHints":{"allow":["GET"]}}],"collection":[{"href":"https:\/\/dev.freakuence.nl\/fr\/wp-json\/wp\/v2\/product"}],"about":[{"href":"https:\/\/dev.freakuence.nl\/fr\/wp-json\/wp\/v2\/types\/product"}],"version-history":[{"count":0,"href":"https:\/\/dev.freakuence.nl\/fr\/wp-json\/wp\/v2\/product\/310182\/revisions"}],"wp:featuredmedia":[{"embeddable":true,"href":"https:\/\/dev.freakuence.nl\/fr\/wp-json\/wp\/v2\/media\/310183"}],"wp:attachment":[{"href":"https:\/\/dev.freakuence.nl\/fr\/wp-json\/wp\/v2\/media?parent=310182"}],"wp:term":[{"taxonomy":"product_brand","embeddable":true,"href":"https:\/\/dev.freakuence.nl\/fr\/wp-json\/wp\/v2\/product_brand?post=310182"},{"taxonomy":"product_cat","embeddable":true,"href":"https:\/\/dev.freakuence.nl\/fr\/wp-json\/wp\/v2\/product_cat?post=310182"},{"taxonomy":"product_tag","embeddable":true,"href":"https:\/\/dev.freakuence.nl\/fr\/wp-json\/wp\/v2\/product_tag?post=310182"}],"curies":[{"name":"wp","href":"https:\/\/api.w.org\/{rel}","templated":true}]}}