{"id":310196,"date":"2025-08-08T13:24:25","date_gmt":"2025-08-08T11:24:25","guid":{"rendered":"https:\/\/dev.freakuence.nl\/product\/monitor-audio-silver-200-7g\/"},"modified":"2025-08-08T13:24:25","modified_gmt":"2025-08-08T11:24:25","slug":"monitor-audio-silver-200-7g","status":"publish","type":"product","link":"https:\/\/dev.freakuence.nl\/fr\/produit\/monitor-audio-silver-200-7g\/","title":{"rendered":"Monitor Audio Silver 200 7G"},"content":{"rendered":"<div class=\"product-specifications-list\">\n<div class=\"specification-item row-even\"><span class=\"spec-content\"><strong>Description Freakuence !<\/strong><\/span><\/div>\n<div class=\"specification-item row-odd\"><span class=\"spec-content\"><\/p>\n<p>La voici, la subtile colonne (ou simplement la petite colonne) de la s\u00e9rie Silver. Elle remplit tr\u00e8s bien quatre de nos cinq salles d&rsquo;\u00e9coute, ce qui en fait une enceinte polyvalente. Venez les \u00e9couter et les d\u00e9couvrir&#8230; Un son clair et \u00e9quilibr\u00e9. Les aigus sont rapides et nets avec de l&rsquo;impact, tandis que les m\u00e9diums sont pr\u00e9serv\u00e9s. Pas chaud en soi, mais jamais d\u00e9nud\u00e9 gr\u00e2ce au soutien du bas du spectre.    <\/p>\n<p><\/span><\/div>\n<div class=\"specification-item row-even\"><span class=\"spec-content\"><strong>D\u00e9tails<\/strong><\/span><\/div>\n<div class=\"specification-item row-odd\"><span class=\"spec-content\"><\/p>\n<p>Vous recherchez un autre type de la s\u00e9rie actuelle de la marque ou une autre couleur de ce mod\u00e8le ? Envoyez-nous un message avec votre demande de reprise \u00e9ventuelle ! Nous serions ravis d&rsquo;en faire quelque chose de bien.  <\/span><\/div>\n<div class=\"specification-item row-even\"><span class=\"spec-content\">Nous le livrons 100% neuf dans son emballage scell\u00e9, mais nous avons pens\u00e9 qu&rsquo;il serait bon de jeter un coup d&rsquo;\u0153il \u00e0 notre mod\u00e8le de d\u00e9monstration. Venez faire une d\u00e9monstration dans l&rsquo;une de nos 5 salles d&rsquo;\u00e9coute ! D&rsquo;autres versions sont \u00e9galement possibles. Nous sommes heureux d&rsquo;\u00e9changer du mat\u00e9riel neuf pour en faire quelque chose de beau ! N&rsquo;oubliez pas de nous faire savoir ce que vous avez \u00e0 \u00e9changer, le cas \u00e9ch\u00e9ant.    <\/span><\/div>\n<div class=\"specification-item row-odd\"><span class=\"spec-content\">Produit TVA. Les entrepreneurs, les personnes en dehors de l&rsquo;UE, en profitent. <\/span><\/div>\n<div class=\"specification-item row-even\"><span class=\"spec-content\">Nous en avons d&rsquo;autres de la m\u00eame gamme en exposition, voir les photos et\/ou les autres annonces.<\/p>\n<p><\/span><\/div>\n<div class=\"specification-item row-odd\"><span class=\"spec-content\">Prix de vente au d\u00e9tail : 1750,00<\/span><\/div>\n<div class=\"specification-item row-even\"><span class=\"spec-content\"><strong>Description g\u00e9n\u00e9rale<\/strong><\/span><\/div>\n<div class=\"specification-item row-odd\"><span class=\"spec-content\"><\/p>\n<p>La derni\u00e8re g\u00e9n\u00e9ration de ce syst\u00e8me audio de haute qualit\u00e9 offre une gamme de fr\u00e9quences de 52 Hz \u00e0 35 kHz et une imp\u00e9dance nominale de 8 ohms. Le niveau de pression acoustique maximal est de 110 dBA. Il est \u00e9quip\u00e9 d&rsquo;un tweeter \u00e0 d\u00f4me d&rsquo;or C-CAM et de haut-parleurs RST II optimis\u00e9s. La finition \u00e9l\u00e9gante allie esth\u00e9tique et performances acoustiques. Avec une charge nominale de 200 watts RMS, la construction assure une reproduction riche et d\u00e9taill\u00e9e. Un pied assorti est disponible en option pour un positionnement optimal. Le syst\u00e8me offre \u00e9galement des capacit\u00e9s de bi-c\u00e2blage et de bi-amplification, pour une configuration flexible au sein de diverses installations.      <\/p>\n<p><\/span><\/div>\n<div class=\"specification-item row-even\"><span class=\"spec-content\"><strong>Histoire de la marque<\/strong><\/span><\/div>\n<div class=\"specification-item row-odd\"><span class=\"spec-content\"><\/p>\n<p>Monitor Audio a \u00e9t\u00e9 fond\u00e9e en 1972 par Mo Iqbal dans une petite usine \u00e0 Teversham, pr\u00e8s de Cambridge, en Angleterre. Le premier haut-parleur produit par la soci\u00e9t\u00e9 fut le MA1, assembl\u00e9 \u00e0 la main par Iqbal et une petite \u00e9quipe d&rsquo;ing\u00e9nieurs. Au fil des ans, l&rsquo;entreprise a franchi plusieurs \u00e9tapes importantes, notamment l&rsquo;introduction de la s\u00e9rie Platinum en 2007. En 2016, Monitor Audio a \u00e9largi son portefeuille en acqu\u00e9rant Roksan, un fabricant d&rsquo;\u00e9quipements audio.   <\/p>\n<p><\/span><\/div>\n<\/div>\n","protected":false},"excerpt":{"rendered":"<p>Description Freakuence ! La voici, la subtile colonne (ou simplement la petite colonne) de la s\u00e9rie Silver. Elle remplit tr\u00e8s bien quatre de nos cinq salles d&rsquo;\u00e9coute, ce qui en fait une enceinte polyvalente. Venez les \u00e9couter et les d\u00e9couvrir&#8230; Un son clair et \u00e9quilibr\u00e9. Les aigus sont rapides et nets avec de l&rsquo;impact, tandis [&hellip;]<\/p>\n","protected":false},"featured_media":310197,"template":"","meta":{"_acf_changed":false,"inline_featured_image":false},"product_brand":[],"product_cat":[551],"product_tag":[575],"class_list":{"0":"post-310196","1":"product","2":"type-product","3":"status-publish","4":"has-post-thumbnail","6":"product_cat-intervenants","7":"product_tag-freakdemo","8":"pa_kleur-marron","10":"first","11":"instock","12":"taxable","13":"shipping-taxable","14":"purchasable","15":"product-type-simple"},"acf":[],"yoast_head":"<!-- This site is optimized with the Yoast SEO plugin v25.9 - https:\/\/yoast.com\/wordpress\/plugins\/seo\/ -->\n<title>Monitor Audio Silver 200 7G | Freakuence!<\/title>\n<meta name=\"robots\" content=\"noindex, follow, max-snippet:-1, max-image-preview:large, max-video-preview:-1\" \/>\n<meta property=\"og:locale\" content=\"fr_FR\" \/>\n<meta property=\"og:type\" content=\"article\" \/>\n<meta property=\"og:title\" content=\"Monitor Audio Silver 200 7G | Freakuence!\" \/>\n<meta property=\"og:description\" content=\"Description Freakuence ! La voici, la subtile colonne (ou simplement la petite colonne) de la s\u00e9rie Silver. Elle remplit tr\u00e8s bien quatre de nos cinq salles d&rsquo;\u00e9coute, ce qui en fait une enceinte polyvalente. Venez les \u00e9couter et les d\u00e9couvrir&#8230; Un son clair et \u00e9quilibr\u00e9. Les aigus sont rapides et nets avec de l&rsquo;impact, tandis [&hellip;]\" \/>\n<meta property=\"og:url\" content=\"https:\/\/dev.freakuence.nl\/fr\/produit\/monitor-audio-silver-200-7g\/\" \/>\n<meta property=\"og:site_name\" content=\"Freakuence!\" \/>\n<meta property=\"og:image\" content=\"https:\/\/dev.freakuence.nl\/wp-content\/uploads\/2025\/09\/1754652220-IMG7092-scaled.jpg\" \/>\n\t<meta property=\"og:image:width\" content=\"1200\" \/>\n\t<meta property=\"og:image:height\" content=\"1800\" \/>\n\t<meta property=\"og:image:type\" content=\"image\/jpeg\" \/>\n<meta name=\"twitter:card\" content=\"summary_large_image\" \/>\n<script type=\"application\/ld+json\" class=\"yoast-schema-graph\">{\"@context\":\"https:\/\/schema.org\",\"@graph\":[{\"@type\":\"WebPage\",\"@id\":\"https:\/\/dev.freakuence.nl\/fr\/produit\/monitor-audio-silver-200-7g\/\",\"url\":\"https:\/\/dev.freakuence.nl\/fr\/produit\/monitor-audio-silver-200-7g\/\",\"name\":\"Monitor Audio Silver 200 7G | Freakuence!\",\"isPartOf\":{\"@id\":\"https:\/\/dev.freakuence.nl\/fr\/#website\"},\"primaryImageOfPage\":{\"@id\":\"https:\/\/dev.freakuence.nl\/fr\/produit\/monitor-audio-silver-200-7g\/#primaryimage\"},\"image\":{\"@id\":\"https:\/\/dev.freakuence.nl\/fr\/produit\/monitor-audio-silver-200-7g\/#primaryimage\"},\"thumbnailUrl\":\"https:\/\/dev.freakuence.nl\/wp-content\/uploads\/2025\/09\/1754652220-IMG7092-scaled.jpg\",\"datePublished\":\"2025-08-08T11:24:25+00:00\",\"breadcrumb\":{\"@id\":\"https:\/\/dev.freakuence.nl\/fr\/produit\/monitor-audio-silver-200-7g\/#breadcrumb\"},\"inLanguage\":\"fr-FR\",\"potentialAction\":[{\"@type\":\"ReadAction\",\"target\":[\"https:\/\/dev.freakuence.nl\/fr\/produit\/monitor-audio-silver-200-7g\/\"]}]},{\"@type\":\"ImageObject\",\"inLanguage\":\"fr-FR\",\"@id\":\"https:\/\/dev.freakuence.nl\/fr\/produit\/monitor-audio-silver-200-7g\/#primaryimage\",\"url\":\"https:\/\/dev.freakuence.nl\/wp-content\/uploads\/2025\/09\/1754652220-IMG7092-scaled.jpg\",\"contentUrl\":\"https:\/\/dev.freakuence.nl\/wp-content\/uploads\/2025\/09\/1754652220-IMG7092-scaled.jpg\",\"width\":1200,\"height\":1800},{\"@type\":\"BreadcrumbList\",\"@id\":\"https:\/\/dev.freakuence.nl\/fr\/produit\/monitor-audio-silver-200-7g\/#breadcrumb\",\"itemListElement\":[{\"@type\":\"ListItem\",\"position\":1,\"name\":\"Accueil\",\"item\":\"https:\/\/dev.freakuence.nl\/fr\/\"},{\"@type\":\"ListItem\",\"position\":2,\"name\":\"Products\",\"item\":\"https:\/\/dev.freakuence.nl\/en\/products\/\"},{\"@type\":\"ListItem\",\"position\":3,\"name\":\"Monitor Audio Silver 200 7G\"}]},{\"@type\":\"WebSite\",\"@id\":\"https:\/\/dev.freakuence.nl\/fr\/#website\",\"url\":\"https:\/\/dev.freakuence.nl\/fr\/\",\"name\":\"Freakuence!\",\"description\":\"Freakuence!\",\"alternateName\":\"Freakuence\",\"potentialAction\":[{\"@type\":\"SearchAction\",\"target\":{\"@type\":\"EntryPoint\",\"urlTemplate\":\"https:\/\/dev.freakuence.nl\/fr\/?s={search_term_string}\"},\"query-input\":{\"@type\":\"PropertyValueSpecification\",\"valueRequired\":true,\"valueName\":\"search_term_string\"}}],\"inLanguage\":\"fr-FR\"}]}<\/script>\n<!-- \/ Yoast SEO plugin. -->","yoast_head_json":{"title":"Monitor Audio Silver 200 7G | Freakuence!","robots":{"index":"noindex","follow":"follow","max-snippet":"max-snippet:-1","max-image-preview":"max-image-preview:large","max-video-preview":"max-video-preview:-1"},"og_locale":"fr_FR","og_type":"article","og_title":"Monitor Audio Silver 200 7G | Freakuence!","og_description":"Description Freakuence ! La voici, la subtile colonne (ou simplement la petite colonne) de la s\u00e9rie Silver. Elle remplit tr\u00e8s bien quatre de nos cinq salles d&rsquo;\u00e9coute, ce qui en fait une enceinte polyvalente. Venez les \u00e9couter et les d\u00e9couvrir&#8230; Un son clair et \u00e9quilibr\u00e9. Les aigus sont rapides et nets avec de l&rsquo;impact, tandis [&hellip;]","og_url":"https:\/\/dev.freakuence.nl\/fr\/produit\/monitor-audio-silver-200-7g\/","og_site_name":"Freakuence!","og_image":[{"width":1200,"height":1800,"url":"https:\/\/dev.freakuence.nl\/wp-content\/uploads\/2025\/09\/1754652220-IMG7092-scaled.jpg","type":"image\/jpeg"}],"twitter_card":"summary_large_image","schema":{"@context":"https:\/\/schema.org","@graph":[{"@type":"WebPage","@id":"https:\/\/dev.freakuence.nl\/fr\/produit\/monitor-audio-silver-200-7g\/","url":"https:\/\/dev.freakuence.nl\/fr\/produit\/monitor-audio-silver-200-7g\/","name":"Monitor Audio Silver 200 7G | Freakuence!","isPartOf":{"@id":"https:\/\/dev.freakuence.nl\/fr\/#website"},"primaryImageOfPage":{"@id":"https:\/\/dev.freakuence.nl\/fr\/produit\/monitor-audio-silver-200-7g\/#primaryimage"},"image":{"@id":"https:\/\/dev.freakuence.nl\/fr\/produit\/monitor-audio-silver-200-7g\/#primaryimage"},"thumbnailUrl":"https:\/\/dev.freakuence.nl\/wp-content\/uploads\/2025\/09\/1754652220-IMG7092-scaled.jpg","datePublished":"2025-08-08T11:24:25+00:00","breadcrumb":{"@id":"https:\/\/dev.freakuence.nl\/fr\/produit\/monitor-audio-silver-200-7g\/#breadcrumb"},"inLanguage":"fr-FR","potentialAction":[{"@type":"ReadAction","target":["https:\/\/dev.freakuence.nl\/fr\/produit\/monitor-audio-silver-200-7g\/"]}]},{"@type":"ImageObject","inLanguage":"fr-FR","@id":"https:\/\/dev.freakuence.nl\/fr\/produit\/monitor-audio-silver-200-7g\/#primaryimage","url":"https:\/\/dev.freakuence.nl\/wp-content\/uploads\/2025\/09\/1754652220-IMG7092-scaled.jpg","contentUrl":"https:\/\/dev.freakuence.nl\/wp-content\/uploads\/2025\/09\/1754652220-IMG7092-scaled.jpg","width":1200,"height":1800},{"@type":"BreadcrumbList","@id":"https:\/\/dev.freakuence.nl\/fr\/produit\/monitor-audio-silver-200-7g\/#breadcrumb","itemListElement":[{"@type":"ListItem","position":1,"name":"Accueil","item":"https:\/\/dev.freakuence.nl\/fr\/"},{"@type":"ListItem","position":2,"name":"Products","item":"https:\/\/dev.freakuence.nl\/en\/products\/"},{"@type":"ListItem","position":3,"name":"Monitor Audio Silver 200 7G"}]},{"@type":"WebSite","@id":"https:\/\/dev.freakuence.nl\/fr\/#website","url":"https:\/\/dev.freakuence.nl\/fr\/","name":"Freakuence!","description":"Freakuence!","alternateName":"Freakuence","potentialAction":[{"@type":"SearchAction","target":{"@type":"EntryPoint","urlTemplate":"https:\/\/dev.freakuence.nl\/fr\/?s={search_term_string}"},"query-input":{"@type":"PropertyValueSpecification","valueRequired":true,"valueName":"search_term_string"}}],"inLanguage":"fr-FR"}]}},"_links":{"self":[{"href":"https:\/\/dev.freakuence.nl\/fr\/wp-json\/wp\/v2\/product\/310196","targetHints":{"allow":["GET"]}}],"collection":[{"href":"https:\/\/dev.freakuence.nl\/fr\/wp-json\/wp\/v2\/product"}],"about":[{"href":"https:\/\/dev.freakuence.nl\/fr\/wp-json\/wp\/v2\/types\/product"}],"version-history":[{"count":0,"href":"https:\/\/dev.freakuence.nl\/fr\/wp-json\/wp\/v2\/product\/310196\/revisions"}],"wp:featuredmedia":[{"embeddable":true,"href":"https:\/\/dev.freakuence.nl\/fr\/wp-json\/wp\/v2\/media\/310197"}],"wp:attachment":[{"href":"https:\/\/dev.freakuence.nl\/fr\/wp-json\/wp\/v2\/media?parent=310196"}],"wp:term":[{"taxonomy":"product_brand","embeddable":true,"href":"https:\/\/dev.freakuence.nl\/fr\/wp-json\/wp\/v2\/product_brand?post=310196"},{"taxonomy":"product_cat","embeddable":true,"href":"https:\/\/dev.freakuence.nl\/fr\/wp-json\/wp\/v2\/product_cat?post=310196"},{"taxonomy":"product_tag","embeddable":true,"href":"https:\/\/dev.freakuence.nl\/fr\/wp-json\/wp\/v2\/product_tag?post=310196"}],"curies":[{"name":"wp","href":"https:\/\/api.w.org\/{rel}","templated":true}]}}