{"id":310500,"date":"2025-09-08T11:55:06","date_gmt":"2025-09-08T09:55:06","guid":{"rendered":"https:\/\/dev.freakuence.nl\/product\/octave-v110-se\/"},"modified":"2025-09-08T11:55:06","modified_gmt":"2025-09-08T09:55:06","slug":"octave-v110-se","status":"publish","type":"product","link":"https:\/\/dev.freakuence.nl\/fr\/produit\/octave-v110-se\/","title":{"rendered":"Octave V110 SE"},"content":{"rendered":"<div class=\"product-specifications-list\">\n<div class=\"specification-item row-even\"><span class=\"spec-content\"><strong>Description Freakuence !<\/strong><\/span><\/div>\n<div class=\"specification-item row-odd\"><span class=\"spec-content\"><\/p>\n<p>Une centrale plate. Amplificateur \u00e0 tubes solidement construit. Ces choses ne peuvent pas \u00eatre bris\u00e9es. C&rsquo;est doux, transparent, fluide&#8230; avec une PUISSANCE TOTALE ! Avec une puissance de sortie de 110 W par canal et la possibilit\u00e9 de r\u00e9gler le facteur d&rsquo;amortissement, cet amplificateur offre une grande flexibilit\u00e9.<\/p>\n<p><\/span><\/div>\n<div class=\"specification-item row-even\"><span class=\"spec-content\"><strong>D\u00e9tails<\/strong><\/span><\/div>\n<div class=\"specification-item row-odd\"><span class=\"spec-content\">Prix de vente au d\u00e9tail : 8300.00<\/span><\/div>\n<div class=\"specification-item row-even\"><span class=\"spec-content\"><strong>Description g\u00e9n\u00e9rale<\/strong><\/span><\/div>\n<div class=\"specification-item row-odd\"><span class=\"spec-content\"><\/p>\n<p>Ce syst\u00e8me d&rsquo;amplification int\u00e9gr\u00e9 d\u00e9livre une puissance de sortie continue de 2 x 110 W et une puissance de cr\u00eate de 130 W sous 4 Ohms. La gamme de fr\u00e9quences s&rsquo;\u00e9tend de 20 Hz \u00e0 70 kHz \u00e0 90 W, avec une distorsion harmonique totale inf\u00e9rieure \u00e0 0,1 % \u00e0 10 W sous 4 Ohms. Le rapport signal\/bruit est de -110 dB \u00e0 90 W. Le syst\u00e8me est \u00e9quip\u00e9 de quatre tubes KT120 et offre des connexions pour cinq entr\u00e9es ligne RCA, une entr\u00e9e XLR, une entr\u00e9e phono optionnelle, une pr\u00e9-sortie r\u00e9glable et une sortie disque. Il est dot\u00e9 de fonctions telles que les technologies dynamiques Octave, le facteur d&rsquo;amortissement r\u00e9glable, le mode ECO, le r\u00e9glage de la polarisation et la gestion de l&rsquo;alimentation. Les fonctions optionnelles comprennent une entr\u00e9e phono pour MM ou MC et des extensions Black Box ou Super Black Box. Le syst\u00e8me p\u00e8se 22,7 kg et est disponible en argent ou en noir.     <\/p>\n<p><\/span><\/div>\n<div class=\"specification-item row-even\"><span class=\"spec-content\"><strong>Informations g\u00e9n\u00e9rales<\/strong><\/span><\/div>\n<div class=\"specification-item row-odd\"><span class=\"spec-content\"><\/p>\n<p>L&rsquo;Octave V110 a \u00e9t\u00e9 con\u00e7u et fabriqu\u00e9 en Allemagne en mettant l&rsquo;accent sur la durabilit\u00e9, la musicalit\u00e9 et la pr\u00e9cision. Le designer Andreas Hofmann a combin\u00e9 un amplificateur \u00e0 tubes avec une technologie moderne, en se concentrant sur un son optimal sans caract\u00e9ristiques superflues. Le bo\u00eetier est en acier et en aluminium, il utilise en interne des composants de haute qualit\u00e9 avec une conception de circuit modul\u00e9. L&rsquo;alimentation \u00e9quilibr\u00e9e et la polarisation thermiquement contr\u00f4l\u00e9e contribuent \u00e0 la stabilit\u00e9 des performances.   <\/p>\n<p><\/span><\/div>\n<div class=\"specification-item row-even\"><span class=\"spec-content\"><strong>Histoire de la marque<\/strong><\/span><\/div>\n<div class=\"specification-item row-odd\"><span class=\"spec-content\"><\/p>\n<p>La soci\u00e9t\u00e9 allemande Octave fabrique des machines d\u00e9mentes avec des transformateurs tr\u00e8s bien bobin\u00e9s (c&rsquo;est de l\u00e0 qu&rsquo;est n\u00e9e l&rsquo;entreprise). Au moment de l&rsquo;ouverture, le concepteur et propri\u00e9taire Andreas \u00e9tait encore un enfant, mais il a apport\u00e9 sa premi\u00e8re contribution au d\u00e9veloppement de l&rsquo;entreprise de son p\u00e8re et \u00e0 sa transition strat\u00e9gique vers la fabrication de composants audio en 1975, alors qu&rsquo;il n&rsquo;avait pas 20 ans. Il a pr\u00e9sent\u00e9 ses premiers amplificateurs \u00e0 transistors et \u00e0 tubes.  <\/p>\n<p><\/span><\/div>\n<\/div>\n","protected":false},"excerpt":{"rendered":"<p>Description Freakuence ! Une centrale plate. Amplificateur \u00e0 tubes solidement construit. Ces choses ne peuvent pas \u00eatre bris\u00e9es. C&rsquo;est doux, transparent, fluide&#8230; avec une PUISSANCE TOTALE ! Avec une puissance de sortie de 110 W par canal et la possibilit\u00e9 de r\u00e9gler le facteur d&rsquo;amortissement, cet amplificateur offre une grande flexibilit\u00e9. D\u00e9tails Prix de vente [&hellip;]<\/p>\n","protected":false},"featured_media":310501,"template":"","meta":{"_acf_changed":false,"inline_featured_image":false},"product_brand":[],"product_cat":[583],"product_tag":[554],"class_list":{"0":"post-310500","1":"product","2":"type-product","3":"status-publish","4":"has-post-thumbnail","6":"product_cat-amplificateurs-a-tubes","7":"product_tag-used","8":"pa_kleur-argent","10":"first","11":"instock","12":"purchasable","13":"product-type-simple"},"acf":[],"yoast_head":"<!-- This site is optimized with the Yoast SEO plugin v25.9 - https:\/\/yoast.com\/wordpress\/plugins\/seo\/ -->\n<title>Octave V110 SE | Freakuence!<\/title>\n<meta name=\"robots\" content=\"noindex, follow, max-snippet:-1, max-image-preview:large, max-video-preview:-1\" \/>\n<meta property=\"og:locale\" content=\"fr_FR\" \/>\n<meta property=\"og:type\" content=\"article\" \/>\n<meta property=\"og:title\" content=\"Octave V110 SE | Freakuence!\" \/>\n<meta property=\"og:description\" content=\"Description Freakuence ! Une centrale plate. Amplificateur \u00e0 tubes solidement construit. Ces choses ne peuvent pas \u00eatre bris\u00e9es. C&rsquo;est doux, transparent, fluide&#8230; avec une PUISSANCE TOTALE ! Avec une puissance de sortie de 110 W par canal et la possibilit\u00e9 de r\u00e9gler le facteur d&rsquo;amortissement, cet amplificateur offre une grande flexibilit\u00e9. D\u00e9tails Prix de vente [&hellip;]\" \/>\n<meta property=\"og:url\" content=\"https:\/\/dev.freakuence.nl\/fr\/produit\/octave-v110-se\/\" \/>\n<meta property=\"og:site_name\" content=\"Freakuence!\" \/>\n<meta property=\"og:image\" content=\"https:\/\/dev.freakuence.nl\/wp-content\/uploads\/2025\/09\/1757325244-IMG9203-scaled.jpg\" \/>\n\t<meta property=\"og:image:width\" content=\"1800\" \/>\n\t<meta property=\"og:image:height\" content=\"1200\" \/>\n\t<meta property=\"og:image:type\" content=\"image\/jpeg\" \/>\n<meta name=\"twitter:card\" content=\"summary_large_image\" \/>\n<script type=\"application\/ld+json\" class=\"yoast-schema-graph\">{\"@context\":\"https:\/\/schema.org\",\"@graph\":[{\"@type\":\"WebPage\",\"@id\":\"https:\/\/dev.freakuence.nl\/fr\/produit\/octave-v110-se\/\",\"url\":\"https:\/\/dev.freakuence.nl\/fr\/produit\/octave-v110-se\/\",\"name\":\"Octave V110 SE | Freakuence!\",\"isPartOf\":{\"@id\":\"https:\/\/dev.freakuence.nl\/fr\/#website\"},\"primaryImageOfPage\":{\"@id\":\"https:\/\/dev.freakuence.nl\/fr\/produit\/octave-v110-se\/#primaryimage\"},\"image\":{\"@id\":\"https:\/\/dev.freakuence.nl\/fr\/produit\/octave-v110-se\/#primaryimage\"},\"thumbnailUrl\":\"https:\/\/dev.freakuence.nl\/wp-content\/uploads\/2025\/09\/1757325244-IMG9203-scaled.jpg\",\"datePublished\":\"2025-09-08T09:55:06+00:00\",\"breadcrumb\":{\"@id\":\"https:\/\/dev.freakuence.nl\/fr\/produit\/octave-v110-se\/#breadcrumb\"},\"inLanguage\":\"fr-FR\",\"potentialAction\":[{\"@type\":\"ReadAction\",\"target\":[\"https:\/\/dev.freakuence.nl\/fr\/produit\/octave-v110-se\/\"]}]},{\"@type\":\"ImageObject\",\"inLanguage\":\"fr-FR\",\"@id\":\"https:\/\/dev.freakuence.nl\/fr\/produit\/octave-v110-se\/#primaryimage\",\"url\":\"https:\/\/dev.freakuence.nl\/wp-content\/uploads\/2025\/09\/1757325244-IMG9203-scaled.jpg\",\"contentUrl\":\"https:\/\/dev.freakuence.nl\/wp-content\/uploads\/2025\/09\/1757325244-IMG9203-scaled.jpg\",\"width\":1800,\"height\":1200},{\"@type\":\"BreadcrumbList\",\"@id\":\"https:\/\/dev.freakuence.nl\/fr\/produit\/octave-v110-se\/#breadcrumb\",\"itemListElement\":[{\"@type\":\"ListItem\",\"position\":1,\"name\":\"Accueil\",\"item\":\"https:\/\/dev.freakuence.nl\/fr\/\"},{\"@type\":\"ListItem\",\"position\":2,\"name\":\"Products\",\"item\":\"https:\/\/dev.freakuence.nl\/en\/products\/\"},{\"@type\":\"ListItem\",\"position\":3,\"name\":\"Octave V110 SE\"}]},{\"@type\":\"WebSite\",\"@id\":\"https:\/\/dev.freakuence.nl\/fr\/#website\",\"url\":\"https:\/\/dev.freakuence.nl\/fr\/\",\"name\":\"Freakuence!\",\"description\":\"Freakuence!\",\"alternateName\":\"Freakuence\",\"potentialAction\":[{\"@type\":\"SearchAction\",\"target\":{\"@type\":\"EntryPoint\",\"urlTemplate\":\"https:\/\/dev.freakuence.nl\/fr\/?s={search_term_string}\"},\"query-input\":{\"@type\":\"PropertyValueSpecification\",\"valueRequired\":true,\"valueName\":\"search_term_string\"}}],\"inLanguage\":\"fr-FR\"}]}<\/script>\n<!-- \/ Yoast SEO plugin. -->","yoast_head_json":{"title":"Octave V110 SE | Freakuence!","robots":{"index":"noindex","follow":"follow","max-snippet":"max-snippet:-1","max-image-preview":"max-image-preview:large","max-video-preview":"max-video-preview:-1"},"og_locale":"fr_FR","og_type":"article","og_title":"Octave V110 SE | Freakuence!","og_description":"Description Freakuence ! Une centrale plate. Amplificateur \u00e0 tubes solidement construit. Ces choses ne peuvent pas \u00eatre bris\u00e9es. C&rsquo;est doux, transparent, fluide&#8230; avec une PUISSANCE TOTALE ! Avec une puissance de sortie de 110 W par canal et la possibilit\u00e9 de r\u00e9gler le facteur d&rsquo;amortissement, cet amplificateur offre une grande flexibilit\u00e9. D\u00e9tails Prix de vente [&hellip;]","og_url":"https:\/\/dev.freakuence.nl\/fr\/produit\/octave-v110-se\/","og_site_name":"Freakuence!","og_image":[{"width":1800,"height":1200,"url":"https:\/\/dev.freakuence.nl\/wp-content\/uploads\/2025\/09\/1757325244-IMG9203-scaled.jpg","type":"image\/jpeg"}],"twitter_card":"summary_large_image","schema":{"@context":"https:\/\/schema.org","@graph":[{"@type":"WebPage","@id":"https:\/\/dev.freakuence.nl\/fr\/produit\/octave-v110-se\/","url":"https:\/\/dev.freakuence.nl\/fr\/produit\/octave-v110-se\/","name":"Octave V110 SE | Freakuence!","isPartOf":{"@id":"https:\/\/dev.freakuence.nl\/fr\/#website"},"primaryImageOfPage":{"@id":"https:\/\/dev.freakuence.nl\/fr\/produit\/octave-v110-se\/#primaryimage"},"image":{"@id":"https:\/\/dev.freakuence.nl\/fr\/produit\/octave-v110-se\/#primaryimage"},"thumbnailUrl":"https:\/\/dev.freakuence.nl\/wp-content\/uploads\/2025\/09\/1757325244-IMG9203-scaled.jpg","datePublished":"2025-09-08T09:55:06+00:00","breadcrumb":{"@id":"https:\/\/dev.freakuence.nl\/fr\/produit\/octave-v110-se\/#breadcrumb"},"inLanguage":"fr-FR","potentialAction":[{"@type":"ReadAction","target":["https:\/\/dev.freakuence.nl\/fr\/produit\/octave-v110-se\/"]}]},{"@type":"ImageObject","inLanguage":"fr-FR","@id":"https:\/\/dev.freakuence.nl\/fr\/produit\/octave-v110-se\/#primaryimage","url":"https:\/\/dev.freakuence.nl\/wp-content\/uploads\/2025\/09\/1757325244-IMG9203-scaled.jpg","contentUrl":"https:\/\/dev.freakuence.nl\/wp-content\/uploads\/2025\/09\/1757325244-IMG9203-scaled.jpg","width":1800,"height":1200},{"@type":"BreadcrumbList","@id":"https:\/\/dev.freakuence.nl\/fr\/produit\/octave-v110-se\/#breadcrumb","itemListElement":[{"@type":"ListItem","position":1,"name":"Accueil","item":"https:\/\/dev.freakuence.nl\/fr\/"},{"@type":"ListItem","position":2,"name":"Products","item":"https:\/\/dev.freakuence.nl\/en\/products\/"},{"@type":"ListItem","position":3,"name":"Octave V110 SE"}]},{"@type":"WebSite","@id":"https:\/\/dev.freakuence.nl\/fr\/#website","url":"https:\/\/dev.freakuence.nl\/fr\/","name":"Freakuence!","description":"Freakuence!","alternateName":"Freakuence","potentialAction":[{"@type":"SearchAction","target":{"@type":"EntryPoint","urlTemplate":"https:\/\/dev.freakuence.nl\/fr\/?s={search_term_string}"},"query-input":{"@type":"PropertyValueSpecification","valueRequired":true,"valueName":"search_term_string"}}],"inLanguage":"fr-FR"}]}},"_links":{"self":[{"href":"https:\/\/dev.freakuence.nl\/fr\/wp-json\/wp\/v2\/product\/310500","targetHints":{"allow":["GET"]}}],"collection":[{"href":"https:\/\/dev.freakuence.nl\/fr\/wp-json\/wp\/v2\/product"}],"about":[{"href":"https:\/\/dev.freakuence.nl\/fr\/wp-json\/wp\/v2\/types\/product"}],"version-history":[{"count":0,"href":"https:\/\/dev.freakuence.nl\/fr\/wp-json\/wp\/v2\/product\/310500\/revisions"}],"wp:featuredmedia":[{"embeddable":true,"href":"https:\/\/dev.freakuence.nl\/fr\/wp-json\/wp\/v2\/media\/310501"}],"wp:attachment":[{"href":"https:\/\/dev.freakuence.nl\/fr\/wp-json\/wp\/v2\/media?parent=310500"}],"wp:term":[{"taxonomy":"product_brand","embeddable":true,"href":"https:\/\/dev.freakuence.nl\/fr\/wp-json\/wp\/v2\/product_brand?post=310500"},{"taxonomy":"product_cat","embeddable":true,"href":"https:\/\/dev.freakuence.nl\/fr\/wp-json\/wp\/v2\/product_cat?post=310500"},{"taxonomy":"product_tag","embeddable":true,"href":"https:\/\/dev.freakuence.nl\/fr\/wp-json\/wp\/v2\/product_tag?post=310500"}],"curies":[{"name":"wp","href":"https:\/\/api.w.org\/{rel}","templated":true}]}}