{"id":311143,"date":"2025-08-08T11:19:18","date_gmt":"2025-08-08T09:19:18","guid":{"rendered":"https:\/\/dev.freakuence.nl\/product\/lindemann-musicbook-20dsd\/"},"modified":"2026-04-11T04:23:17","modified_gmt":"2026-04-11T02:23:17","slug":"lindemann-musicbook-20dsd","status":"publish","type":"product","link":"https:\/\/dev.freakuence.nl\/fr\/produit\/lindemann-musicbook-20dsd\/","title":{"rendered":"Lindemann Musicbook 20DSD"},"content":{"rendered":"<div class=\"product-specifications-list\">\n<div class=\"specification-item row-even\"><span class=\"spec-content\"><strong>Description Freakuence !<\/strong><\/span><\/div>\n<div class=\"specification-item row-odd\"><span class=\"spec-content\"><\/p>\n<p>Lindemann passe ici assez r\u00e9guli\u00e8rement. La ligne avec les petites armoires suscite des interrogations, mais les grandes armoires \u00ab\u00a0vides\u00a0\u00bb ne posent g\u00e9n\u00e9ralement pas de probl\u00e8me. C&rsquo;est un choix de conception. Le son de Lindemann est frais, avec une reproduction parfaitement \u00e9quilibr\u00e9e sur toute la gamme de fr\u00e9quences, un large \u00e9ventail de textures et de nuances.    Et nous ne manquons pas de subtilit\u00e9 \u00e0 cet \u00e9gard.  <\/p>\n<p><\/span><\/div>\n<div class=\"specification-item row-even\"><span class=\"spec-content\"><strong>D\u00e9tails<\/strong><\/span><\/div>\n<div class=\"specification-item row-odd\"><span class=\"spec-content\">Prix de vente au d\u00e9tail : 4280.00<\/span><\/div>\n<div class=\"specification-item row-even\"><span class=\"spec-content\"><strong>Description g\u00e9n\u00e9rale<\/strong><\/span><\/div>\n<div class=\"specification-item row-odd\"><span class=\"spec-content\"><\/p>\n<p>Le Lindemann Musicbook 20DSD est un lecteur r\u00e9seau et un pr\u00e9amplificateur polyvalent qui combine des sources num\u00e9riques et analogiques.  <\/p>\n<p><\/p>\n<p>Une application intuitive pour iOS et Android facilite le contr\u00f4le de votre collection musicale et des services de streaming.  <\/p>\n<p><\/p>\n<p>Le Musicbook 20DSD a \u00e9t\u00e9 con\u00e7u avec le souci du d\u00e9tail et de la facilit\u00e9 d&rsquo;utilisation, ce qui en fait un compl\u00e9ment pr\u00e9cieux pour tout amateur de musique.  <\/p>\n<p><\/span><\/div>\n<div class=\"specification-item row-even\"><span class=\"spec-content\"><strong>Informations g\u00e9n\u00e9rales<\/strong><\/span><\/div>\n<div class=\"specification-item row-odd\"><span class=\"spec-content\"><\/p>\n<p>Le Lindemann Musicbook 20DSD est con\u00e7u selon la philosophie d&rsquo;un design minimaliste et d&rsquo;une qualit\u00e9 sonore maximale. L&rsquo;\u00e9quipe de conception allemande se concentre sur des chemins de signaux courts et des composants de haute qualit\u00e9. Le bo\u00eetier est en aluminium massif pour un blindage et un refroidissement optimaux. En interne, Lindemann utilise, entre autres, un convertisseur DSD haut de gamme et des composants soigneusement s\u00e9lectionn\u00e9s en Europe et au Japon, ax\u00e9s sur l&rsquo;audio haute r\u00e9solution.   <\/p>\n<p><\/span><\/div>\n<div class=\"specification-item row-even\"><span class=\"spec-content\"><strong>Histoire de la marque<\/strong><\/span><\/div>\n<div class=\"specification-item row-odd\"><span class=\"spec-content\"><\/p>\n<p>Fond\u00e9e dans les ann\u00e9es 1990, Lindemann a pr\u00e9sent\u00e9 en 1993 l&rsquo;AMP1, un amplificateur \u00e0 contre-couplage de courant ultra-rapide. En 1999, la soci\u00e9t\u00e9 a lanc\u00e9 le CD1, l&rsquo;un des premiers lecteurs de CD avec r\u00e9\u00e9chantillonnage. En 2001, Lindemann a lanc\u00e9 le D680, le premier lecteur SACD allemand. En 2013, l&rsquo;entreprise a lanc\u00e9 la s\u00e9rie Musicbook, qui met l&rsquo;accent sur l&rsquo;audio en r\u00e9seau. En 2018, Lindemann a c\u00e9l\u00e9br\u00e9 son 25e anniversaire et a lanc\u00e9 plusieurs nouveaux produits. En 2020, la deuxi\u00e8me g\u00e9n\u00e9ration de la s\u00e9rie Limetree a \u00e9t\u00e9 lanc\u00e9e.     <\/p>\n<p><\/span><\/div>\n<\/div>\n","protected":false},"excerpt":{"rendered":"<p>Description Freakuence ! Lindemann passe ici assez r\u00e9guli\u00e8rement. La ligne avec les petites armoires suscite des interrogations, mais les grandes armoires \u00ab\u00a0vides\u00a0\u00bb ne posent g\u00e9n\u00e9ralement pas de probl\u00e8me. C&rsquo;est un choix de conception. Le son de Lindemann est frais, avec une reproduction parfaitement \u00e9quilibr\u00e9e sur toute la gamme de fr\u00e9quences, un large \u00e9ventail de textures [&hellip;]<\/p>\n","protected":false},"featured_media":311144,"template":"","meta":{"_acf_changed":false,"inline_featured_image":false},"product_brand":[],"product_cat":[561],"product_tag":[554],"class_list":{"0":"post-311143","1":"product","2":"type-product","3":"status-publish","4":"has-post-thumbnail","6":"product_cat-audio","7":"product_tag-used","8":"pa_kleur-argent","10":"first","11":"instock","12":"purchasable","13":"product-type-simple"},"acf":[],"yoast_head":"<!-- This site is optimized with the Yoast SEO plugin v25.9 - https:\/\/yoast.com\/wordpress\/plugins\/seo\/ -->\n<title>Lindemann Musicbook 20DSD | Freakuence!<\/title>\n<meta name=\"robots\" content=\"noindex, follow, max-snippet:-1, max-image-preview:large, max-video-preview:-1\" \/>\n<meta property=\"og:locale\" content=\"fr_FR\" \/>\n<meta property=\"og:type\" content=\"article\" \/>\n<meta property=\"og:title\" content=\"Lindemann Musicbook 20DSD | Freakuence!\" \/>\n<meta property=\"og:description\" content=\"Description Freakuence ! Lindemann passe ici assez r\u00e9guli\u00e8rement. La ligne avec les petites armoires suscite des interrogations, mais les grandes armoires \u00ab\u00a0vides\u00a0\u00bb ne posent g\u00e9n\u00e9ralement pas de probl\u00e8me. C&rsquo;est un choix de conception. Le son de Lindemann est frais, avec une reproduction parfaitement \u00e9quilibr\u00e9e sur toute la gamme de fr\u00e9quences, un large \u00e9ventail de textures [&hellip;]\" \/>\n<meta property=\"og:url\" content=\"https:\/\/dev.freakuence.nl\/fr\/produit\/lindemann-musicbook-20dsd\/\" \/>\n<meta property=\"og:site_name\" content=\"Freakuence!\" \/>\n<meta property=\"article:modified_time\" content=\"2026-04-11T02:23:17+00:00\" \/>\n<meta property=\"og:image\" content=\"https:\/\/dev.freakuence.nl\/wp-content\/uploads\/2025\/09\/1754644698-IMG1624-scaled.jpg\" \/>\n\t<meta property=\"og:image:width\" content=\"1800\" \/>\n\t<meta property=\"og:image:height\" content=\"1200\" \/>\n\t<meta property=\"og:image:type\" content=\"image\/jpeg\" \/>\n<meta name=\"twitter:card\" content=\"summary_large_image\" \/>\n<script type=\"application\/ld+json\" class=\"yoast-schema-graph\">{\"@context\":\"https:\/\/schema.org\",\"@graph\":[{\"@type\":\"WebPage\",\"@id\":\"https:\/\/dev.freakuence.nl\/fr\/produit\/lindemann-musicbook-20dsd\/\",\"url\":\"https:\/\/dev.freakuence.nl\/fr\/produit\/lindemann-musicbook-20dsd\/\",\"name\":\"Lindemann Musicbook 20DSD | Freakuence!\",\"isPartOf\":{\"@id\":\"https:\/\/dev.freakuence.nl\/fr\/#website\"},\"primaryImageOfPage\":{\"@id\":\"https:\/\/dev.freakuence.nl\/fr\/produit\/lindemann-musicbook-20dsd\/#primaryimage\"},\"image\":{\"@id\":\"https:\/\/dev.freakuence.nl\/fr\/produit\/lindemann-musicbook-20dsd\/#primaryimage\"},\"thumbnailUrl\":\"https:\/\/dev.freakuence.nl\/wp-content\/uploads\/2025\/09\/1754644698-IMG1624-scaled.jpg\",\"datePublished\":\"2025-08-08T09:19:18+00:00\",\"dateModified\":\"2026-04-11T02:23:17+00:00\",\"breadcrumb\":{\"@id\":\"https:\/\/dev.freakuence.nl\/fr\/produit\/lindemann-musicbook-20dsd\/#breadcrumb\"},\"inLanguage\":\"fr-FR\",\"potentialAction\":[{\"@type\":\"ReadAction\",\"target\":[\"https:\/\/dev.freakuence.nl\/fr\/produit\/lindemann-musicbook-20dsd\/\"]}]},{\"@type\":\"ImageObject\",\"inLanguage\":\"fr-FR\",\"@id\":\"https:\/\/dev.freakuence.nl\/fr\/produit\/lindemann-musicbook-20dsd\/#primaryimage\",\"url\":\"https:\/\/dev.freakuence.nl\/wp-content\/uploads\/2025\/09\/1754644698-IMG1624-scaled.jpg\",\"contentUrl\":\"https:\/\/dev.freakuence.nl\/wp-content\/uploads\/2025\/09\/1754644698-IMG1624-scaled.jpg\",\"width\":1800,\"height\":1200},{\"@type\":\"BreadcrumbList\",\"@id\":\"https:\/\/dev.freakuence.nl\/fr\/produit\/lindemann-musicbook-20dsd\/#breadcrumb\",\"itemListElement\":[{\"@type\":\"ListItem\",\"position\":1,\"name\":\"Accueil\",\"item\":\"https:\/\/dev.freakuence.nl\/fr\/\"},{\"@type\":\"ListItem\",\"position\":2,\"name\":\"Products\",\"item\":\"https:\/\/dev.freakuence.nl\/en\/products\/\"},{\"@type\":\"ListItem\",\"position\":3,\"name\":\"Lindemann Musicbook 20DSD\"}]},{\"@type\":\"WebSite\",\"@id\":\"https:\/\/dev.freakuence.nl\/fr\/#website\",\"url\":\"https:\/\/dev.freakuence.nl\/fr\/\",\"name\":\"Freakuence!\",\"description\":\"Freakuence!\",\"alternateName\":\"Freakuence\",\"potentialAction\":[{\"@type\":\"SearchAction\",\"target\":{\"@type\":\"EntryPoint\",\"urlTemplate\":\"https:\/\/dev.freakuence.nl\/fr\/?s={search_term_string}\"},\"query-input\":{\"@type\":\"PropertyValueSpecification\",\"valueRequired\":true,\"valueName\":\"search_term_string\"}}],\"inLanguage\":\"fr-FR\"}]}<\/script>\n<!-- \/ Yoast SEO plugin. -->","yoast_head_json":{"title":"Lindemann Musicbook 20DSD | Freakuence!","robots":{"index":"noindex","follow":"follow","max-snippet":"max-snippet:-1","max-image-preview":"max-image-preview:large","max-video-preview":"max-video-preview:-1"},"og_locale":"fr_FR","og_type":"article","og_title":"Lindemann Musicbook 20DSD | Freakuence!","og_description":"Description Freakuence ! Lindemann passe ici assez r\u00e9guli\u00e8rement. La ligne avec les petites armoires suscite des interrogations, mais les grandes armoires \u00ab\u00a0vides\u00a0\u00bb ne posent g\u00e9n\u00e9ralement pas de probl\u00e8me. C&rsquo;est un choix de conception. Le son de Lindemann est frais, avec une reproduction parfaitement \u00e9quilibr\u00e9e sur toute la gamme de fr\u00e9quences, un large \u00e9ventail de textures [&hellip;]","og_url":"https:\/\/dev.freakuence.nl\/fr\/produit\/lindemann-musicbook-20dsd\/","og_site_name":"Freakuence!","article_modified_time":"2026-04-11T02:23:17+00:00","og_image":[{"width":1800,"height":1200,"url":"https:\/\/dev.freakuence.nl\/wp-content\/uploads\/2025\/09\/1754644698-IMG1624-scaled.jpg","type":"image\/jpeg"}],"twitter_card":"summary_large_image","schema":{"@context":"https:\/\/schema.org","@graph":[{"@type":"WebPage","@id":"https:\/\/dev.freakuence.nl\/fr\/produit\/lindemann-musicbook-20dsd\/","url":"https:\/\/dev.freakuence.nl\/fr\/produit\/lindemann-musicbook-20dsd\/","name":"Lindemann Musicbook 20DSD | Freakuence!","isPartOf":{"@id":"https:\/\/dev.freakuence.nl\/fr\/#website"},"primaryImageOfPage":{"@id":"https:\/\/dev.freakuence.nl\/fr\/produit\/lindemann-musicbook-20dsd\/#primaryimage"},"image":{"@id":"https:\/\/dev.freakuence.nl\/fr\/produit\/lindemann-musicbook-20dsd\/#primaryimage"},"thumbnailUrl":"https:\/\/dev.freakuence.nl\/wp-content\/uploads\/2025\/09\/1754644698-IMG1624-scaled.jpg","datePublished":"2025-08-08T09:19:18+00:00","dateModified":"2026-04-11T02:23:17+00:00","breadcrumb":{"@id":"https:\/\/dev.freakuence.nl\/fr\/produit\/lindemann-musicbook-20dsd\/#breadcrumb"},"inLanguage":"fr-FR","potentialAction":[{"@type":"ReadAction","target":["https:\/\/dev.freakuence.nl\/fr\/produit\/lindemann-musicbook-20dsd\/"]}]},{"@type":"ImageObject","inLanguage":"fr-FR","@id":"https:\/\/dev.freakuence.nl\/fr\/produit\/lindemann-musicbook-20dsd\/#primaryimage","url":"https:\/\/dev.freakuence.nl\/wp-content\/uploads\/2025\/09\/1754644698-IMG1624-scaled.jpg","contentUrl":"https:\/\/dev.freakuence.nl\/wp-content\/uploads\/2025\/09\/1754644698-IMG1624-scaled.jpg","width":1800,"height":1200},{"@type":"BreadcrumbList","@id":"https:\/\/dev.freakuence.nl\/fr\/produit\/lindemann-musicbook-20dsd\/#breadcrumb","itemListElement":[{"@type":"ListItem","position":1,"name":"Accueil","item":"https:\/\/dev.freakuence.nl\/fr\/"},{"@type":"ListItem","position":2,"name":"Products","item":"https:\/\/dev.freakuence.nl\/en\/products\/"},{"@type":"ListItem","position":3,"name":"Lindemann Musicbook 20DSD"}]},{"@type":"WebSite","@id":"https:\/\/dev.freakuence.nl\/fr\/#website","url":"https:\/\/dev.freakuence.nl\/fr\/","name":"Freakuence!","description":"Freakuence!","alternateName":"Freakuence","potentialAction":[{"@type":"SearchAction","target":{"@type":"EntryPoint","urlTemplate":"https:\/\/dev.freakuence.nl\/fr\/?s={search_term_string}"},"query-input":{"@type":"PropertyValueSpecification","valueRequired":true,"valueName":"search_term_string"}}],"inLanguage":"fr-FR"}]}},"_links":{"self":[{"href":"https:\/\/dev.freakuence.nl\/fr\/wp-json\/wp\/v2\/product\/311143","targetHints":{"allow":["GET"]}}],"collection":[{"href":"https:\/\/dev.freakuence.nl\/fr\/wp-json\/wp\/v2\/product"}],"about":[{"href":"https:\/\/dev.freakuence.nl\/fr\/wp-json\/wp\/v2\/types\/product"}],"version-history":[{"count":1,"href":"https:\/\/dev.freakuence.nl\/fr\/wp-json\/wp\/v2\/product\/311143\/revisions"}],"predecessor-version":[{"id":318210,"href":"https:\/\/dev.freakuence.nl\/fr\/wp-json\/wp\/v2\/product\/311143\/revisions\/318210"}],"wp:featuredmedia":[{"embeddable":true,"href":"https:\/\/dev.freakuence.nl\/fr\/wp-json\/wp\/v2\/media\/311144"}],"wp:attachment":[{"href":"https:\/\/dev.freakuence.nl\/fr\/wp-json\/wp\/v2\/media?parent=311143"}],"wp:term":[{"taxonomy":"product_brand","embeddable":true,"href":"https:\/\/dev.freakuence.nl\/fr\/wp-json\/wp\/v2\/product_brand?post=311143"},{"taxonomy":"product_cat","embeddable":true,"href":"https:\/\/dev.freakuence.nl\/fr\/wp-json\/wp\/v2\/product_cat?post=311143"},{"taxonomy":"product_tag","embeddable":true,"href":"https:\/\/dev.freakuence.nl\/fr\/wp-json\/wp\/v2\/product_tag?post=311143"}],"curies":[{"name":"wp","href":"https:\/\/api.w.org\/{rel}","templated":true}]}}