{"id":311925,"date":"2025-09-05T14:08:21","date_gmt":"2025-09-05T12:08:21","guid":{"rendered":"https:\/\/dev.freakuence.nl\/product\/octave-v110\/"},"modified":"2026-04-11T04:22:03","modified_gmt":"2026-04-11T02:22:03","slug":"octave-v110","status":"publish","type":"product","link":"https:\/\/dev.freakuence.nl\/fr\/produit\/octave-v110\/","title":{"rendered":"Octave V110"},"content":{"rendered":"<div class=\"product-specifications-list\">\n<div class=\"specification-item row-even\"><span class=\"spec-content\"><strong>Description Freakuence !<\/strong><\/span><\/div>\n<div class=\"specification-item row-odd\"><span class=\"spec-content\"><\/p>\n<p>Le son est puissant et assur\u00e9, avec des m\u00e9diums chauds et doux qui donnent aux voix et aux instruments une pr\u00e9sence naturelle. La profondeur et la nettet\u00e9 de la sc\u00e8ne sonore sont remarquables, refl\u00e9tant l&rsquo;acoustique du lieu d&rsquo;enregistrement.  Les nuances dynamiques sont reproduites avec pr\u00e9cision, garantissant une exp\u00e9rience d&rsquo;\u00e9coute vivante et immersive.  <\/p>\n<p><\/span><\/div>\n<div class=\"specification-item row-even\"><span class=\"spec-content\"><strong>D\u00e9tails<\/strong><\/span><\/div>\n<div class=\"specification-item row-odd\"><span class=\"spec-content\"><\/p>\n<p><\/p>\n<p><\/span><\/div>\n<div class=\"specification-item row-even\"><span class=\"spec-content\">Prix de vente au d\u00e9tail : 6250.00<\/span><\/div>\n<div class=\"specification-item row-odd\"><span class=\"spec-content\"><strong>Description g\u00e9n\u00e9rale<\/strong><\/span><\/div>\n<div class=\"specification-item row-even\"><span class=\"spec-content\"><\/p>\n<p>L&rsquo;Octave V110 est un amplificateur int\u00e9gr\u00e9 \u00e0 tubes connu pour ses performances puissantes et sa polyvalence. Dot\u00e9 d&rsquo;un circuit pentode push-pull, il d\u00e9livre une puissance impressionnante, assurant une reproduction sonore dynamique et d\u00e9taill\u00e9e. Le V110 est \u00e9quip\u00e9 de plusieurs entr\u00e9es, y compris des options RCA et XLR, ce qui facilite la connexion \u00e0 diverses sources audio. Une caract\u00e9ristique notable est l&rsquo;EcoMode, qui r\u00e9duit la consommation d&rsquo;\u00e9nergie lorsque l&rsquo;amplificateur est inactif, ce qui contribue \u00e0 prolonger la dur\u00e9e de vie des tubes et \u00e0 r\u00e9duire les co\u00fbts d&rsquo;\u00e9nergie. De plus, le V110 offre la possibilit\u00e9 de r\u00e9gler facilement la polarisation des tubes via le panneau avant, \u00e0 l&rsquo;aide d&rsquo;indicateurs LED pour un contr\u00f4le pr\u00e9cis. Pour ceux qui recherchent une plus grande flexibilit\u00e9, des modules optionnels sont disponibles, tels que la Black Box et la Super Black Box, qui stabilisent davantage l&rsquo;alimentation et am\u00e9liorent les performances dynamiques. Avec sa qualit\u00e9 de fabrication robuste et son souci du d\u00e9tail, l&rsquo;Octave V110 est un choix fiable pour les amateurs de lecture audio de haute qualit\u00e9.      <\/p>\n<p><\/span><\/div>\n<div class=\"specification-item row-odd\"><span class=\"spec-content\"><strong>Informations g\u00e9n\u00e9rales<\/strong><\/span><\/div>\n<div class=\"specification-item row-even\"><span class=\"spec-content\"><\/p>\n<p>L&rsquo;Octave V110 a \u00e9t\u00e9 con\u00e7u et fabriqu\u00e9 en Allemagne en mettant l&rsquo;accent sur la durabilit\u00e9, la musicalit\u00e9 et la pr\u00e9cision. Le designer Andreas Hofmann a combin\u00e9 un amplificateur \u00e0 tubes avec une technologie moderne, en se concentrant sur un son optimal sans caract\u00e9ristiques superflues. Le bo\u00eetier est en acier et en aluminium, il utilise en interne des composants de haute qualit\u00e9 avec une conception de circuit modul\u00e9. L&rsquo;alimentation \u00e9quilibr\u00e9e et la polarisation thermiquement contr\u00f4l\u00e9e contribuent \u00e0 la stabilit\u00e9 des performances.   <\/p>\n<p><\/span><\/div>\n<div class=\"specification-item row-odd\"><span class=\"spec-content\"><strong>Histoire de la marque<\/strong><\/span><\/div>\n<div class=\"specification-item row-even\"><span class=\"spec-content\"><\/p>\n<p>La soci\u00e9t\u00e9 allemande Octave fabrique des machines d\u00e9mentes avec des transformateurs tr\u00e8s bien bobin\u00e9s (c&rsquo;est de l\u00e0 qu&rsquo;est n\u00e9e l&rsquo;entreprise). Au moment de l&rsquo;ouverture, le concepteur et propri\u00e9taire Andreas \u00e9tait encore un enfant, mais il a apport\u00e9 sa premi\u00e8re contribution au d\u00e9veloppement de l&rsquo;entreprise de son p\u00e8re et \u00e0 sa transition strat\u00e9gique vers la fabrication de composants audio en 1975, alors qu&rsquo;il n&rsquo;avait pas 20 ans. Il a pr\u00e9sent\u00e9 ses premiers amplificateurs \u00e0 transistors et \u00e0 tubes.  <\/p>\n<p><\/span><\/div>\n<\/div>\n","protected":false},"excerpt":{"rendered":"<p>Description Freakuence ! Le son est puissant et assur\u00e9, avec des m\u00e9diums chauds et doux qui donnent aux voix et aux instruments une pr\u00e9sence naturelle. La profondeur et la nettet\u00e9 de la sc\u00e8ne sonore sont remarquables, refl\u00e9tant l&rsquo;acoustique du lieu d&rsquo;enregistrement. Les nuances dynamiques sont reproduites avec pr\u00e9cision, garantissant une exp\u00e9rience d&rsquo;\u00e9coute vivante et immersive. [&hellip;]<\/p>\n","protected":false},"featured_media":311926,"template":"","meta":{"_acf_changed":false,"inline_featured_image":false},"product_brand":[],"product_cat":[558,583,719],"product_tag":[554],"class_list":{"0":"post-311925","1":"product","2":"type-product","3":"status-publish","4":"has-post-thumbnail","6":"product_cat-amplificateurs","7":"product_cat-amplificateurs-a-tubes","8":"product_cat-cables-et-connecteurs","9":"product_tag-used","10":"pa_kleur-noir","12":"first","13":"instock","14":"purchasable","15":"product-type-simple"},"acf":[],"yoast_head":"<!-- This site is optimized with the Yoast SEO plugin v25.9 - https:\/\/yoast.com\/wordpress\/plugins\/seo\/ -->\n<title>Octave V110 | Freakuence!<\/title>\n<meta name=\"robots\" content=\"noindex, follow, max-snippet:-1, max-image-preview:large, max-video-preview:-1\" \/>\n<meta property=\"og:locale\" content=\"fr_FR\" \/>\n<meta property=\"og:type\" content=\"article\" \/>\n<meta property=\"og:title\" content=\"Octave V110 | Freakuence!\" \/>\n<meta property=\"og:description\" content=\"Description Freakuence ! Le son est puissant et assur\u00e9, avec des m\u00e9diums chauds et doux qui donnent aux voix et aux instruments une pr\u00e9sence naturelle. La profondeur et la nettet\u00e9 de la sc\u00e8ne sonore sont remarquables, refl\u00e9tant l&rsquo;acoustique du lieu d&rsquo;enregistrement. Les nuances dynamiques sont reproduites avec pr\u00e9cision, garantissant une exp\u00e9rience d&rsquo;\u00e9coute vivante et immersive. [&hellip;]\" \/>\n<meta property=\"og:url\" content=\"https:\/\/dev.freakuence.nl\/fr\/produit\/octave-v110\/\" \/>\n<meta property=\"og:site_name\" content=\"Freakuence!\" \/>\n<meta property=\"article:modified_time\" content=\"2026-04-11T02:22:03+00:00\" \/>\n<meta property=\"og:image\" content=\"https:\/\/dev.freakuence.nl\/wp-content\/uploads\/2025\/09\/1757074053-IMG2261-scaled.jpg\" \/>\n\t<meta property=\"og:image:width\" content=\"1800\" \/>\n\t<meta property=\"og:image:height\" content=\"1200\" \/>\n\t<meta property=\"og:image:type\" content=\"image\/jpeg\" \/>\n<meta name=\"twitter:card\" content=\"summary_large_image\" \/>\n<script type=\"application\/ld+json\" class=\"yoast-schema-graph\">{\"@context\":\"https:\/\/schema.org\",\"@graph\":[{\"@type\":\"WebPage\",\"@id\":\"https:\/\/dev.freakuence.nl\/fr\/produit\/octave-v110\/\",\"url\":\"https:\/\/dev.freakuence.nl\/fr\/produit\/octave-v110\/\",\"name\":\"Octave V110 | Freakuence!\",\"isPartOf\":{\"@id\":\"https:\/\/dev.freakuence.nl\/fr\/#website\"},\"primaryImageOfPage\":{\"@id\":\"https:\/\/dev.freakuence.nl\/fr\/produit\/octave-v110\/#primaryimage\"},\"image\":{\"@id\":\"https:\/\/dev.freakuence.nl\/fr\/produit\/octave-v110\/#primaryimage\"},\"thumbnailUrl\":\"https:\/\/dev.freakuence.nl\/wp-content\/uploads\/2025\/09\/1757074053-IMG2261-scaled.jpg\",\"datePublished\":\"2025-09-05T12:08:21+00:00\",\"dateModified\":\"2026-04-11T02:22:03+00:00\",\"breadcrumb\":{\"@id\":\"https:\/\/dev.freakuence.nl\/fr\/produit\/octave-v110\/#breadcrumb\"},\"inLanguage\":\"fr-FR\",\"potentialAction\":[{\"@type\":\"ReadAction\",\"target\":[\"https:\/\/dev.freakuence.nl\/fr\/produit\/octave-v110\/\"]}]},{\"@type\":\"ImageObject\",\"inLanguage\":\"fr-FR\",\"@id\":\"https:\/\/dev.freakuence.nl\/fr\/produit\/octave-v110\/#primaryimage\",\"url\":\"https:\/\/dev.freakuence.nl\/wp-content\/uploads\/2025\/09\/1757074053-IMG2261-scaled.jpg\",\"contentUrl\":\"https:\/\/dev.freakuence.nl\/wp-content\/uploads\/2025\/09\/1757074053-IMG2261-scaled.jpg\",\"width\":1800,\"height\":1200},{\"@type\":\"BreadcrumbList\",\"@id\":\"https:\/\/dev.freakuence.nl\/fr\/produit\/octave-v110\/#breadcrumb\",\"itemListElement\":[{\"@type\":\"ListItem\",\"position\":1,\"name\":\"Accueil\",\"item\":\"https:\/\/dev.freakuence.nl\/fr\/\"},{\"@type\":\"ListItem\",\"position\":2,\"name\":\"Products\",\"item\":\"https:\/\/dev.freakuence.nl\/en\/products\/\"},{\"@type\":\"ListItem\",\"position\":3,\"name\":\"Octave V110\"}]},{\"@type\":\"WebSite\",\"@id\":\"https:\/\/dev.freakuence.nl\/fr\/#website\",\"url\":\"https:\/\/dev.freakuence.nl\/fr\/\",\"name\":\"Freakuence!\",\"description\":\"Freakuence!\",\"alternateName\":\"Freakuence\",\"potentialAction\":[{\"@type\":\"SearchAction\",\"target\":{\"@type\":\"EntryPoint\",\"urlTemplate\":\"https:\/\/dev.freakuence.nl\/fr\/?s={search_term_string}\"},\"query-input\":{\"@type\":\"PropertyValueSpecification\",\"valueRequired\":true,\"valueName\":\"search_term_string\"}}],\"inLanguage\":\"fr-FR\"}]}<\/script>\n<!-- \/ Yoast SEO plugin. -->","yoast_head_json":{"title":"Octave V110 | Freakuence!","robots":{"index":"noindex","follow":"follow","max-snippet":"max-snippet:-1","max-image-preview":"max-image-preview:large","max-video-preview":"max-video-preview:-1"},"og_locale":"fr_FR","og_type":"article","og_title":"Octave V110 | Freakuence!","og_description":"Description Freakuence ! Le son est puissant et assur\u00e9, avec des m\u00e9diums chauds et doux qui donnent aux voix et aux instruments une pr\u00e9sence naturelle. La profondeur et la nettet\u00e9 de la sc\u00e8ne sonore sont remarquables, refl\u00e9tant l&rsquo;acoustique du lieu d&rsquo;enregistrement. Les nuances dynamiques sont reproduites avec pr\u00e9cision, garantissant une exp\u00e9rience d&rsquo;\u00e9coute vivante et immersive. [&hellip;]","og_url":"https:\/\/dev.freakuence.nl\/fr\/produit\/octave-v110\/","og_site_name":"Freakuence!","article_modified_time":"2026-04-11T02:22:03+00:00","og_image":[{"width":1800,"height":1200,"url":"https:\/\/dev.freakuence.nl\/wp-content\/uploads\/2025\/09\/1757074053-IMG2261-scaled.jpg","type":"image\/jpeg"}],"twitter_card":"summary_large_image","schema":{"@context":"https:\/\/schema.org","@graph":[{"@type":"WebPage","@id":"https:\/\/dev.freakuence.nl\/fr\/produit\/octave-v110\/","url":"https:\/\/dev.freakuence.nl\/fr\/produit\/octave-v110\/","name":"Octave V110 | Freakuence!","isPartOf":{"@id":"https:\/\/dev.freakuence.nl\/fr\/#website"},"primaryImageOfPage":{"@id":"https:\/\/dev.freakuence.nl\/fr\/produit\/octave-v110\/#primaryimage"},"image":{"@id":"https:\/\/dev.freakuence.nl\/fr\/produit\/octave-v110\/#primaryimage"},"thumbnailUrl":"https:\/\/dev.freakuence.nl\/wp-content\/uploads\/2025\/09\/1757074053-IMG2261-scaled.jpg","datePublished":"2025-09-05T12:08:21+00:00","dateModified":"2026-04-11T02:22:03+00:00","breadcrumb":{"@id":"https:\/\/dev.freakuence.nl\/fr\/produit\/octave-v110\/#breadcrumb"},"inLanguage":"fr-FR","potentialAction":[{"@type":"ReadAction","target":["https:\/\/dev.freakuence.nl\/fr\/produit\/octave-v110\/"]}]},{"@type":"ImageObject","inLanguage":"fr-FR","@id":"https:\/\/dev.freakuence.nl\/fr\/produit\/octave-v110\/#primaryimage","url":"https:\/\/dev.freakuence.nl\/wp-content\/uploads\/2025\/09\/1757074053-IMG2261-scaled.jpg","contentUrl":"https:\/\/dev.freakuence.nl\/wp-content\/uploads\/2025\/09\/1757074053-IMG2261-scaled.jpg","width":1800,"height":1200},{"@type":"BreadcrumbList","@id":"https:\/\/dev.freakuence.nl\/fr\/produit\/octave-v110\/#breadcrumb","itemListElement":[{"@type":"ListItem","position":1,"name":"Accueil","item":"https:\/\/dev.freakuence.nl\/fr\/"},{"@type":"ListItem","position":2,"name":"Products","item":"https:\/\/dev.freakuence.nl\/en\/products\/"},{"@type":"ListItem","position":3,"name":"Octave V110"}]},{"@type":"WebSite","@id":"https:\/\/dev.freakuence.nl\/fr\/#website","url":"https:\/\/dev.freakuence.nl\/fr\/","name":"Freakuence!","description":"Freakuence!","alternateName":"Freakuence","potentialAction":[{"@type":"SearchAction","target":{"@type":"EntryPoint","urlTemplate":"https:\/\/dev.freakuence.nl\/fr\/?s={search_term_string}"},"query-input":{"@type":"PropertyValueSpecification","valueRequired":true,"valueName":"search_term_string"}}],"inLanguage":"fr-FR"}]}},"_links":{"self":[{"href":"https:\/\/dev.freakuence.nl\/fr\/wp-json\/wp\/v2\/product\/311925","targetHints":{"allow":["GET"]}}],"collection":[{"href":"https:\/\/dev.freakuence.nl\/fr\/wp-json\/wp\/v2\/product"}],"about":[{"href":"https:\/\/dev.freakuence.nl\/fr\/wp-json\/wp\/v2\/types\/product"}],"version-history":[{"count":1,"href":"https:\/\/dev.freakuence.nl\/fr\/wp-json\/wp\/v2\/product\/311925\/revisions"}],"predecessor-version":[{"id":318197,"href":"https:\/\/dev.freakuence.nl\/fr\/wp-json\/wp\/v2\/product\/311925\/revisions\/318197"}],"wp:featuredmedia":[{"embeddable":true,"href":"https:\/\/dev.freakuence.nl\/fr\/wp-json\/wp\/v2\/media\/311926"}],"wp:attachment":[{"href":"https:\/\/dev.freakuence.nl\/fr\/wp-json\/wp\/v2\/media?parent=311925"}],"wp:term":[{"taxonomy":"product_brand","embeddable":true,"href":"https:\/\/dev.freakuence.nl\/fr\/wp-json\/wp\/v2\/product_brand?post=311925"},{"taxonomy":"product_cat","embeddable":true,"href":"https:\/\/dev.freakuence.nl\/fr\/wp-json\/wp\/v2\/product_cat?post=311925"},{"taxonomy":"product_tag","embeddable":true,"href":"https:\/\/dev.freakuence.nl\/fr\/wp-json\/wp\/v2\/product_tag?post=311925"}],"curies":[{"name":"wp","href":"https:\/\/api.w.org\/{rel}","templated":true}]}}