{"id":312207,"date":"2025-09-10T11:43:28","date_gmt":"2025-09-10T09:43:28","guid":{"rendered":"https:\/\/dev.freakuence.nl\/product\/linn-akurate-ds-0\/"},"modified":"2026-04-11T04:22:00","modified_gmt":"2026-04-11T02:22:00","slug":"linn-akurate-ds-0","status":"publish","type":"product","link":"https:\/\/dev.freakuence.nl\/fr\/produit\/linn-akurate-ds-0\/","title":{"rendered":"Linn Akurate DS\/0"},"content":{"rendered":"<div class=\"product-specifications-list\">\n<div class=\"specification-item row-even\"><span class=\"spec-content\"><strong>Description Freakuence !<\/strong><\/span><\/div>\n<div class=\"specification-item row-odd\"><span class=\"spec-content\"><\/p>\n<p>Les streamers Linn, oui, en avance sur leur temps. Linn est connu pour sa pr\u00e9cision dans le traitement des signaux num\u00e9riques, gr\u00e2ce \u00e0 son expertise particuli\u00e8re. Cet Akurate va jusqu&rsquo;\u00e0 24-bit\/192 kHz et a un timing parfait. Tr\u00e8s dynamique, tr\u00e8s propre, tr\u00e8s Linn. Et l&rsquo;assistance de Linn semble \u00e9ternelle !    <\/p>\n<p><\/span><\/div>\n<div class=\"specification-item row-even\"><span class=\"spec-content\"><strong>D\u00e9tails<\/strong><\/span><\/div>\n<div class=\"specification-item row-odd\"><span class=\"spec-content\">Prix de vente au d\u00e9tail : 5117.00<\/span><\/div>\n<div class=\"specification-item row-even\"><span class=\"spec-content\"><strong>Description g\u00e9n\u00e9rale<\/strong><\/span><\/div>\n<div class=\"specification-item row-odd\"><span class=\"spec-content\"><\/p>\n<p>Cet appareil permet d&rsquo;acc\u00e9der \u00e0 la musique num\u00e9rique sur un r\u00e9seau sans pi\u00e8ces mobiles, ce qui \u00e9limine les bruits m\u00e9caniques. Il convertit les formats de musique num\u00e9rique tels que WAV, FLAC et MP3 en un son analogique de haute qualit\u00e9. Il est compatible avec les services de streaming tels que Tidal et Qobuz, et prend en charge la musique jusqu&rsquo;\u00e0 24 bits\/192 kHz. Le syst\u00e8me est facile \u00e0 contr\u00f4ler via une application et peut \u00eatre int\u00e9gr\u00e9 de mani\u00e8re transparente avec des enceintes externes gr\u00e2ce \u00e0 la technologie Exakt. En outre, l&rsquo;alimentation Dynamik garantit une alimentation stable et est contr\u00f4l\u00e9e via une interface intuitive pour une exp\u00e9rience utilisateur optimale. Le syst\u00e8me offre un large \u00e9ventail d&rsquo;options de connexion pour les sources num\u00e9riques et analogiques.<\/p>\n<p><\/span><\/div>\n<div class=\"specification-item row-even\"><span class=\"spec-content\"><strong>Informations g\u00e9n\u00e9rales<\/strong><\/span><\/div>\n<div class=\"specification-item row-odd\"><span class=\"spec-content\"><\/p>\n<p>Le Linn Akurate DS\/0 est con\u00e7u selon la philosophie de Linn, qui consiste \u00e0 minimiser la perte de signal. Le streamer int\u00e8gre une horloge de pr\u00e9cision et des composants DAC soigneusement s\u00e9lectionn\u00e9s pour une synchronisation et une reproduction des d\u00e9tails optimales. Toutes les connexions internes critiques sont courtes et directes pour minimiser les interf\u00e9rences.  <\/p>\n<p><\/span><\/div>\n<div class=\"specification-item row-even\"><span class=\"spec-content\"><strong>Histoire de la marque<\/strong><\/span><\/div>\n<div class=\"specification-item row-odd\"><span class=\"spec-content\"><\/p>\n<p>Linn a \u00e9t\u00e9 fond\u00e9e en 1973 par Ivor Tiefenbrun. Elle a commenc\u00e9 par la production de la Sondek LP12, une platine qui a \u00e9t\u00e9 continuellement am\u00e9lior\u00e9e au cours des ann\u00e9es suivantes. L&rsquo;une des premi\u00e8res innovations a \u00e9t\u00e9 l&rsquo;introduction d&rsquo;une alimentation externe, le Valhalla, et d&rsquo;autres d\u00e9veloppements importants ont suivi plus tard, comme l&rsquo;introduction du syst\u00e8me d&rsquo;alimentation Lingo en 1990. En 1986, Linn a lanc\u00e9 la cartouche Troika, qui offrait une meilleure reproduction du signal. Dans les ann\u00e9es 1990, Linn a \u00e9largi son offre avec des produits num\u00e9riques, tels que le lecteur de CD Karik\/Numerik, et a lanc\u00e9 le syst\u00e8me multiroom Knekt en 1994. Linn fabrique presque tout en interne. D\u00e9couvrez leur machine de fabrication de circuits imprim\u00e9s en ligne !      <\/p>\n<p><\/span><\/div>\n<\/div>\n","protected":false},"excerpt":{"rendered":"<p>Description Freakuence ! Les streamers Linn, oui, en avance sur leur temps. Linn est connu pour sa pr\u00e9cision dans le traitement des signaux num\u00e9riques, gr\u00e2ce \u00e0 son expertise particuli\u00e8re. Cet Akurate va jusqu&rsquo;\u00e0 24-bit\/192 kHz et a un timing parfait. Tr\u00e8s dynamique, tr\u00e8s propre, tr\u00e8s Linn. Et l&rsquo;assistance de Linn semble \u00e9ternelle ! D\u00e9tails Prix [&hellip;]<\/p>\n","protected":false},"featured_media":312208,"template":"","meta":{"_acf_changed":false,"inline_featured_image":false},"product_brand":[],"product_cat":[561],"product_tag":[554],"class_list":{"0":"post-312207","1":"product","2":"type-product","3":"status-publish","4":"has-post-thumbnail","6":"product_cat-audio","7":"product_tag-used","8":"pa_kleur-gris","10":"first","11":"instock","12":"purchasable","13":"product-type-simple"},"acf":[],"yoast_head":"<!-- This site is optimized with the Yoast SEO plugin v25.9 - https:\/\/yoast.com\/wordpress\/plugins\/seo\/ -->\n<title>Linn Akurate DS\/0 | Freakuence!<\/title>\n<meta name=\"robots\" content=\"noindex, follow, max-snippet:-1, max-image-preview:large, max-video-preview:-1\" \/>\n<meta property=\"og:locale\" content=\"fr_FR\" \/>\n<meta property=\"og:type\" content=\"article\" \/>\n<meta property=\"og:title\" content=\"Linn Akurate DS\/0 | Freakuence!\" \/>\n<meta property=\"og:description\" content=\"Description Freakuence ! Les streamers Linn, oui, en avance sur leur temps. Linn est connu pour sa pr\u00e9cision dans le traitement des signaux num\u00e9riques, gr\u00e2ce \u00e0 son expertise particuli\u00e8re. Cet Akurate va jusqu&rsquo;\u00e0 24-bit\/192 kHz et a un timing parfait. Tr\u00e8s dynamique, tr\u00e8s propre, tr\u00e8s Linn. Et l&rsquo;assistance de Linn semble \u00e9ternelle ! D\u00e9tails Prix [&hellip;]\" \/>\n<meta property=\"og:url\" content=\"https:\/\/dev.freakuence.nl\/fr\/produit\/linn-akurate-ds-0\/\" \/>\n<meta property=\"og:site_name\" content=\"Freakuence!\" \/>\n<meta property=\"article:modified_time\" content=\"2026-04-11T02:22:00+00:00\" \/>\n<meta property=\"og:image\" content=\"https:\/\/dev.freakuence.nl\/wp-content\/uploads\/2025\/09\/1757497349-IMG2540-scaled.jpg\" \/>\n\t<meta property=\"og:image:width\" content=\"1800\" \/>\n\t<meta property=\"og:image:height\" content=\"1200\" \/>\n\t<meta property=\"og:image:type\" content=\"image\/jpeg\" \/>\n<meta name=\"twitter:card\" content=\"summary_large_image\" \/>\n<script type=\"application\/ld+json\" class=\"yoast-schema-graph\">{\"@context\":\"https:\/\/schema.org\",\"@graph\":[{\"@type\":\"WebPage\",\"@id\":\"https:\/\/dev.freakuence.nl\/fr\/produit\/linn-akurate-ds-0\/\",\"url\":\"https:\/\/dev.freakuence.nl\/fr\/produit\/linn-akurate-ds-0\/\",\"name\":\"Linn Akurate DS\/0 | Freakuence!\",\"isPartOf\":{\"@id\":\"https:\/\/dev.freakuence.nl\/fr\/#website\"},\"primaryImageOfPage\":{\"@id\":\"https:\/\/dev.freakuence.nl\/fr\/produit\/linn-akurate-ds-0\/#primaryimage\"},\"image\":{\"@id\":\"https:\/\/dev.freakuence.nl\/fr\/produit\/linn-akurate-ds-0\/#primaryimage\"},\"thumbnailUrl\":\"https:\/\/dev.freakuence.nl\/wp-content\/uploads\/2025\/09\/1757497349-IMG2540-scaled.jpg\",\"datePublished\":\"2025-09-10T09:43:28+00:00\",\"dateModified\":\"2026-04-11T02:22:00+00:00\",\"breadcrumb\":{\"@id\":\"https:\/\/dev.freakuence.nl\/fr\/produit\/linn-akurate-ds-0\/#breadcrumb\"},\"inLanguage\":\"fr-FR\",\"potentialAction\":[{\"@type\":\"ReadAction\",\"target\":[\"https:\/\/dev.freakuence.nl\/fr\/produit\/linn-akurate-ds-0\/\"]}]},{\"@type\":\"ImageObject\",\"inLanguage\":\"fr-FR\",\"@id\":\"https:\/\/dev.freakuence.nl\/fr\/produit\/linn-akurate-ds-0\/#primaryimage\",\"url\":\"https:\/\/dev.freakuence.nl\/wp-content\/uploads\/2025\/09\/1757497349-IMG2540-scaled.jpg\",\"contentUrl\":\"https:\/\/dev.freakuence.nl\/wp-content\/uploads\/2025\/09\/1757497349-IMG2540-scaled.jpg\",\"width\":1800,\"height\":1200},{\"@type\":\"BreadcrumbList\",\"@id\":\"https:\/\/dev.freakuence.nl\/fr\/produit\/linn-akurate-ds-0\/#breadcrumb\",\"itemListElement\":[{\"@type\":\"ListItem\",\"position\":1,\"name\":\"Accueil\",\"item\":\"https:\/\/dev.freakuence.nl\/fr\/\"},{\"@type\":\"ListItem\",\"position\":2,\"name\":\"Products\",\"item\":\"https:\/\/dev.freakuence.nl\/en\/products\/\"},{\"@type\":\"ListItem\",\"position\":3,\"name\":\"Linn Akurate DS\/0\"}]},{\"@type\":\"WebSite\",\"@id\":\"https:\/\/dev.freakuence.nl\/fr\/#website\",\"url\":\"https:\/\/dev.freakuence.nl\/fr\/\",\"name\":\"Freakuence!\",\"description\":\"Freakuence!\",\"alternateName\":\"Freakuence\",\"potentialAction\":[{\"@type\":\"SearchAction\",\"target\":{\"@type\":\"EntryPoint\",\"urlTemplate\":\"https:\/\/dev.freakuence.nl\/fr\/?s={search_term_string}\"},\"query-input\":{\"@type\":\"PropertyValueSpecification\",\"valueRequired\":true,\"valueName\":\"search_term_string\"}}],\"inLanguage\":\"fr-FR\"}]}<\/script>\n<!-- \/ Yoast SEO plugin. -->","yoast_head_json":{"title":"Linn Akurate DS\/0 | Freakuence!","robots":{"index":"noindex","follow":"follow","max-snippet":"max-snippet:-1","max-image-preview":"max-image-preview:large","max-video-preview":"max-video-preview:-1"},"og_locale":"fr_FR","og_type":"article","og_title":"Linn Akurate DS\/0 | Freakuence!","og_description":"Description Freakuence ! Les streamers Linn, oui, en avance sur leur temps. Linn est connu pour sa pr\u00e9cision dans le traitement des signaux num\u00e9riques, gr\u00e2ce \u00e0 son expertise particuli\u00e8re. Cet Akurate va jusqu&rsquo;\u00e0 24-bit\/192 kHz et a un timing parfait. Tr\u00e8s dynamique, tr\u00e8s propre, tr\u00e8s Linn. Et l&rsquo;assistance de Linn semble \u00e9ternelle ! D\u00e9tails Prix [&hellip;]","og_url":"https:\/\/dev.freakuence.nl\/fr\/produit\/linn-akurate-ds-0\/","og_site_name":"Freakuence!","article_modified_time":"2026-04-11T02:22:00+00:00","og_image":[{"width":1800,"height":1200,"url":"https:\/\/dev.freakuence.nl\/wp-content\/uploads\/2025\/09\/1757497349-IMG2540-scaled.jpg","type":"image\/jpeg"}],"twitter_card":"summary_large_image","schema":{"@context":"https:\/\/schema.org","@graph":[{"@type":"WebPage","@id":"https:\/\/dev.freakuence.nl\/fr\/produit\/linn-akurate-ds-0\/","url":"https:\/\/dev.freakuence.nl\/fr\/produit\/linn-akurate-ds-0\/","name":"Linn Akurate DS\/0 | Freakuence!","isPartOf":{"@id":"https:\/\/dev.freakuence.nl\/fr\/#website"},"primaryImageOfPage":{"@id":"https:\/\/dev.freakuence.nl\/fr\/produit\/linn-akurate-ds-0\/#primaryimage"},"image":{"@id":"https:\/\/dev.freakuence.nl\/fr\/produit\/linn-akurate-ds-0\/#primaryimage"},"thumbnailUrl":"https:\/\/dev.freakuence.nl\/wp-content\/uploads\/2025\/09\/1757497349-IMG2540-scaled.jpg","datePublished":"2025-09-10T09:43:28+00:00","dateModified":"2026-04-11T02:22:00+00:00","breadcrumb":{"@id":"https:\/\/dev.freakuence.nl\/fr\/produit\/linn-akurate-ds-0\/#breadcrumb"},"inLanguage":"fr-FR","potentialAction":[{"@type":"ReadAction","target":["https:\/\/dev.freakuence.nl\/fr\/produit\/linn-akurate-ds-0\/"]}]},{"@type":"ImageObject","inLanguage":"fr-FR","@id":"https:\/\/dev.freakuence.nl\/fr\/produit\/linn-akurate-ds-0\/#primaryimage","url":"https:\/\/dev.freakuence.nl\/wp-content\/uploads\/2025\/09\/1757497349-IMG2540-scaled.jpg","contentUrl":"https:\/\/dev.freakuence.nl\/wp-content\/uploads\/2025\/09\/1757497349-IMG2540-scaled.jpg","width":1800,"height":1200},{"@type":"BreadcrumbList","@id":"https:\/\/dev.freakuence.nl\/fr\/produit\/linn-akurate-ds-0\/#breadcrumb","itemListElement":[{"@type":"ListItem","position":1,"name":"Accueil","item":"https:\/\/dev.freakuence.nl\/fr\/"},{"@type":"ListItem","position":2,"name":"Products","item":"https:\/\/dev.freakuence.nl\/en\/products\/"},{"@type":"ListItem","position":3,"name":"Linn Akurate DS\/0"}]},{"@type":"WebSite","@id":"https:\/\/dev.freakuence.nl\/fr\/#website","url":"https:\/\/dev.freakuence.nl\/fr\/","name":"Freakuence!","description":"Freakuence!","alternateName":"Freakuence","potentialAction":[{"@type":"SearchAction","target":{"@type":"EntryPoint","urlTemplate":"https:\/\/dev.freakuence.nl\/fr\/?s={search_term_string}"},"query-input":{"@type":"PropertyValueSpecification","valueRequired":true,"valueName":"search_term_string"}}],"inLanguage":"fr-FR"}]}},"_links":{"self":[{"href":"https:\/\/dev.freakuence.nl\/fr\/wp-json\/wp\/v2\/product\/312207","targetHints":{"allow":["GET"]}}],"collection":[{"href":"https:\/\/dev.freakuence.nl\/fr\/wp-json\/wp\/v2\/product"}],"about":[{"href":"https:\/\/dev.freakuence.nl\/fr\/wp-json\/wp\/v2\/types\/product"}],"version-history":[{"count":1,"href":"https:\/\/dev.freakuence.nl\/fr\/wp-json\/wp\/v2\/product\/312207\/revisions"}],"predecessor-version":[{"id":318191,"href":"https:\/\/dev.freakuence.nl\/fr\/wp-json\/wp\/v2\/product\/312207\/revisions\/318191"}],"wp:featuredmedia":[{"embeddable":true,"href":"https:\/\/dev.freakuence.nl\/fr\/wp-json\/wp\/v2\/media\/312208"}],"wp:attachment":[{"href":"https:\/\/dev.freakuence.nl\/fr\/wp-json\/wp\/v2\/media?parent=312207"}],"wp:term":[{"taxonomy":"product_brand","embeddable":true,"href":"https:\/\/dev.freakuence.nl\/fr\/wp-json\/wp\/v2\/product_brand?post=312207"},{"taxonomy":"product_cat","embeddable":true,"href":"https:\/\/dev.freakuence.nl\/fr\/wp-json\/wp\/v2\/product_cat?post=312207"},{"taxonomy":"product_tag","embeddable":true,"href":"https:\/\/dev.freakuence.nl\/fr\/wp-json\/wp\/v2\/product_tag?post=312207"}],"curies":[{"name":"wp","href":"https:\/\/api.w.org\/{rel}","templated":true}]}}