{"id":312349,"date":"2025-09-05T14:22:51","date_gmt":"2025-09-05T12:22:51","guid":{"rendered":"https:\/\/dev.freakuence.nl\/product\/auralic-vega-g1\/"},"modified":"2026-04-11T04:22:03","modified_gmt":"2026-04-11T02:22:03","slug":"auralic-vega-g1","status":"publish","type":"product","link":"https:\/\/dev.freakuence.nl\/fr\/produit\/auralic-vega-g1\/","title":{"rendered":"AURALiC Vega G1"},"content":{"rendered":"<div class=\"product-specifications-list\">\n<div class=\"specification-item row-even\"><span class=\"spec-content\"><strong>Description Freakuence !<\/strong><\/span><\/div>\n<div class=\"specification-item row-odd\"><span class=\"spec-content\"><\/p>\n<p>Comme ces objets sont agr\u00e9ables au toucher. Le bo\u00eetier est magnifique, l&rsquo;int\u00e9rieur est \u00e9tanche. Un super dac\/streamer. Avec une \u00e9norme base de couches. Joue tout jusqu&rsquo;\u00e0 32bit\/384kHz PCM et DSD512.    <\/p>\n<p><\/span><\/div>\n<div class=\"specification-item row-even\"><span class=\"spec-content\"><strong>D\u00e9tails<\/strong><\/span><\/div>\n<div class=\"specification-item row-odd\"><span class=\"spec-content\"><\/p>\n<p>Vous cherchez un autre mod\u00e8le de la s\u00e9rie actuelle de la marque ? Envoyez-nous un message !  Nous aimons en faire quelque chose d&rsquo;amusant.<\/p>\n<p><\/span><\/div>\n<div class=\"specification-item row-even\"><span class=\"spec-content\">Prix de vente au d\u00e9tail : 3799.00<\/span><\/div>\n<div class=\"specification-item row-odd\"><span class=\"spec-content\"><strong>Description g\u00e9n\u00e9rale<\/strong><\/span><\/div>\n<div class=\"specification-item row-even\"><span class=\"spec-content\"><\/p>\n<p>Le Vega G1 d&rsquo;AURALiC est un DAC de streaming polyvalent qui convertit sans effort la musique num\u00e9rique en un signal analogique riche. Gr\u00e2ce \u00e0 la plateforme mat\u00e9rielle Tesla G1, l&rsquo;appareil offre un traitement puissant et flexible, facilitant la connexion aux sources locales et en ligne de musique haute r\u00e9solution.<\/span><\/div>\n<div class=\"specification-item row-odd\"><span class=\"spec-content\">Le design du Vega G1 est \u00e9l\u00e9gant et fonctionnel, avec un corps en aluminium anodis\u00e9 noir et un \u00e9cran retina de 4 pouces pour un affichage clair des informations. L&rsquo;utilisation est intuitive, notamment gr\u00e2ce \u00e0 l&rsquo;application Lightning DS pour iOS, qui permet d&rsquo;acc\u00e9der \u00e0 diff\u00e9rents services de streaming et \u00e0 des collections musicales locales.<\/span><\/div>\n<div class=\"specification-item row-even\"><span class=\"spec-content\">En termes de qualit\u00e9 sonore, le Vega G1 offre une lecture neutre et \u00e9quilibr\u00e9e, avec d&rsquo;excellents d\u00e9tails et une sc\u00e8ne sonore spacieuse. Il est compatible avec diff\u00e9rents formats num\u00e9riques et offre des options de connexion flexibles, notamment AES\/EBU, coaxial, TOSLINK et USB.  <\/p>\n<p><\/span><\/div>\n<div class=\"specification-item row-odd\"><span class=\"spec-content\"><strong>Informations g\u00e9n\u00e9rales<\/strong><\/span><\/div>\n<div class=\"specification-item row-even\"><span class=\"spec-content\"><\/p>\n<p>L&rsquo;AURALiC VEGA G1 est con\u00e7u selon la m\u00eame philosophie que les mod\u00e8les haut de gamme d&rsquo;AURALiC : une reproduction num\u00e9rique sans compromis. L&rsquo;\u00e9quipe de conception s&rsquo;appuie sur sa formation en physique et en ing\u00e9nierie, partant du principe que la musique num\u00e9rique doit avoir un son riche et naturel. Le bo\u00eetier est en aluminium anodis\u00e9 noir, avec une conception interne qui utilise la plate-forme mat\u00e9rielle Tesla d&rsquo;AURALiC. Celle-ci fournit la puissance de calcul n\u00e9cessaire au DSP avanc\u00e9, au sur\u00e9chantillonnage et \u00e0 la r\u00e9duction de la gigue. Le DAC fonctionne avec une horloge femto et prend en charge les r\u00e9solutions jusqu&rsquo;\u00e0 32bit\/384kHz et DSD512.    <\/p>\n<p><\/span><\/div>\n<div class=\"specification-item row-odd\"><span class=\"spec-content\"><strong>Histoire de la marque<\/strong><\/span><\/div>\n<div class=\"specification-item row-even\"><span class=\"spec-content\"><\/p>\n<p>AURALiC a \u00e9t\u00e9 fond\u00e9e en 2009 par Wang Xuanqian et Yuan Wang, qui se sont rencontr\u00e9s lors d&rsquo;un concert \u00e0 Berlin. Leur passion commune pour la musique et la reproduction sonore de haute qualit\u00e9 a conduit \u00e0 la cr\u00e9ation de l&rsquo;entreprise. AURALiC se concentre sur la conception et le d\u00e9veloppement d&rsquo;\u00e9quipements audio qui s&rsquo;int\u00e8grent parfaitement dans les int\u00e9rieurs modernes et qui sont faciles \u00e0 utiliser. L&rsquo;entreprise vise \u00e0 permettre aux utilisateurs de profiter des avantages des formats de musique num\u00e9rique sans la complexit\u00e9 des \u00e9quipements audio traditionnels.   <\/p>\n<p><\/span><\/div>\n<\/div>\n","protected":false},"excerpt":{"rendered":"<p>Description Freakuence ! Comme ces objets sont agr\u00e9ables au toucher. Le bo\u00eetier est magnifique, l&rsquo;int\u00e9rieur est \u00e9tanche. Un super dac\/streamer. Avec une \u00e9norme base de couches. Joue tout jusqu&rsquo;\u00e0 32bit\/384kHz PCM et DSD512. D\u00e9tails Vous cherchez un autre mod\u00e8le de la s\u00e9rie actuelle de la marque ? Envoyez-nous un message ! Nous aimons en faire [&hellip;]<\/p>\n","protected":false},"featured_media":312350,"template":"","meta":{"_acf_changed":false,"inline_featured_image":false},"product_brand":[],"product_cat":[561],"product_tag":[554],"class_list":{"0":"post-312349","1":"product","2":"type-product","3":"status-publish","4":"has-post-thumbnail","6":"product_cat-audio","7":"product_tag-used","8":"pa_kleur-noir","10":"first","11":"instock","12":"purchasable","13":"product-type-simple"},"acf":[],"yoast_head":"<!-- This site is optimized with the Yoast SEO plugin v25.9 - https:\/\/yoast.com\/wordpress\/plugins\/seo\/ -->\n<title>AURALiC Vega G1 | Freakuence!<\/title>\n<meta name=\"robots\" content=\"noindex, follow, max-snippet:-1, max-image-preview:large, max-video-preview:-1\" \/>\n<meta property=\"og:locale\" content=\"fr_FR\" \/>\n<meta property=\"og:type\" content=\"article\" \/>\n<meta property=\"og:title\" content=\"AURALiC Vega G1 | Freakuence!\" \/>\n<meta property=\"og:description\" content=\"Description Freakuence ! Comme ces objets sont agr\u00e9ables au toucher. Le bo\u00eetier est magnifique, l&rsquo;int\u00e9rieur est \u00e9tanche. Un super dac\/streamer. Avec une \u00e9norme base de couches. Joue tout jusqu&rsquo;\u00e0 32bit\/384kHz PCM et DSD512. D\u00e9tails Vous cherchez un autre mod\u00e8le de la s\u00e9rie actuelle de la marque ? Envoyez-nous un message ! Nous aimons en faire [&hellip;]\" \/>\n<meta property=\"og:url\" content=\"https:\/\/dev.freakuence.nl\/fr\/produit\/auralic-vega-g1\/\" \/>\n<meta property=\"og:site_name\" content=\"Freakuence!\" \/>\n<meta property=\"article:modified_time\" content=\"2026-04-11T02:22:03+00:00\" \/>\n<meta property=\"og:image\" content=\"https:\/\/dev.freakuence.nl\/wp-content\/uploads\/2025\/09\/1757074921-IMG2337-scaled.jpg\" \/>\n\t<meta property=\"og:image:width\" content=\"1800\" \/>\n\t<meta property=\"og:image:height\" content=\"1200\" \/>\n\t<meta property=\"og:image:type\" content=\"image\/jpeg\" \/>\n<meta name=\"twitter:card\" content=\"summary_large_image\" \/>\n<script type=\"application\/ld+json\" class=\"yoast-schema-graph\">{\"@context\":\"https:\/\/schema.org\",\"@graph\":[{\"@type\":\"WebPage\",\"@id\":\"https:\/\/dev.freakuence.nl\/fr\/produit\/auralic-vega-g1\/\",\"url\":\"https:\/\/dev.freakuence.nl\/fr\/produit\/auralic-vega-g1\/\",\"name\":\"AURALiC Vega G1 | Freakuence!\",\"isPartOf\":{\"@id\":\"https:\/\/dev.freakuence.nl\/fr\/#website\"},\"primaryImageOfPage\":{\"@id\":\"https:\/\/dev.freakuence.nl\/fr\/produit\/auralic-vega-g1\/#primaryimage\"},\"image\":{\"@id\":\"https:\/\/dev.freakuence.nl\/fr\/produit\/auralic-vega-g1\/#primaryimage\"},\"thumbnailUrl\":\"https:\/\/dev.freakuence.nl\/wp-content\/uploads\/2025\/09\/1757074921-IMG2337-scaled.jpg\",\"datePublished\":\"2025-09-05T12:22:51+00:00\",\"dateModified\":\"2026-04-11T02:22:03+00:00\",\"breadcrumb\":{\"@id\":\"https:\/\/dev.freakuence.nl\/fr\/produit\/auralic-vega-g1\/#breadcrumb\"},\"inLanguage\":\"fr-FR\",\"potentialAction\":[{\"@type\":\"ReadAction\",\"target\":[\"https:\/\/dev.freakuence.nl\/fr\/produit\/auralic-vega-g1\/\"]}]},{\"@type\":\"ImageObject\",\"inLanguage\":\"fr-FR\",\"@id\":\"https:\/\/dev.freakuence.nl\/fr\/produit\/auralic-vega-g1\/#primaryimage\",\"url\":\"https:\/\/dev.freakuence.nl\/wp-content\/uploads\/2025\/09\/1757074921-IMG2337-scaled.jpg\",\"contentUrl\":\"https:\/\/dev.freakuence.nl\/wp-content\/uploads\/2025\/09\/1757074921-IMG2337-scaled.jpg\",\"width\":1800,\"height\":1200},{\"@type\":\"BreadcrumbList\",\"@id\":\"https:\/\/dev.freakuence.nl\/fr\/produit\/auralic-vega-g1\/#breadcrumb\",\"itemListElement\":[{\"@type\":\"ListItem\",\"position\":1,\"name\":\"Accueil\",\"item\":\"https:\/\/dev.freakuence.nl\/fr\/\"},{\"@type\":\"ListItem\",\"position\":2,\"name\":\"Products\",\"item\":\"https:\/\/dev.freakuence.nl\/en\/products\/\"},{\"@type\":\"ListItem\",\"position\":3,\"name\":\"AURALiC Vega G1\"}]},{\"@type\":\"WebSite\",\"@id\":\"https:\/\/dev.freakuence.nl\/fr\/#website\",\"url\":\"https:\/\/dev.freakuence.nl\/fr\/\",\"name\":\"Freakuence!\",\"description\":\"Freakuence!\",\"alternateName\":\"Freakuence\",\"potentialAction\":[{\"@type\":\"SearchAction\",\"target\":{\"@type\":\"EntryPoint\",\"urlTemplate\":\"https:\/\/dev.freakuence.nl\/fr\/?s={search_term_string}\"},\"query-input\":{\"@type\":\"PropertyValueSpecification\",\"valueRequired\":true,\"valueName\":\"search_term_string\"}}],\"inLanguage\":\"fr-FR\"}]}<\/script>\n<!-- \/ Yoast SEO plugin. -->","yoast_head_json":{"title":"AURALiC Vega G1 | Freakuence!","robots":{"index":"noindex","follow":"follow","max-snippet":"max-snippet:-1","max-image-preview":"max-image-preview:large","max-video-preview":"max-video-preview:-1"},"og_locale":"fr_FR","og_type":"article","og_title":"AURALiC Vega G1 | Freakuence!","og_description":"Description Freakuence ! Comme ces objets sont agr\u00e9ables au toucher. Le bo\u00eetier est magnifique, l&rsquo;int\u00e9rieur est \u00e9tanche. Un super dac\/streamer. Avec une \u00e9norme base de couches. Joue tout jusqu&rsquo;\u00e0 32bit\/384kHz PCM et DSD512. D\u00e9tails Vous cherchez un autre mod\u00e8le de la s\u00e9rie actuelle de la marque ? Envoyez-nous un message ! Nous aimons en faire [&hellip;]","og_url":"https:\/\/dev.freakuence.nl\/fr\/produit\/auralic-vega-g1\/","og_site_name":"Freakuence!","article_modified_time":"2026-04-11T02:22:03+00:00","og_image":[{"width":1800,"height":1200,"url":"https:\/\/dev.freakuence.nl\/wp-content\/uploads\/2025\/09\/1757074921-IMG2337-scaled.jpg","type":"image\/jpeg"}],"twitter_card":"summary_large_image","schema":{"@context":"https:\/\/schema.org","@graph":[{"@type":"WebPage","@id":"https:\/\/dev.freakuence.nl\/fr\/produit\/auralic-vega-g1\/","url":"https:\/\/dev.freakuence.nl\/fr\/produit\/auralic-vega-g1\/","name":"AURALiC Vega G1 | Freakuence!","isPartOf":{"@id":"https:\/\/dev.freakuence.nl\/fr\/#website"},"primaryImageOfPage":{"@id":"https:\/\/dev.freakuence.nl\/fr\/produit\/auralic-vega-g1\/#primaryimage"},"image":{"@id":"https:\/\/dev.freakuence.nl\/fr\/produit\/auralic-vega-g1\/#primaryimage"},"thumbnailUrl":"https:\/\/dev.freakuence.nl\/wp-content\/uploads\/2025\/09\/1757074921-IMG2337-scaled.jpg","datePublished":"2025-09-05T12:22:51+00:00","dateModified":"2026-04-11T02:22:03+00:00","breadcrumb":{"@id":"https:\/\/dev.freakuence.nl\/fr\/produit\/auralic-vega-g1\/#breadcrumb"},"inLanguage":"fr-FR","potentialAction":[{"@type":"ReadAction","target":["https:\/\/dev.freakuence.nl\/fr\/produit\/auralic-vega-g1\/"]}]},{"@type":"ImageObject","inLanguage":"fr-FR","@id":"https:\/\/dev.freakuence.nl\/fr\/produit\/auralic-vega-g1\/#primaryimage","url":"https:\/\/dev.freakuence.nl\/wp-content\/uploads\/2025\/09\/1757074921-IMG2337-scaled.jpg","contentUrl":"https:\/\/dev.freakuence.nl\/wp-content\/uploads\/2025\/09\/1757074921-IMG2337-scaled.jpg","width":1800,"height":1200},{"@type":"BreadcrumbList","@id":"https:\/\/dev.freakuence.nl\/fr\/produit\/auralic-vega-g1\/#breadcrumb","itemListElement":[{"@type":"ListItem","position":1,"name":"Accueil","item":"https:\/\/dev.freakuence.nl\/fr\/"},{"@type":"ListItem","position":2,"name":"Products","item":"https:\/\/dev.freakuence.nl\/en\/products\/"},{"@type":"ListItem","position":3,"name":"AURALiC Vega G1"}]},{"@type":"WebSite","@id":"https:\/\/dev.freakuence.nl\/fr\/#website","url":"https:\/\/dev.freakuence.nl\/fr\/","name":"Freakuence!","description":"Freakuence!","alternateName":"Freakuence","potentialAction":[{"@type":"SearchAction","target":{"@type":"EntryPoint","urlTemplate":"https:\/\/dev.freakuence.nl\/fr\/?s={search_term_string}"},"query-input":{"@type":"PropertyValueSpecification","valueRequired":true,"valueName":"search_term_string"}}],"inLanguage":"fr-FR"}]}},"_links":{"self":[{"href":"https:\/\/dev.freakuence.nl\/fr\/wp-json\/wp\/v2\/product\/312349","targetHints":{"allow":["GET"]}}],"collection":[{"href":"https:\/\/dev.freakuence.nl\/fr\/wp-json\/wp\/v2\/product"}],"about":[{"href":"https:\/\/dev.freakuence.nl\/fr\/wp-json\/wp\/v2\/types\/product"}],"version-history":[{"count":1,"href":"https:\/\/dev.freakuence.nl\/fr\/wp-json\/wp\/v2\/product\/312349\/revisions"}],"predecessor-version":[{"id":318196,"href":"https:\/\/dev.freakuence.nl\/fr\/wp-json\/wp\/v2\/product\/312349\/revisions\/318196"}],"wp:featuredmedia":[{"embeddable":true,"href":"https:\/\/dev.freakuence.nl\/fr\/wp-json\/wp\/v2\/media\/312350"}],"wp:attachment":[{"href":"https:\/\/dev.freakuence.nl\/fr\/wp-json\/wp\/v2\/media?parent=312349"}],"wp:term":[{"taxonomy":"product_brand","embeddable":true,"href":"https:\/\/dev.freakuence.nl\/fr\/wp-json\/wp\/v2\/product_brand?post=312349"},{"taxonomy":"product_cat","embeddable":true,"href":"https:\/\/dev.freakuence.nl\/fr\/wp-json\/wp\/v2\/product_cat?post=312349"},{"taxonomy":"product_tag","embeddable":true,"href":"https:\/\/dev.freakuence.nl\/fr\/wp-json\/wp\/v2\/product_tag?post=312349"}],"curies":[{"name":"wp","href":"https:\/\/api.w.org\/{rel}","templated":true}]}}