{"id":313284,"date":"2025-09-17T14:32:59","date_gmt":"2025-09-17T12:32:59","guid":{"rendered":"https:\/\/dev.freakuence.nl\/product\/fleetwood-deville-sq-torrifiee\/"},"modified":"2026-03-20T07:38:09","modified_gmt":"2026-03-20T06:38:09","slug":"fleetwood-deville-sq-torrifiee","status":"publish","type":"product","link":"https:\/\/dev.freakuence.nl\/fr\/produit\/fleetwood-deville-sq-torrifiee\/","title":{"rendered":"Fleetwood DeVille SQ Torrifi\u00e9e"},"content":{"rendered":"<div class=\"product-specifications-list\">\n<div class=\"specification-item row-even\"><span class=\"spec-content\"><strong>Description Freakuence !<\/strong><\/span><\/div>\n<div class=\"specification-item row-odd\"><span class=\"spec-content\"><\/p>\n<p>Faites entrer la nature dans votre maison ! Tout d&rsquo;abord, ce qui est tr\u00e8s sp\u00e9cial \u00e0 voir, c&rsquo;est qu&rsquo;il doit \u00eatre fabriqu\u00e9 \u00e0 partir d&rsquo;un arbre. Faites entrer la nature chez vous ! Deuxi\u00e8mement, faites entrer la guitare en bois dans votre maison. Le son de la guitare acoustique est tr\u00e8s riche, plein de vibrations gr\u00e2ce \u00e0 sa caisse en bois. Ces \u00e9l\u00e9ments font l&rsquo;affaire. Rassurez-vous, les cuivres, la batterie et la voix sont \u00e9galement tr\u00e8s r\u00e9alistes. Tr\u00e8s agr\u00e9able. Un bon placement permet en fait \u00e0 l&rsquo;ensemble de se d\u00e9tendre dans la pi\u00e8ce.        <\/p>\n<p><\/span><\/div>\n<div class=\"specification-item row-even\"><span class=\"spec-content\"><strong>D\u00e9tails<\/strong><\/span><\/div>\n<div class=\"specification-item row-odd\"><span class=\"spec-content\"><\/p>\n<p>Ex-d\u00e9moset d&rsquo;un importateur n\u00e9erlandais. Nous sommes heureux d&rsquo;en faire commerce. N&rsquo;h\u00e9sitez pas \u00e0 nous faire part de vos disponibilit\u00e9s, nous nous ferons un plaisir d&rsquo;\u00e9valuer si nous pouvons les mettre en vente.  <\/p>\n<p><\/span><\/div>\n<div class=\"specification-item row-even\"><span class=\"spec-content\">Prix de vente au d\u00e9tail : 27750.00<\/span><\/div>\n<div class=\"specification-item row-odd\"><span class=\"spec-content\"><strong>Description g\u00e9n\u00e9rale<\/strong><\/span><\/div>\n<div class=\"specification-item row-even\"><span class=\"spec-content\"><\/p>\n<p>Le Fleetwood DeVille SQ Torrified est un haut-parleur connu pour ses performances musicales et son savoir-faire. Le coffret est fabriqu\u00e9 \u00e0 partir de bois sp\u00e9cialement trait\u00e9, ce qui permet d&rsquo;obtenir un coffret \u00e0 tr\u00e8s haute densit\u00e9. Cela contribue \u00e0 une enceinte plus silencieuse et \u00e0 une meilleure reproduction du son. Le design allie l&rsquo;esth\u00e9tique \u00e0 la fonctionnalit\u00e9, ce qui lui permet de s&rsquo;int\u00e9grer dans diff\u00e9rents int\u00e9rieurs. Le DeVille SQ Torrified offre un son dynamique et naturel, avec une large gamme de fr\u00e9quences et une grande sensibilit\u00e9. L&rsquo;association d&rsquo;un haut-parleur de graves de 10 pouces et d&rsquo;un tweeter \u00e0 compression \u00e0 pavillon garantit une reproduction sonore \u00e9quilibr\u00e9e et d\u00e9taill\u00e9e.      L&rsquo;enceinte est livr\u00e9e avec des supports robustes pour une stabilit\u00e9 optimale et un contr\u00f4le des vibrations.  <\/p>\n<p><\/span><\/div>\n<div class=\"specification-item row-odd\"><span class=\"spec-content\"><strong>Histoire de la marque<\/strong><\/span><\/div>\n<div class=\"specification-item row-even\"><span class=\"spec-content\"><\/p>\n<p>Fleetwood DeVille fait partie de la soci\u00e9t\u00e9 Oswalds Mill Audio (OMA), bas\u00e9e en Pennsylvanie. Les enceintes sont fabriqu\u00e9es \u00e0 la main dans l&rsquo;atelier de l&rsquo;entreprise \u00e0 Easton, dans l&rsquo;\u00c9tat am\u00e9ricain de Pennsylvanie. Les m\u00e9thodes traditionnelles de travail du bois sont utilis\u00e9es pour la production et du bois massif de la r\u00e9gion est utilis\u00e9, en particulier de l&rsquo;\u00e9rable, du cerisier et du noyer. La construction des armoires fait appel \u00e0 des pi\u00e8ces usin\u00e9es par CNC et \u00e0 des mat\u00e9riaux naturels. La conception et la fabrication se d\u00e9roulent enti\u00e8rement dans les m\u00eames locaux. Fleetwood DeVille est le premier mod\u00e8le d&rsquo;une gamme d&rsquo;enceintes destin\u00e9es \u00e0 un usage domestique et a \u00e9t\u00e9 d\u00e9velopp\u00e9 dans le cadre des m\u00eames principes technologiques que les autres produits de la soci\u00e9t\u00e9 m\u00e8re. Chaque composant de l&rsquo;enceinte, y compris le profil du pavillon, les haut-parleurs et l&rsquo;enceinte, est fabriqu\u00e9 individuellement.      <\/p>\n<p><\/span><\/div>\n<\/div>\n","protected":false},"excerpt":{"rendered":"<p>Description Freakuence ! Faites entrer la nature dans votre maison ! Tout d&rsquo;abord, ce qui est tr\u00e8s sp\u00e9cial \u00e0 voir, c&rsquo;est qu&rsquo;il doit \u00eatre fabriqu\u00e9 \u00e0 partir d&rsquo;un arbre. Faites entrer la nature chez vous ! Deuxi\u00e8mement, faites entrer la guitare en bois dans votre maison. Le son de la guitare acoustique est tr\u00e8s riche, [&hellip;]<\/p>\n","protected":false},"featured_media":313285,"template":"","meta":{"_acf_changed":false,"inline_featured_image":false},"product_brand":[],"product_cat":[551],"product_tag":[554],"class_list":{"0":"post-313284","1":"product","2":"type-product","3":"status-publish","4":"has-post-thumbnail","6":"product_cat-intervenants","7":"product_tag-used","8":"pa_kleur-marron","10":"first","11":"instock","12":"purchasable","13":"product-type-simple"},"acf":[],"yoast_head":"<!-- This site is optimized with the Yoast SEO plugin v25.9 - https:\/\/yoast.com\/wordpress\/plugins\/seo\/ -->\n<title>Fleetwood DeVille SQ Torrifi\u00e9e | Freakuence!<\/title>\n<meta name=\"robots\" content=\"noindex, follow, max-snippet:-1, max-image-preview:large, max-video-preview:-1\" \/>\n<meta property=\"og:locale\" content=\"fr_FR\" \/>\n<meta property=\"og:type\" content=\"article\" \/>\n<meta property=\"og:title\" content=\"Fleetwood DeVille SQ Torrifi\u00e9e | Freakuence!\" \/>\n<meta property=\"og:description\" content=\"Description Freakuence ! Faites entrer la nature dans votre maison ! Tout d&rsquo;abord, ce qui est tr\u00e8s sp\u00e9cial \u00e0 voir, c&rsquo;est qu&rsquo;il doit \u00eatre fabriqu\u00e9 \u00e0 partir d&rsquo;un arbre. Faites entrer la nature chez vous ! Deuxi\u00e8mement, faites entrer la guitare en bois dans votre maison. Le son de la guitare acoustique est tr\u00e8s riche, [&hellip;]\" \/>\n<meta property=\"og:url\" content=\"https:\/\/dev.freakuence.nl\/fr\/produit\/fleetwood-deville-sq-torrifiee\/\" \/>\n<meta property=\"og:site_name\" content=\"Freakuence!\" \/>\n<meta property=\"article:modified_time\" content=\"2026-03-20T06:38:09+00:00\" \/>\n<meta property=\"og:image\" content=\"https:\/\/dev.freakuence.nl\/wp-content\/uploads\/2025\/09\/17581123172191-18171-IMG2876-scaled.jpg\" \/>\n\t<meta property=\"og:image:width\" content=\"1200\" \/>\n\t<meta property=\"og:image:height\" content=\"1800\" \/>\n\t<meta property=\"og:image:type\" content=\"image\/jpeg\" \/>\n<meta name=\"twitter:card\" content=\"summary_large_image\" \/>\n<script type=\"application\/ld+json\" class=\"yoast-schema-graph\">{\"@context\":\"https:\/\/schema.org\",\"@graph\":[{\"@type\":\"WebPage\",\"@id\":\"https:\/\/dev.freakuence.nl\/fr\/produit\/fleetwood-deville-sq-torrifiee\/\",\"url\":\"https:\/\/dev.freakuence.nl\/fr\/produit\/fleetwood-deville-sq-torrifiee\/\",\"name\":\"Fleetwood DeVille SQ Torrifi\u00e9e | Freakuence!\",\"isPartOf\":{\"@id\":\"https:\/\/dev.freakuence.nl\/fr\/#website\"},\"primaryImageOfPage\":{\"@id\":\"https:\/\/dev.freakuence.nl\/fr\/produit\/fleetwood-deville-sq-torrifiee\/#primaryimage\"},\"image\":{\"@id\":\"https:\/\/dev.freakuence.nl\/fr\/produit\/fleetwood-deville-sq-torrifiee\/#primaryimage\"},\"thumbnailUrl\":\"https:\/\/dev.freakuence.nl\/wp-content\/uploads\/2025\/09\/17581123172191-18171-IMG2876-scaled.jpg\",\"datePublished\":\"2025-09-17T12:32:59+00:00\",\"dateModified\":\"2026-03-20T06:38:09+00:00\",\"breadcrumb\":{\"@id\":\"https:\/\/dev.freakuence.nl\/fr\/produit\/fleetwood-deville-sq-torrifiee\/#breadcrumb\"},\"inLanguage\":\"fr-FR\",\"potentialAction\":[{\"@type\":\"ReadAction\",\"target\":[\"https:\/\/dev.freakuence.nl\/fr\/produit\/fleetwood-deville-sq-torrifiee\/\"]}]},{\"@type\":\"ImageObject\",\"inLanguage\":\"fr-FR\",\"@id\":\"https:\/\/dev.freakuence.nl\/fr\/produit\/fleetwood-deville-sq-torrifiee\/#primaryimage\",\"url\":\"https:\/\/dev.freakuence.nl\/wp-content\/uploads\/2025\/09\/17581123172191-18171-IMG2876-scaled.jpg\",\"contentUrl\":\"https:\/\/dev.freakuence.nl\/wp-content\/uploads\/2025\/09\/17581123172191-18171-IMG2876-scaled.jpg\",\"width\":1200,\"height\":1800},{\"@type\":\"BreadcrumbList\",\"@id\":\"https:\/\/dev.freakuence.nl\/fr\/produit\/fleetwood-deville-sq-torrifiee\/#breadcrumb\",\"itemListElement\":[{\"@type\":\"ListItem\",\"position\":1,\"name\":\"Accueil\",\"item\":\"https:\/\/dev.freakuence.nl\/fr\/\"},{\"@type\":\"ListItem\",\"position\":2,\"name\":\"Products\",\"item\":\"https:\/\/dev.freakuence.nl\/en\/products\/\"},{\"@type\":\"ListItem\",\"position\":3,\"name\":\"Fleetwood DeVille SQ Torrifi\u00e9e\"}]},{\"@type\":\"WebSite\",\"@id\":\"https:\/\/dev.freakuence.nl\/fr\/#website\",\"url\":\"https:\/\/dev.freakuence.nl\/fr\/\",\"name\":\"Freakuence!\",\"description\":\"Freakuence!\",\"alternateName\":\"Freakuence\",\"potentialAction\":[{\"@type\":\"SearchAction\",\"target\":{\"@type\":\"EntryPoint\",\"urlTemplate\":\"https:\/\/dev.freakuence.nl\/fr\/?s={search_term_string}\"},\"query-input\":{\"@type\":\"PropertyValueSpecification\",\"valueRequired\":true,\"valueName\":\"search_term_string\"}}],\"inLanguage\":\"fr-FR\"}]}<\/script>\n<!-- \/ Yoast SEO plugin. -->","yoast_head_json":{"title":"Fleetwood DeVille SQ Torrifi\u00e9e | Freakuence!","robots":{"index":"noindex","follow":"follow","max-snippet":"max-snippet:-1","max-image-preview":"max-image-preview:large","max-video-preview":"max-video-preview:-1"},"og_locale":"fr_FR","og_type":"article","og_title":"Fleetwood DeVille SQ Torrifi\u00e9e | Freakuence!","og_description":"Description Freakuence ! Faites entrer la nature dans votre maison ! Tout d&rsquo;abord, ce qui est tr\u00e8s sp\u00e9cial \u00e0 voir, c&rsquo;est qu&rsquo;il doit \u00eatre fabriqu\u00e9 \u00e0 partir d&rsquo;un arbre. Faites entrer la nature chez vous ! Deuxi\u00e8mement, faites entrer la guitare en bois dans votre maison. Le son de la guitare acoustique est tr\u00e8s riche, [&hellip;]","og_url":"https:\/\/dev.freakuence.nl\/fr\/produit\/fleetwood-deville-sq-torrifiee\/","og_site_name":"Freakuence!","article_modified_time":"2026-03-20T06:38:09+00:00","og_image":[{"width":1200,"height":1800,"url":"https:\/\/dev.freakuence.nl\/wp-content\/uploads\/2025\/09\/17581123172191-18171-IMG2876-scaled.jpg","type":"image\/jpeg"}],"twitter_card":"summary_large_image","schema":{"@context":"https:\/\/schema.org","@graph":[{"@type":"WebPage","@id":"https:\/\/dev.freakuence.nl\/fr\/produit\/fleetwood-deville-sq-torrifiee\/","url":"https:\/\/dev.freakuence.nl\/fr\/produit\/fleetwood-deville-sq-torrifiee\/","name":"Fleetwood DeVille SQ Torrifi\u00e9e | Freakuence!","isPartOf":{"@id":"https:\/\/dev.freakuence.nl\/fr\/#website"},"primaryImageOfPage":{"@id":"https:\/\/dev.freakuence.nl\/fr\/produit\/fleetwood-deville-sq-torrifiee\/#primaryimage"},"image":{"@id":"https:\/\/dev.freakuence.nl\/fr\/produit\/fleetwood-deville-sq-torrifiee\/#primaryimage"},"thumbnailUrl":"https:\/\/dev.freakuence.nl\/wp-content\/uploads\/2025\/09\/17581123172191-18171-IMG2876-scaled.jpg","datePublished":"2025-09-17T12:32:59+00:00","dateModified":"2026-03-20T06:38:09+00:00","breadcrumb":{"@id":"https:\/\/dev.freakuence.nl\/fr\/produit\/fleetwood-deville-sq-torrifiee\/#breadcrumb"},"inLanguage":"fr-FR","potentialAction":[{"@type":"ReadAction","target":["https:\/\/dev.freakuence.nl\/fr\/produit\/fleetwood-deville-sq-torrifiee\/"]}]},{"@type":"ImageObject","inLanguage":"fr-FR","@id":"https:\/\/dev.freakuence.nl\/fr\/produit\/fleetwood-deville-sq-torrifiee\/#primaryimage","url":"https:\/\/dev.freakuence.nl\/wp-content\/uploads\/2025\/09\/17581123172191-18171-IMG2876-scaled.jpg","contentUrl":"https:\/\/dev.freakuence.nl\/wp-content\/uploads\/2025\/09\/17581123172191-18171-IMG2876-scaled.jpg","width":1200,"height":1800},{"@type":"BreadcrumbList","@id":"https:\/\/dev.freakuence.nl\/fr\/produit\/fleetwood-deville-sq-torrifiee\/#breadcrumb","itemListElement":[{"@type":"ListItem","position":1,"name":"Accueil","item":"https:\/\/dev.freakuence.nl\/fr\/"},{"@type":"ListItem","position":2,"name":"Products","item":"https:\/\/dev.freakuence.nl\/en\/products\/"},{"@type":"ListItem","position":3,"name":"Fleetwood DeVille SQ Torrifi\u00e9e"}]},{"@type":"WebSite","@id":"https:\/\/dev.freakuence.nl\/fr\/#website","url":"https:\/\/dev.freakuence.nl\/fr\/","name":"Freakuence!","description":"Freakuence!","alternateName":"Freakuence","potentialAction":[{"@type":"SearchAction","target":{"@type":"EntryPoint","urlTemplate":"https:\/\/dev.freakuence.nl\/fr\/?s={search_term_string}"},"query-input":{"@type":"PropertyValueSpecification","valueRequired":true,"valueName":"search_term_string"}}],"inLanguage":"fr-FR"}]}},"_links":{"self":[{"href":"https:\/\/dev.freakuence.nl\/fr\/wp-json\/wp\/v2\/product\/313284","targetHints":{"allow":["GET"]}}],"collection":[{"href":"https:\/\/dev.freakuence.nl\/fr\/wp-json\/wp\/v2\/product"}],"about":[{"href":"https:\/\/dev.freakuence.nl\/fr\/wp-json\/wp\/v2\/types\/product"}],"version-history":[{"count":0,"href":"https:\/\/dev.freakuence.nl\/fr\/wp-json\/wp\/v2\/product\/313284\/revisions"}],"wp:featuredmedia":[{"embeddable":true,"href":"https:\/\/dev.freakuence.nl\/fr\/wp-json\/wp\/v2\/media\/313285"}],"wp:attachment":[{"href":"https:\/\/dev.freakuence.nl\/fr\/wp-json\/wp\/v2\/media?parent=313284"}],"wp:term":[{"taxonomy":"product_brand","embeddable":true,"href":"https:\/\/dev.freakuence.nl\/fr\/wp-json\/wp\/v2\/product_brand?post=313284"},{"taxonomy":"product_cat","embeddable":true,"href":"https:\/\/dev.freakuence.nl\/fr\/wp-json\/wp\/v2\/product_cat?post=313284"},{"taxonomy":"product_tag","embeddable":true,"href":"https:\/\/dev.freakuence.nl\/fr\/wp-json\/wp\/v2\/product_tag?post=313284"}],"curies":[{"name":"wp","href":"https:\/\/api.w.org\/{rel}","templated":true}]}}