{"id":313415,"date":"2025-09-17T15:15:36","date_gmt":"2025-09-17T13:15:36","guid":{"rendered":"https:\/\/dev.freakuence.nl\/product\/primus-15-watt-single-ended\/"},"modified":"2026-04-11T04:21:51","modified_gmt":"2026-04-11T02:21:51","slug":"primus-15-watt-single-ended","status":"publish","type":"product","link":"https:\/\/dev.freakuence.nl\/fr\/produit\/primus-15-watt-single-ended\/","title":{"rendered":"Primus 15-watt Single-Ended"},"content":{"rendered":"<div class=\"product-specifications-list\">\n<div class=\"specification-item row-even\"><span class=\"spec-content\"><strong>Description Freakuence !<\/strong><\/span><\/div>\n<div class=\"specification-item row-odd\"><span class=\"spec-content\"><\/p>\n<p>Cet amplificateur monobloc \u00e0 commutation de classe A est l&rsquo;\u0153uvre de la vie du ma\u00eetre d&rsquo;\u0153uvre John Eekels, et constitue une mission qui ne co\u00fbte rien dans le domaine des tubes. Il s&rsquo;agit d&rsquo;une pi\u00e8ce unique dont il n&rsquo;existe pas d&rsquo;\u00e9quivalent. Cet amplificateur rivalise avec les meilleurs amplificateurs de l&rsquo;\u00e9curie Audio Note, LAMM, Air Tight et Zanden. Vous serez \u00e9tonn\u00e9 de voir que cet amplificateur avec 2 x 15 Watt peut piloter \u00e0 peu pr\u00e8s n&rsquo;importe quoi. Chaque composant a \u00e9t\u00e9 m\u00e9ticuleusement choisi et approvisionn\u00e9 dans le monde entier. Commercialement, un tel amplificateur n&rsquo;est pas rentable \u00e0 produire, car un minimum d\u00e9passerait les 30.000,00. La construction a dur\u00e9 10 mois, et rien du tout n&rsquo;a \u00e9t\u00e9 \u00e9conomis\u00e9 sur les pi\u00e8ces, John Eekels a pu s\u00e9lectionner les meilleures pi\u00e8ces, et ce dans le monde entier. Cet homme est avant tout un artisan exceptionnel. Rien qu&rsquo;en pi\u00e8ces, il y a plus que le prix demand\u00e9. Cette chose est absurde !         <\/p>\n<p><\/p>\n<p>Les meilleurs assemblages de tubes, par exemple, NOS GEC 6J5GTs, Sofia Electric Blue bottles 6SN7s et Ulyanovsk military spec matched 6C33C-Bs. (Nous disposons \u00e9galement d&rsquo;un tr\u00e8s bel ensemble suppl\u00e9mentaire). <\/p>\n<p><\/p>\n<p>Le contr\u00f4le du volume est un TVC (Transformer Volume Control). D&rsquo;un point de vue technique et qualitatif, il s&rsquo;agit du meilleur contr\u00f4le de volume qui soit. Cependant, ils ont aussi des inconv\u00e9nients : le co\u00fbt et la complexit\u00e9. Le travail de ce moine est visible en d\u00e9tail sur l&rsquo;une des photos. M\u00eame le bouton de volume est construit en toute solidit\u00e9 et avec des roulements. Si vous \u00eates un passionn\u00e9 d&rsquo;audio, vous sentirez imm\u00e9diatement vos joues se soulever pour former un large sourire.     <\/p>\n<p><\/p>\n<p>Les tubes de puissance sont des 6C33C-B russes (sp\u00e9cifications militaires). Les connaisseurs connaissent l&rsquo;histoire du tube de l&rsquo;avion de chasse MIG (il suffit de googler) et ses caract\u00e9ristiques uniques telles que la capacit\u00e9 de charge, la qualit\u00e9 de fabrication et la qualit\u00e9 sonore. L&rsquo;inconv\u00e9nient de ce tube est le gradient de polarisation et la chaleur, mais cela est r\u00e9solu au moyen d&rsquo;un circuit autobias discret.  <\/p>\n<p><\/p>\n<p>En effet, \u00e0 l&rsquo;allumage, l&rsquo;amplificateur ex\u00e9cute un protocole contr\u00f4l\u00e9 par le temps qui pr\u00e9chauffe les tubes et les am\u00e8ne lentement \u00e0 la tension d\u00e9sir\u00e9e pour garantir une dur\u00e9e de vie maximale. Ce processus d&rsquo;allumage total prend environ 5 minutes et peut \u00eatre suivi sur les compteurs du panneau avant (jusqu&rsquo;\u00e0 ce que 220mV soit atteint). <\/p>\n<p><\/p>\n<p>L&rsquo;alimentation est une histoire en soi. L&rsquo;alimentation est une somme de chemins discrets et chaque fonction de l&rsquo;amplificateur a une source d&rsquo;alimentation s\u00e9par\u00e9e. Les transformateurs et les selfs sont des variantes faites sur mesure par l&rsquo;artisan polonais Ogonowski, et les Claritycaps ont \u00e9t\u00e9 largement utilis\u00e9s comme banques de batteries. Photos de l&rsquo;int\u00e9rieur sur demande. Ici, nous en avons beaucoup.    <\/p>\n<p><\/p>\n<p>Il n&rsquo;y a pas de doute, c&rsquo;est ce qu&rsquo;ils appellent&#8230; Il en va de m\u00eame pour les connecteurs RCA d&rsquo;origine suisse, que l&rsquo;on ne trouve normalement que dans les mod\u00e8les les plus chers de Nagra et Zanden, entre autres. M\u00eame les bornes des haut-parleurs sont de la plus haute qualit\u00e9 (la ligne sup\u00e9rieure de WBT).<\/p>\n<p><\/p>\n<p>Aucune \u00e9conomie n&rsquo;a \u00e9t\u00e9 faite non plus sur le logement. Sa construction pr\u00e9sente de nombreuses similitudes avec la porte d&rsquo;un coffre-fort de banque suisse. Cette conception \u00e0 tr\u00e8s faible r\u00e9sonance se compose essentiellement d&rsquo;un ch\u00e2ssis en aluminium soud\u00e9 ( !), recouvert d&rsquo;une fa\u00e7ade et d&rsquo;une plaque sup\u00e9rieure en aluminium massif de 2 cm ( !) pour une dissipation efficace de la chaleur, et compl\u00e9t\u00e9 par de magnifiques panneaux lat\u00e9raux en noyer am\u00e9ricain. Sublimement construit dans une grange aux Pays-Bas.   <\/p>\n<p><\/p>\n<p>Nous pouvons vous dire que nous avons rarement, voire jamais, un amplificateur de cette qualit\u00e9 dans notre magasin. Unique parce qu&rsquo;il n&rsquo;y en a qu&rsquo;un seul qui a \u00e9t\u00e9 construit, mais aussi vraiment unique en termes d&rsquo;exposition.  Il s&rsquo;agit ici d&rsquo;un peekaboo.  <\/p>\n<p><\/p>\n<p>Hommage \u00e0 John Eekels.<\/p>\n<p><\/span><\/div>\n<div class=\"specification-item row-even\"><span class=\"spec-content\"><strong>D\u00e9tails<\/strong><\/span><\/div>\n<div class=\"specification-item row-odd\"><span class=\"spec-content\"><\/p>\n<p>Caract\u00e9ristiques Synergistic Sesearch Purple Fuses.<\/p>\n<p><\/span><\/div>\n<\/div>\n","protected":false},"excerpt":{"rendered":"<p>Description Freakuence ! Cet amplificateur monobloc \u00e0 commutation de classe A est l&rsquo;\u0153uvre de la vie du ma\u00eetre d&rsquo;\u0153uvre John Eekels, et constitue une mission qui ne co\u00fbte rien dans le domaine des tubes. Il s&rsquo;agit d&rsquo;une pi\u00e8ce unique dont il n&rsquo;existe pas d&rsquo;\u00e9quivalent. Cet amplificateur rivalise avec les meilleurs amplificateurs de l&rsquo;\u00e9curie Audio Note, [&hellip;]<\/p>\n","protected":false},"featured_media":313416,"template":"","meta":{"_acf_changed":false,"inline_featured_image":false},"product_brand":[],"product_cat":[558,583,719],"product_tag":[554],"class_list":{"0":"post-313415","1":"product","2":"type-product","3":"status-publish","4":"has-post-thumbnail","6":"product_cat-amplificateurs","7":"product_cat-amplificateurs-a-tubes","8":"product_cat-cables-et-connecteurs","9":"product_tag-used","10":"pa_kleur-blanc","12":"first","13":"instock","14":"purchasable","15":"product-type-simple"},"acf":[],"yoast_head":"<!-- This site is optimized with the Yoast SEO plugin v25.9 - https:\/\/yoast.com\/wordpress\/plugins\/seo\/ -->\n<title>Primus 15-watt Single-Ended | Freakuence!<\/title>\n<meta name=\"robots\" content=\"noindex, follow, max-snippet:-1, max-image-preview:large, max-video-preview:-1\" \/>\n<meta property=\"og:locale\" content=\"fr_FR\" \/>\n<meta property=\"og:type\" content=\"article\" \/>\n<meta property=\"og:title\" content=\"Primus 15-watt Single-Ended | Freakuence!\" \/>\n<meta property=\"og:description\" content=\"Description Freakuence ! Cet amplificateur monobloc \u00e0 commutation de classe A est l&rsquo;\u0153uvre de la vie du ma\u00eetre d&rsquo;\u0153uvre John Eekels, et constitue une mission qui ne co\u00fbte rien dans le domaine des tubes. Il s&rsquo;agit d&rsquo;une pi\u00e8ce unique dont il n&rsquo;existe pas d&rsquo;\u00e9quivalent. Cet amplificateur rivalise avec les meilleurs amplificateurs de l&rsquo;\u00e9curie Audio Note, [&hellip;]\" \/>\n<meta property=\"og:url\" content=\"https:\/\/dev.freakuence.nl\/fr\/produit\/primus-15-watt-single-ended\/\" \/>\n<meta property=\"og:site_name\" content=\"Freakuence!\" \/>\n<meta property=\"article:modified_time\" content=\"2026-04-11T02:21:51+00:00\" \/>\n<meta property=\"og:image\" content=\"https:\/\/dev.freakuence.nl\/wp-content\/uploads\/2025\/09\/17581148523519-18177-IMG2929-scaled.jpg\" \/>\n\t<meta property=\"og:image:width\" content=\"1800\" \/>\n\t<meta property=\"og:image:height\" content=\"1200\" \/>\n\t<meta property=\"og:image:type\" content=\"image\/jpeg\" \/>\n<meta name=\"twitter:card\" content=\"summary_large_image\" \/>\n<script type=\"application\/ld+json\" class=\"yoast-schema-graph\">{\"@context\":\"https:\/\/schema.org\",\"@graph\":[{\"@type\":\"WebPage\",\"@id\":\"https:\/\/dev.freakuence.nl\/fr\/produit\/primus-15-watt-single-ended\/\",\"url\":\"https:\/\/dev.freakuence.nl\/fr\/produit\/primus-15-watt-single-ended\/\",\"name\":\"Primus 15-watt Single-Ended | Freakuence!\",\"isPartOf\":{\"@id\":\"https:\/\/dev.freakuence.nl\/fr\/#website\"},\"primaryImageOfPage\":{\"@id\":\"https:\/\/dev.freakuence.nl\/fr\/produit\/primus-15-watt-single-ended\/#primaryimage\"},\"image\":{\"@id\":\"https:\/\/dev.freakuence.nl\/fr\/produit\/primus-15-watt-single-ended\/#primaryimage\"},\"thumbnailUrl\":\"https:\/\/dev.freakuence.nl\/wp-content\/uploads\/2025\/09\/17581148523519-18177-IMG2929-scaled.jpg\",\"datePublished\":\"2025-09-17T13:15:36+00:00\",\"dateModified\":\"2026-04-11T02:21:51+00:00\",\"breadcrumb\":{\"@id\":\"https:\/\/dev.freakuence.nl\/fr\/produit\/primus-15-watt-single-ended\/#breadcrumb\"},\"inLanguage\":\"fr-FR\",\"potentialAction\":[{\"@type\":\"ReadAction\",\"target\":[\"https:\/\/dev.freakuence.nl\/fr\/produit\/primus-15-watt-single-ended\/\"]}]},{\"@type\":\"ImageObject\",\"inLanguage\":\"fr-FR\",\"@id\":\"https:\/\/dev.freakuence.nl\/fr\/produit\/primus-15-watt-single-ended\/#primaryimage\",\"url\":\"https:\/\/dev.freakuence.nl\/wp-content\/uploads\/2025\/09\/17581148523519-18177-IMG2929-scaled.jpg\",\"contentUrl\":\"https:\/\/dev.freakuence.nl\/wp-content\/uploads\/2025\/09\/17581148523519-18177-IMG2929-scaled.jpg\",\"width\":1800,\"height\":1200},{\"@type\":\"BreadcrumbList\",\"@id\":\"https:\/\/dev.freakuence.nl\/fr\/produit\/primus-15-watt-single-ended\/#breadcrumb\",\"itemListElement\":[{\"@type\":\"ListItem\",\"position\":1,\"name\":\"Accueil\",\"item\":\"https:\/\/dev.freakuence.nl\/fr\/\"},{\"@type\":\"ListItem\",\"position\":2,\"name\":\"Products\",\"item\":\"https:\/\/dev.freakuence.nl\/en\/products\/\"},{\"@type\":\"ListItem\",\"position\":3,\"name\":\"Primus 15-watt Single-Ended\"}]},{\"@type\":\"WebSite\",\"@id\":\"https:\/\/dev.freakuence.nl\/fr\/#website\",\"url\":\"https:\/\/dev.freakuence.nl\/fr\/\",\"name\":\"Freakuence!\",\"description\":\"Freakuence!\",\"alternateName\":\"Freakuence\",\"potentialAction\":[{\"@type\":\"SearchAction\",\"target\":{\"@type\":\"EntryPoint\",\"urlTemplate\":\"https:\/\/dev.freakuence.nl\/fr\/?s={search_term_string}\"},\"query-input\":{\"@type\":\"PropertyValueSpecification\",\"valueRequired\":true,\"valueName\":\"search_term_string\"}}],\"inLanguage\":\"fr-FR\"}]}<\/script>\n<!-- \/ Yoast SEO plugin. -->","yoast_head_json":{"title":"Primus 15-watt Single-Ended | Freakuence!","robots":{"index":"noindex","follow":"follow","max-snippet":"max-snippet:-1","max-image-preview":"max-image-preview:large","max-video-preview":"max-video-preview:-1"},"og_locale":"fr_FR","og_type":"article","og_title":"Primus 15-watt Single-Ended | Freakuence!","og_description":"Description Freakuence ! Cet amplificateur monobloc \u00e0 commutation de classe A est l&rsquo;\u0153uvre de la vie du ma\u00eetre d&rsquo;\u0153uvre John Eekels, et constitue une mission qui ne co\u00fbte rien dans le domaine des tubes. Il s&rsquo;agit d&rsquo;une pi\u00e8ce unique dont il n&rsquo;existe pas d&rsquo;\u00e9quivalent. Cet amplificateur rivalise avec les meilleurs amplificateurs de l&rsquo;\u00e9curie Audio Note, [&hellip;]","og_url":"https:\/\/dev.freakuence.nl\/fr\/produit\/primus-15-watt-single-ended\/","og_site_name":"Freakuence!","article_modified_time":"2026-04-11T02:21:51+00:00","og_image":[{"width":1800,"height":1200,"url":"https:\/\/dev.freakuence.nl\/wp-content\/uploads\/2025\/09\/17581148523519-18177-IMG2929-scaled.jpg","type":"image\/jpeg"}],"twitter_card":"summary_large_image","schema":{"@context":"https:\/\/schema.org","@graph":[{"@type":"WebPage","@id":"https:\/\/dev.freakuence.nl\/fr\/produit\/primus-15-watt-single-ended\/","url":"https:\/\/dev.freakuence.nl\/fr\/produit\/primus-15-watt-single-ended\/","name":"Primus 15-watt Single-Ended | Freakuence!","isPartOf":{"@id":"https:\/\/dev.freakuence.nl\/fr\/#website"},"primaryImageOfPage":{"@id":"https:\/\/dev.freakuence.nl\/fr\/produit\/primus-15-watt-single-ended\/#primaryimage"},"image":{"@id":"https:\/\/dev.freakuence.nl\/fr\/produit\/primus-15-watt-single-ended\/#primaryimage"},"thumbnailUrl":"https:\/\/dev.freakuence.nl\/wp-content\/uploads\/2025\/09\/17581148523519-18177-IMG2929-scaled.jpg","datePublished":"2025-09-17T13:15:36+00:00","dateModified":"2026-04-11T02:21:51+00:00","breadcrumb":{"@id":"https:\/\/dev.freakuence.nl\/fr\/produit\/primus-15-watt-single-ended\/#breadcrumb"},"inLanguage":"fr-FR","potentialAction":[{"@type":"ReadAction","target":["https:\/\/dev.freakuence.nl\/fr\/produit\/primus-15-watt-single-ended\/"]}]},{"@type":"ImageObject","inLanguage":"fr-FR","@id":"https:\/\/dev.freakuence.nl\/fr\/produit\/primus-15-watt-single-ended\/#primaryimage","url":"https:\/\/dev.freakuence.nl\/wp-content\/uploads\/2025\/09\/17581148523519-18177-IMG2929-scaled.jpg","contentUrl":"https:\/\/dev.freakuence.nl\/wp-content\/uploads\/2025\/09\/17581148523519-18177-IMG2929-scaled.jpg","width":1800,"height":1200},{"@type":"BreadcrumbList","@id":"https:\/\/dev.freakuence.nl\/fr\/produit\/primus-15-watt-single-ended\/#breadcrumb","itemListElement":[{"@type":"ListItem","position":1,"name":"Accueil","item":"https:\/\/dev.freakuence.nl\/fr\/"},{"@type":"ListItem","position":2,"name":"Products","item":"https:\/\/dev.freakuence.nl\/en\/products\/"},{"@type":"ListItem","position":3,"name":"Primus 15-watt Single-Ended"}]},{"@type":"WebSite","@id":"https:\/\/dev.freakuence.nl\/fr\/#website","url":"https:\/\/dev.freakuence.nl\/fr\/","name":"Freakuence!","description":"Freakuence!","alternateName":"Freakuence","potentialAction":[{"@type":"SearchAction","target":{"@type":"EntryPoint","urlTemplate":"https:\/\/dev.freakuence.nl\/fr\/?s={search_term_string}"},"query-input":{"@type":"PropertyValueSpecification","valueRequired":true,"valueName":"search_term_string"}}],"inLanguage":"fr-FR"}]}},"_links":{"self":[{"href":"https:\/\/dev.freakuence.nl\/fr\/wp-json\/wp\/v2\/product\/313415","targetHints":{"allow":["GET"]}}],"collection":[{"href":"https:\/\/dev.freakuence.nl\/fr\/wp-json\/wp\/v2\/product"}],"about":[{"href":"https:\/\/dev.freakuence.nl\/fr\/wp-json\/wp\/v2\/types\/product"}],"version-history":[{"count":1,"href":"https:\/\/dev.freakuence.nl\/fr\/wp-json\/wp\/v2\/product\/313415\/revisions"}],"predecessor-version":[{"id":318184,"href":"https:\/\/dev.freakuence.nl\/fr\/wp-json\/wp\/v2\/product\/313415\/revisions\/318184"}],"wp:featuredmedia":[{"embeddable":true,"href":"https:\/\/dev.freakuence.nl\/fr\/wp-json\/wp\/v2\/media\/313416"}],"wp:attachment":[{"href":"https:\/\/dev.freakuence.nl\/fr\/wp-json\/wp\/v2\/media?parent=313415"}],"wp:term":[{"taxonomy":"product_brand","embeddable":true,"href":"https:\/\/dev.freakuence.nl\/fr\/wp-json\/wp\/v2\/product_brand?post=313415"},{"taxonomy":"product_cat","embeddable":true,"href":"https:\/\/dev.freakuence.nl\/fr\/wp-json\/wp\/v2\/product_cat?post=313415"},{"taxonomy":"product_tag","embeddable":true,"href":"https:\/\/dev.freakuence.nl\/fr\/wp-json\/wp\/v2\/product_tag?post=313415"}],"curies":[{"name":"wp","href":"https:\/\/api.w.org\/{rel}","templated":true}]}}