{"id":313517,"date":"2025-09-23T11:02:29","date_gmt":"2025-09-23T09:02:29","guid":{"rendered":"https:\/\/dev.freakuence.nl\/product\/diffusion-stirling-ls3-5a-v3\/"},"modified":"2026-04-17T04:01:28","modified_gmt":"2026-04-17T02:01:28","slug":"diffusion-stirling-ls3-5a-v3","status":"publish","type":"product","link":"https:\/\/dev.freakuence.nl\/fr\/produit\/diffusion-stirling-ls3-5a-v3\/","title":{"rendered":"Diffusion Stirling LS3\/5a v3"},"content":{"rendered":"<div class=\"product-specifications-list\">\n<div class=\"specification-item row-even\"><span class=\"spec-content\"><strong>Description Freakuence !<\/strong><\/span><\/div>\n<div class=\"specification-item row-odd\"><span class=\"spec-content\"><\/p>\n<p>Le son classique de B.B.C. Vous y \u00eates ! Des m\u00e9diums pleins, avec une excellente synchronisation.  <\/p>\n<p><\/span><\/div>\n<div class=\"specification-item row-even\"><span class=\"spec-content\"><strong>Description g\u00e9n\u00e9rale<\/strong><\/span><\/div>\n<div class=\"specification-item row-odd\"><span class=\"spec-content\"><\/p>\n<p>La Stirling Broadcast LS3\/5a V3 est une enceinte qui s&rsquo;appuie sur les qualit\u00e9s de la LS3\/5a V2. Conservant les m\u00eames haut-parleurs et le m\u00eame coffret \u00e0 parois fines, cette version introduit un nouveau design de crossover haute performance.  Il en r\u00e9sulte une distorsion encore plus faible et une plus grande transparence.<\/span><\/div>\n<div class=\"specification-item row-even\"><span class=\"spec-content\">Le nouveau filtre, con\u00e7u par Derek Hughes, est nettement plus grand et contient des composants plus importants, notamment des bobines \u00e0 air accord\u00e9es avec pr\u00e9cision. Cette approche \u00e9limine la saturation qui se produit souvent dans les bobines \u00e0 noyau de ferrite ou de fer.  De plus, le filtre est mont\u00e9 sur le panneau arri\u00e8re, ce qui permet de r\u00e9duire davantage la distorsion.<\/span><\/div>\n<div class=\"specification-item row-odd\"><span class=\"spec-content\">Le LS3\/5a V3 conserve les caract\u00e9ristiques distinctives de ses pr\u00e9d\u00e9cesseurs mais offre une exp\u00e9rience d&rsquo;\u00e9coute am\u00e9lior\u00e9e gr\u00e2ce \u00e0 des modifications techniques raffin\u00e9es.  <\/p>\n<p><\/span><\/div>\n<div class=\"specification-item row-even\"><span class=\"spec-content\"><strong>Histoire de la marque<\/strong><\/span><\/div>\n<div class=\"specification-item row-odd\"><span class=\"spec-content\"><\/p>\n<p>Stirling Broadcast a \u00e9t\u00e9 fond\u00e9e en 1993 au Royaume-Uni. La soci\u00e9t\u00e9 a obtenu une licence de la BBC pour produire l&rsquo;enceinte LS3\/5a, licence qui a \u00e9t\u00e9 \u00e9tendue \u00e0 une licence de production compl\u00e8te vers 1998. Cette enceinte a d&rsquo;abord \u00e9t\u00e9 construite en utilisant des haut-parleurs KEF comme r\u00e9f\u00e9rence, mais apr\u00e8s l&rsquo;arr\u00eat de la production de ces haut-parleurs, Stirling Broadcast a d\u00e9velopp\u00e9 sa propre version, connue sous le nom de LS3\/5a V2. Cette version utilisait des pi\u00e8ces sp\u00e9cialement d\u00e9velopp\u00e9es, notamment un haut-parleur de grave\/m\u00e9dium de SEAS et un haut-parleur d&rsquo;aigus modifi\u00e9 de Scan-Speak. Une autre reconstruction concernait le BBC LS3\/6, pour lequel Stirling a travaill\u00e9 en \u00e9troite collaboration avec Derek Hughes pour d\u00e9velopper un nouveau haut-parleur avec Volt Loudspeakers. Le LS3\/6 a \u00e9t\u00e9 construit selon les m\u00eames sp\u00e9cifications acoustiques que le mod\u00e8le original de la BBC. Tous les produits sont assembl\u00e9s et test\u00e9s \u00e0 la main au Royaume-Uni.      <\/p>\n<p><\/span><\/div>\n<\/div>\n","protected":false},"excerpt":{"rendered":"<p>Description Freakuence ! Le son classique de B.B.C. Vous y \u00eates ! Des m\u00e9diums pleins, avec une excellente synchronisation. Description g\u00e9n\u00e9rale La Stirling Broadcast LS3\/5a V3 est une enceinte qui s&rsquo;appuie sur les qualit\u00e9s de la LS3\/5a V2. Conservant les m\u00eames haut-parleurs et le m\u00eame coffret \u00e0 parois fines, cette version introduit un nouveau design [&hellip;]<\/p>\n","protected":false},"featured_media":313518,"template":"","meta":{"_acf_changed":false,"inline_featured_image":false},"product_brand":[],"product_cat":[777,551],"product_tag":[554],"class_list":{"0":"post-313517","1":"product","2":"type-product","3":"status-publish","4":"has-post-thumbnail","6":"product_cat-enceintes-de-bibliotheque","7":"product_cat-intervenants","8":"product_tag-used","9":"pa_kleur-marron","11":"first","12":"instock","13":"purchasable","14":"product-type-simple"},"acf":[],"yoast_head":"<!-- This site is optimized with the Yoast SEO plugin v25.9 - https:\/\/yoast.com\/wordpress\/plugins\/seo\/ -->\n<title>Diffusion Stirling LS3\/5a v3 | Freakuence!<\/title>\n<meta name=\"robots\" content=\"noindex, follow, max-snippet:-1, max-image-preview:large, max-video-preview:-1\" \/>\n<meta property=\"og:locale\" content=\"fr_FR\" \/>\n<meta property=\"og:type\" content=\"article\" \/>\n<meta property=\"og:title\" content=\"Diffusion Stirling LS3\/5a v3 | Freakuence!\" \/>\n<meta property=\"og:description\" content=\"Description Freakuence ! Le son classique de B.B.C. Vous y \u00eates ! Des m\u00e9diums pleins, avec une excellente synchronisation. Description g\u00e9n\u00e9rale La Stirling Broadcast LS3\/5a V3 est une enceinte qui s&rsquo;appuie sur les qualit\u00e9s de la LS3\/5a V2. Conservant les m\u00eames haut-parleurs et le m\u00eame coffret \u00e0 parois fines, cette version introduit un nouveau design [&hellip;]\" \/>\n<meta property=\"og:url\" content=\"https:\/\/dev.freakuence.nl\/fr\/produit\/diffusion-stirling-ls3-5a-v3\/\" \/>\n<meta property=\"og:site_name\" content=\"Freakuence!\" \/>\n<meta property=\"article:modified_time\" content=\"2026-04-17T02:01:28+00:00\" \/>\n<meta property=\"og:image\" content=\"https:\/\/dev.freakuence.nl\/wp-content\/uploads\/2025\/09\/17586181028257-18187-IMG3388-scaled.jpg\" \/>\n\t<meta property=\"og:image:width\" content=\"1800\" \/>\n\t<meta property=\"og:image:height\" content=\"1200\" \/>\n\t<meta property=\"og:image:type\" content=\"image\/jpeg\" \/>\n<meta name=\"twitter:card\" content=\"summary_large_image\" \/>\n<script type=\"application\/ld+json\" class=\"yoast-schema-graph\">{\"@context\":\"https:\/\/schema.org\",\"@graph\":[{\"@type\":\"WebPage\",\"@id\":\"https:\/\/dev.freakuence.nl\/fr\/produit\/diffusion-stirling-ls3-5a-v3\/\",\"url\":\"https:\/\/dev.freakuence.nl\/fr\/produit\/diffusion-stirling-ls3-5a-v3\/\",\"name\":\"Diffusion Stirling LS3\/5a v3 | Freakuence!\",\"isPartOf\":{\"@id\":\"https:\/\/dev.freakuence.nl\/fr\/#website\"},\"primaryImageOfPage\":{\"@id\":\"https:\/\/dev.freakuence.nl\/fr\/produit\/diffusion-stirling-ls3-5a-v3\/#primaryimage\"},\"image\":{\"@id\":\"https:\/\/dev.freakuence.nl\/fr\/produit\/diffusion-stirling-ls3-5a-v3\/#primaryimage\"},\"thumbnailUrl\":\"https:\/\/dev.freakuence.nl\/wp-content\/uploads\/2025\/09\/17586181028257-18187-IMG3388-scaled.jpg\",\"datePublished\":\"2025-09-23T09:02:29+00:00\",\"dateModified\":\"2026-04-17T02:01:28+00:00\",\"breadcrumb\":{\"@id\":\"https:\/\/dev.freakuence.nl\/fr\/produit\/diffusion-stirling-ls3-5a-v3\/#breadcrumb\"},\"inLanguage\":\"fr-FR\",\"potentialAction\":[{\"@type\":\"ReadAction\",\"target\":[\"https:\/\/dev.freakuence.nl\/fr\/produit\/diffusion-stirling-ls3-5a-v3\/\"]}]},{\"@type\":\"ImageObject\",\"inLanguage\":\"fr-FR\",\"@id\":\"https:\/\/dev.freakuence.nl\/fr\/produit\/diffusion-stirling-ls3-5a-v3\/#primaryimage\",\"url\":\"https:\/\/dev.freakuence.nl\/wp-content\/uploads\/2025\/09\/17586181028257-18187-IMG3388-scaled.jpg\",\"contentUrl\":\"https:\/\/dev.freakuence.nl\/wp-content\/uploads\/2025\/09\/17586181028257-18187-IMG3388-scaled.jpg\",\"width\":1800,\"height\":1200},{\"@type\":\"BreadcrumbList\",\"@id\":\"https:\/\/dev.freakuence.nl\/fr\/produit\/diffusion-stirling-ls3-5a-v3\/#breadcrumb\",\"itemListElement\":[{\"@type\":\"ListItem\",\"position\":1,\"name\":\"Accueil\",\"item\":\"https:\/\/dev.freakuence.nl\/fr\/\"},{\"@type\":\"ListItem\",\"position\":2,\"name\":\"Products\",\"item\":\"https:\/\/dev.freakuence.nl\/en\/products\/\"},{\"@type\":\"ListItem\",\"position\":3,\"name\":\"Diffusion Stirling LS3\/5a v3\"}]},{\"@type\":\"WebSite\",\"@id\":\"https:\/\/dev.freakuence.nl\/fr\/#website\",\"url\":\"https:\/\/dev.freakuence.nl\/fr\/\",\"name\":\"Freakuence!\",\"description\":\"Freakuence!\",\"alternateName\":\"Freakuence\",\"potentialAction\":[{\"@type\":\"SearchAction\",\"target\":{\"@type\":\"EntryPoint\",\"urlTemplate\":\"https:\/\/dev.freakuence.nl\/fr\/?s={search_term_string}\"},\"query-input\":{\"@type\":\"PropertyValueSpecification\",\"valueRequired\":true,\"valueName\":\"search_term_string\"}}],\"inLanguage\":\"fr-FR\"}]}<\/script>\n<!-- \/ Yoast SEO plugin. -->","yoast_head_json":{"title":"Diffusion Stirling LS3\/5a v3 | Freakuence!","robots":{"index":"noindex","follow":"follow","max-snippet":"max-snippet:-1","max-image-preview":"max-image-preview:large","max-video-preview":"max-video-preview:-1"},"og_locale":"fr_FR","og_type":"article","og_title":"Diffusion Stirling LS3\/5a v3 | Freakuence!","og_description":"Description Freakuence ! Le son classique de B.B.C. Vous y \u00eates ! Des m\u00e9diums pleins, avec une excellente synchronisation. Description g\u00e9n\u00e9rale La Stirling Broadcast LS3\/5a V3 est une enceinte qui s&rsquo;appuie sur les qualit\u00e9s de la LS3\/5a V2. Conservant les m\u00eames haut-parleurs et le m\u00eame coffret \u00e0 parois fines, cette version introduit un nouveau design [&hellip;]","og_url":"https:\/\/dev.freakuence.nl\/fr\/produit\/diffusion-stirling-ls3-5a-v3\/","og_site_name":"Freakuence!","article_modified_time":"2026-04-17T02:01:28+00:00","og_image":[{"width":1800,"height":1200,"url":"https:\/\/dev.freakuence.nl\/wp-content\/uploads\/2025\/09\/17586181028257-18187-IMG3388-scaled.jpg","type":"image\/jpeg"}],"twitter_card":"summary_large_image","schema":{"@context":"https:\/\/schema.org","@graph":[{"@type":"WebPage","@id":"https:\/\/dev.freakuence.nl\/fr\/produit\/diffusion-stirling-ls3-5a-v3\/","url":"https:\/\/dev.freakuence.nl\/fr\/produit\/diffusion-stirling-ls3-5a-v3\/","name":"Diffusion Stirling LS3\/5a v3 | Freakuence!","isPartOf":{"@id":"https:\/\/dev.freakuence.nl\/fr\/#website"},"primaryImageOfPage":{"@id":"https:\/\/dev.freakuence.nl\/fr\/produit\/diffusion-stirling-ls3-5a-v3\/#primaryimage"},"image":{"@id":"https:\/\/dev.freakuence.nl\/fr\/produit\/diffusion-stirling-ls3-5a-v3\/#primaryimage"},"thumbnailUrl":"https:\/\/dev.freakuence.nl\/wp-content\/uploads\/2025\/09\/17586181028257-18187-IMG3388-scaled.jpg","datePublished":"2025-09-23T09:02:29+00:00","dateModified":"2026-04-17T02:01:28+00:00","breadcrumb":{"@id":"https:\/\/dev.freakuence.nl\/fr\/produit\/diffusion-stirling-ls3-5a-v3\/#breadcrumb"},"inLanguage":"fr-FR","potentialAction":[{"@type":"ReadAction","target":["https:\/\/dev.freakuence.nl\/fr\/produit\/diffusion-stirling-ls3-5a-v3\/"]}]},{"@type":"ImageObject","inLanguage":"fr-FR","@id":"https:\/\/dev.freakuence.nl\/fr\/produit\/diffusion-stirling-ls3-5a-v3\/#primaryimage","url":"https:\/\/dev.freakuence.nl\/wp-content\/uploads\/2025\/09\/17586181028257-18187-IMG3388-scaled.jpg","contentUrl":"https:\/\/dev.freakuence.nl\/wp-content\/uploads\/2025\/09\/17586181028257-18187-IMG3388-scaled.jpg","width":1800,"height":1200},{"@type":"BreadcrumbList","@id":"https:\/\/dev.freakuence.nl\/fr\/produit\/diffusion-stirling-ls3-5a-v3\/#breadcrumb","itemListElement":[{"@type":"ListItem","position":1,"name":"Accueil","item":"https:\/\/dev.freakuence.nl\/fr\/"},{"@type":"ListItem","position":2,"name":"Products","item":"https:\/\/dev.freakuence.nl\/en\/products\/"},{"@type":"ListItem","position":3,"name":"Diffusion Stirling LS3\/5a v3"}]},{"@type":"WebSite","@id":"https:\/\/dev.freakuence.nl\/fr\/#website","url":"https:\/\/dev.freakuence.nl\/fr\/","name":"Freakuence!","description":"Freakuence!","alternateName":"Freakuence","potentialAction":[{"@type":"SearchAction","target":{"@type":"EntryPoint","urlTemplate":"https:\/\/dev.freakuence.nl\/fr\/?s={search_term_string}"},"query-input":{"@type":"PropertyValueSpecification","valueRequired":true,"valueName":"search_term_string"}}],"inLanguage":"fr-FR"}]}},"_links":{"self":[{"href":"https:\/\/dev.freakuence.nl\/fr\/wp-json\/wp\/v2\/product\/313517","targetHints":{"allow":["GET"]}}],"collection":[{"href":"https:\/\/dev.freakuence.nl\/fr\/wp-json\/wp\/v2\/product"}],"about":[{"href":"https:\/\/dev.freakuence.nl\/fr\/wp-json\/wp\/v2\/types\/product"}],"version-history":[{"count":1,"href":"https:\/\/dev.freakuence.nl\/fr\/wp-json\/wp\/v2\/product\/313517\/revisions"}],"predecessor-version":[{"id":318089,"href":"https:\/\/dev.freakuence.nl\/fr\/wp-json\/wp\/v2\/product\/313517\/revisions\/318089"}],"wp:featuredmedia":[{"embeddable":true,"href":"https:\/\/dev.freakuence.nl\/fr\/wp-json\/wp\/v2\/media\/313518"}],"wp:attachment":[{"href":"https:\/\/dev.freakuence.nl\/fr\/wp-json\/wp\/v2\/media?parent=313517"}],"wp:term":[{"taxonomy":"product_brand","embeddable":true,"href":"https:\/\/dev.freakuence.nl\/fr\/wp-json\/wp\/v2\/product_brand?post=313517"},{"taxonomy":"product_cat","embeddable":true,"href":"https:\/\/dev.freakuence.nl\/fr\/wp-json\/wp\/v2\/product_cat?post=313517"},{"taxonomy":"product_tag","embeddable":true,"href":"https:\/\/dev.freakuence.nl\/fr\/wp-json\/wp\/v2\/product_tag?post=313517"}],"curies":[{"name":"wp","href":"https:\/\/api.w.org\/{rel}","templated":true}]}}