{"id":313718,"date":"2025-09-23T11:08:19","date_gmt":"2025-09-23T09:08:19","guid":{"rendered":"https:\/\/dev.freakuence.nl\/product\/kef-ls50-wireless-ii-3\/"},"modified":"2026-03-20T07:36:13","modified_gmt":"2026-03-20T06:36:13","slug":"kef-ls50-wireless-ii-3","status":"publish","type":"product","link":"https:\/\/dev.freakuence.nl\/fr\/produit\/kef-ls50-wireless-ii-3\/","title":{"rendered":"KEF LS50 Wireless II"},"content":{"rendered":"<div class=\"product-specifications-list\">\n<div class=\"specification-item row-even\"><span class=\"spec-content\"><strong>Description Freakuence !<\/strong><\/span><\/div>\n<div class=\"specification-item row-odd\"><span class=\"spec-content\"><\/p>\n<p>Le LS50 est un moniteur extr\u00eamement populaire. Il s&rsquo;agit ici d&rsquo;un ensemble actif ! Amplificateurs puissants, accord\u00e9s avec pr\u00e9cision aux appareils. Facile \u00e0 utiliser.   <\/p>\n<p><\/span><\/div>\n<div class=\"specification-item row-even\"><span class=\"spec-content\"><strong>D\u00e9tails<\/strong><\/span><\/div>\n<div class=\"specification-item row-odd\"><span class=\"spec-content\"><\/p>\n<p>Tr\u00e8s petit point dans l&rsquo;une des unit\u00e9s, voir la photo zoom.<\/p>\n<p><\/p>\n<p>Comme nous sommes revendeurs de cette marque, nous sommes heureux de vous offrir la garantie compl\u00e8te du revendeur sur ce produit particulier ! Pourquoi ? Nous sommes confiants et cette assurance vous rendra la vie plus agr\u00e9able.  <\/p>\n<p><\/span><\/div>\n<div class=\"specification-item row-even\"><span class=\"spec-content\">Prix de vente au d\u00e9tail : 2499.00<\/span><\/div>\n<div class=\"specification-item row-odd\"><span class=\"spec-content\"><strong>Description g\u00e9n\u00e9rale<\/strong><\/span><\/div>\n<div class=\"specification-item row-even\"><span class=\"spec-content\"><\/p>\n<p>Ce syst\u00e8me audio est dot\u00e9 d&rsquo;une configuration bass-reflex active \u00e0 2 voies. La gamme de fr\u00e9quences s&rsquo;\u00e9tend de 40 Hz \u00e0 47 kHz (-6 dB). Les amplificateurs int\u00e9gr\u00e9s d\u00e9livrent 100 W pour les hautes fr\u00e9quences (classe A\/B) et 280 W pour les basses fr\u00e9quences (classe D). Avec un niveau de pression acoustique maximal de 108 dB, le syst\u00e8me offre de puissantes performances. En termes de connectivit\u00e9, plusieurs entr\u00e9es sont disponibles, notamment HDMI eARC, des entr\u00e9es num\u00e9riques optiques et coaxiales, une entr\u00e9e AUX analogique de 3,5 mm et un port Ethernet RJ45. La connectivit\u00e9 sans fil est assur\u00e9e par Wi-Fi (802.11a\/b\/g\/n\/ac) et Bluetooth 4.2. Le syst\u00e8me est compatible avec les services de streaming tels que Spotify Connect, Tidal, Amazon Music, Qobuz, Deezer et les radios Internet. Les formats audio pris en charge comprennent le PCM jusqu&rsquo;\u00e0 24 bits\/384 kHz, le DSD256 et le MQA. Les dimensions par enceinte sont de 20 cm de large, 30,5 cm de haut et 31,1 cm de profondeur, pour un poids de 10 kg.        <\/p>\n<p><\/span><\/div>\n<div class=\"specification-item row-odd\"><span class=\"spec-content\"><strong>Informations g\u00e9n\u00e9rales<\/strong><\/span><\/div>\n<div class=\"specification-item row-even\"><span class=\"spec-content\"><\/p>\n<p>Le KEF R3 Meta est con\u00e7u selon la philosophie acoustique de KEF : un son clair et pr\u00e9cis avec une distorsion minimale. Le haut-parleur est \u00e9quip\u00e9 du tout dernier ensemble de haut-parleurs Uni-Q avec la technologie d&rsquo;absorption par m\u00e9tamat\u00e9riaux (MAT), qui absorbe les r\u00e9sonances ind\u00e9sirables jusqu&rsquo;\u00e0 99 %. Le coffret est renforc\u00e9 par la technologie Constrained Layer Damping pour r\u00e9duire les vibrations. D\u00e9velopp\u00e9 par l&rsquo;\u00e9quipe acoustique de KEF dirig\u00e9e par Jack Oclee-Brown.   <\/p>\n<p><\/span><\/div>\n<div class=\"specification-item row-odd\"><span class=\"spec-content\"><strong>Histoire de la marque<\/strong><\/span><\/div>\n<div class=\"specification-item row-even\"><span class=\"spec-content\"><\/p>\n<p>KEF a \u00e9t\u00e9 fond\u00e9e en 1961 par Raymond Cooke \u00e0 Maidstone, dans le Kent, au Royaume-Uni. Le nom d\u00e9rive de Kent Engineering &amp; Foundry, o\u00f9 l&rsquo;atelier d&rsquo;origine \u00e9tait situ\u00e9 sur le site de l&rsquo;usine de construction m\u00e9tallique de Kent Engineering. Raymond Cooke \u00e9tait un ancien ing\u00e9nieur du son de la BBC. D\u00e8s le d\u00e9but, la soci\u00e9t\u00e9 a utilis\u00e9 des mat\u00e9riaux synth\u00e9tiques et effectu\u00e9 des mesures dans des conditions contr\u00f4l\u00e9es. En 1973, un laboratoire acoustique sp\u00e9cial est ouvert pour les d\u00e9veloppements techniques. En 1988, KEF a mis au point le haut-parleur Uni-Q, dans lequel les haut-parleurs d&rsquo;aigus et de m\u00e9diums sont plac\u00e9s ensemble dans un m\u00eame axe. Depuis 2005, le si\u00e8ge de l&rsquo;entreprise est situ\u00e9 dans l&rsquo;East Sussex, au Royaume-Uni. Au fil des ans, la marque s&rsquo;est concentr\u00e9e sur la construction de haut-parleurs, y compris des mod\u00e8les sur pied, des mod\u00e8les de biblioth\u00e8que et des haut-parleurs encastr\u00e9s, ainsi que des produits de lecture portables.       <\/p>\n<p><\/span><\/div>\n<\/div>\n","protected":false},"excerpt":{"rendered":"<p>Description Freakuence ! Le LS50 est un moniteur extr\u00eamement populaire. Il s&rsquo;agit ici d&rsquo;un ensemble actif ! Amplificateurs puissants, accord\u00e9s avec pr\u00e9cision aux appareils. Facile \u00e0 utiliser. D\u00e9tails Tr\u00e8s petit point dans l&rsquo;une des unit\u00e9s, voir la photo zoom. Comme nous sommes revendeurs de cette marque, nous sommes heureux de vous offrir la garantie compl\u00e8te [&hellip;]<\/p>\n","protected":false},"featured_media":313722,"template":"","meta":{"_acf_changed":false,"inline_featured_image":false},"product_brand":[],"product_cat":[551],"product_tag":[554],"class_list":{"0":"post-313718","1":"product","2":"type-product","3":"status-publish","4":"has-post-thumbnail","6":"product_cat-intervenants","7":"product_tag-used","8":"pa_kleur-blanc","10":"first","11":"outofstock","12":"purchasable","13":"product-type-simple"},"acf":[],"yoast_head":"<!-- This site is optimized with the Yoast SEO plugin v25.9 - https:\/\/yoast.com\/wordpress\/plugins\/seo\/ -->\n<title>KEF LS50 Wireless II | Freakuence!<\/title>\n<meta name=\"robots\" content=\"noindex, follow, max-snippet:-1, max-image-preview:large, max-video-preview:-1\" \/>\n<meta property=\"og:locale\" content=\"fr_FR\" \/>\n<meta property=\"og:type\" content=\"article\" \/>\n<meta property=\"og:title\" content=\"KEF LS50 Wireless II | Freakuence!\" \/>\n<meta property=\"og:description\" content=\"Description Freakuence ! Le LS50 est un moniteur extr\u00eamement populaire. Il s&rsquo;agit ici d&rsquo;un ensemble actif ! Amplificateurs puissants, accord\u00e9s avec pr\u00e9cision aux appareils. Facile \u00e0 utiliser. D\u00e9tails Tr\u00e8s petit point dans l&rsquo;une des unit\u00e9s, voir la photo zoom. Comme nous sommes revendeurs de cette marque, nous sommes heureux de vous offrir la garantie compl\u00e8te [&hellip;]\" \/>\n<meta property=\"og:url\" content=\"https:\/\/dev.freakuence.nl\/fr\/produit\/kef-ls50-wireless-ii-3\/\" \/>\n<meta property=\"og:site_name\" content=\"Freakuence!\" \/>\n<meta property=\"article:modified_time\" content=\"2026-03-20T06:36:13+00:00\" \/>\n<meta property=\"og:image\" content=\"https:\/\/dev.freakuence.nl\/wp-content\/uploads\/2025\/09\/17586184067019-18216-IMG3402-scaled.jpg\" \/>\n\t<meta property=\"og:image:width\" content=\"1800\" \/>\n\t<meta property=\"og:image:height\" content=\"1200\" \/>\n\t<meta property=\"og:image:type\" content=\"image\/jpeg\" \/>\n<meta name=\"twitter:card\" content=\"summary_large_image\" \/>\n<script type=\"application\/ld+json\" class=\"yoast-schema-graph\">{\"@context\":\"https:\/\/schema.org\",\"@graph\":[{\"@type\":\"WebPage\",\"@id\":\"https:\/\/dev.freakuence.nl\/fr\/produit\/kef-ls50-wireless-ii-3\/\",\"url\":\"https:\/\/dev.freakuence.nl\/fr\/produit\/kef-ls50-wireless-ii-3\/\",\"name\":\"KEF LS50 Wireless II | Freakuence!\",\"isPartOf\":{\"@id\":\"https:\/\/dev.freakuence.nl\/fr\/#website\"},\"primaryImageOfPage\":{\"@id\":\"https:\/\/dev.freakuence.nl\/fr\/produit\/kef-ls50-wireless-ii-3\/#primaryimage\"},\"image\":{\"@id\":\"https:\/\/dev.freakuence.nl\/fr\/produit\/kef-ls50-wireless-ii-3\/#primaryimage\"},\"thumbnailUrl\":\"https:\/\/dev.freakuence.nl\/wp-content\/uploads\/2025\/09\/17586184067019-18216-IMG3402-scaled.jpg\",\"datePublished\":\"2025-09-23T09:08:19+00:00\",\"dateModified\":\"2026-03-20T06:36:13+00:00\",\"breadcrumb\":{\"@id\":\"https:\/\/dev.freakuence.nl\/fr\/produit\/kef-ls50-wireless-ii-3\/#breadcrumb\"},\"inLanguage\":\"fr-FR\",\"potentialAction\":[{\"@type\":\"ReadAction\",\"target\":[\"https:\/\/dev.freakuence.nl\/fr\/produit\/kef-ls50-wireless-ii-3\/\"]}]},{\"@type\":\"ImageObject\",\"inLanguage\":\"fr-FR\",\"@id\":\"https:\/\/dev.freakuence.nl\/fr\/produit\/kef-ls50-wireless-ii-3\/#primaryimage\",\"url\":\"https:\/\/dev.freakuence.nl\/wp-content\/uploads\/2025\/09\/17586184067019-18216-IMG3402-scaled.jpg\",\"contentUrl\":\"https:\/\/dev.freakuence.nl\/wp-content\/uploads\/2025\/09\/17586184067019-18216-IMG3402-scaled.jpg\",\"width\":1800,\"height\":1200},{\"@type\":\"BreadcrumbList\",\"@id\":\"https:\/\/dev.freakuence.nl\/fr\/produit\/kef-ls50-wireless-ii-3\/#breadcrumb\",\"itemListElement\":[{\"@type\":\"ListItem\",\"position\":1,\"name\":\"Home\",\"item\":\"https:\/\/dev.freakuence.nl\/fr\/\"},{\"@type\":\"ListItem\",\"position\":2,\"name\":\"Products\",\"item\":\"https:\/\/dev.freakuence.nl\/en\/products\/\"},{\"@type\":\"ListItem\",\"position\":3,\"name\":\"KEF LS50 Wireless II\"}]},{\"@type\":\"WebSite\",\"@id\":\"https:\/\/dev.freakuence.nl\/fr\/#website\",\"url\":\"https:\/\/dev.freakuence.nl\/fr\/\",\"name\":\"Freakuence!\",\"description\":\"Freakuence!\",\"alternateName\":\"Freakuence\",\"potentialAction\":[{\"@type\":\"SearchAction\",\"target\":{\"@type\":\"EntryPoint\",\"urlTemplate\":\"https:\/\/dev.freakuence.nl\/fr\/?s={search_term_string}\"},\"query-input\":{\"@type\":\"PropertyValueSpecification\",\"valueRequired\":true,\"valueName\":\"search_term_string\"}}],\"inLanguage\":\"fr-FR\"}]}<\/script>\n<!-- \/ Yoast SEO plugin. -->","yoast_head_json":{"title":"KEF LS50 Wireless II | Freakuence!","robots":{"index":"noindex","follow":"follow","max-snippet":"max-snippet:-1","max-image-preview":"max-image-preview:large","max-video-preview":"max-video-preview:-1"},"og_locale":"fr_FR","og_type":"article","og_title":"KEF LS50 Wireless II | Freakuence!","og_description":"Description Freakuence ! Le LS50 est un moniteur extr\u00eamement populaire. Il s&rsquo;agit ici d&rsquo;un ensemble actif ! Amplificateurs puissants, accord\u00e9s avec pr\u00e9cision aux appareils. Facile \u00e0 utiliser. D\u00e9tails Tr\u00e8s petit point dans l&rsquo;une des unit\u00e9s, voir la photo zoom. Comme nous sommes revendeurs de cette marque, nous sommes heureux de vous offrir la garantie compl\u00e8te [&hellip;]","og_url":"https:\/\/dev.freakuence.nl\/fr\/produit\/kef-ls50-wireless-ii-3\/","og_site_name":"Freakuence!","article_modified_time":"2026-03-20T06:36:13+00:00","og_image":[{"width":1800,"height":1200,"url":"https:\/\/dev.freakuence.nl\/wp-content\/uploads\/2025\/09\/17586184067019-18216-IMG3402-scaled.jpg","type":"image\/jpeg"}],"twitter_card":"summary_large_image","schema":{"@context":"https:\/\/schema.org","@graph":[{"@type":"WebPage","@id":"https:\/\/dev.freakuence.nl\/fr\/produit\/kef-ls50-wireless-ii-3\/","url":"https:\/\/dev.freakuence.nl\/fr\/produit\/kef-ls50-wireless-ii-3\/","name":"KEF LS50 Wireless II | Freakuence!","isPartOf":{"@id":"https:\/\/dev.freakuence.nl\/fr\/#website"},"primaryImageOfPage":{"@id":"https:\/\/dev.freakuence.nl\/fr\/produit\/kef-ls50-wireless-ii-3\/#primaryimage"},"image":{"@id":"https:\/\/dev.freakuence.nl\/fr\/produit\/kef-ls50-wireless-ii-3\/#primaryimage"},"thumbnailUrl":"https:\/\/dev.freakuence.nl\/wp-content\/uploads\/2025\/09\/17586184067019-18216-IMG3402-scaled.jpg","datePublished":"2025-09-23T09:08:19+00:00","dateModified":"2026-03-20T06:36:13+00:00","breadcrumb":{"@id":"https:\/\/dev.freakuence.nl\/fr\/produit\/kef-ls50-wireless-ii-3\/#breadcrumb"},"inLanguage":"fr-FR","potentialAction":[{"@type":"ReadAction","target":["https:\/\/dev.freakuence.nl\/fr\/produit\/kef-ls50-wireless-ii-3\/"]}]},{"@type":"ImageObject","inLanguage":"fr-FR","@id":"https:\/\/dev.freakuence.nl\/fr\/produit\/kef-ls50-wireless-ii-3\/#primaryimage","url":"https:\/\/dev.freakuence.nl\/wp-content\/uploads\/2025\/09\/17586184067019-18216-IMG3402-scaled.jpg","contentUrl":"https:\/\/dev.freakuence.nl\/wp-content\/uploads\/2025\/09\/17586184067019-18216-IMG3402-scaled.jpg","width":1800,"height":1200},{"@type":"BreadcrumbList","@id":"https:\/\/dev.freakuence.nl\/fr\/produit\/kef-ls50-wireless-ii-3\/#breadcrumb","itemListElement":[{"@type":"ListItem","position":1,"name":"Home","item":"https:\/\/dev.freakuence.nl\/fr\/"},{"@type":"ListItem","position":2,"name":"Products","item":"https:\/\/dev.freakuence.nl\/en\/products\/"},{"@type":"ListItem","position":3,"name":"KEF LS50 Wireless II"}]},{"@type":"WebSite","@id":"https:\/\/dev.freakuence.nl\/fr\/#website","url":"https:\/\/dev.freakuence.nl\/fr\/","name":"Freakuence!","description":"Freakuence!","alternateName":"Freakuence","potentialAction":[{"@type":"SearchAction","target":{"@type":"EntryPoint","urlTemplate":"https:\/\/dev.freakuence.nl\/fr\/?s={search_term_string}"},"query-input":{"@type":"PropertyValueSpecification","valueRequired":true,"valueName":"search_term_string"}}],"inLanguage":"fr-FR"}]}},"_links":{"self":[{"href":"https:\/\/dev.freakuence.nl\/fr\/wp-json\/wp\/v2\/product\/313718","targetHints":{"allow":["GET"]}}],"collection":[{"href":"https:\/\/dev.freakuence.nl\/fr\/wp-json\/wp\/v2\/product"}],"about":[{"href":"https:\/\/dev.freakuence.nl\/fr\/wp-json\/wp\/v2\/types\/product"}],"version-history":[{"count":0,"href":"https:\/\/dev.freakuence.nl\/fr\/wp-json\/wp\/v2\/product\/313718\/revisions"}],"wp:featuredmedia":[{"embeddable":true,"href":"https:\/\/dev.freakuence.nl\/fr\/wp-json\/wp\/v2\/media\/313722"}],"wp:attachment":[{"href":"https:\/\/dev.freakuence.nl\/fr\/wp-json\/wp\/v2\/media?parent=313718"}],"wp:term":[{"taxonomy":"product_brand","embeddable":true,"href":"https:\/\/dev.freakuence.nl\/fr\/wp-json\/wp\/v2\/product_brand?post=313718"},{"taxonomy":"product_cat","embeddable":true,"href":"https:\/\/dev.freakuence.nl\/fr\/wp-json\/wp\/v2\/product_cat?post=313718"},{"taxonomy":"product_tag","embeddable":true,"href":"https:\/\/dev.freakuence.nl\/fr\/wp-json\/wp\/v2\/product_tag?post=313718"}],"curies":[{"name":"wp","href":"https:\/\/api.w.org\/{rel}","templated":true}]}}