{"id":313901,"date":"2025-10-09T11:28:05","date_gmt":"2025-10-09T09:28:05","guid":{"rendered":"https:\/\/dev.freakuence.nl\/product\/cambridge-audio-evo-150-se\/"},"modified":"2025-10-09T11:28:05","modified_gmt":"2025-10-09T09:28:05","slug":"cambridge-audio-evo-150-se","status":"publish","type":"product","link":"https:\/\/dev.freakuence.nl\/fr\/produit\/cambridge-audio-evo-150-se\/","title":{"rendered":"Cambridge Audio EVO 150 SE"},"content":{"rendered":"<div class=\"product-specifications-list\">\n<div class=\"specification-item row-even\"><span class=\"spec-content\"><strong>Description Freakuence !<\/strong><\/span><\/div>\n<div class=\"specification-item row-odd\"><span class=\"spec-content\"><\/p>\n<p>Le revoil\u00e0 ! Mais maintenant que la SE a \u00e9t\u00e9 cr\u00e9\u00e9e, les choses ont peut-\u00eatre chang\u00e9&#8230; et c&rsquo;est le cas. Neutre et transparent, sans accent sur les aigus ou les basses comme son pr\u00e9d\u00e9cesseur, mais maintenant avec un milieu de gamme plus riche, ce qui est tr\u00e8s agr\u00e9able L&rsquo;amplificateur est rapide et r\u00e9v\u00e9lateur. Il en va de m\u00eame pour le streamer dac interne.   <\/p>\n<p><\/span><\/div>\n<div class=\"specification-item row-even\"><span class=\"spec-content\"><strong>D\u00e9tails<\/strong><\/span><\/div>\n<div class=\"specification-item row-odd\"><span class=\"spec-content\">Prix de vente au d\u00e9tail : 2399.00<\/span><\/div>\n<div class=\"specification-item row-even\"><span class=\"spec-content\"><strong>Description g\u00e9n\u00e9rale<\/strong><\/span><\/div>\n<div class=\"specification-item row-odd\"><span class=\"spec-content\"><\/p>\n<p>Le Cambridge Audio Evo 150 SE est un amplificateur polyvalent tout-en-un qui int\u00e8gre sans effort diff\u00e9rentes sources audio. Que vous diffusiez votre musique pr\u00e9f\u00e9r\u00e9e, que vous \u00e9coutiez des disques vinyles ou que vous souhaitiez am\u00e9liorer le son de votre t\u00e9l\u00e9viseur, cet amplificateur offre la flexibilit\u00e9 que vous recherchez. <\/p>\n<p><\/p>\n<p>Gr\u00e2ce \u00e0 la technologie StreamMagic int\u00e9gr\u00e9e, vous pouvez acc\u00e9der \u00e0 diff\u00e9rents services de streaming et \u00e9couter facilement de la musique \u00e0 partir de votre smartphone ou de votre tablette. L&rsquo;Evo 150 SE prend \u00e9galement en charge les technologies Bluetooth aptX HD, AirPlay 2 et Google Cast, ce qui facilite la diffusion sans fil. <\/p>\n<p><\/p>\n<p>Pour les amateurs de vinyle, un pr\u00e9amplificateur phono est int\u00e9gr\u00e9, ce qui vous permet de brancher votre tourne-disque directement sans \u00e9quipement suppl\u00e9mentaire. En outre, l&rsquo;ampli dispose de plusieurs connexions, notamment HDMI ARC pour votre t\u00e9l\u00e9viseur, ainsi que des entr\u00e9es analogiques et num\u00e9riques pour d&rsquo;autres sources audio. <\/p>\n<p><\/p>\n<p>Le design de l&rsquo;Evo 150 SE est compact et \u00e9l\u00e9gant, avec un \u00e9cran couleur de 6,8 pouces affichant des pochettes d&rsquo;albums ou des VU-m\u00e8tres virtuels. Les panneaux lat\u00e9raux interchangeables, disponibles en bois et en m\u00e9tal noir, vous permettent de personnaliser l&rsquo;aspect de l&rsquo;appareil en fonction de vos go\u00fbts ou de votre int\u00e9rieur. <\/p>\n<p><\/p>\n<p>Avec l&rsquo;Evo 150 SE, vous disposez d&rsquo;un amplificateur polyvalent qui r\u00e9pond parfaitement \u00e0 une grande vari\u00e9t\u00e9 de pr\u00e9f\u00e9rences et de besoins en mati\u00e8re d&rsquo;\u00e9coute.<\/p>\n<p><\/span><\/div>\n<\/div>\n","protected":false},"excerpt":{"rendered":"<p>Description Freakuence ! Le revoil\u00e0 ! Mais maintenant que la SE a \u00e9t\u00e9 cr\u00e9\u00e9e, les choses ont peut-\u00eatre chang\u00e9&#8230; et c&rsquo;est le cas. Neutre et transparent, sans accent sur les aigus ou les basses comme son pr\u00e9d\u00e9cesseur, mais maintenant avec un milieu de gamme plus riche, ce qui est tr\u00e8s agr\u00e9able L&rsquo;amplificateur est rapide et [&hellip;]<\/p>\n","protected":false},"featured_media":0,"template":"","meta":{"_acf_changed":false,"inline_featured_image":false},"product_brand":[],"product_cat":[558],"product_tag":[575],"class_list":{"0":"post-313901","1":"product","2":"type-product","3":"status-publish","5":"product_cat-amplificateurs","6":"product_tag-freakdemo","7":"pa_kleur-noir","9":"first","10":"instock","11":"taxable","12":"shipping-taxable","13":"purchasable","14":"product-type-simple"},"acf":[],"yoast_head":"<!-- This site is optimized with the Yoast SEO plugin v25.9 - https:\/\/yoast.com\/wordpress\/plugins\/seo\/ -->\n<title>Cambridge Audio EVO 150 SE | Freakuence!<\/title>\n<meta name=\"robots\" content=\"noindex, follow, max-snippet:-1, max-image-preview:large, max-video-preview:-1\" \/>\n<meta property=\"og:locale\" content=\"fr_FR\" \/>\n<meta property=\"og:type\" content=\"article\" \/>\n<meta property=\"og:title\" content=\"Cambridge Audio EVO 150 SE | Freakuence!\" \/>\n<meta property=\"og:description\" content=\"Description Freakuence ! Le revoil\u00e0 ! Mais maintenant que la SE a \u00e9t\u00e9 cr\u00e9\u00e9e, les choses ont peut-\u00eatre chang\u00e9&#8230; et c&rsquo;est le cas. Neutre et transparent, sans accent sur les aigus ou les basses comme son pr\u00e9d\u00e9cesseur, mais maintenant avec un milieu de gamme plus riche, ce qui est tr\u00e8s agr\u00e9able L&rsquo;amplificateur est rapide et [&hellip;]\" \/>\n<meta property=\"og:url\" content=\"https:\/\/dev.freakuence.nl\/fr\/produit\/cambridge-audio-evo-150-se\/\" \/>\n<meta property=\"og:site_name\" content=\"Freakuence!\" \/>\n<meta name=\"twitter:card\" content=\"summary_large_image\" \/>\n<script type=\"application\/ld+json\" class=\"yoast-schema-graph\">{\"@context\":\"https:\/\/schema.org\",\"@graph\":[{\"@type\":\"WebPage\",\"@id\":\"https:\/\/dev.freakuence.nl\/fr\/produit\/cambridge-audio-evo-150-se\/\",\"url\":\"https:\/\/dev.freakuence.nl\/fr\/produit\/cambridge-audio-evo-150-se\/\",\"name\":\"Cambridge Audio EVO 150 SE | Freakuence!\",\"isPartOf\":{\"@id\":\"https:\/\/dev.freakuence.nl\/fr\/#website\"},\"datePublished\":\"2025-10-09T09:28:05+00:00\",\"breadcrumb\":{\"@id\":\"https:\/\/dev.freakuence.nl\/fr\/produit\/cambridge-audio-evo-150-se\/#breadcrumb\"},\"inLanguage\":\"fr-FR\",\"potentialAction\":[{\"@type\":\"ReadAction\",\"target\":[\"https:\/\/dev.freakuence.nl\/fr\/produit\/cambridge-audio-evo-150-se\/\"]}]},{\"@type\":\"BreadcrumbList\",\"@id\":\"https:\/\/dev.freakuence.nl\/fr\/produit\/cambridge-audio-evo-150-se\/#breadcrumb\",\"itemListElement\":[{\"@type\":\"ListItem\",\"position\":1,\"name\":\"Accueil\",\"item\":\"https:\/\/dev.freakuence.nl\/fr\/\"},{\"@type\":\"ListItem\",\"position\":2,\"name\":\"Products\",\"item\":\"https:\/\/dev.freakuence.nl\/en\/products\/\"},{\"@type\":\"ListItem\",\"position\":3,\"name\":\"Cambridge Audio EVO 150 SE\"}]},{\"@type\":\"WebSite\",\"@id\":\"https:\/\/dev.freakuence.nl\/fr\/#website\",\"url\":\"https:\/\/dev.freakuence.nl\/fr\/\",\"name\":\"Freakuence!\",\"description\":\"Freakuence!\",\"alternateName\":\"Freakuence\",\"potentialAction\":[{\"@type\":\"SearchAction\",\"target\":{\"@type\":\"EntryPoint\",\"urlTemplate\":\"https:\/\/dev.freakuence.nl\/fr\/?s={search_term_string}\"},\"query-input\":{\"@type\":\"PropertyValueSpecification\",\"valueRequired\":true,\"valueName\":\"search_term_string\"}}],\"inLanguage\":\"fr-FR\"}]}<\/script>\n<!-- \/ Yoast SEO plugin. -->","yoast_head_json":{"title":"Cambridge Audio EVO 150 SE | Freakuence!","robots":{"index":"noindex","follow":"follow","max-snippet":"max-snippet:-1","max-image-preview":"max-image-preview:large","max-video-preview":"max-video-preview:-1"},"og_locale":"fr_FR","og_type":"article","og_title":"Cambridge Audio EVO 150 SE | Freakuence!","og_description":"Description Freakuence ! Le revoil\u00e0 ! Mais maintenant que la SE a \u00e9t\u00e9 cr\u00e9\u00e9e, les choses ont peut-\u00eatre chang\u00e9&#8230; et c&rsquo;est le cas. Neutre et transparent, sans accent sur les aigus ou les basses comme son pr\u00e9d\u00e9cesseur, mais maintenant avec un milieu de gamme plus riche, ce qui est tr\u00e8s agr\u00e9able L&rsquo;amplificateur est rapide et [&hellip;]","og_url":"https:\/\/dev.freakuence.nl\/fr\/produit\/cambridge-audio-evo-150-se\/","og_site_name":"Freakuence!","twitter_card":"summary_large_image","schema":{"@context":"https:\/\/schema.org","@graph":[{"@type":"WebPage","@id":"https:\/\/dev.freakuence.nl\/fr\/produit\/cambridge-audio-evo-150-se\/","url":"https:\/\/dev.freakuence.nl\/fr\/produit\/cambridge-audio-evo-150-se\/","name":"Cambridge Audio EVO 150 SE | Freakuence!","isPartOf":{"@id":"https:\/\/dev.freakuence.nl\/fr\/#website"},"datePublished":"2025-10-09T09:28:05+00:00","breadcrumb":{"@id":"https:\/\/dev.freakuence.nl\/fr\/produit\/cambridge-audio-evo-150-se\/#breadcrumb"},"inLanguage":"fr-FR","potentialAction":[{"@type":"ReadAction","target":["https:\/\/dev.freakuence.nl\/fr\/produit\/cambridge-audio-evo-150-se\/"]}]},{"@type":"BreadcrumbList","@id":"https:\/\/dev.freakuence.nl\/fr\/produit\/cambridge-audio-evo-150-se\/#breadcrumb","itemListElement":[{"@type":"ListItem","position":1,"name":"Accueil","item":"https:\/\/dev.freakuence.nl\/fr\/"},{"@type":"ListItem","position":2,"name":"Products","item":"https:\/\/dev.freakuence.nl\/en\/products\/"},{"@type":"ListItem","position":3,"name":"Cambridge Audio EVO 150 SE"}]},{"@type":"WebSite","@id":"https:\/\/dev.freakuence.nl\/fr\/#website","url":"https:\/\/dev.freakuence.nl\/fr\/","name":"Freakuence!","description":"Freakuence!","alternateName":"Freakuence","potentialAction":[{"@type":"SearchAction","target":{"@type":"EntryPoint","urlTemplate":"https:\/\/dev.freakuence.nl\/fr\/?s={search_term_string}"},"query-input":{"@type":"PropertyValueSpecification","valueRequired":true,"valueName":"search_term_string"}}],"inLanguage":"fr-FR"}]}},"_links":{"self":[{"href":"https:\/\/dev.freakuence.nl\/fr\/wp-json\/wp\/v2\/product\/313901","targetHints":{"allow":["GET"]}}],"collection":[{"href":"https:\/\/dev.freakuence.nl\/fr\/wp-json\/wp\/v2\/product"}],"about":[{"href":"https:\/\/dev.freakuence.nl\/fr\/wp-json\/wp\/v2\/types\/product"}],"version-history":[{"count":0,"href":"https:\/\/dev.freakuence.nl\/fr\/wp-json\/wp\/v2\/product\/313901\/revisions"}],"wp:attachment":[{"href":"https:\/\/dev.freakuence.nl\/fr\/wp-json\/wp\/v2\/media?parent=313901"}],"wp:term":[{"taxonomy":"product_brand","embeddable":true,"href":"https:\/\/dev.freakuence.nl\/fr\/wp-json\/wp\/v2\/product_brand?post=313901"},{"taxonomy":"product_cat","embeddable":true,"href":"https:\/\/dev.freakuence.nl\/fr\/wp-json\/wp\/v2\/product_cat?post=313901"},{"taxonomy":"product_tag","embeddable":true,"href":"https:\/\/dev.freakuence.nl\/fr\/wp-json\/wp\/v2\/product_tag?post=313901"}],"curies":[{"name":"wp","href":"https:\/\/api.w.org\/{rel}","templated":true}]}}